{"id":210620,"date":"2026-04-28T23:09:04","date_gmt":"2026-04-29T05:09:04","guid":{"rendered":"https:\/\/compuviper.mx\/tienda\/producto\/startech-com-armpivotb2-soporte-de-escritorio-para-pantalla-ultra-ancha-o-thunderbolt-apple-imac-o-vesa-de-13kg-44-brazo-articulado-y-de-altura-ajustable-mstil-mordaza-ojal-mod\/"},"modified":"2026-04-28T23:09:04","modified_gmt":"2026-04-29T05:09:04","slug":"startech-com-armpivotb2-soporte-de-escritorio-para-pantalla-ultra-ancha-o-thunderbolt-apple-imac-o-vesa-de-13kg-44-brazo-articulado-y-de-altura-ajustable-mstil-mordaza-ojal-mod","status":"publish","type":"product","link":"https:\/\/compuviper.mx\/tienda\/producto\/startech-com-armpivotb2-soporte-de-escritorio-para-pantalla-ultra-ancha-o-thunderbolt-apple-imac-o-vesa-de-13kg-44-brazo-articulado-y-de-altura-ajustable-mstil-mordaza-ojal-mod\/","title":{"rendered":"Startech.com Armpivotb2 Soporte De Escritorio &#8211; Para Pantalla Ultra Ancha O Thunderbolt\/apple Imac O Vesa De 13kg\/44 &#8211; Brazo Articulado Y De Altura Ajustable &#8211; Mstil &#8211; Mordaza\/ojal &#8211;  Mod."},"content":{"rendered":"<table class=\"descripcion\">\n<tr>\n<td>Hardware<\/td>\n<\/tr>\n<tr>\n<td>Grosor de la superficie de montaje: soporte de sujeci\u00f3n en escritorio: grosor de la mesa: 20mm a 60mm<\/td>\n<\/tr>\n<tr>\n<td> abrazadera para ojal: grosor de la mesa: 20mm a 60mm<\/td>\n<\/tr>\n<tr>\n<td> tama\u00f1o de agujero de soporte con ojal: 10 a 60mm<\/td>\n<\/tr>\n<tr>\n<td>N\u00famero de pantallas admitidas: 1<\/td>\n<\/tr>\n<tr>\n<td>Patr\u00f3n(es) vesa de agujeros de montaje: 100&#215;100 mm<\/td>\n<\/tr>\n<tr>\n<td>Patr\u00f3n(es) vesa de agujeros de montaje: 75&#215;75 mm<\/td>\n<\/tr>\n<tr>\n<td>Observaciones \/ requisitos<\/td>\n<\/tr>\n<tr>\n<td>Nota: este soporte admite monitores de tama\u00f1o de hasta 34, plana, curva o ultraancha, y peso m\u00e1ximo de 14kg. si elige la posici\u00f3n vertical en el caso de una pantalla ultraancha, el soporte admite pantallas de ancho m\u00e1ximo de 66cm.<\/td>\n<\/tr>\n<tr>\n<td>Rendimiento<\/td>\n<\/tr>\n<tr>\n<td>Capacidad de carga: 14 kg<\/td>\n<\/tr>\n<tr>\n<td>Fits curved display: s\u00ed<\/td>\n<\/tr>\n<tr>\n<td>Fits ultrawide displays: s\u00ed<\/td>\n<\/tr>\n<tr>\n<td>Giro : +180\u00b0 \/ -180\u00b0<\/td>\n<\/tr>\n<tr>\n<td>Inclinaci\u00f3n: +90\u00b0 \/ -15\u00b0<\/td>\n<\/tr>\n<tr>\n<td>Rotaci\u00f3n de la pantalla: 360\u00b0<\/td>\n<\/tr>\n<tr>\n<td>Tama\u00f1o m\u00e1ximo de la pantalla: 30 (16:9)<\/td>\n<\/tr>\n<tr>\n<td>Tama\u00f1o m\u00e1ximo de la pantalla: 49 (32:9)<\/td>\n<\/tr>\n<tr>\n<td>Caracter\u00edsticas f\u00edsicas<\/td>\n<\/tr>\n<tr>\n<td>Peso del producto: 2546 g<\/td>\n<\/tr>\n<tr>\n<td>Longitud del producto: 320 mm<\/td>\n<\/tr>\n<tr>\n<td>Ancho del producto: 320 mm<\/td>\n<\/tr>\n<tr>\n<td>Altura del producto: 520 mm<\/td>\n<\/tr>\n<\/table>\n","protected":false},"excerpt":{"rendered":"<p>Ahorre espacio con este brazo calidad\u00a0premium\u00a0para monitor de montaje en escritorio, que permite dejar\u00a0suspendida la pantalla encima del\u00a0escritorio es compatible con un\u00a0monitor\u00a0de hasta 30, con un brazo articulado que facilita el ajuste\u00a0de la pantalla.?. Utilice el\u00a0soporte para monitor de montaje en escritorio\u00a0para instalar una pantalla\u00a0compatible con soporte vesa\u00a0(75&#215;75, 100&#215;100), de hasta 30.\u00a0el\u00a0soporte\u00a0tambi\u00e9n\u00a0funciona\u00a0con\u00a0cualquier pantalla apple cinema display,\u00a0imac de 24 o de 27,\u00a0o thunderbolt display equipada con un soporte extra\u00edble o adaptador de montaje vesa integrado.\u00a0el\u00a0atractivo acabado en color plateado armoniza con las pantallas\u00a0apple, lo cual resulta ideal para estaciones de trabajo de cara al cliente.\u00a0con fabricaci\u00f3n en aluminio, este brazo de\u00a0servicio pesado\u00a0para monitor constituye un soporte estable para su pantalla, con capacidad\u00a0de peso de hasta\u00a014kg.\u00a0el brazo se extiende\u00a0210mm, lo cual\u00a0permite un amplio rango de movimientos.<\/p>\n","protected":false},"featured_media":210621,"comment_status":"open","ping_status":"open","template":"","meta":[],"product_cat":[2269,2265],"product_tag":[1590],"acf":[],"yoast_head":"<!-- This site is optimized with the Yoast SEO plugin v21.7 - https:\/\/yoast.com\/wordpress\/plugins\/seo\/ -->\n<title>[ Startech.com ] &#129351; Armpivotb2 Soporte De Escritorio - Para Pantalla Ultra Ancha O Thunderbolt\/apple Imac O Vesa De 13kg\/44 - Brazo Articulado Y De Altura Ajustable - Mstil - Mordaza\/ojal - Mod.<\/title>\n<meta name=\"description\" content=\"Compra Armpivotb2 Soporte De Escritorio - Para Pantalla Ultra Ancha O Thunderbolt\/apple Imac O Vesa De 13kg\/44 - Brazo Articulado Y De Altura Ajustable - Mstil - Mordaza\/ojal - Mod. + Env\u00edo a domicilio + Pago seguro + Garant\u00eda\" \/>\n<meta name=\"robots\" content=\"index, follow, max-snippet:-1, max-image-preview:large, max-video-preview:-1\" \/>\n<link rel=\"canonical\" href=\"https:\/\/compuviper.mx\/tienda\/producto\/startech-com-armpivotb2-soporte-de-escritorio-para-pantalla-ultra-ancha-o-thunderbolt-apple-imac-o-vesa-de-13kg-44-brazo-articulado-y-de-altura-ajustable-mstil-mordaza-ojal-mod\/\" \/>\n<meta property=\"og:locale\" content=\"es_MX\" \/>\n<meta property=\"og:type\" content=\"article\" \/>\n<meta property=\"og:title\" content=\"[ Startech.com ] &#129351; Armpivotb2 Soporte De Escritorio - Para Pantalla Ultra Ancha O Thunderbolt\/apple Imac O Vesa De 13kg\/44 - Brazo Articulado Y De Altura Ajustable - Mstil - Mordaza\/ojal - Mod.\" \/>\n<meta property=\"og:description\" content=\"Compra Armpivotb2 Soporte De Escritorio - Para Pantalla Ultra Ancha O Thunderbolt\/apple Imac O Vesa De 13kg\/44 - Brazo Articulado Y De Altura Ajustable - Mstil - Mordaza\/ojal - Mod. + Env\u00edo a domicilio + Pago seguro + Garant\u00eda\" \/>\n<meta property=\"og:url\" content=\"https:\/\/compuviper.mx\/tienda\/producto\/startech-com-armpivotb2-soporte-de-escritorio-para-pantalla-ultra-ancha-o-thunderbolt-apple-imac-o-vesa-de-13kg-44-brazo-articulado-y-de-altura-ajustable-mstil-mordaza-ojal-mod\/\" \/>\n<meta property=\"og:site_name\" content=\"Compuviper\" \/>\n<meta property=\"article:publisher\" content=\"https:\/\/www.facebook.com\/compuviper\" \/>\n<meta property=\"og:image\" content=\"https:\/\/compuviper.mx\/tienda\/wp-content\/uploads\/2023\/12\/Soporte-de-escritorio-para-pantalla-ultra-ancha-o-thunderboltapple-imac-o-vesa-de-13kg44-brazo-articulado-y-de-altura-ajustable-mastil-mordazaojal-startech.com-mod.-armpivotb2.jpg\" \/>\n\t<meta property=\"og:image:width\" content=\"200\" \/>\n\t<meta property=\"og:image:height\" content=\"200\" \/>\n\t<meta property=\"og:image:type\" content=\"image\/jpeg\" \/>\n<meta name=\"twitter:card\" content=\"summary_large_image\" \/>\n<meta name=\"twitter:label1\" content=\"Precio\" \/>\n\t<meta name=\"twitter:data1\" content=\"&#36;2,893 con IVA\" \/>\n\t<meta name=\"twitter:label2\" content=\"Availability\" \/>\n\t<meta name=\"twitter:data2\" content=\"In stock\" \/>\n<script type=\"application\/ld+json\" class=\"yoast-schema-graph\">{\"@context\":\"https:\/\/schema.org\",\"@graph\":[{\"@type\":\"WebPage\",\"@id\":\"https:\/\/compuviper.mx\/tienda\/producto\/startech-com-armpivotb2-soporte-de-escritorio-para-pantalla-ultra-ancha-o-thunderbolt-apple-imac-o-vesa-de-13kg-44-brazo-articulado-y-de-altura-ajustable-mstil-mordaza-ojal-mod\/\",\"url\":\"https:\/\/compuviper.mx\/tienda\/producto\/startech-com-armpivotb2-soporte-de-escritorio-para-pantalla-ultra-ancha-o-thunderbolt-apple-imac-o-vesa-de-13kg-44-brazo-articulado-y-de-altura-ajustable-mstil-mordaza-ojal-mod\/\",\"name\":\"[ Startech.com ] &#129351; Armpivotb2 Soporte De Escritorio - Para Pantalla Ultra Ancha O Thunderbolt\/apple Imac O Vesa De 13kg\/44 - Brazo Articulado Y De Altura Ajustable - Mstil - Mordaza\/ojal - Mod.\",\"isPartOf\":{\"@id\":\"https:\/\/compuviper.mx\/tienda\/#website\"},\"datePublished\":\"2026-04-29T05:09:04+00:00\",\"dateModified\":\"2026-04-29T05:09:04+00:00\",\"description\":\"Compra Armpivotb2 Soporte De Escritorio - Para Pantalla Ultra Ancha O Thunderbolt\/apple Imac O Vesa De 13kg\/44 - Brazo Articulado Y De Altura Ajustable - Mstil - Mordaza\/ojal - Mod. + Env\u00edo a domicilio + Pago seguro + Garant\u00eda\",\"breadcrumb\":{\"@id\":\"https:\/\/compuviper.mx\/tienda\/producto\/startech-com-armpivotb2-soporte-de-escritorio-para-pantalla-ultra-ancha-o-thunderbolt-apple-imac-o-vesa-de-13kg-44-brazo-articulado-y-de-altura-ajustable-mstil-mordaza-ojal-mod\/#breadcrumb\"},\"inLanguage\":\"es-MX\",\"potentialAction\":[{\"@type\":\"ReadAction\",\"target\":[\"https:\/\/compuviper.mx\/tienda\/producto\/startech-com-armpivotb2-soporte-de-escritorio-para-pantalla-ultra-ancha-o-thunderbolt-apple-imac-o-vesa-de-13kg-44-brazo-articulado-y-de-altura-ajustable-mstil-mordaza-ojal-mod\/\"]}]},{\"@type\":\"BreadcrumbList\",\"@id\":\"https:\/\/compuviper.mx\/tienda\/producto\/startech-com-armpivotb2-soporte-de-escritorio-para-pantalla-ultra-ancha-o-thunderbolt-apple-imac-o-vesa-de-13kg-44-brazo-articulado-y-de-altura-ajustable-mstil-mordaza-ojal-mod\/#breadcrumb\",\"itemListElement\":[{\"@type\":\"ListItem\",\"position\":1,\"name\":\"Inicio\",\"item\":\"https:\/\/compuviper.mx\/tienda\/\"},{\"@type\":\"ListItem\",\"position\":2,\"name\":\"Productos\",\"item\":\"https:\/\/compuviper.mx\/tienda\/productos\/\"},{\"@type\":\"ListItem\",\"position\":3,\"name\":\"Soportes Y Bases P\/tv\/ Proyectores\/dvd\/consolas\/bocinas\/pantallas\/monotores\",\"item\":\"https:\/\/compuviper.mx\/tienda\/categoria-producto\/soportes-y-bases-p-tv-proyectores-dvd-consolas-bocinas-pantallas-monotores\/\"},{\"@type\":\"ListItem\",\"position\":4,\"name\":\"Sin Categor\u00eda\",\"item\":\"https:\/\/compuviper.mx\/tienda\/categoria-producto\/soportes-y-bases-p-tv-proyectores-dvd-consolas-bocinas-pantallas-monotores\/sin-categoria-soportes-y-bases-p-tv-proyectores-dvd-consolas-bocinas-pantallas-monotores\/\"},{\"@type\":\"ListItem\",\"position\":5,\"name\":\"Startech.com Armpivotb2 Soporte De Escritorio &#8211; Para Pantalla Ultra Ancha O Thunderbolt\/apple Imac O Vesa De 13kg\/44 &#8211; Brazo Articulado Y De Altura Ajustable &#8211; Mstil &#8211; Mordaza\/ojal &#8211; Mod.\"}]},{\"@type\":\"WebSite\",\"@id\":\"https:\/\/compuviper.mx\/tienda\/#website\",\"url\":\"https:\/\/compuviper.mx\/tienda\/\",\"name\":\"Compuviper\",\"description\":\"Proveedor de Computadoras, Laptops, Servidores, Monitores, Puntos de Venta, Teclados,   Impresoras, T\u00f3ner, C\u00e1maras de Seguridad y m\u00e1s en tu tienda en l\u00ednea\",\"publisher\":{\"@id\":\"https:\/\/compuviper.mx\/tienda\/#organization\"},\"potentialAction\":[{\"@type\":\"SearchAction\",\"target\":{\"@type\":\"EntryPoint\",\"urlTemplate\":\"https:\/\/compuviper.mx\/tienda\/?s={search_term_string}\"},\"query-input\":\"required name=search_term_string\"}],\"inLanguage\":\"es-MX\"},{\"@type\":\"Organization\",\"@id\":\"https:\/\/compuviper.mx\/tienda\/#organization\",\"name\":\"Compuviper\",\"url\":\"https:\/\/compuviper.mx\/tienda\/\",\"logo\":{\"@type\":\"ImageObject\",\"inLanguage\":\"es-MX\",\"@id\":\"https:\/\/compuviper.mx\/tienda\/#\/schema\/logo\/image\/\",\"url\":\"https:\/\/compuviper.mx\/tienda\/wp-content\/uploads\/2021\/08\/Logo-Compuviper-10.png\",\"contentUrl\":\"https:\/\/compuviper.mx\/tienda\/wp-content\/uploads\/2021\/08\/Logo-Compuviper-10.png\",\"width\":1000,\"height\":500,\"caption\":\"Compuviper\"},\"image\":{\"@id\":\"https:\/\/compuviper.mx\/tienda\/#\/schema\/logo\/image\/\"},\"sameAs\":[\"https:\/\/www.facebook.com\/compuviper\",\"https:\/\/www.youtube.com\/channel\/UCf73dERp9Y3cfOq7q8BhLjA?view_as=subscriber\"]}]}<\/script>\n<meta property=\"product:brand\" content=\"STARTECH.COM\" \/>\n<meta property=\"product:price:amount\" content=\"2893\" \/>\n<meta property=\"product:price:currency\" content=\"MXN\" \/>\n<meta property=\"og:availability\" content=\"instock\" \/>\n<meta property=\"product:availability\" content=\"instock\" \/>\n<meta property=\"product:retailer_item_id\" content=\"ARMPIVOTB2\" \/>\n<meta property=\"product:condition\" content=\"new\" \/>\n<!-- \/ Yoast SEO plugin. -->","yoast_head_json":{"title":"[ Startech.com ] &#129351; Armpivotb2 Soporte De Escritorio - Para Pantalla Ultra Ancha O Thunderbolt\/apple Imac O Vesa De 13kg\/44 - Brazo Articulado Y De Altura Ajustable - Mstil - Mordaza\/ojal - Mod.","description":"Compra Armpivotb2 Soporte De Escritorio - Para Pantalla Ultra Ancha O Thunderbolt\/apple Imac O Vesa De 13kg\/44 - Brazo Articulado Y De Altura Ajustable - Mstil - Mordaza\/ojal - Mod. + Env\u00edo a domicilio + Pago seguro + Garant\u00eda","robots":{"index":"index","follow":"follow","max-snippet":"max-snippet:-1","max-image-preview":"max-image-preview:large","max-video-preview":"max-video-preview:-1"},"canonical":"https:\/\/compuviper.mx\/tienda\/producto\/startech-com-armpivotb2-soporte-de-escritorio-para-pantalla-ultra-ancha-o-thunderbolt-apple-imac-o-vesa-de-13kg-44-brazo-articulado-y-de-altura-ajustable-mstil-mordaza-ojal-mod\/","og_locale":"es_MX","og_type":"article","og_title":"[ Startech.com ] &#129351; Armpivotb2 Soporte De Escritorio - Para Pantalla Ultra Ancha O Thunderbolt\/apple Imac O Vesa De 13kg\/44 - Brazo Articulado Y De Altura Ajustable - Mstil - Mordaza\/ojal - Mod.","og_description":"Compra Armpivotb2 Soporte De Escritorio - Para Pantalla Ultra Ancha O Thunderbolt\/apple Imac O Vesa De 13kg\/44 - Brazo Articulado Y De Altura Ajustable - Mstil - Mordaza\/ojal - Mod. + Env\u00edo a domicilio + Pago seguro + Garant\u00eda","og_url":"https:\/\/compuviper.mx\/tienda\/producto\/startech-com-armpivotb2-soporte-de-escritorio-para-pantalla-ultra-ancha-o-thunderbolt-apple-imac-o-vesa-de-13kg-44-brazo-articulado-y-de-altura-ajustable-mstil-mordaza-ojal-mod\/","og_site_name":"Compuviper","article_publisher":"https:\/\/www.facebook.com\/compuviper","og_image":[{"width":200,"height":200,"url":"https:\/\/compuviper.mx\/tienda\/wp-content\/uploads\/2023\/12\/Soporte-de-escritorio-para-pantalla-ultra-ancha-o-thunderboltapple-imac-o-vesa-de-13kg44-brazo-articulado-y-de-altura-ajustable-mastil-mordazaojal-startech.com-mod.-armpivotb2.jpg","type":"image\/jpeg"}],"twitter_card":"summary_large_image","twitter_misc":{"Precio":"&#36;2,893 con IVA","Availability":"In stock"},"schema":{"@context":"https:\/\/schema.org","@graph":[{"@type":"WebPage","@id":"https:\/\/compuviper.mx\/tienda\/producto\/startech-com-armpivotb2-soporte-de-escritorio-para-pantalla-ultra-ancha-o-thunderbolt-apple-imac-o-vesa-de-13kg-44-brazo-articulado-y-de-altura-ajustable-mstil-mordaza-ojal-mod\/","url":"https:\/\/compuviper.mx\/tienda\/producto\/startech-com-armpivotb2-soporte-de-escritorio-para-pantalla-ultra-ancha-o-thunderbolt-apple-imac-o-vesa-de-13kg-44-brazo-articulado-y-de-altura-ajustable-mstil-mordaza-ojal-mod\/","name":"[ Startech.com ] &#129351; Armpivotb2 Soporte De Escritorio - Para Pantalla Ultra Ancha O Thunderbolt\/apple Imac O Vesa De 13kg\/44 - Brazo Articulado Y De Altura Ajustable - Mstil - Mordaza\/ojal - Mod.","isPartOf":{"@id":"https:\/\/compuviper.mx\/tienda\/#website"},"datePublished":"2026-04-29T05:09:04+00:00","dateModified":"2026-04-29T05:09:04+00:00","description":"Compra Armpivotb2 Soporte De Escritorio - Para Pantalla Ultra Ancha O Thunderbolt\/apple Imac O Vesa De 13kg\/44 - Brazo Articulado Y De Altura Ajustable - Mstil - Mordaza\/ojal - Mod. + Env\u00edo a domicilio + Pago seguro + Garant\u00eda","breadcrumb":{"@id":"https:\/\/compuviper.mx\/tienda\/producto\/startech-com-armpivotb2-soporte-de-escritorio-para-pantalla-ultra-ancha-o-thunderbolt-apple-imac-o-vesa-de-13kg-44-brazo-articulado-y-de-altura-ajustable-mstil-mordaza-ojal-mod\/#breadcrumb"},"inLanguage":"es-MX","potentialAction":[{"@type":"ReadAction","target":["https:\/\/compuviper.mx\/tienda\/producto\/startech-com-armpivotb2-soporte-de-escritorio-para-pantalla-ultra-ancha-o-thunderbolt-apple-imac-o-vesa-de-13kg-44-brazo-articulado-y-de-altura-ajustable-mstil-mordaza-ojal-mod\/"]}]},{"@type":"BreadcrumbList","@id":"https:\/\/compuviper.mx\/tienda\/producto\/startech-com-armpivotb2-soporte-de-escritorio-para-pantalla-ultra-ancha-o-thunderbolt-apple-imac-o-vesa-de-13kg-44-brazo-articulado-y-de-altura-ajustable-mstil-mordaza-ojal-mod\/#breadcrumb","itemListElement":[{"@type":"ListItem","position":1,"name":"Inicio","item":"https:\/\/compuviper.mx\/tienda\/"},{"@type":"ListItem","position":2,"name":"Productos","item":"https:\/\/compuviper.mx\/tienda\/productos\/"},{"@type":"ListItem","position":3,"name":"Soportes Y Bases P\/tv\/ Proyectores\/dvd\/consolas\/bocinas\/pantallas\/monotores","item":"https:\/\/compuviper.mx\/tienda\/categoria-producto\/soportes-y-bases-p-tv-proyectores-dvd-consolas-bocinas-pantallas-monotores\/"},{"@type":"ListItem","position":4,"name":"Sin Categor\u00eda","item":"https:\/\/compuviper.mx\/tienda\/categoria-producto\/soportes-y-bases-p-tv-proyectores-dvd-consolas-bocinas-pantallas-monotores\/sin-categoria-soportes-y-bases-p-tv-proyectores-dvd-consolas-bocinas-pantallas-monotores\/"},{"@type":"ListItem","position":5,"name":"Startech.com Armpivotb2 Soporte De Escritorio &#8211; Para Pantalla Ultra Ancha O Thunderbolt\/apple Imac O Vesa De 13kg\/44 &#8211; Brazo Articulado Y De Altura Ajustable &#8211; Mstil &#8211; Mordaza\/ojal &#8211; Mod."}]},{"@type":"WebSite","@id":"https:\/\/compuviper.mx\/tienda\/#website","url":"https:\/\/compuviper.mx\/tienda\/","name":"Compuviper","description":"Proveedor de Computadoras, Laptops, Servidores, Monitores, Puntos de Venta, Teclados,   Impresoras, T\u00f3ner, C\u00e1maras de Seguridad y m\u00e1s en tu tienda en l\u00ednea","publisher":{"@id":"https:\/\/compuviper.mx\/tienda\/#organization"},"potentialAction":[{"@type":"SearchAction","target":{"@type":"EntryPoint","urlTemplate":"https:\/\/compuviper.mx\/tienda\/?s={search_term_string}"},"query-input":"required name=search_term_string"}],"inLanguage":"es-MX"},{"@type":"Organization","@id":"https:\/\/compuviper.mx\/tienda\/#organization","name":"Compuviper","url":"https:\/\/compuviper.mx\/tienda\/","logo":{"@type":"ImageObject","inLanguage":"es-MX","@id":"https:\/\/compuviper.mx\/tienda\/#\/schema\/logo\/image\/","url":"https:\/\/compuviper.mx\/tienda\/wp-content\/uploads\/2021\/08\/Logo-Compuviper-10.png","contentUrl":"https:\/\/compuviper.mx\/tienda\/wp-content\/uploads\/2021\/08\/Logo-Compuviper-10.png","width":1000,"height":500,"caption":"Compuviper"},"image":{"@id":"https:\/\/compuviper.mx\/tienda\/#\/schema\/logo\/image\/"},"sameAs":["https:\/\/www.facebook.com\/compuviper","https:\/\/www.youtube.com\/channel\/UCf73dERp9Y3cfOq7q8BhLjA?view_as=subscriber"]}]},"product_brand":"STARTECH.COM","product_price_amount":"2893","product_price_currency":"MXN","og_availability":"instock","product_availability":"instock","product_retailer_item_id":"ARMPIVOTB2","product_condition":"new"},"_links":{"self":[{"href":"https:\/\/compuviper.mx\/tienda\/wp-json\/wp\/v2\/product\/210620"}],"collection":[{"href":"https:\/\/compuviper.mx\/tienda\/wp-json\/wp\/v2\/product"}],"about":[{"href":"https:\/\/compuviper.mx\/tienda\/wp-json\/wp\/v2\/types\/product"}],"replies":[{"embeddable":true,"href":"https:\/\/compuviper.mx\/tienda\/wp-json\/wp\/v2\/comments?post=210620"}],"wp:featuredmedia":[{"embeddable":true,"href":"https:\/\/compuviper.mx\/tienda\/wp-json\/wp\/v2\/media\/210621"}],"wp:attachment":[{"href":"https:\/\/compuviper.mx\/tienda\/wp-json\/wp\/v2\/media?parent=210620"}],"wp:term":[{"taxonomy":"product_cat","embeddable":true,"href":"https:\/\/compuviper.mx\/tienda\/wp-json\/wp\/v2\/product_cat?post=210620"},{"taxonomy":"product_tag","embeddable":true,"href":"https:\/\/compuviper.mx\/tienda\/wp-json\/wp\/v2\/product_tag?post=210620"}],"curies":[{"name":"wp","href":"https:\/\/api.w.org\/{rel}","templated":true}]}}