{"id":210618,"date":"2026-04-06T23:08:52","date_gmt":"2026-04-07T05:08:52","guid":{"rendered":"https:\/\/compuviper.mx\/tienda\/producto\/startech-com-armduoss-soporte-de-escritorio-para-2-monitores-soporte-ergonomico-de-sobremesa-para-2-monitores-de-24-con-montaje-vesa-con-mastil-plata-mod\/"},"modified":"2026-04-06T23:08:52","modified_gmt":"2026-04-07T05:08:52","slug":"startech-com-armduoss-soporte-de-escritorio-para-2-monitores-soporte-ergonomico-de-sobremesa-para-2-monitores-de-24-con-montaje-vesa-con-mastil-plata-mod","status":"publish","type":"product","link":"https:\/\/compuviper.mx\/tienda\/producto\/startech-com-armduoss-soporte-de-escritorio-para-2-monitores-soporte-ergonomico-de-sobremesa-para-2-monitores-de-24-con-montaje-vesa-con-mastil-plata-mod\/","title":{"rendered":"Startech.com Armduoss Soporte De Escritorio Para 2 Monitores &#8211; Soporte Ergonomico De Sobremesa Para 2 Monitores De 24 Con Montaje Vesa &#8211; Con Mastil &#8211; Plata &#8211;  Mod."},"content":{"rendered":"<table class=\"descripcion\">\n<tr>\n<td>Montaje en pared: no<\/td>\n<\/tr>\n<tr>\n<td>Articulado: no<\/td>\n<\/tr>\n<tr>\n<td>Numero de pantallas admitidas: 2<\/td>\n<\/tr>\n<tr>\n<td>Opciones de montaje: soporte (vertical) para escritorio\/mesa<\/td>\n<\/tr>\n<tr>\n<td>Patron(es) vesa de agujeros de montaje: 75&#215;75 mm<\/td>\n<\/tr>\n<tr>\n<td>Patron(es) vesa de agujeros de montaje: 100&#215;100 mm<\/td>\n<\/tr>\n<tr>\n<td>Capacidad de carga: 8000 g<\/td>\n<\/tr>\n<tr>\n<td>Tamano maximo de la pantalla: 24in<\/td>\n<\/tr>\n<tr>\n<td>Ajuste de la altura: si<\/td>\n<\/tr>\n<tr>\n<td>Altura maxima: 405 mm<\/td>\n<\/tr>\n<tr>\n<td>Inclinacion: +\/-15<\/td>\n<\/tr>\n<tr>\n<td>Giro \/ pivotacion: 360\u00b0 de vision de cada pantalla<\/td>\n<\/tr>\n<tr>\n<td>Color: plata<\/td>\n<\/tr>\n<tr>\n<td>Tipo de gabinete: steel, aluminum and plastic<\/td>\n<\/tr>\n<tr>\n<td>Longitud del producto: 180.000 mm<\/td>\n<\/tr>\n<tr>\n<td>Ancho del producto: 950.000 mm<\/td>\n<\/tr>\n<tr>\n<td>Altura del producto: 410.000 mm<\/td>\n<\/tr>\n<tr>\n<td>Peso del producto: 7280.000 g<\/td>\n<\/tr>\n<\/table>\n","protected":false},"excerpt":{"rendered":"<p>Aumente su productividad y libere el espacio de su escritorio, gracias a este soporte para doble monitor. Este soporte independiente le permite instalar de forma contigua dos pantallas individuales, cada una de 24 de tamano, en una sola base que puede colocar practicamente en cualquier espacio de trabajo. El acabado plateado agrega un toque de diseno a la decoracion de su oficina. Aumente su productividad con una estacion de trabajo con doble monitor configure una estacion de trabajo con doble monitor, gracias a este soporte vesa para pantalla (75&#215;75, 100x100mm), a fin de aumentar su productividad. Compare y edite simultanea y facilmente ficheros en dos pantallas. Gire sus monitores a 360 grados, para posicion vertical u horizontal deje libre mas espacio en su escritorio\/mesa, gracias a esta base de perfil bajo aproveche al maximo el area de superficie de su escritorio, gracias a este soporte para doble monitor. Su diseno de barras cruzadas facilita el montaje de dos pantallas.<\/p>\n","protected":false},"featured_media":210619,"comment_status":"open","ping_status":"open","template":"","meta":[],"product_cat":[2269,2265],"product_tag":[1590],"acf":[],"yoast_head":"<!-- This site is optimized with the Yoast SEO plugin v21.7 - https:\/\/yoast.com\/wordpress\/plugins\/seo\/ -->\n<title>[ Startech.com ] &#129351; Armduoss Soporte De Escritorio Para 2 Monitores - Soporte Ergonomico De Sobremesa Para 2 Monitores De 24 Con Montaje Vesa - Con Mastil - Plata - Mod.<\/title>\n<meta name=\"description\" content=\"Compra Armduoss Soporte De Escritorio Para 2 Monitores - Soporte Ergonomico De Sobremesa Para 2 Monitores De 24 Con Montaje Vesa - Con Mastil - Plata - Mod. + Env\u00edo a domicilio + Pago seguro + Garant\u00eda\" \/>\n<meta name=\"robots\" content=\"index, follow, max-snippet:-1, max-image-preview:large, max-video-preview:-1\" \/>\n<link rel=\"canonical\" href=\"https:\/\/compuviper.mx\/tienda\/producto\/startech-com-armduoss-soporte-de-escritorio-para-2-monitores-soporte-ergonomico-de-sobremesa-para-2-monitores-de-24-con-montaje-vesa-con-mastil-plata-mod\/\" \/>\n<meta property=\"og:locale\" content=\"es_MX\" \/>\n<meta property=\"og:type\" content=\"article\" \/>\n<meta property=\"og:title\" content=\"[ Startech.com ] &#129351; Armduoss Soporte De Escritorio Para 2 Monitores - Soporte Ergonomico De Sobremesa Para 2 Monitores De 24 Con Montaje Vesa - Con Mastil - Plata - Mod.\" \/>\n<meta property=\"og:description\" content=\"Compra Armduoss Soporte De Escritorio Para 2 Monitores - Soporte Ergonomico De Sobremesa Para 2 Monitores De 24 Con Montaje Vesa - Con Mastil - Plata - Mod. + Env\u00edo a domicilio + Pago seguro + Garant\u00eda\" \/>\n<meta property=\"og:url\" content=\"https:\/\/compuviper.mx\/tienda\/producto\/startech-com-armduoss-soporte-de-escritorio-para-2-monitores-soporte-ergonomico-de-sobremesa-para-2-monitores-de-24-con-montaje-vesa-con-mastil-plata-mod\/\" \/>\n<meta property=\"og:site_name\" content=\"Compuviper\" \/>\n<meta property=\"article:publisher\" content=\"https:\/\/www.facebook.com\/compuviper\" \/>\n<meta property=\"og:image\" content=\"https:\/\/compuviper.mx\/tienda\/wp-content\/uploads\/2023\/12\/Soporte-de-escritorio-para-2-monitores-soporte-ergonomico-de-sobremesa-para-2-monitores-de-24-con-montaje-vesa-con-mastil-plata-startech.com-mod.-armduoss.jpg\" \/>\n\t<meta property=\"og:image:width\" content=\"200\" \/>\n\t<meta property=\"og:image:height\" content=\"200\" \/>\n\t<meta property=\"og:image:type\" content=\"image\/jpeg\" \/>\n<meta name=\"twitter:card\" content=\"summary_large_image\" \/>\n<meta name=\"twitter:label1\" content=\"Precio\" \/>\n\t<meta name=\"twitter:data1\" content=\"&#36;2,645 con IVA\" \/>\n\t<meta name=\"twitter:label2\" content=\"Availability\" \/>\n\t<meta name=\"twitter:data2\" content=\"Out of stock\" \/>\n<script type=\"application\/ld+json\" class=\"yoast-schema-graph\">{\"@context\":\"https:\/\/schema.org\",\"@graph\":[{\"@type\":\"WebPage\",\"@id\":\"https:\/\/compuviper.mx\/tienda\/producto\/startech-com-armduoss-soporte-de-escritorio-para-2-monitores-soporte-ergonomico-de-sobremesa-para-2-monitores-de-24-con-montaje-vesa-con-mastil-plata-mod\/\",\"url\":\"https:\/\/compuviper.mx\/tienda\/producto\/startech-com-armduoss-soporte-de-escritorio-para-2-monitores-soporte-ergonomico-de-sobremesa-para-2-monitores-de-24-con-montaje-vesa-con-mastil-plata-mod\/\",\"name\":\"[ Startech.com ] &#129351; Armduoss Soporte De Escritorio Para 2 Monitores - Soporte Ergonomico De Sobremesa Para 2 Monitores De 24 Con Montaje Vesa - Con Mastil - Plata - Mod.\",\"isPartOf\":{\"@id\":\"https:\/\/compuviper.mx\/tienda\/#website\"},\"datePublished\":\"2026-04-07T05:08:52+00:00\",\"dateModified\":\"2026-04-07T05:08:52+00:00\",\"description\":\"Compra Armduoss Soporte De Escritorio Para 2 Monitores - Soporte Ergonomico De Sobremesa Para 2 Monitores De 24 Con Montaje Vesa - Con Mastil - Plata - Mod. + Env\u00edo a domicilio + Pago seguro + Garant\u00eda\",\"breadcrumb\":{\"@id\":\"https:\/\/compuviper.mx\/tienda\/producto\/startech-com-armduoss-soporte-de-escritorio-para-2-monitores-soporte-ergonomico-de-sobremesa-para-2-monitores-de-24-con-montaje-vesa-con-mastil-plata-mod\/#breadcrumb\"},\"inLanguage\":\"es-MX\",\"potentialAction\":[{\"@type\":\"ReadAction\",\"target\":[\"https:\/\/compuviper.mx\/tienda\/producto\/startech-com-armduoss-soporte-de-escritorio-para-2-monitores-soporte-ergonomico-de-sobremesa-para-2-monitores-de-24-con-montaje-vesa-con-mastil-plata-mod\/\"]}]},{\"@type\":\"BreadcrumbList\",\"@id\":\"https:\/\/compuviper.mx\/tienda\/producto\/startech-com-armduoss-soporte-de-escritorio-para-2-monitores-soporte-ergonomico-de-sobremesa-para-2-monitores-de-24-con-montaje-vesa-con-mastil-plata-mod\/#breadcrumb\",\"itemListElement\":[{\"@type\":\"ListItem\",\"position\":1,\"name\":\"Inicio\",\"item\":\"https:\/\/compuviper.mx\/tienda\/\"},{\"@type\":\"ListItem\",\"position\":2,\"name\":\"Productos\",\"item\":\"https:\/\/compuviper.mx\/tienda\/productos\/\"},{\"@type\":\"ListItem\",\"position\":3,\"name\":\"Soportes Y Bases P\/tv\/ Proyectores\/dvd\/consolas\/bocinas\/pantallas\/monotores\",\"item\":\"https:\/\/compuviper.mx\/tienda\/categoria-producto\/soportes-y-bases-p-tv-proyectores-dvd-consolas-bocinas-pantallas-monotores\/\"},{\"@type\":\"ListItem\",\"position\":4,\"name\":\"Sin Categor\u00eda\",\"item\":\"https:\/\/compuviper.mx\/tienda\/categoria-producto\/soportes-y-bases-p-tv-proyectores-dvd-consolas-bocinas-pantallas-monotores\/sin-categoria-soportes-y-bases-p-tv-proyectores-dvd-consolas-bocinas-pantallas-monotores\/\"},{\"@type\":\"ListItem\",\"position\":5,\"name\":\"Startech.com Armduoss Soporte De Escritorio Para 2 Monitores &#8211; Soporte Ergonomico De Sobremesa Para 2 Monitores De 24 Con Montaje Vesa &#8211; Con Mastil &#8211; Plata &#8211; Mod.\"}]},{\"@type\":\"WebSite\",\"@id\":\"https:\/\/compuviper.mx\/tienda\/#website\",\"url\":\"https:\/\/compuviper.mx\/tienda\/\",\"name\":\"Compuviper\",\"description\":\"Proveedor de Computadoras, Laptops, Servidores, Monitores, Puntos de Venta, Teclados,   Impresoras, T\u00f3ner, C\u00e1maras de Seguridad y m\u00e1s en tu tienda en l\u00ednea\",\"publisher\":{\"@id\":\"https:\/\/compuviper.mx\/tienda\/#organization\"},\"potentialAction\":[{\"@type\":\"SearchAction\",\"target\":{\"@type\":\"EntryPoint\",\"urlTemplate\":\"https:\/\/compuviper.mx\/tienda\/?s={search_term_string}\"},\"query-input\":\"required name=search_term_string\"}],\"inLanguage\":\"es-MX\"},{\"@type\":\"Organization\",\"@id\":\"https:\/\/compuviper.mx\/tienda\/#organization\",\"name\":\"Compuviper\",\"url\":\"https:\/\/compuviper.mx\/tienda\/\",\"logo\":{\"@type\":\"ImageObject\",\"inLanguage\":\"es-MX\",\"@id\":\"https:\/\/compuviper.mx\/tienda\/#\/schema\/logo\/image\/\",\"url\":\"https:\/\/compuviper.mx\/tienda\/wp-content\/uploads\/2021\/08\/Logo-Compuviper-10.png\",\"contentUrl\":\"https:\/\/compuviper.mx\/tienda\/wp-content\/uploads\/2021\/08\/Logo-Compuviper-10.png\",\"width\":1000,\"height\":500,\"caption\":\"Compuviper\"},\"image\":{\"@id\":\"https:\/\/compuviper.mx\/tienda\/#\/schema\/logo\/image\/\"},\"sameAs\":[\"https:\/\/www.facebook.com\/compuviper\",\"https:\/\/www.youtube.com\/channel\/UCf73dERp9Y3cfOq7q8BhLjA?view_as=subscriber\"]}]}<\/script>\n<meta property=\"product:brand\" content=\"STARTECH.COM\" \/>\n<meta property=\"product:price:amount\" content=\"2645\" \/>\n<meta property=\"product:price:currency\" content=\"MXN\" \/>\n<meta property=\"og:availability\" content=\"out of stock\" \/>\n<meta property=\"product:availability\" content=\"out of stock\" \/>\n<meta property=\"product:retailer_item_id\" content=\"ARMDUOSS\" \/>\n<meta property=\"product:condition\" content=\"new\" \/>\n<!-- \/ Yoast SEO plugin. -->","yoast_head_json":{"title":"[ Startech.com ] &#129351; Armduoss Soporte De Escritorio Para 2 Monitores - Soporte Ergonomico De Sobremesa Para 2 Monitores De 24 Con Montaje Vesa - Con Mastil - Plata - Mod.","description":"Compra Armduoss Soporte De Escritorio Para 2 Monitores - Soporte Ergonomico De Sobremesa Para 2 Monitores De 24 Con Montaje Vesa - Con Mastil - Plata - Mod. + Env\u00edo a domicilio + Pago seguro + Garant\u00eda","robots":{"index":"index","follow":"follow","max-snippet":"max-snippet:-1","max-image-preview":"max-image-preview:large","max-video-preview":"max-video-preview:-1"},"canonical":"https:\/\/compuviper.mx\/tienda\/producto\/startech-com-armduoss-soporte-de-escritorio-para-2-monitores-soporte-ergonomico-de-sobremesa-para-2-monitores-de-24-con-montaje-vesa-con-mastil-plata-mod\/","og_locale":"es_MX","og_type":"article","og_title":"[ Startech.com ] &#129351; Armduoss Soporte De Escritorio Para 2 Monitores - Soporte Ergonomico De Sobremesa Para 2 Monitores De 24 Con Montaje Vesa - Con Mastil - Plata - Mod.","og_description":"Compra Armduoss Soporte De Escritorio Para 2 Monitores - Soporte Ergonomico De Sobremesa Para 2 Monitores De 24 Con Montaje Vesa - Con Mastil - Plata - Mod. + Env\u00edo a domicilio + Pago seguro + Garant\u00eda","og_url":"https:\/\/compuviper.mx\/tienda\/producto\/startech-com-armduoss-soporte-de-escritorio-para-2-monitores-soporte-ergonomico-de-sobremesa-para-2-monitores-de-24-con-montaje-vesa-con-mastil-plata-mod\/","og_site_name":"Compuviper","article_publisher":"https:\/\/www.facebook.com\/compuviper","og_image":[{"width":200,"height":200,"url":"https:\/\/compuviper.mx\/tienda\/wp-content\/uploads\/2023\/12\/Soporte-de-escritorio-para-2-monitores-soporte-ergonomico-de-sobremesa-para-2-monitores-de-24-con-montaje-vesa-con-mastil-plata-startech.com-mod.-armduoss.jpg","type":"image\/jpeg"}],"twitter_card":"summary_large_image","twitter_misc":{"Precio":"&#36;2,645 con IVA","Availability":"Out of stock"},"schema":{"@context":"https:\/\/schema.org","@graph":[{"@type":"WebPage","@id":"https:\/\/compuviper.mx\/tienda\/producto\/startech-com-armduoss-soporte-de-escritorio-para-2-monitores-soporte-ergonomico-de-sobremesa-para-2-monitores-de-24-con-montaje-vesa-con-mastil-plata-mod\/","url":"https:\/\/compuviper.mx\/tienda\/producto\/startech-com-armduoss-soporte-de-escritorio-para-2-monitores-soporte-ergonomico-de-sobremesa-para-2-monitores-de-24-con-montaje-vesa-con-mastil-plata-mod\/","name":"[ Startech.com ] &#129351; Armduoss Soporte De Escritorio Para 2 Monitores - Soporte Ergonomico De Sobremesa Para 2 Monitores De 24 Con Montaje Vesa - Con Mastil - Plata - Mod.","isPartOf":{"@id":"https:\/\/compuviper.mx\/tienda\/#website"},"datePublished":"2026-04-07T05:08:52+00:00","dateModified":"2026-04-07T05:08:52+00:00","description":"Compra Armduoss Soporte De Escritorio Para 2 Monitores - Soporte Ergonomico De Sobremesa Para 2 Monitores De 24 Con Montaje Vesa - Con Mastil - Plata - Mod. + Env\u00edo a domicilio + Pago seguro + Garant\u00eda","breadcrumb":{"@id":"https:\/\/compuviper.mx\/tienda\/producto\/startech-com-armduoss-soporte-de-escritorio-para-2-monitores-soporte-ergonomico-de-sobremesa-para-2-monitores-de-24-con-montaje-vesa-con-mastil-plata-mod\/#breadcrumb"},"inLanguage":"es-MX","potentialAction":[{"@type":"ReadAction","target":["https:\/\/compuviper.mx\/tienda\/producto\/startech-com-armduoss-soporte-de-escritorio-para-2-monitores-soporte-ergonomico-de-sobremesa-para-2-monitores-de-24-con-montaje-vesa-con-mastil-plata-mod\/"]}]},{"@type":"BreadcrumbList","@id":"https:\/\/compuviper.mx\/tienda\/producto\/startech-com-armduoss-soporte-de-escritorio-para-2-monitores-soporte-ergonomico-de-sobremesa-para-2-monitores-de-24-con-montaje-vesa-con-mastil-plata-mod\/#breadcrumb","itemListElement":[{"@type":"ListItem","position":1,"name":"Inicio","item":"https:\/\/compuviper.mx\/tienda\/"},{"@type":"ListItem","position":2,"name":"Productos","item":"https:\/\/compuviper.mx\/tienda\/productos\/"},{"@type":"ListItem","position":3,"name":"Soportes Y Bases P\/tv\/ Proyectores\/dvd\/consolas\/bocinas\/pantallas\/monotores","item":"https:\/\/compuviper.mx\/tienda\/categoria-producto\/soportes-y-bases-p-tv-proyectores-dvd-consolas-bocinas-pantallas-monotores\/"},{"@type":"ListItem","position":4,"name":"Sin Categor\u00eda","item":"https:\/\/compuviper.mx\/tienda\/categoria-producto\/soportes-y-bases-p-tv-proyectores-dvd-consolas-bocinas-pantallas-monotores\/sin-categoria-soportes-y-bases-p-tv-proyectores-dvd-consolas-bocinas-pantallas-monotores\/"},{"@type":"ListItem","position":5,"name":"Startech.com Armduoss Soporte De Escritorio Para 2 Monitores &#8211; Soporte Ergonomico De Sobremesa Para 2 Monitores De 24 Con Montaje Vesa &#8211; Con Mastil &#8211; Plata &#8211; Mod."}]},{"@type":"WebSite","@id":"https:\/\/compuviper.mx\/tienda\/#website","url":"https:\/\/compuviper.mx\/tienda\/","name":"Compuviper","description":"Proveedor de Computadoras, Laptops, Servidores, Monitores, Puntos de Venta, Teclados,   Impresoras, T\u00f3ner, C\u00e1maras de Seguridad y m\u00e1s en tu tienda en l\u00ednea","publisher":{"@id":"https:\/\/compuviper.mx\/tienda\/#organization"},"potentialAction":[{"@type":"SearchAction","target":{"@type":"EntryPoint","urlTemplate":"https:\/\/compuviper.mx\/tienda\/?s={search_term_string}"},"query-input":"required name=search_term_string"}],"inLanguage":"es-MX"},{"@type":"Organization","@id":"https:\/\/compuviper.mx\/tienda\/#organization","name":"Compuviper","url":"https:\/\/compuviper.mx\/tienda\/","logo":{"@type":"ImageObject","inLanguage":"es-MX","@id":"https:\/\/compuviper.mx\/tienda\/#\/schema\/logo\/image\/","url":"https:\/\/compuviper.mx\/tienda\/wp-content\/uploads\/2021\/08\/Logo-Compuviper-10.png","contentUrl":"https:\/\/compuviper.mx\/tienda\/wp-content\/uploads\/2021\/08\/Logo-Compuviper-10.png","width":1000,"height":500,"caption":"Compuviper"},"image":{"@id":"https:\/\/compuviper.mx\/tienda\/#\/schema\/logo\/image\/"},"sameAs":["https:\/\/www.facebook.com\/compuviper","https:\/\/www.youtube.com\/channel\/UCf73dERp9Y3cfOq7q8BhLjA?view_as=subscriber"]}]},"product_brand":"STARTECH.COM","product_price_amount":"2645","product_price_currency":"MXN","og_availability":"out of stock","product_availability":"out of stock","product_retailer_item_id":"ARMDUOSS","product_condition":"new"},"_links":{"self":[{"href":"https:\/\/compuviper.mx\/tienda\/wp-json\/wp\/v2\/product\/210618"}],"collection":[{"href":"https:\/\/compuviper.mx\/tienda\/wp-json\/wp\/v2\/product"}],"about":[{"href":"https:\/\/compuviper.mx\/tienda\/wp-json\/wp\/v2\/types\/product"}],"replies":[{"embeddable":true,"href":"https:\/\/compuviper.mx\/tienda\/wp-json\/wp\/v2\/comments?post=210618"}],"wp:featuredmedia":[{"embeddable":true,"href":"https:\/\/compuviper.mx\/tienda\/wp-json\/wp\/v2\/media\/210619"}],"wp:attachment":[{"href":"https:\/\/compuviper.mx\/tienda\/wp-json\/wp\/v2\/media?parent=210618"}],"wp:term":[{"taxonomy":"product_cat","embeddable":true,"href":"https:\/\/compuviper.mx\/tienda\/wp-json\/wp\/v2\/product_cat?post=210618"},{"taxonomy":"product_tag","embeddable":true,"href":"https:\/\/compuviper.mx\/tienda\/wp-json\/wp\/v2\/product_tag?post=210618"}],"curies":[{"name":"wp","href":"https:\/\/api.w.org\/{rel}","templated":true}]}}