{"id":210616,"date":"2026-04-16T23:07:54","date_gmt":"2026-04-17T05:07:54","guid":{"rendered":"https:\/\/compuviper.mx\/tienda\/producto\/startech-com-a-laptop-desk-mount-soporte-de-montaje-para-laptop-vesa-de-monitor-de-34-o-bandeja-ajustable-para-laptop-grommet-mordaza-mod\/"},"modified":"2026-04-16T23:07:54","modified_gmt":"2026-04-17T05:07:54","slug":"startech-com-a-laptop-desk-mount-soporte-de-montaje-para-laptop-vesa-de-monitor-de-34-o-bandeja-ajustable-para-laptop-grommet-mordaza-mod","status":"publish","type":"product","link":"https:\/\/compuviper.mx\/tienda\/producto\/startech-com-a-laptop-desk-mount-soporte-de-montaje-para-laptop-vesa-de-monitor-de-34-o-bandeja-ajustable-para-laptop-grommet-mordaza-mod\/","title":{"rendered":"Startech.com A-laptop-desk-mount Soporte De Montaje Para Laptop &#8211; Vesa De Monitor De 34 O Bandeja Ajustable Para Laptop &#8211; Grommet\/mordaza &#8211;  Mod."},"content":{"rendered":"<table class=\"descripcion\">\n<tr>\n<td>Color: negro<\/td>\n<\/tr>\n<tr>\n<td>Tipo de gabinete: acero y plastico<\/td>\n<\/tr>\n<tr>\n<td>Ancho de la bandeja para ordenador portatil: 300 mm  and  280 mm<\/td>\n<\/tr>\n<tr>\n<td>Capacidad de carga: 8000 g<\/td>\n<\/tr>\n<tr>\n<td>Tamano minimo de la pantalla: 13<\/td>\n<\/tr>\n<tr>\n<td>Tamano maximo de la pantalla: 34<\/td>\n<\/tr>\n<tr>\n<td>Fits curved display: si<\/td>\n<\/tr>\n<tr>\n<td>Fits ultrawide displays: si<\/td>\n<\/tr>\n<tr>\n<td>Ajuste de la altura: si<\/td>\n<\/tr>\n<tr>\n<td>Altura maxima: 450 mm<\/td>\n<\/tr>\n<tr>\n<td>Extension maxima del brazo: 428 mm<\/td>\n<\/tr>\n<tr>\n<td>Inclinacion: + 45\u00b0 \/ &#8211; 45\u00b0<\/td>\n<\/tr>\n<tr>\n<td>Giro \/ pivotacion: 180\u00b0<\/td>\n<\/tr>\n<tr>\n<td>Rotacion de la pantalla: 360\u00b0<\/td>\n<\/tr>\n<tr>\n<td>Montaje en pared: no<\/td>\n<\/tr>\n<tr>\n<td>Gestion de cables: si<\/td>\n<\/tr>\n<tr>\n<td>Articulado: si<\/td>\n<\/tr>\n<tr>\n<td>Numero de pantallas admitidas: 1<\/td>\n<\/tr>\n<tr>\n<td>Opciones de montaje: pieza de sujecion para mesa y ojal<\/td>\n<\/tr>\n<tr>\n<td>Patron(es) vesa de agujeros de montaje: 75&#215;75 mm  and  100&#215;100 mm<\/td>\n<\/tr>\n<tr>\n<td>Grosor de la superficie de montaje: pinza de escritorio: espesor de la mesa 10 &#8211; 88 mm<\/td>\n<\/tr>\n<tr>\n<td>Abrazadera de grommet: espesor de la mesa: 10 &#8211; 88 mm<\/td>\n<\/tr>\n<tr>\n<td>Tamano del grommet: 10 &#8211; 60 mm<\/td>\n<\/tr>\n<tr>\n<td>Longitud del producto: 708.000 mm<\/td>\n<\/tr>\n<tr>\n<td>Ancho: 420.000 mm<\/td>\n<\/tr>\n<tr>\n<td>Altura: 550.000 mm<\/td>\n<\/tr>\n<tr>\n<td>Peso: 4300.000 g<\/td>\n<\/tr>\n<tr>\n<td>Giro: +90\u00b0 \/ &#8211; 90\u00b0<\/td>\n<\/tr>\n<tr>\n<td>Inclinacion de la bandeja para ordenador portatil: + 45\u00b0 \/ &#8211; 45\u00b0<\/td>\n<\/tr>\n<\/table>\n","protected":false},"excerpt":{"rendered":"<p>Aumente el espacio de su escritorio y anada versatilidad y ergonomia a su configuracion de trabajo\/casa con este soporte de escritorio para laptop. La bandeja (11.8 x 11 pulgadas \/ 300 x 280 mm) es lo suficientemente grande como para sostener una laptop de entre 9.4 y 16.5 pulgadas (240 &#8211; 420 mm) de ancho, 1 pulgada (25.4 mm) de grosor y de hasta 4.5 kg (10 libras). Ergonomico y adaptable el brazo ofrece un elevado numero de ajustes, como inclinacion +45\/-45\u00b0, giro +90\/-90\u00b0, rotacion 360\u00b0, y ajuste de altura a lo largo del poste (17.7 in \/ 449 mm). Los brazos pueden extenderse un maximo de 16.85 pulgadas \/ 423 mm desde el poste. El ajuste mecanico de la altura proporciona una bandeja robusta para la laptop que reduce el rebote al escribir. Las multiples opciones de ajuste permiten colocar la laptop a la altura de los ojos mejorando la postura, la comodidad y alinearla con cualquier monitor existente mejorando la productividad.<\/p>\n","protected":false},"featured_media":210617,"comment_status":"open","ping_status":"open","template":"","meta":[],"product_cat":[2269,2265],"product_tag":[1590],"acf":[],"yoast_head":"<!-- This site is optimized with the Yoast SEO plugin v21.7 - https:\/\/yoast.com\/wordpress\/plugins\/seo\/ -->\n<title>[ Startech.com ] &#129351; A-laptop-desk-mount Soporte De Montaje Para Laptop - Vesa De Monitor De 34 O Bandeja Ajustable Para Laptop - Grommet\/mordaza - Mod.<\/title>\n<meta name=\"description\" content=\"Compra A-laptop-desk-mount Soporte De Montaje Para Laptop - Vesa De Monitor De 34 O Bandeja Ajustable Para Laptop - Grommet\/mordaza - Mod. + Env\u00edo a domicilio + Pago seguro + Garant\u00eda\" \/>\n<meta name=\"robots\" content=\"index, follow, max-snippet:-1, max-image-preview:large, max-video-preview:-1\" \/>\n<link rel=\"canonical\" href=\"https:\/\/compuviper.mx\/tienda\/producto\/startech-com-a-laptop-desk-mount-soporte-de-montaje-para-laptop-vesa-de-monitor-de-34-o-bandeja-ajustable-para-laptop-grommet-mordaza-mod\/\" \/>\n<meta property=\"og:locale\" content=\"es_MX\" \/>\n<meta property=\"og:type\" content=\"article\" \/>\n<meta property=\"og:title\" content=\"[ Startech.com ] &#129351; A-laptop-desk-mount Soporte De Montaje Para Laptop - Vesa De Monitor De 34 O Bandeja Ajustable Para Laptop - Grommet\/mordaza - Mod.\" \/>\n<meta property=\"og:description\" content=\"Compra A-laptop-desk-mount Soporte De Montaje Para Laptop - Vesa De Monitor De 34 O Bandeja Ajustable Para Laptop - Grommet\/mordaza - Mod. + Env\u00edo a domicilio + Pago seguro + Garant\u00eda\" \/>\n<meta property=\"og:url\" content=\"https:\/\/compuviper.mx\/tienda\/producto\/startech-com-a-laptop-desk-mount-soporte-de-montaje-para-laptop-vesa-de-monitor-de-34-o-bandeja-ajustable-para-laptop-grommet-mordaza-mod\/\" \/>\n<meta property=\"og:site_name\" content=\"Compuviper\" \/>\n<meta property=\"article:publisher\" content=\"https:\/\/www.facebook.com\/compuviper\" \/>\n<meta property=\"og:image\" content=\"https:\/\/compuviper.mx\/tienda\/wp-content\/uploads\/2023\/12\/Soporte-de-montaje-para-laptop-vesa-de-monitor-de-34-o-bandeja-ajustable-para-laptop-grommetmordaza-startech.com-mod.-a-laptop-desk-mount.jpg\" \/>\n\t<meta property=\"og:image:width\" content=\"200\" \/>\n\t<meta property=\"og:image:height\" content=\"200\" \/>\n\t<meta property=\"og:image:type\" content=\"image\/jpeg\" \/>\n<meta name=\"twitter:card\" content=\"summary_large_image\" \/>\n<meta name=\"twitter:label1\" content=\"Precio\" \/>\n\t<meta name=\"twitter:data1\" content=\"&#36;2,175 con IVA\" \/>\n\t<meta name=\"twitter:label2\" content=\"Availability\" \/>\n\t<meta name=\"twitter:data2\" content=\"In stock\" \/>\n<script type=\"application\/ld+json\" class=\"yoast-schema-graph\">{\"@context\":\"https:\/\/schema.org\",\"@graph\":[{\"@type\":\"WebPage\",\"@id\":\"https:\/\/compuviper.mx\/tienda\/producto\/startech-com-a-laptop-desk-mount-soporte-de-montaje-para-laptop-vesa-de-monitor-de-34-o-bandeja-ajustable-para-laptop-grommet-mordaza-mod\/\",\"url\":\"https:\/\/compuviper.mx\/tienda\/producto\/startech-com-a-laptop-desk-mount-soporte-de-montaje-para-laptop-vesa-de-monitor-de-34-o-bandeja-ajustable-para-laptop-grommet-mordaza-mod\/\",\"name\":\"[ Startech.com ] &#129351; A-laptop-desk-mount Soporte De Montaje Para Laptop - Vesa De Monitor De 34 O Bandeja Ajustable Para Laptop - Grommet\/mordaza - Mod.\",\"isPartOf\":{\"@id\":\"https:\/\/compuviper.mx\/tienda\/#website\"},\"datePublished\":\"2026-04-17T05:07:54+00:00\",\"dateModified\":\"2026-04-17T05:07:54+00:00\",\"description\":\"Compra A-laptop-desk-mount Soporte De Montaje Para Laptop - Vesa De Monitor De 34 O Bandeja Ajustable Para Laptop - Grommet\/mordaza - Mod. + Env\u00edo a domicilio + Pago seguro + Garant\u00eda\",\"breadcrumb\":{\"@id\":\"https:\/\/compuviper.mx\/tienda\/producto\/startech-com-a-laptop-desk-mount-soporte-de-montaje-para-laptop-vesa-de-monitor-de-34-o-bandeja-ajustable-para-laptop-grommet-mordaza-mod\/#breadcrumb\"},\"inLanguage\":\"es-MX\",\"potentialAction\":[{\"@type\":\"ReadAction\",\"target\":[\"https:\/\/compuviper.mx\/tienda\/producto\/startech-com-a-laptop-desk-mount-soporte-de-montaje-para-laptop-vesa-de-monitor-de-34-o-bandeja-ajustable-para-laptop-grommet-mordaza-mod\/\"]}]},{\"@type\":\"BreadcrumbList\",\"@id\":\"https:\/\/compuviper.mx\/tienda\/producto\/startech-com-a-laptop-desk-mount-soporte-de-montaje-para-laptop-vesa-de-monitor-de-34-o-bandeja-ajustable-para-laptop-grommet-mordaza-mod\/#breadcrumb\",\"itemListElement\":[{\"@type\":\"ListItem\",\"position\":1,\"name\":\"Inicio\",\"item\":\"https:\/\/compuviper.mx\/tienda\/\"},{\"@type\":\"ListItem\",\"position\":2,\"name\":\"Productos\",\"item\":\"https:\/\/compuviper.mx\/tienda\/productos\/\"},{\"@type\":\"ListItem\",\"position\":3,\"name\":\"Soportes Y Bases P\/tv\/ Proyectores\/dvd\/consolas\/bocinas\/pantallas\/monotores\",\"item\":\"https:\/\/compuviper.mx\/tienda\/categoria-producto\/soportes-y-bases-p-tv-proyectores-dvd-consolas-bocinas-pantallas-monotores\/\"},{\"@type\":\"ListItem\",\"position\":4,\"name\":\"Sin Categor\u00eda\",\"item\":\"https:\/\/compuviper.mx\/tienda\/categoria-producto\/soportes-y-bases-p-tv-proyectores-dvd-consolas-bocinas-pantallas-monotores\/sin-categoria-soportes-y-bases-p-tv-proyectores-dvd-consolas-bocinas-pantallas-monotores\/\"},{\"@type\":\"ListItem\",\"position\":5,\"name\":\"Startech.com A-laptop-desk-mount Soporte De Montaje Para Laptop &#8211; Vesa De Monitor De 34 O Bandeja Ajustable Para Laptop &#8211; Grommet\/mordaza &#8211; Mod.\"}]},{\"@type\":\"WebSite\",\"@id\":\"https:\/\/compuviper.mx\/tienda\/#website\",\"url\":\"https:\/\/compuviper.mx\/tienda\/\",\"name\":\"Compuviper\",\"description\":\"Proveedor de Computadoras, Laptops, Servidores, Monitores, Puntos de Venta, Teclados,   Impresoras, T\u00f3ner, C\u00e1maras de Seguridad y m\u00e1s en tu tienda en l\u00ednea\",\"publisher\":{\"@id\":\"https:\/\/compuviper.mx\/tienda\/#organization\"},\"potentialAction\":[{\"@type\":\"SearchAction\",\"target\":{\"@type\":\"EntryPoint\",\"urlTemplate\":\"https:\/\/compuviper.mx\/tienda\/?s={search_term_string}\"},\"query-input\":\"required name=search_term_string\"}],\"inLanguage\":\"es-MX\"},{\"@type\":\"Organization\",\"@id\":\"https:\/\/compuviper.mx\/tienda\/#organization\",\"name\":\"Compuviper\",\"url\":\"https:\/\/compuviper.mx\/tienda\/\",\"logo\":{\"@type\":\"ImageObject\",\"inLanguage\":\"es-MX\",\"@id\":\"https:\/\/compuviper.mx\/tienda\/#\/schema\/logo\/image\/\",\"url\":\"https:\/\/compuviper.mx\/tienda\/wp-content\/uploads\/2021\/08\/Logo-Compuviper-10.png\",\"contentUrl\":\"https:\/\/compuviper.mx\/tienda\/wp-content\/uploads\/2021\/08\/Logo-Compuviper-10.png\",\"width\":1000,\"height\":500,\"caption\":\"Compuviper\"},\"image\":{\"@id\":\"https:\/\/compuviper.mx\/tienda\/#\/schema\/logo\/image\/\"},\"sameAs\":[\"https:\/\/www.facebook.com\/compuviper\",\"https:\/\/www.youtube.com\/channel\/UCf73dERp9Y3cfOq7q8BhLjA?view_as=subscriber\"]}]}<\/script>\n<meta property=\"product:brand\" content=\"STARTECH.COM\" \/>\n<meta property=\"product:price:amount\" content=\"2175\" \/>\n<meta property=\"product:price:currency\" content=\"MXN\" \/>\n<meta property=\"og:availability\" content=\"instock\" \/>\n<meta property=\"product:availability\" content=\"instock\" \/>\n<meta property=\"product:retailer_item_id\" content=\"A-LAPTOP-DESK-MOUNT\" \/>\n<meta property=\"product:condition\" content=\"new\" \/>\n<!-- \/ Yoast SEO plugin. -->","yoast_head_json":{"title":"[ Startech.com ] &#129351; A-laptop-desk-mount Soporte De Montaje Para Laptop - Vesa De Monitor De 34 O Bandeja Ajustable Para Laptop - Grommet\/mordaza - Mod.","description":"Compra A-laptop-desk-mount Soporte De Montaje Para Laptop - Vesa De Monitor De 34 O Bandeja Ajustable Para Laptop - Grommet\/mordaza - Mod. + Env\u00edo a domicilio + Pago seguro + Garant\u00eda","robots":{"index":"index","follow":"follow","max-snippet":"max-snippet:-1","max-image-preview":"max-image-preview:large","max-video-preview":"max-video-preview:-1"},"canonical":"https:\/\/compuviper.mx\/tienda\/producto\/startech-com-a-laptop-desk-mount-soporte-de-montaje-para-laptop-vesa-de-monitor-de-34-o-bandeja-ajustable-para-laptop-grommet-mordaza-mod\/","og_locale":"es_MX","og_type":"article","og_title":"[ Startech.com ] &#129351; A-laptop-desk-mount Soporte De Montaje Para Laptop - Vesa De Monitor De 34 O Bandeja Ajustable Para Laptop - Grommet\/mordaza - Mod.","og_description":"Compra A-laptop-desk-mount Soporte De Montaje Para Laptop - Vesa De Monitor De 34 O Bandeja Ajustable Para Laptop - Grommet\/mordaza - Mod. + Env\u00edo a domicilio + Pago seguro + Garant\u00eda","og_url":"https:\/\/compuviper.mx\/tienda\/producto\/startech-com-a-laptop-desk-mount-soporte-de-montaje-para-laptop-vesa-de-monitor-de-34-o-bandeja-ajustable-para-laptop-grommet-mordaza-mod\/","og_site_name":"Compuviper","article_publisher":"https:\/\/www.facebook.com\/compuviper","og_image":[{"width":200,"height":200,"url":"https:\/\/compuviper.mx\/tienda\/wp-content\/uploads\/2023\/12\/Soporte-de-montaje-para-laptop-vesa-de-monitor-de-34-o-bandeja-ajustable-para-laptop-grommetmordaza-startech.com-mod.-a-laptop-desk-mount.jpg","type":"image\/jpeg"}],"twitter_card":"summary_large_image","twitter_misc":{"Precio":"&#36;2,175 con IVA","Availability":"In stock"},"schema":{"@context":"https:\/\/schema.org","@graph":[{"@type":"WebPage","@id":"https:\/\/compuviper.mx\/tienda\/producto\/startech-com-a-laptop-desk-mount-soporte-de-montaje-para-laptop-vesa-de-monitor-de-34-o-bandeja-ajustable-para-laptop-grommet-mordaza-mod\/","url":"https:\/\/compuviper.mx\/tienda\/producto\/startech-com-a-laptop-desk-mount-soporte-de-montaje-para-laptop-vesa-de-monitor-de-34-o-bandeja-ajustable-para-laptop-grommet-mordaza-mod\/","name":"[ Startech.com ] &#129351; A-laptop-desk-mount Soporte De Montaje Para Laptop - Vesa De Monitor De 34 O Bandeja Ajustable Para Laptop - Grommet\/mordaza - Mod.","isPartOf":{"@id":"https:\/\/compuviper.mx\/tienda\/#website"},"datePublished":"2026-04-17T05:07:54+00:00","dateModified":"2026-04-17T05:07:54+00:00","description":"Compra A-laptop-desk-mount Soporte De Montaje Para Laptop - Vesa De Monitor De 34 O Bandeja Ajustable Para Laptop - Grommet\/mordaza - Mod. + Env\u00edo a domicilio + Pago seguro + Garant\u00eda","breadcrumb":{"@id":"https:\/\/compuviper.mx\/tienda\/producto\/startech-com-a-laptop-desk-mount-soporte-de-montaje-para-laptop-vesa-de-monitor-de-34-o-bandeja-ajustable-para-laptop-grommet-mordaza-mod\/#breadcrumb"},"inLanguage":"es-MX","potentialAction":[{"@type":"ReadAction","target":["https:\/\/compuviper.mx\/tienda\/producto\/startech-com-a-laptop-desk-mount-soporte-de-montaje-para-laptop-vesa-de-monitor-de-34-o-bandeja-ajustable-para-laptop-grommet-mordaza-mod\/"]}]},{"@type":"BreadcrumbList","@id":"https:\/\/compuviper.mx\/tienda\/producto\/startech-com-a-laptop-desk-mount-soporte-de-montaje-para-laptop-vesa-de-monitor-de-34-o-bandeja-ajustable-para-laptop-grommet-mordaza-mod\/#breadcrumb","itemListElement":[{"@type":"ListItem","position":1,"name":"Inicio","item":"https:\/\/compuviper.mx\/tienda\/"},{"@type":"ListItem","position":2,"name":"Productos","item":"https:\/\/compuviper.mx\/tienda\/productos\/"},{"@type":"ListItem","position":3,"name":"Soportes Y Bases P\/tv\/ Proyectores\/dvd\/consolas\/bocinas\/pantallas\/monotores","item":"https:\/\/compuviper.mx\/tienda\/categoria-producto\/soportes-y-bases-p-tv-proyectores-dvd-consolas-bocinas-pantallas-monotores\/"},{"@type":"ListItem","position":4,"name":"Sin Categor\u00eda","item":"https:\/\/compuviper.mx\/tienda\/categoria-producto\/soportes-y-bases-p-tv-proyectores-dvd-consolas-bocinas-pantallas-monotores\/sin-categoria-soportes-y-bases-p-tv-proyectores-dvd-consolas-bocinas-pantallas-monotores\/"},{"@type":"ListItem","position":5,"name":"Startech.com A-laptop-desk-mount Soporte De Montaje Para Laptop &#8211; Vesa De Monitor De 34 O Bandeja Ajustable Para Laptop &#8211; Grommet\/mordaza &#8211; Mod."}]},{"@type":"WebSite","@id":"https:\/\/compuviper.mx\/tienda\/#website","url":"https:\/\/compuviper.mx\/tienda\/","name":"Compuviper","description":"Proveedor de Computadoras, Laptops, Servidores, Monitores, Puntos de Venta, Teclados,   Impresoras, T\u00f3ner, C\u00e1maras de Seguridad y m\u00e1s en tu tienda en l\u00ednea","publisher":{"@id":"https:\/\/compuviper.mx\/tienda\/#organization"},"potentialAction":[{"@type":"SearchAction","target":{"@type":"EntryPoint","urlTemplate":"https:\/\/compuviper.mx\/tienda\/?s={search_term_string}"},"query-input":"required name=search_term_string"}],"inLanguage":"es-MX"},{"@type":"Organization","@id":"https:\/\/compuviper.mx\/tienda\/#organization","name":"Compuviper","url":"https:\/\/compuviper.mx\/tienda\/","logo":{"@type":"ImageObject","inLanguage":"es-MX","@id":"https:\/\/compuviper.mx\/tienda\/#\/schema\/logo\/image\/","url":"https:\/\/compuviper.mx\/tienda\/wp-content\/uploads\/2021\/08\/Logo-Compuviper-10.png","contentUrl":"https:\/\/compuviper.mx\/tienda\/wp-content\/uploads\/2021\/08\/Logo-Compuviper-10.png","width":1000,"height":500,"caption":"Compuviper"},"image":{"@id":"https:\/\/compuviper.mx\/tienda\/#\/schema\/logo\/image\/"},"sameAs":["https:\/\/www.facebook.com\/compuviper","https:\/\/www.youtube.com\/channel\/UCf73dERp9Y3cfOq7q8BhLjA?view_as=subscriber"]}]},"product_brand":"STARTECH.COM","product_price_amount":"2175","product_price_currency":"MXN","og_availability":"instock","product_availability":"instock","product_retailer_item_id":"A-LAPTOP-DESK-MOUNT","product_condition":"new"},"_links":{"self":[{"href":"https:\/\/compuviper.mx\/tienda\/wp-json\/wp\/v2\/product\/210616"}],"collection":[{"href":"https:\/\/compuviper.mx\/tienda\/wp-json\/wp\/v2\/product"}],"about":[{"href":"https:\/\/compuviper.mx\/tienda\/wp-json\/wp\/v2\/types\/product"}],"replies":[{"embeddable":true,"href":"https:\/\/compuviper.mx\/tienda\/wp-json\/wp\/v2\/comments?post=210616"}],"wp:featuredmedia":[{"embeddable":true,"href":"https:\/\/compuviper.mx\/tienda\/wp-json\/wp\/v2\/media\/210617"}],"wp:attachment":[{"href":"https:\/\/compuviper.mx\/tienda\/wp-json\/wp\/v2\/media?parent=210616"}],"wp:term":[{"taxonomy":"product_cat","embeddable":true,"href":"https:\/\/compuviper.mx\/tienda\/wp-json\/wp\/v2\/product_cat?post=210616"},{"taxonomy":"product_tag","embeddable":true,"href":"https:\/\/compuviper.mx\/tienda\/wp-json\/wp\/v2\/product_tag?post=210616"}],"curies":[{"name":"wp","href":"https:\/\/api.w.org\/{rel}","templated":true}]}}