{"id":210608,"date":"2026-04-06T23:08:50","date_gmt":"2026-04-07T05:08:50","guid":{"rendered":"https:\/\/compuviper.mx\/tienda\/producto\/startech-com-armslim2usb3-soporte-de-escritorio-con-brazo-para-monitor-con-2-puertos-usb-3-0-vesa-mod\/"},"modified":"2026-04-06T23:08:50","modified_gmt":"2026-04-07T05:08:50","slug":"startech-com-armslim2usb3-soporte-de-escritorio-con-brazo-para-monitor-con-2-puertos-usb-3-0-vesa-mod","status":"publish","type":"product","link":"https:\/\/compuviper.mx\/tienda\/producto\/startech-com-armslim2usb3-soporte-de-escritorio-con-brazo-para-monitor-con-2-puertos-usb-3-0-vesa-mod\/","title":{"rendered":"Startech.com Armslim2usb3   Soporte De Escritorio Con Brazo Para Monitor Con 2 Puertos Usb 3.0 &#8211; Vesa &#8211;  Mod."},"content":{"rendered":"<table class=\"descripcion\">\n<tr>\n<td>Longitud del producto: 547 mm<\/td>\n<\/tr>\n<tr>\n<td>Ancho del producto: 115 mm<\/td>\n<\/tr>\n<tr>\n<td>Altura del producto: 445 mm<\/td>\n<\/tr>\n<tr>\n<td>Peso del producto: 2850 g<\/td>\n<\/tr>\n<tr>\n<td>Rotacion de la pantalla: 90\u00b0<\/td>\n<\/tr>\n<tr>\n<td>Color: negro<\/td>\n<\/tr>\n<tr>\n<td>Material de fabricacion: aluminio<\/td>\n<\/tr>\n<tr>\n<td>Capacidad de carga: 8000 g<\/td>\n<\/tr>\n<tr>\n<td>Tamano minimo de la pantalla: 17in<\/td>\n<\/tr>\n<tr>\n<td>Tamano maximo de la pantalla: 34<\/td>\n<\/tr>\n<tr>\n<td>Ajuste de la altura: si<\/td>\n<\/tr>\n<tr>\n<td>Giro \/ pivotacion: +\/- 180\u00b0 en la base<\/td>\n<\/tr>\n<tr>\n<td>+\/- 180\u00b0 en el extremo superior<\/td>\n<\/tr>\n<tr>\n<td>+\/- 90\u00b0 en el codo<\/td>\n<\/tr>\n<tr>\n<td>Giro: +90\u00b0 \/ &#8211; 90\u00b0<\/td>\n<\/tr>\n<tr>\n<td>Inclinacion: +90\u00b0 \/ &#8211; 90\u00b0<\/td>\n<\/tr>\n<tr>\n<td>Fits curved display: si<\/td>\n<\/tr>\n<tr>\n<td>Fits ultrawide displays: si<\/td>\n<\/tr>\n<tr>\n<td>Altura maxima: 445 mm<\/td>\n<\/tr>\n<tr>\n<td>Montaje en pared: no<\/td>\n<\/tr>\n<tr>\n<td>Articulado: si<\/td>\n<\/tr>\n<tr>\n<td>Numero de pantallas admitidas: 1<\/td>\n<\/tr>\n<tr>\n<td>Opciones de montaje: pieza de sujecion para mesa y ojal<\/td>\n<\/tr>\n<tr>\n<td>Patron(es) vesa de agujeros de montaje: 75&#215;75 mm<\/td>\n<\/tr>\n<tr>\n<td>Patron(es) vesa de agujeros de montaje: 100&#215;100 mm<\/td>\n<\/tr>\n<tr>\n<td>Grosor de la superficie de montaje: soporte de sujecion en escritorio: grosor de la mesa: 10mm a 50mm<\/td>\n<\/tr>\n<tr>\n<td>Tamano de agujero de soporte con ojal: 10 a 50mm<\/td>\n<\/tr>\n<\/table>\n","protected":false},"excerpt":{"rendered":"<p>Libere espacio a la vez que crea un entorno de trabajo ergonomico. Este brazo para monitor facilita la instalacion segura de su pantalla de entre 17 a 34, encima de su escritorio\/mesa.Ajuste su monitor a la posicion ideal de visualizacionel brazo articulado se extiende hasta 547mm y facilita ajustar el monitor al angulo de vision adecuado. Gire su monitor o incline su pantalla entre +90 y -90 grados, para hacer la visualizacion mas comoda. Incluso, puede rotar el monitor 180 grados, para una visualizacion horizontal o vertical.Ajuste de la altura con un toqueel brazo delgado para monitor incluye un cilindro mecanico que facilita la elevacion o descenso de su pantalla, con ajuste de la altura de hasta 445mm [as1]. Puede ajustar la tension segun el peso de su monitor, para movimiento sin esfuerzo alguno.Facil instalacionel soporte vesa para monitor se instala facilmente (abrazadera en c o montaje mediante ojal) y le ofrece gestion de cables integrada, puertos usb 3.0 passthrough.<\/p>\n","protected":false},"featured_media":210609,"comment_status":"open","ping_status":"open","template":"","meta":[],"product_cat":[2269,2265],"product_tag":[1590],"acf":[],"yoast_head":"<!-- This site is optimized with the Yoast SEO plugin v21.7 - https:\/\/yoast.com\/wordpress\/plugins\/seo\/ -->\n<title>[ Startech.com ] &#129351; Armslim2usb3 Soporte De Escritorio Con Brazo Para Monitor Con 2 Puertos Usb 3.0 - Vesa - Mod.<\/title>\n<meta name=\"description\" content=\"Compra Armslim2usb3 Soporte De Escritorio Con Brazo Para Monitor Con 2 Puertos Usb 3.0 - Vesa - Mod. + Env\u00edo a domicilio + Pago seguro + Garant\u00eda\" \/>\n<meta name=\"robots\" content=\"index, follow, max-snippet:-1, max-image-preview:large, max-video-preview:-1\" \/>\n<link rel=\"canonical\" href=\"https:\/\/compuviper.mx\/tienda\/producto\/startech-com-armslim2usb3-soporte-de-escritorio-con-brazo-para-monitor-con-2-puertos-usb-3-0-vesa-mod\/\" \/>\n<meta property=\"og:locale\" content=\"es_MX\" \/>\n<meta property=\"og:type\" content=\"article\" \/>\n<meta property=\"og:title\" content=\"[ Startech.com ] &#129351; Armslim2usb3 Soporte De Escritorio Con Brazo Para Monitor Con 2 Puertos Usb 3.0 - Vesa - Mod.\" \/>\n<meta property=\"og:description\" content=\"Compra Armslim2usb3 Soporte De Escritorio Con Brazo Para Monitor Con 2 Puertos Usb 3.0 - Vesa - Mod. + Env\u00edo a domicilio + Pago seguro + Garant\u00eda\" \/>\n<meta property=\"og:url\" content=\"https:\/\/compuviper.mx\/tienda\/producto\/startech-com-armslim2usb3-soporte-de-escritorio-con-brazo-para-monitor-con-2-puertos-usb-3-0-vesa-mod\/\" \/>\n<meta property=\"og:site_name\" content=\"Compuviper\" \/>\n<meta property=\"article:publisher\" content=\"https:\/\/www.facebook.com\/compuviper\" \/>\n<meta property=\"og:image\" content=\"https:\/\/compuviper.mx\/tienda\/wp-content\/uploads\/2023\/12\/Startech.com-armslim2usb3-soporte-de-escritorio-con-brazo-para-monitor-con-2-puertos-usb-3.0-vesa-startech.com-mod.-armslim2usb3.jpg\" \/>\n\t<meta property=\"og:image:width\" content=\"200\" \/>\n\t<meta property=\"og:image:height\" content=\"200\" \/>\n\t<meta property=\"og:image:type\" content=\"image\/jpeg\" \/>\n<meta name=\"twitter:card\" content=\"summary_large_image\" \/>\n<meta name=\"twitter:label1\" content=\"Precio\" \/>\n\t<meta name=\"twitter:data1\" content=\"&#36;2,654 con IVA\" \/>\n\t<meta name=\"twitter:label2\" content=\"Availability\" \/>\n\t<meta name=\"twitter:data2\" content=\"Out of stock\" \/>\n<script type=\"application\/ld+json\" class=\"yoast-schema-graph\">{\"@context\":\"https:\/\/schema.org\",\"@graph\":[{\"@type\":\"WebPage\",\"@id\":\"https:\/\/compuviper.mx\/tienda\/producto\/startech-com-armslim2usb3-soporte-de-escritorio-con-brazo-para-monitor-con-2-puertos-usb-3-0-vesa-mod\/\",\"url\":\"https:\/\/compuviper.mx\/tienda\/producto\/startech-com-armslim2usb3-soporte-de-escritorio-con-brazo-para-monitor-con-2-puertos-usb-3-0-vesa-mod\/\",\"name\":\"[ Startech.com ] &#129351; Armslim2usb3 Soporte De Escritorio Con Brazo Para Monitor Con 2 Puertos Usb 3.0 - Vesa - Mod.\",\"isPartOf\":{\"@id\":\"https:\/\/compuviper.mx\/tienda\/#website\"},\"datePublished\":\"2026-04-07T05:08:50+00:00\",\"dateModified\":\"2026-04-07T05:08:50+00:00\",\"description\":\"Compra Armslim2usb3 Soporte De Escritorio Con Brazo Para Monitor Con 2 Puertos Usb 3.0 - Vesa - Mod. + Env\u00edo a domicilio + Pago seguro + Garant\u00eda\",\"breadcrumb\":{\"@id\":\"https:\/\/compuviper.mx\/tienda\/producto\/startech-com-armslim2usb3-soporte-de-escritorio-con-brazo-para-monitor-con-2-puertos-usb-3-0-vesa-mod\/#breadcrumb\"},\"inLanguage\":\"es-MX\",\"potentialAction\":[{\"@type\":\"ReadAction\",\"target\":[\"https:\/\/compuviper.mx\/tienda\/producto\/startech-com-armslim2usb3-soporte-de-escritorio-con-brazo-para-monitor-con-2-puertos-usb-3-0-vesa-mod\/\"]}]},{\"@type\":\"BreadcrumbList\",\"@id\":\"https:\/\/compuviper.mx\/tienda\/producto\/startech-com-armslim2usb3-soporte-de-escritorio-con-brazo-para-monitor-con-2-puertos-usb-3-0-vesa-mod\/#breadcrumb\",\"itemListElement\":[{\"@type\":\"ListItem\",\"position\":1,\"name\":\"Inicio\",\"item\":\"https:\/\/compuviper.mx\/tienda\/\"},{\"@type\":\"ListItem\",\"position\":2,\"name\":\"Productos\",\"item\":\"https:\/\/compuviper.mx\/tienda\/productos\/\"},{\"@type\":\"ListItem\",\"position\":3,\"name\":\"Soportes Y Bases P\/tv\/ Proyectores\/dvd\/consolas\/bocinas\/pantallas\/monotores\",\"item\":\"https:\/\/compuviper.mx\/tienda\/categoria-producto\/soportes-y-bases-p-tv-proyectores-dvd-consolas-bocinas-pantallas-monotores\/\"},{\"@type\":\"ListItem\",\"position\":4,\"name\":\"Sin Categor\u00eda\",\"item\":\"https:\/\/compuviper.mx\/tienda\/categoria-producto\/soportes-y-bases-p-tv-proyectores-dvd-consolas-bocinas-pantallas-monotores\/sin-categoria-soportes-y-bases-p-tv-proyectores-dvd-consolas-bocinas-pantallas-monotores\/\"},{\"@type\":\"ListItem\",\"position\":5,\"name\":\"Startech.com Armslim2usb3 Soporte De Escritorio Con Brazo Para Monitor Con 2 Puertos Usb 3.0 &#8211; Vesa &#8211; Mod.\"}]},{\"@type\":\"WebSite\",\"@id\":\"https:\/\/compuviper.mx\/tienda\/#website\",\"url\":\"https:\/\/compuviper.mx\/tienda\/\",\"name\":\"Compuviper\",\"description\":\"Proveedor de Computadoras, Laptops, Servidores, Monitores, Puntos de Venta, Teclados,   Impresoras, T\u00f3ner, C\u00e1maras de Seguridad y m\u00e1s en tu tienda en l\u00ednea\",\"publisher\":{\"@id\":\"https:\/\/compuviper.mx\/tienda\/#organization\"},\"potentialAction\":[{\"@type\":\"SearchAction\",\"target\":{\"@type\":\"EntryPoint\",\"urlTemplate\":\"https:\/\/compuviper.mx\/tienda\/?s={search_term_string}\"},\"query-input\":\"required name=search_term_string\"}],\"inLanguage\":\"es-MX\"},{\"@type\":\"Organization\",\"@id\":\"https:\/\/compuviper.mx\/tienda\/#organization\",\"name\":\"Compuviper\",\"url\":\"https:\/\/compuviper.mx\/tienda\/\",\"logo\":{\"@type\":\"ImageObject\",\"inLanguage\":\"es-MX\",\"@id\":\"https:\/\/compuviper.mx\/tienda\/#\/schema\/logo\/image\/\",\"url\":\"https:\/\/compuviper.mx\/tienda\/wp-content\/uploads\/2021\/08\/Logo-Compuviper-10.png\",\"contentUrl\":\"https:\/\/compuviper.mx\/tienda\/wp-content\/uploads\/2021\/08\/Logo-Compuviper-10.png\",\"width\":1000,\"height\":500,\"caption\":\"Compuviper\"},\"image\":{\"@id\":\"https:\/\/compuviper.mx\/tienda\/#\/schema\/logo\/image\/\"},\"sameAs\":[\"https:\/\/www.facebook.com\/compuviper\",\"https:\/\/www.youtube.com\/channel\/UCf73dERp9Y3cfOq7q8BhLjA?view_as=subscriber\"]}]}<\/script>\n<meta property=\"product:brand\" content=\"STARTECH.COM\" \/>\n<meta property=\"product:price:amount\" content=\"2654\" \/>\n<meta property=\"product:price:currency\" content=\"MXN\" \/>\n<meta property=\"og:availability\" content=\"out of stock\" \/>\n<meta property=\"product:availability\" content=\"out of stock\" \/>\n<meta property=\"product:retailer_item_id\" content=\"ARMSLIM2USB3\" \/>\n<meta property=\"product:condition\" content=\"new\" \/>\n<!-- \/ Yoast SEO plugin. -->","yoast_head_json":{"title":"[ Startech.com ] &#129351; Armslim2usb3 Soporte De Escritorio Con Brazo Para Monitor Con 2 Puertos Usb 3.0 - Vesa - Mod.","description":"Compra Armslim2usb3 Soporte De Escritorio Con Brazo Para Monitor Con 2 Puertos Usb 3.0 - Vesa - Mod. + Env\u00edo a domicilio + Pago seguro + Garant\u00eda","robots":{"index":"index","follow":"follow","max-snippet":"max-snippet:-1","max-image-preview":"max-image-preview:large","max-video-preview":"max-video-preview:-1"},"canonical":"https:\/\/compuviper.mx\/tienda\/producto\/startech-com-armslim2usb3-soporte-de-escritorio-con-brazo-para-monitor-con-2-puertos-usb-3-0-vesa-mod\/","og_locale":"es_MX","og_type":"article","og_title":"[ Startech.com ] &#129351; Armslim2usb3 Soporte De Escritorio Con Brazo Para Monitor Con 2 Puertos Usb 3.0 - Vesa - Mod.","og_description":"Compra Armslim2usb3 Soporte De Escritorio Con Brazo Para Monitor Con 2 Puertos Usb 3.0 - Vesa - Mod. + Env\u00edo a domicilio + Pago seguro + Garant\u00eda","og_url":"https:\/\/compuviper.mx\/tienda\/producto\/startech-com-armslim2usb3-soporte-de-escritorio-con-brazo-para-monitor-con-2-puertos-usb-3-0-vesa-mod\/","og_site_name":"Compuviper","article_publisher":"https:\/\/www.facebook.com\/compuviper","og_image":[{"width":200,"height":200,"url":"https:\/\/compuviper.mx\/tienda\/wp-content\/uploads\/2023\/12\/Startech.com-armslim2usb3-soporte-de-escritorio-con-brazo-para-monitor-con-2-puertos-usb-3.0-vesa-startech.com-mod.-armslim2usb3.jpg","type":"image\/jpeg"}],"twitter_card":"summary_large_image","twitter_misc":{"Precio":"&#36;2,654 con IVA","Availability":"Out of stock"},"schema":{"@context":"https:\/\/schema.org","@graph":[{"@type":"WebPage","@id":"https:\/\/compuviper.mx\/tienda\/producto\/startech-com-armslim2usb3-soporte-de-escritorio-con-brazo-para-monitor-con-2-puertos-usb-3-0-vesa-mod\/","url":"https:\/\/compuviper.mx\/tienda\/producto\/startech-com-armslim2usb3-soporte-de-escritorio-con-brazo-para-monitor-con-2-puertos-usb-3-0-vesa-mod\/","name":"[ Startech.com ] &#129351; Armslim2usb3 Soporte De Escritorio Con Brazo Para Monitor Con 2 Puertos Usb 3.0 - Vesa - Mod.","isPartOf":{"@id":"https:\/\/compuviper.mx\/tienda\/#website"},"datePublished":"2026-04-07T05:08:50+00:00","dateModified":"2026-04-07T05:08:50+00:00","description":"Compra Armslim2usb3 Soporte De Escritorio Con Brazo Para Monitor Con 2 Puertos Usb 3.0 - Vesa - Mod. + Env\u00edo a domicilio + Pago seguro + Garant\u00eda","breadcrumb":{"@id":"https:\/\/compuviper.mx\/tienda\/producto\/startech-com-armslim2usb3-soporte-de-escritorio-con-brazo-para-monitor-con-2-puertos-usb-3-0-vesa-mod\/#breadcrumb"},"inLanguage":"es-MX","potentialAction":[{"@type":"ReadAction","target":["https:\/\/compuviper.mx\/tienda\/producto\/startech-com-armslim2usb3-soporte-de-escritorio-con-brazo-para-monitor-con-2-puertos-usb-3-0-vesa-mod\/"]}]},{"@type":"BreadcrumbList","@id":"https:\/\/compuviper.mx\/tienda\/producto\/startech-com-armslim2usb3-soporte-de-escritorio-con-brazo-para-monitor-con-2-puertos-usb-3-0-vesa-mod\/#breadcrumb","itemListElement":[{"@type":"ListItem","position":1,"name":"Inicio","item":"https:\/\/compuviper.mx\/tienda\/"},{"@type":"ListItem","position":2,"name":"Productos","item":"https:\/\/compuviper.mx\/tienda\/productos\/"},{"@type":"ListItem","position":3,"name":"Soportes Y Bases P\/tv\/ Proyectores\/dvd\/consolas\/bocinas\/pantallas\/monotores","item":"https:\/\/compuviper.mx\/tienda\/categoria-producto\/soportes-y-bases-p-tv-proyectores-dvd-consolas-bocinas-pantallas-monotores\/"},{"@type":"ListItem","position":4,"name":"Sin Categor\u00eda","item":"https:\/\/compuviper.mx\/tienda\/categoria-producto\/soportes-y-bases-p-tv-proyectores-dvd-consolas-bocinas-pantallas-monotores\/sin-categoria-soportes-y-bases-p-tv-proyectores-dvd-consolas-bocinas-pantallas-monotores\/"},{"@type":"ListItem","position":5,"name":"Startech.com Armslim2usb3 Soporte De Escritorio Con Brazo Para Monitor Con 2 Puertos Usb 3.0 &#8211; Vesa &#8211; Mod."}]},{"@type":"WebSite","@id":"https:\/\/compuviper.mx\/tienda\/#website","url":"https:\/\/compuviper.mx\/tienda\/","name":"Compuviper","description":"Proveedor de Computadoras, Laptops, Servidores, Monitores, Puntos de Venta, Teclados,   Impresoras, T\u00f3ner, C\u00e1maras de Seguridad y m\u00e1s en tu tienda en l\u00ednea","publisher":{"@id":"https:\/\/compuviper.mx\/tienda\/#organization"},"potentialAction":[{"@type":"SearchAction","target":{"@type":"EntryPoint","urlTemplate":"https:\/\/compuviper.mx\/tienda\/?s={search_term_string}"},"query-input":"required name=search_term_string"}],"inLanguage":"es-MX"},{"@type":"Organization","@id":"https:\/\/compuviper.mx\/tienda\/#organization","name":"Compuviper","url":"https:\/\/compuviper.mx\/tienda\/","logo":{"@type":"ImageObject","inLanguage":"es-MX","@id":"https:\/\/compuviper.mx\/tienda\/#\/schema\/logo\/image\/","url":"https:\/\/compuviper.mx\/tienda\/wp-content\/uploads\/2021\/08\/Logo-Compuviper-10.png","contentUrl":"https:\/\/compuviper.mx\/tienda\/wp-content\/uploads\/2021\/08\/Logo-Compuviper-10.png","width":1000,"height":500,"caption":"Compuviper"},"image":{"@id":"https:\/\/compuviper.mx\/tienda\/#\/schema\/logo\/image\/"},"sameAs":["https:\/\/www.facebook.com\/compuviper","https:\/\/www.youtube.com\/channel\/UCf73dERp9Y3cfOq7q8BhLjA?view_as=subscriber"]}]},"product_brand":"STARTECH.COM","product_price_amount":"2654","product_price_currency":"MXN","og_availability":"out of stock","product_availability":"out of stock","product_retailer_item_id":"ARMSLIM2USB3","product_condition":"new"},"_links":{"self":[{"href":"https:\/\/compuviper.mx\/tienda\/wp-json\/wp\/v2\/product\/210608"}],"collection":[{"href":"https:\/\/compuviper.mx\/tienda\/wp-json\/wp\/v2\/product"}],"about":[{"href":"https:\/\/compuviper.mx\/tienda\/wp-json\/wp\/v2\/types\/product"}],"replies":[{"embeddable":true,"href":"https:\/\/compuviper.mx\/tienda\/wp-json\/wp\/v2\/comments?post=210608"}],"wp:featuredmedia":[{"embeddable":true,"href":"https:\/\/compuviper.mx\/tienda\/wp-json\/wp\/v2\/media\/210609"}],"wp:attachment":[{"href":"https:\/\/compuviper.mx\/tienda\/wp-json\/wp\/v2\/media?parent=210608"}],"wp:term":[{"taxonomy":"product_cat","embeddable":true,"href":"https:\/\/compuviper.mx\/tienda\/wp-json\/wp\/v2\/product_cat?post=210608"},{"taxonomy":"product_tag","embeddable":true,"href":"https:\/\/compuviper.mx\/tienda\/wp-json\/wp\/v2\/product_tag?post=210608"}],"curies":[{"name":"wp","href":"https:\/\/api.w.org\/{rel}","templated":true}]}}