{"id":210606,"date":"2026-04-01T23:09:56","date_gmt":"2026-04-02T05:09:56","guid":{"rendered":"https:\/\/compuviper.mx\/tienda\/producto\/startech-com-102b-usbc-multiport-docking-station-adaptador-multipuertos-usb-c-video-doble-hdmi-4k-60hz-hub-usb-3-1-pd-de-100w-cable-de-55cm-mod\/"},"modified":"2026-04-01T23:09:56","modified_gmt":"2026-04-02T05:09:56","slug":"startech-com-102b-usbc-multiport-docking-station-adaptador-multipuertos-usb-c-video-doble-hdmi-4k-60hz-hub-usb-3-1-pd-de-100w-cable-de-55cm-mod","status":"publish","type":"product","link":"https:\/\/compuviper.mx\/tienda\/producto\/startech-com-102b-usbc-multiport-docking-station-adaptador-multipuertos-usb-c-video-doble-hdmi-4k-60hz-hub-usb-3-1-pd-de-100w-cable-de-55cm-mod\/","title":{"rendered":"Startech.com 102b-usbc-multiport Docking Station &#8211; Adaptador Multipuertos Usb-c &#8211; Video Doble Hdmi &#8211; 4k 60hz &#8211; Hub Usb 3.1 &#8211; Pd De 100w &#8211; Cable De 55cm &#8211;  Mod."},"content":{"rendered":"<table class=\"descripcion\">\n<tr>\n<td>Cantidad de paquetes: 1<\/td>\n<\/tr>\n<tr>\n<td>Power delivery: 100w<\/td>\n<\/tr>\n<tr>\n<td>Longitud del producto: 120.000 mm<\/td>\n<\/tr>\n<tr>\n<td>Ancho del producto: 120.000 mm<\/td>\n<\/tr>\n<tr>\n<td>Altura del producto: 25.000 mm<\/td>\n<\/tr>\n<tr>\n<td>Peso del producto: 250.000 g<\/td>\n<\/tr>\n<tr>\n<td>Compatibilidad con 4k: si<\/td>\n<\/tr>\n<tr>\n<td>Pantallas compatibles: 2<\/td>\n<\/tr>\n<tr>\n<td>Interfaz: usb 3.2 gen 2 &#8211; 10 gbit\/s<\/td>\n<\/tr>\n<tr>\n<td>Tipo de bus: usb-c<\/td>\n<\/tr>\n<tr>\n<td>Tasa de transferencia de datos maxima: 10gbps<\/td>\n<\/tr>\n<tr>\n<td>Tipo y velocidad: usb 3.2 gen 2 &#8211; 10 gbit\/s<\/td>\n<\/tr>\n<tr>\n<td>Compatibilidad con uasp: si<\/td>\n<\/tr>\n<tr>\n<td>Redes compatibles: 10\/100\/1000 mbps<\/td>\n<\/tr>\n<tr>\n<td>Pxe: si<\/td>\n<\/tr>\n<tr>\n<td>Soporte full duplex: si<\/td>\n<\/tr>\n<tr>\n<td>Conectores del host: 1 usb 3.2 type-c (24 pin, gen 2, 10gbps)<\/td>\n<\/tr>\n<tr>\n<td>Consumo de energia: 18w watts<\/td>\n<\/tr>\n<tr>\n<td>Longitud del cable: 550 mm<\/td>\n<\/tr>\n<tr>\n<td>Color: gris espacial<\/td>\n<\/tr>\n<tr>\n<td>Tipo de gabinete: plastico<\/td>\n<\/tr>\n<tr>\n<td>Id del conjunto de chips: via &#8211; vl103r-q4<\/td>\n<\/tr>\n<tr>\n<td>Id del conjunto de chips: via &#8211; vl822-q8<\/td>\n<\/tr>\n<tr>\n<td>Id del conjunto de chips: asmedia &#8211; asm1541<\/td>\n<\/tr>\n<tr>\n<td>Id del conjunto de chips: genesys logic &#8211; gl3232s<\/td>\n<\/tr>\n<tr>\n<td>Id del conjunto de chips: realtek &#8211; rtl8211f<\/td>\n<\/tr>\n<tr>\n<td>Id del conjunto de chips: displaylink &#8211; dl-6950<\/td>\n<\/tr>\n<tr>\n<td>Mtbf: 184.713 horas h<\/td>\n<\/tr>\n<\/table>\n","protected":false},"excerpt":{"rendered":"<p>Este mini dock \/ adaptador multipuerto usb-c admite hasta un doble hdmi 2.0 de 4k 60hz convirtiendo su dell xps, macbook u otra laptop o tablet usb-c en una estacion de trabajo, alla donde vaya. El adaptador cuenta con 2 salidas de video hdmi, un hub usb 3.2 gen 2 (10 gbps) de 2 puertos (1 usb-a con carga b.C 1.2 y 1 usb-c), un lector de tarjetas sd y gigabit ethernet. El adaptador se conecta al puerto usb-c, usb4 o thunderbolt 3\/4 de su computadora anfitrion. Cargue su laptop anfitrion y cualquier periferico usb conectado conectando la fuente de alimentacion del portatil anfitrion al puerto usb power delivery (pd) 3.0 dedicado. Cuenta con un cable anfitrion extra largo de 55cm &#8211; para un mayor alcance, para ofrecer mas flexibilidad de configuracion. Video hdmi 4k 60hz certificado por displaylink cuenta con la certificacion displaylink y es compatible con la resolucion de video 4k 60hz de doble monitor de alto rendimiento con un controlador displaylink dl-6950 integrado.<\/p>\n","protected":false},"featured_media":210607,"comment_status":"open","ping_status":"open","template":"","meta":[],"product_cat":[1485,1506],"product_tag":[1590],"acf":[],"yoast_head":"<!-- This site is optimized with the Yoast SEO plugin v21.7 - https:\/\/yoast.com\/wordpress\/plugins\/seo\/ -->\n<title>[ Startech.com ] &#129351; 102b-usbc-multiport Docking Station - Adaptador Multipuertos Usb-c - Video Doble Hdmi - 4k 60hz - Hub Usb 3.1 - Pd De 100w - Cable De 55cm - Mod.<\/title>\n<meta name=\"description\" content=\"Compra 102b-usbc-multiport Docking Station - Adaptador Multipuertos Usb-c - Video Doble Hdmi - 4k 60hz - Hub Usb 3.1 - Pd De 100w - Cable De 55cm - Mod. + Env\u00edo a domicilio + Pago seguro + Garant\u00eda\" \/>\n<meta name=\"robots\" content=\"index, follow, max-snippet:-1, max-image-preview:large, max-video-preview:-1\" \/>\n<link rel=\"canonical\" href=\"https:\/\/compuviper.mx\/tienda\/producto\/startech-com-102b-usbc-multiport-docking-station-adaptador-multipuertos-usb-c-video-doble-hdmi-4k-60hz-hub-usb-3-1-pd-de-100w-cable-de-55cm-mod\/\" \/>\n<meta property=\"og:locale\" content=\"es_MX\" \/>\n<meta property=\"og:type\" content=\"article\" \/>\n<meta property=\"og:title\" content=\"[ Startech.com ] &#129351; 102b-usbc-multiport Docking Station - Adaptador Multipuertos Usb-c - Video Doble Hdmi - 4k 60hz - Hub Usb 3.1 - Pd De 100w - Cable De 55cm - Mod.\" \/>\n<meta property=\"og:description\" content=\"Compra 102b-usbc-multiport Docking Station - Adaptador Multipuertos Usb-c - Video Doble Hdmi - 4k 60hz - Hub Usb 3.1 - Pd De 100w - Cable De 55cm - Mod. + Env\u00edo a domicilio + Pago seguro + Garant\u00eda\" \/>\n<meta property=\"og:url\" content=\"https:\/\/compuviper.mx\/tienda\/producto\/startech-com-102b-usbc-multiport-docking-station-adaptador-multipuertos-usb-c-video-doble-hdmi-4k-60hz-hub-usb-3-1-pd-de-100w-cable-de-55cm-mod\/\" \/>\n<meta property=\"og:site_name\" content=\"Compuviper\" \/>\n<meta property=\"article:publisher\" content=\"https:\/\/www.facebook.com\/compuviper\" \/>\n<meta property=\"og:image\" content=\"https:\/\/compuviper.mx\/tienda\/wp-content\/uploads\/2023\/12\/Docking-station-adaptador-multipuertos-usb-c-video-doble-hdmi-4k-60hz-hub-usb-3.1-pd-de-100w-cable-de-55cm-startech.com-mod.-102b-usbc-multiport.jpg\" \/>\n\t<meta property=\"og:image:width\" content=\"200\" \/>\n\t<meta property=\"og:image:height\" content=\"200\" \/>\n\t<meta property=\"og:image:type\" content=\"image\/jpeg\" \/>\n<meta name=\"twitter:card\" content=\"summary_large_image\" \/>\n<meta name=\"twitter:label1\" content=\"Precio\" \/>\n\t<meta name=\"twitter:data1\" content=\"&#36;2,303 con IVA\" \/>\n\t<meta name=\"twitter:label2\" content=\"Availability\" \/>\n\t<meta name=\"twitter:data2\" content=\"In stock\" \/>\n<script type=\"application\/ld+json\" class=\"yoast-schema-graph\">{\"@context\":\"https:\/\/schema.org\",\"@graph\":[{\"@type\":\"WebPage\",\"@id\":\"https:\/\/compuviper.mx\/tienda\/producto\/startech-com-102b-usbc-multiport-docking-station-adaptador-multipuertos-usb-c-video-doble-hdmi-4k-60hz-hub-usb-3-1-pd-de-100w-cable-de-55cm-mod\/\",\"url\":\"https:\/\/compuviper.mx\/tienda\/producto\/startech-com-102b-usbc-multiport-docking-station-adaptador-multipuertos-usb-c-video-doble-hdmi-4k-60hz-hub-usb-3-1-pd-de-100w-cable-de-55cm-mod\/\",\"name\":\"[ Startech.com ] &#129351; 102b-usbc-multiport Docking Station - Adaptador Multipuertos Usb-c - Video Doble Hdmi - 4k 60hz - Hub Usb 3.1 - Pd De 100w - Cable De 55cm - Mod.\",\"isPartOf\":{\"@id\":\"https:\/\/compuviper.mx\/tienda\/#website\"},\"datePublished\":\"2026-04-02T05:09:56+00:00\",\"dateModified\":\"2026-04-02T05:09:56+00:00\",\"description\":\"Compra 102b-usbc-multiport Docking Station - Adaptador Multipuertos Usb-c - Video Doble Hdmi - 4k 60hz - Hub Usb 3.1 - Pd De 100w - Cable De 55cm - Mod. + Env\u00edo a domicilio + Pago seguro + Garant\u00eda\",\"breadcrumb\":{\"@id\":\"https:\/\/compuviper.mx\/tienda\/producto\/startech-com-102b-usbc-multiport-docking-station-adaptador-multipuertos-usb-c-video-doble-hdmi-4k-60hz-hub-usb-3-1-pd-de-100w-cable-de-55cm-mod\/#breadcrumb\"},\"inLanguage\":\"es-MX\",\"potentialAction\":[{\"@type\":\"ReadAction\",\"target\":[\"https:\/\/compuviper.mx\/tienda\/producto\/startech-com-102b-usbc-multiport-docking-station-adaptador-multipuertos-usb-c-video-doble-hdmi-4k-60hz-hub-usb-3-1-pd-de-100w-cable-de-55cm-mod\/\"]}]},{\"@type\":\"BreadcrumbList\",\"@id\":\"https:\/\/compuviper.mx\/tienda\/producto\/startech-com-102b-usbc-multiport-docking-station-adaptador-multipuertos-usb-c-video-doble-hdmi-4k-60hz-hub-usb-3-1-pd-de-100w-cable-de-55cm-mod\/#breadcrumb\",\"itemListElement\":[{\"@type\":\"ListItem\",\"position\":1,\"name\":\"Inicio\",\"item\":\"https:\/\/compuviper.mx\/tienda\/\"},{\"@type\":\"ListItem\",\"position\":2,\"name\":\"Productos\",\"item\":\"https:\/\/compuviper.mx\/tienda\/productos\/\"},{\"@type\":\"ListItem\",\"position\":3,\"name\":\"Accesorios\",\"item\":\"https:\/\/compuviper.mx\/tienda\/categoria-producto\/accesorios\/\"},{\"@type\":\"ListItem\",\"position\":4,\"name\":\"Conectividad\",\"item\":\"https:\/\/compuviper.mx\/tienda\/categoria-producto\/accesorios\/conectividad\/\"},{\"@type\":\"ListItem\",\"position\":5,\"name\":\"Startech.com 102b-usbc-multiport Docking Station &#8211; Adaptador Multipuertos Usb-c &#8211; Video Doble Hdmi &#8211; 4k 60hz &#8211; Hub Usb 3.1 &#8211; Pd De 100w &#8211; Cable De 55cm &#8211; Mod.\"}]},{\"@type\":\"WebSite\",\"@id\":\"https:\/\/compuviper.mx\/tienda\/#website\",\"url\":\"https:\/\/compuviper.mx\/tienda\/\",\"name\":\"Compuviper\",\"description\":\"Proveedor de Computadoras, Laptops, Servidores, Monitores, Puntos de Venta, Teclados,   Impresoras, T\u00f3ner, C\u00e1maras de Seguridad y m\u00e1s en tu tienda en l\u00ednea\",\"publisher\":{\"@id\":\"https:\/\/compuviper.mx\/tienda\/#organization\"},\"potentialAction\":[{\"@type\":\"SearchAction\",\"target\":{\"@type\":\"EntryPoint\",\"urlTemplate\":\"https:\/\/compuviper.mx\/tienda\/?s={search_term_string}\"},\"query-input\":\"required name=search_term_string\"}],\"inLanguage\":\"es-MX\"},{\"@type\":\"Organization\",\"@id\":\"https:\/\/compuviper.mx\/tienda\/#organization\",\"name\":\"Compuviper\",\"url\":\"https:\/\/compuviper.mx\/tienda\/\",\"logo\":{\"@type\":\"ImageObject\",\"inLanguage\":\"es-MX\",\"@id\":\"https:\/\/compuviper.mx\/tienda\/#\/schema\/logo\/image\/\",\"url\":\"https:\/\/compuviper.mx\/tienda\/wp-content\/uploads\/2021\/08\/Logo-Compuviper-10.png\",\"contentUrl\":\"https:\/\/compuviper.mx\/tienda\/wp-content\/uploads\/2021\/08\/Logo-Compuviper-10.png\",\"width\":1000,\"height\":500,\"caption\":\"Compuviper\"},\"image\":{\"@id\":\"https:\/\/compuviper.mx\/tienda\/#\/schema\/logo\/image\/\"},\"sameAs\":[\"https:\/\/www.facebook.com\/compuviper\",\"https:\/\/www.youtube.com\/channel\/UCf73dERp9Y3cfOq7q8BhLjA?view_as=subscriber\"]}]}<\/script>\n<meta property=\"product:brand\" content=\"STARTECH.COM\" \/>\n<meta property=\"product:price:amount\" content=\"2303\" \/>\n<meta property=\"product:price:currency\" content=\"MXN\" \/>\n<meta property=\"og:availability\" content=\"instock\" \/>\n<meta property=\"product:availability\" content=\"instock\" \/>\n<meta property=\"product:retailer_item_id\" content=\"102B-USBC-MULTIPORT\" \/>\n<meta property=\"product:condition\" content=\"new\" \/>\n<!-- \/ Yoast SEO plugin. -->","yoast_head_json":{"title":"[ Startech.com ] &#129351; 102b-usbc-multiport Docking Station - Adaptador Multipuertos Usb-c - Video Doble Hdmi - 4k 60hz - Hub Usb 3.1 - Pd De 100w - Cable De 55cm - Mod.","description":"Compra 102b-usbc-multiport Docking Station - Adaptador Multipuertos Usb-c - Video Doble Hdmi - 4k 60hz - Hub Usb 3.1 - Pd De 100w - Cable De 55cm - Mod. + Env\u00edo a domicilio + Pago seguro + Garant\u00eda","robots":{"index":"index","follow":"follow","max-snippet":"max-snippet:-1","max-image-preview":"max-image-preview:large","max-video-preview":"max-video-preview:-1"},"canonical":"https:\/\/compuviper.mx\/tienda\/producto\/startech-com-102b-usbc-multiport-docking-station-adaptador-multipuertos-usb-c-video-doble-hdmi-4k-60hz-hub-usb-3-1-pd-de-100w-cable-de-55cm-mod\/","og_locale":"es_MX","og_type":"article","og_title":"[ Startech.com ] &#129351; 102b-usbc-multiport Docking Station - Adaptador Multipuertos Usb-c - Video Doble Hdmi - 4k 60hz - Hub Usb 3.1 - Pd De 100w - Cable De 55cm - Mod.","og_description":"Compra 102b-usbc-multiport Docking Station - Adaptador Multipuertos Usb-c - Video Doble Hdmi - 4k 60hz - Hub Usb 3.1 - Pd De 100w - Cable De 55cm - Mod. + Env\u00edo a domicilio + Pago seguro + Garant\u00eda","og_url":"https:\/\/compuviper.mx\/tienda\/producto\/startech-com-102b-usbc-multiport-docking-station-adaptador-multipuertos-usb-c-video-doble-hdmi-4k-60hz-hub-usb-3-1-pd-de-100w-cable-de-55cm-mod\/","og_site_name":"Compuviper","article_publisher":"https:\/\/www.facebook.com\/compuviper","og_image":[{"width":200,"height":200,"url":"https:\/\/compuviper.mx\/tienda\/wp-content\/uploads\/2023\/12\/Docking-station-adaptador-multipuertos-usb-c-video-doble-hdmi-4k-60hz-hub-usb-3.1-pd-de-100w-cable-de-55cm-startech.com-mod.-102b-usbc-multiport.jpg","type":"image\/jpeg"}],"twitter_card":"summary_large_image","twitter_misc":{"Precio":"&#36;2,303 con IVA","Availability":"In stock"},"schema":{"@context":"https:\/\/schema.org","@graph":[{"@type":"WebPage","@id":"https:\/\/compuviper.mx\/tienda\/producto\/startech-com-102b-usbc-multiport-docking-station-adaptador-multipuertos-usb-c-video-doble-hdmi-4k-60hz-hub-usb-3-1-pd-de-100w-cable-de-55cm-mod\/","url":"https:\/\/compuviper.mx\/tienda\/producto\/startech-com-102b-usbc-multiport-docking-station-adaptador-multipuertos-usb-c-video-doble-hdmi-4k-60hz-hub-usb-3-1-pd-de-100w-cable-de-55cm-mod\/","name":"[ Startech.com ] &#129351; 102b-usbc-multiport Docking Station - Adaptador Multipuertos Usb-c - Video Doble Hdmi - 4k 60hz - Hub Usb 3.1 - Pd De 100w - Cable De 55cm - Mod.","isPartOf":{"@id":"https:\/\/compuviper.mx\/tienda\/#website"},"datePublished":"2026-04-02T05:09:56+00:00","dateModified":"2026-04-02T05:09:56+00:00","description":"Compra 102b-usbc-multiport Docking Station - Adaptador Multipuertos Usb-c - Video Doble Hdmi - 4k 60hz - Hub Usb 3.1 - Pd De 100w - Cable De 55cm - Mod. + Env\u00edo a domicilio + Pago seguro + Garant\u00eda","breadcrumb":{"@id":"https:\/\/compuviper.mx\/tienda\/producto\/startech-com-102b-usbc-multiport-docking-station-adaptador-multipuertos-usb-c-video-doble-hdmi-4k-60hz-hub-usb-3-1-pd-de-100w-cable-de-55cm-mod\/#breadcrumb"},"inLanguage":"es-MX","potentialAction":[{"@type":"ReadAction","target":["https:\/\/compuviper.mx\/tienda\/producto\/startech-com-102b-usbc-multiport-docking-station-adaptador-multipuertos-usb-c-video-doble-hdmi-4k-60hz-hub-usb-3-1-pd-de-100w-cable-de-55cm-mod\/"]}]},{"@type":"BreadcrumbList","@id":"https:\/\/compuviper.mx\/tienda\/producto\/startech-com-102b-usbc-multiport-docking-station-adaptador-multipuertos-usb-c-video-doble-hdmi-4k-60hz-hub-usb-3-1-pd-de-100w-cable-de-55cm-mod\/#breadcrumb","itemListElement":[{"@type":"ListItem","position":1,"name":"Inicio","item":"https:\/\/compuviper.mx\/tienda\/"},{"@type":"ListItem","position":2,"name":"Productos","item":"https:\/\/compuviper.mx\/tienda\/productos\/"},{"@type":"ListItem","position":3,"name":"Accesorios","item":"https:\/\/compuviper.mx\/tienda\/categoria-producto\/accesorios\/"},{"@type":"ListItem","position":4,"name":"Conectividad","item":"https:\/\/compuviper.mx\/tienda\/categoria-producto\/accesorios\/conectividad\/"},{"@type":"ListItem","position":5,"name":"Startech.com 102b-usbc-multiport Docking Station &#8211; Adaptador Multipuertos Usb-c &#8211; Video Doble Hdmi &#8211; 4k 60hz &#8211; Hub Usb 3.1 &#8211; Pd De 100w &#8211; Cable De 55cm &#8211; Mod."}]},{"@type":"WebSite","@id":"https:\/\/compuviper.mx\/tienda\/#website","url":"https:\/\/compuviper.mx\/tienda\/","name":"Compuviper","description":"Proveedor de Computadoras, Laptops, Servidores, Monitores, Puntos de Venta, Teclados,   Impresoras, T\u00f3ner, C\u00e1maras de Seguridad y m\u00e1s en tu tienda en l\u00ednea","publisher":{"@id":"https:\/\/compuviper.mx\/tienda\/#organization"},"potentialAction":[{"@type":"SearchAction","target":{"@type":"EntryPoint","urlTemplate":"https:\/\/compuviper.mx\/tienda\/?s={search_term_string}"},"query-input":"required name=search_term_string"}],"inLanguage":"es-MX"},{"@type":"Organization","@id":"https:\/\/compuviper.mx\/tienda\/#organization","name":"Compuviper","url":"https:\/\/compuviper.mx\/tienda\/","logo":{"@type":"ImageObject","inLanguage":"es-MX","@id":"https:\/\/compuviper.mx\/tienda\/#\/schema\/logo\/image\/","url":"https:\/\/compuviper.mx\/tienda\/wp-content\/uploads\/2021\/08\/Logo-Compuviper-10.png","contentUrl":"https:\/\/compuviper.mx\/tienda\/wp-content\/uploads\/2021\/08\/Logo-Compuviper-10.png","width":1000,"height":500,"caption":"Compuviper"},"image":{"@id":"https:\/\/compuviper.mx\/tienda\/#\/schema\/logo\/image\/"},"sameAs":["https:\/\/www.facebook.com\/compuviper","https:\/\/www.youtube.com\/channel\/UCf73dERp9Y3cfOq7q8BhLjA?view_as=subscriber"]}]},"product_brand":"STARTECH.COM","product_price_amount":"2303","product_price_currency":"MXN","og_availability":"instock","product_availability":"instock","product_retailer_item_id":"102B-USBC-MULTIPORT","product_condition":"new"},"_links":{"self":[{"href":"https:\/\/compuviper.mx\/tienda\/wp-json\/wp\/v2\/product\/210606"}],"collection":[{"href":"https:\/\/compuviper.mx\/tienda\/wp-json\/wp\/v2\/product"}],"about":[{"href":"https:\/\/compuviper.mx\/tienda\/wp-json\/wp\/v2\/types\/product"}],"replies":[{"embeddable":true,"href":"https:\/\/compuviper.mx\/tienda\/wp-json\/wp\/v2\/comments?post=210606"}],"wp:featuredmedia":[{"embeddable":true,"href":"https:\/\/compuviper.mx\/tienda\/wp-json\/wp\/v2\/media\/210607"}],"wp:attachment":[{"href":"https:\/\/compuviper.mx\/tienda\/wp-json\/wp\/v2\/media?parent=210606"}],"wp:term":[{"taxonomy":"product_cat","embeddable":true,"href":"https:\/\/compuviper.mx\/tienda\/wp-json\/wp\/v2\/product_cat?post=210606"},{"taxonomy":"product_tag","embeddable":true,"href":"https:\/\/compuviper.mx\/tienda\/wp-json\/wp\/v2\/product_tag?post=210606"}],"curies":[{"name":"wp","href":"https:\/\/api.w.org\/{rel}","templated":true}]}}