{"id":210604,"date":"2026-04-01T23:09:56","date_gmt":"2026-04-02T05:09:56","guid":{"rendered":"https:\/\/compuviper.mx\/tienda\/producto\/startech-com-fpwarts2-soporte-de-pared-para-tv-brazo-de-articulacion-total-tvs-hasta-100-y-76kg-mod\/"},"modified":"2026-04-01T23:09:56","modified_gmt":"2026-04-02T05:09:56","slug":"startech-com-fpwarts2-soporte-de-pared-para-tv-brazo-de-articulacion-total-tvs-hasta-100-y-76kg-mod","status":"publish","type":"product","link":"https:\/\/compuviper.mx\/tienda\/producto\/startech-com-fpwarts2-soporte-de-pared-para-tv-brazo-de-articulacion-total-tvs-hasta-100-y-76kg-mod\/","title":{"rendered":"Startech.com Fpwarts2   Soporte De Pared Para Tv &#8211; Brazo De Articulacion Total &#8211; Tvs Hasta 100 Y 76kg &#8211;  Mod."},"content":{"rendered":"<table class=\"descripcion\">\n<tr>\n<td>Rotacion de la pantalla: +3\u00b0 \/ -3\u00b0<\/td>\n<\/tr>\n<tr>\n<td>Color: negro<\/td>\n<\/tr>\n<tr>\n<td>Patron(es) vesa de agujeros de montaje: 400&#215;400 mm \/600&#215;200 mm \/ 600&#215;300 mm \/600&#215;400 mm<\/td>\n<\/tr>\n<tr>\n<td>Tipo de gabinete: acero<\/td>\n<\/tr>\n<tr>\n<td>Montaje en pared: si<\/td>\n<\/tr>\n<tr>\n<td>Gestion de cables: si<\/td>\n<\/tr>\n<tr>\n<td>Articulado: si<\/td>\n<\/tr>\n<tr>\n<td>Numero de pantallas admitidas: 1<\/td>\n<\/tr>\n<tr>\n<td>Opciones de montaje: montaje en pared<\/td>\n<\/tr>\n<tr>\n<td>Minimum profile from wall: 70 mm<\/td>\n<\/tr>\n<tr>\n<td>Patron(es) vesa de agujeros de montaje: 200&#215;100 mm \/ 200&#215;200 mm \/ 200&#215;300 mm \/ 200&#215;400 mm \/ 300&#215;200 mm \/ 300&#215;300 mm \/ 400&#215;200 mm \/ 400&#215;300 mm<\/td>\n<\/tr>\n<tr>\n<td>Capacidad de carga: 75000 g<\/td>\n<\/tr>\n<tr>\n<td>Tamano minimo de la pantalla: 37<\/td>\n<\/tr>\n<tr>\n<td>Tamano maximo de la pantalla: 100<\/td>\n<\/tr>\n<tr>\n<td>Fits curved display: si<\/td>\n<\/tr>\n<tr>\n<td>Minimum arm extension: 75 mm<\/td>\n<\/tr>\n<tr>\n<td>Extension maxima del brazo: 805 mm<\/td>\n<\/tr>\n<tr>\n<td>Inclinacion: +2\u00b0 \/ -15\u00b0<\/td>\n<\/tr>\n<tr>\n<td>Giro: +60\u00b0 \/ -60\u00b0<\/td>\n<\/tr>\n<tr>\n<td>Giro \/ pivotacion: +90\u00b0 \/ -90\u00b0<\/td>\n<\/tr>\n<tr>\n<td>Longitud del producto: 670.000 mm<\/td>\n<\/tr>\n<tr>\n<td>Ancho del producto: 800.000 mm<\/td>\n<\/tr>\n<tr>\n<td>Altura del producto: 487.000 mm<\/td>\n<\/tr>\n<tr>\n<td>Peso del producto: 16800.000 g<\/td>\n<\/tr>\n<\/table>\n","protected":false},"excerpt":{"rendered":"<p>Este soporte giratorio de montaje en pared para televisor resulta ideal para espacios de reunion, vestibulos, salas de reuniones, salones de clase u otros entornos. Es una forma impresionante y segura de visualizar un televisor grande de pantalla plana o instalar un panel de senalizacion digital, a la vez que ahorra espacio. Resistente fabricacion en acero el soporte para tv y montaje en pared, de servicio pesado, esta fabricado con acero de alto nivel y es compatible con soportes vesa, incluso televisores de pantalla curva de hasta 100 y tiene capacidad para un peso de hasta 75kg. Ajuste con movimiento completo con un movimiento suave y sin esfuerzo es posible extender el brazo articulado desde la pared a hasta 805mm. Puede ademas retraer el brazo, para que quede a 75mm de la superficie de la pared. Ajuste la pantalla al angulo de visualizacion adecuado entre +\/- 60 grados e inclinela entre -2 a +15 grados, en la posicion ideal de visualizacion y reducir los reflejos.<\/p>\n","protected":false},"featured_media":210605,"comment_status":"open","ping_status":"open","template":"","meta":[],"product_cat":[2321,2265],"product_tag":[1590],"acf":[],"yoast_head":"<!-- This site is optimized with the Yoast SEO plugin v21.7 - https:\/\/yoast.com\/wordpress\/plugins\/seo\/ -->\n<title>[ Startech.com ] &#129351; Fpwarts2 Soporte De Pared Para Tv - Brazo De Articulacion Total - Tvs Hasta 100 Y 76kg - Mod.<\/title>\n<meta name=\"description\" content=\"Compra Fpwarts2 Soporte De Pared Para Tv - Brazo De Articulacion Total - Tvs Hasta 100 Y 76kg - Mod. + Env\u00edo a domicilio + Pago seguro + Garant\u00eda\" \/>\n<meta name=\"robots\" content=\"index, follow, max-snippet:-1, max-image-preview:large, max-video-preview:-1\" \/>\n<link rel=\"canonical\" href=\"https:\/\/compuviper.mx\/tienda\/producto\/startech-com-fpwarts2-soporte-de-pared-para-tv-brazo-de-articulacion-total-tvs-hasta-100-y-76kg-mod\/\" \/>\n<meta property=\"og:locale\" content=\"es_MX\" \/>\n<meta property=\"og:type\" content=\"article\" \/>\n<meta property=\"og:title\" content=\"[ Startech.com ] &#129351; Fpwarts2 Soporte De Pared Para Tv - Brazo De Articulacion Total - Tvs Hasta 100 Y 76kg - Mod.\" \/>\n<meta property=\"og:description\" content=\"Compra Fpwarts2 Soporte De Pared Para Tv - Brazo De Articulacion Total - Tvs Hasta 100 Y 76kg - Mod. + Env\u00edo a domicilio + Pago seguro + Garant\u00eda\" \/>\n<meta property=\"og:url\" content=\"https:\/\/compuviper.mx\/tienda\/producto\/startech-com-fpwarts2-soporte-de-pared-para-tv-brazo-de-articulacion-total-tvs-hasta-100-y-76kg-mod\/\" \/>\n<meta property=\"og:site_name\" content=\"Compuviper\" \/>\n<meta property=\"article:publisher\" content=\"https:\/\/www.facebook.com\/compuviper\" \/>\n<meta property=\"og:image\" content=\"https:\/\/compuviper.mx\/tienda\/wp-content\/uploads\/2023\/12\/Startech.com-fpwarts2-soporte-de-pared-para-tv-brazo-de-articulacion-total-tvs-hasta-100-y-76kg-startech.com-mod.-fpwarts2.jpg\" \/>\n\t<meta property=\"og:image:width\" content=\"200\" \/>\n\t<meta property=\"og:image:height\" content=\"200\" \/>\n\t<meta property=\"og:image:type\" content=\"image\/jpeg\" \/>\n<meta name=\"twitter:card\" content=\"summary_large_image\" \/>\n<meta name=\"twitter:label1\" content=\"Precio\" \/>\n\t<meta name=\"twitter:data1\" content=\"&#36;5,625 con IVA\" \/>\n\t<meta name=\"twitter:label2\" content=\"Availability\" \/>\n\t<meta name=\"twitter:data2\" content=\"Out of stock\" \/>\n<script type=\"application\/ld+json\" class=\"yoast-schema-graph\">{\"@context\":\"https:\/\/schema.org\",\"@graph\":[{\"@type\":\"WebPage\",\"@id\":\"https:\/\/compuviper.mx\/tienda\/producto\/startech-com-fpwarts2-soporte-de-pared-para-tv-brazo-de-articulacion-total-tvs-hasta-100-y-76kg-mod\/\",\"url\":\"https:\/\/compuviper.mx\/tienda\/producto\/startech-com-fpwarts2-soporte-de-pared-para-tv-brazo-de-articulacion-total-tvs-hasta-100-y-76kg-mod\/\",\"name\":\"[ Startech.com ] &#129351; Fpwarts2 Soporte De Pared Para Tv - Brazo De Articulacion Total - Tvs Hasta 100 Y 76kg - Mod.\",\"isPartOf\":{\"@id\":\"https:\/\/compuviper.mx\/tienda\/#website\"},\"datePublished\":\"2026-04-02T05:09:56+00:00\",\"dateModified\":\"2026-04-02T05:09:56+00:00\",\"description\":\"Compra Fpwarts2 Soporte De Pared Para Tv - Brazo De Articulacion Total - Tvs Hasta 100 Y 76kg - Mod. + Env\u00edo a domicilio + Pago seguro + Garant\u00eda\",\"breadcrumb\":{\"@id\":\"https:\/\/compuviper.mx\/tienda\/producto\/startech-com-fpwarts2-soporte-de-pared-para-tv-brazo-de-articulacion-total-tvs-hasta-100-y-76kg-mod\/#breadcrumb\"},\"inLanguage\":\"es-MX\",\"potentialAction\":[{\"@type\":\"ReadAction\",\"target\":[\"https:\/\/compuviper.mx\/tienda\/producto\/startech-com-fpwarts2-soporte-de-pared-para-tv-brazo-de-articulacion-total-tvs-hasta-100-y-76kg-mod\/\"]}]},{\"@type\":\"BreadcrumbList\",\"@id\":\"https:\/\/compuviper.mx\/tienda\/producto\/startech-com-fpwarts2-soporte-de-pared-para-tv-brazo-de-articulacion-total-tvs-hasta-100-y-76kg-mod\/#breadcrumb\",\"itemListElement\":[{\"@type\":\"ListItem\",\"position\":1,\"name\":\"Inicio\",\"item\":\"https:\/\/compuviper.mx\/tienda\/\"},{\"@type\":\"ListItem\",\"position\":2,\"name\":\"Productos\",\"item\":\"https:\/\/compuviper.mx\/tienda\/productos\/\"},{\"@type\":\"ListItem\",\"position\":3,\"name\":\"Soportes Y Bases P\/tv\/ Proyectores\/dvd\/consolas\/bocinas\/pantallas\/monotores\",\"item\":\"https:\/\/compuviper.mx\/tienda\/categoria-producto\/soportes-y-bases-p-tv-proyectores-dvd-consolas-bocinas-pantallas-monotores\/\"},{\"@type\":\"ListItem\",\"position\":4,\"name\":\"Soporte Y Base Para Tv\/pantallas\/monitores\/kiosko\",\"item\":\"https:\/\/compuviper.mx\/tienda\/categoria-producto\/soportes-y-bases-p-tv-proyectores-dvd-consolas-bocinas-pantallas-monotores\/soporte-y-base-para-tv-pantallas-monitores-kiosko\/\"},{\"@type\":\"ListItem\",\"position\":5,\"name\":\"Startech.com Fpwarts2 Soporte De Pared Para Tv &#8211; Brazo De Articulacion Total &#8211; Tvs Hasta 100 Y 76kg &#8211; Mod.\"}]},{\"@type\":\"WebSite\",\"@id\":\"https:\/\/compuviper.mx\/tienda\/#website\",\"url\":\"https:\/\/compuviper.mx\/tienda\/\",\"name\":\"Compuviper\",\"description\":\"Proveedor de Computadoras, Laptops, Servidores, Monitores, Puntos de Venta, Teclados,   Impresoras, T\u00f3ner, C\u00e1maras de Seguridad y m\u00e1s en tu tienda en l\u00ednea\",\"publisher\":{\"@id\":\"https:\/\/compuviper.mx\/tienda\/#organization\"},\"potentialAction\":[{\"@type\":\"SearchAction\",\"target\":{\"@type\":\"EntryPoint\",\"urlTemplate\":\"https:\/\/compuviper.mx\/tienda\/?s={search_term_string}\"},\"query-input\":\"required name=search_term_string\"}],\"inLanguage\":\"es-MX\"},{\"@type\":\"Organization\",\"@id\":\"https:\/\/compuviper.mx\/tienda\/#organization\",\"name\":\"Compuviper\",\"url\":\"https:\/\/compuviper.mx\/tienda\/\",\"logo\":{\"@type\":\"ImageObject\",\"inLanguage\":\"es-MX\",\"@id\":\"https:\/\/compuviper.mx\/tienda\/#\/schema\/logo\/image\/\",\"url\":\"https:\/\/compuviper.mx\/tienda\/wp-content\/uploads\/2021\/08\/Logo-Compuviper-10.png\",\"contentUrl\":\"https:\/\/compuviper.mx\/tienda\/wp-content\/uploads\/2021\/08\/Logo-Compuviper-10.png\",\"width\":1000,\"height\":500,\"caption\":\"Compuviper\"},\"image\":{\"@id\":\"https:\/\/compuviper.mx\/tienda\/#\/schema\/logo\/image\/\"},\"sameAs\":[\"https:\/\/www.facebook.com\/compuviper\",\"https:\/\/www.youtube.com\/channel\/UCf73dERp9Y3cfOq7q8BhLjA?view_as=subscriber\"]}]}<\/script>\n<meta property=\"product:brand\" content=\"STARTECH.COM\" \/>\n<meta property=\"product:price:amount\" content=\"5625\" \/>\n<meta property=\"product:price:currency\" content=\"MXN\" \/>\n<meta property=\"og:availability\" content=\"out of stock\" \/>\n<meta property=\"product:availability\" content=\"out of stock\" \/>\n<meta property=\"product:retailer_item_id\" content=\"FPWARTS2\" \/>\n<meta property=\"product:condition\" content=\"new\" \/>\n<!-- \/ Yoast SEO plugin. -->","yoast_head_json":{"title":"[ Startech.com ] &#129351; Fpwarts2 Soporte De Pared Para Tv - Brazo De Articulacion Total - Tvs Hasta 100 Y 76kg - Mod.","description":"Compra Fpwarts2 Soporte De Pared Para Tv - Brazo De Articulacion Total - Tvs Hasta 100 Y 76kg - Mod. + Env\u00edo a domicilio + Pago seguro + Garant\u00eda","robots":{"index":"index","follow":"follow","max-snippet":"max-snippet:-1","max-image-preview":"max-image-preview:large","max-video-preview":"max-video-preview:-1"},"canonical":"https:\/\/compuviper.mx\/tienda\/producto\/startech-com-fpwarts2-soporte-de-pared-para-tv-brazo-de-articulacion-total-tvs-hasta-100-y-76kg-mod\/","og_locale":"es_MX","og_type":"article","og_title":"[ Startech.com ] &#129351; Fpwarts2 Soporte De Pared Para Tv - Brazo De Articulacion Total - Tvs Hasta 100 Y 76kg - Mod.","og_description":"Compra Fpwarts2 Soporte De Pared Para Tv - Brazo De Articulacion Total - Tvs Hasta 100 Y 76kg - Mod. + Env\u00edo a domicilio + Pago seguro + Garant\u00eda","og_url":"https:\/\/compuviper.mx\/tienda\/producto\/startech-com-fpwarts2-soporte-de-pared-para-tv-brazo-de-articulacion-total-tvs-hasta-100-y-76kg-mod\/","og_site_name":"Compuviper","article_publisher":"https:\/\/www.facebook.com\/compuviper","og_image":[{"width":200,"height":200,"url":"https:\/\/compuviper.mx\/tienda\/wp-content\/uploads\/2023\/12\/Startech.com-fpwarts2-soporte-de-pared-para-tv-brazo-de-articulacion-total-tvs-hasta-100-y-76kg-startech.com-mod.-fpwarts2.jpg","type":"image\/jpeg"}],"twitter_card":"summary_large_image","twitter_misc":{"Precio":"&#36;5,625 con IVA","Availability":"Out of stock"},"schema":{"@context":"https:\/\/schema.org","@graph":[{"@type":"WebPage","@id":"https:\/\/compuviper.mx\/tienda\/producto\/startech-com-fpwarts2-soporte-de-pared-para-tv-brazo-de-articulacion-total-tvs-hasta-100-y-76kg-mod\/","url":"https:\/\/compuviper.mx\/tienda\/producto\/startech-com-fpwarts2-soporte-de-pared-para-tv-brazo-de-articulacion-total-tvs-hasta-100-y-76kg-mod\/","name":"[ Startech.com ] &#129351; Fpwarts2 Soporte De Pared Para Tv - Brazo De Articulacion Total - Tvs Hasta 100 Y 76kg - Mod.","isPartOf":{"@id":"https:\/\/compuviper.mx\/tienda\/#website"},"datePublished":"2026-04-02T05:09:56+00:00","dateModified":"2026-04-02T05:09:56+00:00","description":"Compra Fpwarts2 Soporte De Pared Para Tv - Brazo De Articulacion Total - Tvs Hasta 100 Y 76kg - Mod. + Env\u00edo a domicilio + Pago seguro + Garant\u00eda","breadcrumb":{"@id":"https:\/\/compuviper.mx\/tienda\/producto\/startech-com-fpwarts2-soporte-de-pared-para-tv-brazo-de-articulacion-total-tvs-hasta-100-y-76kg-mod\/#breadcrumb"},"inLanguage":"es-MX","potentialAction":[{"@type":"ReadAction","target":["https:\/\/compuviper.mx\/tienda\/producto\/startech-com-fpwarts2-soporte-de-pared-para-tv-brazo-de-articulacion-total-tvs-hasta-100-y-76kg-mod\/"]}]},{"@type":"BreadcrumbList","@id":"https:\/\/compuviper.mx\/tienda\/producto\/startech-com-fpwarts2-soporte-de-pared-para-tv-brazo-de-articulacion-total-tvs-hasta-100-y-76kg-mod\/#breadcrumb","itemListElement":[{"@type":"ListItem","position":1,"name":"Inicio","item":"https:\/\/compuviper.mx\/tienda\/"},{"@type":"ListItem","position":2,"name":"Productos","item":"https:\/\/compuviper.mx\/tienda\/productos\/"},{"@type":"ListItem","position":3,"name":"Soportes Y Bases P\/tv\/ Proyectores\/dvd\/consolas\/bocinas\/pantallas\/monotores","item":"https:\/\/compuviper.mx\/tienda\/categoria-producto\/soportes-y-bases-p-tv-proyectores-dvd-consolas-bocinas-pantallas-monotores\/"},{"@type":"ListItem","position":4,"name":"Soporte Y Base Para Tv\/pantallas\/monitores\/kiosko","item":"https:\/\/compuviper.mx\/tienda\/categoria-producto\/soportes-y-bases-p-tv-proyectores-dvd-consolas-bocinas-pantallas-monotores\/soporte-y-base-para-tv-pantallas-monitores-kiosko\/"},{"@type":"ListItem","position":5,"name":"Startech.com Fpwarts2 Soporte De Pared Para Tv &#8211; Brazo De Articulacion Total &#8211; Tvs Hasta 100 Y 76kg &#8211; Mod."}]},{"@type":"WebSite","@id":"https:\/\/compuviper.mx\/tienda\/#website","url":"https:\/\/compuviper.mx\/tienda\/","name":"Compuviper","description":"Proveedor de Computadoras, Laptops, Servidores, Monitores, Puntos de Venta, Teclados,   Impresoras, T\u00f3ner, C\u00e1maras de Seguridad y m\u00e1s en tu tienda en l\u00ednea","publisher":{"@id":"https:\/\/compuviper.mx\/tienda\/#organization"},"potentialAction":[{"@type":"SearchAction","target":{"@type":"EntryPoint","urlTemplate":"https:\/\/compuviper.mx\/tienda\/?s={search_term_string}"},"query-input":"required name=search_term_string"}],"inLanguage":"es-MX"},{"@type":"Organization","@id":"https:\/\/compuviper.mx\/tienda\/#organization","name":"Compuviper","url":"https:\/\/compuviper.mx\/tienda\/","logo":{"@type":"ImageObject","inLanguage":"es-MX","@id":"https:\/\/compuviper.mx\/tienda\/#\/schema\/logo\/image\/","url":"https:\/\/compuviper.mx\/tienda\/wp-content\/uploads\/2021\/08\/Logo-Compuviper-10.png","contentUrl":"https:\/\/compuviper.mx\/tienda\/wp-content\/uploads\/2021\/08\/Logo-Compuviper-10.png","width":1000,"height":500,"caption":"Compuviper"},"image":{"@id":"https:\/\/compuviper.mx\/tienda\/#\/schema\/logo\/image\/"},"sameAs":["https:\/\/www.facebook.com\/compuviper","https:\/\/www.youtube.com\/channel\/UCf73dERp9Y3cfOq7q8BhLjA?view_as=subscriber"]}]},"product_brand":"STARTECH.COM","product_price_amount":"5625","product_price_currency":"MXN","og_availability":"out of stock","product_availability":"out of stock","product_retailer_item_id":"FPWARTS2","product_condition":"new"},"_links":{"self":[{"href":"https:\/\/compuviper.mx\/tienda\/wp-json\/wp\/v2\/product\/210604"}],"collection":[{"href":"https:\/\/compuviper.mx\/tienda\/wp-json\/wp\/v2\/product"}],"about":[{"href":"https:\/\/compuviper.mx\/tienda\/wp-json\/wp\/v2\/types\/product"}],"replies":[{"embeddable":true,"href":"https:\/\/compuviper.mx\/tienda\/wp-json\/wp\/v2\/comments?post=210604"}],"wp:featuredmedia":[{"embeddable":true,"href":"https:\/\/compuviper.mx\/tienda\/wp-json\/wp\/v2\/media\/210605"}],"wp:attachment":[{"href":"https:\/\/compuviper.mx\/tienda\/wp-json\/wp\/v2\/media?parent=210604"}],"wp:term":[{"taxonomy":"product_cat","embeddable":true,"href":"https:\/\/compuviper.mx\/tienda\/wp-json\/wp\/v2\/product_cat?post=210604"},{"taxonomy":"product_tag","embeddable":true,"href":"https:\/\/compuviper.mx\/tienda\/wp-json\/wp\/v2\/product_tag?post=210604"}],"curies":[{"name":"wp","href":"https:\/\/api.w.org\/{rel}","templated":true}]}}