{"id":210594,"date":"2026-04-16T23:07:49","date_gmt":"2026-04-17T05:07:49","guid":{"rendered":"https:\/\/compuviper.mx\/tienda\/producto\/startech-com-cabshelf1u-charola-estante-fijo-voladizo-universal-1u-de-19-para-rack-armario-en-acero-15kg-7-de-profundidad-negro-mod\/"},"modified":"2026-04-16T23:07:49","modified_gmt":"2026-04-17T05:07:49","slug":"startech-com-cabshelf1u-charola-estante-fijo-voladizo-universal-1u-de-19-para-rack-armario-en-acero-15kg-7-de-profundidad-negro-mod","status":"publish","type":"product","link":"https:\/\/compuviper.mx\/tienda\/producto\/startech-com-cabshelf1u-charola-estante-fijo-voladizo-universal-1u-de-19-para-rack-armario-en-acero-15kg-7-de-profundidad-negro-mod\/","title":{"rendered":"Startech.com Cabshelf1u Charola Estante Fijo Voladizo Universal 1u De 19 Para Rack Armario &#8211; En Acero &#8211; 15kg &#8211; 7 De Profundidad &#8211; Negro &#8211;  Mod."},"content":{"rendered":"<table class=\"descripcion\">\n<tr>\n<td>Ancho interno: 442.7 mm<\/td>\n<\/tr>\n<tr>\n<td>Gestion de cables: no<\/td>\n<\/tr>\n<tr>\n<td>Capacidad de carga estacionario: 15000 g<\/td>\n<\/tr>\n<tr>\n<td>Longitud del producto: 178.000 mm<\/td>\n<\/tr>\n<tr>\n<td>Ancho del producto: 443.000 mm<\/td>\n<\/tr>\n<tr>\n<td>Altura del producto: 45.000 mm<\/td>\n<\/tr>\n<tr>\n<td>Altura u: 1u<\/td>\n<\/tr>\n<tr>\n<td>Peso del producto: 1202.472 g<\/td>\n<\/tr>\n<tr>\n<td>Color: negro<\/td>\n<\/tr>\n<tr>\n<td>Opciones de montaje: montaje frontal delantero solamente<\/td>\n<\/tr>\n<tr>\n<td>Tipo de marco: acero<\/td>\n<\/tr>\n<\/table>\n","protected":false},"excerpt":{"rendered":"<p>La charola fija universal para rack de servidores negro, cabshelf1u permite agregar una charola fija y compacta a cualquier rack o gabinete estandar de 19 pulgadas con opciones de montaje frontal. Este producto cumple con los requisitos del acuerdo taa trade agreements act, ley de acuerdos comerciales federal de ee.Uu., lo cual permite compras gubernamentales del programa gsa. Fabricado en acero laminado en frio de grado comercial spcc, esta charola fija para rack de servidores permite albergar equipos de hasta 15 kg 33 libras &#8211; una solucion perfecta para almacenar equipos pequenos que no son de montaje en rack, herramientas, perifericos o accesorios pequenos manteniendo el facil acceso a los mismos.<\/p>\n","protected":false},"featured_media":210595,"comment_status":"open","ping_status":"open","template":"","meta":[],"product_cat":[1485,1488],"product_tag":[1590],"acf":[],"yoast_head":"<!-- This site is optimized with the Yoast SEO plugin v21.7 - https:\/\/yoast.com\/wordpress\/plugins\/seo\/ -->\n<title>[ Startech.com ] &#129351; Cabshelf1u Charola Estante Fijo Voladizo Universal 1u De 19 Para Rack Armario - En Acero - 15kg - 7 De Profundidad - Negro - Mod.<\/title>\n<meta name=\"description\" content=\"Compra Cabshelf1u Charola Estante Fijo Voladizo Universal 1u De 19 Para Rack Armario - En Acero - 15kg - 7 De Profundidad - Negro - Mod. + Env\u00edo a domicilio + Pago seguro + Garant\u00eda\" \/>\n<meta name=\"robots\" content=\"index, follow, max-snippet:-1, max-image-preview:large, max-video-preview:-1\" \/>\n<link rel=\"canonical\" href=\"https:\/\/compuviper.mx\/tienda\/producto\/startech-com-cabshelf1u-charola-estante-fijo-voladizo-universal-1u-de-19-para-rack-armario-en-acero-15kg-7-de-profundidad-negro-mod\/\" \/>\n<meta property=\"og:locale\" content=\"es_MX\" \/>\n<meta property=\"og:type\" content=\"article\" \/>\n<meta property=\"og:title\" content=\"[ Startech.com ] &#129351; Cabshelf1u Charola Estante Fijo Voladizo Universal 1u De 19 Para Rack Armario - En Acero - 15kg - 7 De Profundidad - Negro - Mod.\" \/>\n<meta property=\"og:description\" content=\"Compra Cabshelf1u Charola Estante Fijo Voladizo Universal 1u De 19 Para Rack Armario - En Acero - 15kg - 7 De Profundidad - Negro - Mod. + Env\u00edo a domicilio + Pago seguro + Garant\u00eda\" \/>\n<meta property=\"og:url\" content=\"https:\/\/compuviper.mx\/tienda\/producto\/startech-com-cabshelf1u-charola-estante-fijo-voladizo-universal-1u-de-19-para-rack-armario-en-acero-15kg-7-de-profundidad-negro-mod\/\" \/>\n<meta property=\"og:site_name\" content=\"Compuviper\" \/>\n<meta property=\"article:publisher\" content=\"https:\/\/www.facebook.com\/compuviper\" \/>\n<meta property=\"og:image\" content=\"https:\/\/compuviper.mx\/tienda\/wp-content\/uploads\/2023\/12\/Charola-estante-fijo-voladizo-universal-1u-de-19-para-rack-armario-en-acero-15kg-7-de-profundidad-negro-startech.com-mod.-cabshelf1u.jpg\" \/>\n\t<meta property=\"og:image:width\" content=\"200\" \/>\n\t<meta property=\"og:image:height\" content=\"200\" \/>\n\t<meta property=\"og:image:type\" content=\"image\/jpeg\" \/>\n<meta name=\"twitter:card\" content=\"summary_large_image\" \/>\n<meta name=\"twitter:label1\" content=\"Precio\" \/>\n\t<meta name=\"twitter:data1\" content=\"&#36;779 con IVA\" \/>\n\t<meta name=\"twitter:label2\" content=\"Availability\" \/>\n\t<meta name=\"twitter:data2\" content=\"In stock\" \/>\n<script type=\"application\/ld+json\" class=\"yoast-schema-graph\">{\"@context\":\"https:\/\/schema.org\",\"@graph\":[{\"@type\":\"WebPage\",\"@id\":\"https:\/\/compuviper.mx\/tienda\/producto\/startech-com-cabshelf1u-charola-estante-fijo-voladizo-universal-1u-de-19-para-rack-armario-en-acero-15kg-7-de-profundidad-negro-mod\/\",\"url\":\"https:\/\/compuviper.mx\/tienda\/producto\/startech-com-cabshelf1u-charola-estante-fijo-voladizo-universal-1u-de-19-para-rack-armario-en-acero-15kg-7-de-profundidad-negro-mod\/\",\"name\":\"[ Startech.com ] &#129351; Cabshelf1u Charola Estante Fijo Voladizo Universal 1u De 19 Para Rack Armario - En Acero - 15kg - 7 De Profundidad - Negro - Mod.\",\"isPartOf\":{\"@id\":\"https:\/\/compuviper.mx\/tienda\/#website\"},\"datePublished\":\"2026-04-17T05:07:49+00:00\",\"dateModified\":\"2026-04-17T05:07:49+00:00\",\"description\":\"Compra Cabshelf1u Charola Estante Fijo Voladizo Universal 1u De 19 Para Rack Armario - En Acero - 15kg - 7 De Profundidad - Negro - Mod. + Env\u00edo a domicilio + Pago seguro + Garant\u00eda\",\"breadcrumb\":{\"@id\":\"https:\/\/compuviper.mx\/tienda\/producto\/startech-com-cabshelf1u-charola-estante-fijo-voladizo-universal-1u-de-19-para-rack-armario-en-acero-15kg-7-de-profundidad-negro-mod\/#breadcrumb\"},\"inLanguage\":\"es-MX\",\"potentialAction\":[{\"@type\":\"ReadAction\",\"target\":[\"https:\/\/compuviper.mx\/tienda\/producto\/startech-com-cabshelf1u-charola-estante-fijo-voladizo-universal-1u-de-19-para-rack-armario-en-acero-15kg-7-de-profundidad-negro-mod\/\"]}]},{\"@type\":\"BreadcrumbList\",\"@id\":\"https:\/\/compuviper.mx\/tienda\/producto\/startech-com-cabshelf1u-charola-estante-fijo-voladizo-universal-1u-de-19-para-rack-armario-en-acero-15kg-7-de-profundidad-negro-mod\/#breadcrumb\",\"itemListElement\":[{\"@type\":\"ListItem\",\"position\":1,\"name\":\"Inicio\",\"item\":\"https:\/\/compuviper.mx\/tienda\/\"},{\"@type\":\"ListItem\",\"position\":2,\"name\":\"Productos\",\"item\":\"https:\/\/compuviper.mx\/tienda\/productos\/\"},{\"@type\":\"ListItem\",\"position\":3,\"name\":\"Accesorios\",\"item\":\"https:\/\/compuviper.mx\/tienda\/categoria-producto\/accesorios\/\"},{\"@type\":\"ListItem\",\"position\":4,\"name\":\"Rack\",\"item\":\"https:\/\/compuviper.mx\/tienda\/categoria-producto\/accesorios\/rack\/\"},{\"@type\":\"ListItem\",\"position\":5,\"name\":\"Startech.com Cabshelf1u Charola Estante Fijo Voladizo Universal 1u De 19 Para Rack Armario &#8211; En Acero &#8211; 15kg &#8211; 7 De Profundidad &#8211; Negro &#8211; Mod.\"}]},{\"@type\":\"WebSite\",\"@id\":\"https:\/\/compuviper.mx\/tienda\/#website\",\"url\":\"https:\/\/compuviper.mx\/tienda\/\",\"name\":\"Compuviper\",\"description\":\"Proveedor de Computadoras, Laptops, Servidores, Monitores, Puntos de Venta, Teclados,   Impresoras, T\u00f3ner, C\u00e1maras de Seguridad y m\u00e1s en tu tienda en l\u00ednea\",\"publisher\":{\"@id\":\"https:\/\/compuviper.mx\/tienda\/#organization\"},\"potentialAction\":[{\"@type\":\"SearchAction\",\"target\":{\"@type\":\"EntryPoint\",\"urlTemplate\":\"https:\/\/compuviper.mx\/tienda\/?s={search_term_string}\"},\"query-input\":\"required name=search_term_string\"}],\"inLanguage\":\"es-MX\"},{\"@type\":\"Organization\",\"@id\":\"https:\/\/compuviper.mx\/tienda\/#organization\",\"name\":\"Compuviper\",\"url\":\"https:\/\/compuviper.mx\/tienda\/\",\"logo\":{\"@type\":\"ImageObject\",\"inLanguage\":\"es-MX\",\"@id\":\"https:\/\/compuviper.mx\/tienda\/#\/schema\/logo\/image\/\",\"url\":\"https:\/\/compuviper.mx\/tienda\/wp-content\/uploads\/2021\/08\/Logo-Compuviper-10.png\",\"contentUrl\":\"https:\/\/compuviper.mx\/tienda\/wp-content\/uploads\/2021\/08\/Logo-Compuviper-10.png\",\"width\":1000,\"height\":500,\"caption\":\"Compuviper\"},\"image\":{\"@id\":\"https:\/\/compuviper.mx\/tienda\/#\/schema\/logo\/image\/\"},\"sameAs\":[\"https:\/\/www.facebook.com\/compuviper\",\"https:\/\/www.youtube.com\/channel\/UCf73dERp9Y3cfOq7q8BhLjA?view_as=subscriber\"]}]}<\/script>\n<meta property=\"product:brand\" content=\"STARTECH.COM\" \/>\n<meta property=\"product:price:amount\" content=\"779\" \/>\n<meta property=\"product:price:currency\" content=\"MXN\" \/>\n<meta property=\"og:availability\" content=\"instock\" \/>\n<meta property=\"product:availability\" content=\"instock\" \/>\n<meta property=\"product:retailer_item_id\" content=\"CABSHELF1U\" \/>\n<meta property=\"product:condition\" content=\"new\" \/>\n<!-- \/ Yoast SEO plugin. -->","yoast_head_json":{"title":"[ Startech.com ] &#129351; Cabshelf1u Charola Estante Fijo Voladizo Universal 1u De 19 Para Rack Armario - En Acero - 15kg - 7 De Profundidad - Negro - Mod.","description":"Compra Cabshelf1u Charola Estante Fijo Voladizo Universal 1u De 19 Para Rack Armario - En Acero - 15kg - 7 De Profundidad - Negro - Mod. + Env\u00edo a domicilio + Pago seguro + Garant\u00eda","robots":{"index":"index","follow":"follow","max-snippet":"max-snippet:-1","max-image-preview":"max-image-preview:large","max-video-preview":"max-video-preview:-1"},"canonical":"https:\/\/compuviper.mx\/tienda\/producto\/startech-com-cabshelf1u-charola-estante-fijo-voladizo-universal-1u-de-19-para-rack-armario-en-acero-15kg-7-de-profundidad-negro-mod\/","og_locale":"es_MX","og_type":"article","og_title":"[ Startech.com ] &#129351; Cabshelf1u Charola Estante Fijo Voladizo Universal 1u De 19 Para Rack Armario - En Acero - 15kg - 7 De Profundidad - Negro - Mod.","og_description":"Compra Cabshelf1u Charola Estante Fijo Voladizo Universal 1u De 19 Para Rack Armario - En Acero - 15kg - 7 De Profundidad - Negro - Mod. + Env\u00edo a domicilio + Pago seguro + Garant\u00eda","og_url":"https:\/\/compuviper.mx\/tienda\/producto\/startech-com-cabshelf1u-charola-estante-fijo-voladizo-universal-1u-de-19-para-rack-armario-en-acero-15kg-7-de-profundidad-negro-mod\/","og_site_name":"Compuviper","article_publisher":"https:\/\/www.facebook.com\/compuviper","og_image":[{"width":200,"height":200,"url":"https:\/\/compuviper.mx\/tienda\/wp-content\/uploads\/2023\/12\/Charola-estante-fijo-voladizo-universal-1u-de-19-para-rack-armario-en-acero-15kg-7-de-profundidad-negro-startech.com-mod.-cabshelf1u.jpg","type":"image\/jpeg"}],"twitter_card":"summary_large_image","twitter_misc":{"Precio":"&#36;779 con IVA","Availability":"In stock"},"schema":{"@context":"https:\/\/schema.org","@graph":[{"@type":"WebPage","@id":"https:\/\/compuviper.mx\/tienda\/producto\/startech-com-cabshelf1u-charola-estante-fijo-voladizo-universal-1u-de-19-para-rack-armario-en-acero-15kg-7-de-profundidad-negro-mod\/","url":"https:\/\/compuviper.mx\/tienda\/producto\/startech-com-cabshelf1u-charola-estante-fijo-voladizo-universal-1u-de-19-para-rack-armario-en-acero-15kg-7-de-profundidad-negro-mod\/","name":"[ Startech.com ] &#129351; Cabshelf1u Charola Estante Fijo Voladizo Universal 1u De 19 Para Rack Armario - En Acero - 15kg - 7 De Profundidad - Negro - Mod.","isPartOf":{"@id":"https:\/\/compuviper.mx\/tienda\/#website"},"datePublished":"2026-04-17T05:07:49+00:00","dateModified":"2026-04-17T05:07:49+00:00","description":"Compra Cabshelf1u Charola Estante Fijo Voladizo Universal 1u De 19 Para Rack Armario - En Acero - 15kg - 7 De Profundidad - Negro - Mod. + Env\u00edo a domicilio + Pago seguro + Garant\u00eda","breadcrumb":{"@id":"https:\/\/compuviper.mx\/tienda\/producto\/startech-com-cabshelf1u-charola-estante-fijo-voladizo-universal-1u-de-19-para-rack-armario-en-acero-15kg-7-de-profundidad-negro-mod\/#breadcrumb"},"inLanguage":"es-MX","potentialAction":[{"@type":"ReadAction","target":["https:\/\/compuviper.mx\/tienda\/producto\/startech-com-cabshelf1u-charola-estante-fijo-voladizo-universal-1u-de-19-para-rack-armario-en-acero-15kg-7-de-profundidad-negro-mod\/"]}]},{"@type":"BreadcrumbList","@id":"https:\/\/compuviper.mx\/tienda\/producto\/startech-com-cabshelf1u-charola-estante-fijo-voladizo-universal-1u-de-19-para-rack-armario-en-acero-15kg-7-de-profundidad-negro-mod\/#breadcrumb","itemListElement":[{"@type":"ListItem","position":1,"name":"Inicio","item":"https:\/\/compuviper.mx\/tienda\/"},{"@type":"ListItem","position":2,"name":"Productos","item":"https:\/\/compuviper.mx\/tienda\/productos\/"},{"@type":"ListItem","position":3,"name":"Accesorios","item":"https:\/\/compuviper.mx\/tienda\/categoria-producto\/accesorios\/"},{"@type":"ListItem","position":4,"name":"Rack","item":"https:\/\/compuviper.mx\/tienda\/categoria-producto\/accesorios\/rack\/"},{"@type":"ListItem","position":5,"name":"Startech.com Cabshelf1u Charola Estante Fijo Voladizo Universal 1u De 19 Para Rack Armario &#8211; En Acero &#8211; 15kg &#8211; 7 De Profundidad &#8211; Negro &#8211; Mod."}]},{"@type":"WebSite","@id":"https:\/\/compuviper.mx\/tienda\/#website","url":"https:\/\/compuviper.mx\/tienda\/","name":"Compuviper","description":"Proveedor de Computadoras, Laptops, Servidores, Monitores, Puntos de Venta, Teclados,   Impresoras, T\u00f3ner, C\u00e1maras de Seguridad y m\u00e1s en tu tienda en l\u00ednea","publisher":{"@id":"https:\/\/compuviper.mx\/tienda\/#organization"},"potentialAction":[{"@type":"SearchAction","target":{"@type":"EntryPoint","urlTemplate":"https:\/\/compuviper.mx\/tienda\/?s={search_term_string}"},"query-input":"required name=search_term_string"}],"inLanguage":"es-MX"},{"@type":"Organization","@id":"https:\/\/compuviper.mx\/tienda\/#organization","name":"Compuviper","url":"https:\/\/compuviper.mx\/tienda\/","logo":{"@type":"ImageObject","inLanguage":"es-MX","@id":"https:\/\/compuviper.mx\/tienda\/#\/schema\/logo\/image\/","url":"https:\/\/compuviper.mx\/tienda\/wp-content\/uploads\/2021\/08\/Logo-Compuviper-10.png","contentUrl":"https:\/\/compuviper.mx\/tienda\/wp-content\/uploads\/2021\/08\/Logo-Compuviper-10.png","width":1000,"height":500,"caption":"Compuviper"},"image":{"@id":"https:\/\/compuviper.mx\/tienda\/#\/schema\/logo\/image\/"},"sameAs":["https:\/\/www.facebook.com\/compuviper","https:\/\/www.youtube.com\/channel\/UCf73dERp9Y3cfOq7q8BhLjA?view_as=subscriber"]}]},"product_brand":"STARTECH.COM","product_price_amount":"779","product_price_currency":"MXN","og_availability":"instock","product_availability":"instock","product_retailer_item_id":"CABSHELF1U","product_condition":"new"},"_links":{"self":[{"href":"https:\/\/compuviper.mx\/tienda\/wp-json\/wp\/v2\/product\/210594"}],"collection":[{"href":"https:\/\/compuviper.mx\/tienda\/wp-json\/wp\/v2\/product"}],"about":[{"href":"https:\/\/compuviper.mx\/tienda\/wp-json\/wp\/v2\/types\/product"}],"replies":[{"embeddable":true,"href":"https:\/\/compuviper.mx\/tienda\/wp-json\/wp\/v2\/comments?post=210594"}],"wp:featuredmedia":[{"embeddable":true,"href":"https:\/\/compuviper.mx\/tienda\/wp-json\/wp\/v2\/media\/210595"}],"wp:attachment":[{"href":"https:\/\/compuviper.mx\/tienda\/wp-json\/wp\/v2\/media?parent=210594"}],"wp:term":[{"taxonomy":"product_cat","embeddable":true,"href":"https:\/\/compuviper.mx\/tienda\/wp-json\/wp\/v2\/product_cat?post=210594"},{"taxonomy":"product_tag","embeddable":true,"href":"https:\/\/compuviper.mx\/tienda\/wp-json\/wp\/v2\/product_tag?post=210594"}],"curies":[{"name":"wp","href":"https:\/\/api.w.org\/{rel}","templated":true}]}}