{"id":210592,"date":"2026-04-01T23:09:52","date_gmt":"2026-04-02T05:09:52","guid":{"rendered":"https:\/\/compuviper.mx\/tienda\/producto\/startech-com-stndtblt1fs-pedestal-con-seguro-para-ipad-base-de-piso-metalica-segura-con-altura-fija-con-soporte-para-ipad-air-ipad-pro-de-9-7-mod\/"},"modified":"2026-04-01T23:09:53","modified_gmt":"2026-04-02T05:09:53","slug":"startech-com-stndtblt1fs-pedestal-con-seguro-para-ipad-base-de-piso-metalica-segura-con-altura-fija-con-soporte-para-ipad-air-ipad-pro-de-9-7-mod","status":"publish","type":"product","link":"https:\/\/compuviper.mx\/tienda\/producto\/startech-com-stndtblt1fs-pedestal-con-seguro-para-ipad-base-de-piso-metalica-segura-con-altura-fija-con-soporte-para-ipad-air-ipad-pro-de-9-7-mod\/","title":{"rendered":"Startech.com Stndtblt1fs Pedestal Con Seguro Para Ipad &#8211; Base De Piso Metalica Segura Con Altura Fija &#8211; Con Soporte Para Ipad Air, Ipad Pro De 9.7 &#8211;  Mod."},"content":{"rendered":"<table class=\"descripcion\">\n<tr>\n<td>Gestion de cables: si<\/td>\n<\/tr>\n<tr>\n<td>Peso del producto: 4420 g<\/td>\n<\/tr>\n<tr>\n<td>Longitud del producto: 320 mm<\/td>\n<\/tr>\n<tr>\n<td>Ancho del producto: 410 mm<\/td>\n<\/tr>\n<tr>\n<td>Altura del producto: 1060 mm<\/td>\n<\/tr>\n<tr>\n<td>Capacidad de carga: 1500 g<\/td>\n<\/tr>\n<tr>\n<td>Color: negro y plata<\/td>\n<\/tr>\n<tr>\n<td>Tipo de gabinete: acero<\/td>\n<\/tr>\n<tr>\n<td>Numero de pantallas admitidas: 1<\/td>\n<\/tr>\n<tr>\n<td>Opciones de montaje: soporte de pie<\/td>\n<\/tr>\n<tr>\n<td>Tamano maximo de la pantalla: 9.7<\/td>\n<\/tr>\n<tr>\n<td>Rotacion de la pantalla: 90\u00b0 \/ &#8211; 90\u00b0<\/td>\n<\/tr>\n<tr>\n<td>Maximum tablet thickness: 13 mm<\/td>\n<\/tr>\n<\/table>\n","protected":false},"excerpt":{"rendered":"<p>Instale su ipad en este pedestal con bloqueo de seguridad, a fin de crear un atractivo quiosco o mostrador de informacion. Este duradero soporte de suelo de acero se puede colocar de forma segura sobre el suelo, como versatil herramienta de marketing. El marco para tablet es compatible con los modelos apple ipad, ipad air e ipad pro, gracias a su tamano de pantalla de 9.7. Convierta su ipad en una pantalla que atraiga la atencion de sus clientes imagine las muchas posibilidades en que podria utilizar en su empresa un tablet instalado en un pedestal. De la bienvenida a sus visitantes, con las impresionantes imagenes de un video o de una presentacion estilo diapositivas. Ofrezca a sus clientes acceso instantaneo a la informacion de un producto nuevo. O conecte a sus clientes a una aplicacion propia, con el fin de facilitar una experiencia participativa del usuario. Este soporte de suelo para ipad constituye una manera impresionante de interactuar con sus clientes.<\/p>\n","protected":false},"featured_media":210593,"comment_status":"open","ping_status":"open","template":"","meta":[],"product_cat":[2269,2265],"product_tag":[1590],"acf":[],"yoast_head":"<!-- This site is optimized with the Yoast SEO plugin v21.7 - https:\/\/yoast.com\/wordpress\/plugins\/seo\/ -->\n<title>[ Startech.com ] &#129351; Stndtblt1fs Pedestal Con Seguro Para Ipad - Base De Piso Metalica Segura Con Altura Fija - Con Soporte Para Ipad Air, Ipad Pro De 9.7 - Mod.<\/title>\n<meta name=\"description\" content=\"Compra Stndtblt1fs Pedestal Con Seguro Para Ipad - Base De Piso Metalica Segura Con Altura Fija - Con Soporte Para Ipad Air, Ipad Pro De 9.7 - Mod. + Env\u00edo a domicilio + Pago seguro + Garant\u00eda\" \/>\n<meta name=\"robots\" content=\"index, follow, max-snippet:-1, max-image-preview:large, max-video-preview:-1\" \/>\n<link rel=\"canonical\" href=\"https:\/\/compuviper.mx\/tienda\/producto\/startech-com-stndtblt1fs-pedestal-con-seguro-para-ipad-base-de-piso-metalica-segura-con-altura-fija-con-soporte-para-ipad-air-ipad-pro-de-9-7-mod\/\" \/>\n<meta property=\"og:locale\" content=\"es_MX\" \/>\n<meta property=\"og:type\" content=\"article\" \/>\n<meta property=\"og:title\" content=\"[ Startech.com ] &#129351; Stndtblt1fs Pedestal Con Seguro Para Ipad - Base De Piso Metalica Segura Con Altura Fija - Con Soporte Para Ipad Air, Ipad Pro De 9.7 - Mod.\" \/>\n<meta property=\"og:description\" content=\"Compra Stndtblt1fs Pedestal Con Seguro Para Ipad - Base De Piso Metalica Segura Con Altura Fija - Con Soporte Para Ipad Air, Ipad Pro De 9.7 - Mod. + Env\u00edo a domicilio + Pago seguro + Garant\u00eda\" \/>\n<meta property=\"og:url\" content=\"https:\/\/compuviper.mx\/tienda\/producto\/startech-com-stndtblt1fs-pedestal-con-seguro-para-ipad-base-de-piso-metalica-segura-con-altura-fija-con-soporte-para-ipad-air-ipad-pro-de-9-7-mod\/\" \/>\n<meta property=\"og:site_name\" content=\"Compuviper\" \/>\n<meta property=\"article:publisher\" content=\"https:\/\/www.facebook.com\/compuviper\" \/>\n<meta property=\"article:modified_time\" content=\"2026-04-02T05:09:53+00:00\" \/>\n<meta property=\"og:image\" content=\"https:\/\/compuviper.mx\/tienda\/wp-content\/uploads\/2023\/12\/Pedestal-con-seguro-para-ipad-base-de-piso-metalica-segura-con-altura-fija-con-soporte-para-ipad-air-ipad-pro-de-9.7-startech.com-mod.-stndtblt1fs.jpg\" \/>\n\t<meta property=\"og:image:width\" content=\"200\" \/>\n\t<meta property=\"og:image:height\" content=\"200\" \/>\n\t<meta property=\"og:image:type\" content=\"image\/jpeg\" \/>\n<meta name=\"twitter:card\" content=\"summary_large_image\" \/>\n<meta name=\"twitter:label1\" content=\"Precio\" \/>\n\t<meta name=\"twitter:data1\" content=\"&#36;4,130 con IVA\" \/>\n\t<meta name=\"twitter:label2\" content=\"Availability\" \/>\n\t<meta name=\"twitter:data2\" content=\"Out of stock\" \/>\n<script type=\"application\/ld+json\" class=\"yoast-schema-graph\">{\"@context\":\"https:\/\/schema.org\",\"@graph\":[{\"@type\":\"WebPage\",\"@id\":\"https:\/\/compuviper.mx\/tienda\/producto\/startech-com-stndtblt1fs-pedestal-con-seguro-para-ipad-base-de-piso-metalica-segura-con-altura-fija-con-soporte-para-ipad-air-ipad-pro-de-9-7-mod\/\",\"url\":\"https:\/\/compuviper.mx\/tienda\/producto\/startech-com-stndtblt1fs-pedestal-con-seguro-para-ipad-base-de-piso-metalica-segura-con-altura-fija-con-soporte-para-ipad-air-ipad-pro-de-9-7-mod\/\",\"name\":\"[ Startech.com ] &#129351; Stndtblt1fs Pedestal Con Seguro Para Ipad - Base De Piso Metalica Segura Con Altura Fija - Con Soporte Para Ipad Air, Ipad Pro De 9.7 - Mod.\",\"isPartOf\":{\"@id\":\"https:\/\/compuviper.mx\/tienda\/#website\"},\"datePublished\":\"2026-04-02T05:09:52+00:00\",\"dateModified\":\"2026-04-02T05:09:53+00:00\",\"description\":\"Compra Stndtblt1fs Pedestal Con Seguro Para Ipad - Base De Piso Metalica Segura Con Altura Fija - Con Soporte Para Ipad Air, Ipad Pro De 9.7 - Mod. + Env\u00edo a domicilio + Pago seguro + Garant\u00eda\",\"breadcrumb\":{\"@id\":\"https:\/\/compuviper.mx\/tienda\/producto\/startech-com-stndtblt1fs-pedestal-con-seguro-para-ipad-base-de-piso-metalica-segura-con-altura-fija-con-soporte-para-ipad-air-ipad-pro-de-9-7-mod\/#breadcrumb\"},\"inLanguage\":\"es-MX\",\"potentialAction\":[{\"@type\":\"ReadAction\",\"target\":[\"https:\/\/compuviper.mx\/tienda\/producto\/startech-com-stndtblt1fs-pedestal-con-seguro-para-ipad-base-de-piso-metalica-segura-con-altura-fija-con-soporte-para-ipad-air-ipad-pro-de-9-7-mod\/\"]}]},{\"@type\":\"BreadcrumbList\",\"@id\":\"https:\/\/compuviper.mx\/tienda\/producto\/startech-com-stndtblt1fs-pedestal-con-seguro-para-ipad-base-de-piso-metalica-segura-con-altura-fija-con-soporte-para-ipad-air-ipad-pro-de-9-7-mod\/#breadcrumb\",\"itemListElement\":[{\"@type\":\"ListItem\",\"position\":1,\"name\":\"Inicio\",\"item\":\"https:\/\/compuviper.mx\/tienda\/\"},{\"@type\":\"ListItem\",\"position\":2,\"name\":\"Productos\",\"item\":\"https:\/\/compuviper.mx\/tienda\/productos\/\"},{\"@type\":\"ListItem\",\"position\":3,\"name\":\"Soportes Y Bases P\/tv\/ Proyectores\/dvd\/consolas\/bocinas\/pantallas\/monotores\",\"item\":\"https:\/\/compuviper.mx\/tienda\/categoria-producto\/soportes-y-bases-p-tv-proyectores-dvd-consolas-bocinas-pantallas-monotores\/\"},{\"@type\":\"ListItem\",\"position\":4,\"name\":\"Sin Categor\u00eda\",\"item\":\"https:\/\/compuviper.mx\/tienda\/categoria-producto\/soportes-y-bases-p-tv-proyectores-dvd-consolas-bocinas-pantallas-monotores\/sin-categoria-soportes-y-bases-p-tv-proyectores-dvd-consolas-bocinas-pantallas-monotores\/\"},{\"@type\":\"ListItem\",\"position\":5,\"name\":\"Startech.com Stndtblt1fs Pedestal Con Seguro Para Ipad &#8211; Base De Piso Metalica Segura Con Altura Fija &#8211; Con Soporte Para Ipad Air, Ipad Pro De 9.7 &#8211; Mod.\"}]},{\"@type\":\"WebSite\",\"@id\":\"https:\/\/compuviper.mx\/tienda\/#website\",\"url\":\"https:\/\/compuviper.mx\/tienda\/\",\"name\":\"Compuviper\",\"description\":\"Proveedor de Computadoras, Laptops, Servidores, Monitores, Puntos de Venta, Teclados,   Impresoras, T\u00f3ner, C\u00e1maras de Seguridad y m\u00e1s en tu tienda en l\u00ednea\",\"publisher\":{\"@id\":\"https:\/\/compuviper.mx\/tienda\/#organization\"},\"potentialAction\":[{\"@type\":\"SearchAction\",\"target\":{\"@type\":\"EntryPoint\",\"urlTemplate\":\"https:\/\/compuviper.mx\/tienda\/?s={search_term_string}\"},\"query-input\":\"required name=search_term_string\"}],\"inLanguage\":\"es-MX\"},{\"@type\":\"Organization\",\"@id\":\"https:\/\/compuviper.mx\/tienda\/#organization\",\"name\":\"Compuviper\",\"url\":\"https:\/\/compuviper.mx\/tienda\/\",\"logo\":{\"@type\":\"ImageObject\",\"inLanguage\":\"es-MX\",\"@id\":\"https:\/\/compuviper.mx\/tienda\/#\/schema\/logo\/image\/\",\"url\":\"https:\/\/compuviper.mx\/tienda\/wp-content\/uploads\/2021\/08\/Logo-Compuviper-10.png\",\"contentUrl\":\"https:\/\/compuviper.mx\/tienda\/wp-content\/uploads\/2021\/08\/Logo-Compuviper-10.png\",\"width\":1000,\"height\":500,\"caption\":\"Compuviper\"},\"image\":{\"@id\":\"https:\/\/compuviper.mx\/tienda\/#\/schema\/logo\/image\/\"},\"sameAs\":[\"https:\/\/www.facebook.com\/compuviper\",\"https:\/\/www.youtube.com\/channel\/UCf73dERp9Y3cfOq7q8BhLjA?view_as=subscriber\"]}]}<\/script>\n<meta property=\"product:brand\" content=\"STARTECH.COM\" \/>\n<meta property=\"product:price:amount\" content=\"4130\" \/>\n<meta property=\"product:price:currency\" content=\"MXN\" \/>\n<meta property=\"og:availability\" content=\"out of stock\" \/>\n<meta property=\"product:availability\" content=\"out of stock\" \/>\n<meta property=\"product:retailer_item_id\" content=\"STNDTBLT1FS\" \/>\n<meta property=\"product:condition\" content=\"new\" \/>\n<!-- \/ Yoast SEO plugin. -->","yoast_head_json":{"title":"[ Startech.com ] &#129351; Stndtblt1fs Pedestal Con Seguro Para Ipad - Base De Piso Metalica Segura Con Altura Fija - Con Soporte Para Ipad Air, Ipad Pro De 9.7 - Mod.","description":"Compra Stndtblt1fs Pedestal Con Seguro Para Ipad - Base De Piso Metalica Segura Con Altura Fija - Con Soporte Para Ipad Air, Ipad Pro De 9.7 - Mod. + Env\u00edo a domicilio + Pago seguro + Garant\u00eda","robots":{"index":"index","follow":"follow","max-snippet":"max-snippet:-1","max-image-preview":"max-image-preview:large","max-video-preview":"max-video-preview:-1"},"canonical":"https:\/\/compuviper.mx\/tienda\/producto\/startech-com-stndtblt1fs-pedestal-con-seguro-para-ipad-base-de-piso-metalica-segura-con-altura-fija-con-soporte-para-ipad-air-ipad-pro-de-9-7-mod\/","og_locale":"es_MX","og_type":"article","og_title":"[ Startech.com ] &#129351; Stndtblt1fs Pedestal Con Seguro Para Ipad - Base De Piso Metalica Segura Con Altura Fija - Con Soporte Para Ipad Air, Ipad Pro De 9.7 - Mod.","og_description":"Compra Stndtblt1fs Pedestal Con Seguro Para Ipad - Base De Piso Metalica Segura Con Altura Fija - Con Soporte Para Ipad Air, Ipad Pro De 9.7 - Mod. + Env\u00edo a domicilio + Pago seguro + Garant\u00eda","og_url":"https:\/\/compuviper.mx\/tienda\/producto\/startech-com-stndtblt1fs-pedestal-con-seguro-para-ipad-base-de-piso-metalica-segura-con-altura-fija-con-soporte-para-ipad-air-ipad-pro-de-9-7-mod\/","og_site_name":"Compuviper","article_publisher":"https:\/\/www.facebook.com\/compuviper","article_modified_time":"2026-04-02T05:09:53+00:00","og_image":[{"width":200,"height":200,"url":"https:\/\/compuviper.mx\/tienda\/wp-content\/uploads\/2023\/12\/Pedestal-con-seguro-para-ipad-base-de-piso-metalica-segura-con-altura-fija-con-soporte-para-ipad-air-ipad-pro-de-9.7-startech.com-mod.-stndtblt1fs.jpg","type":"image\/jpeg"}],"twitter_card":"summary_large_image","twitter_misc":{"Precio":"&#36;4,130 con IVA","Availability":"Out of stock"},"schema":{"@context":"https:\/\/schema.org","@graph":[{"@type":"WebPage","@id":"https:\/\/compuviper.mx\/tienda\/producto\/startech-com-stndtblt1fs-pedestal-con-seguro-para-ipad-base-de-piso-metalica-segura-con-altura-fija-con-soporte-para-ipad-air-ipad-pro-de-9-7-mod\/","url":"https:\/\/compuviper.mx\/tienda\/producto\/startech-com-stndtblt1fs-pedestal-con-seguro-para-ipad-base-de-piso-metalica-segura-con-altura-fija-con-soporte-para-ipad-air-ipad-pro-de-9-7-mod\/","name":"[ Startech.com ] &#129351; Stndtblt1fs Pedestal Con Seguro Para Ipad - Base De Piso Metalica Segura Con Altura Fija - Con Soporte Para Ipad Air, Ipad Pro De 9.7 - Mod.","isPartOf":{"@id":"https:\/\/compuviper.mx\/tienda\/#website"},"datePublished":"2026-04-02T05:09:52+00:00","dateModified":"2026-04-02T05:09:53+00:00","description":"Compra Stndtblt1fs Pedestal Con Seguro Para Ipad - Base De Piso Metalica Segura Con Altura Fija - Con Soporte Para Ipad Air, Ipad Pro De 9.7 - Mod. + Env\u00edo a domicilio + Pago seguro + Garant\u00eda","breadcrumb":{"@id":"https:\/\/compuviper.mx\/tienda\/producto\/startech-com-stndtblt1fs-pedestal-con-seguro-para-ipad-base-de-piso-metalica-segura-con-altura-fija-con-soporte-para-ipad-air-ipad-pro-de-9-7-mod\/#breadcrumb"},"inLanguage":"es-MX","potentialAction":[{"@type":"ReadAction","target":["https:\/\/compuviper.mx\/tienda\/producto\/startech-com-stndtblt1fs-pedestal-con-seguro-para-ipad-base-de-piso-metalica-segura-con-altura-fija-con-soporte-para-ipad-air-ipad-pro-de-9-7-mod\/"]}]},{"@type":"BreadcrumbList","@id":"https:\/\/compuviper.mx\/tienda\/producto\/startech-com-stndtblt1fs-pedestal-con-seguro-para-ipad-base-de-piso-metalica-segura-con-altura-fija-con-soporte-para-ipad-air-ipad-pro-de-9-7-mod\/#breadcrumb","itemListElement":[{"@type":"ListItem","position":1,"name":"Inicio","item":"https:\/\/compuviper.mx\/tienda\/"},{"@type":"ListItem","position":2,"name":"Productos","item":"https:\/\/compuviper.mx\/tienda\/productos\/"},{"@type":"ListItem","position":3,"name":"Soportes Y Bases P\/tv\/ Proyectores\/dvd\/consolas\/bocinas\/pantallas\/monotores","item":"https:\/\/compuviper.mx\/tienda\/categoria-producto\/soportes-y-bases-p-tv-proyectores-dvd-consolas-bocinas-pantallas-monotores\/"},{"@type":"ListItem","position":4,"name":"Sin Categor\u00eda","item":"https:\/\/compuviper.mx\/tienda\/categoria-producto\/soportes-y-bases-p-tv-proyectores-dvd-consolas-bocinas-pantallas-monotores\/sin-categoria-soportes-y-bases-p-tv-proyectores-dvd-consolas-bocinas-pantallas-monotores\/"},{"@type":"ListItem","position":5,"name":"Startech.com Stndtblt1fs Pedestal Con Seguro Para Ipad &#8211; Base De Piso Metalica Segura Con Altura Fija &#8211; Con Soporte Para Ipad Air, Ipad Pro De 9.7 &#8211; Mod."}]},{"@type":"WebSite","@id":"https:\/\/compuviper.mx\/tienda\/#website","url":"https:\/\/compuviper.mx\/tienda\/","name":"Compuviper","description":"Proveedor de Computadoras, Laptops, Servidores, Monitores, Puntos de Venta, Teclados,   Impresoras, T\u00f3ner, C\u00e1maras de Seguridad y m\u00e1s en tu tienda en l\u00ednea","publisher":{"@id":"https:\/\/compuviper.mx\/tienda\/#organization"},"potentialAction":[{"@type":"SearchAction","target":{"@type":"EntryPoint","urlTemplate":"https:\/\/compuviper.mx\/tienda\/?s={search_term_string}"},"query-input":"required name=search_term_string"}],"inLanguage":"es-MX"},{"@type":"Organization","@id":"https:\/\/compuviper.mx\/tienda\/#organization","name":"Compuviper","url":"https:\/\/compuviper.mx\/tienda\/","logo":{"@type":"ImageObject","inLanguage":"es-MX","@id":"https:\/\/compuviper.mx\/tienda\/#\/schema\/logo\/image\/","url":"https:\/\/compuviper.mx\/tienda\/wp-content\/uploads\/2021\/08\/Logo-Compuviper-10.png","contentUrl":"https:\/\/compuviper.mx\/tienda\/wp-content\/uploads\/2021\/08\/Logo-Compuviper-10.png","width":1000,"height":500,"caption":"Compuviper"},"image":{"@id":"https:\/\/compuviper.mx\/tienda\/#\/schema\/logo\/image\/"},"sameAs":["https:\/\/www.facebook.com\/compuviper","https:\/\/www.youtube.com\/channel\/UCf73dERp9Y3cfOq7q8BhLjA?view_as=subscriber"]}]},"product_brand":"STARTECH.COM","product_price_amount":"4130","product_price_currency":"MXN","og_availability":"out of stock","product_availability":"out of stock","product_retailer_item_id":"STNDTBLT1FS","product_condition":"new"},"_links":{"self":[{"href":"https:\/\/compuviper.mx\/tienda\/wp-json\/wp\/v2\/product\/210592"}],"collection":[{"href":"https:\/\/compuviper.mx\/tienda\/wp-json\/wp\/v2\/product"}],"about":[{"href":"https:\/\/compuviper.mx\/tienda\/wp-json\/wp\/v2\/types\/product"}],"replies":[{"embeddable":true,"href":"https:\/\/compuviper.mx\/tienda\/wp-json\/wp\/v2\/comments?post=210592"}],"wp:featuredmedia":[{"embeddable":true,"href":"https:\/\/compuviper.mx\/tienda\/wp-json\/wp\/v2\/media\/210593"}],"wp:attachment":[{"href":"https:\/\/compuviper.mx\/tienda\/wp-json\/wp\/v2\/media?parent=210592"}],"wp:term":[{"taxonomy":"product_cat","embeddable":true,"href":"https:\/\/compuviper.mx\/tienda\/wp-json\/wp\/v2\/product_cat?post=210592"},{"taxonomy":"product_tag","embeddable":true,"href":"https:\/\/compuviper.mx\/tienda\/wp-json\/wp\/v2\/product_tag?post=210592"}],"curies":[{"name":"wp","href":"https:\/\/api.w.org\/{rel}","templated":true}]}}