{"id":210588,"date":"2026-05-05T23:07:45","date_gmt":"2026-05-06T05:07:45","guid":{"rendered":"https:\/\/compuviper.mx\/tienda\/producto\/startech-com-5g3agbb-usb-c-hub-hub-usb-c-de-3-puertos-usb-a-usb-3-0-5gbps-alimentado-por-el-bus-concentrador-usb-c-de-3-puertos-usb-a-ethernet-mod\/"},"modified":"2026-05-05T23:07:45","modified_gmt":"2026-05-06T05:07:45","slug":"startech-com-5g3agbb-usb-c-hub-hub-usb-c-de-3-puertos-usb-a-usb-3-0-5gbps-alimentado-por-el-bus-concentrador-usb-c-de-3-puertos-usb-a-ethernet-mod","status":"publish","type":"product","link":"https:\/\/compuviper.mx\/tienda\/producto\/startech-com-5g3agbb-usb-c-hub-hub-usb-c-de-3-puertos-usb-a-usb-3-0-5gbps-alimentado-por-el-bus-concentrador-usb-c-de-3-puertos-usb-a-ethernet-mod\/","title":{"rendered":"Startech.com 5g3agbb-usb-c-hub Hub Usb-c De 3 Puertos Usb-a &#8211; Usb 3.0 5gbps &#8211; Alimentado Por El Bus &#8211; Concentrador Usb-c De 3 Puertos Usb-a &#8211; Ethernet &#8211;  Mod."},"content":{"rendered":"<table class=\"descripcion\">\n<tr>\n<td>Longitud del producto: 420.000 mm<\/td>\n<\/tr>\n<tr>\n<td>Ancho del producto: 54.000 mm<\/td>\n<\/tr>\n<tr>\n<td>Altura del producto: 16.000 mm<\/td>\n<\/tr>\n<tr>\n<td>Peso del producto: 82.000 g<\/td>\n<\/tr>\n<tr>\n<td>Ipados<\/td>\n<\/tr>\n<tr>\n<td>Android<\/td>\n<\/tr>\n<tr>\n<td>Color: gris espacial<\/td>\n<\/tr>\n<tr>\n<td>Factor de forma: compacto<\/td>\n<\/tr>\n<tr>\n<td>Form factor: cable integrado<\/td>\n<\/tr>\n<tr>\n<td>Longitud del cable: 300 mm<\/td>\n<\/tr>\n<tr>\n<td>Tipo de gabinete: plastico<\/td>\n<\/tr>\n<tr>\n<td>Interfaz: usb 3.2 gen 1(5gbps)<\/td>\n<\/tr>\n<tr>\n<td>Interfaz: rj45 (ethernet gigabit)<\/td>\n<\/tr>\n<tr>\n<td>Tipo de bus: usb 3.2 gen 1(5gbps)<\/td>\n<\/tr>\n<tr>\n<td>Id del conjunto de chips: via\/vli &#8211; vl817<\/td>\n<\/tr>\n<tr>\n<td>Id del conjunto de chips: asix &#8211; ax88179a<\/td>\n<\/tr>\n<tr>\n<td>Conexion anfitrion usb-c: si<\/td>\n<\/tr>\n<tr>\n<td>Tasa de transferencia de datos maxima: 5 gbps (usb 3.2 gen 1)<\/td>\n<\/tr>\n<tr>\n<td>2gbps (ethernet; duplex completo)<\/td>\n<\/tr>\n<tr>\n<td>Tipo y velocidad: usb 3.2 gen 1 &#8211; 5 gbit\/s<\/td>\n<\/tr>\n<tr>\n<td>Compatibilidad con uasp: si<\/td>\n<\/tr>\n<tr>\n<td>Control de flujo: control de flujo de duplex completo<\/td>\n<\/tr>\n<tr>\n<td>Redes compatibles: 10\/100\/1000 mbps<\/td>\n<\/tr>\n<tr>\n<td>Mdix automatico: si<\/td>\n<\/tr>\n<tr>\n<td>Soporte full duplex: si<\/td>\n<\/tr>\n<tr>\n<td>Jumbo frame support: 9k max.<\/td>\n<\/tr>\n<tr>\n<td>Conectores del host: 1 usb type-a (9 pines) usb 3.0 (5 gbps)<\/td>\n<\/tr>\n<\/table>\n","protected":false},"excerpt":{"rendered":"<p>Este hub usb a\u00f1ade tres puertos usb-c 3.2 gen 1 (5gbps) y un puerto gigabit ethernet a una computadora de escritorio o laptop con usb-c. Se conecta a un puerto usb-c de un pc, utilizando el cable anfitrion de 30cm incorporado. Es retrocompatible con los dispositivos usb 2.0 (480mbps), lo que garantiza la compatibilidad con una amplia gama de perifericos usb modernos y de legado (por ejemplo, unidades de memoria, discos duros\/ssd externos, camaras hd, mouse, teclados, camaras web y audifonos). El concentrador usb es de tamano compacto, lo que facilita su portabilidad cuando se viaja. El concentrador usb cuenta con un adaptador gigabit ethernet. El controlador ethernet es compatible con los estandares ieee 802.3u\/ab y admite wake-on-lan (wol), jumbo frames y v-lan tagging. El adaptador de red mejora la fiabilidad, la seguridad y el rendimiento de la red del portatil utilizando ethernet 10\/100\/1000mbps por cable. Alimentado por el bus con alimentacion auxiliar opcional<\/p>\n","protected":false},"featured_media":210589,"comment_status":"open","ping_status":"open","template":"","meta":[],"product_cat":[1485,1497],"product_tag":[1590],"acf":[],"yoast_head":"<!-- This site is optimized with the Yoast SEO plugin v21.7 - https:\/\/yoast.com\/wordpress\/plugins\/seo\/ -->\n<title>[ Startech.com ] &#129351; 5g3agbb-usb-c-hub Hub Usb-c De 3 Puertos Usb-a - Usb 3.0 5gbps - Alimentado Por El Bus - Concentrador Usb-c De 3 Puertos Usb-a - Ethernet - Mod.<\/title>\n<meta name=\"description\" content=\"Compra 5g3agbb-usb-c-hub Hub Usb-c De 3 Puertos Usb-a - Usb 3.0 5gbps - Alimentado Por El Bus - Concentrador Usb-c De 3 Puertos Usb-a - Ethernet - Mod. + Env\u00edo a domicilio + Pago seguro + Garant\u00eda\" \/>\n<meta name=\"robots\" content=\"index, follow, max-snippet:-1, max-image-preview:large, max-video-preview:-1\" \/>\n<link rel=\"canonical\" href=\"https:\/\/compuviper.mx\/tienda\/producto\/startech-com-5g3agbb-usb-c-hub-hub-usb-c-de-3-puertos-usb-a-usb-3-0-5gbps-alimentado-por-el-bus-concentrador-usb-c-de-3-puertos-usb-a-ethernet-mod\/\" \/>\n<meta property=\"og:locale\" content=\"es_MX\" \/>\n<meta property=\"og:type\" content=\"article\" \/>\n<meta property=\"og:title\" content=\"[ Startech.com ] &#129351; 5g3agbb-usb-c-hub Hub Usb-c De 3 Puertos Usb-a - Usb 3.0 5gbps - Alimentado Por El Bus - Concentrador Usb-c De 3 Puertos Usb-a - Ethernet - Mod.\" \/>\n<meta property=\"og:description\" content=\"Compra 5g3agbb-usb-c-hub Hub Usb-c De 3 Puertos Usb-a - Usb 3.0 5gbps - Alimentado Por El Bus - Concentrador Usb-c De 3 Puertos Usb-a - Ethernet - Mod. + Env\u00edo a domicilio + Pago seguro + Garant\u00eda\" \/>\n<meta property=\"og:url\" content=\"https:\/\/compuviper.mx\/tienda\/producto\/startech-com-5g3agbb-usb-c-hub-hub-usb-c-de-3-puertos-usb-a-usb-3-0-5gbps-alimentado-por-el-bus-concentrador-usb-c-de-3-puertos-usb-a-ethernet-mod\/\" \/>\n<meta property=\"og:site_name\" content=\"Compuviper\" \/>\n<meta property=\"article:publisher\" content=\"https:\/\/www.facebook.com\/compuviper\" \/>\n<meta property=\"og:image\" content=\"https:\/\/compuviper.mx\/tienda\/wp-content\/uploads\/2023\/12\/Hub-usb-c-de-3-puertos-usb-a-usb-3.0-5gbps-alimentado-por-el-bus-concentrador-usb-c-de-3-puertos-usb-a-ethernet-startech.com-mod.-5g3agbb-usb-c-hub.jpg\" \/>\n\t<meta property=\"og:image:width\" content=\"200\" \/>\n\t<meta property=\"og:image:height\" content=\"200\" \/>\n\t<meta property=\"og:image:type\" content=\"image\/jpeg\" \/>\n<meta name=\"twitter:card\" content=\"summary_large_image\" \/>\n<meta name=\"twitter:label1\" content=\"Precio\" \/>\n\t<meta name=\"twitter:data1\" content=\"&#36;746 con IVA\" \/>\n\t<meta name=\"twitter:label2\" content=\"Availability\" \/>\n\t<meta name=\"twitter:data2\" content=\"Out of stock\" \/>\n<script type=\"application\/ld+json\" class=\"yoast-schema-graph\">{\"@context\":\"https:\/\/schema.org\",\"@graph\":[{\"@type\":\"WebPage\",\"@id\":\"https:\/\/compuviper.mx\/tienda\/producto\/startech-com-5g3agbb-usb-c-hub-hub-usb-c-de-3-puertos-usb-a-usb-3-0-5gbps-alimentado-por-el-bus-concentrador-usb-c-de-3-puertos-usb-a-ethernet-mod\/\",\"url\":\"https:\/\/compuviper.mx\/tienda\/producto\/startech-com-5g3agbb-usb-c-hub-hub-usb-c-de-3-puertos-usb-a-usb-3-0-5gbps-alimentado-por-el-bus-concentrador-usb-c-de-3-puertos-usb-a-ethernet-mod\/\",\"name\":\"[ Startech.com ] &#129351; 5g3agbb-usb-c-hub Hub Usb-c De 3 Puertos Usb-a - Usb 3.0 5gbps - Alimentado Por El Bus - Concentrador Usb-c De 3 Puertos Usb-a - Ethernet - Mod.\",\"isPartOf\":{\"@id\":\"https:\/\/compuviper.mx\/tienda\/#website\"},\"datePublished\":\"2026-05-06T05:07:45+00:00\",\"dateModified\":\"2026-05-06T05:07:45+00:00\",\"description\":\"Compra 5g3agbb-usb-c-hub Hub Usb-c De 3 Puertos Usb-a - Usb 3.0 5gbps - Alimentado Por El Bus - Concentrador Usb-c De 3 Puertos Usb-a - Ethernet - Mod. + Env\u00edo a domicilio + Pago seguro + Garant\u00eda\",\"breadcrumb\":{\"@id\":\"https:\/\/compuviper.mx\/tienda\/producto\/startech-com-5g3agbb-usb-c-hub-hub-usb-c-de-3-puertos-usb-a-usb-3-0-5gbps-alimentado-por-el-bus-concentrador-usb-c-de-3-puertos-usb-a-ethernet-mod\/#breadcrumb\"},\"inLanguage\":\"es-MX\",\"potentialAction\":[{\"@type\":\"ReadAction\",\"target\":[\"https:\/\/compuviper.mx\/tienda\/producto\/startech-com-5g3agbb-usb-c-hub-hub-usb-c-de-3-puertos-usb-a-usb-3-0-5gbps-alimentado-por-el-bus-concentrador-usb-c-de-3-puertos-usb-a-ethernet-mod\/\"]}]},{\"@type\":\"BreadcrumbList\",\"@id\":\"https:\/\/compuviper.mx\/tienda\/producto\/startech-com-5g3agbb-usb-c-hub-hub-usb-c-de-3-puertos-usb-a-usb-3-0-5gbps-alimentado-por-el-bus-concentrador-usb-c-de-3-puertos-usb-a-ethernet-mod\/#breadcrumb\",\"itemListElement\":[{\"@type\":\"ListItem\",\"position\":1,\"name\":\"Inicio\",\"item\":\"https:\/\/compuviper.mx\/tienda\/\"},{\"@type\":\"ListItem\",\"position\":2,\"name\":\"Productos\",\"item\":\"https:\/\/compuviper.mx\/tienda\/productos\/\"},{\"@type\":\"ListItem\",\"position\":3,\"name\":\"Accesorios\",\"item\":\"https:\/\/compuviper.mx\/tienda\/categoria-producto\/accesorios\/\"},{\"@type\":\"ListItem\",\"position\":4,\"name\":\"Hub Usb\",\"item\":\"https:\/\/compuviper.mx\/tienda\/categoria-producto\/accesorios\/hub-usb\/\"},{\"@type\":\"ListItem\",\"position\":5,\"name\":\"Startech.com 5g3agbb-usb-c-hub Hub Usb-c De 3 Puertos Usb-a &#8211; Usb 3.0 5gbps &#8211; Alimentado Por El Bus &#8211; Concentrador Usb-c De 3 Puertos Usb-a &#8211; Ethernet &#8211; Mod.\"}]},{\"@type\":\"WebSite\",\"@id\":\"https:\/\/compuviper.mx\/tienda\/#website\",\"url\":\"https:\/\/compuviper.mx\/tienda\/\",\"name\":\"Compuviper\",\"description\":\"Proveedor de Computadoras, Laptops, Servidores, Monitores, Puntos de Venta, Teclados,   Impresoras, T\u00f3ner, C\u00e1maras de Seguridad y m\u00e1s en tu tienda en l\u00ednea\",\"publisher\":{\"@id\":\"https:\/\/compuviper.mx\/tienda\/#organization\"},\"potentialAction\":[{\"@type\":\"SearchAction\",\"target\":{\"@type\":\"EntryPoint\",\"urlTemplate\":\"https:\/\/compuviper.mx\/tienda\/?s={search_term_string}\"},\"query-input\":\"required name=search_term_string\"}],\"inLanguage\":\"es-MX\"},{\"@type\":\"Organization\",\"@id\":\"https:\/\/compuviper.mx\/tienda\/#organization\",\"name\":\"Compuviper\",\"url\":\"https:\/\/compuviper.mx\/tienda\/\",\"logo\":{\"@type\":\"ImageObject\",\"inLanguage\":\"es-MX\",\"@id\":\"https:\/\/compuviper.mx\/tienda\/#\/schema\/logo\/image\/\",\"url\":\"https:\/\/compuviper.mx\/tienda\/wp-content\/uploads\/2021\/08\/Logo-Compuviper-10.png\",\"contentUrl\":\"https:\/\/compuviper.mx\/tienda\/wp-content\/uploads\/2021\/08\/Logo-Compuviper-10.png\",\"width\":1000,\"height\":500,\"caption\":\"Compuviper\"},\"image\":{\"@id\":\"https:\/\/compuviper.mx\/tienda\/#\/schema\/logo\/image\/\"},\"sameAs\":[\"https:\/\/www.facebook.com\/compuviper\",\"https:\/\/www.youtube.com\/channel\/UCf73dERp9Y3cfOq7q8BhLjA?view_as=subscriber\"]}]}<\/script>\n<meta property=\"product:brand\" content=\"STARTECH.COM\" \/>\n<meta property=\"product:price:amount\" content=\"746\" \/>\n<meta property=\"product:price:currency\" content=\"MXN\" \/>\n<meta property=\"og:availability\" content=\"out of stock\" \/>\n<meta property=\"product:availability\" content=\"out of stock\" \/>\n<meta property=\"product:retailer_item_id\" content=\"5G3AGBB-USB-C-HUB\" \/>\n<meta property=\"product:condition\" content=\"new\" \/>\n<!-- \/ Yoast SEO plugin. -->","yoast_head_json":{"title":"[ Startech.com ] &#129351; 5g3agbb-usb-c-hub Hub Usb-c De 3 Puertos Usb-a - Usb 3.0 5gbps - Alimentado Por El Bus - Concentrador Usb-c De 3 Puertos Usb-a - Ethernet - Mod.","description":"Compra 5g3agbb-usb-c-hub Hub Usb-c De 3 Puertos Usb-a - Usb 3.0 5gbps - Alimentado Por El Bus - Concentrador Usb-c De 3 Puertos Usb-a - Ethernet - Mod. + Env\u00edo a domicilio + Pago seguro + Garant\u00eda","robots":{"index":"index","follow":"follow","max-snippet":"max-snippet:-1","max-image-preview":"max-image-preview:large","max-video-preview":"max-video-preview:-1"},"canonical":"https:\/\/compuviper.mx\/tienda\/producto\/startech-com-5g3agbb-usb-c-hub-hub-usb-c-de-3-puertos-usb-a-usb-3-0-5gbps-alimentado-por-el-bus-concentrador-usb-c-de-3-puertos-usb-a-ethernet-mod\/","og_locale":"es_MX","og_type":"article","og_title":"[ Startech.com ] &#129351; 5g3agbb-usb-c-hub Hub Usb-c De 3 Puertos Usb-a - Usb 3.0 5gbps - Alimentado Por El Bus - Concentrador Usb-c De 3 Puertos Usb-a - Ethernet - Mod.","og_description":"Compra 5g3agbb-usb-c-hub Hub Usb-c De 3 Puertos Usb-a - Usb 3.0 5gbps - Alimentado Por El Bus - Concentrador Usb-c De 3 Puertos Usb-a - Ethernet - Mod. + Env\u00edo a domicilio + Pago seguro + Garant\u00eda","og_url":"https:\/\/compuviper.mx\/tienda\/producto\/startech-com-5g3agbb-usb-c-hub-hub-usb-c-de-3-puertos-usb-a-usb-3-0-5gbps-alimentado-por-el-bus-concentrador-usb-c-de-3-puertos-usb-a-ethernet-mod\/","og_site_name":"Compuviper","article_publisher":"https:\/\/www.facebook.com\/compuviper","og_image":[{"width":200,"height":200,"url":"https:\/\/compuviper.mx\/tienda\/wp-content\/uploads\/2023\/12\/Hub-usb-c-de-3-puertos-usb-a-usb-3.0-5gbps-alimentado-por-el-bus-concentrador-usb-c-de-3-puertos-usb-a-ethernet-startech.com-mod.-5g3agbb-usb-c-hub.jpg","type":"image\/jpeg"}],"twitter_card":"summary_large_image","twitter_misc":{"Precio":"&#36;746 con IVA","Availability":"Out of stock"},"schema":{"@context":"https:\/\/schema.org","@graph":[{"@type":"WebPage","@id":"https:\/\/compuviper.mx\/tienda\/producto\/startech-com-5g3agbb-usb-c-hub-hub-usb-c-de-3-puertos-usb-a-usb-3-0-5gbps-alimentado-por-el-bus-concentrador-usb-c-de-3-puertos-usb-a-ethernet-mod\/","url":"https:\/\/compuviper.mx\/tienda\/producto\/startech-com-5g3agbb-usb-c-hub-hub-usb-c-de-3-puertos-usb-a-usb-3-0-5gbps-alimentado-por-el-bus-concentrador-usb-c-de-3-puertos-usb-a-ethernet-mod\/","name":"[ Startech.com ] &#129351; 5g3agbb-usb-c-hub Hub Usb-c De 3 Puertos Usb-a - Usb 3.0 5gbps - Alimentado Por El Bus - Concentrador Usb-c De 3 Puertos Usb-a - Ethernet - Mod.","isPartOf":{"@id":"https:\/\/compuviper.mx\/tienda\/#website"},"datePublished":"2026-05-06T05:07:45+00:00","dateModified":"2026-05-06T05:07:45+00:00","description":"Compra 5g3agbb-usb-c-hub Hub Usb-c De 3 Puertos Usb-a - Usb 3.0 5gbps - Alimentado Por El Bus - Concentrador Usb-c De 3 Puertos Usb-a - Ethernet - Mod. + Env\u00edo a domicilio + Pago seguro + Garant\u00eda","breadcrumb":{"@id":"https:\/\/compuviper.mx\/tienda\/producto\/startech-com-5g3agbb-usb-c-hub-hub-usb-c-de-3-puertos-usb-a-usb-3-0-5gbps-alimentado-por-el-bus-concentrador-usb-c-de-3-puertos-usb-a-ethernet-mod\/#breadcrumb"},"inLanguage":"es-MX","potentialAction":[{"@type":"ReadAction","target":["https:\/\/compuviper.mx\/tienda\/producto\/startech-com-5g3agbb-usb-c-hub-hub-usb-c-de-3-puertos-usb-a-usb-3-0-5gbps-alimentado-por-el-bus-concentrador-usb-c-de-3-puertos-usb-a-ethernet-mod\/"]}]},{"@type":"BreadcrumbList","@id":"https:\/\/compuviper.mx\/tienda\/producto\/startech-com-5g3agbb-usb-c-hub-hub-usb-c-de-3-puertos-usb-a-usb-3-0-5gbps-alimentado-por-el-bus-concentrador-usb-c-de-3-puertos-usb-a-ethernet-mod\/#breadcrumb","itemListElement":[{"@type":"ListItem","position":1,"name":"Inicio","item":"https:\/\/compuviper.mx\/tienda\/"},{"@type":"ListItem","position":2,"name":"Productos","item":"https:\/\/compuviper.mx\/tienda\/productos\/"},{"@type":"ListItem","position":3,"name":"Accesorios","item":"https:\/\/compuviper.mx\/tienda\/categoria-producto\/accesorios\/"},{"@type":"ListItem","position":4,"name":"Hub Usb","item":"https:\/\/compuviper.mx\/tienda\/categoria-producto\/accesorios\/hub-usb\/"},{"@type":"ListItem","position":5,"name":"Startech.com 5g3agbb-usb-c-hub Hub Usb-c De 3 Puertos Usb-a &#8211; Usb 3.0 5gbps &#8211; Alimentado Por El Bus &#8211; Concentrador Usb-c De 3 Puertos Usb-a &#8211; Ethernet &#8211; Mod."}]},{"@type":"WebSite","@id":"https:\/\/compuviper.mx\/tienda\/#website","url":"https:\/\/compuviper.mx\/tienda\/","name":"Compuviper","description":"Proveedor de Computadoras, Laptops, Servidores, Monitores, Puntos de Venta, Teclados,   Impresoras, T\u00f3ner, C\u00e1maras de Seguridad y m\u00e1s en tu tienda en l\u00ednea","publisher":{"@id":"https:\/\/compuviper.mx\/tienda\/#organization"},"potentialAction":[{"@type":"SearchAction","target":{"@type":"EntryPoint","urlTemplate":"https:\/\/compuviper.mx\/tienda\/?s={search_term_string}"},"query-input":"required name=search_term_string"}],"inLanguage":"es-MX"},{"@type":"Organization","@id":"https:\/\/compuviper.mx\/tienda\/#organization","name":"Compuviper","url":"https:\/\/compuviper.mx\/tienda\/","logo":{"@type":"ImageObject","inLanguage":"es-MX","@id":"https:\/\/compuviper.mx\/tienda\/#\/schema\/logo\/image\/","url":"https:\/\/compuviper.mx\/tienda\/wp-content\/uploads\/2021\/08\/Logo-Compuviper-10.png","contentUrl":"https:\/\/compuviper.mx\/tienda\/wp-content\/uploads\/2021\/08\/Logo-Compuviper-10.png","width":1000,"height":500,"caption":"Compuviper"},"image":{"@id":"https:\/\/compuviper.mx\/tienda\/#\/schema\/logo\/image\/"},"sameAs":["https:\/\/www.facebook.com\/compuviper","https:\/\/www.youtube.com\/channel\/UCf73dERp9Y3cfOq7q8BhLjA?view_as=subscriber"]}]},"product_brand":"STARTECH.COM","product_price_amount":"746","product_price_currency":"MXN","og_availability":"out of stock","product_availability":"out of stock","product_retailer_item_id":"5G3AGBB-USB-C-HUB","product_condition":"new"},"_links":{"self":[{"href":"https:\/\/compuviper.mx\/tienda\/wp-json\/wp\/v2\/product\/210588"}],"collection":[{"href":"https:\/\/compuviper.mx\/tienda\/wp-json\/wp\/v2\/product"}],"about":[{"href":"https:\/\/compuviper.mx\/tienda\/wp-json\/wp\/v2\/types\/product"}],"replies":[{"embeddable":true,"href":"https:\/\/compuviper.mx\/tienda\/wp-json\/wp\/v2\/comments?post=210588"}],"wp:featuredmedia":[{"embeddable":true,"href":"https:\/\/compuviper.mx\/tienda\/wp-json\/wp\/v2\/media\/210589"}],"wp:attachment":[{"href":"https:\/\/compuviper.mx\/tienda\/wp-json\/wp\/v2\/media?parent=210588"}],"wp:term":[{"taxonomy":"product_cat","embeddable":true,"href":"https:\/\/compuviper.mx\/tienda\/wp-json\/wp\/v2\/product_cat?post=210588"},{"taxonomy":"product_tag","embeddable":true,"href":"https:\/\/compuviper.mx\/tienda\/wp-json\/wp\/v2\/product_tag?post=210588"}],"curies":[{"name":"wp","href":"https:\/\/api.w.org\/{rel}","templated":true}]}}