{"id":210572,"date":"2026-04-24T23:07:46","date_gmt":"2026-04-25T05:07:46","guid":{"rendered":"https:\/\/compuviper.mx\/tienda\/producto\/intellinet-716048-rack-abierto-de-19-para-montaje-en-pared-4-postes-9u\/"},"modified":"2026-04-24T23:07:46","modified_gmt":"2026-04-25T05:07:46","slug":"intellinet-716048-rack-abierto-de-19-para-montaje-en-pared-4-postes-9u","status":"publish","type":"product","link":"https:\/\/compuviper.mx\/tienda\/producto\/intellinet-716048-rack-abierto-de-19-para-montaje-en-pared-4-postes-9u\/","title":{"rendered":"Intellinet 716048 Rack Abierto De 19  Para Montaje En Pared, 4 Postes, 9u"},"content":{"rendered":"<table class=\"descripcion\">\n<tr>\n<td>Est\u00e1ndares and certificaciones:<\/td>\n<\/tr>\n<tr>\n<td>Rohs<\/td>\n<\/tr>\n<tr>\n<td>Ansi\/eia 310-e<\/td>\n<\/tr>\n<tr>\n<td>Iec 60297-3<\/td>\n<\/tr>\n<tr>\n<td>General:<\/td>\n<\/tr>\n<tr>\n<td>Dimensiones (d x w x h): 604 x 555 x 513 mm (23.78 x 21.85 x 20.2 in.); 9u<\/td>\n<\/tr>\n<tr>\n<td>Profundidad de instalaci\u00f3n \u00fatil: 540 mm (21.26 pulgadas)<\/td>\n<\/tr>\n<tr>\n<td>Peso neto: 10.2 kg (22.49 lbs.)<\/td>\n<\/tr>\n<tr>\n<td>Peso bruto: 11.4 kg (25.13 lbs.)<\/td>\n<\/tr>\n<tr>\n<td>Carga est\u00e1tica m\u00e1xima: 40 kg (88 lbs.)<\/td>\n<\/tr>\n<tr>\n<td>Material: acero con recubrimiento de polvo<\/td>\n<\/tr>\n<tr>\n<td>Color: negro ral 9004<\/td>\n<\/tr>\n<tr>\n<td>Contenido del paquete:<\/td>\n<\/tr>\n<tr>\n<td>Rack abierto de 19 para montaje en pared, 4 postes, 9u<\/td>\n<\/tr>\n<tr>\n<td>Juego de tuercas enjauladas para equipos de montaje en rack de 19 (20 tornillos #10-32 unf, 20 tuercas enjauladas #10-32 unf, 20 arandelas de pl\u00e1stico)<\/td>\n<\/tr>\n<tr>\n<td>Este producto forma parte de un grupo; la lista completa de variaciones es la siguiente:<\/td>\n<\/tr>\n<tr>\n<td>#716031 &#8211; rack de montaje en pared de 4 postes con marco abierto, 6u, ensamblado<\/td>\n<\/tr>\n<tr>\n<td>#716048 &#8211; rack de montaje en pared de 4 postes con marco abierto, 9u, ensamblado<\/td>\n<\/tr>\n<tr>\n<td>#716055 &#8211; rack de pared de 4 postes con marco abierto, 12u, ensamblado<\/td>\n<\/tr>\n<tr>\n<td>#716161 &#8211; rack de montaje en pared de 4 postes y marco abierto, 15u, ensamblado<\/td>\n<\/tr>\n<tr>\n<td>#716178 &#8211; rack de marco abierto de 2 postes para montaje en pared, 6u, flat pack<\/td>\n<\/tr>\n<tr>\n<td>#716185 &#8211; rack de montaje en pared de 2 postes, 9u, flat pack<\/td>\n<\/tr>\n<tr>\n<td>#716192 &#8211; rack de pared de 2 postes, 12u, flat pack<\/td>\n<\/tr>\n<tr>\n<td>#716208 &#8211; rack de montaje en pared de 2 postes con marco abierto, 15u, flat pack<\/td>\n<\/tr>\n<\/table>\n","protected":false},"excerpt":{"rendered":"<p>Marco abierto para facilitar el acceso a los equipos desde todos los lados y para obtener el m\u00e1ximo flujo de aire con una eficiente disipaci\u00f3n del calor. Dise\u00f1o con bisagras traseras que permite que el marco se abra para facilitar el acceso a los p\u00e1neles posteriores. Montaje en la pared para las \u00e1reas de redes con espacio limitado en el suelo. Soluci\u00f3n sencilla y rentable; ideal para pruebas de equipos inform\u00e1ticos y para entornos seguros que no requieren un gabinete de red con cerradura. Construcci\u00f3n robusta y de alta calidad de acero spcc laminado en fr\u00edo con recubrimiento de polvo antiest\u00e1tico. Cuatro postes con rieles de montaje delanteros y posteriores para una m\u00e1xima resistencia y estabilidad. Capacidad de carga m\u00e1xima de 40 kg (88 lbs.. Profundidad de instalaci\u00f3n \u00fatil: 540 mm (21.26 pulgadas. Cumple con la norma iec 60297 \/ eia 310; es compatible con todos los equipos est\u00e1ndar de 19 pulg. \/ 482.6 mm para montaje en rack. Se env\u00eda completamente armado para una r\u00e1pida instalaci\u00f3n. Incluye material de montaje de 19 con 20 juegos de tuercas de jaula. Marco reversible para abrir desde la izquierda o la derecha. Tres a\u00f1os de garant\u00eda<\/p>\n","protected":false},"featured_media":210573,"comment_status":"open","ping_status":"open","template":"","meta":[],"product_cat":[1493,1494],"product_tag":[1489],"acf":[],"yoast_head":"<!-- This site is optimized with the Yoast SEO plugin v21.7 - https:\/\/yoast.com\/wordpress\/plugins\/seo\/ -->\n<title>[ Intellinet ] &#129351; 716048 Rack Abierto De 19 Para Montaje En Pared, 4 Postes, 9u<\/title>\n<meta name=\"description\" content=\"Compra 716048 Rack Abierto De 19 Para Montaje En Pared, 4 Postes, 9u + Env\u00edo a domicilio + Pago seguro + Garant\u00eda\" \/>\n<meta name=\"robots\" content=\"index, follow, max-snippet:-1, max-image-preview:large, max-video-preview:-1\" \/>\n<link rel=\"canonical\" href=\"https:\/\/compuviper.mx\/tienda\/producto\/intellinet-716048-rack-abierto-de-19-para-montaje-en-pared-4-postes-9u\/\" \/>\n<meta property=\"og:locale\" content=\"es_MX\" \/>\n<meta property=\"og:type\" content=\"article\" \/>\n<meta property=\"og:title\" content=\"[ Intellinet ] &#129351; 716048 Rack Abierto De 19 Para Montaje En Pared, 4 Postes, 9u\" \/>\n<meta property=\"og:description\" content=\"Compra 716048 Rack Abierto De 19 Para Montaje En Pared, 4 Postes, 9u + Env\u00edo a domicilio + Pago seguro + Garant\u00eda\" \/>\n<meta property=\"og:url\" content=\"https:\/\/compuviper.mx\/tienda\/producto\/intellinet-716048-rack-abierto-de-19-para-montaje-en-pared-4-postes-9u\/\" \/>\n<meta property=\"og:site_name\" content=\"Compuviper\" \/>\n<meta property=\"article:publisher\" content=\"https:\/\/www.facebook.com\/compuviper\" \/>\n<meta property=\"og:image\" content=\"https:\/\/compuviper.mx\/tienda\/wp-content\/uploads\/2023\/12\/Rack-abierto-de-19-intellinet-para-montaje-en-pared-4-postes-9u.jpg\" \/>\n\t<meta property=\"og:image:width\" content=\"200\" \/>\n\t<meta property=\"og:image:height\" content=\"200\" \/>\n\t<meta property=\"og:image:type\" content=\"image\/jpeg\" \/>\n<meta name=\"twitter:card\" content=\"summary_large_image\" \/>\n<meta name=\"twitter:label1\" content=\"Precio\" \/>\n\t<meta name=\"twitter:data1\" content=\"&#36;2,474 con IVA\" \/>\n\t<meta name=\"twitter:label2\" content=\"Availability\" \/>\n\t<meta name=\"twitter:data2\" content=\"Out of stock\" \/>\n<script type=\"application\/ld+json\" class=\"yoast-schema-graph\">{\"@context\":\"https:\/\/schema.org\",\"@graph\":[{\"@type\":\"WebPage\",\"@id\":\"https:\/\/compuviper.mx\/tienda\/producto\/intellinet-716048-rack-abierto-de-19-para-montaje-en-pared-4-postes-9u\/\",\"url\":\"https:\/\/compuviper.mx\/tienda\/producto\/intellinet-716048-rack-abierto-de-19-para-montaje-en-pared-4-postes-9u\/\",\"name\":\"[ Intellinet ] &#129351; 716048 Rack Abierto De 19 Para Montaje En Pared, 4 Postes, 9u\",\"isPartOf\":{\"@id\":\"https:\/\/compuviper.mx\/tienda\/#website\"},\"datePublished\":\"2026-04-25T05:07:46+00:00\",\"dateModified\":\"2026-04-25T05:07:46+00:00\",\"description\":\"Compra 716048 Rack Abierto De 19 Para Montaje En Pared, 4 Postes, 9u + Env\u00edo a domicilio + Pago seguro + Garant\u00eda\",\"breadcrumb\":{\"@id\":\"https:\/\/compuviper.mx\/tienda\/producto\/intellinet-716048-rack-abierto-de-19-para-montaje-en-pared-4-postes-9u\/#breadcrumb\"},\"inLanguage\":\"es-MX\",\"potentialAction\":[{\"@type\":\"ReadAction\",\"target\":[\"https:\/\/compuviper.mx\/tienda\/producto\/intellinet-716048-rack-abierto-de-19-para-montaje-en-pared-4-postes-9u\/\"]}]},{\"@type\":\"BreadcrumbList\",\"@id\":\"https:\/\/compuviper.mx\/tienda\/producto\/intellinet-716048-rack-abierto-de-19-para-montaje-en-pared-4-postes-9u\/#breadcrumb\",\"itemListElement\":[{\"@type\":\"ListItem\",\"position\":1,\"name\":\"Inicio\",\"item\":\"https:\/\/compuviper.mx\/tienda\/\"},{\"@type\":\"ListItem\",\"position\":2,\"name\":\"Productos\",\"item\":\"https:\/\/compuviper.mx\/tienda\/productos\/\"},{\"@type\":\"ListItem\",\"position\":3,\"name\":\"Gabinete De Rack\",\"item\":\"https:\/\/compuviper.mx\/tienda\/categoria-producto\/gabinete-de-rack\/\"},{\"@type\":\"ListItem\",\"position\":4,\"name\":\"Sin Categor\u00eda\",\"item\":\"https:\/\/compuviper.mx\/tienda\/categoria-producto\/gabinete-de-rack\/sin-categoria-gabinete-de-rack\/\"},{\"@type\":\"ListItem\",\"position\":5,\"name\":\"Intellinet 716048 Rack Abierto De 19 Para Montaje En Pared, 4 Postes, 9u\"}]},{\"@type\":\"WebSite\",\"@id\":\"https:\/\/compuviper.mx\/tienda\/#website\",\"url\":\"https:\/\/compuviper.mx\/tienda\/\",\"name\":\"Compuviper\",\"description\":\"Proveedor de Computadoras, Laptops, Servidores, Monitores, Puntos de Venta, Teclados,   Impresoras, T\u00f3ner, C\u00e1maras de Seguridad y m\u00e1s en tu tienda en l\u00ednea\",\"publisher\":{\"@id\":\"https:\/\/compuviper.mx\/tienda\/#organization\"},\"potentialAction\":[{\"@type\":\"SearchAction\",\"target\":{\"@type\":\"EntryPoint\",\"urlTemplate\":\"https:\/\/compuviper.mx\/tienda\/?s={search_term_string}\"},\"query-input\":\"required name=search_term_string\"}],\"inLanguage\":\"es-MX\"},{\"@type\":\"Organization\",\"@id\":\"https:\/\/compuviper.mx\/tienda\/#organization\",\"name\":\"Compuviper\",\"url\":\"https:\/\/compuviper.mx\/tienda\/\",\"logo\":{\"@type\":\"ImageObject\",\"inLanguage\":\"es-MX\",\"@id\":\"https:\/\/compuviper.mx\/tienda\/#\/schema\/logo\/image\/\",\"url\":\"https:\/\/compuviper.mx\/tienda\/wp-content\/uploads\/2021\/08\/Logo-Compuviper-10.png\",\"contentUrl\":\"https:\/\/compuviper.mx\/tienda\/wp-content\/uploads\/2021\/08\/Logo-Compuviper-10.png\",\"width\":1000,\"height\":500,\"caption\":\"Compuviper\"},\"image\":{\"@id\":\"https:\/\/compuviper.mx\/tienda\/#\/schema\/logo\/image\/\"},\"sameAs\":[\"https:\/\/www.facebook.com\/compuviper\",\"https:\/\/www.youtube.com\/channel\/UCf73dERp9Y3cfOq7q8BhLjA?view_as=subscriber\"]}]}<\/script>\n<meta property=\"product:brand\" content=\"INTELLINET\" \/>\n<meta property=\"product:price:amount\" content=\"2474\" \/>\n<meta property=\"product:price:currency\" content=\"MXN\" \/>\n<meta property=\"og:availability\" content=\"out of stock\" \/>\n<meta property=\"product:availability\" content=\"out of stock\" \/>\n<meta property=\"product:retailer_item_id\" content=\"716048\" \/>\n<meta property=\"product:condition\" content=\"new\" \/>\n<!-- \/ Yoast SEO plugin. -->","yoast_head_json":{"title":"[ Intellinet ] &#129351; 716048 Rack Abierto De 19 Para Montaje En Pared, 4 Postes, 9u","description":"Compra 716048 Rack Abierto De 19 Para Montaje En Pared, 4 Postes, 9u + Env\u00edo a domicilio + Pago seguro + Garant\u00eda","robots":{"index":"index","follow":"follow","max-snippet":"max-snippet:-1","max-image-preview":"max-image-preview:large","max-video-preview":"max-video-preview:-1"},"canonical":"https:\/\/compuviper.mx\/tienda\/producto\/intellinet-716048-rack-abierto-de-19-para-montaje-en-pared-4-postes-9u\/","og_locale":"es_MX","og_type":"article","og_title":"[ Intellinet ] &#129351; 716048 Rack Abierto De 19 Para Montaje En Pared, 4 Postes, 9u","og_description":"Compra 716048 Rack Abierto De 19 Para Montaje En Pared, 4 Postes, 9u + Env\u00edo a domicilio + Pago seguro + Garant\u00eda","og_url":"https:\/\/compuviper.mx\/tienda\/producto\/intellinet-716048-rack-abierto-de-19-para-montaje-en-pared-4-postes-9u\/","og_site_name":"Compuviper","article_publisher":"https:\/\/www.facebook.com\/compuviper","og_image":[{"width":200,"height":200,"url":"https:\/\/compuviper.mx\/tienda\/wp-content\/uploads\/2023\/12\/Rack-abierto-de-19-intellinet-para-montaje-en-pared-4-postes-9u.jpg","type":"image\/jpeg"}],"twitter_card":"summary_large_image","twitter_misc":{"Precio":"&#36;2,474 con IVA","Availability":"Out of stock"},"schema":{"@context":"https:\/\/schema.org","@graph":[{"@type":"WebPage","@id":"https:\/\/compuviper.mx\/tienda\/producto\/intellinet-716048-rack-abierto-de-19-para-montaje-en-pared-4-postes-9u\/","url":"https:\/\/compuviper.mx\/tienda\/producto\/intellinet-716048-rack-abierto-de-19-para-montaje-en-pared-4-postes-9u\/","name":"[ Intellinet ] &#129351; 716048 Rack Abierto De 19 Para Montaje En Pared, 4 Postes, 9u","isPartOf":{"@id":"https:\/\/compuviper.mx\/tienda\/#website"},"datePublished":"2026-04-25T05:07:46+00:00","dateModified":"2026-04-25T05:07:46+00:00","description":"Compra 716048 Rack Abierto De 19 Para Montaje En Pared, 4 Postes, 9u + Env\u00edo a domicilio + Pago seguro + Garant\u00eda","breadcrumb":{"@id":"https:\/\/compuviper.mx\/tienda\/producto\/intellinet-716048-rack-abierto-de-19-para-montaje-en-pared-4-postes-9u\/#breadcrumb"},"inLanguage":"es-MX","potentialAction":[{"@type":"ReadAction","target":["https:\/\/compuviper.mx\/tienda\/producto\/intellinet-716048-rack-abierto-de-19-para-montaje-en-pared-4-postes-9u\/"]}]},{"@type":"BreadcrumbList","@id":"https:\/\/compuviper.mx\/tienda\/producto\/intellinet-716048-rack-abierto-de-19-para-montaje-en-pared-4-postes-9u\/#breadcrumb","itemListElement":[{"@type":"ListItem","position":1,"name":"Inicio","item":"https:\/\/compuviper.mx\/tienda\/"},{"@type":"ListItem","position":2,"name":"Productos","item":"https:\/\/compuviper.mx\/tienda\/productos\/"},{"@type":"ListItem","position":3,"name":"Gabinete De Rack","item":"https:\/\/compuviper.mx\/tienda\/categoria-producto\/gabinete-de-rack\/"},{"@type":"ListItem","position":4,"name":"Sin Categor\u00eda","item":"https:\/\/compuviper.mx\/tienda\/categoria-producto\/gabinete-de-rack\/sin-categoria-gabinete-de-rack\/"},{"@type":"ListItem","position":5,"name":"Intellinet 716048 Rack Abierto De 19 Para Montaje En Pared, 4 Postes, 9u"}]},{"@type":"WebSite","@id":"https:\/\/compuviper.mx\/tienda\/#website","url":"https:\/\/compuviper.mx\/tienda\/","name":"Compuviper","description":"Proveedor de Computadoras, Laptops, Servidores, Monitores, Puntos de Venta, Teclados,   Impresoras, T\u00f3ner, C\u00e1maras de Seguridad y m\u00e1s en tu tienda en l\u00ednea","publisher":{"@id":"https:\/\/compuviper.mx\/tienda\/#organization"},"potentialAction":[{"@type":"SearchAction","target":{"@type":"EntryPoint","urlTemplate":"https:\/\/compuviper.mx\/tienda\/?s={search_term_string}"},"query-input":"required name=search_term_string"}],"inLanguage":"es-MX"},{"@type":"Organization","@id":"https:\/\/compuviper.mx\/tienda\/#organization","name":"Compuviper","url":"https:\/\/compuviper.mx\/tienda\/","logo":{"@type":"ImageObject","inLanguage":"es-MX","@id":"https:\/\/compuviper.mx\/tienda\/#\/schema\/logo\/image\/","url":"https:\/\/compuviper.mx\/tienda\/wp-content\/uploads\/2021\/08\/Logo-Compuviper-10.png","contentUrl":"https:\/\/compuviper.mx\/tienda\/wp-content\/uploads\/2021\/08\/Logo-Compuviper-10.png","width":1000,"height":500,"caption":"Compuviper"},"image":{"@id":"https:\/\/compuviper.mx\/tienda\/#\/schema\/logo\/image\/"},"sameAs":["https:\/\/www.facebook.com\/compuviper","https:\/\/www.youtube.com\/channel\/UCf73dERp9Y3cfOq7q8BhLjA?view_as=subscriber"]}]},"product_brand":"INTELLINET","product_price_amount":"2474","product_price_currency":"MXN","og_availability":"out of stock","product_availability":"out of stock","product_retailer_item_id":"716048","product_condition":"new"},"_links":{"self":[{"href":"https:\/\/compuviper.mx\/tienda\/wp-json\/wp\/v2\/product\/210572"}],"collection":[{"href":"https:\/\/compuviper.mx\/tienda\/wp-json\/wp\/v2\/product"}],"about":[{"href":"https:\/\/compuviper.mx\/tienda\/wp-json\/wp\/v2\/types\/product"}],"replies":[{"embeddable":true,"href":"https:\/\/compuviper.mx\/tienda\/wp-json\/wp\/v2\/comments?post=210572"}],"wp:featuredmedia":[{"embeddable":true,"href":"https:\/\/compuviper.mx\/tienda\/wp-json\/wp\/v2\/media\/210573"}],"wp:attachment":[{"href":"https:\/\/compuviper.mx\/tienda\/wp-json\/wp\/v2\/media?parent=210572"}],"wp:term":[{"taxonomy":"product_cat","embeddable":true,"href":"https:\/\/compuviper.mx\/tienda\/wp-json\/wp\/v2\/product_cat?post=210572"},{"taxonomy":"product_tag","embeddable":true,"href":"https:\/\/compuviper.mx\/tienda\/wp-json\/wp\/v2\/product_tag?post=210572"}],"curies":[{"name":"wp","href":"https:\/\/api.w.org\/{rel}","templated":true}]}}