{"id":210544,"date":"2026-04-21T23:08:39","date_gmt":"2026-04-22T05:08:39","guid":{"rendered":"https:\/\/compuviper.mx\/tienda\/producto\/manhattan-207614-video-splitter-hdmi-4k60hz-1-in2-out-18gbps\/"},"modified":"2026-04-21T23:08:39","modified_gmt":"2026-04-22T05:08:39","slug":"manhattan-207614-video-splitter-hdmi-4k60hz-1-in2-out-18gbps","status":"publish","type":"product","link":"https:\/\/compuviper.mx\/tienda\/producto\/manhattan-207614-video-splitter-hdmi-4k60hz-1-in2-out-18gbps\/","title":{"rendered":"Manhattan 207614 Video Splitter,,, Hdmi 4k@60hz, 1 In:2 Out, 18gbps"},"content":{"rendered":"<table class=\"descripcion\">\n<tr>\n<td>Normas y certificaciones<\/td>\n<\/tr>\n<tr>\n<td>&#8211; hdmi 2.0<\/td>\n<\/tr>\n<tr>\n<td>&#8211; hdcp 2.3<\/td>\n<\/tr>\n<tr>\n<td>&#8211; ce<\/td>\n<\/tr>\n<tr>\n<td>&#8211; fcc<\/td>\n<\/tr>\n<tr>\n<td>&#8211; rohs<\/td>\n<\/tr>\n<tr>\n<td>&#8211; reach<\/td>\n<\/tr>\n<tr>\n<td>&#8211; ukca<\/td>\n<\/tr>\n<tr>\n<td>General<\/td>\n<\/tr>\n<tr>\n<td>&#8211; resoluciones soportadas: 480p\/576i\/720p\/1080i\/1080p\/4k@30hz\/4k@60hz<\/td>\n<\/tr>\n<tr>\n<td>&#8211; ancho de banda de v\u00eddeo m\u00e1ximo: 18 gbps \/ 600 mhz<\/td>\n<\/tr>\n<tr>\n<td>&#8211; consumo de energ\u00eda: 5.0 w (m\u00e1x.)<\/td>\n<\/tr>\n<tr>\n<td>&#8211; conexi\u00f3n en cascada: hasta tres divisores\/niveles (5 m \/ 16 pies de longitud m\u00e1xima de cable entre cada unidad)<\/td>\n<\/tr>\n<tr>\n<td>Conexiones\/botones<\/td>\n<\/tr>\n<tr>\n<td>&#8211; tres conectores hdmi hembra de 19 pines (una entrada, dos salidas)<\/td>\n<\/tr>\n<tr>\n<td>&#8211; una conexi\u00f3n de alimentaci\u00f3n de 5.0 v dc \/ 1.0 a, micro-usb<\/td>\n<\/tr>\n<tr>\n<td>&#8211; un interruptor edid<\/td>\n<\/tr>\n<tr>\n<td>Leds<\/td>\n<\/tr>\n<tr>\n<td>&#8211; salida1<\/td>\n<\/tr>\n<tr>\n<td>&#8211; salida2<\/td>\n<\/tr>\n<tr>\n<td>&#8211; escalador<\/td>\n<\/tr>\n<tr>\n<td>F\u00edsico<\/td>\n<\/tr>\n<tr>\n<td>&#8211; dimensiones (largo x ancho x alto): 102 x 45 x 15 mm (4.02 x 1.77 x 0.59 pulgadas)<\/td>\n<\/tr>\n<tr>\n<td>&#8211; peso neto: 47 g (1.66 oz.)<\/td>\n<\/tr>\n<tr>\n<td>&#8211; peso bruto: 185 g (6.53 oz.)<\/td>\n<\/tr>\n<tr>\n<td>&#8211; carcasa: pl\u00e1stico<\/td>\n<\/tr>\n<tr>\n<td>Entorno de funcionamiento<\/td>\n<\/tr>\n<tr>\n<td>&#8211; temperatura de funcionamiento: 0 &#8211; 70\u00b0c (32 &#8211; 158\u00b0f)<\/td>\n<\/tr>\n<tr>\n<td>&#8211; temperatura de almacenamiento: -20 &#8211; 80\u00b0c (-4 &#8211; 176\u00b0f)<\/td>\n<\/tr>\n<tr>\n<td>&#8211; humedad (sin condensaci\u00f3n) 5 &#8211; 90%<\/td>\n<\/tr>\n<tr>\n<td>Contenido del paquete<\/td>\n<\/tr>\n<tr>\n<td>&#8211; divisor hdmi de 2 puertos 4k@60hz<\/td>\n<\/tr>\n<tr>\n<td>&#8211; cable de alimentaci\u00f3n de micro-usb a usb-a, 0.8 m<\/td>\n<\/tr>\n<tr>\n<td>&#8211; instrucciones<\/td>\n<\/tr>\n<\/table>\n","protected":false},"excerpt":{"rendered":"<p>Highlights. Distribuye una \u00fanica se\u00f1al de audio\/v\u00eddeo hdmi a dos pantallas hdmi. Resoluciones de hasta ultra alta definici\u00f3n (uhd) 4k@60hz (3840\u00d72160. Alto rango din\u00e1mico (hdr) para un contraste superior y colores brillantes. Submuestreo de croma 4:4:4. Hasta 18 gbps de ancho de banda total con 6 gbps por canal a 600 mhz. Totalmente compatible con pantallas 4k@30hz y 1080p. Conmutador edid para la optimizaci\u00f3n autom\u00e1tica de la imagen, asegurando que los ajustes como la resoluci\u00f3n nativa y la frecuencia de actualizaci\u00f3n est\u00e9n configurados correctamente. Se pueden conectar hasta tres divisores en cascada para soportar cuatro pantallas 4k. Color profundo de 36 bits (12 bits por canal. Admite v\u00eddeo en 3d. Admite audio comprimido dts-hd master audio, audio sin comprimir lpcm de 8 canales (sonido envolvente 7.1) y dolby truehd, as\u00ed como audio de 32 canales. Compatible con todos los dispositivos hdmi: televisores, proyectores, monitores, port\u00e1tiles, pc, receptores av, cajas de transmisi\u00f3n, consolas de juegos, playstation\u00ae (ps4\/ps5), xbox\u00ae (one\/series s\/series x), reproductores de blu-ray y mucho m\u00e1s. Ideal para la se\u00f1alizaci\u00f3n digital en comercios y stands de exposiciones o para presentaciones con varias pantallas en salas de conferencias y centros deportivos. Instalaci\u00f3n plug and play, sin necesidad de configuraci\u00f3n. Compatible con hdcp 2.3. Bases de goma para el uso antideslizante en el escritorio. Cable de alimentaci\u00f3n de micro-usb a usb-a incluido. Tres a\u00f1os de garant\u00eda<\/p>\n","protected":false},"featured_media":210545,"comment_status":"open","ping_status":"open","template":"","meta":[],"product_cat":[1485,1506],"product_tag":[1487],"acf":[],"yoast_head":"<!-- This site is optimized with the Yoast SEO plugin v21.7 - https:\/\/yoast.com\/wordpress\/plugins\/seo\/ -->\n<title>[ Manhattan ] &#129351; 207614 Video Splitter,,, Hdmi 4k@60hz, 1 In:2 Out, 18gbps<\/title>\n<meta name=\"description\" content=\"Compra 207614 Video Splitter,,, Hdmi 4k@60hz, 1 In:2 Out, 18gbps + Env\u00edo a domicilio + Pago seguro + Garant\u00eda\" \/>\n<meta name=\"robots\" content=\"index, follow, max-snippet:-1, max-image-preview:large, max-video-preview:-1\" \/>\n<link rel=\"canonical\" href=\"https:\/\/compuviper.mx\/tienda\/producto\/manhattan-207614-video-splitter-hdmi-4k60hz-1-in2-out-18gbps\/\" \/>\n<meta property=\"og:locale\" content=\"es_MX\" \/>\n<meta property=\"og:type\" content=\"article\" \/>\n<meta property=\"og:title\" content=\"[ Manhattan ] &#129351; 207614 Video Splitter,,, Hdmi 4k@60hz, 1 In:2 Out, 18gbps\" \/>\n<meta property=\"og:description\" content=\"Compra 207614 Video Splitter,,, Hdmi 4k@60hz, 1 In:2 Out, 18gbps + Env\u00edo a domicilio + Pago seguro + Garant\u00eda\" \/>\n<meta property=\"og:url\" content=\"https:\/\/compuviper.mx\/tienda\/producto\/manhattan-207614-video-splitter-hdmi-4k60hz-1-in2-out-18gbps\/\" \/>\n<meta property=\"og:site_name\" content=\"Compuviper\" \/>\n<meta property=\"article:publisher\" content=\"https:\/\/www.facebook.com\/compuviper\" \/>\n<meta property=\"og:image\" content=\"https:\/\/compuviper.mx\/tienda\/wp-content\/uploads\/2023\/12\/Video-splittermanhattan207614-hdmi-4k@60hz-1-in2-out-18gbps.jpg\" \/>\n\t<meta property=\"og:image:width\" content=\"200\" \/>\n\t<meta property=\"og:image:height\" content=\"200\" \/>\n\t<meta property=\"og:image:type\" content=\"image\/jpeg\" \/>\n<meta name=\"twitter:card\" content=\"summary_large_image\" \/>\n<meta name=\"twitter:label1\" content=\"Precio\" \/>\n\t<meta name=\"twitter:data1\" content=\"&#36;784 con IVA\" \/>\n\t<meta name=\"twitter:label2\" content=\"Availability\" \/>\n\t<meta name=\"twitter:data2\" content=\"On backorder\" \/>\n<script type=\"application\/ld+json\" class=\"yoast-schema-graph\">{\"@context\":\"https:\/\/schema.org\",\"@graph\":[{\"@type\":\"WebPage\",\"@id\":\"https:\/\/compuviper.mx\/tienda\/producto\/manhattan-207614-video-splitter-hdmi-4k60hz-1-in2-out-18gbps\/\",\"url\":\"https:\/\/compuviper.mx\/tienda\/producto\/manhattan-207614-video-splitter-hdmi-4k60hz-1-in2-out-18gbps\/\",\"name\":\"[ Manhattan ] &#129351; 207614 Video Splitter,,, Hdmi 4k@60hz, 1 In:2 Out, 18gbps\",\"isPartOf\":{\"@id\":\"https:\/\/compuviper.mx\/tienda\/#website\"},\"datePublished\":\"2026-04-22T05:08:39+00:00\",\"dateModified\":\"2026-04-22T05:08:39+00:00\",\"description\":\"Compra 207614 Video Splitter,,, Hdmi 4k@60hz, 1 In:2 Out, 18gbps + Env\u00edo a domicilio + Pago seguro + Garant\u00eda\",\"breadcrumb\":{\"@id\":\"https:\/\/compuviper.mx\/tienda\/producto\/manhattan-207614-video-splitter-hdmi-4k60hz-1-in2-out-18gbps\/#breadcrumb\"},\"inLanguage\":\"es-MX\",\"potentialAction\":[{\"@type\":\"ReadAction\",\"target\":[\"https:\/\/compuviper.mx\/tienda\/producto\/manhattan-207614-video-splitter-hdmi-4k60hz-1-in2-out-18gbps\/\"]}]},{\"@type\":\"BreadcrumbList\",\"@id\":\"https:\/\/compuviper.mx\/tienda\/producto\/manhattan-207614-video-splitter-hdmi-4k60hz-1-in2-out-18gbps\/#breadcrumb\",\"itemListElement\":[{\"@type\":\"ListItem\",\"position\":1,\"name\":\"Inicio\",\"item\":\"https:\/\/compuviper.mx\/tienda\/\"},{\"@type\":\"ListItem\",\"position\":2,\"name\":\"Productos\",\"item\":\"https:\/\/compuviper.mx\/tienda\/productos\/\"},{\"@type\":\"ListItem\",\"position\":3,\"name\":\"Accesorios\",\"item\":\"https:\/\/compuviper.mx\/tienda\/categoria-producto\/accesorios\/\"},{\"@type\":\"ListItem\",\"position\":4,\"name\":\"Conectividad\",\"item\":\"https:\/\/compuviper.mx\/tienda\/categoria-producto\/accesorios\/conectividad\/\"},{\"@type\":\"ListItem\",\"position\":5,\"name\":\"Manhattan 207614 Video Splitter,,, Hdmi 4k@60hz, 1 In:2 Out, 18gbps\"}]},{\"@type\":\"WebSite\",\"@id\":\"https:\/\/compuviper.mx\/tienda\/#website\",\"url\":\"https:\/\/compuviper.mx\/tienda\/\",\"name\":\"Compuviper\",\"description\":\"Proveedor de Computadoras, Laptops, Servidores, Monitores, Puntos de Venta, Teclados,   Impresoras, T\u00f3ner, C\u00e1maras de Seguridad y m\u00e1s en tu tienda en l\u00ednea\",\"publisher\":{\"@id\":\"https:\/\/compuviper.mx\/tienda\/#organization\"},\"potentialAction\":[{\"@type\":\"SearchAction\",\"target\":{\"@type\":\"EntryPoint\",\"urlTemplate\":\"https:\/\/compuviper.mx\/tienda\/?s={search_term_string}\"},\"query-input\":\"required name=search_term_string\"}],\"inLanguage\":\"es-MX\"},{\"@type\":\"Organization\",\"@id\":\"https:\/\/compuviper.mx\/tienda\/#organization\",\"name\":\"Compuviper\",\"url\":\"https:\/\/compuviper.mx\/tienda\/\",\"logo\":{\"@type\":\"ImageObject\",\"inLanguage\":\"es-MX\",\"@id\":\"https:\/\/compuviper.mx\/tienda\/#\/schema\/logo\/image\/\",\"url\":\"https:\/\/compuviper.mx\/tienda\/wp-content\/uploads\/2021\/08\/Logo-Compuviper-10.png\",\"contentUrl\":\"https:\/\/compuviper.mx\/tienda\/wp-content\/uploads\/2021\/08\/Logo-Compuviper-10.png\",\"width\":1000,\"height\":500,\"caption\":\"Compuviper\"},\"image\":{\"@id\":\"https:\/\/compuviper.mx\/tienda\/#\/schema\/logo\/image\/\"},\"sameAs\":[\"https:\/\/www.facebook.com\/compuviper\",\"https:\/\/www.youtube.com\/channel\/UCf73dERp9Y3cfOq7q8BhLjA?view_as=subscriber\"]}]}<\/script>\n<meta property=\"product:brand\" content=\"MANHATTAN\" \/>\n<meta property=\"product:price:amount\" content=\"784\" \/>\n<meta property=\"product:price:currency\" content=\"MXN\" \/>\n<meta property=\"og:availability\" content=\"backorder\" \/>\n<meta property=\"product:availability\" content=\"available for order\" \/>\n<meta property=\"product:retailer_item_id\" content=\"207614\" \/>\n<meta property=\"product:condition\" content=\"new\" \/>\n<!-- \/ Yoast SEO plugin. -->","yoast_head_json":{"title":"[ Manhattan ] &#129351; 207614 Video Splitter,,, Hdmi 4k@60hz, 1 In:2 Out, 18gbps","description":"Compra 207614 Video Splitter,,, Hdmi 4k@60hz, 1 In:2 Out, 18gbps + Env\u00edo a domicilio + Pago seguro + Garant\u00eda","robots":{"index":"index","follow":"follow","max-snippet":"max-snippet:-1","max-image-preview":"max-image-preview:large","max-video-preview":"max-video-preview:-1"},"canonical":"https:\/\/compuviper.mx\/tienda\/producto\/manhattan-207614-video-splitter-hdmi-4k60hz-1-in2-out-18gbps\/","og_locale":"es_MX","og_type":"article","og_title":"[ Manhattan ] &#129351; 207614 Video Splitter,,, Hdmi 4k@60hz, 1 In:2 Out, 18gbps","og_description":"Compra 207614 Video Splitter,,, Hdmi 4k@60hz, 1 In:2 Out, 18gbps + Env\u00edo a domicilio + Pago seguro + Garant\u00eda","og_url":"https:\/\/compuviper.mx\/tienda\/producto\/manhattan-207614-video-splitter-hdmi-4k60hz-1-in2-out-18gbps\/","og_site_name":"Compuviper","article_publisher":"https:\/\/www.facebook.com\/compuviper","og_image":[{"width":200,"height":200,"url":"https:\/\/compuviper.mx\/tienda\/wp-content\/uploads\/2023\/12\/Video-splittermanhattan207614-hdmi-4k@60hz-1-in2-out-18gbps.jpg","type":"image\/jpeg"}],"twitter_card":"summary_large_image","twitter_misc":{"Precio":"&#36;784 con IVA","Availability":"On backorder"},"schema":{"@context":"https:\/\/schema.org","@graph":[{"@type":"WebPage","@id":"https:\/\/compuviper.mx\/tienda\/producto\/manhattan-207614-video-splitter-hdmi-4k60hz-1-in2-out-18gbps\/","url":"https:\/\/compuviper.mx\/tienda\/producto\/manhattan-207614-video-splitter-hdmi-4k60hz-1-in2-out-18gbps\/","name":"[ Manhattan ] &#129351; 207614 Video Splitter,,, Hdmi 4k@60hz, 1 In:2 Out, 18gbps","isPartOf":{"@id":"https:\/\/compuviper.mx\/tienda\/#website"},"datePublished":"2026-04-22T05:08:39+00:00","dateModified":"2026-04-22T05:08:39+00:00","description":"Compra 207614 Video Splitter,,, Hdmi 4k@60hz, 1 In:2 Out, 18gbps + Env\u00edo a domicilio + Pago seguro + Garant\u00eda","breadcrumb":{"@id":"https:\/\/compuviper.mx\/tienda\/producto\/manhattan-207614-video-splitter-hdmi-4k60hz-1-in2-out-18gbps\/#breadcrumb"},"inLanguage":"es-MX","potentialAction":[{"@type":"ReadAction","target":["https:\/\/compuviper.mx\/tienda\/producto\/manhattan-207614-video-splitter-hdmi-4k60hz-1-in2-out-18gbps\/"]}]},{"@type":"BreadcrumbList","@id":"https:\/\/compuviper.mx\/tienda\/producto\/manhattan-207614-video-splitter-hdmi-4k60hz-1-in2-out-18gbps\/#breadcrumb","itemListElement":[{"@type":"ListItem","position":1,"name":"Inicio","item":"https:\/\/compuviper.mx\/tienda\/"},{"@type":"ListItem","position":2,"name":"Productos","item":"https:\/\/compuviper.mx\/tienda\/productos\/"},{"@type":"ListItem","position":3,"name":"Accesorios","item":"https:\/\/compuviper.mx\/tienda\/categoria-producto\/accesorios\/"},{"@type":"ListItem","position":4,"name":"Conectividad","item":"https:\/\/compuviper.mx\/tienda\/categoria-producto\/accesorios\/conectividad\/"},{"@type":"ListItem","position":5,"name":"Manhattan 207614 Video Splitter,,, Hdmi 4k@60hz, 1 In:2 Out, 18gbps"}]},{"@type":"WebSite","@id":"https:\/\/compuviper.mx\/tienda\/#website","url":"https:\/\/compuviper.mx\/tienda\/","name":"Compuviper","description":"Proveedor de Computadoras, Laptops, Servidores, Monitores, Puntos de Venta, Teclados,   Impresoras, T\u00f3ner, C\u00e1maras de Seguridad y m\u00e1s en tu tienda en l\u00ednea","publisher":{"@id":"https:\/\/compuviper.mx\/tienda\/#organization"},"potentialAction":[{"@type":"SearchAction","target":{"@type":"EntryPoint","urlTemplate":"https:\/\/compuviper.mx\/tienda\/?s={search_term_string}"},"query-input":"required name=search_term_string"}],"inLanguage":"es-MX"},{"@type":"Organization","@id":"https:\/\/compuviper.mx\/tienda\/#organization","name":"Compuviper","url":"https:\/\/compuviper.mx\/tienda\/","logo":{"@type":"ImageObject","inLanguage":"es-MX","@id":"https:\/\/compuviper.mx\/tienda\/#\/schema\/logo\/image\/","url":"https:\/\/compuviper.mx\/tienda\/wp-content\/uploads\/2021\/08\/Logo-Compuviper-10.png","contentUrl":"https:\/\/compuviper.mx\/tienda\/wp-content\/uploads\/2021\/08\/Logo-Compuviper-10.png","width":1000,"height":500,"caption":"Compuviper"},"image":{"@id":"https:\/\/compuviper.mx\/tienda\/#\/schema\/logo\/image\/"},"sameAs":["https:\/\/www.facebook.com\/compuviper","https:\/\/www.youtube.com\/channel\/UCf73dERp9Y3cfOq7q8BhLjA?view_as=subscriber"]}]},"product_brand":"MANHATTAN","product_price_amount":"784","product_price_currency":"MXN","og_availability":"backorder","product_availability":"available for order","product_retailer_item_id":"207614","product_condition":"new"},"_links":{"self":[{"href":"https:\/\/compuviper.mx\/tienda\/wp-json\/wp\/v2\/product\/210544"}],"collection":[{"href":"https:\/\/compuviper.mx\/tienda\/wp-json\/wp\/v2\/product"}],"about":[{"href":"https:\/\/compuviper.mx\/tienda\/wp-json\/wp\/v2\/types\/product"}],"replies":[{"embeddable":true,"href":"https:\/\/compuviper.mx\/tienda\/wp-json\/wp\/v2\/comments?post=210544"}],"wp:featuredmedia":[{"embeddable":true,"href":"https:\/\/compuviper.mx\/tienda\/wp-json\/wp\/v2\/media\/210545"}],"wp:attachment":[{"href":"https:\/\/compuviper.mx\/tienda\/wp-json\/wp\/v2\/media?parent=210544"}],"wp:term":[{"taxonomy":"product_cat","embeddable":true,"href":"https:\/\/compuviper.mx\/tienda\/wp-json\/wp\/v2\/product_cat?post=210544"},{"taxonomy":"product_tag","embeddable":true,"href":"https:\/\/compuviper.mx\/tienda\/wp-json\/wp\/v2\/product_tag?post=210544"}],"curies":[{"name":"wp","href":"https:\/\/api.w.org\/{rel}","templated":true}]}}