{"id":210542,"date":"2026-04-01T23:09:46","date_gmt":"2026-04-02T05:09:46","guid":{"rendered":"https:\/\/compuviper.mx\/tienda\/producto\/manhattan-440370-maletin-backpack-17-3\/"},"modified":"2026-04-01T23:09:46","modified_gmt":"2026-04-02T05:09:46","slug":"manhattan-440370-maletin-backpack-17-3","status":"publish","type":"product","link":"https:\/\/compuviper.mx\/tienda\/producto\/manhattan-440370-maletin-backpack-17-3\/","title":{"rendered":"Manhattan 440370 Maletin Backpack,,, 17.3"},"content":{"rendered":"<table class=\"descripcion\">\n<tr>\n<td>Exterior<\/td>\n<\/tr>\n<tr>\n<td>Poli\u00e9ster con revestimiento repelente al agua<\/td>\n<\/tr>\n<tr>\n<td>Dos cierres en el compartimento principal, apertura completa tipo concha<\/td>\n<\/tr>\n<tr>\n<td>Dos cierres en el compartimento de la computadora port\u00e1til, apertura completa tipo concha<\/td>\n<\/tr>\n<tr>\n<td>Bolsillo de almacenamiento frontal con cierre<\/td>\n<\/tr>\n<tr>\n<td>Asa superior reforzada<\/td>\n<\/tr>\n<tr>\n<td>Asa lateral<\/td>\n<\/tr>\n<tr>\n<td>Dos correas para los hombros, plegables<\/td>\n<\/tr>\n<tr>\n<td>Bolsillo de malla el\u00e1stica con cierre para botella de agua<\/td>\n<\/tr>\n<tr>\n<td>Correa de carro de paso<\/td>\n<\/tr>\n<tr>\n<td>Interior<\/td>\n<\/tr>\n<tr>\n<td>Poli\u00e9ster 210d<\/td>\n<\/tr>\n<tr>\n<td>Compartimento para port\u00e1tiles para dispositivos de hasta 17.3<\/td>\n<\/tr>\n<tr>\n<td>Compartimento para tabletas para dispositivos de hasta 11<\/td>\n<\/tr>\n<tr>\n<td>Un bolsillo grande de malla<\/td>\n<\/tr>\n<tr>\n<td>Dos correas en x<\/td>\n<\/tr>\n<tr>\n<td>Tres estuches extra\u00edbles separados en tama\u00f1os peque\u00f1o, mediano y grande con aberturas tipo concha con cierre<\/td>\n<\/tr>\n<tr>\n<td>Capacidad total: 40 litros<\/td>\n<\/tr>\n<tr>\n<td>Dise\u00f1o<\/td>\n<\/tr>\n<tr>\n<td>Dimensiones exteriores (l x an x al): 470 x 318 x 229 mm (18.5 x 12.5 x 9 pulg.)<\/td>\n<\/tr>\n<tr>\n<td>Dimensiones interiores de la funda para port\u00e1til (largo x ancho x alto): 427 x 275 x 40 mm (16.81 x 10.83 x 1.57 pulg.)*<\/td>\n<\/tr>\n<tr>\n<td>Dimensiones (largo x ancho x alto) de los estuches plegables extra\u00edbles<\/td>\n<\/tr>\n<tr>\n<td>&#8211; grande: 420 x 300 x 60 mm (16.54 x 11.81 x 2.36 pulgadas)<\/td>\n<\/tr>\n<tr>\n<td>&#8211; mediano: 300 x 250 x 60 mm (11.81 x 9.84 x 2.36 pulg.)<\/td>\n<\/tr>\n<tr>\n<td>&#8211; peque\u00f1o: 300 x 170 x 60 x mm (11.81 x 6.69 x 2.36 pulg.)<\/td>\n<\/tr>\n<tr>\n<td>Peso neto: 1.2 kg (2,65 libras)<\/td>\n<\/tr>\n<tr>\n<td>Peso bruto: 1.25 kg (2.76 libras)<\/td>\n<\/tr>\n<\/table>\n","protected":false},"excerpt":{"rendered":"<p>Cumple con las restricciones internacionales de tama\u00f1o del equipaje de mano y cabe en todos los compartimentos superiores. Apertura completa tipo concha con dos cierres en el compartimento principal y en la de la computadora port\u00e1til para un acceso c\u00f3modo y manejo m\u00e1s r\u00e1pido en las inspecciones de seguridad de los aeropuertos. Generosa capacidad de 40 l, lo suficientemente grande para los zapatos, la ropa, la laptop, la tablet y muchos accesorios. Dos fundas interiores acolchadas para la mayor\u00eda de las computadoras port\u00e1tiles de hasta 17.3 y la mayor\u00eda de las tablets de hasta 11. Se incluyen tres fundas extra\u00edbles con cierre en tama\u00f1os grande, mediano y peque\u00f1o para mantener la ropa y los art\u00edculos de aseo separados del resto del equipaje. Material exterior duradero e impermeable para proteger contra el clima, los derrames y el desgaste. Correas ajustables y antideslizantes para los hombros, correa para el pecho que dispersa la carga para un transporte c\u00f3modo. Correas de hombro que se pueden ocultar y guardar en el espacio de almacenamiento o sacar para usar la bolsa como mochila. Bolsillo interior adicional para objetos peque\u00f1os en el espacio de almacenamiento de la correa para el hombro. Asa de transporte reforzada en la parte superior y segunda asa de transporte en el lateral para usar como bolsa de lona. Correa pasante para asegurar el malet\u00edn en su equipaje de viaje. Bolsillo para accesorios de malla con cierre en la tapa del compartimento principal, ideal para revistas, archivos y art\u00edculos peque\u00f1os. Amplio bolsillo frontal con cierre, ideal para cargadores, powerbanks, cables, bol\u00edgrafos y art\u00edculos similares. Correas cruzadas para evitar que el contenido de su equipaje se mueva y mantenerlo organizado. Bolsillo de malla externo expandible con cierre, para botella de agua, paraguas o taza de caf\u00e9\/vaso de viaje. El fondo acolchado ayuda a proteger el producto de percances y peligros en los trayectos. Tres a\u00f1os de garant\u00eda<\/p>\n","protected":false},"featured_media":210543,"comment_status":"open","ping_status":"open","template":"","meta":[],"product_cat":[1557,1558],"product_tag":[1487],"acf":[],"yoast_head":"<!-- This site is optimized with the Yoast SEO plugin v21.7 - https:\/\/yoast.com\/wordpress\/plugins\/seo\/ -->\n<title>[ Manhattan ] &#129351; 440370 Maletin Backpack,,, 17.3<\/title>\n<meta name=\"description\" content=\"Compra 440370 Maletin Backpack,,, 17.3 + Env\u00edo a domicilio + Pago seguro + Garant\u00eda\" \/>\n<meta name=\"robots\" content=\"index, follow, max-snippet:-1, max-image-preview:large, max-video-preview:-1\" \/>\n<link rel=\"canonical\" href=\"https:\/\/compuviper.mx\/tienda\/producto\/manhattan-440370-maletin-backpack-17-3\/\" \/>\n<meta property=\"og:locale\" content=\"es_MX\" \/>\n<meta property=\"og:type\" content=\"article\" \/>\n<meta property=\"og:title\" content=\"[ Manhattan ] &#129351; 440370 Maletin Backpack,,, 17.3\" \/>\n<meta property=\"og:description\" content=\"Compra 440370 Maletin Backpack,,, 17.3 + Env\u00edo a domicilio + Pago seguro + Garant\u00eda\" \/>\n<meta property=\"og:url\" content=\"https:\/\/compuviper.mx\/tienda\/producto\/manhattan-440370-maletin-backpack-17-3\/\" \/>\n<meta property=\"og:site_name\" content=\"Compuviper\" \/>\n<meta property=\"article:publisher\" content=\"https:\/\/www.facebook.com\/compuviper\" \/>\n<meta property=\"og:image\" content=\"https:\/\/compuviper.mx\/tienda\/wp-content\/uploads\/2023\/12\/Maletin-backpackmanhattan440370-17.3.jpg\" \/>\n\t<meta property=\"og:image:width\" content=\"200\" \/>\n\t<meta property=\"og:image:height\" content=\"200\" \/>\n\t<meta property=\"og:image:type\" content=\"image\/jpeg\" \/>\n<meta name=\"twitter:card\" content=\"summary_large_image\" \/>\n<meta name=\"twitter:label1\" content=\"Precio\" \/>\n\t<meta name=\"twitter:data1\" content=\"&#36;818 con IVA\" \/>\n\t<meta name=\"twitter:label2\" content=\"Availability\" \/>\n\t<meta name=\"twitter:data2\" content=\"On backorder\" \/>\n<script type=\"application\/ld+json\" class=\"yoast-schema-graph\">{\"@context\":\"https:\/\/schema.org\",\"@graph\":[{\"@type\":\"WebPage\",\"@id\":\"https:\/\/compuviper.mx\/tienda\/producto\/manhattan-440370-maletin-backpack-17-3\/\",\"url\":\"https:\/\/compuviper.mx\/tienda\/producto\/manhattan-440370-maletin-backpack-17-3\/\",\"name\":\"[ Manhattan ] &#129351; 440370 Maletin Backpack,,, 17.3\",\"isPartOf\":{\"@id\":\"https:\/\/compuviper.mx\/tienda\/#website\"},\"datePublished\":\"2026-04-02T05:09:46+00:00\",\"dateModified\":\"2026-04-02T05:09:46+00:00\",\"description\":\"Compra 440370 Maletin Backpack,,, 17.3 + Env\u00edo a domicilio + Pago seguro + Garant\u00eda\",\"breadcrumb\":{\"@id\":\"https:\/\/compuviper.mx\/tienda\/producto\/manhattan-440370-maletin-backpack-17-3\/#breadcrumb\"},\"inLanguage\":\"es-MX\",\"potentialAction\":[{\"@type\":\"ReadAction\",\"target\":[\"https:\/\/compuviper.mx\/tienda\/producto\/manhattan-440370-maletin-backpack-17-3\/\"]}]},{\"@type\":\"BreadcrumbList\",\"@id\":\"https:\/\/compuviper.mx\/tienda\/producto\/manhattan-440370-maletin-backpack-17-3\/#breadcrumb\",\"itemListElement\":[{\"@type\":\"ListItem\",\"position\":1,\"name\":\"Inicio\",\"item\":\"https:\/\/compuviper.mx\/tienda\/\"},{\"@type\":\"ListItem\",\"position\":2,\"name\":\"Productos\",\"item\":\"https:\/\/compuviper.mx\/tienda\/productos\/\"},{\"@type\":\"ListItem\",\"position\":3,\"name\":\"Back Pack (mochila)\",\"item\":\"https:\/\/compuviper.mx\/tienda\/categoria-producto\/back-pack-mochila\/\"},{\"@type\":\"ListItem\",\"position\":4,\"name\":\"Sin Categor\u00eda\",\"item\":\"https:\/\/compuviper.mx\/tienda\/categoria-producto\/back-pack-mochila\/sin-categoria-back-pack-mochila\/\"},{\"@type\":\"ListItem\",\"position\":5,\"name\":\"Manhattan 440370 Maletin Backpack,,, 17.3\"}]},{\"@type\":\"WebSite\",\"@id\":\"https:\/\/compuviper.mx\/tienda\/#website\",\"url\":\"https:\/\/compuviper.mx\/tienda\/\",\"name\":\"Compuviper\",\"description\":\"Proveedor de Computadoras, Laptops, Servidores, Monitores, Puntos de Venta, Teclados,   Impresoras, T\u00f3ner, C\u00e1maras de Seguridad y m\u00e1s en tu tienda en l\u00ednea\",\"publisher\":{\"@id\":\"https:\/\/compuviper.mx\/tienda\/#organization\"},\"potentialAction\":[{\"@type\":\"SearchAction\",\"target\":{\"@type\":\"EntryPoint\",\"urlTemplate\":\"https:\/\/compuviper.mx\/tienda\/?s={search_term_string}\"},\"query-input\":\"required name=search_term_string\"}],\"inLanguage\":\"es-MX\"},{\"@type\":\"Organization\",\"@id\":\"https:\/\/compuviper.mx\/tienda\/#organization\",\"name\":\"Compuviper\",\"url\":\"https:\/\/compuviper.mx\/tienda\/\",\"logo\":{\"@type\":\"ImageObject\",\"inLanguage\":\"es-MX\",\"@id\":\"https:\/\/compuviper.mx\/tienda\/#\/schema\/logo\/image\/\",\"url\":\"https:\/\/compuviper.mx\/tienda\/wp-content\/uploads\/2021\/08\/Logo-Compuviper-10.png\",\"contentUrl\":\"https:\/\/compuviper.mx\/tienda\/wp-content\/uploads\/2021\/08\/Logo-Compuviper-10.png\",\"width\":1000,\"height\":500,\"caption\":\"Compuviper\"},\"image\":{\"@id\":\"https:\/\/compuviper.mx\/tienda\/#\/schema\/logo\/image\/\"},\"sameAs\":[\"https:\/\/www.facebook.com\/compuviper\",\"https:\/\/www.youtube.com\/channel\/UCf73dERp9Y3cfOq7q8BhLjA?view_as=subscriber\"]}]}<\/script>\n<meta property=\"product:brand\" content=\"MANHATTAN\" \/>\n<meta property=\"product:price:amount\" content=\"818\" \/>\n<meta property=\"product:price:currency\" content=\"MXN\" \/>\n<meta property=\"og:availability\" content=\"backorder\" \/>\n<meta property=\"product:availability\" content=\"available for order\" \/>\n<meta property=\"product:retailer_item_id\" content=\"440370\" \/>\n<meta property=\"product:condition\" content=\"new\" \/>\n<!-- \/ Yoast SEO plugin. -->","yoast_head_json":{"title":"[ Manhattan ] &#129351; 440370 Maletin Backpack,,, 17.3","description":"Compra 440370 Maletin Backpack,,, 17.3 + Env\u00edo a domicilio + Pago seguro + Garant\u00eda","robots":{"index":"index","follow":"follow","max-snippet":"max-snippet:-1","max-image-preview":"max-image-preview:large","max-video-preview":"max-video-preview:-1"},"canonical":"https:\/\/compuviper.mx\/tienda\/producto\/manhattan-440370-maletin-backpack-17-3\/","og_locale":"es_MX","og_type":"article","og_title":"[ Manhattan ] &#129351; 440370 Maletin Backpack,,, 17.3","og_description":"Compra 440370 Maletin Backpack,,, 17.3 + Env\u00edo a domicilio + Pago seguro + Garant\u00eda","og_url":"https:\/\/compuviper.mx\/tienda\/producto\/manhattan-440370-maletin-backpack-17-3\/","og_site_name":"Compuviper","article_publisher":"https:\/\/www.facebook.com\/compuviper","og_image":[{"width":200,"height":200,"url":"https:\/\/compuviper.mx\/tienda\/wp-content\/uploads\/2023\/12\/Maletin-backpackmanhattan440370-17.3.jpg","type":"image\/jpeg"}],"twitter_card":"summary_large_image","twitter_misc":{"Precio":"&#36;818 con IVA","Availability":"On backorder"},"schema":{"@context":"https:\/\/schema.org","@graph":[{"@type":"WebPage","@id":"https:\/\/compuviper.mx\/tienda\/producto\/manhattan-440370-maletin-backpack-17-3\/","url":"https:\/\/compuviper.mx\/tienda\/producto\/manhattan-440370-maletin-backpack-17-3\/","name":"[ Manhattan ] &#129351; 440370 Maletin Backpack,,, 17.3","isPartOf":{"@id":"https:\/\/compuviper.mx\/tienda\/#website"},"datePublished":"2026-04-02T05:09:46+00:00","dateModified":"2026-04-02T05:09:46+00:00","description":"Compra 440370 Maletin Backpack,,, 17.3 + Env\u00edo a domicilio + Pago seguro + Garant\u00eda","breadcrumb":{"@id":"https:\/\/compuviper.mx\/tienda\/producto\/manhattan-440370-maletin-backpack-17-3\/#breadcrumb"},"inLanguage":"es-MX","potentialAction":[{"@type":"ReadAction","target":["https:\/\/compuviper.mx\/tienda\/producto\/manhattan-440370-maletin-backpack-17-3\/"]}]},{"@type":"BreadcrumbList","@id":"https:\/\/compuviper.mx\/tienda\/producto\/manhattan-440370-maletin-backpack-17-3\/#breadcrumb","itemListElement":[{"@type":"ListItem","position":1,"name":"Inicio","item":"https:\/\/compuviper.mx\/tienda\/"},{"@type":"ListItem","position":2,"name":"Productos","item":"https:\/\/compuviper.mx\/tienda\/productos\/"},{"@type":"ListItem","position":3,"name":"Back Pack (mochila)","item":"https:\/\/compuviper.mx\/tienda\/categoria-producto\/back-pack-mochila\/"},{"@type":"ListItem","position":4,"name":"Sin Categor\u00eda","item":"https:\/\/compuviper.mx\/tienda\/categoria-producto\/back-pack-mochila\/sin-categoria-back-pack-mochila\/"},{"@type":"ListItem","position":5,"name":"Manhattan 440370 Maletin Backpack,,, 17.3"}]},{"@type":"WebSite","@id":"https:\/\/compuviper.mx\/tienda\/#website","url":"https:\/\/compuviper.mx\/tienda\/","name":"Compuviper","description":"Proveedor de Computadoras, Laptops, Servidores, Monitores, Puntos de Venta, Teclados,   Impresoras, T\u00f3ner, C\u00e1maras de Seguridad y m\u00e1s en tu tienda en l\u00ednea","publisher":{"@id":"https:\/\/compuviper.mx\/tienda\/#organization"},"potentialAction":[{"@type":"SearchAction","target":{"@type":"EntryPoint","urlTemplate":"https:\/\/compuviper.mx\/tienda\/?s={search_term_string}"},"query-input":"required name=search_term_string"}],"inLanguage":"es-MX"},{"@type":"Organization","@id":"https:\/\/compuviper.mx\/tienda\/#organization","name":"Compuviper","url":"https:\/\/compuviper.mx\/tienda\/","logo":{"@type":"ImageObject","inLanguage":"es-MX","@id":"https:\/\/compuviper.mx\/tienda\/#\/schema\/logo\/image\/","url":"https:\/\/compuviper.mx\/tienda\/wp-content\/uploads\/2021\/08\/Logo-Compuviper-10.png","contentUrl":"https:\/\/compuviper.mx\/tienda\/wp-content\/uploads\/2021\/08\/Logo-Compuviper-10.png","width":1000,"height":500,"caption":"Compuviper"},"image":{"@id":"https:\/\/compuviper.mx\/tienda\/#\/schema\/logo\/image\/"},"sameAs":["https:\/\/www.facebook.com\/compuviper","https:\/\/www.youtube.com\/channel\/UCf73dERp9Y3cfOq7q8BhLjA?view_as=subscriber"]}]},"product_brand":"MANHATTAN","product_price_amount":"818","product_price_currency":"MXN","og_availability":"backorder","product_availability":"available for order","product_retailer_item_id":"440370","product_condition":"new"},"_links":{"self":[{"href":"https:\/\/compuviper.mx\/tienda\/wp-json\/wp\/v2\/product\/210542"}],"collection":[{"href":"https:\/\/compuviper.mx\/tienda\/wp-json\/wp\/v2\/product"}],"about":[{"href":"https:\/\/compuviper.mx\/tienda\/wp-json\/wp\/v2\/types\/product"}],"replies":[{"embeddable":true,"href":"https:\/\/compuviper.mx\/tienda\/wp-json\/wp\/v2\/comments?post=210542"}],"wp:featuredmedia":[{"embeddable":true,"href":"https:\/\/compuviper.mx\/tienda\/wp-json\/wp\/v2\/media\/210543"}],"wp:attachment":[{"href":"https:\/\/compuviper.mx\/tienda\/wp-json\/wp\/v2\/media?parent=210542"}],"wp:term":[{"taxonomy":"product_cat","embeddable":true,"href":"https:\/\/compuviper.mx\/tienda\/wp-json\/wp\/v2\/product_cat?post=210542"},{"taxonomy":"product_tag","embeddable":true,"href":"https:\/\/compuviper.mx\/tienda\/wp-json\/wp\/v2\/product_tag?post=210542"}],"curies":[{"name":"wp","href":"https:\/\/api.w.org\/{rel}","templated":true}]}}