{"id":209876,"date":"2023-11-13T16:52:52","date_gmt":"2023-11-13T22:52:52","guid":{"rendered":"https:\/\/compuviper.mx\/tienda\/?post_type=product&#038;p=209876"},"modified":"2023-11-13T16:56:32","modified_gmt":"2023-11-13T22:56:32","slug":"kit-punto-de-venta-con-cajon-de-dinero-lector-de-codigos-e-impresora-de-tickets","status":"publish","type":"product","link":"https:\/\/compuviper.mx\/tienda\/producto\/kit-punto-de-venta-con-cajon-de-dinero-lector-de-codigos-e-impresora-de-tickets\/","title":{"rendered":"Kit Punto De Venta Con Caj\u00f3n De Dinero, Lector De C\u00f3digos e Impresora De Tickets"},"content":{"rendered":"<p>El kit punto de venta para tu negocio incluye:<\/p>\n<ul>\n<li>Impresora t\u00e9rmica de tickets 58 mm nueva<\/li>\n<li>Lector de c\u00f3digo de barras usb nuevo<\/li>\n<li>Caj\u00f3n de dinero para 4 billetes autom\u00e1tico nuevo<\/li>\n<\/ul>\n","protected":false},"excerpt":{"rendered":"<p>Este kit de punto de venta para negocio es ideal si ya tienes computadora.<\/p>\n","protected":false},"featured_media":209877,"comment_status":"open","ping_status":"closed","template":"","meta":[],"product_cat":[15],"product_tag":[2085],"acf":[],"yoast_head":"<!-- This site is optimized with the Yoast SEO plugin v21.7 - https:\/\/yoast.com\/wordpress\/plugins\/seo\/ -->\n<title>Kit Punto De Venta Con Caj\u00f3n De Dinero, Lector De C\u00f3digos e Impresora De Tickets - Compuviper<\/title>\n<meta name=\"robots\" content=\"index, follow, max-snippet:-1, max-image-preview:large, max-video-preview:-1\" \/>\n<link rel=\"canonical\" href=\"https:\/\/compuviper.mx\/tienda\/producto\/kit-punto-de-venta-con-cajon-de-dinero-lector-de-codigos-e-impresora-de-tickets\/\" \/>\n<meta property=\"og:locale\" content=\"es_MX\" \/>\n<meta property=\"og:type\" content=\"article\" \/>\n<meta property=\"og:title\" content=\"Kit Punto De Venta Con Caj\u00f3n De Dinero, Lector De C\u00f3digos e Impresora De Tickets - Compuviper\" \/>\n<meta property=\"og:description\" content=\"Este kit de punto de venta para negocio es ideal si ya tienes computadora.\" \/>\n<meta property=\"og:url\" content=\"https:\/\/compuviper.mx\/tienda\/producto\/kit-punto-de-venta-con-cajon-de-dinero-lector-de-codigos-e-impresora-de-tickets\/\" \/>\n<meta property=\"og:site_name\" content=\"Compuviper\" \/>\n<meta property=\"article:publisher\" content=\"https:\/\/www.facebook.com\/compuviper\" \/>\n<meta property=\"article:modified_time\" content=\"2023-11-13T22:56:32+00:00\" \/>\n<meta property=\"og:image\" content=\"https:\/\/compuviper.mx\/tienda\/wp-content\/uploads\/2023\/11\/Kits.png\" \/>\n\t<meta property=\"og:image:width\" content=\"600\" \/>\n\t<meta property=\"og:image:height\" content=\"600\" \/>\n\t<meta property=\"og:image:type\" content=\"image\/png\" \/>\n<meta name=\"twitter:card\" content=\"summary_large_image\" \/>\n<meta name=\"twitter:label1\" content=\"Precio\" \/>\n\t<meta name=\"twitter:data1\" content=\"&#36;2,100 &#36;1,810 con IVA\" \/>\n\t<meta name=\"twitter:label2\" content=\"Availability\" \/>\n\t<meta name=\"twitter:data2\" content=\"In stock\" \/>\n<script type=\"application\/ld+json\" class=\"yoast-schema-graph\">{\"@context\":\"https:\/\/schema.org\",\"@graph\":[{\"@type\":\"WebPage\",\"@id\":\"https:\/\/compuviper.mx\/tienda\/producto\/kit-punto-de-venta-con-cajon-de-dinero-lector-de-codigos-e-impresora-de-tickets\/\",\"url\":\"https:\/\/compuviper.mx\/tienda\/producto\/kit-punto-de-venta-con-cajon-de-dinero-lector-de-codigos-e-impresora-de-tickets\/\",\"name\":\"Kit Punto De Venta Con Caj\u00f3n De Dinero, Lector De C\u00f3digos e Impresora De Tickets - Compuviper\",\"isPartOf\":{\"@id\":\"https:\/\/compuviper.mx\/tienda\/#website\"},\"datePublished\":\"2023-11-13T22:52:52+00:00\",\"dateModified\":\"2023-11-13T22:56:32+00:00\",\"breadcrumb\":{\"@id\":\"https:\/\/compuviper.mx\/tienda\/producto\/kit-punto-de-venta-con-cajon-de-dinero-lector-de-codigos-e-impresora-de-tickets\/#breadcrumb\"},\"inLanguage\":\"es-MX\",\"potentialAction\":[{\"@type\":\"ReadAction\",\"target\":[\"https:\/\/compuviper.mx\/tienda\/producto\/kit-punto-de-venta-con-cajon-de-dinero-lector-de-codigos-e-impresora-de-tickets\/\"]}]},{\"@type\":\"BreadcrumbList\",\"@id\":\"https:\/\/compuviper.mx\/tienda\/producto\/kit-punto-de-venta-con-cajon-de-dinero-lector-de-codigos-e-impresora-de-tickets\/#breadcrumb\",\"itemListElement\":[{\"@type\":\"ListItem\",\"position\":1,\"name\":\"Inicio\",\"item\":\"https:\/\/compuviper.mx\/tienda\/\"},{\"@type\":\"ListItem\",\"position\":2,\"name\":\"Productos\",\"item\":\"https:\/\/compuviper.mx\/tienda\/productos\/\"},{\"@type\":\"ListItem\",\"position\":3,\"name\":\"Kits De Punto de Venta\",\"item\":\"https:\/\/compuviper.mx\/tienda\/categoria-producto\/kits-de-punto-de-venta\/\"},{\"@type\":\"ListItem\",\"position\":4,\"name\":\"Kit Punto De Venta Con Caj\u00f3n De Dinero, Lector De C\u00f3digos e Impresora De Tickets\"}]},{\"@type\":\"WebSite\",\"@id\":\"https:\/\/compuviper.mx\/tienda\/#website\",\"url\":\"https:\/\/compuviper.mx\/tienda\/\",\"name\":\"Compuviper\",\"description\":\"Proveedor de Computadoras, Laptops, Servidores, Monitores, Puntos de Venta, Teclados,   Impresoras, T\u00f3ner, C\u00e1maras de Seguridad y m\u00e1s en tu tienda en l\u00ednea\",\"publisher\":{\"@id\":\"https:\/\/compuviper.mx\/tienda\/#organization\"},\"potentialAction\":[{\"@type\":\"SearchAction\",\"target\":{\"@type\":\"EntryPoint\",\"urlTemplate\":\"https:\/\/compuviper.mx\/tienda\/?s={search_term_string}\"},\"query-input\":\"required name=search_term_string\"}],\"inLanguage\":\"es-MX\"},{\"@type\":\"Organization\",\"@id\":\"https:\/\/compuviper.mx\/tienda\/#organization\",\"name\":\"Compuviper\",\"url\":\"https:\/\/compuviper.mx\/tienda\/\",\"logo\":{\"@type\":\"ImageObject\",\"inLanguage\":\"es-MX\",\"@id\":\"https:\/\/compuviper.mx\/tienda\/#\/schema\/logo\/image\/\",\"url\":\"https:\/\/compuviper.mx\/tienda\/wp-content\/uploads\/2021\/08\/Logo-Compuviper-10.png\",\"contentUrl\":\"https:\/\/compuviper.mx\/tienda\/wp-content\/uploads\/2021\/08\/Logo-Compuviper-10.png\",\"width\":1000,\"height\":500,\"caption\":\"Compuviper\"},\"image\":{\"@id\":\"https:\/\/compuviper.mx\/tienda\/#\/schema\/logo\/image\/\"},\"sameAs\":[\"https:\/\/www.facebook.com\/compuviper\",\"https:\/\/www.youtube.com\/channel\/UCf73dERp9Y3cfOq7q8BhLjA?view_as=subscriber\"]}]}<\/script>\n<meta property=\"product:brand\" content=\"Compuviper\" \/>\n<meta property=\"product:price:amount\" content=\"1810\" \/>\n<meta property=\"product:price:currency\" content=\"MXN\" \/>\n<meta property=\"og:availability\" content=\"instock\" \/>\n<meta property=\"product:availability\" content=\"instock\" \/>\n<meta property=\"product:retailer_item_id\" content=\"Kit-PV\" \/>\n<meta property=\"product:condition\" content=\"new\" \/>\n<!-- \/ Yoast SEO plugin. -->","yoast_head_json":{"title":"Kit Punto De Venta Con Caj\u00f3n De Dinero, Lector De C\u00f3digos e Impresora De Tickets - Compuviper","robots":{"index":"index","follow":"follow","max-snippet":"max-snippet:-1","max-image-preview":"max-image-preview:large","max-video-preview":"max-video-preview:-1"},"canonical":"https:\/\/compuviper.mx\/tienda\/producto\/kit-punto-de-venta-con-cajon-de-dinero-lector-de-codigos-e-impresora-de-tickets\/","og_locale":"es_MX","og_type":"article","og_title":"Kit Punto De Venta Con Caj\u00f3n De Dinero, Lector De C\u00f3digos e Impresora De Tickets - Compuviper","og_description":"Este kit de punto de venta para negocio es ideal si ya tienes computadora.","og_url":"https:\/\/compuviper.mx\/tienda\/producto\/kit-punto-de-venta-con-cajon-de-dinero-lector-de-codigos-e-impresora-de-tickets\/","og_site_name":"Compuviper","article_publisher":"https:\/\/www.facebook.com\/compuviper","article_modified_time":"2023-11-13T22:56:32+00:00","og_image":[{"width":600,"height":600,"url":"https:\/\/compuviper.mx\/tienda\/wp-content\/uploads\/2023\/11\/Kits.png","type":"image\/png"}],"twitter_card":"summary_large_image","twitter_misc":{"Precio":"&#36;2,100 &#36;1,810 con IVA","Availability":"In stock"},"schema":{"@context":"https:\/\/schema.org","@graph":[{"@type":"WebPage","@id":"https:\/\/compuviper.mx\/tienda\/producto\/kit-punto-de-venta-con-cajon-de-dinero-lector-de-codigos-e-impresora-de-tickets\/","url":"https:\/\/compuviper.mx\/tienda\/producto\/kit-punto-de-venta-con-cajon-de-dinero-lector-de-codigos-e-impresora-de-tickets\/","name":"Kit Punto De Venta Con Caj\u00f3n De Dinero, Lector De C\u00f3digos e Impresora De Tickets - Compuviper","isPartOf":{"@id":"https:\/\/compuviper.mx\/tienda\/#website"},"datePublished":"2023-11-13T22:52:52+00:00","dateModified":"2023-11-13T22:56:32+00:00","breadcrumb":{"@id":"https:\/\/compuviper.mx\/tienda\/producto\/kit-punto-de-venta-con-cajon-de-dinero-lector-de-codigos-e-impresora-de-tickets\/#breadcrumb"},"inLanguage":"es-MX","potentialAction":[{"@type":"ReadAction","target":["https:\/\/compuviper.mx\/tienda\/producto\/kit-punto-de-venta-con-cajon-de-dinero-lector-de-codigos-e-impresora-de-tickets\/"]}]},{"@type":"BreadcrumbList","@id":"https:\/\/compuviper.mx\/tienda\/producto\/kit-punto-de-venta-con-cajon-de-dinero-lector-de-codigos-e-impresora-de-tickets\/#breadcrumb","itemListElement":[{"@type":"ListItem","position":1,"name":"Inicio","item":"https:\/\/compuviper.mx\/tienda\/"},{"@type":"ListItem","position":2,"name":"Productos","item":"https:\/\/compuviper.mx\/tienda\/productos\/"},{"@type":"ListItem","position":3,"name":"Kits De Punto de Venta","item":"https:\/\/compuviper.mx\/tienda\/categoria-producto\/kits-de-punto-de-venta\/"},{"@type":"ListItem","position":4,"name":"Kit Punto De Venta Con Caj\u00f3n De Dinero, Lector De C\u00f3digos e Impresora De Tickets"}]},{"@type":"WebSite","@id":"https:\/\/compuviper.mx\/tienda\/#website","url":"https:\/\/compuviper.mx\/tienda\/","name":"Compuviper","description":"Proveedor de Computadoras, Laptops, Servidores, Monitores, Puntos de Venta, Teclados,   Impresoras, T\u00f3ner, C\u00e1maras de Seguridad y m\u00e1s en tu tienda en l\u00ednea","publisher":{"@id":"https:\/\/compuviper.mx\/tienda\/#organization"},"potentialAction":[{"@type":"SearchAction","target":{"@type":"EntryPoint","urlTemplate":"https:\/\/compuviper.mx\/tienda\/?s={search_term_string}"},"query-input":"required name=search_term_string"}],"inLanguage":"es-MX"},{"@type":"Organization","@id":"https:\/\/compuviper.mx\/tienda\/#organization","name":"Compuviper","url":"https:\/\/compuviper.mx\/tienda\/","logo":{"@type":"ImageObject","inLanguage":"es-MX","@id":"https:\/\/compuviper.mx\/tienda\/#\/schema\/logo\/image\/","url":"https:\/\/compuviper.mx\/tienda\/wp-content\/uploads\/2021\/08\/Logo-Compuviper-10.png","contentUrl":"https:\/\/compuviper.mx\/tienda\/wp-content\/uploads\/2021\/08\/Logo-Compuviper-10.png","width":1000,"height":500,"caption":"Compuviper"},"image":{"@id":"https:\/\/compuviper.mx\/tienda\/#\/schema\/logo\/image\/"},"sameAs":["https:\/\/www.facebook.com\/compuviper","https:\/\/www.youtube.com\/channel\/UCf73dERp9Y3cfOq7q8BhLjA?view_as=subscriber"]}]},"product_brand":"Compuviper","product_price_amount":"1810","product_price_currency":"MXN","og_availability":"instock","product_availability":"instock","product_retailer_item_id":"Kit-PV","product_condition":"new"},"_links":{"self":[{"href":"https:\/\/compuviper.mx\/tienda\/wp-json\/wp\/v2\/product\/209876"}],"collection":[{"href":"https:\/\/compuviper.mx\/tienda\/wp-json\/wp\/v2\/product"}],"about":[{"href":"https:\/\/compuviper.mx\/tienda\/wp-json\/wp\/v2\/types\/product"}],"replies":[{"embeddable":true,"href":"https:\/\/compuviper.mx\/tienda\/wp-json\/wp\/v2\/comments?post=209876"}],"wp:featuredmedia":[{"embeddable":true,"href":"https:\/\/compuviper.mx\/tienda\/wp-json\/wp\/v2\/media\/209877"}],"wp:attachment":[{"href":"https:\/\/compuviper.mx\/tienda\/wp-json\/wp\/v2\/media?parent=209876"}],"wp:term":[{"taxonomy":"product_cat","embeddable":true,"href":"https:\/\/compuviper.mx\/tienda\/wp-json\/wp\/v2\/product_cat?post=209876"},{"taxonomy":"product_tag","embeddable":true,"href":"https:\/\/compuviper.mx\/tienda\/wp-json\/wp\/v2\/product_tag?post=209876"}],"curies":[{"name":"wp","href":"https:\/\/api.w.org\/{rel}","templated":true}]}}