{"id":206987,"date":"2026-04-17T23:07:52","date_gmt":"2026-04-18T05:07:52","guid":{"rendered":"https:\/\/compuviper.mx\/tienda\/producto\/huawei-02233wnan-dps-fusionmodule500-u61a21tl\/"},"modified":"2026-04-17T23:07:52","modified_gmt":"2026-04-18T05:07:52","slug":"huawei-02233wnan-dps02233wna-fusionmodule500-u61a21tl","status":"publish","type":"product","link":"https:\/\/compuviper.mx\/tienda\/producto\/huawei-02233wnan-dps02233wna-fusionmodule500-u61a21tl\/","title":{"rendered":"Huawei 02233wnan-dps,02233wna  Fusionmodule500-u61a21tl"},"content":{"rendered":"<table class=\"descripcion\">\n<tr>\n<td>Fusionmodule 500 data center<\/td>\n<\/tr>\n<tr>\n<td>Caracteristicas del sistema<\/td>\n<\/tr>\n<tr>\n<td>Sistema de alimentacion: 220\/230\/240vac, 1phnpe, 50\/60hz<\/td>\n<\/tr>\n<tr>\n<td>Contencion de pasillo: contencion de pasillo frio y caliente<\/td>\n<\/tr>\n<tr>\n<td>Modo de instalacion: suelo de hormigon o suelo elevado<\/td>\n<\/tr>\n<tr>\n<td>Ruta del cable: desde la parte superior<\/td>\n<\/tr>\n<tr>\n<td>Humedad y temperatura: 0 \u00b0c ~ 40 \u00b0c, 5 ~ 95<\/td>\n<\/tr>\n<tr>\n<td>Altitud: 0 ~ 1000m cuando la altitud es mayor que 1000m, la capacidad se reduce<\/td>\n<\/tr>\n<tr>\n<td>Carga maxima de ti: 3kw<\/td>\n<\/tr>\n<tr>\n<td>Dimensiones totales: 600mm2000mm1100mm ancho  alto  profundidad<\/td>\n<\/tr>\n<tr>\n<td>Espacio disponible:  and 8804;23u<\/td>\n<\/tr>\n<tr>\n<td>Nivel de proteccion: ip20<\/td>\n<\/tr>\n<tr>\n<td>Peso: 360kg @3kw, bateria de respaldo de 1h<\/td>\n<\/tr>\n<tr>\n<td>Energia<\/td>\n<\/tr>\n<tr>\n<td>Entrada: 220\/230\/240vac, 1fnpe, 50\/60hz, 63a<\/td>\n<\/tr>\n<tr>\n<td>Salida: 220 vca<\/td>\n<\/tr>\n<tr>\n<td>Capacidad: 6kva<\/td>\n<\/tr>\n<tr>\n<td>Configuracion: ups unico<\/td>\n<\/tr>\n<tr>\n<td>Rango de entrada de voltaje: 80~280vac, 40-70hz, 1phnpe<\/td>\n<\/tr>\n<tr>\n<td>Factor de potencia: 1,0<\/td>\n<\/tr>\n<tr>\n<td>Eficiencia: hasta 96<\/td>\n<\/tr>\n<tr>\n<td>Tipo de bateria: bateria de plomo-acido<\/td>\n<\/tr>\n<tr>\n<td>Tiempo de respaldo: 0,5 h ~ 4 h<\/td>\n<\/tr>\n<tr>\n<td>Spd: clase ii\/c, en 20 ka, imax 40 ka, 8\/20 us<\/td>\n<\/tr>\n<tr>\n<td>Bypass de mantenimiento: estandar<\/td>\n<\/tr>\n<tr>\n<td>Rpdu opcional: iec: c138<\/td>\n<\/tr>\n<tr>\n<td>Sistema de refrigeracion<\/td>\n<\/tr>\n<tr>\n<td>Capacidad de refrigeracion: 3,5 kw<\/td>\n<\/tr>\n<tr>\n<td>Modo de refrigeracion: expansion directa refrigerada por aire.<\/td>\n<\/tr>\n<tr>\n<td>Suministro de aire: suministro de aire delantero y retorno de aire trasero.<\/td>\n<\/tr>\n<tr>\n<td>Instalacion: instalacion montada en bastidor<\/td>\n<\/tr>\n<tr>\n<td>Dimensiones: 438mm445mm900mm and 65288;ancho  alto  profundidad and 65289;<\/td>\n<\/tr>\n<tr>\n<td>Modulo de extincion de incendios: instalacion montado en rack opcional<\/td>\n<\/tr>\n<tr>\n<td>Tipo y capacidad de gas: perfluorohexanona, 1.25kg<\/td>\n<\/tr>\n<tr>\n<td>Dimensiones: 43.6mm442mm690mm ancho  alto  profundidad<\/td>\n<\/tr>\n<tr>\n<td>Sistema de monitoreo<\/td>\n<\/tr>\n<tr>\n<td>Funcion: acceso remoto a paginas web y gestion unificada de multiples sucursales<\/td>\n<\/tr>\n<tr>\n<td>Monitoreo local: pantalla de tableta de 10 pulgadas, soporte de inicio de sesion y apertura de puerta sin llave<\/td>\n<\/tr>\n<tr>\n<td>Funciones estandar: sensor de humo, sensor t and h, cerradura inteligente, pad de 10 pulgadas, alarma de sms\/correo electronico y o and m de aplicaciones locales<\/td>\n<\/tr>\n<tr>\n<td>Funciones opcionales modulo de extincion de incendios, video, sensor de fuga de agua y o and m movil<\/td>\n<\/tr>\n<\/table>\n","protected":false},"excerpt":{"rendered":"<p>Fusionmodule500. Solucion de refrigeracion integrada. Huawei fusionmodule500 es una solucion de centro de datos perimetral de nueva generacion, que integra el ups, pdu, refrigeracion, monitoreo, bateria y extincion de incendios unidad opcional en un gabinete, puede ahorrar mucho espacio y construir un one cabinet one dc para los clientes. Funciones opcionales modulo de extincion de incendios, video, sensor de fuga de agua y o and m movil<\/p>\n","protected":false},"featured_media":241792,"comment_status":"open","ping_status":"open","template":"","meta":[],"product_cat":[2275,1892],"product_tag":[1673],"acf":[],"yoast_head":"<!-- This site is optimized with the Yoast SEO plugin v21.7 - https:\/\/yoast.com\/wordpress\/plugins\/seo\/ -->\n<title>[ Huawei ] &#129351; 02233wnan-dps,02233wna Fusionmodule500-u61a21tl<\/title>\n<meta name=\"description\" content=\"Compra 02233wnan-dps,02233wna Fusionmodule500-u61a21tl + Env\u00edo a domicilio + Pago seguro + Garant\u00eda\" \/>\n<meta name=\"robots\" content=\"index, follow, max-snippet:-1, max-image-preview:large, max-video-preview:-1\" \/>\n<link rel=\"canonical\" href=\"https:\/\/compuviper.mx\/tienda\/producto\/huawei-02233wnan-dps02233wna-fusionmodule500-u61a21tl\/\" \/>\n<meta property=\"og:locale\" content=\"es_MX\" \/>\n<meta property=\"og:type\" content=\"article\" \/>\n<meta property=\"og:title\" content=\"[ Huawei ] &#129351; 02233wnan-dps,02233wna Fusionmodule500-u61a21tl\" \/>\n<meta property=\"og:description\" content=\"Compra 02233wnan-dps,02233wna Fusionmodule500-u61a21tl + Env\u00edo a domicilio + Pago seguro + Garant\u00eda\" \/>\n<meta property=\"og:url\" content=\"https:\/\/compuviper.mx\/tienda\/producto\/huawei-02233wnan-dps02233wna-fusionmodule500-u61a21tl\/\" \/>\n<meta property=\"og:site_name\" content=\"Compuviper\" \/>\n<meta property=\"article:publisher\" content=\"https:\/\/www.facebook.com\/compuviper\" \/>\n<meta property=\"og:image\" content=\"https:\/\/compuviper.mx\/tienda\/wp-content\/uploads\/2024\/09\/Huawei-fusionmodule500-u61a21tl.jpg\" \/>\n\t<meta property=\"og:image:width\" content=\"200\" \/>\n\t<meta property=\"og:image:height\" content=\"200\" \/>\n\t<meta property=\"og:image:type\" content=\"image\/jpeg\" \/>\n<meta name=\"twitter:card\" content=\"summary_large_image\" \/>\n<meta name=\"twitter:label1\" content=\"Precio\" \/>\n\t<meta name=\"twitter:data1\" content=\"&#36;150,080 con IVA\" \/>\n\t<meta name=\"twitter:label2\" content=\"Availability\" \/>\n\t<meta name=\"twitter:data2\" content=\"In stock\" \/>\n<script type=\"application\/ld+json\" class=\"yoast-schema-graph\">{\"@context\":\"https:\/\/schema.org\",\"@graph\":[{\"@type\":\"WebPage\",\"@id\":\"https:\/\/compuviper.mx\/tienda\/producto\/huawei-02233wnan-dps02233wna-fusionmodule500-u61a21tl\/\",\"url\":\"https:\/\/compuviper.mx\/tienda\/producto\/huawei-02233wnan-dps02233wna-fusionmodule500-u61a21tl\/\",\"name\":\"[ Huawei ] &#129351; 02233wnan-dps,02233wna Fusionmodule500-u61a21tl\",\"isPartOf\":{\"@id\":\"https:\/\/compuviper.mx\/tienda\/#website\"},\"datePublished\":\"2026-04-18T05:07:52+00:00\",\"dateModified\":\"2026-04-18T05:07:52+00:00\",\"description\":\"Compra 02233wnan-dps,02233wna Fusionmodule500-u61a21tl + Env\u00edo a domicilio + Pago seguro + Garant\u00eda\",\"breadcrumb\":{\"@id\":\"https:\/\/compuviper.mx\/tienda\/producto\/huawei-02233wnan-dps02233wna-fusionmodule500-u61a21tl\/#breadcrumb\"},\"inLanguage\":\"es-MX\",\"potentialAction\":[{\"@type\":\"ReadAction\",\"target\":[\"https:\/\/compuviper.mx\/tienda\/producto\/huawei-02233wnan-dps02233wna-fusionmodule500-u61a21tl\/\"]}]},{\"@type\":\"BreadcrumbList\",\"@id\":\"https:\/\/compuviper.mx\/tienda\/producto\/huawei-02233wnan-dps02233wna-fusionmodule500-u61a21tl\/#breadcrumb\",\"itemListElement\":[{\"@type\":\"ListItem\",\"position\":1,\"name\":\"Inicio\",\"item\":\"https:\/\/compuviper.mx\/tienda\/\"},{\"@type\":\"ListItem\",\"position\":2,\"name\":\"Productos\",\"item\":\"https:\/\/compuviper.mx\/tienda\/productos\/\"},{\"@type\":\"ListItem\",\"position\":3,\"name\":\"Aire Acondicionado\",\"item\":\"https:\/\/compuviper.mx\/tienda\/categoria-producto\/aire-acondicionado\/\"},{\"@type\":\"ListItem\",\"position\":4,\"name\":\"Aire De Precisi?n\",\"item\":\"https:\/\/compuviper.mx\/tienda\/categoria-producto\/aire-acondicionado\/aire-de-precisin\/\"},{\"@type\":\"ListItem\",\"position\":5,\"name\":\"Huawei 02233wnan-dps,02233wna Fusionmodule500-u61a21tl\"}]},{\"@type\":\"WebSite\",\"@id\":\"https:\/\/compuviper.mx\/tienda\/#website\",\"url\":\"https:\/\/compuviper.mx\/tienda\/\",\"name\":\"Compuviper\",\"description\":\"Proveedor de Computadoras, Laptops, Servidores, Monitores, Puntos de Venta, Teclados,   Impresoras, T\u00f3ner, C\u00e1maras de Seguridad y m\u00e1s en tu tienda en l\u00ednea\",\"publisher\":{\"@id\":\"https:\/\/compuviper.mx\/tienda\/#organization\"},\"potentialAction\":[{\"@type\":\"SearchAction\",\"target\":{\"@type\":\"EntryPoint\",\"urlTemplate\":\"https:\/\/compuviper.mx\/tienda\/?s={search_term_string}\"},\"query-input\":\"required name=search_term_string\"}],\"inLanguage\":\"es-MX\"},{\"@type\":\"Organization\",\"@id\":\"https:\/\/compuviper.mx\/tienda\/#organization\",\"name\":\"Compuviper\",\"url\":\"https:\/\/compuviper.mx\/tienda\/\",\"logo\":{\"@type\":\"ImageObject\",\"inLanguage\":\"es-MX\",\"@id\":\"https:\/\/compuviper.mx\/tienda\/#\/schema\/logo\/image\/\",\"url\":\"https:\/\/compuviper.mx\/tienda\/wp-content\/uploads\/2021\/08\/Logo-Compuviper-10.png\",\"contentUrl\":\"https:\/\/compuviper.mx\/tienda\/wp-content\/uploads\/2021\/08\/Logo-Compuviper-10.png\",\"width\":1000,\"height\":500,\"caption\":\"Compuviper\"},\"image\":{\"@id\":\"https:\/\/compuviper.mx\/tienda\/#\/schema\/logo\/image\/\"},\"sameAs\":[\"https:\/\/www.facebook.com\/compuviper\",\"https:\/\/www.youtube.com\/channel\/UCf73dERp9Y3cfOq7q8BhLjA?view_as=subscriber\"]}]}<\/script>\n<meta property=\"product:brand\" content=\"HUAWEI\" \/>\n<meta property=\"product:price:amount\" content=\"150080\" \/>\n<meta property=\"product:price:currency\" content=\"MXN\" \/>\n<meta property=\"og:availability\" content=\"instock\" \/>\n<meta property=\"product:availability\" content=\"instock\" \/>\n<meta property=\"product:retailer_item_id\" content=\"02233WNAN-DPS,02233WNA\" \/>\n<meta property=\"product:condition\" content=\"new\" \/>\n<!-- \/ Yoast SEO plugin. -->","yoast_head_json":{"title":"[ Huawei ] &#129351; 02233wnan-dps,02233wna Fusionmodule500-u61a21tl","description":"Compra 02233wnan-dps,02233wna Fusionmodule500-u61a21tl + Env\u00edo a domicilio + Pago seguro + Garant\u00eda","robots":{"index":"index","follow":"follow","max-snippet":"max-snippet:-1","max-image-preview":"max-image-preview:large","max-video-preview":"max-video-preview:-1"},"canonical":"https:\/\/compuviper.mx\/tienda\/producto\/huawei-02233wnan-dps02233wna-fusionmodule500-u61a21tl\/","og_locale":"es_MX","og_type":"article","og_title":"[ Huawei ] &#129351; 02233wnan-dps,02233wna Fusionmodule500-u61a21tl","og_description":"Compra 02233wnan-dps,02233wna Fusionmodule500-u61a21tl + Env\u00edo a domicilio + Pago seguro + Garant\u00eda","og_url":"https:\/\/compuviper.mx\/tienda\/producto\/huawei-02233wnan-dps02233wna-fusionmodule500-u61a21tl\/","og_site_name":"Compuviper","article_publisher":"https:\/\/www.facebook.com\/compuviper","og_image":[{"width":200,"height":200,"url":"https:\/\/compuviper.mx\/tienda\/wp-content\/uploads\/2024\/09\/Huawei-fusionmodule500-u61a21tl.jpg","type":"image\/jpeg"}],"twitter_card":"summary_large_image","twitter_misc":{"Precio":"&#36;150,080 con IVA","Availability":"In stock"},"schema":{"@context":"https:\/\/schema.org","@graph":[{"@type":"WebPage","@id":"https:\/\/compuviper.mx\/tienda\/producto\/huawei-02233wnan-dps02233wna-fusionmodule500-u61a21tl\/","url":"https:\/\/compuviper.mx\/tienda\/producto\/huawei-02233wnan-dps02233wna-fusionmodule500-u61a21tl\/","name":"[ Huawei ] &#129351; 02233wnan-dps,02233wna Fusionmodule500-u61a21tl","isPartOf":{"@id":"https:\/\/compuviper.mx\/tienda\/#website"},"datePublished":"2026-04-18T05:07:52+00:00","dateModified":"2026-04-18T05:07:52+00:00","description":"Compra 02233wnan-dps,02233wna Fusionmodule500-u61a21tl + Env\u00edo a domicilio + Pago seguro + Garant\u00eda","breadcrumb":{"@id":"https:\/\/compuviper.mx\/tienda\/producto\/huawei-02233wnan-dps02233wna-fusionmodule500-u61a21tl\/#breadcrumb"},"inLanguage":"es-MX","potentialAction":[{"@type":"ReadAction","target":["https:\/\/compuviper.mx\/tienda\/producto\/huawei-02233wnan-dps02233wna-fusionmodule500-u61a21tl\/"]}]},{"@type":"BreadcrumbList","@id":"https:\/\/compuviper.mx\/tienda\/producto\/huawei-02233wnan-dps02233wna-fusionmodule500-u61a21tl\/#breadcrumb","itemListElement":[{"@type":"ListItem","position":1,"name":"Inicio","item":"https:\/\/compuviper.mx\/tienda\/"},{"@type":"ListItem","position":2,"name":"Productos","item":"https:\/\/compuviper.mx\/tienda\/productos\/"},{"@type":"ListItem","position":3,"name":"Aire Acondicionado","item":"https:\/\/compuviper.mx\/tienda\/categoria-producto\/aire-acondicionado\/"},{"@type":"ListItem","position":4,"name":"Aire De Precisi?n","item":"https:\/\/compuviper.mx\/tienda\/categoria-producto\/aire-acondicionado\/aire-de-precisin\/"},{"@type":"ListItem","position":5,"name":"Huawei 02233wnan-dps,02233wna Fusionmodule500-u61a21tl"}]},{"@type":"WebSite","@id":"https:\/\/compuviper.mx\/tienda\/#website","url":"https:\/\/compuviper.mx\/tienda\/","name":"Compuviper","description":"Proveedor de Computadoras, Laptops, Servidores, Monitores, Puntos de Venta, Teclados,   Impresoras, T\u00f3ner, C\u00e1maras de Seguridad y m\u00e1s en tu tienda en l\u00ednea","publisher":{"@id":"https:\/\/compuviper.mx\/tienda\/#organization"},"potentialAction":[{"@type":"SearchAction","target":{"@type":"EntryPoint","urlTemplate":"https:\/\/compuviper.mx\/tienda\/?s={search_term_string}"},"query-input":"required name=search_term_string"}],"inLanguage":"es-MX"},{"@type":"Organization","@id":"https:\/\/compuviper.mx\/tienda\/#organization","name":"Compuviper","url":"https:\/\/compuviper.mx\/tienda\/","logo":{"@type":"ImageObject","inLanguage":"es-MX","@id":"https:\/\/compuviper.mx\/tienda\/#\/schema\/logo\/image\/","url":"https:\/\/compuviper.mx\/tienda\/wp-content\/uploads\/2021\/08\/Logo-Compuviper-10.png","contentUrl":"https:\/\/compuviper.mx\/tienda\/wp-content\/uploads\/2021\/08\/Logo-Compuviper-10.png","width":1000,"height":500,"caption":"Compuviper"},"image":{"@id":"https:\/\/compuviper.mx\/tienda\/#\/schema\/logo\/image\/"},"sameAs":["https:\/\/www.facebook.com\/compuviper","https:\/\/www.youtube.com\/channel\/UCf73dERp9Y3cfOq7q8BhLjA?view_as=subscriber"]}]},"product_brand":"HUAWEI","product_price_amount":"150080","product_price_currency":"MXN","og_availability":"instock","product_availability":"instock","product_retailer_item_id":"02233WNAN-DPS,02233WNA","product_condition":"new"},"_links":{"self":[{"href":"https:\/\/compuviper.mx\/tienda\/wp-json\/wp\/v2\/product\/206987"}],"collection":[{"href":"https:\/\/compuviper.mx\/tienda\/wp-json\/wp\/v2\/product"}],"about":[{"href":"https:\/\/compuviper.mx\/tienda\/wp-json\/wp\/v2\/types\/product"}],"replies":[{"embeddable":true,"href":"https:\/\/compuviper.mx\/tienda\/wp-json\/wp\/v2\/comments?post=206987"}],"wp:featuredmedia":[{"embeddable":true,"href":"https:\/\/compuviper.mx\/tienda\/wp-json\/wp\/v2\/media\/241792"}],"wp:attachment":[{"href":"https:\/\/compuviper.mx\/tienda\/wp-json\/wp\/v2\/media?parent=206987"}],"wp:term":[{"taxonomy":"product_cat","embeddable":true,"href":"https:\/\/compuviper.mx\/tienda\/wp-json\/wp\/v2\/product_cat?post=206987"},{"taxonomy":"product_tag","embeddable":true,"href":"https:\/\/compuviper.mx\/tienda\/wp-json\/wp\/v2\/product_tag?post=206987"}],"curies":[{"name":"wp","href":"https:\/\/api.w.org\/{rel}","templated":true}]}}