{"id":168641,"date":"2026-04-16T23:07:39","date_gmt":"2026-04-17T05:07:39","guid":{"rendered":"https:\/\/compuviper.mx\/tienda\/producto\/startech-com-vs424hdpip-switch-conmutador-matrix-hdmi-4x4-con-multivisor-videowall-o-imagen-e-imagen-pap-mod\/"},"modified":"2026-04-16T23:07:39","modified_gmt":"2026-04-17T05:07:39","slug":"startech-com-vs424hdpip-switch-conmutador-matrix-hdmi-4x4-con-multivisor-videowall-o-imagen-e-imagen-pap-mod","status":"publish","type":"product","link":"https:\/\/compuviper.mx\/tienda\/producto\/startech-com-vs424hdpip-switch-conmutador-matrix-hdmi-4x4-con-multivisor-videowall-o-imagen-e-imagen-pap-mod\/","title":{"rendered":"Startech.com Vs424hdpip Switch Conmutador Matrix Hdmi 4&#215;4 Con Multivisor Videowall O Imagen E Imagen Pap &#8211;  Mod."},"content":{"rendered":"<table class=\"descripcion\">\n<tr>\n<td>Consumo de energia: 36 watts<\/td>\n<\/tr>\n<tr>\n<td>Color: negro<\/td>\n<\/tr>\n<tr>\n<td>Tipo de gabinete: aluminio<\/td>\n<\/tr>\n<tr>\n<td>Longitud del producto: 436.000 mm<\/td>\n<\/tr>\n<tr>\n<td>Ancho del producto: 250.000 mm<\/td>\n<\/tr>\n<tr>\n<td>Altura del producto: 49.000 mm<\/td>\n<\/tr>\n<tr>\n<td>Peso del producto: 2807.000 g<\/td>\n<\/tr>\n<tr>\n<td>Led: 4 indicador led de seleccion de la salida a \/ b \/ c \/ d<\/td>\n<\/tr>\n<tr>\n<td>Led: 4 indicador led de seleccion de la entrada 1 \/ 2 \/ 3 \/ 4<\/td>\n<\/tr>\n<tr>\n<td>Led: 1 indicador led de seleccion del modo matriz \/ doble \/ muro<\/td>\n<\/tr>\n<tr>\n<td>Entrada a\/v: hdmi<\/td>\n<\/tr>\n<tr>\n<td>Salida a\/v: hdmi<\/td>\n<\/tr>\n<tr>\n<td>Cableado: hdmi<\/td>\n<\/tr>\n<tr>\n<td>Soporte de audio: si<\/td>\n<\/tr>\n<tr>\n<td>Conector a: 4 hdmi 19 pines<\/td>\n<\/tr>\n<tr>\n<td>Conector b: 4 hdmi 19 pines<\/td>\n<\/tr>\n<tr>\n<td>Resoluciones admitidas: 1920&#215;1200<\/td>\n<\/tr>\n<tr>\n<td>1920&#215;1080<\/td>\n<\/tr>\n<tr>\n<td>1280&#215;720<\/td>\n<\/tr>\n<tr>\n<td>640&#215;480<\/td>\n<\/tr>\n<tr>\n<td>Pantalla plana soportada: si<\/td>\n<\/tr>\n<tr>\n<td>Especificaciones de audio:<\/td>\n<\/tr>\n<tr>\n<td>Led: 1 led de alimentacion<\/td>\n<\/tr>\n<tr>\n<td>Led: 1 indicador led del menu osd<\/td>\n<\/tr>\n<tr>\n<td>Led: 2 indicador led de uso del menu  \/ &#8211;<\/td>\n<\/tr>\n<tr>\n<td>Led: 1 indicador led de guardar<\/td>\n<\/tr>\n<tr>\n<td>Led: 1 indicador led de bloqueo<\/td>\n<\/tr>\n<tr>\n<td>Tension de entrada: 12v dc<\/td>\n<\/tr>\n<tr>\n<td>Corriente de entrada: 1 a a<\/td>\n<\/tr>\n<tr>\n<td>Tension de salida: 12v dc v<\/td>\n<\/tr>\n<tr>\n<td>Alimentacion de salida: 3 a a<\/td>\n<\/tr>\n<\/table>\n","protected":false},"excerpt":{"rendered":"<p>El conmutador de matriz hdmi 4&#215;4, con la funcion pap imagen e imagen, modelo vs424hdpip, permite la capacidad de combinar y distribuir de forma perfecta cuatro fuentes de audio\/video hdmi en cuatro pantallas hdmi diferentes, ademas de permitir combinar varias imagenes en una misma pantalla. Vea la imagen completa el switch multiplex con funcion de pantalla dividida ofrece la flexibilidad de un conmutador de matriz con la escalabilidad de un mosaico de video, a fin de poder combinar fuentes de video en una misma pantalla. Tambien es posible distribuir diferentes combinaciones de video de forma independiente en cuatro pantallas individuales. El conmutador ofrece la configuracion de matriz completa full matrix, que admite cuatro modos diferentes de imagen e imagen pap por pantalla: matriz 1&#215;1 \/ doble 2&#215;1 \/ cuadruple 4&#215;1 \/ muro multitv 1&#215;4.<\/p>\n","protected":false},"featured_media":168756,"comment_status":"open","ping_status":"open","template":"","meta":[],"product_cat":[1485,1506],"product_tag":[1590],"acf":[],"yoast_head":"<!-- This site is optimized with the Yoast SEO plugin v21.7 - https:\/\/yoast.com\/wordpress\/plugins\/seo\/ -->\n<title>[ Startech.com ] &#129351; Vs424hdpip Switch Conmutador Matrix Hdmi 4x4 Con Multivisor Videowall O Imagen E Imagen Pap - Mod.<\/title>\n<meta name=\"description\" content=\"Compra Vs424hdpip Switch Conmutador Matrix Hdmi 4x4 Con Multivisor Videowall O Imagen E Imagen Pap - Mod. + Env\u00edo a domicilio + Pago seguro + Garant\u00eda\" \/>\n<meta name=\"robots\" content=\"index, follow, max-snippet:-1, max-image-preview:large, max-video-preview:-1\" \/>\n<link rel=\"canonical\" href=\"https:\/\/compuviper.mx\/tienda\/producto\/startech-com-vs424hdpip-switch-conmutador-matrix-hdmi-4x4-con-multivisor-videowall-o-imagen-e-imagen-pap-mod\/\" \/>\n<meta property=\"og:locale\" content=\"es_MX\" \/>\n<meta property=\"og:type\" content=\"article\" \/>\n<meta property=\"og:title\" content=\"[ Startech.com ] &#129351; Vs424hdpip Switch Conmutador Matrix Hdmi 4x4 Con Multivisor Videowall O Imagen E Imagen Pap - Mod.\" \/>\n<meta property=\"og:description\" content=\"Compra Vs424hdpip Switch Conmutador Matrix Hdmi 4x4 Con Multivisor Videowall O Imagen E Imagen Pap - Mod. + Env\u00edo a domicilio + Pago seguro + Garant\u00eda\" \/>\n<meta property=\"og:url\" content=\"https:\/\/compuviper.mx\/tienda\/producto\/startech-com-vs424hdpip-switch-conmutador-matrix-hdmi-4x4-con-multivisor-videowall-o-imagen-e-imagen-pap-mod\/\" \/>\n<meta property=\"og:site_name\" content=\"Compuviper\" \/>\n<meta property=\"article:publisher\" content=\"https:\/\/www.facebook.com\/compuviper\" \/>\n<meta property=\"og:image\" content=\"https:\/\/compuviper.mx\/tienda\/wp-content\/uploads\/2023\/03\/Switch-conmutador-matrix-hdmi-4x4-con-multivisor-videowall-o-imagen-e-imagen-pap-startech.com-mod.-vs424hdpip.jpg\" \/>\n\t<meta property=\"og:image:width\" content=\"200\" \/>\n\t<meta property=\"og:image:height\" content=\"200\" \/>\n\t<meta property=\"og:image:type\" content=\"image\/jpeg\" \/>\n<meta name=\"twitter:card\" content=\"summary_large_image\" \/>\n<meta name=\"twitter:label1\" content=\"Precio\" \/>\n\t<meta name=\"twitter:data1\" content=\"&#36;14,859 con IVA\" \/>\n\t<meta name=\"twitter:label2\" content=\"Availability\" \/>\n\t<meta name=\"twitter:data2\" content=\"In stock\" \/>\n<script type=\"application\/ld+json\" class=\"yoast-schema-graph\">{\"@context\":\"https:\/\/schema.org\",\"@graph\":[{\"@type\":\"WebPage\",\"@id\":\"https:\/\/compuviper.mx\/tienda\/producto\/startech-com-vs424hdpip-switch-conmutador-matrix-hdmi-4x4-con-multivisor-videowall-o-imagen-e-imagen-pap-mod\/\",\"url\":\"https:\/\/compuviper.mx\/tienda\/producto\/startech-com-vs424hdpip-switch-conmutador-matrix-hdmi-4x4-con-multivisor-videowall-o-imagen-e-imagen-pap-mod\/\",\"name\":\"[ Startech.com ] &#129351; Vs424hdpip Switch Conmutador Matrix Hdmi 4x4 Con Multivisor Videowall O Imagen E Imagen Pap - Mod.\",\"isPartOf\":{\"@id\":\"https:\/\/compuviper.mx\/tienda\/#website\"},\"datePublished\":\"2026-04-17T05:07:39+00:00\",\"dateModified\":\"2026-04-17T05:07:39+00:00\",\"description\":\"Compra Vs424hdpip Switch Conmutador Matrix Hdmi 4x4 Con Multivisor Videowall O Imagen E Imagen Pap - Mod. + Env\u00edo a domicilio + Pago seguro + Garant\u00eda\",\"breadcrumb\":{\"@id\":\"https:\/\/compuviper.mx\/tienda\/producto\/startech-com-vs424hdpip-switch-conmutador-matrix-hdmi-4x4-con-multivisor-videowall-o-imagen-e-imagen-pap-mod\/#breadcrumb\"},\"inLanguage\":\"es-MX\",\"potentialAction\":[{\"@type\":\"ReadAction\",\"target\":[\"https:\/\/compuviper.mx\/tienda\/producto\/startech-com-vs424hdpip-switch-conmutador-matrix-hdmi-4x4-con-multivisor-videowall-o-imagen-e-imagen-pap-mod\/\"]}]},{\"@type\":\"BreadcrumbList\",\"@id\":\"https:\/\/compuviper.mx\/tienda\/producto\/startech-com-vs424hdpip-switch-conmutador-matrix-hdmi-4x4-con-multivisor-videowall-o-imagen-e-imagen-pap-mod\/#breadcrumb\",\"itemListElement\":[{\"@type\":\"ListItem\",\"position\":1,\"name\":\"Inicio\",\"item\":\"https:\/\/compuviper.mx\/tienda\/\"},{\"@type\":\"ListItem\",\"position\":2,\"name\":\"Productos\",\"item\":\"https:\/\/compuviper.mx\/tienda\/productos\/\"},{\"@type\":\"ListItem\",\"position\":3,\"name\":\"Accesorios\",\"item\":\"https:\/\/compuviper.mx\/tienda\/categoria-producto\/accesorios\/\"},{\"@type\":\"ListItem\",\"position\":4,\"name\":\"Conectividad\",\"item\":\"https:\/\/compuviper.mx\/tienda\/categoria-producto\/accesorios\/conectividad\/\"},{\"@type\":\"ListItem\",\"position\":5,\"name\":\"Startech.com Vs424hdpip Switch Conmutador Matrix Hdmi 4&#215;4 Con Multivisor Videowall O Imagen E Imagen Pap &#8211; Mod.\"}]},{\"@type\":\"WebSite\",\"@id\":\"https:\/\/compuviper.mx\/tienda\/#website\",\"url\":\"https:\/\/compuviper.mx\/tienda\/\",\"name\":\"Compuviper\",\"description\":\"Proveedor de Computadoras, Laptops, Servidores, Monitores, Puntos de Venta, Teclados,   Impresoras, T\u00f3ner, C\u00e1maras de Seguridad y m\u00e1s en tu tienda en l\u00ednea\",\"publisher\":{\"@id\":\"https:\/\/compuviper.mx\/tienda\/#organization\"},\"potentialAction\":[{\"@type\":\"SearchAction\",\"target\":{\"@type\":\"EntryPoint\",\"urlTemplate\":\"https:\/\/compuviper.mx\/tienda\/?s={search_term_string}\"},\"query-input\":\"required name=search_term_string\"}],\"inLanguage\":\"es-MX\"},{\"@type\":\"Organization\",\"@id\":\"https:\/\/compuviper.mx\/tienda\/#organization\",\"name\":\"Compuviper\",\"url\":\"https:\/\/compuviper.mx\/tienda\/\",\"logo\":{\"@type\":\"ImageObject\",\"inLanguage\":\"es-MX\",\"@id\":\"https:\/\/compuviper.mx\/tienda\/#\/schema\/logo\/image\/\",\"url\":\"https:\/\/compuviper.mx\/tienda\/wp-content\/uploads\/2021\/08\/Logo-Compuviper-10.png\",\"contentUrl\":\"https:\/\/compuviper.mx\/tienda\/wp-content\/uploads\/2021\/08\/Logo-Compuviper-10.png\",\"width\":1000,\"height\":500,\"caption\":\"Compuviper\"},\"image\":{\"@id\":\"https:\/\/compuviper.mx\/tienda\/#\/schema\/logo\/image\/\"},\"sameAs\":[\"https:\/\/www.facebook.com\/compuviper\",\"https:\/\/www.youtube.com\/channel\/UCf73dERp9Y3cfOq7q8BhLjA?view_as=subscriber\"]}]}<\/script>\n<meta property=\"product:brand\" content=\"STARTECH.COM\" \/>\n<meta property=\"product:price:amount\" content=\"14859\" \/>\n<meta property=\"product:price:currency\" content=\"MXN\" \/>\n<meta property=\"og:availability\" content=\"instock\" \/>\n<meta property=\"product:availability\" content=\"instock\" \/>\n<meta property=\"product:retailer_item_id\" content=\"VS424HDPIP\" \/>\n<meta property=\"product:condition\" content=\"new\" \/>\n<!-- \/ Yoast SEO plugin. -->","yoast_head_json":{"title":"[ Startech.com ] &#129351; Vs424hdpip Switch Conmutador Matrix Hdmi 4x4 Con Multivisor Videowall O Imagen E Imagen Pap - Mod.","description":"Compra Vs424hdpip Switch Conmutador Matrix Hdmi 4x4 Con Multivisor Videowall O Imagen E Imagen Pap - Mod. + Env\u00edo a domicilio + Pago seguro + Garant\u00eda","robots":{"index":"index","follow":"follow","max-snippet":"max-snippet:-1","max-image-preview":"max-image-preview:large","max-video-preview":"max-video-preview:-1"},"canonical":"https:\/\/compuviper.mx\/tienda\/producto\/startech-com-vs424hdpip-switch-conmutador-matrix-hdmi-4x4-con-multivisor-videowall-o-imagen-e-imagen-pap-mod\/","og_locale":"es_MX","og_type":"article","og_title":"[ Startech.com ] &#129351; Vs424hdpip Switch Conmutador Matrix Hdmi 4x4 Con Multivisor Videowall O Imagen E Imagen Pap - Mod.","og_description":"Compra Vs424hdpip Switch Conmutador Matrix Hdmi 4x4 Con Multivisor Videowall O Imagen E Imagen Pap - Mod. + Env\u00edo a domicilio + Pago seguro + Garant\u00eda","og_url":"https:\/\/compuviper.mx\/tienda\/producto\/startech-com-vs424hdpip-switch-conmutador-matrix-hdmi-4x4-con-multivisor-videowall-o-imagen-e-imagen-pap-mod\/","og_site_name":"Compuviper","article_publisher":"https:\/\/www.facebook.com\/compuviper","og_image":[{"width":200,"height":200,"url":"https:\/\/compuviper.mx\/tienda\/wp-content\/uploads\/2023\/03\/Switch-conmutador-matrix-hdmi-4x4-con-multivisor-videowall-o-imagen-e-imagen-pap-startech.com-mod.-vs424hdpip.jpg","type":"image\/jpeg"}],"twitter_card":"summary_large_image","twitter_misc":{"Precio":"&#36;14,859 con IVA","Availability":"In stock"},"schema":{"@context":"https:\/\/schema.org","@graph":[{"@type":"WebPage","@id":"https:\/\/compuviper.mx\/tienda\/producto\/startech-com-vs424hdpip-switch-conmutador-matrix-hdmi-4x4-con-multivisor-videowall-o-imagen-e-imagen-pap-mod\/","url":"https:\/\/compuviper.mx\/tienda\/producto\/startech-com-vs424hdpip-switch-conmutador-matrix-hdmi-4x4-con-multivisor-videowall-o-imagen-e-imagen-pap-mod\/","name":"[ Startech.com ] &#129351; Vs424hdpip Switch Conmutador Matrix Hdmi 4x4 Con Multivisor Videowall O Imagen E Imagen Pap - Mod.","isPartOf":{"@id":"https:\/\/compuviper.mx\/tienda\/#website"},"datePublished":"2026-04-17T05:07:39+00:00","dateModified":"2026-04-17T05:07:39+00:00","description":"Compra Vs424hdpip Switch Conmutador Matrix Hdmi 4x4 Con Multivisor Videowall O Imagen E Imagen Pap - Mod. + Env\u00edo a domicilio + Pago seguro + Garant\u00eda","breadcrumb":{"@id":"https:\/\/compuviper.mx\/tienda\/producto\/startech-com-vs424hdpip-switch-conmutador-matrix-hdmi-4x4-con-multivisor-videowall-o-imagen-e-imagen-pap-mod\/#breadcrumb"},"inLanguage":"es-MX","potentialAction":[{"@type":"ReadAction","target":["https:\/\/compuviper.mx\/tienda\/producto\/startech-com-vs424hdpip-switch-conmutador-matrix-hdmi-4x4-con-multivisor-videowall-o-imagen-e-imagen-pap-mod\/"]}]},{"@type":"BreadcrumbList","@id":"https:\/\/compuviper.mx\/tienda\/producto\/startech-com-vs424hdpip-switch-conmutador-matrix-hdmi-4x4-con-multivisor-videowall-o-imagen-e-imagen-pap-mod\/#breadcrumb","itemListElement":[{"@type":"ListItem","position":1,"name":"Inicio","item":"https:\/\/compuviper.mx\/tienda\/"},{"@type":"ListItem","position":2,"name":"Productos","item":"https:\/\/compuviper.mx\/tienda\/productos\/"},{"@type":"ListItem","position":3,"name":"Accesorios","item":"https:\/\/compuviper.mx\/tienda\/categoria-producto\/accesorios\/"},{"@type":"ListItem","position":4,"name":"Conectividad","item":"https:\/\/compuviper.mx\/tienda\/categoria-producto\/accesorios\/conectividad\/"},{"@type":"ListItem","position":5,"name":"Startech.com Vs424hdpip Switch Conmutador Matrix Hdmi 4&#215;4 Con Multivisor Videowall O Imagen E Imagen Pap &#8211; Mod."}]},{"@type":"WebSite","@id":"https:\/\/compuviper.mx\/tienda\/#website","url":"https:\/\/compuviper.mx\/tienda\/","name":"Compuviper","description":"Proveedor de Computadoras, Laptops, Servidores, Monitores, Puntos de Venta, Teclados,   Impresoras, T\u00f3ner, C\u00e1maras de Seguridad y m\u00e1s en tu tienda en l\u00ednea","publisher":{"@id":"https:\/\/compuviper.mx\/tienda\/#organization"},"potentialAction":[{"@type":"SearchAction","target":{"@type":"EntryPoint","urlTemplate":"https:\/\/compuviper.mx\/tienda\/?s={search_term_string}"},"query-input":"required name=search_term_string"}],"inLanguage":"es-MX"},{"@type":"Organization","@id":"https:\/\/compuviper.mx\/tienda\/#organization","name":"Compuviper","url":"https:\/\/compuviper.mx\/tienda\/","logo":{"@type":"ImageObject","inLanguage":"es-MX","@id":"https:\/\/compuviper.mx\/tienda\/#\/schema\/logo\/image\/","url":"https:\/\/compuviper.mx\/tienda\/wp-content\/uploads\/2021\/08\/Logo-Compuviper-10.png","contentUrl":"https:\/\/compuviper.mx\/tienda\/wp-content\/uploads\/2021\/08\/Logo-Compuviper-10.png","width":1000,"height":500,"caption":"Compuviper"},"image":{"@id":"https:\/\/compuviper.mx\/tienda\/#\/schema\/logo\/image\/"},"sameAs":["https:\/\/www.facebook.com\/compuviper","https:\/\/www.youtube.com\/channel\/UCf73dERp9Y3cfOq7q8BhLjA?view_as=subscriber"]}]},"product_brand":"STARTECH.COM","product_price_amount":"14859","product_price_currency":"MXN","og_availability":"instock","product_availability":"instock","product_retailer_item_id":"VS424HDPIP","product_condition":"new"},"_links":{"self":[{"href":"https:\/\/compuviper.mx\/tienda\/wp-json\/wp\/v2\/product\/168641"}],"collection":[{"href":"https:\/\/compuviper.mx\/tienda\/wp-json\/wp\/v2\/product"}],"about":[{"href":"https:\/\/compuviper.mx\/tienda\/wp-json\/wp\/v2\/types\/product"}],"replies":[{"embeddable":true,"href":"https:\/\/compuviper.mx\/tienda\/wp-json\/wp\/v2\/comments?post=168641"}],"wp:featuredmedia":[{"embeddable":true,"href":"https:\/\/compuviper.mx\/tienda\/wp-json\/wp\/v2\/media\/168756"}],"wp:attachment":[{"href":"https:\/\/compuviper.mx\/tienda\/wp-json\/wp\/v2\/media?parent=168641"}],"wp:term":[{"taxonomy":"product_cat","embeddable":true,"href":"https:\/\/compuviper.mx\/tienda\/wp-json\/wp\/v2\/product_cat?post=168641"},{"taxonomy":"product_tag","embeddable":true,"href":"https:\/\/compuviper.mx\/tienda\/wp-json\/wp\/v2\/product_tag?post=168641"}],"curies":[{"name":"wp","href":"https:\/\/api.w.org\/{rel}","templated":true}]}}