{"id":168194,"date":"2026-04-24T23:07:37","date_gmt":"2026-04-25T05:07:37","guid":{"rendered":"https:\/\/compuviper.mx\/tienda\/producto\/intellinet-713689-gabinete-mural-19-de-tamao-reducido\/"},"modified":"2026-04-24T23:07:38","modified_gmt":"2026-04-25T05:07:38","slug":"intellinet-713689-gabinete-19-mural-4u-550x540-4u2u-verticales","status":"publish","type":"product","link":"https:\/\/compuviper.mx\/tienda\/producto\/intellinet-713689-gabinete-19-mural-4u-550x540-4u2u-verticales\/","title":{"rendered":"Intellinet 713689 Gabinete,,, 19 Mural 4u 550&#215;540, 4u+2u Verticales"},"content":{"rendered":"<table class=\"descripcion\">\n<tr>\n<td>Normas y certificaciones<\/td>\n<\/tr>\n<tr>\n<td>&#8211; rohs<\/td>\n<\/tr>\n<tr>\n<td>&#8211; grado de protecci\u00f3n ip20<\/td>\n<\/tr>\n<tr>\n<td>&#8211; ansi\/eia 310-e<\/td>\n<\/tr>\n<tr>\n<td>&#8211; iec 60297-2<\/td>\n<\/tr>\n<tr>\n<td>General:<\/td>\n<\/tr>\n<tr>\n<td>&#8211; dimensiones (largo x ancho x alto): 540 x 550 x 170 mm (21.26 x 21.65 x 6.69 pulgadas)<\/td>\n<\/tr>\n<tr>\n<td>&#8211; peso: 8.5 kg (18.74 lbs.)<\/td>\n<\/tr>\n<tr>\n<td>&#8211; carga est\u00e1tica m\u00e1xima: 60 kg (132 lbs.)<\/td>\n<\/tr>\n<tr>\n<td>&#8211; material: acero<\/td>\n<\/tr>\n<tr>\n<td>&#8211; color: negro ral7021<\/td>\n<\/tr>\n<tr>\n<td>Contenido del paquete<\/td>\n<\/tr>\n<tr>\n<td>&#8211; gabinete mural 19 de tama\u00f1o reducido<\/td>\n<\/tr>\n<tr>\n<td>&#8211; juego de tuercas enjauladas para montaje de equipos en rack de 19 (12 tornillos m6, 12 tuercas enjauladas m6, 12 rondanas de pl\u00e1stico)<\/td>\n<\/tr>\n<tr>\n<td>&#8211; dos llaves<\/td>\n<\/tr>\n<\/table>\n","protected":false},"excerpt":{"rendered":"<p>Highlights. Dise\u00f1o delgado que ahorra espacio para alojar de forma organizada y segura los equipos multimedia, de vigilancia, de audio\/v\u00eddeo y del hogar inteligente. Montaje horizontal; 4u disponibles para montaje de dispositivos de 19 como barras pdu, p\u00e1neles de conexi\u00f3n y otros equipos con una profundidad de hasta 170 mm (6.7 pulgadas. Montaje vertical: 2u disponibles para montaje de dispositivos de 19 como switches de red y otros equipos con una profundidad de hasta 280 mm (11 pulgadas. Capacidad de carga m\u00e1xima de 60 kg (132 lbs.. Se extiende s\u00f3lo 170 mm (6.7 pulgadas) desde la pared. Carcasa de acero resistente y segura con recubrimiento de polvo antiest\u00e1tico. Cerradura de puerta de tres puntos con dos llaves incluidas. Ranuras de ventilaci\u00f3n para un m\u00e1ximo flujo de aire para mantener su equipo fresco y evitar el sobrecalentamiento. Protecci\u00f3n de grado ip20. Aberturas de entrada de cables pre-perforadas en la parte superior, posterior e inferior. Se env\u00eda completamente armado para una r\u00e1pida instalaci\u00f3n. Garant\u00eda de 3 a\u00f1os<\/p>\n","protected":false},"featured_media":168746,"comment_status":"open","ping_status":"open","template":"","meta":[],"product_cat":[1493,1494],"product_tag":[1489],"acf":[],"yoast_head":"<!-- This site is optimized with the Yoast SEO plugin v21.7 - https:\/\/yoast.com\/wordpress\/plugins\/seo\/ -->\n<title>[ Intellinet ] &#129351; 713689 Gabinete,,, 19 Mural 4u 550x540, 4u+2u Verticales<\/title>\n<meta name=\"description\" content=\"Compra 713689 Gabinete,,, 19 Mural 4u 550x540, 4u+2u Verticales + Env\u00edo a domicilio + Pago seguro + Garant\u00eda\" \/>\n<meta name=\"robots\" content=\"index, follow, max-snippet:-1, max-image-preview:large, max-video-preview:-1\" \/>\n<link rel=\"canonical\" href=\"https:\/\/compuviper.mx\/tienda\/producto\/intellinet-713689-gabinete-19-mural-4u-550x540-4u2u-verticales\/\" \/>\n<meta property=\"og:locale\" content=\"es_MX\" \/>\n<meta property=\"og:type\" content=\"article\" \/>\n<meta property=\"og:title\" content=\"[ Intellinet ] &#129351; 713689 Gabinete,,, 19 Mural 4u 550x540, 4u+2u Verticales\" \/>\n<meta property=\"og:description\" content=\"Compra 713689 Gabinete,,, 19 Mural 4u 550x540, 4u+2u Verticales + Env\u00edo a domicilio + Pago seguro + Garant\u00eda\" \/>\n<meta property=\"og:url\" content=\"https:\/\/compuviper.mx\/tienda\/producto\/intellinet-713689-gabinete-19-mural-4u-550x540-4u2u-verticales\/\" \/>\n<meta property=\"og:site_name\" content=\"Compuviper\" \/>\n<meta property=\"article:publisher\" content=\"https:\/\/www.facebook.com\/compuviper\" \/>\n<meta property=\"article:modified_time\" content=\"2026-04-25T05:07:38+00:00\" \/>\n<meta property=\"og:image\" content=\"https:\/\/compuviper.mx\/tienda\/wp-content\/uploads\/2023\/03\/Gabinete-mural-intellinet-19-de-tamano-reducido.jpg\" \/>\n\t<meta property=\"og:image:width\" content=\"200\" \/>\n\t<meta property=\"og:image:height\" content=\"200\" \/>\n\t<meta property=\"og:image:type\" content=\"image\/jpeg\" \/>\n<meta name=\"twitter:card\" content=\"summary_large_image\" \/>\n<meta name=\"twitter:label1\" content=\"Precio\" \/>\n\t<meta name=\"twitter:data1\" content=\"&#36;2,052 con IVA\" \/>\n\t<meta name=\"twitter:label2\" content=\"Availability\" \/>\n\t<meta name=\"twitter:data2\" content=\"In stock\" \/>\n<script type=\"application\/ld+json\" class=\"yoast-schema-graph\">{\"@context\":\"https:\/\/schema.org\",\"@graph\":[{\"@type\":\"WebPage\",\"@id\":\"https:\/\/compuviper.mx\/tienda\/producto\/intellinet-713689-gabinete-19-mural-4u-550x540-4u2u-verticales\/\",\"url\":\"https:\/\/compuviper.mx\/tienda\/producto\/intellinet-713689-gabinete-19-mural-4u-550x540-4u2u-verticales\/\",\"name\":\"[ Intellinet ] &#129351; 713689 Gabinete,,, 19 Mural 4u 550x540, 4u+2u Verticales\",\"isPartOf\":{\"@id\":\"https:\/\/compuviper.mx\/tienda\/#website\"},\"datePublished\":\"2026-04-25T05:07:37+00:00\",\"dateModified\":\"2026-04-25T05:07:38+00:00\",\"description\":\"Compra 713689 Gabinete,,, 19 Mural 4u 550x540, 4u+2u Verticales + Env\u00edo a domicilio + Pago seguro + Garant\u00eda\",\"breadcrumb\":{\"@id\":\"https:\/\/compuviper.mx\/tienda\/producto\/intellinet-713689-gabinete-19-mural-4u-550x540-4u2u-verticales\/#breadcrumb\"},\"inLanguage\":\"es-MX\",\"potentialAction\":[{\"@type\":\"ReadAction\",\"target\":[\"https:\/\/compuviper.mx\/tienda\/producto\/intellinet-713689-gabinete-19-mural-4u-550x540-4u2u-verticales\/\"]}]},{\"@type\":\"BreadcrumbList\",\"@id\":\"https:\/\/compuviper.mx\/tienda\/producto\/intellinet-713689-gabinete-19-mural-4u-550x540-4u2u-verticales\/#breadcrumb\",\"itemListElement\":[{\"@type\":\"ListItem\",\"position\":1,\"name\":\"Inicio\",\"item\":\"https:\/\/compuviper.mx\/tienda\/\"},{\"@type\":\"ListItem\",\"position\":2,\"name\":\"Productos\",\"item\":\"https:\/\/compuviper.mx\/tienda\/productos\/\"},{\"@type\":\"ListItem\",\"position\":3,\"name\":\"Gabinete De Rack\",\"item\":\"https:\/\/compuviper.mx\/tienda\/categoria-producto\/gabinete-de-rack\/\"},{\"@type\":\"ListItem\",\"position\":4,\"name\":\"Sin Categor\u00eda\",\"item\":\"https:\/\/compuviper.mx\/tienda\/categoria-producto\/gabinete-de-rack\/sin-categoria-gabinete-de-rack\/\"},{\"@type\":\"ListItem\",\"position\":5,\"name\":\"Intellinet 713689 Gabinete,,, 19 Mural 4u 550&#215;540, 4u+2u Verticales\"}]},{\"@type\":\"WebSite\",\"@id\":\"https:\/\/compuviper.mx\/tienda\/#website\",\"url\":\"https:\/\/compuviper.mx\/tienda\/\",\"name\":\"Compuviper\",\"description\":\"Proveedor de Computadoras, Laptops, Servidores, Monitores, Puntos de Venta, Teclados,   Impresoras, T\u00f3ner, C\u00e1maras de Seguridad y m\u00e1s en tu tienda en l\u00ednea\",\"publisher\":{\"@id\":\"https:\/\/compuviper.mx\/tienda\/#organization\"},\"potentialAction\":[{\"@type\":\"SearchAction\",\"target\":{\"@type\":\"EntryPoint\",\"urlTemplate\":\"https:\/\/compuviper.mx\/tienda\/?s={search_term_string}\"},\"query-input\":\"required name=search_term_string\"}],\"inLanguage\":\"es-MX\"},{\"@type\":\"Organization\",\"@id\":\"https:\/\/compuviper.mx\/tienda\/#organization\",\"name\":\"Compuviper\",\"url\":\"https:\/\/compuviper.mx\/tienda\/\",\"logo\":{\"@type\":\"ImageObject\",\"inLanguage\":\"es-MX\",\"@id\":\"https:\/\/compuviper.mx\/tienda\/#\/schema\/logo\/image\/\",\"url\":\"https:\/\/compuviper.mx\/tienda\/wp-content\/uploads\/2021\/08\/Logo-Compuviper-10.png\",\"contentUrl\":\"https:\/\/compuviper.mx\/tienda\/wp-content\/uploads\/2021\/08\/Logo-Compuviper-10.png\",\"width\":1000,\"height\":500,\"caption\":\"Compuviper\"},\"image\":{\"@id\":\"https:\/\/compuviper.mx\/tienda\/#\/schema\/logo\/image\/\"},\"sameAs\":[\"https:\/\/www.facebook.com\/compuviper\",\"https:\/\/www.youtube.com\/channel\/UCf73dERp9Y3cfOq7q8BhLjA?view_as=subscriber\"]}]}<\/script>\n<meta property=\"product:brand\" content=\"INTELLINET\" \/>\n<meta property=\"product:price:amount\" content=\"2052\" \/>\n<meta property=\"product:price:currency\" content=\"MXN\" \/>\n<meta property=\"og:availability\" content=\"instock\" \/>\n<meta property=\"product:availability\" content=\"instock\" \/>\n<meta property=\"product:retailer_item_id\" content=\"713689\" \/>\n<meta property=\"product:condition\" content=\"new\" \/>\n<!-- \/ Yoast SEO plugin. -->","yoast_head_json":{"title":"[ Intellinet ] &#129351; 713689 Gabinete,,, 19 Mural 4u 550x540, 4u+2u Verticales","description":"Compra 713689 Gabinete,,, 19 Mural 4u 550x540, 4u+2u Verticales + Env\u00edo a domicilio + Pago seguro + Garant\u00eda","robots":{"index":"index","follow":"follow","max-snippet":"max-snippet:-1","max-image-preview":"max-image-preview:large","max-video-preview":"max-video-preview:-1"},"canonical":"https:\/\/compuviper.mx\/tienda\/producto\/intellinet-713689-gabinete-19-mural-4u-550x540-4u2u-verticales\/","og_locale":"es_MX","og_type":"article","og_title":"[ Intellinet ] &#129351; 713689 Gabinete,,, 19 Mural 4u 550x540, 4u+2u Verticales","og_description":"Compra 713689 Gabinete,,, 19 Mural 4u 550x540, 4u+2u Verticales + Env\u00edo a domicilio + Pago seguro + Garant\u00eda","og_url":"https:\/\/compuviper.mx\/tienda\/producto\/intellinet-713689-gabinete-19-mural-4u-550x540-4u2u-verticales\/","og_site_name":"Compuviper","article_publisher":"https:\/\/www.facebook.com\/compuviper","article_modified_time":"2026-04-25T05:07:38+00:00","og_image":[{"width":200,"height":200,"url":"https:\/\/compuviper.mx\/tienda\/wp-content\/uploads\/2023\/03\/Gabinete-mural-intellinet-19-de-tamano-reducido.jpg","type":"image\/jpeg"}],"twitter_card":"summary_large_image","twitter_misc":{"Precio":"&#36;2,052 con IVA","Availability":"In stock"},"schema":{"@context":"https:\/\/schema.org","@graph":[{"@type":"WebPage","@id":"https:\/\/compuviper.mx\/tienda\/producto\/intellinet-713689-gabinete-19-mural-4u-550x540-4u2u-verticales\/","url":"https:\/\/compuviper.mx\/tienda\/producto\/intellinet-713689-gabinete-19-mural-4u-550x540-4u2u-verticales\/","name":"[ Intellinet ] &#129351; 713689 Gabinete,,, 19 Mural 4u 550x540, 4u+2u Verticales","isPartOf":{"@id":"https:\/\/compuviper.mx\/tienda\/#website"},"datePublished":"2026-04-25T05:07:37+00:00","dateModified":"2026-04-25T05:07:38+00:00","description":"Compra 713689 Gabinete,,, 19 Mural 4u 550x540, 4u+2u Verticales + Env\u00edo a domicilio + Pago seguro + Garant\u00eda","breadcrumb":{"@id":"https:\/\/compuviper.mx\/tienda\/producto\/intellinet-713689-gabinete-19-mural-4u-550x540-4u2u-verticales\/#breadcrumb"},"inLanguage":"es-MX","potentialAction":[{"@type":"ReadAction","target":["https:\/\/compuviper.mx\/tienda\/producto\/intellinet-713689-gabinete-19-mural-4u-550x540-4u2u-verticales\/"]}]},{"@type":"BreadcrumbList","@id":"https:\/\/compuviper.mx\/tienda\/producto\/intellinet-713689-gabinete-19-mural-4u-550x540-4u2u-verticales\/#breadcrumb","itemListElement":[{"@type":"ListItem","position":1,"name":"Inicio","item":"https:\/\/compuviper.mx\/tienda\/"},{"@type":"ListItem","position":2,"name":"Productos","item":"https:\/\/compuviper.mx\/tienda\/productos\/"},{"@type":"ListItem","position":3,"name":"Gabinete De Rack","item":"https:\/\/compuviper.mx\/tienda\/categoria-producto\/gabinete-de-rack\/"},{"@type":"ListItem","position":4,"name":"Sin Categor\u00eda","item":"https:\/\/compuviper.mx\/tienda\/categoria-producto\/gabinete-de-rack\/sin-categoria-gabinete-de-rack\/"},{"@type":"ListItem","position":5,"name":"Intellinet 713689 Gabinete,,, 19 Mural 4u 550&#215;540, 4u+2u Verticales"}]},{"@type":"WebSite","@id":"https:\/\/compuviper.mx\/tienda\/#website","url":"https:\/\/compuviper.mx\/tienda\/","name":"Compuviper","description":"Proveedor de Computadoras, Laptops, Servidores, Monitores, Puntos de Venta, Teclados,   Impresoras, T\u00f3ner, C\u00e1maras de Seguridad y m\u00e1s en tu tienda en l\u00ednea","publisher":{"@id":"https:\/\/compuviper.mx\/tienda\/#organization"},"potentialAction":[{"@type":"SearchAction","target":{"@type":"EntryPoint","urlTemplate":"https:\/\/compuviper.mx\/tienda\/?s={search_term_string}"},"query-input":"required name=search_term_string"}],"inLanguage":"es-MX"},{"@type":"Organization","@id":"https:\/\/compuviper.mx\/tienda\/#organization","name":"Compuviper","url":"https:\/\/compuviper.mx\/tienda\/","logo":{"@type":"ImageObject","inLanguage":"es-MX","@id":"https:\/\/compuviper.mx\/tienda\/#\/schema\/logo\/image\/","url":"https:\/\/compuviper.mx\/tienda\/wp-content\/uploads\/2021\/08\/Logo-Compuviper-10.png","contentUrl":"https:\/\/compuviper.mx\/tienda\/wp-content\/uploads\/2021\/08\/Logo-Compuviper-10.png","width":1000,"height":500,"caption":"Compuviper"},"image":{"@id":"https:\/\/compuviper.mx\/tienda\/#\/schema\/logo\/image\/"},"sameAs":["https:\/\/www.facebook.com\/compuviper","https:\/\/www.youtube.com\/channel\/UCf73dERp9Y3cfOq7q8BhLjA?view_as=subscriber"]}]},"product_brand":"INTELLINET","product_price_amount":"2052","product_price_currency":"MXN","og_availability":"instock","product_availability":"instock","product_retailer_item_id":"713689","product_condition":"new"},"_links":{"self":[{"href":"https:\/\/compuviper.mx\/tienda\/wp-json\/wp\/v2\/product\/168194"}],"collection":[{"href":"https:\/\/compuviper.mx\/tienda\/wp-json\/wp\/v2\/product"}],"about":[{"href":"https:\/\/compuviper.mx\/tienda\/wp-json\/wp\/v2\/types\/product"}],"replies":[{"embeddable":true,"href":"https:\/\/compuviper.mx\/tienda\/wp-json\/wp\/v2\/comments?post=168194"}],"wp:featuredmedia":[{"embeddable":true,"href":"https:\/\/compuviper.mx\/tienda\/wp-json\/wp\/v2\/media\/168746"}],"wp:attachment":[{"href":"https:\/\/compuviper.mx\/tienda\/wp-json\/wp\/v2\/media?parent=168194"}],"wp:term":[{"taxonomy":"product_cat","embeddable":true,"href":"https:\/\/compuviper.mx\/tienda\/wp-json\/wp\/v2\/product_cat?post=168194"},{"taxonomy":"product_tag","embeddable":true,"href":"https:\/\/compuviper.mx\/tienda\/wp-json\/wp\/v2\/product_tag?post=168194"}],"curies":[{"name":"wp","href":"https:\/\/api.w.org\/{rel}","templated":true}]}}