{"id":168130,"date":"2026-04-08T23:08:14","date_gmt":"2026-04-09T05:08:14","guid":{"rendered":"https:\/\/compuviper.mx\/tienda\/producto\/acteck-ac-934619-hub-usb-c-6-en-1-gate-6-dh660-4k-hdmi-1xusb-a-3-0-1xusb-a-2-0-tf2-0-sd2-0-negro\/"},"modified":"2026-04-08T23:08:14","modified_gmt":"2026-04-09T05:08:14","slug":"acteck-ac-934619-hub-gate-6-dh660-usb-c-5-puertos-usb-c-2x-usb-a-lector-de-memorias-hdmi-15-cm-negro","status":"publish","type":"product","link":"https:\/\/compuviper.mx\/tienda\/producto\/acteck-ac-934619-hub-gate-6-dh660-usb-c-5-puertos-usb-c-2x-usb-a-lector-de-memorias-hdmi-15-cm-negro\/","title":{"rendered":"Acteck Ac-934619 Hub  Gate 6 Dh660 \/ Usb C \/ 5 Puertos \/ Usb C &#8211; 2x Usb A &#8211; Lector De Memorias &#8211; Hdmi \/ 15 Cm \/ Negro \/"},"content":{"rendered":"<table class=\"descripcion\">\n<tr>\n<td>Especificaciones<\/td>\n<\/tr>\n<tr>\n<td>Nombre de producto: docking station<\/td>\n<\/tr>\n<tr>\n<td>Codigo de producto: ac-934619<\/td>\n<\/tr>\n<tr>\n<td>Cable principal<\/td>\n<\/tr>\n<tr>\n<td>\u0095conexion: usb-c<\/td>\n<\/tr>\n<tr>\n<td>\u0095version: 3.1<\/td>\n<\/tr>\n<tr>\n<td>\u0095longitud: 15 cm<\/td>\n<\/tr>\n<tr>\n<td>Usb a 2.0: 1  480 mbps<\/td>\n<\/tr>\n<tr>\n<td>Usb a 3.1 gen1: 3<\/td>\n<\/tr>\n<tr>\n<td>Usb c pd 3.0: pd 100w<\/td>\n<\/tr>\n<tr>\n<td>Hdmi<\/td>\n<\/tr>\n<tr>\n<td>\u0095cantidad: 1<\/td>\n<\/tr>\n<tr>\n<td>\u0095version: v1.4<\/td>\n<\/tr>\n<tr>\n<td>\u0095ancho de banda: 10.2 gbps<\/td>\n<\/tr>\n<tr>\n<td>\u0095resolucion: 3840&#215;2160 a 30hz<\/td>\n<\/tr>\n<tr>\n<td>Lector de tarjetas: tf2.0\/sd2.0<\/td>\n<\/tr>\n<tr>\n<td>Color: negro<\/td>\n<\/tr>\n<tr>\n<td>Dimensiones: 11.6 cm  3.8 cm  1.5 cm<\/td>\n<\/tr>\n<tr>\n<td>Peso: 68 g<\/td>\n<\/tr>\n<tr>\n<td>Garantia: 1 ao<\/td>\n<\/tr>\n<\/table>\n","protected":false},"excerpt":{"rendered":"<p>Hub usb c 6 en 1 acteck gate 6 dh660 \/ 4k hdmi \/ 1xusb a 3.0 \/ 1xusb a 2.0 \/ tf2.0\/sd2.0 \/ negro \/ ac-934619<\/p>\n","protected":false},"featured_media":168745,"comment_status":"open","ping_status":"open","template":"","meta":[],"product_cat":[1485,1497],"product_tag":[1582],"acf":[],"yoast_head":"<!-- This site is optimized with the Yoast SEO plugin v21.7 - https:\/\/yoast.com\/wordpress\/plugins\/seo\/ -->\n<title>[ Acteck ] &#129351; Ac-934619 Hub Gate 6 Dh660 \/ Usb C \/ 5 Puertos \/ Usb C - 2x Usb A - Lector De Memorias - Hdmi \/ 15 Cm \/ Negro \/<\/title>\n<meta name=\"description\" content=\"Compra Ac-934619 Hub Gate 6 Dh660 \/ Usb C \/ 5 Puertos \/ Usb C - 2x Usb A - Lector De Memorias - Hdmi \/ 15 Cm \/ Negro \/ + Env\u00edo a domicilio + Pago seguro + Garant\u00eda\" \/>\n<meta name=\"robots\" content=\"index, follow, max-snippet:-1, max-image-preview:large, max-video-preview:-1\" \/>\n<link rel=\"canonical\" href=\"https:\/\/compuviper.mx\/tienda\/producto\/acteck-ac-934619-hub-gate-6-dh660-usb-c-5-puertos-usb-c-2x-usb-a-lector-de-memorias-hdmi-15-cm-negro\/\" \/>\n<meta property=\"og:locale\" content=\"es_MX\" \/>\n<meta property=\"og:type\" content=\"article\" \/>\n<meta property=\"og:title\" content=\"[ Acteck ] &#129351; Ac-934619 Hub Gate 6 Dh660 \/ Usb C \/ 5 Puertos \/ Usb C - 2x Usb A - Lector De Memorias - Hdmi \/ 15 Cm \/ Negro \/\" \/>\n<meta property=\"og:description\" content=\"Compra Ac-934619 Hub Gate 6 Dh660 \/ Usb C \/ 5 Puertos \/ Usb C - 2x Usb A - Lector De Memorias - Hdmi \/ 15 Cm \/ Negro \/ + Env\u00edo a domicilio + Pago seguro + Garant\u00eda\" \/>\n<meta property=\"og:url\" content=\"https:\/\/compuviper.mx\/tienda\/producto\/acteck-ac-934619-hub-gate-6-dh660-usb-c-5-puertos-usb-c-2x-usb-a-lector-de-memorias-hdmi-15-cm-negro\/\" \/>\n<meta property=\"og:site_name\" content=\"Compuviper\" \/>\n<meta property=\"article:publisher\" content=\"https:\/\/www.facebook.com\/compuviper\" \/>\n<meta property=\"og:image\" content=\"https:\/\/compuviper.mx\/tienda\/wp-content\/uploads\/2023\/03\/Hub-usb-c-6-en-1-acteck-gate-6-dh660-4k-hdmi-1xusb-a-3.0-1xusb-a-2.0-tf2.0sd2.0-negro-ac-934619.jpg\" \/>\n\t<meta property=\"og:image:width\" content=\"200\" \/>\n\t<meta property=\"og:image:height\" content=\"200\" \/>\n\t<meta property=\"og:image:type\" content=\"image\/jpeg\" \/>\n<meta name=\"twitter:card\" content=\"summary_large_image\" \/>\n<meta name=\"twitter:label1\" content=\"Precio\" \/>\n\t<meta name=\"twitter:data1\" content=\"&#36;360 con IVA\" \/>\n\t<meta name=\"twitter:label2\" content=\"Availability\" \/>\n\t<meta name=\"twitter:data2\" content=\"In stock\" \/>\n<script type=\"application\/ld+json\" class=\"yoast-schema-graph\">{\"@context\":\"https:\/\/schema.org\",\"@graph\":[{\"@type\":\"WebPage\",\"@id\":\"https:\/\/compuviper.mx\/tienda\/producto\/acteck-ac-934619-hub-gate-6-dh660-usb-c-5-puertos-usb-c-2x-usb-a-lector-de-memorias-hdmi-15-cm-negro\/\",\"url\":\"https:\/\/compuviper.mx\/tienda\/producto\/acteck-ac-934619-hub-gate-6-dh660-usb-c-5-puertos-usb-c-2x-usb-a-lector-de-memorias-hdmi-15-cm-negro\/\",\"name\":\"[ Acteck ] &#129351; Ac-934619 Hub Gate 6 Dh660 \/ Usb C \/ 5 Puertos \/ Usb C - 2x Usb A - Lector De Memorias - Hdmi \/ 15 Cm \/ Negro \/\",\"isPartOf\":{\"@id\":\"https:\/\/compuviper.mx\/tienda\/#website\"},\"datePublished\":\"2026-04-09T05:08:14+00:00\",\"dateModified\":\"2026-04-09T05:08:14+00:00\",\"description\":\"Compra Ac-934619 Hub Gate 6 Dh660 \/ Usb C \/ 5 Puertos \/ Usb C - 2x Usb A - Lector De Memorias - Hdmi \/ 15 Cm \/ Negro \/ + Env\u00edo a domicilio + Pago seguro + Garant\u00eda\",\"breadcrumb\":{\"@id\":\"https:\/\/compuviper.mx\/tienda\/producto\/acteck-ac-934619-hub-gate-6-dh660-usb-c-5-puertos-usb-c-2x-usb-a-lector-de-memorias-hdmi-15-cm-negro\/#breadcrumb\"},\"inLanguage\":\"es-MX\",\"potentialAction\":[{\"@type\":\"ReadAction\",\"target\":[\"https:\/\/compuviper.mx\/tienda\/producto\/acteck-ac-934619-hub-gate-6-dh660-usb-c-5-puertos-usb-c-2x-usb-a-lector-de-memorias-hdmi-15-cm-negro\/\"]}]},{\"@type\":\"BreadcrumbList\",\"@id\":\"https:\/\/compuviper.mx\/tienda\/producto\/acteck-ac-934619-hub-gate-6-dh660-usb-c-5-puertos-usb-c-2x-usb-a-lector-de-memorias-hdmi-15-cm-negro\/#breadcrumb\",\"itemListElement\":[{\"@type\":\"ListItem\",\"position\":1,\"name\":\"Inicio\",\"item\":\"https:\/\/compuviper.mx\/tienda\/\"},{\"@type\":\"ListItem\",\"position\":2,\"name\":\"Productos\",\"item\":\"https:\/\/compuviper.mx\/tienda\/productos\/\"},{\"@type\":\"ListItem\",\"position\":3,\"name\":\"Accesorios\",\"item\":\"https:\/\/compuviper.mx\/tienda\/categoria-producto\/accesorios\/\"},{\"@type\":\"ListItem\",\"position\":4,\"name\":\"Hub Usb\",\"item\":\"https:\/\/compuviper.mx\/tienda\/categoria-producto\/accesorios\/hub-usb\/\"},{\"@type\":\"ListItem\",\"position\":5,\"name\":\"Acteck Ac-934619 Hub Gate 6 Dh660 \/ Usb C \/ 5 Puertos \/ Usb C &#8211; 2x Usb A &#8211; Lector De Memorias &#8211; Hdmi \/ 15 Cm \/ Negro \/\"}]},{\"@type\":\"WebSite\",\"@id\":\"https:\/\/compuviper.mx\/tienda\/#website\",\"url\":\"https:\/\/compuviper.mx\/tienda\/\",\"name\":\"Compuviper\",\"description\":\"Proveedor de Computadoras, Laptops, Servidores, Monitores, Puntos de Venta, Teclados,   Impresoras, T\u00f3ner, C\u00e1maras de Seguridad y m\u00e1s en tu tienda en l\u00ednea\",\"publisher\":{\"@id\":\"https:\/\/compuviper.mx\/tienda\/#organization\"},\"potentialAction\":[{\"@type\":\"SearchAction\",\"target\":{\"@type\":\"EntryPoint\",\"urlTemplate\":\"https:\/\/compuviper.mx\/tienda\/?s={search_term_string}\"},\"query-input\":\"required name=search_term_string\"}],\"inLanguage\":\"es-MX\"},{\"@type\":\"Organization\",\"@id\":\"https:\/\/compuviper.mx\/tienda\/#organization\",\"name\":\"Compuviper\",\"url\":\"https:\/\/compuviper.mx\/tienda\/\",\"logo\":{\"@type\":\"ImageObject\",\"inLanguage\":\"es-MX\",\"@id\":\"https:\/\/compuviper.mx\/tienda\/#\/schema\/logo\/image\/\",\"url\":\"https:\/\/compuviper.mx\/tienda\/wp-content\/uploads\/2021\/08\/Logo-Compuviper-10.png\",\"contentUrl\":\"https:\/\/compuviper.mx\/tienda\/wp-content\/uploads\/2021\/08\/Logo-Compuviper-10.png\",\"width\":1000,\"height\":500,\"caption\":\"Compuviper\"},\"image\":{\"@id\":\"https:\/\/compuviper.mx\/tienda\/#\/schema\/logo\/image\/\"},\"sameAs\":[\"https:\/\/www.facebook.com\/compuviper\",\"https:\/\/www.youtube.com\/channel\/UCf73dERp9Y3cfOq7q8BhLjA?view_as=subscriber\"]}]}<\/script>\n<meta property=\"product:brand\" content=\"ACTECK\" \/>\n<meta property=\"product:price:amount\" content=\"360\" \/>\n<meta property=\"product:price:currency\" content=\"MXN\" \/>\n<meta property=\"og:availability\" content=\"instock\" \/>\n<meta property=\"product:availability\" content=\"instock\" \/>\n<meta property=\"product:retailer_item_id\" content=\"AC-934619\" \/>\n<meta property=\"product:condition\" content=\"new\" \/>\n<!-- \/ Yoast SEO plugin. -->","yoast_head_json":{"title":"[ Acteck ] &#129351; Ac-934619 Hub Gate 6 Dh660 \/ Usb C \/ 5 Puertos \/ Usb C - 2x Usb A - Lector De Memorias - Hdmi \/ 15 Cm \/ Negro \/","description":"Compra Ac-934619 Hub Gate 6 Dh660 \/ Usb C \/ 5 Puertos \/ Usb C - 2x Usb A - Lector De Memorias - Hdmi \/ 15 Cm \/ Negro \/ + Env\u00edo a domicilio + Pago seguro + Garant\u00eda","robots":{"index":"index","follow":"follow","max-snippet":"max-snippet:-1","max-image-preview":"max-image-preview:large","max-video-preview":"max-video-preview:-1"},"canonical":"https:\/\/compuviper.mx\/tienda\/producto\/acteck-ac-934619-hub-gate-6-dh660-usb-c-5-puertos-usb-c-2x-usb-a-lector-de-memorias-hdmi-15-cm-negro\/","og_locale":"es_MX","og_type":"article","og_title":"[ Acteck ] &#129351; Ac-934619 Hub Gate 6 Dh660 \/ Usb C \/ 5 Puertos \/ Usb C - 2x Usb A - Lector De Memorias - Hdmi \/ 15 Cm \/ Negro \/","og_description":"Compra Ac-934619 Hub Gate 6 Dh660 \/ Usb C \/ 5 Puertos \/ Usb C - 2x Usb A - Lector De Memorias - Hdmi \/ 15 Cm \/ Negro \/ + Env\u00edo a domicilio + Pago seguro + Garant\u00eda","og_url":"https:\/\/compuviper.mx\/tienda\/producto\/acteck-ac-934619-hub-gate-6-dh660-usb-c-5-puertos-usb-c-2x-usb-a-lector-de-memorias-hdmi-15-cm-negro\/","og_site_name":"Compuviper","article_publisher":"https:\/\/www.facebook.com\/compuviper","og_image":[{"width":200,"height":200,"url":"https:\/\/compuviper.mx\/tienda\/wp-content\/uploads\/2023\/03\/Hub-usb-c-6-en-1-acteck-gate-6-dh660-4k-hdmi-1xusb-a-3.0-1xusb-a-2.0-tf2.0sd2.0-negro-ac-934619.jpg","type":"image\/jpeg"}],"twitter_card":"summary_large_image","twitter_misc":{"Precio":"&#36;360 con IVA","Availability":"In stock"},"schema":{"@context":"https:\/\/schema.org","@graph":[{"@type":"WebPage","@id":"https:\/\/compuviper.mx\/tienda\/producto\/acteck-ac-934619-hub-gate-6-dh660-usb-c-5-puertos-usb-c-2x-usb-a-lector-de-memorias-hdmi-15-cm-negro\/","url":"https:\/\/compuviper.mx\/tienda\/producto\/acteck-ac-934619-hub-gate-6-dh660-usb-c-5-puertos-usb-c-2x-usb-a-lector-de-memorias-hdmi-15-cm-negro\/","name":"[ Acteck ] &#129351; Ac-934619 Hub Gate 6 Dh660 \/ Usb C \/ 5 Puertos \/ Usb C - 2x Usb A - Lector De Memorias - Hdmi \/ 15 Cm \/ Negro \/","isPartOf":{"@id":"https:\/\/compuviper.mx\/tienda\/#website"},"datePublished":"2026-04-09T05:08:14+00:00","dateModified":"2026-04-09T05:08:14+00:00","description":"Compra Ac-934619 Hub Gate 6 Dh660 \/ Usb C \/ 5 Puertos \/ Usb C - 2x Usb A - Lector De Memorias - Hdmi \/ 15 Cm \/ Negro \/ + Env\u00edo a domicilio + Pago seguro + Garant\u00eda","breadcrumb":{"@id":"https:\/\/compuviper.mx\/tienda\/producto\/acteck-ac-934619-hub-gate-6-dh660-usb-c-5-puertos-usb-c-2x-usb-a-lector-de-memorias-hdmi-15-cm-negro\/#breadcrumb"},"inLanguage":"es-MX","potentialAction":[{"@type":"ReadAction","target":["https:\/\/compuviper.mx\/tienda\/producto\/acteck-ac-934619-hub-gate-6-dh660-usb-c-5-puertos-usb-c-2x-usb-a-lector-de-memorias-hdmi-15-cm-negro\/"]}]},{"@type":"BreadcrumbList","@id":"https:\/\/compuviper.mx\/tienda\/producto\/acteck-ac-934619-hub-gate-6-dh660-usb-c-5-puertos-usb-c-2x-usb-a-lector-de-memorias-hdmi-15-cm-negro\/#breadcrumb","itemListElement":[{"@type":"ListItem","position":1,"name":"Inicio","item":"https:\/\/compuviper.mx\/tienda\/"},{"@type":"ListItem","position":2,"name":"Productos","item":"https:\/\/compuviper.mx\/tienda\/productos\/"},{"@type":"ListItem","position":3,"name":"Accesorios","item":"https:\/\/compuviper.mx\/tienda\/categoria-producto\/accesorios\/"},{"@type":"ListItem","position":4,"name":"Hub Usb","item":"https:\/\/compuviper.mx\/tienda\/categoria-producto\/accesorios\/hub-usb\/"},{"@type":"ListItem","position":5,"name":"Acteck Ac-934619 Hub Gate 6 Dh660 \/ Usb C \/ 5 Puertos \/ Usb C &#8211; 2x Usb A &#8211; Lector De Memorias &#8211; Hdmi \/ 15 Cm \/ Negro \/"}]},{"@type":"WebSite","@id":"https:\/\/compuviper.mx\/tienda\/#website","url":"https:\/\/compuviper.mx\/tienda\/","name":"Compuviper","description":"Proveedor de Computadoras, Laptops, Servidores, Monitores, Puntos de Venta, Teclados,   Impresoras, T\u00f3ner, C\u00e1maras de Seguridad y m\u00e1s en tu tienda en l\u00ednea","publisher":{"@id":"https:\/\/compuviper.mx\/tienda\/#organization"},"potentialAction":[{"@type":"SearchAction","target":{"@type":"EntryPoint","urlTemplate":"https:\/\/compuviper.mx\/tienda\/?s={search_term_string}"},"query-input":"required name=search_term_string"}],"inLanguage":"es-MX"},{"@type":"Organization","@id":"https:\/\/compuviper.mx\/tienda\/#organization","name":"Compuviper","url":"https:\/\/compuviper.mx\/tienda\/","logo":{"@type":"ImageObject","inLanguage":"es-MX","@id":"https:\/\/compuviper.mx\/tienda\/#\/schema\/logo\/image\/","url":"https:\/\/compuviper.mx\/tienda\/wp-content\/uploads\/2021\/08\/Logo-Compuviper-10.png","contentUrl":"https:\/\/compuviper.mx\/tienda\/wp-content\/uploads\/2021\/08\/Logo-Compuviper-10.png","width":1000,"height":500,"caption":"Compuviper"},"image":{"@id":"https:\/\/compuviper.mx\/tienda\/#\/schema\/logo\/image\/"},"sameAs":["https:\/\/www.facebook.com\/compuviper","https:\/\/www.youtube.com\/channel\/UCf73dERp9Y3cfOq7q8BhLjA?view_as=subscriber"]}]},"product_brand":"ACTECK","product_price_amount":"360","product_price_currency":"MXN","og_availability":"instock","product_availability":"instock","product_retailer_item_id":"AC-934619","product_condition":"new"},"_links":{"self":[{"href":"https:\/\/compuviper.mx\/tienda\/wp-json\/wp\/v2\/product\/168130"}],"collection":[{"href":"https:\/\/compuviper.mx\/tienda\/wp-json\/wp\/v2\/product"}],"about":[{"href":"https:\/\/compuviper.mx\/tienda\/wp-json\/wp\/v2\/types\/product"}],"replies":[{"embeddable":true,"href":"https:\/\/compuviper.mx\/tienda\/wp-json\/wp\/v2\/comments?post=168130"}],"wp:featuredmedia":[{"embeddable":true,"href":"https:\/\/compuviper.mx\/tienda\/wp-json\/wp\/v2\/media\/168745"}],"wp:attachment":[{"href":"https:\/\/compuviper.mx\/tienda\/wp-json\/wp\/v2\/media?parent=168130"}],"wp:term":[{"taxonomy":"product_cat","embeddable":true,"href":"https:\/\/compuviper.mx\/tienda\/wp-json\/wp\/v2\/product_cat?post=168130"},{"taxonomy":"product_tag","embeddable":true,"href":"https:\/\/compuviper.mx\/tienda\/wp-json\/wp\/v2\/product_tag?post=168130"}],"curies":[{"name":"wp","href":"https:\/\/api.w.org\/{rel}","templated":true}]}}