{"id":168000,"date":"2026-04-08T23:08:12","date_gmt":"2026-04-09T05:08:12","guid":{"rendered":"https:\/\/compuviper.mx\/tienda\/producto\/manhattan-440363-maletn-helsinki-ecolgico-para-laptop-de-14-1\/"},"modified":"2026-04-08T23:08:12","modified_gmt":"2026-04-09T05:08:12","slug":"manhattan-440363-maletin-portafolio-14-1-helsinki","status":"publish","type":"product","link":"https:\/\/compuviper.mx\/tienda\/producto\/manhattan-440363-maletin-portafolio-14-1-helsinki\/","title":{"rendered":"Manhattan 440363 Maletin Portafolio,,, 14.1 Helsinki"},"content":{"rendered":"<table class=\"descripcion\">\n<tr>\n<td>Exterior<\/td>\n<\/tr>\n<tr>\n<td>Poli\u00e9ster fabricado a partir de botellas de pet recicladas, revestimiento resistente al agua<\/td>\n<\/tr>\n<tr>\n<td>Cinco cierres<\/td>\n<\/tr>\n<tr>\n<td>Gran bolsillo frontal de almacenamiento con dos bolsas peque\u00f1as y dos portaplumas<\/td>\n<\/tr>\n<tr>\n<td>Peque\u00f1o bolsillo frontal guarda objetos<\/td>\n<\/tr>\n<tr>\n<td>Correa posterior para el transporte<\/td>\n<\/tr>\n<tr>\n<td>Doble asa<\/td>\n<\/tr>\n<tr>\n<td>Correa para el hombro (extra\u00edble)<\/td>\n<\/tr>\n<tr>\n<td>Interior<\/td>\n<\/tr>\n<tr>\n<td>Poli\u00e9ster, tejido 210d<\/td>\n<\/tr>\n<tr>\n<td>Compartimento principal con divisor en compartimento para laptops y gran bolsillo interior; cierre en el compartimento de la laptop, ideal para dispositivos de hasta 14.1 pulgadas<\/td>\n<\/tr>\n<tr>\n<td>F\u00edsico<\/td>\n<\/tr>\n<tr>\n<td>Dimensiones exteriores: 420 x 300 x 52 mm (16.54 x 11.81 x 2.05 in.)<\/td>\n<\/tr>\n<tr>\n<td>Dimensiones interiores: 347 x 289 x 57 mm (13.66 x 11.37 x 2.24 in.)*<\/td>\n<\/tr>\n<tr>\n<td>Peso neto: 332 g (0.73 lbs.)<\/td>\n<\/tr>\n<tr>\n<td>Peso bruto: 342 g (0.75 lbs.)<\/td>\n<\/tr>\n<\/table>\n","protected":false},"excerpt":{"rendered":"<p>Highlights. Compartimento principal de alta capacidad con funda acolchada que se adapta a la mayor\u00eda de laptops de hasta 14.1. Material exterior resistente al agua y duradero que protege contra el clima, derrames y desgaste. Asas acolchadas y correa de hombro desmontable y antideslizante para un transporte f\u00e1cil y seguro. Un gran bolsillo interior para documentos, accesorios y m\u00e1s. Gran bolsillo frontal con dos cierres, dos portaplumas y dos peque\u00f1os bolsillos interiores, ideales para tarjetas de presentaci\u00f3n y m\u00e1s. Peque\u00f1o bolsillo frontal adicional con cierre, ideal para acceder r\u00e1pidamente a las llaves, las bater\u00edas y otros peque\u00f1os accesorios. Correa pasante para asegurar el malet\u00edn en su equipaje de viaje. El fondo acolchado ayuda a proteger el producto de percances y peligros en los trayectos. Ideal para la mayor\u00eda de las laptops compactas, ultrabooks \u0099, microsoft\u00ae surface 2 en 1 y m\u00e1s. Gran compa\u00f1ero para viajes en avi\u00f3n, ya que ofrece el tama\u00f1o perfecto para guardar en los bolsillos de los asientos o en los compartimentos superiores. Gran asistente de viaje en avi\u00f3n que ofrece el tama\u00f1o perfecto para guardar en los compartimentos de los asientos o en los compartimentos superiores. Tres a\u00f1os de garant\u00eda<\/p>\n","protected":false},"featured_media":168736,"comment_status":"open","ping_status":"open","template":"","meta":[],"product_cat":[1483,1482],"product_tag":[1487],"acf":[],"yoast_head":"<!-- This site is optimized with the Yoast SEO plugin v21.7 - https:\/\/yoast.com\/wordpress\/plugins\/seo\/ -->\n<title>[ Manhattan ] &#129351; 440363 Maletin Portafolio,,, 14.1 Helsinki<\/title>\n<meta name=\"description\" content=\"Compra 440363 Maletin Portafolio,,, 14.1 Helsinki + Env\u00edo a domicilio + Pago seguro + Garant\u00eda\" \/>\n<meta name=\"robots\" content=\"index, follow, max-snippet:-1, max-image-preview:large, max-video-preview:-1\" \/>\n<link rel=\"canonical\" href=\"https:\/\/compuviper.mx\/tienda\/producto\/manhattan-440363-maletin-portafolio-14-1-helsinki\/\" \/>\n<meta property=\"og:locale\" content=\"es_MX\" \/>\n<meta property=\"og:type\" content=\"article\" \/>\n<meta property=\"og:title\" content=\"[ Manhattan ] &#129351; 440363 Maletin Portafolio,,, 14.1 Helsinki\" \/>\n<meta property=\"og:description\" content=\"Compra 440363 Maletin Portafolio,,, 14.1 Helsinki + Env\u00edo a domicilio + Pago seguro + Garant\u00eda\" \/>\n<meta property=\"og:url\" content=\"https:\/\/compuviper.mx\/tienda\/producto\/manhattan-440363-maletin-portafolio-14-1-helsinki\/\" \/>\n<meta property=\"og:site_name\" content=\"Compuviper\" \/>\n<meta property=\"article:publisher\" content=\"https:\/\/www.facebook.com\/compuviper\" \/>\n<meta property=\"og:image\" content=\"https:\/\/compuviper.mx\/tienda\/wp-content\/uploads\/2023\/03\/Maletin-helsinki-manhattan-ecologico-para-laptop-de-14.1.jpg\" \/>\n\t<meta property=\"og:image:width\" content=\"200\" \/>\n\t<meta property=\"og:image:height\" content=\"200\" \/>\n\t<meta property=\"og:image:type\" content=\"image\/jpeg\" \/>\n<meta name=\"twitter:card\" content=\"summary_large_image\" \/>\n<meta name=\"twitter:label1\" content=\"Precio\" \/>\n\t<meta name=\"twitter:data1\" content=\"&#36;391 con IVA\" \/>\n\t<meta name=\"twitter:label2\" content=\"Availability\" \/>\n\t<meta name=\"twitter:data2\" content=\"In stock\" \/>\n<script type=\"application\/ld+json\" class=\"yoast-schema-graph\">{\"@context\":\"https:\/\/schema.org\",\"@graph\":[{\"@type\":\"WebPage\",\"@id\":\"https:\/\/compuviper.mx\/tienda\/producto\/manhattan-440363-maletin-portafolio-14-1-helsinki\/\",\"url\":\"https:\/\/compuviper.mx\/tienda\/producto\/manhattan-440363-maletin-portafolio-14-1-helsinki\/\",\"name\":\"[ Manhattan ] &#129351; 440363 Maletin Portafolio,,, 14.1 Helsinki\",\"isPartOf\":{\"@id\":\"https:\/\/compuviper.mx\/tienda\/#website\"},\"datePublished\":\"2026-04-09T05:08:12+00:00\",\"dateModified\":\"2026-04-09T05:08:12+00:00\",\"description\":\"Compra 440363 Maletin Portafolio,,, 14.1 Helsinki + Env\u00edo a domicilio + Pago seguro + Garant\u00eda\",\"breadcrumb\":{\"@id\":\"https:\/\/compuviper.mx\/tienda\/producto\/manhattan-440363-maletin-portafolio-14-1-helsinki\/#breadcrumb\"},\"inLanguage\":\"es-MX\",\"potentialAction\":[{\"@type\":\"ReadAction\",\"target\":[\"https:\/\/compuviper.mx\/tienda\/producto\/manhattan-440363-maletin-portafolio-14-1-helsinki\/\"]}]},{\"@type\":\"BreadcrumbList\",\"@id\":\"https:\/\/compuviper.mx\/tienda\/producto\/manhattan-440363-maletin-portafolio-14-1-helsinki\/#breadcrumb\",\"itemListElement\":[{\"@type\":\"ListItem\",\"position\":1,\"name\":\"Inicio\",\"item\":\"https:\/\/compuviper.mx\/tienda\/\"},{\"@type\":\"ListItem\",\"position\":2,\"name\":\"Productos\",\"item\":\"https:\/\/compuviper.mx\/tienda\/productos\/\"},{\"@type\":\"ListItem\",\"position\":3,\"name\":\"Maletines\",\"item\":\"https:\/\/compuviper.mx\/tienda\/categoria-producto\/maletines\/\"},{\"@type\":\"ListItem\",\"position\":4,\"name\":\"Maletin Clasico\",\"item\":\"https:\/\/compuviper.mx\/tienda\/categoria-producto\/maletines\/maletin-clasico\/\"},{\"@type\":\"ListItem\",\"position\":5,\"name\":\"Manhattan 440363 Maletin Portafolio,,, 14.1 Helsinki\"}]},{\"@type\":\"WebSite\",\"@id\":\"https:\/\/compuviper.mx\/tienda\/#website\",\"url\":\"https:\/\/compuviper.mx\/tienda\/\",\"name\":\"Compuviper\",\"description\":\"Proveedor de Computadoras, Laptops, Servidores, Monitores, Puntos de Venta, Teclados,   Impresoras, T\u00f3ner, C\u00e1maras de Seguridad y m\u00e1s en tu tienda en l\u00ednea\",\"publisher\":{\"@id\":\"https:\/\/compuviper.mx\/tienda\/#organization\"},\"potentialAction\":[{\"@type\":\"SearchAction\",\"target\":{\"@type\":\"EntryPoint\",\"urlTemplate\":\"https:\/\/compuviper.mx\/tienda\/?s={search_term_string}\"},\"query-input\":\"required name=search_term_string\"}],\"inLanguage\":\"es-MX\"},{\"@type\":\"Organization\",\"@id\":\"https:\/\/compuviper.mx\/tienda\/#organization\",\"name\":\"Compuviper\",\"url\":\"https:\/\/compuviper.mx\/tienda\/\",\"logo\":{\"@type\":\"ImageObject\",\"inLanguage\":\"es-MX\",\"@id\":\"https:\/\/compuviper.mx\/tienda\/#\/schema\/logo\/image\/\",\"url\":\"https:\/\/compuviper.mx\/tienda\/wp-content\/uploads\/2021\/08\/Logo-Compuviper-10.png\",\"contentUrl\":\"https:\/\/compuviper.mx\/tienda\/wp-content\/uploads\/2021\/08\/Logo-Compuviper-10.png\",\"width\":1000,\"height\":500,\"caption\":\"Compuviper\"},\"image\":{\"@id\":\"https:\/\/compuviper.mx\/tienda\/#\/schema\/logo\/image\/\"},\"sameAs\":[\"https:\/\/www.facebook.com\/compuviper\",\"https:\/\/www.youtube.com\/channel\/UCf73dERp9Y3cfOq7q8BhLjA?view_as=subscriber\"]}]}<\/script>\n<meta property=\"product:brand\" content=\"MANHATTAN\" \/>\n<meta property=\"product:price:amount\" content=\"391\" \/>\n<meta property=\"product:price:currency\" content=\"MXN\" \/>\n<meta property=\"og:availability\" content=\"instock\" \/>\n<meta property=\"product:availability\" content=\"instock\" \/>\n<meta property=\"product:retailer_item_id\" content=\"440363\" \/>\n<meta property=\"product:condition\" content=\"new\" \/>\n<!-- \/ Yoast SEO plugin. -->","yoast_head_json":{"title":"[ Manhattan ] &#129351; 440363 Maletin Portafolio,,, 14.1 Helsinki","description":"Compra 440363 Maletin Portafolio,,, 14.1 Helsinki + Env\u00edo a domicilio + Pago seguro + Garant\u00eda","robots":{"index":"index","follow":"follow","max-snippet":"max-snippet:-1","max-image-preview":"max-image-preview:large","max-video-preview":"max-video-preview:-1"},"canonical":"https:\/\/compuviper.mx\/tienda\/producto\/manhattan-440363-maletin-portafolio-14-1-helsinki\/","og_locale":"es_MX","og_type":"article","og_title":"[ Manhattan ] &#129351; 440363 Maletin Portafolio,,, 14.1 Helsinki","og_description":"Compra 440363 Maletin Portafolio,,, 14.1 Helsinki + Env\u00edo a domicilio + Pago seguro + Garant\u00eda","og_url":"https:\/\/compuviper.mx\/tienda\/producto\/manhattan-440363-maletin-portafolio-14-1-helsinki\/","og_site_name":"Compuviper","article_publisher":"https:\/\/www.facebook.com\/compuviper","og_image":[{"width":200,"height":200,"url":"https:\/\/compuviper.mx\/tienda\/wp-content\/uploads\/2023\/03\/Maletin-helsinki-manhattan-ecologico-para-laptop-de-14.1.jpg","type":"image\/jpeg"}],"twitter_card":"summary_large_image","twitter_misc":{"Precio":"&#36;391 con IVA","Availability":"In stock"},"schema":{"@context":"https:\/\/schema.org","@graph":[{"@type":"WebPage","@id":"https:\/\/compuviper.mx\/tienda\/producto\/manhattan-440363-maletin-portafolio-14-1-helsinki\/","url":"https:\/\/compuviper.mx\/tienda\/producto\/manhattan-440363-maletin-portafolio-14-1-helsinki\/","name":"[ Manhattan ] &#129351; 440363 Maletin Portafolio,,, 14.1 Helsinki","isPartOf":{"@id":"https:\/\/compuviper.mx\/tienda\/#website"},"datePublished":"2026-04-09T05:08:12+00:00","dateModified":"2026-04-09T05:08:12+00:00","description":"Compra 440363 Maletin Portafolio,,, 14.1 Helsinki + Env\u00edo a domicilio + Pago seguro + Garant\u00eda","breadcrumb":{"@id":"https:\/\/compuviper.mx\/tienda\/producto\/manhattan-440363-maletin-portafolio-14-1-helsinki\/#breadcrumb"},"inLanguage":"es-MX","potentialAction":[{"@type":"ReadAction","target":["https:\/\/compuviper.mx\/tienda\/producto\/manhattan-440363-maletin-portafolio-14-1-helsinki\/"]}]},{"@type":"BreadcrumbList","@id":"https:\/\/compuviper.mx\/tienda\/producto\/manhattan-440363-maletin-portafolio-14-1-helsinki\/#breadcrumb","itemListElement":[{"@type":"ListItem","position":1,"name":"Inicio","item":"https:\/\/compuviper.mx\/tienda\/"},{"@type":"ListItem","position":2,"name":"Productos","item":"https:\/\/compuviper.mx\/tienda\/productos\/"},{"@type":"ListItem","position":3,"name":"Maletines","item":"https:\/\/compuviper.mx\/tienda\/categoria-producto\/maletines\/"},{"@type":"ListItem","position":4,"name":"Maletin Clasico","item":"https:\/\/compuviper.mx\/tienda\/categoria-producto\/maletines\/maletin-clasico\/"},{"@type":"ListItem","position":5,"name":"Manhattan 440363 Maletin Portafolio,,, 14.1 Helsinki"}]},{"@type":"WebSite","@id":"https:\/\/compuviper.mx\/tienda\/#website","url":"https:\/\/compuviper.mx\/tienda\/","name":"Compuviper","description":"Proveedor de Computadoras, Laptops, Servidores, Monitores, Puntos de Venta, Teclados,   Impresoras, T\u00f3ner, C\u00e1maras de Seguridad y m\u00e1s en tu tienda en l\u00ednea","publisher":{"@id":"https:\/\/compuviper.mx\/tienda\/#organization"},"potentialAction":[{"@type":"SearchAction","target":{"@type":"EntryPoint","urlTemplate":"https:\/\/compuviper.mx\/tienda\/?s={search_term_string}"},"query-input":"required name=search_term_string"}],"inLanguage":"es-MX"},{"@type":"Organization","@id":"https:\/\/compuviper.mx\/tienda\/#organization","name":"Compuviper","url":"https:\/\/compuviper.mx\/tienda\/","logo":{"@type":"ImageObject","inLanguage":"es-MX","@id":"https:\/\/compuviper.mx\/tienda\/#\/schema\/logo\/image\/","url":"https:\/\/compuviper.mx\/tienda\/wp-content\/uploads\/2021\/08\/Logo-Compuviper-10.png","contentUrl":"https:\/\/compuviper.mx\/tienda\/wp-content\/uploads\/2021\/08\/Logo-Compuviper-10.png","width":1000,"height":500,"caption":"Compuviper"},"image":{"@id":"https:\/\/compuviper.mx\/tienda\/#\/schema\/logo\/image\/"},"sameAs":["https:\/\/www.facebook.com\/compuviper","https:\/\/www.youtube.com\/channel\/UCf73dERp9Y3cfOq7q8BhLjA?view_as=subscriber"]}]},"product_brand":"MANHATTAN","product_price_amount":"391","product_price_currency":"MXN","og_availability":"instock","product_availability":"instock","product_retailer_item_id":"440363","product_condition":"new"},"_links":{"self":[{"href":"https:\/\/compuviper.mx\/tienda\/wp-json\/wp\/v2\/product\/168000"}],"collection":[{"href":"https:\/\/compuviper.mx\/tienda\/wp-json\/wp\/v2\/product"}],"about":[{"href":"https:\/\/compuviper.mx\/tienda\/wp-json\/wp\/v2\/types\/product"}],"replies":[{"embeddable":true,"href":"https:\/\/compuviper.mx\/tienda\/wp-json\/wp\/v2\/comments?post=168000"}],"wp:featuredmedia":[{"embeddable":true,"href":"https:\/\/compuviper.mx\/tienda\/wp-json\/wp\/v2\/media\/168736"}],"wp:attachment":[{"href":"https:\/\/compuviper.mx\/tienda\/wp-json\/wp\/v2\/media?parent=168000"}],"wp:term":[{"taxonomy":"product_cat","embeddable":true,"href":"https:\/\/compuviper.mx\/tienda\/wp-json\/wp\/v2\/product_cat?post=168000"},{"taxonomy":"product_tag","embeddable":true,"href":"https:\/\/compuviper.mx\/tienda\/wp-json\/wp\/v2\/product_tag?post=168000"}],"curies":[{"name":"wp","href":"https:\/\/api.w.org\/{rel}","templated":true}]}}