{"id":167832,"date":"2026-04-01T23:09:35","date_gmt":"2026-04-02T05:09:35","guid":{"rendered":"https:\/\/compuviper.mx\/tienda\/producto\/manhattan-102513-cargador-para-laptop-usb-c-65-w\/"},"modified":"2026-04-01T23:09:35","modified_gmt":"2026-04-02T05:09:35","slug":"manhattan-102513-fuente-de-poder-univ-pd-65w-usb-c-3-25a-max","status":"publish","type":"product","link":"https:\/\/compuviper.mx\/tienda\/producto\/manhattan-102513-fuente-de-poder-univ-pd-65w-usb-c-3-25a-max\/","title":{"rendered":"Manhattan 102513 Fuente De Poder,,, Univ. Pd  65w Usb-c, 3.25a Max."},"content":{"rendered":"<table class=\"descripcion\">\n<tr>\n<td>Normas y certificaciones<\/td>\n<\/tr>\n<tr>\n<td>Ce<\/td>\n<\/tr>\n<tr>\n<td>Rohs<\/td>\n<\/tr>\n<tr>\n<td>Reach<\/td>\n<\/tr>\n<tr>\n<td>Fcc<\/td>\n<\/tr>\n<tr>\n<td>Etl<\/td>\n<\/tr>\n<tr>\n<td>Ukca<\/td>\n<\/tr>\n<tr>\n<td>El\u00e9ctrico<\/td>\n<\/tr>\n<tr>\n<td>Entrada de ca: 100.0 &#8211; 240.0 v; 1.8 a; 50 &#8211; 60 hz<\/td>\n<\/tr>\n<tr>\n<td>Ajustes de voltaje\/corriente (m\u00e1ximo):<\/td>\n<\/tr>\n<tr>\n<td>&#8211; salida usb-c pd 65.0 w:<\/td>\n<\/tr>\n<tr>\n<td>&#8211; 5.0 v \/ 3.0 a<\/td>\n<\/tr>\n<tr>\n<td>&#8211; 9.0 v \/ 3.0 a<\/td>\n<\/tr>\n<tr>\n<td>&#8211; 12.0 v \/ 3.0 a<\/td>\n<\/tr>\n<tr>\n<td>&#8211; 15.0 v \/ 3.0 a<\/td>\n<\/tr>\n<tr>\n<td>&#8211; 20.0 v \/ 3.25 a<\/td>\n<\/tr>\n<tr>\n<td>Compatibilidad<\/td>\n<\/tr>\n<tr>\n<td>Nota: compruebe la salida y el voltaje de su cargador actual para garantizar la compatibilidad con los requisitos el\u00e9ctricos mencionados anteriormente<\/td>\n<\/tr>\n<tr>\n<td>Los dispositivos compatibles son, entre otros, los siguientes:<\/td>\n<\/tr>\n<tr>\n<td>&#8211; asus\u00ae chromebook cx22na, cx22n, cx22, c203xa, c203x, c203, rog strix xg17ahpe, xg17ahp, cx22na-bcln4, zenbook flip s ux370ua, ux370u, ux370, zenbook 3 ux390, ux390u, ux390ua, ux390ua-xh74-bl, chromebook flip c101, c101p, c101pa, c101pa-db02, c213, c213n, c213na, c213s, c213sa, c213sa-ys02, c214, c214m, c214ma, c223, c223n, c223na, c223na-dh02, c423, c423n, c423na, c423na-wb04, c423na-bcln5, c424ta, c424t, c425, c425t, c425ta, c433, c433ta, c433t, c436fa, c436f, c436, c436fa-ds388t, c436fa-ds599t-w, c434, c434t, c434ta, c523, c523n, c523na, c523na-dh02, c302, c302c, c302ca, c302ca-dhm4, q325, q325u, q325ua, c204, c204m, c204ma, c204e, c204ee, c403, c403n, c403na, zenbook 3 ux390, ux390u, ux390ua, ux390ua-xh74-bl laptop\/ultrabook<\/td>\n<\/tr>\n<tr>\n<td>&#8211; dell\u00ae latitude 3400, 3410, 3500, 3510, 7310, 7275, 7486, 7320, 7370, 3310 2-in-1, 3390 2-in-1, 5175 2-in-1, 5285 2-in-1, 5289 2-in-1, 5290 2-in-1, 5300 2-in-1, 5320 2-in-1, 7200 2-in-1, 7210 2-in-1, 7285 2-in-1, 7390 2-in-1, vostro 5000 series, vostro 14 5410\/5590, chromebook 3100, 3400,5190 2-in-1, 3100 2-in-1, 5190 education, xps 13<\/td>\n<\/tr>\n<tr>\n<td>&#8211; lenovo\u00ae chromebook 100e, 300e, 500e, c330, s330, c630, thinkpad t480, t480s, t580, t580s, t490, t590, e480, e580, e585, e490, e590, yoga 920, s730, c930, 910-13ikb, 920-13ikb, c930-13ikb, adlx65ylc2a, adlx65ycc3a, adlx65ylc3a, adlx65ydc3d, adlx65ycc3d, adlx65ylc3d, adlx65yac3a, adlx65ycc2a, adlx65yac2a, adlx45ydc2a, adlx45udcu2a, adlx45ycc2a, adlx45ycc3d, adlx45ylc3d, adlx45ydc3d, miix 630-12, flex 11 chromebook, tablet 10, thinkpad x1 tablet (2nd gen)<\/td>\n<\/tr>\n<tr>\n<td>&#8211; samsung\u00ae chromebook plus xe513c24-k01us, xe521qab-k02us, chromebook plus v2 xe520qab-k01us, xe520qab-k02us, xe520qab-k03us, xe520qab-k04us, xe521qab-k03us 2-in-1, chromebook plus lte xe525qbb-k01u, chromebook pro xe510c24-k01us, xe510c25-k01us, chromebook 4: xe310xba, xe310xba-k01us, xe310xba-k02us, xe310xba-k03us, xe310xba-k012, xe310xba-kd1us, xe310xba-kc1us, chromebook 4+ xe350xba xe350xba-k01us, xe350xba-k02us xe350xba-k03us, xe350xba-k05us, notebook series 7 spin np730qaa, np740u5m, np740u5l, np740u3l, np740u3m, np750qua, np750qub, np730qaa-k01us, np740u3l-l02us, np740u3l-l03us, np740u3m-k01us, np740u5l-y02us, np740u5l-y03us, np740u5l-y04us, np740u5m-x01us, np740u5m-x02us, np750qua-k01us np750qub-k01us, np750qub-k02us, notebook series 9 np900x5j, np930qaa, np900x5j-k01us, np930qaa-k01us, np900x3n, np900x3t, np900x5n, np900x3n-k01us, np900x3n-k04us, np900x3t-k01us, np900x3t-k02us, np900x5n-l01us, notebook 9 pro np930mbe, np930mbe-k01us, np930mbe-k04us, np930mbe-k05us, np940x3m, np940x3n, np940x5m, np940x3m-k01us, np940x3n-k01us, np940x5m-x01us, samsung notebook 9 pen, np930qaa, np930qaa-k01us, np950sbe, np930sbe-k01us, np950sbe-x01us, np950sbe-k01us, samsung galaxy book2 12 w737, sm-w737azsbatt, sm-w737vzsbvzw, sm-w737pzsbspr, samsung galaxy book 12 w720n w727v, sm-w720nzkbxar, sm-w720nzkaxar, sm-w720ntkbxar, sm-w727vzkbvzw, samsung galaxy book 10.6 w620n, sm-w620nzkaxar, sm-w620nzkbxar, samsung galaxy tabpro s w700n, sm-w700nzdbxar, sm-w700nzkaxar, sm-w700nzwaxar, samsung galaxy book flex 2-in-1 np930qcg np930qcg-k01us<\/td>\n<\/tr>\n<tr>\n<td>&#8211; hp\u00ae x360 convertible 13 815049-001, 815033-850, spectre x360 2, spectre 12 series notebook pc, spectre 13 series notebook pc, spectre folio 13-ak0000, spectre 15 series notebook pc, spectre x2, pavilion x2, chromebook 14 full-hd touchscreen laptop 14-ca000 series<\/td>\n<\/tr>\n<tr>\n<td>&#8211; acer\u00ae travelmate b1, chromebook 15 cb515-1h series, chromebook 15 cb515-1htseries<\/td>\n<\/tr>\n<tr>\n<td>&#8211; misc. models from sony\u00ae, lg\u00ae y m\u00e1s.<\/td>\n<\/tr>\n<tr>\n<td>Caracter\u00edsticas de protecci\u00f3n<\/td>\n<\/tr>\n<tr>\n<td>Cortocircuito (scp) con modo de recuperaci\u00f3n autom\u00e1tica<\/td>\n<\/tr>\n<tr>\n<td>Sobretensi\u00f3n (ovp) con modo de recuperaci\u00f3n autom\u00e1tica<\/td>\n<\/tr>\n<tr>\n<td>Sobrecorriente (ocp) &#8211; l\u00edmite de corriente: 150% (m\u00e1x.)<\/td>\n<\/tr>\n<tr>\n<td>Sobretemperatura (otp)<\/td>\n<\/tr>\n<tr>\n<td>F\u00edsico<\/td>\n<\/tr>\n<tr>\n<td>Dimensiones (l x w x h): 108 x 46 x 28 mm (4.25 x 1.81 x 1.12 in.)<\/td>\n<\/tr>\n<tr>\n<td>Peso neto: 206 g (0.45 lbs.)<\/td>\n<\/tr>\n<tr>\n<td>Peso bruto: 360 g (0.79 lbs.)<\/td>\n<\/tr>\n<tr>\n<td>Carcasa: pl\u00e1stico<\/td>\n<\/tr>\n<tr>\n<td>Entorno de funcionamiento<\/td>\n<\/tr>\n<tr>\n<td>Temperatura de funcionamiento: 0 &#8211; 25\u00b0c (32 &#8211; 77\u00b0f)<\/td>\n<\/tr>\n<tr>\n<td>Temperatura de almacenamiento: -20 &#8211; 85\u00b0c (-4 &#8211; 185\u00b0f)<\/td>\n<\/tr>\n<tr>\n<td>Humedad (sin condensaci\u00f3n) 5 &#8211; 90%<\/td>\n<\/tr>\n<tr>\n<td>Contenido del paquete<\/td>\n<\/tr>\n<tr>\n<td>Cargador para laptop usb-c<\/td>\n<\/tr>\n<tr>\n<td>Cable de alimentaci\u00f3n de c5 a ca, 1.2 m (4 pies)<\/td>\n<\/tr>\n<tr>\n<td>Cable de carga usb-c integrado de 1.2 m (4 pies)<\/td>\n<\/tr>\n<tr>\n<td>Instrucciones<\/td>\n<\/tr>\n<\/table>\n","protected":false},"excerpt":{"rendered":"<p>Highlights. Cargador de bolsillo, ideal como segundo adaptador de corriente o como sustituto para tu laptop con alimentaci\u00f3n usb-c. Tecnolog\u00eda usb-c power delivery (pd 3.0) que ofrece hasta 65 w. Carga cualquier dispositivo con entrada tipo-c como tel\u00e9fonos, tabletas, consolas de videojuegos port\u00e1tiles y m\u00e1s. Cable de alimentaci\u00f3n desmontable de 1.2 m con enchufe de pared iec 60320 c5. Cable de carga usb-c power delivery de 1.2 m, integrado. Selecciona autom\u00e1ticamente entre cinco niveles de salida de voltaje (5, 9, 12, 15 y 20 v) para una amplia soluci\u00f3n de energ\u00eda m\u00f3vil. Compatible con la mayor\u00eda de laptops, chromebooks\u0099, macbooks\u00ae y ultrabooks\u0099 de acer\u00ae, apple\u00ae, asus\u00ae, dell\u00ae, hp\u00ae, lenovo\u00ae, sony\u00ae, samsung\u00ae y m\u00e1s. Protecci\u00f3n contra sobrecarga, sobrecorriente y sobrecalentamiento. Dise\u00f1o compacto, port\u00e1til y ligero para poder viajar f\u00e1cilmente. Incluye una cinta de sujeci\u00f3n de cables para evitar que se enreden y mantenerlos bien guardados. Cable de alimentaci\u00f3n desmontable que se puede intercambiar para diferentes regiones como c5 a ee.Uu., ue, reino unido y m\u00e1s, sin necesidad de un adaptador de viaje por separado. Compatible con thunderbolt\u0099 3 y 4. Tres a\u00f1os de garant\u00eda<\/p>\n","protected":false},"featured_media":168729,"comment_status":"open","ping_status":"open","template":"","meta":[],"product_cat":[1485,1528],"product_tag":[1487],"acf":[],"yoast_head":"<!-- This site is optimized with the Yoast SEO plugin v21.7 - https:\/\/yoast.com\/wordpress\/plugins\/seo\/ -->\n<title>[ Manhattan ] &#129351; 102513 Fuente De Poder,,, Univ. Pd 65w Usb-c, 3.25a Max.<\/title>\n<meta name=\"description\" content=\"Compra 102513 Fuente De Poder,,, Univ. Pd 65w Usb-c, 3.25a Max. + Env\u00edo a domicilio + Pago seguro + Garant\u00eda\" \/>\n<meta name=\"robots\" content=\"index, follow, max-snippet:-1, max-image-preview:large, max-video-preview:-1\" \/>\n<link rel=\"canonical\" href=\"https:\/\/compuviper.mx\/tienda\/producto\/manhattan-102513-fuente-de-poder-univ-pd-65w-usb-c-3-25a-max\/\" \/>\n<meta property=\"og:locale\" content=\"es_MX\" \/>\n<meta property=\"og:type\" content=\"article\" \/>\n<meta property=\"og:title\" content=\"[ Manhattan ] &#129351; 102513 Fuente De Poder,,, Univ. Pd 65w Usb-c, 3.25a Max.\" \/>\n<meta property=\"og:description\" content=\"Compra 102513 Fuente De Poder,,, Univ. Pd 65w Usb-c, 3.25a Max. + Env\u00edo a domicilio + Pago seguro + Garant\u00eda\" \/>\n<meta property=\"og:url\" content=\"https:\/\/compuviper.mx\/tienda\/producto\/manhattan-102513-fuente-de-poder-univ-pd-65w-usb-c-3-25a-max\/\" \/>\n<meta property=\"og:site_name\" content=\"Compuviper\" \/>\n<meta property=\"article:publisher\" content=\"https:\/\/www.facebook.com\/compuviper\" \/>\n<meta property=\"og:image\" content=\"https:\/\/compuviper.mx\/tienda\/wp-content\/uploads\/2023\/03\/Cargador-manhattan-para-laptop-usb-c-65-w.jpg\" \/>\n\t<meta property=\"og:image:width\" content=\"200\" \/>\n\t<meta property=\"og:image:height\" content=\"200\" \/>\n\t<meta property=\"og:image:type\" content=\"image\/jpeg\" \/>\n<meta name=\"twitter:card\" content=\"summary_large_image\" \/>\n<meta name=\"twitter:label1\" content=\"Precio\" \/>\n\t<meta name=\"twitter:data1\" content=\"&#36;504 con IVA\" \/>\n\t<meta name=\"twitter:label2\" content=\"Availability\" \/>\n\t<meta name=\"twitter:data2\" content=\"In stock\" \/>\n<script type=\"application\/ld+json\" class=\"yoast-schema-graph\">{\"@context\":\"https:\/\/schema.org\",\"@graph\":[{\"@type\":\"WebPage\",\"@id\":\"https:\/\/compuviper.mx\/tienda\/producto\/manhattan-102513-fuente-de-poder-univ-pd-65w-usb-c-3-25a-max\/\",\"url\":\"https:\/\/compuviper.mx\/tienda\/producto\/manhattan-102513-fuente-de-poder-univ-pd-65w-usb-c-3-25a-max\/\",\"name\":\"[ Manhattan ] &#129351; 102513 Fuente De Poder,,, Univ. Pd 65w Usb-c, 3.25a Max.\",\"isPartOf\":{\"@id\":\"https:\/\/compuviper.mx\/tienda\/#website\"},\"datePublished\":\"2026-04-02T05:09:35+00:00\",\"dateModified\":\"2026-04-02T05:09:35+00:00\",\"description\":\"Compra 102513 Fuente De Poder,,, Univ. Pd 65w Usb-c, 3.25a Max. + Env\u00edo a domicilio + Pago seguro + Garant\u00eda\",\"breadcrumb\":{\"@id\":\"https:\/\/compuviper.mx\/tienda\/producto\/manhattan-102513-fuente-de-poder-univ-pd-65w-usb-c-3-25a-max\/#breadcrumb\"},\"inLanguage\":\"es-MX\",\"potentialAction\":[{\"@type\":\"ReadAction\",\"target\":[\"https:\/\/compuviper.mx\/tienda\/producto\/manhattan-102513-fuente-de-poder-univ-pd-65w-usb-c-3-25a-max\/\"]}]},{\"@type\":\"BreadcrumbList\",\"@id\":\"https:\/\/compuviper.mx\/tienda\/producto\/manhattan-102513-fuente-de-poder-univ-pd-65w-usb-c-3-25a-max\/#breadcrumb\",\"itemListElement\":[{\"@type\":\"ListItem\",\"position\":1,\"name\":\"Inicio\",\"item\":\"https:\/\/compuviper.mx\/tienda\/\"},{\"@type\":\"ListItem\",\"position\":2,\"name\":\"Productos\",\"item\":\"https:\/\/compuviper.mx\/tienda\/productos\/\"},{\"@type\":\"ListItem\",\"position\":3,\"name\":\"Accesorios\",\"item\":\"https:\/\/compuviper.mx\/tienda\/categoria-producto\/accesorios\/\"},{\"@type\":\"ListItem\",\"position\":4,\"name\":\"Energia\",\"item\":\"https:\/\/compuviper.mx\/tienda\/categoria-producto\/accesorios\/energia-accesorios\/\"},{\"@type\":\"ListItem\",\"position\":5,\"name\":\"Manhattan 102513 Fuente De Poder,,, Univ. Pd 65w Usb-c, 3.25a Max.\"}]},{\"@type\":\"WebSite\",\"@id\":\"https:\/\/compuviper.mx\/tienda\/#website\",\"url\":\"https:\/\/compuviper.mx\/tienda\/\",\"name\":\"Compuviper\",\"description\":\"Proveedor de Computadoras, Laptops, Servidores, Monitores, Puntos de Venta, Teclados,   Impresoras, T\u00f3ner, C\u00e1maras de Seguridad y m\u00e1s en tu tienda en l\u00ednea\",\"publisher\":{\"@id\":\"https:\/\/compuviper.mx\/tienda\/#organization\"},\"potentialAction\":[{\"@type\":\"SearchAction\",\"target\":{\"@type\":\"EntryPoint\",\"urlTemplate\":\"https:\/\/compuviper.mx\/tienda\/?s={search_term_string}\"},\"query-input\":\"required name=search_term_string\"}],\"inLanguage\":\"es-MX\"},{\"@type\":\"Organization\",\"@id\":\"https:\/\/compuviper.mx\/tienda\/#organization\",\"name\":\"Compuviper\",\"url\":\"https:\/\/compuviper.mx\/tienda\/\",\"logo\":{\"@type\":\"ImageObject\",\"inLanguage\":\"es-MX\",\"@id\":\"https:\/\/compuviper.mx\/tienda\/#\/schema\/logo\/image\/\",\"url\":\"https:\/\/compuviper.mx\/tienda\/wp-content\/uploads\/2021\/08\/Logo-Compuviper-10.png\",\"contentUrl\":\"https:\/\/compuviper.mx\/tienda\/wp-content\/uploads\/2021\/08\/Logo-Compuviper-10.png\",\"width\":1000,\"height\":500,\"caption\":\"Compuviper\"},\"image\":{\"@id\":\"https:\/\/compuviper.mx\/tienda\/#\/schema\/logo\/image\/\"},\"sameAs\":[\"https:\/\/www.facebook.com\/compuviper\",\"https:\/\/www.youtube.com\/channel\/UCf73dERp9Y3cfOq7q8BhLjA?view_as=subscriber\"]}]}<\/script>\n<meta property=\"product:brand\" content=\"MANHATTAN\" \/>\n<meta property=\"product:price:amount\" content=\"504\" \/>\n<meta property=\"product:price:currency\" content=\"MXN\" \/>\n<meta property=\"og:availability\" content=\"instock\" \/>\n<meta property=\"product:availability\" content=\"instock\" \/>\n<meta property=\"product:retailer_item_id\" content=\"102513\" \/>\n<meta property=\"product:condition\" content=\"new\" \/>\n<!-- \/ Yoast SEO plugin. -->","yoast_head_json":{"title":"[ Manhattan ] &#129351; 102513 Fuente De Poder,,, Univ. Pd 65w Usb-c, 3.25a Max.","description":"Compra 102513 Fuente De Poder,,, Univ. Pd 65w Usb-c, 3.25a Max. + Env\u00edo a domicilio + Pago seguro + Garant\u00eda","robots":{"index":"index","follow":"follow","max-snippet":"max-snippet:-1","max-image-preview":"max-image-preview:large","max-video-preview":"max-video-preview:-1"},"canonical":"https:\/\/compuviper.mx\/tienda\/producto\/manhattan-102513-fuente-de-poder-univ-pd-65w-usb-c-3-25a-max\/","og_locale":"es_MX","og_type":"article","og_title":"[ Manhattan ] &#129351; 102513 Fuente De Poder,,, Univ. Pd 65w Usb-c, 3.25a Max.","og_description":"Compra 102513 Fuente De Poder,,, Univ. Pd 65w Usb-c, 3.25a Max. + Env\u00edo a domicilio + Pago seguro + Garant\u00eda","og_url":"https:\/\/compuviper.mx\/tienda\/producto\/manhattan-102513-fuente-de-poder-univ-pd-65w-usb-c-3-25a-max\/","og_site_name":"Compuviper","article_publisher":"https:\/\/www.facebook.com\/compuviper","og_image":[{"width":200,"height":200,"url":"https:\/\/compuviper.mx\/tienda\/wp-content\/uploads\/2023\/03\/Cargador-manhattan-para-laptop-usb-c-65-w.jpg","type":"image\/jpeg"}],"twitter_card":"summary_large_image","twitter_misc":{"Precio":"&#36;504 con IVA","Availability":"In stock"},"schema":{"@context":"https:\/\/schema.org","@graph":[{"@type":"WebPage","@id":"https:\/\/compuviper.mx\/tienda\/producto\/manhattan-102513-fuente-de-poder-univ-pd-65w-usb-c-3-25a-max\/","url":"https:\/\/compuviper.mx\/tienda\/producto\/manhattan-102513-fuente-de-poder-univ-pd-65w-usb-c-3-25a-max\/","name":"[ Manhattan ] &#129351; 102513 Fuente De Poder,,, Univ. Pd 65w Usb-c, 3.25a Max.","isPartOf":{"@id":"https:\/\/compuviper.mx\/tienda\/#website"},"datePublished":"2026-04-02T05:09:35+00:00","dateModified":"2026-04-02T05:09:35+00:00","description":"Compra 102513 Fuente De Poder,,, Univ. Pd 65w Usb-c, 3.25a Max. + Env\u00edo a domicilio + Pago seguro + Garant\u00eda","breadcrumb":{"@id":"https:\/\/compuviper.mx\/tienda\/producto\/manhattan-102513-fuente-de-poder-univ-pd-65w-usb-c-3-25a-max\/#breadcrumb"},"inLanguage":"es-MX","potentialAction":[{"@type":"ReadAction","target":["https:\/\/compuviper.mx\/tienda\/producto\/manhattan-102513-fuente-de-poder-univ-pd-65w-usb-c-3-25a-max\/"]}]},{"@type":"BreadcrumbList","@id":"https:\/\/compuviper.mx\/tienda\/producto\/manhattan-102513-fuente-de-poder-univ-pd-65w-usb-c-3-25a-max\/#breadcrumb","itemListElement":[{"@type":"ListItem","position":1,"name":"Inicio","item":"https:\/\/compuviper.mx\/tienda\/"},{"@type":"ListItem","position":2,"name":"Productos","item":"https:\/\/compuviper.mx\/tienda\/productos\/"},{"@type":"ListItem","position":3,"name":"Accesorios","item":"https:\/\/compuviper.mx\/tienda\/categoria-producto\/accesorios\/"},{"@type":"ListItem","position":4,"name":"Energia","item":"https:\/\/compuviper.mx\/tienda\/categoria-producto\/accesorios\/energia-accesorios\/"},{"@type":"ListItem","position":5,"name":"Manhattan 102513 Fuente De Poder,,, Univ. Pd 65w Usb-c, 3.25a Max."}]},{"@type":"WebSite","@id":"https:\/\/compuviper.mx\/tienda\/#website","url":"https:\/\/compuviper.mx\/tienda\/","name":"Compuviper","description":"Proveedor de Computadoras, Laptops, Servidores, Monitores, Puntos de Venta, Teclados,   Impresoras, T\u00f3ner, C\u00e1maras de Seguridad y m\u00e1s en tu tienda en l\u00ednea","publisher":{"@id":"https:\/\/compuviper.mx\/tienda\/#organization"},"potentialAction":[{"@type":"SearchAction","target":{"@type":"EntryPoint","urlTemplate":"https:\/\/compuviper.mx\/tienda\/?s={search_term_string}"},"query-input":"required name=search_term_string"}],"inLanguage":"es-MX"},{"@type":"Organization","@id":"https:\/\/compuviper.mx\/tienda\/#organization","name":"Compuviper","url":"https:\/\/compuviper.mx\/tienda\/","logo":{"@type":"ImageObject","inLanguage":"es-MX","@id":"https:\/\/compuviper.mx\/tienda\/#\/schema\/logo\/image\/","url":"https:\/\/compuviper.mx\/tienda\/wp-content\/uploads\/2021\/08\/Logo-Compuviper-10.png","contentUrl":"https:\/\/compuviper.mx\/tienda\/wp-content\/uploads\/2021\/08\/Logo-Compuviper-10.png","width":1000,"height":500,"caption":"Compuviper"},"image":{"@id":"https:\/\/compuviper.mx\/tienda\/#\/schema\/logo\/image\/"},"sameAs":["https:\/\/www.facebook.com\/compuviper","https:\/\/www.youtube.com\/channel\/UCf73dERp9Y3cfOq7q8BhLjA?view_as=subscriber"]}]},"product_brand":"MANHATTAN","product_price_amount":"504","product_price_currency":"MXN","og_availability":"instock","product_availability":"instock","product_retailer_item_id":"102513","product_condition":"new"},"_links":{"self":[{"href":"https:\/\/compuviper.mx\/tienda\/wp-json\/wp\/v2\/product\/167832"}],"collection":[{"href":"https:\/\/compuviper.mx\/tienda\/wp-json\/wp\/v2\/product"}],"about":[{"href":"https:\/\/compuviper.mx\/tienda\/wp-json\/wp\/v2\/types\/product"}],"replies":[{"embeddable":true,"href":"https:\/\/compuviper.mx\/tienda\/wp-json\/wp\/v2\/comments?post=167832"}],"wp:featuredmedia":[{"embeddable":true,"href":"https:\/\/compuviper.mx\/tienda\/wp-json\/wp\/v2\/media\/168729"}],"wp:attachment":[{"href":"https:\/\/compuviper.mx\/tienda\/wp-json\/wp\/v2\/media?parent=167832"}],"wp:term":[{"taxonomy":"product_cat","embeddable":true,"href":"https:\/\/compuviper.mx\/tienda\/wp-json\/wp\/v2\/product_cat?post=167832"},{"taxonomy":"product_tag","embeddable":true,"href":"https:\/\/compuviper.mx\/tienda\/wp-json\/wp\/v2\/product_tag?post=167832"}],"curies":[{"name":"wp","href":"https:\/\/api.w.org\/{rel}","templated":true}]}}