{"id":167831,"date":"2026-04-09T23:07:55","date_gmt":"2026-04-10T05:07:55","guid":{"rendered":"https:\/\/compuviper.mx\/tienda\/producto\/benq-5a-jjr26-11e-pointwrite-camera-module-pw31u-para-ust-prj-m2855ust-mh856ust\/"},"modified":"2026-04-09T23:07:55","modified_gmt":"2026-04-10T05:07:55","slug":"benq-5a-jjr26-11e-pointwrite-modulo-para-camara-pw31u-para-proyector-ust-m2855ust-mh856ust","status":"publish","type":"product","link":"https:\/\/compuviper.mx\/tienda\/producto\/benq-5a-jjr26-11e-pointwrite-modulo-para-camara-pw31u-para-proyector-ust-m2855ust-mh856ust\/","title":{"rendered":"Benq 5a.jjr26.11e Pointwrite  Modulo Para Camara Pw31u Para Proyector Ust M2855ust Mh856ust"},"content":{"rendered":"<table class=\"descripcion\">\n<tr>\n<td>Pointwrite kit pw31u<\/td>\n<\/tr>\n<tr>\n<td>Model name pw31u<\/td>\n<\/tr>\n<tr>\n<td>Compatible projector mw855ust mh865ust<\/td>\n<\/tr>\n<tr>\n<td>Technology infrared 940 nm<\/td>\n<\/tr>\n<tr>\n<td>Multi pen supported 10 points<\/td>\n<\/tr>\n<tr>\n<td>Response time max 0.16 sec<\/td>\n<\/tr>\n<tr>\n<td>Refresh rate 60 frames sec<\/td>\n<\/tr>\n<tr>\n<td>Calibration auto manual<\/td>\n<\/tr>\n<tr>\n<td>Connection to pc usb type a 2.0<\/td>\n<\/tr>\n<tr>\n<td>Power supply 5v 400 ma max supply from projetor<\/td>\n<\/tr>\n<tr>\n<td>Power consumption max 2 watt<\/td>\n<\/tr>\n<tr>\n<td>Usb cable distance max 15 m 5m usb cable repeater<\/td>\n<\/tr>\n<tr>\n<td>Dimension mm 118.3 l x 31.3 w x 23.6 h<\/td>\n<\/tr>\n<tr>\n<td>Weight 43.5 0.5 g<\/td>\n<\/tr>\n<tr>\n<td>Pointwrite pen g2<\/td>\n<\/tr>\n<tr>\n<td>Battery type aaa battery x 2<\/td>\n<\/tr>\n<tr>\n<td>Dimenssion 164mm l z 16mm d<\/td>\n<\/tr>\n<tr>\n<td>Weight 27 g battery excluded<\/td>\n<\/tr>\n<tr>\n<td>Packing pointwrite module 1 pointwrite pen g2 2 aaa battery 4 alternative pen nib 10 usb cable 5mm minb to a quick start guide 1<\/td>\n<\/tr>\n<tr>\n<td>Qsg 21 languages english french german italian spanish portuguese swedish russian dutch polish turkish czech finnish norwegian thai traditional chinese simplified chinese japanese kirean arabic romanian indonesian bulgarian greek croatian hungarian<\/td>\n<\/tr>\n<tr>\n<td>Software information<\/td>\n<\/tr>\n<tr>\n<td>Calibration software pointwrite<\/td>\n<\/tr>\n<tr>\n<td>Annotation software qwrite<\/td>\n<\/tr>\n<tr>\n<td>Operating system suported<\/td>\n<\/tr>\n<tr>\n<td>Windows win 8 10 11 32 64 bit<\/td>\n<\/tr>\n<tr>\n<td>Mac osx 10.12 or later<\/td>\n<\/tr>\n<tr>\n<td>Linux ubunto request by case<\/td>\n<\/tr>\n<tr>\n<td>Languages supported 21<\/td>\n<\/tr>\n<tr>\n<td>Pointwrite 26 arabic bulgarian czech german englisj european spanish european french greek croatian hungarian indonesian italian japanese korean dutch polish eurioean portuguese romanian russian simplified chinese swedish traditional chinese thai turkish finnish norwegian<\/td>\n<\/tr>\n<tr>\n<td>Qwrite 26 arabic bulgarian czech german english european spanish european french greek croatian hungarian indonesian italian japanese korean dutch polish european portuguese romanian russian simplified chinese swedish traditional chinese thai finnish norwegian<\/td>\n<\/tr>\n<tr>\n<td>Min system requirements cpu pentium ram 512mb hard disk 20mb usb usb 2.0<\/td>\n<\/tr>\n<tr>\n<td>Certification ce fcc ic rcm vcci<\/td>\n<\/tr>\n<\/table>\n","protected":false},"excerpt":{"rendered":"<p>La funcion de pantalla dual de benq permite a los profesores crear experiencias de aprendizaje inmersivas conectando sin problemas dos pantallas. Ademas puede usar el lapiz infrarojo pointwrite o emparejar el sistema con pointwrite touch para equipar un salon de clases totalmente escalable y con vision de futuro. Las capacidades multitactiles compatibles con windows 8 o superior y aplicaciones futuras estan habilitadas por qwrite que admite capacidades multitactiles de hasta 10 puntos para animar a los estudiantes a colaborar y crear ideas juntos usando una pantalla grande. Los estudiantes ahora pueden ver videos y tomar notas simultaneamente usando una tecnologia facil e intuitiva.<\/p>\n","protected":false},"featured_media":168728,"comment_status":"open","ping_status":"open","template":"","meta":[],"product_cat":[1485,1877],"product_tag":[1744],"acf":[],"yoast_head":"<!-- This site is optimized with the Yoast SEO plugin v21.7 - https:\/\/yoast.com\/wordpress\/plugins\/seo\/ -->\n<title>[ Benq ] &#129351; 5a.jjr26.11e Pointwrite Modulo Para Camara Pw31u Para Proyector Ust M2855ust Mh856ust<\/title>\n<meta name=\"description\" content=\"Compra 5a.jjr26.11e Pointwrite Modulo Para Camara Pw31u Para Proyector Ust M2855ust Mh856ust + Env\u00edo a domicilio + Pago seguro + Garant\u00eda\" \/>\n<meta name=\"robots\" content=\"index, follow, max-snippet:-1, max-image-preview:large, max-video-preview:-1\" \/>\n<link rel=\"canonical\" href=\"https:\/\/compuviper.mx\/tienda\/producto\/benq-5a-jjr26-11e-pointwrite-modulo-para-camara-pw31u-para-proyector-ust-m2855ust-mh856ust\/\" \/>\n<meta property=\"og:locale\" content=\"es_MX\" \/>\n<meta property=\"og:type\" content=\"article\" \/>\n<meta property=\"og:title\" content=\"[ Benq ] &#129351; 5a.jjr26.11e Pointwrite Modulo Para Camara Pw31u Para Proyector Ust M2855ust Mh856ust\" \/>\n<meta property=\"og:description\" content=\"Compra 5a.jjr26.11e Pointwrite Modulo Para Camara Pw31u Para Proyector Ust M2855ust Mh856ust + Env\u00edo a domicilio + Pago seguro + Garant\u00eda\" \/>\n<meta property=\"og:url\" content=\"https:\/\/compuviper.mx\/tienda\/producto\/benq-5a-jjr26-11e-pointwrite-modulo-para-camara-pw31u-para-proyector-ust-m2855ust-mh856ust\/\" \/>\n<meta property=\"og:site_name\" content=\"Compuviper\" \/>\n<meta property=\"article:publisher\" content=\"https:\/\/www.facebook.com\/compuviper\" \/>\n<meta property=\"og:image\" content=\"https:\/\/compuviper.mx\/tienda\/wp-content\/uploads\/2023\/03\/Pointwrite-benq-modulo-para-camara-pw31u-para-proyector-ust-m2855ust-mh856ust.jpg\" \/>\n\t<meta property=\"og:image:width\" content=\"200\" \/>\n\t<meta property=\"og:image:height\" content=\"200\" \/>\n\t<meta property=\"og:image:type\" content=\"image\/jpeg\" \/>\n<meta name=\"twitter:card\" content=\"summary_large_image\" \/>\n<meta name=\"twitter:label1\" content=\"Precio\" \/>\n\t<meta name=\"twitter:data1\" content=\"&#36;9,707 con IVA\" \/>\n\t<meta name=\"twitter:label2\" content=\"Availability\" \/>\n\t<meta name=\"twitter:data2\" content=\"On backorder\" \/>\n<script type=\"application\/ld+json\" class=\"yoast-schema-graph\">{\"@context\":\"https:\/\/schema.org\",\"@graph\":[{\"@type\":\"WebPage\",\"@id\":\"https:\/\/compuviper.mx\/tienda\/producto\/benq-5a-jjr26-11e-pointwrite-modulo-para-camara-pw31u-para-proyector-ust-m2855ust-mh856ust\/\",\"url\":\"https:\/\/compuviper.mx\/tienda\/producto\/benq-5a-jjr26-11e-pointwrite-modulo-para-camara-pw31u-para-proyector-ust-m2855ust-mh856ust\/\",\"name\":\"[ Benq ] &#129351; 5a.jjr26.11e Pointwrite Modulo Para Camara Pw31u Para Proyector Ust M2855ust Mh856ust\",\"isPartOf\":{\"@id\":\"https:\/\/compuviper.mx\/tienda\/#website\"},\"datePublished\":\"2026-04-10T05:07:55+00:00\",\"dateModified\":\"2026-04-10T05:07:55+00:00\",\"description\":\"Compra 5a.jjr26.11e Pointwrite Modulo Para Camara Pw31u Para Proyector Ust M2855ust Mh856ust + Env\u00edo a domicilio + Pago seguro + Garant\u00eda\",\"breadcrumb\":{\"@id\":\"https:\/\/compuviper.mx\/tienda\/producto\/benq-5a-jjr26-11e-pointwrite-modulo-para-camara-pw31u-para-proyector-ust-m2855ust-mh856ust\/#breadcrumb\"},\"inLanguage\":\"es-MX\",\"potentialAction\":[{\"@type\":\"ReadAction\",\"target\":[\"https:\/\/compuviper.mx\/tienda\/producto\/benq-5a-jjr26-11e-pointwrite-modulo-para-camara-pw31u-para-proyector-ust-m2855ust-mh856ust\/\"]}]},{\"@type\":\"BreadcrumbList\",\"@id\":\"https:\/\/compuviper.mx\/tienda\/producto\/benq-5a-jjr26-11e-pointwrite-modulo-para-camara-pw31u-para-proyector-ust-m2855ust-mh856ust\/#breadcrumb\",\"itemListElement\":[{\"@type\":\"ListItem\",\"position\":1,\"name\":\"Inicio\",\"item\":\"https:\/\/compuviper.mx\/tienda\/\"},{\"@type\":\"ListItem\",\"position\":2,\"name\":\"Productos\",\"item\":\"https:\/\/compuviper.mx\/tienda\/productos\/\"},{\"@type\":\"ListItem\",\"position\":3,\"name\":\"Accesorios\",\"item\":\"https:\/\/compuviper.mx\/tienda\/categoria-producto\/accesorios\/\"},{\"@type\":\"ListItem\",\"position\":4,\"name\":\"Pluma Interactiva\",\"item\":\"https:\/\/compuviper.mx\/tienda\/categoria-producto\/accesorios\/pluma-interactiva\/\"},{\"@type\":\"ListItem\",\"position\":5,\"name\":\"Benq 5a.jjr26.11e Pointwrite Modulo Para Camara Pw31u Para Proyector Ust M2855ust Mh856ust\"}]},{\"@type\":\"WebSite\",\"@id\":\"https:\/\/compuviper.mx\/tienda\/#website\",\"url\":\"https:\/\/compuviper.mx\/tienda\/\",\"name\":\"Compuviper\",\"description\":\"Proveedor de Computadoras, Laptops, Servidores, Monitores, Puntos de Venta, Teclados,   Impresoras, T\u00f3ner, C\u00e1maras de Seguridad y m\u00e1s en tu tienda en l\u00ednea\",\"publisher\":{\"@id\":\"https:\/\/compuviper.mx\/tienda\/#organization\"},\"potentialAction\":[{\"@type\":\"SearchAction\",\"target\":{\"@type\":\"EntryPoint\",\"urlTemplate\":\"https:\/\/compuviper.mx\/tienda\/?s={search_term_string}\"},\"query-input\":\"required name=search_term_string\"}],\"inLanguage\":\"es-MX\"},{\"@type\":\"Organization\",\"@id\":\"https:\/\/compuviper.mx\/tienda\/#organization\",\"name\":\"Compuviper\",\"url\":\"https:\/\/compuviper.mx\/tienda\/\",\"logo\":{\"@type\":\"ImageObject\",\"inLanguage\":\"es-MX\",\"@id\":\"https:\/\/compuviper.mx\/tienda\/#\/schema\/logo\/image\/\",\"url\":\"https:\/\/compuviper.mx\/tienda\/wp-content\/uploads\/2021\/08\/Logo-Compuviper-10.png\",\"contentUrl\":\"https:\/\/compuviper.mx\/tienda\/wp-content\/uploads\/2021\/08\/Logo-Compuviper-10.png\",\"width\":1000,\"height\":500,\"caption\":\"Compuviper\"},\"image\":{\"@id\":\"https:\/\/compuviper.mx\/tienda\/#\/schema\/logo\/image\/\"},\"sameAs\":[\"https:\/\/www.facebook.com\/compuviper\",\"https:\/\/www.youtube.com\/channel\/UCf73dERp9Y3cfOq7q8BhLjA?view_as=subscriber\"]}]}<\/script>\n<meta property=\"product:brand\" content=\"BENQ\" \/>\n<meta property=\"product:price:amount\" content=\"9707\" \/>\n<meta property=\"product:price:currency\" content=\"MXN\" \/>\n<meta property=\"og:availability\" content=\"backorder\" \/>\n<meta property=\"product:availability\" content=\"available for order\" \/>\n<meta property=\"product:retailer_item_id\" content=\"5A.JJR26.11E\" \/>\n<meta property=\"product:condition\" content=\"new\" \/>\n<!-- \/ Yoast SEO plugin. -->","yoast_head_json":{"title":"[ Benq ] &#129351; 5a.jjr26.11e Pointwrite Modulo Para Camara Pw31u Para Proyector Ust M2855ust Mh856ust","description":"Compra 5a.jjr26.11e Pointwrite Modulo Para Camara Pw31u Para Proyector Ust M2855ust Mh856ust + Env\u00edo a domicilio + Pago seguro + Garant\u00eda","robots":{"index":"index","follow":"follow","max-snippet":"max-snippet:-1","max-image-preview":"max-image-preview:large","max-video-preview":"max-video-preview:-1"},"canonical":"https:\/\/compuviper.mx\/tienda\/producto\/benq-5a-jjr26-11e-pointwrite-modulo-para-camara-pw31u-para-proyector-ust-m2855ust-mh856ust\/","og_locale":"es_MX","og_type":"article","og_title":"[ Benq ] &#129351; 5a.jjr26.11e Pointwrite Modulo Para Camara Pw31u Para Proyector Ust M2855ust Mh856ust","og_description":"Compra 5a.jjr26.11e Pointwrite Modulo Para Camara Pw31u Para Proyector Ust M2855ust Mh856ust + Env\u00edo a domicilio + Pago seguro + Garant\u00eda","og_url":"https:\/\/compuviper.mx\/tienda\/producto\/benq-5a-jjr26-11e-pointwrite-modulo-para-camara-pw31u-para-proyector-ust-m2855ust-mh856ust\/","og_site_name":"Compuviper","article_publisher":"https:\/\/www.facebook.com\/compuviper","og_image":[{"width":200,"height":200,"url":"https:\/\/compuviper.mx\/tienda\/wp-content\/uploads\/2023\/03\/Pointwrite-benq-modulo-para-camara-pw31u-para-proyector-ust-m2855ust-mh856ust.jpg","type":"image\/jpeg"}],"twitter_card":"summary_large_image","twitter_misc":{"Precio":"&#36;9,707 con IVA","Availability":"On backorder"},"schema":{"@context":"https:\/\/schema.org","@graph":[{"@type":"WebPage","@id":"https:\/\/compuviper.mx\/tienda\/producto\/benq-5a-jjr26-11e-pointwrite-modulo-para-camara-pw31u-para-proyector-ust-m2855ust-mh856ust\/","url":"https:\/\/compuviper.mx\/tienda\/producto\/benq-5a-jjr26-11e-pointwrite-modulo-para-camara-pw31u-para-proyector-ust-m2855ust-mh856ust\/","name":"[ Benq ] &#129351; 5a.jjr26.11e Pointwrite Modulo Para Camara Pw31u Para Proyector Ust M2855ust Mh856ust","isPartOf":{"@id":"https:\/\/compuviper.mx\/tienda\/#website"},"datePublished":"2026-04-10T05:07:55+00:00","dateModified":"2026-04-10T05:07:55+00:00","description":"Compra 5a.jjr26.11e Pointwrite Modulo Para Camara Pw31u Para Proyector Ust M2855ust Mh856ust + Env\u00edo a domicilio + Pago seguro + Garant\u00eda","breadcrumb":{"@id":"https:\/\/compuviper.mx\/tienda\/producto\/benq-5a-jjr26-11e-pointwrite-modulo-para-camara-pw31u-para-proyector-ust-m2855ust-mh856ust\/#breadcrumb"},"inLanguage":"es-MX","potentialAction":[{"@type":"ReadAction","target":["https:\/\/compuviper.mx\/tienda\/producto\/benq-5a-jjr26-11e-pointwrite-modulo-para-camara-pw31u-para-proyector-ust-m2855ust-mh856ust\/"]}]},{"@type":"BreadcrumbList","@id":"https:\/\/compuviper.mx\/tienda\/producto\/benq-5a-jjr26-11e-pointwrite-modulo-para-camara-pw31u-para-proyector-ust-m2855ust-mh856ust\/#breadcrumb","itemListElement":[{"@type":"ListItem","position":1,"name":"Inicio","item":"https:\/\/compuviper.mx\/tienda\/"},{"@type":"ListItem","position":2,"name":"Productos","item":"https:\/\/compuviper.mx\/tienda\/productos\/"},{"@type":"ListItem","position":3,"name":"Accesorios","item":"https:\/\/compuviper.mx\/tienda\/categoria-producto\/accesorios\/"},{"@type":"ListItem","position":4,"name":"Pluma Interactiva","item":"https:\/\/compuviper.mx\/tienda\/categoria-producto\/accesorios\/pluma-interactiva\/"},{"@type":"ListItem","position":5,"name":"Benq 5a.jjr26.11e Pointwrite Modulo Para Camara Pw31u Para Proyector Ust M2855ust Mh856ust"}]},{"@type":"WebSite","@id":"https:\/\/compuviper.mx\/tienda\/#website","url":"https:\/\/compuviper.mx\/tienda\/","name":"Compuviper","description":"Proveedor de Computadoras, Laptops, Servidores, Monitores, Puntos de Venta, Teclados,   Impresoras, T\u00f3ner, C\u00e1maras de Seguridad y m\u00e1s en tu tienda en l\u00ednea","publisher":{"@id":"https:\/\/compuviper.mx\/tienda\/#organization"},"potentialAction":[{"@type":"SearchAction","target":{"@type":"EntryPoint","urlTemplate":"https:\/\/compuviper.mx\/tienda\/?s={search_term_string}"},"query-input":"required name=search_term_string"}],"inLanguage":"es-MX"},{"@type":"Organization","@id":"https:\/\/compuviper.mx\/tienda\/#organization","name":"Compuviper","url":"https:\/\/compuviper.mx\/tienda\/","logo":{"@type":"ImageObject","inLanguage":"es-MX","@id":"https:\/\/compuviper.mx\/tienda\/#\/schema\/logo\/image\/","url":"https:\/\/compuviper.mx\/tienda\/wp-content\/uploads\/2021\/08\/Logo-Compuviper-10.png","contentUrl":"https:\/\/compuviper.mx\/tienda\/wp-content\/uploads\/2021\/08\/Logo-Compuviper-10.png","width":1000,"height":500,"caption":"Compuviper"},"image":{"@id":"https:\/\/compuviper.mx\/tienda\/#\/schema\/logo\/image\/"},"sameAs":["https:\/\/www.facebook.com\/compuviper","https:\/\/www.youtube.com\/channel\/UCf73dERp9Y3cfOq7q8BhLjA?view_as=subscriber"]}]},"product_brand":"BENQ","product_price_amount":"9707","product_price_currency":"MXN","og_availability":"backorder","product_availability":"available for order","product_retailer_item_id":"5A.JJR26.11E","product_condition":"new"},"_links":{"self":[{"href":"https:\/\/compuviper.mx\/tienda\/wp-json\/wp\/v2\/product\/167831"}],"collection":[{"href":"https:\/\/compuviper.mx\/tienda\/wp-json\/wp\/v2\/product"}],"about":[{"href":"https:\/\/compuviper.mx\/tienda\/wp-json\/wp\/v2\/types\/product"}],"replies":[{"embeddable":true,"href":"https:\/\/compuviper.mx\/tienda\/wp-json\/wp\/v2\/comments?post=167831"}],"wp:featuredmedia":[{"embeddable":true,"href":"https:\/\/compuviper.mx\/tienda\/wp-json\/wp\/v2\/media\/168728"}],"wp:attachment":[{"href":"https:\/\/compuviper.mx\/tienda\/wp-json\/wp\/v2\/media?parent=167831"}],"wp:term":[{"taxonomy":"product_cat","embeddable":true,"href":"https:\/\/compuviper.mx\/tienda\/wp-json\/wp\/v2\/product_cat?post=167831"},{"taxonomy":"product_tag","embeddable":true,"href":"https:\/\/compuviper.mx\/tienda\/wp-json\/wp\/v2\/product_tag?post=167831"}],"curies":[{"name":"wp","href":"https:\/\/api.w.org\/{rel}","templated":true}]}}