{"id":167088,"date":"2026-04-27T23:08:44","date_gmt":"2026-04-28T05:08:44","guid":{"rendered":"https:\/\/compuviper.mx\/tienda\/producto\/dahua-saxmifare01-paquete-de-10-tarjetas-mifare-13-56-mhz-saxxon-pvc-imprimible-sin-folio\/"},"modified":"2026-04-27T23:08:44","modified_gmt":"2026-04-28T05:08:44","slug":"dahua-saxmifare01-paquete-de-10-tarjetas-mifare-13-56-mhz-saxxon-pvc-imprimible-sin-folio","status":"publish","type":"product","link":"https:\/\/compuviper.mx\/tienda\/producto\/dahua-saxmifare01-paquete-de-10-tarjetas-mifare-13-56-mhz-saxxon-pvc-imprimible-sin-folio\/","title":{"rendered":"Dahua Saxmifare01 Paquete De 10 Tarjetas Mifare 13.56 Mhz \/saxxon \/ Pvc \/ Imprimible \/ Sin Folio"},"content":{"rendered":"<table class=\"descripcion\">\n<tr>\n<td>Paquete con 10 tarjetas mifare<\/td>\n<\/tr>\n<tr>\n<td>Frecuencia: 13.56 mhz<\/td>\n<\/tr>\n<tr>\n<td>Cuenta con folio impreso<\/td>\n<\/tr>\n<tr>\n<td>Material: pvc<\/td>\n<\/tr>\n<tr>\n<td>Medidas: 54 x 85 mm<\/td>\n<\/tr>\n<tr>\n<td>Grosor: 0.88mm (imprimible)<\/td>\n<\/tr>\n<tr>\n<td>Rf interfase: iso 14443a<\/td>\n<\/tr>\n<tr>\n<td>Memoria: 1 kb<\/td>\n<\/tr>\n<\/table>\n","protected":false},"excerpt":{"rendered":"<p>Las tarjetas de tecnolog\u00eda mifare son tarjetas de memoria protegidas. Destinadas para soluciones para almacenamiento de datos como: chapas hoteleras, monederos electr\u00f3nicos simples, tarjetas de transporte urbano o para ticketing. De igual manera pueden ser utilizadas para controles de acceso, visitantes, control de elevadores entre otras. Existen dos versiones de tarjetas mifare con diferentes capacidades para la escritura de datos. Mifare 1k: dispone de 768 bytes para almacenamiento de datos divididos en 16 sectores de 4 bloques cada uno.<\/p>\n","protected":false},"featured_media":168725,"comment_status":"open","ping_status":"open","template":"","meta":[],"product_cat":[1543,1540],"product_tag":[1555],"acf":[],"yoast_head":"<!-- This site is optimized with the Yoast SEO plugin v21.7 - https:\/\/yoast.com\/wordpress\/plugins\/seo\/ -->\n<title>[ Dahua ] &#129351; Saxmifare01 Paquete De 10 Tarjetas Mifare 13.56 Mhz \/saxxon \/ Pvc \/ Imprimible \/ Sin Folio<\/title>\n<meta name=\"description\" content=\"Compra Saxmifare01 Paquete De 10 Tarjetas Mifare 13.56 Mhz \/saxxon \/ Pvc \/ Imprimible \/ Sin Folio + Env\u00edo a domicilio + Pago seguro + Garant\u00eda\" \/>\n<meta name=\"robots\" content=\"index, follow, max-snippet:-1, max-image-preview:large, max-video-preview:-1\" \/>\n<link rel=\"canonical\" href=\"https:\/\/compuviper.mx\/tienda\/producto\/dahua-saxmifare01-paquete-de-10-tarjetas-mifare-13-56-mhz-saxxon-pvc-imprimible-sin-folio\/\" \/>\n<meta property=\"og:locale\" content=\"es_MX\" \/>\n<meta property=\"og:type\" content=\"article\" \/>\n<meta property=\"og:title\" content=\"[ Dahua ] &#129351; Saxmifare01 Paquete De 10 Tarjetas Mifare 13.56 Mhz \/saxxon \/ Pvc \/ Imprimible \/ Sin Folio\" \/>\n<meta property=\"og:description\" content=\"Compra Saxmifare01 Paquete De 10 Tarjetas Mifare 13.56 Mhz \/saxxon \/ Pvc \/ Imprimible \/ Sin Folio + Env\u00edo a domicilio + Pago seguro + Garant\u00eda\" \/>\n<meta property=\"og:url\" content=\"https:\/\/compuviper.mx\/tienda\/producto\/dahua-saxmifare01-paquete-de-10-tarjetas-mifare-13-56-mhz-saxxon-pvc-imprimible-sin-folio\/\" \/>\n<meta property=\"og:site_name\" content=\"Compuviper\" \/>\n<meta property=\"article:publisher\" content=\"https:\/\/www.facebook.com\/compuviper\" \/>\n<meta property=\"og:image\" content=\"https:\/\/compuviper.mx\/tienda\/wp-content\/uploads\/2023\/03\/Paquete-de-10-tarjetas-mifare-13.56-mhz-saxxon-pvc-imprimible-sin-folio.jpg\" \/>\n\t<meta property=\"og:image:width\" content=\"200\" \/>\n\t<meta property=\"og:image:height\" content=\"200\" \/>\n\t<meta property=\"og:image:type\" content=\"image\/jpeg\" \/>\n<meta name=\"twitter:card\" content=\"summary_large_image\" \/>\n<meta name=\"twitter:label1\" content=\"Precio\" \/>\n\t<meta name=\"twitter:data1\" content=\"&#36;113 con IVA\" \/>\n\t<meta name=\"twitter:label2\" content=\"Availability\" \/>\n\t<meta name=\"twitter:data2\" content=\"Out of stock\" \/>\n<script type=\"application\/ld+json\" class=\"yoast-schema-graph\">{\"@context\":\"https:\/\/schema.org\",\"@graph\":[{\"@type\":\"WebPage\",\"@id\":\"https:\/\/compuviper.mx\/tienda\/producto\/dahua-saxmifare01-paquete-de-10-tarjetas-mifare-13-56-mhz-saxxon-pvc-imprimible-sin-folio\/\",\"url\":\"https:\/\/compuviper.mx\/tienda\/producto\/dahua-saxmifare01-paquete-de-10-tarjetas-mifare-13-56-mhz-saxxon-pvc-imprimible-sin-folio\/\",\"name\":\"[ Dahua ] &#129351; Saxmifare01 Paquete De 10 Tarjetas Mifare 13.56 Mhz \/saxxon \/ Pvc \/ Imprimible \/ Sin Folio\",\"isPartOf\":{\"@id\":\"https:\/\/compuviper.mx\/tienda\/#website\"},\"datePublished\":\"2026-04-28T05:08:44+00:00\",\"dateModified\":\"2026-04-28T05:08:44+00:00\",\"description\":\"Compra Saxmifare01 Paquete De 10 Tarjetas Mifare 13.56 Mhz \/saxxon \/ Pvc \/ Imprimible \/ Sin Folio + Env\u00edo a domicilio + Pago seguro + Garant\u00eda\",\"breadcrumb\":{\"@id\":\"https:\/\/compuviper.mx\/tienda\/producto\/dahua-saxmifare01-paquete-de-10-tarjetas-mifare-13-56-mhz-saxxon-pvc-imprimible-sin-folio\/#breadcrumb\"},\"inLanguage\":\"es-MX\",\"potentialAction\":[{\"@type\":\"ReadAction\",\"target\":[\"https:\/\/compuviper.mx\/tienda\/producto\/dahua-saxmifare01-paquete-de-10-tarjetas-mifare-13-56-mhz-saxxon-pvc-imprimible-sin-folio\/\"]}]},{\"@type\":\"BreadcrumbList\",\"@id\":\"https:\/\/compuviper.mx\/tienda\/producto\/dahua-saxmifare01-paquete-de-10-tarjetas-mifare-13-56-mhz-saxxon-pvc-imprimible-sin-folio\/#breadcrumb\",\"itemListElement\":[{\"@type\":\"ListItem\",\"position\":1,\"name\":\"Inicio\",\"item\":\"https:\/\/compuviper.mx\/tienda\/\"},{\"@type\":\"ListItem\",\"position\":2,\"name\":\"Productos\",\"item\":\"https:\/\/compuviper.mx\/tienda\/productos\/\"},{\"@type\":\"ListItem\",\"position\":3,\"name\":\"Control De Acceso Y Asistencia\",\"item\":\"https:\/\/compuviper.mx\/tienda\/categoria-producto\/control-de-acceso-y-asistencia\/\"},{\"@type\":\"ListItem\",\"position\":4,\"name\":\"Accesorios De Control De Acceso Y Asistencia\",\"item\":\"https:\/\/compuviper.mx\/tienda\/categoria-producto\/control-de-acceso-y-asistencia\/accesorios-de-control-de-acceso-y-asistencia\/\"},{\"@type\":\"ListItem\",\"position\":5,\"name\":\"Dahua Saxmifare01 Paquete De 10 Tarjetas Mifare 13.56 Mhz \/saxxon \/ Pvc \/ Imprimible \/ Sin Folio\"}]},{\"@type\":\"WebSite\",\"@id\":\"https:\/\/compuviper.mx\/tienda\/#website\",\"url\":\"https:\/\/compuviper.mx\/tienda\/\",\"name\":\"Compuviper\",\"description\":\"Proveedor de Computadoras, Laptops, Servidores, Monitores, Puntos de Venta, Teclados,   Impresoras, T\u00f3ner, C\u00e1maras de Seguridad y m\u00e1s en tu tienda en l\u00ednea\",\"publisher\":{\"@id\":\"https:\/\/compuviper.mx\/tienda\/#organization\"},\"potentialAction\":[{\"@type\":\"SearchAction\",\"target\":{\"@type\":\"EntryPoint\",\"urlTemplate\":\"https:\/\/compuviper.mx\/tienda\/?s={search_term_string}\"},\"query-input\":\"required name=search_term_string\"}],\"inLanguage\":\"es-MX\"},{\"@type\":\"Organization\",\"@id\":\"https:\/\/compuviper.mx\/tienda\/#organization\",\"name\":\"Compuviper\",\"url\":\"https:\/\/compuviper.mx\/tienda\/\",\"logo\":{\"@type\":\"ImageObject\",\"inLanguage\":\"es-MX\",\"@id\":\"https:\/\/compuviper.mx\/tienda\/#\/schema\/logo\/image\/\",\"url\":\"https:\/\/compuviper.mx\/tienda\/wp-content\/uploads\/2021\/08\/Logo-Compuviper-10.png\",\"contentUrl\":\"https:\/\/compuviper.mx\/tienda\/wp-content\/uploads\/2021\/08\/Logo-Compuviper-10.png\",\"width\":1000,\"height\":500,\"caption\":\"Compuviper\"},\"image\":{\"@id\":\"https:\/\/compuviper.mx\/tienda\/#\/schema\/logo\/image\/\"},\"sameAs\":[\"https:\/\/www.facebook.com\/compuviper\",\"https:\/\/www.youtube.com\/channel\/UCf73dERp9Y3cfOq7q8BhLjA?view_as=subscriber\"]}]}<\/script>\n<meta property=\"product:brand\" content=\"DAHUA\" \/>\n<meta property=\"product:price:amount\" content=\"113\" \/>\n<meta property=\"product:price:currency\" content=\"MXN\" \/>\n<meta property=\"og:availability\" content=\"out of stock\" \/>\n<meta property=\"product:availability\" content=\"out of stock\" \/>\n<meta property=\"product:retailer_item_id\" content=\"SAXMIFARE01\" \/>\n<meta property=\"product:condition\" content=\"new\" \/>\n<!-- \/ Yoast SEO plugin. -->","yoast_head_json":{"title":"[ Dahua ] &#129351; Saxmifare01 Paquete De 10 Tarjetas Mifare 13.56 Mhz \/saxxon \/ Pvc \/ Imprimible \/ Sin Folio","description":"Compra Saxmifare01 Paquete De 10 Tarjetas Mifare 13.56 Mhz \/saxxon \/ Pvc \/ Imprimible \/ Sin Folio + Env\u00edo a domicilio + Pago seguro + Garant\u00eda","robots":{"index":"index","follow":"follow","max-snippet":"max-snippet:-1","max-image-preview":"max-image-preview:large","max-video-preview":"max-video-preview:-1"},"canonical":"https:\/\/compuviper.mx\/tienda\/producto\/dahua-saxmifare01-paquete-de-10-tarjetas-mifare-13-56-mhz-saxxon-pvc-imprimible-sin-folio\/","og_locale":"es_MX","og_type":"article","og_title":"[ Dahua ] &#129351; Saxmifare01 Paquete De 10 Tarjetas Mifare 13.56 Mhz \/saxxon \/ Pvc \/ Imprimible \/ Sin Folio","og_description":"Compra Saxmifare01 Paquete De 10 Tarjetas Mifare 13.56 Mhz \/saxxon \/ Pvc \/ Imprimible \/ Sin Folio + Env\u00edo a domicilio + Pago seguro + Garant\u00eda","og_url":"https:\/\/compuviper.mx\/tienda\/producto\/dahua-saxmifare01-paquete-de-10-tarjetas-mifare-13-56-mhz-saxxon-pvc-imprimible-sin-folio\/","og_site_name":"Compuviper","article_publisher":"https:\/\/www.facebook.com\/compuviper","og_image":[{"width":200,"height":200,"url":"https:\/\/compuviper.mx\/tienda\/wp-content\/uploads\/2023\/03\/Paquete-de-10-tarjetas-mifare-13.56-mhz-saxxon-pvc-imprimible-sin-folio.jpg","type":"image\/jpeg"}],"twitter_card":"summary_large_image","twitter_misc":{"Precio":"&#36;113 con IVA","Availability":"Out of stock"},"schema":{"@context":"https:\/\/schema.org","@graph":[{"@type":"WebPage","@id":"https:\/\/compuviper.mx\/tienda\/producto\/dahua-saxmifare01-paquete-de-10-tarjetas-mifare-13-56-mhz-saxxon-pvc-imprimible-sin-folio\/","url":"https:\/\/compuviper.mx\/tienda\/producto\/dahua-saxmifare01-paquete-de-10-tarjetas-mifare-13-56-mhz-saxxon-pvc-imprimible-sin-folio\/","name":"[ Dahua ] &#129351; Saxmifare01 Paquete De 10 Tarjetas Mifare 13.56 Mhz \/saxxon \/ Pvc \/ Imprimible \/ Sin Folio","isPartOf":{"@id":"https:\/\/compuviper.mx\/tienda\/#website"},"datePublished":"2026-04-28T05:08:44+00:00","dateModified":"2026-04-28T05:08:44+00:00","description":"Compra Saxmifare01 Paquete De 10 Tarjetas Mifare 13.56 Mhz \/saxxon \/ Pvc \/ Imprimible \/ Sin Folio + Env\u00edo a domicilio + Pago seguro + Garant\u00eda","breadcrumb":{"@id":"https:\/\/compuviper.mx\/tienda\/producto\/dahua-saxmifare01-paquete-de-10-tarjetas-mifare-13-56-mhz-saxxon-pvc-imprimible-sin-folio\/#breadcrumb"},"inLanguage":"es-MX","potentialAction":[{"@type":"ReadAction","target":["https:\/\/compuviper.mx\/tienda\/producto\/dahua-saxmifare01-paquete-de-10-tarjetas-mifare-13-56-mhz-saxxon-pvc-imprimible-sin-folio\/"]}]},{"@type":"BreadcrumbList","@id":"https:\/\/compuviper.mx\/tienda\/producto\/dahua-saxmifare01-paquete-de-10-tarjetas-mifare-13-56-mhz-saxxon-pvc-imprimible-sin-folio\/#breadcrumb","itemListElement":[{"@type":"ListItem","position":1,"name":"Inicio","item":"https:\/\/compuviper.mx\/tienda\/"},{"@type":"ListItem","position":2,"name":"Productos","item":"https:\/\/compuviper.mx\/tienda\/productos\/"},{"@type":"ListItem","position":3,"name":"Control De Acceso Y Asistencia","item":"https:\/\/compuviper.mx\/tienda\/categoria-producto\/control-de-acceso-y-asistencia\/"},{"@type":"ListItem","position":4,"name":"Accesorios De Control De Acceso Y Asistencia","item":"https:\/\/compuviper.mx\/tienda\/categoria-producto\/control-de-acceso-y-asistencia\/accesorios-de-control-de-acceso-y-asistencia\/"},{"@type":"ListItem","position":5,"name":"Dahua Saxmifare01 Paquete De 10 Tarjetas Mifare 13.56 Mhz \/saxxon \/ Pvc \/ Imprimible \/ Sin Folio"}]},{"@type":"WebSite","@id":"https:\/\/compuviper.mx\/tienda\/#website","url":"https:\/\/compuviper.mx\/tienda\/","name":"Compuviper","description":"Proveedor de Computadoras, Laptops, Servidores, Monitores, Puntos de Venta, Teclados,   Impresoras, T\u00f3ner, C\u00e1maras de Seguridad y m\u00e1s en tu tienda en l\u00ednea","publisher":{"@id":"https:\/\/compuviper.mx\/tienda\/#organization"},"potentialAction":[{"@type":"SearchAction","target":{"@type":"EntryPoint","urlTemplate":"https:\/\/compuviper.mx\/tienda\/?s={search_term_string}"},"query-input":"required name=search_term_string"}],"inLanguage":"es-MX"},{"@type":"Organization","@id":"https:\/\/compuviper.mx\/tienda\/#organization","name":"Compuviper","url":"https:\/\/compuviper.mx\/tienda\/","logo":{"@type":"ImageObject","inLanguage":"es-MX","@id":"https:\/\/compuviper.mx\/tienda\/#\/schema\/logo\/image\/","url":"https:\/\/compuviper.mx\/tienda\/wp-content\/uploads\/2021\/08\/Logo-Compuviper-10.png","contentUrl":"https:\/\/compuviper.mx\/tienda\/wp-content\/uploads\/2021\/08\/Logo-Compuviper-10.png","width":1000,"height":500,"caption":"Compuviper"},"image":{"@id":"https:\/\/compuviper.mx\/tienda\/#\/schema\/logo\/image\/"},"sameAs":["https:\/\/www.facebook.com\/compuviper","https:\/\/www.youtube.com\/channel\/UCf73dERp9Y3cfOq7q8BhLjA?view_as=subscriber"]}]},"product_brand":"DAHUA","product_price_amount":"113","product_price_currency":"MXN","og_availability":"out of stock","product_availability":"out of stock","product_retailer_item_id":"SAXMIFARE01","product_condition":"new"},"_links":{"self":[{"href":"https:\/\/compuviper.mx\/tienda\/wp-json\/wp\/v2\/product\/167088"}],"collection":[{"href":"https:\/\/compuviper.mx\/tienda\/wp-json\/wp\/v2\/product"}],"about":[{"href":"https:\/\/compuviper.mx\/tienda\/wp-json\/wp\/v2\/types\/product"}],"replies":[{"embeddable":true,"href":"https:\/\/compuviper.mx\/tienda\/wp-json\/wp\/v2\/comments?post=167088"}],"wp:featuredmedia":[{"embeddable":true,"href":"https:\/\/compuviper.mx\/tienda\/wp-json\/wp\/v2\/media\/168725"}],"wp:attachment":[{"href":"https:\/\/compuviper.mx\/tienda\/wp-json\/wp\/v2\/media?parent=167088"}],"wp:term":[{"taxonomy":"product_cat","embeddable":true,"href":"https:\/\/compuviper.mx\/tienda\/wp-json\/wp\/v2\/product_cat?post=167088"},{"taxonomy":"product_tag","embeddable":true,"href":"https:\/\/compuviper.mx\/tienda\/wp-json\/wp\/v2\/product_tag?post=167088"}],"curies":[{"name":"wp","href":"https:\/\/api.w.org\/{rel}","templated":true}]}}