{"id":167085,"date":"2026-04-01T23:08:39","date_gmt":"2026-04-02T05:08:39","guid":{"rendered":"https:\/\/compuviper.mx\/tienda\/producto\/startech-com-sv431hdu3a2-switch-conmutador-kvm-de-4-puertos-hdmi-1080p-con-usb-3-0-mod\/"},"modified":"2026-04-01T23:08:39","modified_gmt":"2026-04-02T05:08:39","slug":"startech-com-sv431hdu3a2sub431hdu3a2-switch-conmutador-kvm-de-4-puertos-hdmi-1080p-con-usb-3-0-mod-sv431hdu3a2","status":"publish","type":"product","link":"https:\/\/compuviper.mx\/tienda\/producto\/startech-com-sv431hdu3a2sub431hdu3a2-switch-conmutador-kvm-de-4-puertos-hdmi-1080p-con-usb-3-0-mod-sv431hdu3a2\/","title":{"rendered":"Startech.com Sv431hdu3a2,sub431hdu3a2 Switch Conmutador Kvm De 4 Puertos Hdmi 1080p Con Usb 3.0 &#8211;  Mod. Sv431hdu3a2"},"content":{"rendered":"<table class=\"descripcion\">\n<tr>\n<td>Control ip kvm: no<\/td>\n<\/tr>\n<tr>\n<td>Hot-key selection: si<\/td>\n<\/tr>\n<tr>\n<td>Mtbf: 142000 horas h<\/td>\n<\/tr>\n<tr>\n<td>Resolucion digital maxima: 1920 x 1080 @ 60 hz<\/td>\n<\/tr>\n<tr>\n<td>Consumo de energia: 18 watts<\/td>\n<\/tr>\n<tr>\n<td>Conectores del host: 4 hdmi<\/td>\n<\/tr>\n<tr>\n<td>Longitud del producto: 220 mm<\/td>\n<\/tr>\n<tr>\n<td>Soporte de audio: si<\/td>\n<\/tr>\n<tr>\n<td>Peso del producto: 1065 g<\/td>\n<\/tr>\n<tr>\n<td>Interfazces de consola: 4 usb type-a usb 2.0<\/td>\n<\/tr>\n<tr>\n<td>Conectores del host: 1 usb 3.2 tipo b 9 pines, gen 1, 5gbps<\/td>\n<\/tr>\n<tr>\n<td>Longitud maxima del cable: 15,24m<\/td>\n<\/tr>\n<tr>\n<td>Especificaciones de audio:<\/td>\n<\/tr>\n<tr>\n<td>Interfazces de consola: 1 hdmi 19 pines<\/td>\n<\/tr>\n<tr>\n<td> led: 4 led de seleccion de puerto\/enlace<\/td>\n<\/tr>\n<tr>\n<td>Tension de entrada: 100 &#8211; 240 ac<\/td>\n<\/tr>\n<tr>\n<td>Otras interfazces: 3 usb type-a 9 pines usb 3.0 5 gbps<\/td>\n<\/tr>\n<tr>\n<td>Montaje en rack: opcional<\/td>\n<\/tr>\n<tr>\n<td> led: 1 led de alimentacion<\/td>\n<\/tr>\n<tr>\n<td>Altura del producto: 43 mm<\/td>\n<\/tr>\n<tr>\n<td>Interfazces de consola: 1 enchufe mini-jack de 3,5mm 3 posiciones<\/td>\n<\/tr>\n<tr>\n<td>Color: negro<\/td>\n<\/tr>\n<tr>\n<td>Tension de salida: 12v dc v<\/td>\n<\/tr>\n<tr>\n<td>Alimentacion de salida: 1.5 a a<\/td>\n<\/tr>\n<tr>\n<td>Tipo de enchufe: m<\/td>\n<\/tr>\n<tr>\n<td>Cantidad de puertos kvm: 4<\/td>\n<\/tr>\n<tr>\n<td>Corriente de entrada: 0.6 a a<\/td>\n<\/tr>\n<tr>\n<td>Ancho del producto: 130 mm<\/td>\n<\/tr>\n<\/table>\n","protected":false},"excerpt":{"rendered":"<p>Este switch conmutador kvm usb 3.0 hdmi\u00ae con 4 puertos le permite controlar cuatro computadoras equipadas con hdmi, mediante un solo monitor, teclado y mouse. El concentrador kvm tambien incluye audio con entrada de 3.5mm y un concentrador integrado de 3 puertos usb 3.0.Este conmutador kvm incluye un concentrador integrado con 3 puertos usb 3.0, el cual funciona por separado de su teclado y mouse hid human interface device, dispositivo de interfaz humana, a fin de poder compartir dispositivos perifericos usb entre cada computadora conectado y evitar los gastos adicionales que implican adquirir otro equipo. El concentrador usb 3.0 cambia automaticamente sus dispositivos usb conectados a la computadora seleccionada, lo cual le evita las molestias de desconectar y reconectar sus perifericos.<\/p>\n","protected":false},"featured_media":167086,"comment_status":"open","ping_status":"open","template":"","meta":[],"product_cat":[1485,1506],"product_tag":[1590],"acf":[],"yoast_head":"<!-- This site is optimized with the Yoast SEO plugin v21.7 - https:\/\/yoast.com\/wordpress\/plugins\/seo\/ -->\n<title>[ Startech.com ] &#129351; Sv431hdu3a2,sub431hdu3a2 Switch Conmutador Kvm De 4 Puertos Hdmi 1080p Con Usb 3.0 - Mod. Sv431hdu3a2<\/title>\n<meta name=\"description\" content=\"Compra Sv431hdu3a2,sub431hdu3a2 Switch Conmutador Kvm De 4 Puertos Hdmi 1080p Con Usb 3.0 - Mod. Sv431hdu3a2 + Env\u00edo a domicilio + Pago seguro + Garant\u00eda\" \/>\n<meta name=\"robots\" content=\"index, follow, max-snippet:-1, max-image-preview:large, max-video-preview:-1\" \/>\n<link rel=\"canonical\" href=\"https:\/\/compuviper.mx\/tienda\/producto\/startech-com-sv431hdu3a2sub431hdu3a2-switch-conmutador-kvm-de-4-puertos-hdmi-1080p-con-usb-3-0-mod-sv431hdu3a2\/\" \/>\n<meta property=\"og:locale\" content=\"es_MX\" \/>\n<meta property=\"og:type\" content=\"article\" \/>\n<meta property=\"og:title\" content=\"[ Startech.com ] &#129351; Sv431hdu3a2,sub431hdu3a2 Switch Conmutador Kvm De 4 Puertos Hdmi 1080p Con Usb 3.0 - Mod. Sv431hdu3a2\" \/>\n<meta property=\"og:description\" content=\"Compra Sv431hdu3a2,sub431hdu3a2 Switch Conmutador Kvm De 4 Puertos Hdmi 1080p Con Usb 3.0 - Mod. Sv431hdu3a2 + Env\u00edo a domicilio + Pago seguro + Garant\u00eda\" \/>\n<meta property=\"og:url\" content=\"https:\/\/compuviper.mx\/tienda\/producto\/startech-com-sv431hdu3a2sub431hdu3a2-switch-conmutador-kvm-de-4-puertos-hdmi-1080p-con-usb-3-0-mod-sv431hdu3a2\/\" \/>\n<meta property=\"og:site_name\" content=\"Compuviper\" \/>\n<meta property=\"article:publisher\" content=\"https:\/\/www.facebook.com\/compuviper\" \/>\n<meta property=\"og:image\" content=\"https:\/\/compuviper.mx\/tienda\/wp-content\/uploads\/2023\/03\/Switch-conmutador-kvm-de-4-puertos-hdmi-1080p-con-usb-3.0-startech.com-mod.-sv431hdu3a2.jpg\" \/>\n\t<meta property=\"og:image:width\" content=\"200\" \/>\n\t<meta property=\"og:image:height\" content=\"200\" \/>\n\t<meta property=\"og:image:type\" content=\"image\/jpeg\" \/>\n<meta name=\"twitter:card\" content=\"summary_large_image\" \/>\n<meta name=\"twitter:label1\" content=\"Precio\" \/>\n\t<meta name=\"twitter:data1\" content=\"&#36;8,398 con IVA\" \/>\n\t<meta name=\"twitter:label2\" content=\"Availability\" \/>\n\t<meta name=\"twitter:data2\" content=\"Out of stock\" \/>\n<script type=\"application\/ld+json\" class=\"yoast-schema-graph\">{\"@context\":\"https:\/\/schema.org\",\"@graph\":[{\"@type\":\"WebPage\",\"@id\":\"https:\/\/compuviper.mx\/tienda\/producto\/startech-com-sv431hdu3a2sub431hdu3a2-switch-conmutador-kvm-de-4-puertos-hdmi-1080p-con-usb-3-0-mod-sv431hdu3a2\/\",\"url\":\"https:\/\/compuviper.mx\/tienda\/producto\/startech-com-sv431hdu3a2sub431hdu3a2-switch-conmutador-kvm-de-4-puertos-hdmi-1080p-con-usb-3-0-mod-sv431hdu3a2\/\",\"name\":\"[ Startech.com ] &#129351; Sv431hdu3a2,sub431hdu3a2 Switch Conmutador Kvm De 4 Puertos Hdmi 1080p Con Usb 3.0 - Mod. Sv431hdu3a2\",\"isPartOf\":{\"@id\":\"https:\/\/compuviper.mx\/tienda\/#website\"},\"datePublished\":\"2026-04-02T05:08:39+00:00\",\"dateModified\":\"2026-04-02T05:08:39+00:00\",\"description\":\"Compra Sv431hdu3a2,sub431hdu3a2 Switch Conmutador Kvm De 4 Puertos Hdmi 1080p Con Usb 3.0 - Mod. Sv431hdu3a2 + Env\u00edo a domicilio + Pago seguro + Garant\u00eda\",\"breadcrumb\":{\"@id\":\"https:\/\/compuviper.mx\/tienda\/producto\/startech-com-sv431hdu3a2sub431hdu3a2-switch-conmutador-kvm-de-4-puertos-hdmi-1080p-con-usb-3-0-mod-sv431hdu3a2\/#breadcrumb\"},\"inLanguage\":\"es-MX\",\"potentialAction\":[{\"@type\":\"ReadAction\",\"target\":[\"https:\/\/compuviper.mx\/tienda\/producto\/startech-com-sv431hdu3a2sub431hdu3a2-switch-conmutador-kvm-de-4-puertos-hdmi-1080p-con-usb-3-0-mod-sv431hdu3a2\/\"]}]},{\"@type\":\"BreadcrumbList\",\"@id\":\"https:\/\/compuviper.mx\/tienda\/producto\/startech-com-sv431hdu3a2sub431hdu3a2-switch-conmutador-kvm-de-4-puertos-hdmi-1080p-con-usb-3-0-mod-sv431hdu3a2\/#breadcrumb\",\"itemListElement\":[{\"@type\":\"ListItem\",\"position\":1,\"name\":\"Inicio\",\"item\":\"https:\/\/compuviper.mx\/tienda\/\"},{\"@type\":\"ListItem\",\"position\":2,\"name\":\"Productos\",\"item\":\"https:\/\/compuviper.mx\/tienda\/productos\/\"},{\"@type\":\"ListItem\",\"position\":3,\"name\":\"Accesorios\",\"item\":\"https:\/\/compuviper.mx\/tienda\/categoria-producto\/accesorios\/\"},{\"@type\":\"ListItem\",\"position\":4,\"name\":\"Conectividad\",\"item\":\"https:\/\/compuviper.mx\/tienda\/categoria-producto\/accesorios\/conectividad\/\"},{\"@type\":\"ListItem\",\"position\":5,\"name\":\"Startech.com Sv431hdu3a2,sub431hdu3a2 Switch Conmutador Kvm De 4 Puertos Hdmi 1080p Con Usb 3.0 &#8211; Mod. Sv431hdu3a2\"}]},{\"@type\":\"WebSite\",\"@id\":\"https:\/\/compuviper.mx\/tienda\/#website\",\"url\":\"https:\/\/compuviper.mx\/tienda\/\",\"name\":\"Compuviper\",\"description\":\"Proveedor de Computadoras, Laptops, Servidores, Monitores, Puntos de Venta, Teclados,   Impresoras, T\u00f3ner, C\u00e1maras de Seguridad y m\u00e1s en tu tienda en l\u00ednea\",\"publisher\":{\"@id\":\"https:\/\/compuviper.mx\/tienda\/#organization\"},\"potentialAction\":[{\"@type\":\"SearchAction\",\"target\":{\"@type\":\"EntryPoint\",\"urlTemplate\":\"https:\/\/compuviper.mx\/tienda\/?s={search_term_string}\"},\"query-input\":\"required name=search_term_string\"}],\"inLanguage\":\"es-MX\"},{\"@type\":\"Organization\",\"@id\":\"https:\/\/compuviper.mx\/tienda\/#organization\",\"name\":\"Compuviper\",\"url\":\"https:\/\/compuviper.mx\/tienda\/\",\"logo\":{\"@type\":\"ImageObject\",\"inLanguage\":\"es-MX\",\"@id\":\"https:\/\/compuviper.mx\/tienda\/#\/schema\/logo\/image\/\",\"url\":\"https:\/\/compuviper.mx\/tienda\/wp-content\/uploads\/2021\/08\/Logo-Compuviper-10.png\",\"contentUrl\":\"https:\/\/compuviper.mx\/tienda\/wp-content\/uploads\/2021\/08\/Logo-Compuviper-10.png\",\"width\":1000,\"height\":500,\"caption\":\"Compuviper\"},\"image\":{\"@id\":\"https:\/\/compuviper.mx\/tienda\/#\/schema\/logo\/image\/\"},\"sameAs\":[\"https:\/\/www.facebook.com\/compuviper\",\"https:\/\/www.youtube.com\/channel\/UCf73dERp9Y3cfOq7q8BhLjA?view_as=subscriber\"]}]}<\/script>\n<meta property=\"product:brand\" content=\"STARTECH.COM\" \/>\n<meta property=\"product:price:amount\" content=\"8398\" \/>\n<meta property=\"product:price:currency\" content=\"MXN\" \/>\n<meta property=\"og:availability\" content=\"out of stock\" \/>\n<meta property=\"product:availability\" content=\"out of stock\" \/>\n<meta property=\"product:retailer_item_id\" content=\"SV431HDU3A2,SUB431HDU3A2\" \/>\n<meta property=\"product:condition\" content=\"new\" \/>\n<!-- \/ Yoast SEO plugin. -->","yoast_head_json":{"title":"[ Startech.com ] &#129351; Sv431hdu3a2,sub431hdu3a2 Switch Conmutador Kvm De 4 Puertos Hdmi 1080p Con Usb 3.0 - Mod. Sv431hdu3a2","description":"Compra Sv431hdu3a2,sub431hdu3a2 Switch Conmutador Kvm De 4 Puertos Hdmi 1080p Con Usb 3.0 - Mod. Sv431hdu3a2 + Env\u00edo a domicilio + Pago seguro + Garant\u00eda","robots":{"index":"index","follow":"follow","max-snippet":"max-snippet:-1","max-image-preview":"max-image-preview:large","max-video-preview":"max-video-preview:-1"},"canonical":"https:\/\/compuviper.mx\/tienda\/producto\/startech-com-sv431hdu3a2sub431hdu3a2-switch-conmutador-kvm-de-4-puertos-hdmi-1080p-con-usb-3-0-mod-sv431hdu3a2\/","og_locale":"es_MX","og_type":"article","og_title":"[ Startech.com ] &#129351; Sv431hdu3a2,sub431hdu3a2 Switch Conmutador Kvm De 4 Puertos Hdmi 1080p Con Usb 3.0 - Mod. Sv431hdu3a2","og_description":"Compra Sv431hdu3a2,sub431hdu3a2 Switch Conmutador Kvm De 4 Puertos Hdmi 1080p Con Usb 3.0 - Mod. Sv431hdu3a2 + Env\u00edo a domicilio + Pago seguro + Garant\u00eda","og_url":"https:\/\/compuviper.mx\/tienda\/producto\/startech-com-sv431hdu3a2sub431hdu3a2-switch-conmutador-kvm-de-4-puertos-hdmi-1080p-con-usb-3-0-mod-sv431hdu3a2\/","og_site_name":"Compuviper","article_publisher":"https:\/\/www.facebook.com\/compuviper","og_image":[{"width":200,"height":200,"url":"https:\/\/compuviper.mx\/tienda\/wp-content\/uploads\/2023\/03\/Switch-conmutador-kvm-de-4-puertos-hdmi-1080p-con-usb-3.0-startech.com-mod.-sv431hdu3a2.jpg","type":"image\/jpeg"}],"twitter_card":"summary_large_image","twitter_misc":{"Precio":"&#36;8,398 con IVA","Availability":"Out of stock"},"schema":{"@context":"https:\/\/schema.org","@graph":[{"@type":"WebPage","@id":"https:\/\/compuviper.mx\/tienda\/producto\/startech-com-sv431hdu3a2sub431hdu3a2-switch-conmutador-kvm-de-4-puertos-hdmi-1080p-con-usb-3-0-mod-sv431hdu3a2\/","url":"https:\/\/compuviper.mx\/tienda\/producto\/startech-com-sv431hdu3a2sub431hdu3a2-switch-conmutador-kvm-de-4-puertos-hdmi-1080p-con-usb-3-0-mod-sv431hdu3a2\/","name":"[ Startech.com ] &#129351; Sv431hdu3a2,sub431hdu3a2 Switch Conmutador Kvm De 4 Puertos Hdmi 1080p Con Usb 3.0 - Mod. Sv431hdu3a2","isPartOf":{"@id":"https:\/\/compuviper.mx\/tienda\/#website"},"datePublished":"2026-04-02T05:08:39+00:00","dateModified":"2026-04-02T05:08:39+00:00","description":"Compra Sv431hdu3a2,sub431hdu3a2 Switch Conmutador Kvm De 4 Puertos Hdmi 1080p Con Usb 3.0 - Mod. Sv431hdu3a2 + Env\u00edo a domicilio + Pago seguro + Garant\u00eda","breadcrumb":{"@id":"https:\/\/compuviper.mx\/tienda\/producto\/startech-com-sv431hdu3a2sub431hdu3a2-switch-conmutador-kvm-de-4-puertos-hdmi-1080p-con-usb-3-0-mod-sv431hdu3a2\/#breadcrumb"},"inLanguage":"es-MX","potentialAction":[{"@type":"ReadAction","target":["https:\/\/compuviper.mx\/tienda\/producto\/startech-com-sv431hdu3a2sub431hdu3a2-switch-conmutador-kvm-de-4-puertos-hdmi-1080p-con-usb-3-0-mod-sv431hdu3a2\/"]}]},{"@type":"BreadcrumbList","@id":"https:\/\/compuviper.mx\/tienda\/producto\/startech-com-sv431hdu3a2sub431hdu3a2-switch-conmutador-kvm-de-4-puertos-hdmi-1080p-con-usb-3-0-mod-sv431hdu3a2\/#breadcrumb","itemListElement":[{"@type":"ListItem","position":1,"name":"Inicio","item":"https:\/\/compuviper.mx\/tienda\/"},{"@type":"ListItem","position":2,"name":"Productos","item":"https:\/\/compuviper.mx\/tienda\/productos\/"},{"@type":"ListItem","position":3,"name":"Accesorios","item":"https:\/\/compuviper.mx\/tienda\/categoria-producto\/accesorios\/"},{"@type":"ListItem","position":4,"name":"Conectividad","item":"https:\/\/compuviper.mx\/tienda\/categoria-producto\/accesorios\/conectividad\/"},{"@type":"ListItem","position":5,"name":"Startech.com Sv431hdu3a2,sub431hdu3a2 Switch Conmutador Kvm De 4 Puertos Hdmi 1080p Con Usb 3.0 &#8211; Mod. Sv431hdu3a2"}]},{"@type":"WebSite","@id":"https:\/\/compuviper.mx\/tienda\/#website","url":"https:\/\/compuviper.mx\/tienda\/","name":"Compuviper","description":"Proveedor de Computadoras, Laptops, Servidores, Monitores, Puntos de Venta, Teclados,   Impresoras, T\u00f3ner, C\u00e1maras de Seguridad y m\u00e1s en tu tienda en l\u00ednea","publisher":{"@id":"https:\/\/compuviper.mx\/tienda\/#organization"},"potentialAction":[{"@type":"SearchAction","target":{"@type":"EntryPoint","urlTemplate":"https:\/\/compuviper.mx\/tienda\/?s={search_term_string}"},"query-input":"required name=search_term_string"}],"inLanguage":"es-MX"},{"@type":"Organization","@id":"https:\/\/compuviper.mx\/tienda\/#organization","name":"Compuviper","url":"https:\/\/compuviper.mx\/tienda\/","logo":{"@type":"ImageObject","inLanguage":"es-MX","@id":"https:\/\/compuviper.mx\/tienda\/#\/schema\/logo\/image\/","url":"https:\/\/compuviper.mx\/tienda\/wp-content\/uploads\/2021\/08\/Logo-Compuviper-10.png","contentUrl":"https:\/\/compuviper.mx\/tienda\/wp-content\/uploads\/2021\/08\/Logo-Compuviper-10.png","width":1000,"height":500,"caption":"Compuviper"},"image":{"@id":"https:\/\/compuviper.mx\/tienda\/#\/schema\/logo\/image\/"},"sameAs":["https:\/\/www.facebook.com\/compuviper","https:\/\/www.youtube.com\/channel\/UCf73dERp9Y3cfOq7q8BhLjA?view_as=subscriber"]}]},"product_brand":"STARTECH.COM","product_price_amount":"8398","product_price_currency":"MXN","og_availability":"out of stock","product_availability":"out of stock","product_retailer_item_id":"SV431HDU3A2,SUB431HDU3A2","product_condition":"new"},"_links":{"self":[{"href":"https:\/\/compuviper.mx\/tienda\/wp-json\/wp\/v2\/product\/167085"}],"collection":[{"href":"https:\/\/compuviper.mx\/tienda\/wp-json\/wp\/v2\/product"}],"about":[{"href":"https:\/\/compuviper.mx\/tienda\/wp-json\/wp\/v2\/types\/product"}],"replies":[{"embeddable":true,"href":"https:\/\/compuviper.mx\/tienda\/wp-json\/wp\/v2\/comments?post=167085"}],"wp:featuredmedia":[{"embeddable":true,"href":"https:\/\/compuviper.mx\/tienda\/wp-json\/wp\/v2\/media\/167086"}],"wp:attachment":[{"href":"https:\/\/compuviper.mx\/tienda\/wp-json\/wp\/v2\/media?parent=167085"}],"wp:term":[{"taxonomy":"product_cat","embeddable":true,"href":"https:\/\/compuviper.mx\/tienda\/wp-json\/wp\/v2\/product_cat?post=167085"},{"taxonomy":"product_tag","embeddable":true,"href":"https:\/\/compuviper.mx\/tienda\/wp-json\/wp\/v2\/product_tag?post=167085"}],"curies":[{"name":"wp","href":"https:\/\/api.w.org\/{rel}","templated":true}]}}