{"id":167058,"date":"2026-04-07T23:09:09","date_gmt":"2026-04-08T05:09:09","guid":{"rendered":"https:\/\/compuviper.mx\/tienda\/producto\/manhattan-130660-docking-station-usb-c-para-triple-monitor\/"},"modified":"2026-04-07T23:09:09","modified_gmt":"2026-04-08T05:09:09","slug":"manhattan-130660-docking-usb-c-12-ptos-hdmix3-usb-c-pd-usb-c-2xusbv3-2-2xusbv2-0-red-sd-micro-sd","status":"publish","type":"product","link":"https:\/\/compuviper.mx\/tienda\/producto\/manhattan-130660-docking-usb-c-12-ptos-hdmix3-usb-c-pd-usb-c-2xusbv3-2-2xusbv2-0-red-sd-micro-sd\/","title":{"rendered":"Manhattan 130660 Docking Usb,,,-c 12 Ptos, Hdmix3, Usb-c Pd\/usb-c\/2xusbv3.2\/2xusbv2.0, Red\/sd\/micro Sd"},"content":{"rendered":"<table class=\"descripcion\">\n<tr>\n<td>Normas y certificaciones<\/td>\n<\/tr>\n<tr>\n<td>&#8211; usb 3.2 gen 1<\/td>\n<\/tr>\n<tr>\n<td>&#8211; usb 2.0<\/td>\n<\/tr>\n<tr>\n<td>&#8211; hdmi 2.0<\/td>\n<\/tr>\n<tr>\n<td>&#8211; hdcp 2.2<\/td>\n<\/tr>\n<tr>\n<td>&#8211; ce<\/td>\n<\/tr>\n<tr>\n<td>&#8211; fcc<\/td>\n<\/tr>\n<tr>\n<td>&#8211; rohs<\/td>\n<\/tr>\n<tr>\n<td>&#8211; reach<\/td>\n<\/tr>\n<tr>\n<td>&#8211; ukca<\/td>\n<\/tr>\n<tr>\n<td>Generalidades<\/td>\n<\/tr>\n<tr>\n<td>&#8211; resoluciones de v\u00eddeo m\u00e1ximas:<\/td>\n<\/tr>\n<tr>\n<td>&#8211; si se utiliza un puerto de v\u00eddeo, la resoluci\u00f3n m\u00e1xima es de 4k@60hz<\/td>\n<\/tr>\n<tr>\n<td>&#8211; si se utilizan dos puertos de v\u00eddeo a la vez, la resoluci\u00f3n m\u00e1xima por pantalla es de 4k@30hz<\/td>\n<\/tr>\n<tr>\n<td>&#8211; si se utilizan los tres puertos de v\u00eddeo a la vez, la resoluci\u00f3n m\u00e1xima por pantalla es de 1080p@60hz<\/td>\n<\/tr>\n<tr>\n<td>&#8211; puertos usb-a 1 y 2 &#8211; velocidad de transferencia de datos: 5 gbps; carga: 7,5 w (5,0 v a 1,5 a) m\u00e1x.<\/td>\n<\/tr>\n<tr>\n<td>&#8211; puertos usb-a 3 y 4 &#8211; velocidad de transferencia de datos: 480 mbps; carga: 2,5 w (5,0 v \/ 0,5 a) m\u00e1x.<\/td>\n<\/tr>\n<tr>\n<td>&#8211; velocidad de transferencia de datos del puerto usb-c: 5 gbps<\/td>\n<\/tr>\n<tr>\n<td>&#8211; tarjetas flash compatibles: microsd, sd, sdhc y sdxc de hasta 2 tb<\/td>\n<\/tr>\n<tr>\n<td>&#8211; funcionamiento alimentado por bus (excepto las funciones de carga)<\/td>\n<\/tr>\n<tr>\n<td>&#8211; puerto de carga usb-c pd: hasta 100,0 w (20,0 v a 5,0 a) m\u00e1x.<\/td>\n<\/tr>\n<tr>\n<td>Conexiones<\/td>\n<\/tr>\n<tr>\n<td>&#8211; un usb-c de 24 clavijas, macho<\/td>\n<\/tr>\n<tr>\n<td>&#8211; tres hdmi de 19 clavijas, hembra<\/td>\n<\/tr>\n<tr>\n<td>&#8211; un rj45 10\/100\/1000 mbps, hembra<\/td>\n<\/tr>\n<tr>\n<td>&#8211; cuatro usb-a de 4 clavijas, hembra<\/td>\n<\/tr>\n<tr>\n<td>&#8211; una ranura de memoria sd<\/td>\n<\/tr>\n<tr>\n<td>&#8211; una ranura de memoria microsd<\/td>\n<\/tr>\n<tr>\n<td>&#8211; un usb-c de 24 clavijas, power delivery, hembra<\/td>\n<\/tr>\n<tr>\n<td>&#8211; un usb-c de 24 clavijas, s\u00f3lo datos, hembra<\/td>\n<\/tr>\n<tr>\n<td>F\u00edsico<\/td>\n<\/tr>\n<tr>\n<td>&#8211; carcasa de aluminio<\/td>\n<\/tr>\n<tr>\n<td>&#8211; dimensiones (largo x ancho x alto): 126 x 62 x 17 mm (4,96 x 2,44 x 0,67 pulgadas)<\/td>\n<\/tr>\n<tr>\n<td>&#8211; peso neto: 112 g (0.25 lbs.)<\/td>\n<\/tr>\n<tr>\n<td>&#8211; peso bruto: 172 g (0,38 lbs.)<\/td>\n<\/tr>\n<tr>\n<td>&#8211; longitud del cable: 18 cm (7 pulgadas)<\/td>\n<\/tr>\n<tr>\n<td>&#8211; di\u00e1metro del cable: 34 awg<\/td>\n<\/tr>\n<tr>\n<td>Entorno de funcionamiento<\/td>\n<\/tr>\n<tr>\n<td>&#8211; temperatura de funcionamiento: 0 &#8211; 45\u00b0c (32 &#8211; 113\u00b0f)<\/td>\n<\/tr>\n<tr>\n<td>&#8211; temperatura de almacenamiento: -10 &#8211; 70\u00b0c (14 &#8211; 158\u00b0f)<\/td>\n<\/tr>\n<tr>\n<td>&#8211; humedad (sin condensaci\u00f3n): 5 &#8211; 90% hr<\/td>\n<\/tr>\n<tr>\n<td>Requisitos del sistema<\/td>\n<\/tr>\n<tr>\n<td>&#8211; windows 7\/8.1\/10\/11, chrome os, macos o android<\/td>\n<\/tr>\n<tr>\n<td>Contenido del paquete<\/td>\n<\/tr>\n<tr>\n<td>&#8211; docking station usb-c para triple monitor<\/td>\n<\/tr>\n<tr>\n<td>&#8211; instrucciones<\/td>\n<\/tr>\n<\/table>\n","protected":false},"excerpt":{"rendered":"<p>Highlights. Crea una configuraci\u00f3n multipantalla, carga tus dispositivos y conecta todos tus perif\u00e9ricos. Resoluci\u00f3n en la salida de v\u00eddeo simple hasta 4k@60hz, salida de v\u00eddeo doble hasta 4k@30hz o salida de v\u00eddeo triple hasta 1080p@60hz. Utiliza el transporte multi-stream (mst) para los modos de visualizaci\u00f3n en windows\u00ae (mirror o fully extended) y mac\u00ae (mirror o extended mirror solamente. Un puerto gigabit ethernet (10\/100\/1000) para acelerar las descargas, la transmisi\u00f3n multimedia y los juegos. Dos puertos usb 3.2 gen 1 (antes usb 3.0) tipo-a con tasas de transferencia superspeed de hasta 5 gbps y carga de hasta 7,5 w (5 v \/ 1,5 a. Un puerto usb 3.2 gen 1 de solo datos con tasas de transferencia superspeed de hasta 5 gbps. Dos puertos usb 2.0 tipo-a con velocidades de transferencia de hasta 480 mbps y carga de hasta 2,5 w (5 v \/ 0,5 a. Puertos usb-a para conectar ratones, teclados, unidades flash y m\u00e1s, o para cargar y sincronizar dispositivos m\u00f3viles. Puerto usb-c para conectar discos duros externos y m\u00e1s o para sincronizar dispositivos m\u00f3viles. Ranuras para tarjetas sd y microsd con funci\u00f3n de lectura\/escritura; las ranuras admiten tarjetas de hasta 2 tb y velocidades de transferencia de datos de hasta 104 mbps. Admite la funci\u00f3n usb power delivery (pd) de hasta 100 w; requiere un cargador pd externo &#8211; disponible en manhattan. Compatible con todos los equipos de escritorio, port\u00e1tiles y tabletas que admiten el modo dp-alt usb-c, incluidos los macbook\u00ae de apple\u00ae, los chromebook\u0099 y los pixel\u0099, entre otros. Compatible con el modo alternativo de displayport 1.4 (dp alt mode. Permite que tu smartphone funcione como un pc de escritorio al mismo tiempo que se carga (la configuraci\u00f3n de escritorio requiere dispositivos con android 9 o superior que ofrezcan salida de v\u00eddeo a trav\u00e9s de usb-c. Cable integrado y resistente de 18 cm (7 pulgadas) con funda de aluminio moldeada. Carcasa de aluminio robusta y elegante, ideal tanto para el escritorio como para los viajes. Instalaci\u00f3n plug-and-play; compatible con windows\u00ae, macos\u00ae, chrome os\u0099 y android\u0099. Compatible con hdcp 2.2. Tres a\u00f1os de garant\u00eda<\/p>\n","protected":false},"featured_media":168723,"comment_status":"open","ping_status":"open","template":"","meta":[],"product_cat":[1485,1581],"product_tag":[1487],"acf":[],"yoast_head":"<!-- This site is optimized with the Yoast SEO plugin v21.7 - https:\/\/yoast.com\/wordpress\/plugins\/seo\/ -->\n<title>[ Manhattan ] &#129351; 130660 Docking Usb,,,-c 12 Ptos, Hdmix3, Usb-c Pd\/usb-c\/2xusbv3.2\/2xusbv2.0, Red\/sd\/micro Sd<\/title>\n<meta name=\"description\" content=\"Compra 130660 Docking Usb,,,-c 12 Ptos, Hdmix3, Usb-c Pd\/usb-c\/2xusbv3.2\/2xusbv2.0, Red\/sd\/micro Sd + Env\u00edo a domicilio + Pago seguro + Garant\u00eda\" \/>\n<meta name=\"robots\" content=\"index, follow, max-snippet:-1, max-image-preview:large, max-video-preview:-1\" \/>\n<link rel=\"canonical\" href=\"https:\/\/compuviper.mx\/tienda\/producto\/manhattan-130660-docking-usb-c-12-ptos-hdmix3-usb-c-pd-usb-c-2xusbv3-2-2xusbv2-0-red-sd-micro-sd\/\" \/>\n<meta property=\"og:locale\" content=\"es_MX\" \/>\n<meta property=\"og:type\" content=\"article\" \/>\n<meta property=\"og:title\" content=\"[ Manhattan ] &#129351; 130660 Docking Usb,,,-c 12 Ptos, Hdmix3, Usb-c Pd\/usb-c\/2xusbv3.2\/2xusbv2.0, Red\/sd\/micro Sd\" \/>\n<meta property=\"og:description\" content=\"Compra 130660 Docking Usb,,,-c 12 Ptos, Hdmix3, Usb-c Pd\/usb-c\/2xusbv3.2\/2xusbv2.0, Red\/sd\/micro Sd + Env\u00edo a domicilio + Pago seguro + Garant\u00eda\" \/>\n<meta property=\"og:url\" content=\"https:\/\/compuviper.mx\/tienda\/producto\/manhattan-130660-docking-usb-c-12-ptos-hdmix3-usb-c-pd-usb-c-2xusbv3-2-2xusbv2-0-red-sd-micro-sd\/\" \/>\n<meta property=\"og:site_name\" content=\"Compuviper\" \/>\n<meta property=\"article:publisher\" content=\"https:\/\/www.facebook.com\/compuviper\" \/>\n<meta property=\"og:image\" content=\"https:\/\/compuviper.mx\/tienda\/wp-content\/uploads\/2023\/03\/Docking-station-manhattan-usb-c-para-triple-monitor.jpg\" \/>\n\t<meta property=\"og:image:width\" content=\"200\" \/>\n\t<meta property=\"og:image:height\" content=\"200\" \/>\n\t<meta property=\"og:image:type\" content=\"image\/jpeg\" \/>\n<meta name=\"twitter:card\" content=\"summary_large_image\" \/>\n<meta name=\"twitter:label1\" content=\"Precio\" \/>\n\t<meta name=\"twitter:data1\" content=\"&#36;1,857 con IVA\" \/>\n\t<meta name=\"twitter:label2\" content=\"Availability\" \/>\n\t<meta name=\"twitter:data2\" content=\"Out of stock\" \/>\n<script type=\"application\/ld+json\" class=\"yoast-schema-graph\">{\"@context\":\"https:\/\/schema.org\",\"@graph\":[{\"@type\":\"WebPage\",\"@id\":\"https:\/\/compuviper.mx\/tienda\/producto\/manhattan-130660-docking-usb-c-12-ptos-hdmix3-usb-c-pd-usb-c-2xusbv3-2-2xusbv2-0-red-sd-micro-sd\/\",\"url\":\"https:\/\/compuviper.mx\/tienda\/producto\/manhattan-130660-docking-usb-c-12-ptos-hdmix3-usb-c-pd-usb-c-2xusbv3-2-2xusbv2-0-red-sd-micro-sd\/\",\"name\":\"[ Manhattan ] &#129351; 130660 Docking Usb,,,-c 12 Ptos, Hdmix3, Usb-c Pd\/usb-c\/2xusbv3.2\/2xusbv2.0, Red\/sd\/micro Sd\",\"isPartOf\":{\"@id\":\"https:\/\/compuviper.mx\/tienda\/#website\"},\"datePublished\":\"2026-04-08T05:09:09+00:00\",\"dateModified\":\"2026-04-08T05:09:09+00:00\",\"description\":\"Compra 130660 Docking Usb,,,-c 12 Ptos, Hdmix3, Usb-c Pd\/usb-c\/2xusbv3.2\/2xusbv2.0, Red\/sd\/micro Sd + Env\u00edo a domicilio + Pago seguro + Garant\u00eda\",\"breadcrumb\":{\"@id\":\"https:\/\/compuviper.mx\/tienda\/producto\/manhattan-130660-docking-usb-c-12-ptos-hdmix3-usb-c-pd-usb-c-2xusbv3-2-2xusbv2-0-red-sd-micro-sd\/#breadcrumb\"},\"inLanguage\":\"es-MX\",\"potentialAction\":[{\"@type\":\"ReadAction\",\"target\":[\"https:\/\/compuviper.mx\/tienda\/producto\/manhattan-130660-docking-usb-c-12-ptos-hdmix3-usb-c-pd-usb-c-2xusbv3-2-2xusbv2-0-red-sd-micro-sd\/\"]}]},{\"@type\":\"BreadcrumbList\",\"@id\":\"https:\/\/compuviper.mx\/tienda\/producto\/manhattan-130660-docking-usb-c-12-ptos-hdmix3-usb-c-pd-usb-c-2xusbv3-2-2xusbv2-0-red-sd-micro-sd\/#breadcrumb\",\"itemListElement\":[{\"@type\":\"ListItem\",\"position\":1,\"name\":\"Inicio\",\"item\":\"https:\/\/compuviper.mx\/tienda\/\"},{\"@type\":\"ListItem\",\"position\":2,\"name\":\"Productos\",\"item\":\"https:\/\/compuviper.mx\/tienda\/productos\/\"},{\"@type\":\"ListItem\",\"position\":3,\"name\":\"Accesorios\",\"item\":\"https:\/\/compuviper.mx\/tienda\/categoria-producto\/accesorios\/\"},{\"@type\":\"ListItem\",\"position\":4,\"name\":\"Redes\",\"item\":\"https:\/\/compuviper.mx\/tienda\/categoria-producto\/accesorios\/redes-accesorios\/\"},{\"@type\":\"ListItem\",\"position\":5,\"name\":\"Manhattan 130660 Docking Usb,,,-c 12 Ptos, Hdmix3, Usb-c Pd\/usb-c\/2xusbv3.2\/2xusbv2.0, Red\/sd\/micro Sd\"}]},{\"@type\":\"WebSite\",\"@id\":\"https:\/\/compuviper.mx\/tienda\/#website\",\"url\":\"https:\/\/compuviper.mx\/tienda\/\",\"name\":\"Compuviper\",\"description\":\"Proveedor de Computadoras, Laptops, Servidores, Monitores, Puntos de Venta, Teclados,   Impresoras, T\u00f3ner, C\u00e1maras de Seguridad y m\u00e1s en tu tienda en l\u00ednea\",\"publisher\":{\"@id\":\"https:\/\/compuviper.mx\/tienda\/#organization\"},\"potentialAction\":[{\"@type\":\"SearchAction\",\"target\":{\"@type\":\"EntryPoint\",\"urlTemplate\":\"https:\/\/compuviper.mx\/tienda\/?s={search_term_string}\"},\"query-input\":\"required name=search_term_string\"}],\"inLanguage\":\"es-MX\"},{\"@type\":\"Organization\",\"@id\":\"https:\/\/compuviper.mx\/tienda\/#organization\",\"name\":\"Compuviper\",\"url\":\"https:\/\/compuviper.mx\/tienda\/\",\"logo\":{\"@type\":\"ImageObject\",\"inLanguage\":\"es-MX\",\"@id\":\"https:\/\/compuviper.mx\/tienda\/#\/schema\/logo\/image\/\",\"url\":\"https:\/\/compuviper.mx\/tienda\/wp-content\/uploads\/2021\/08\/Logo-Compuviper-10.png\",\"contentUrl\":\"https:\/\/compuviper.mx\/tienda\/wp-content\/uploads\/2021\/08\/Logo-Compuviper-10.png\",\"width\":1000,\"height\":500,\"caption\":\"Compuviper\"},\"image\":{\"@id\":\"https:\/\/compuviper.mx\/tienda\/#\/schema\/logo\/image\/\"},\"sameAs\":[\"https:\/\/www.facebook.com\/compuviper\",\"https:\/\/www.youtube.com\/channel\/UCf73dERp9Y3cfOq7q8BhLjA?view_as=subscriber\"]}]}<\/script>\n<meta property=\"product:brand\" content=\"MANHATTAN\" \/>\n<meta property=\"product:price:amount\" content=\"1857\" \/>\n<meta property=\"product:price:currency\" content=\"MXN\" \/>\n<meta property=\"og:availability\" content=\"out of stock\" \/>\n<meta property=\"product:availability\" content=\"out of stock\" \/>\n<meta property=\"product:retailer_item_id\" content=\"130660\" \/>\n<meta property=\"product:condition\" content=\"new\" \/>\n<!-- \/ Yoast SEO plugin. -->","yoast_head_json":{"title":"[ Manhattan ] &#129351; 130660 Docking Usb,,,-c 12 Ptos, Hdmix3, Usb-c Pd\/usb-c\/2xusbv3.2\/2xusbv2.0, Red\/sd\/micro Sd","description":"Compra 130660 Docking Usb,,,-c 12 Ptos, Hdmix3, Usb-c Pd\/usb-c\/2xusbv3.2\/2xusbv2.0, Red\/sd\/micro Sd + Env\u00edo a domicilio + Pago seguro + Garant\u00eda","robots":{"index":"index","follow":"follow","max-snippet":"max-snippet:-1","max-image-preview":"max-image-preview:large","max-video-preview":"max-video-preview:-1"},"canonical":"https:\/\/compuviper.mx\/tienda\/producto\/manhattan-130660-docking-usb-c-12-ptos-hdmix3-usb-c-pd-usb-c-2xusbv3-2-2xusbv2-0-red-sd-micro-sd\/","og_locale":"es_MX","og_type":"article","og_title":"[ Manhattan ] &#129351; 130660 Docking Usb,,,-c 12 Ptos, Hdmix3, Usb-c Pd\/usb-c\/2xusbv3.2\/2xusbv2.0, Red\/sd\/micro Sd","og_description":"Compra 130660 Docking Usb,,,-c 12 Ptos, Hdmix3, Usb-c Pd\/usb-c\/2xusbv3.2\/2xusbv2.0, Red\/sd\/micro Sd + Env\u00edo a domicilio + Pago seguro + Garant\u00eda","og_url":"https:\/\/compuviper.mx\/tienda\/producto\/manhattan-130660-docking-usb-c-12-ptos-hdmix3-usb-c-pd-usb-c-2xusbv3-2-2xusbv2-0-red-sd-micro-sd\/","og_site_name":"Compuviper","article_publisher":"https:\/\/www.facebook.com\/compuviper","og_image":[{"width":200,"height":200,"url":"https:\/\/compuviper.mx\/tienda\/wp-content\/uploads\/2023\/03\/Docking-station-manhattan-usb-c-para-triple-monitor.jpg","type":"image\/jpeg"}],"twitter_card":"summary_large_image","twitter_misc":{"Precio":"&#36;1,857 con IVA","Availability":"Out of stock"},"schema":{"@context":"https:\/\/schema.org","@graph":[{"@type":"WebPage","@id":"https:\/\/compuviper.mx\/tienda\/producto\/manhattan-130660-docking-usb-c-12-ptos-hdmix3-usb-c-pd-usb-c-2xusbv3-2-2xusbv2-0-red-sd-micro-sd\/","url":"https:\/\/compuviper.mx\/tienda\/producto\/manhattan-130660-docking-usb-c-12-ptos-hdmix3-usb-c-pd-usb-c-2xusbv3-2-2xusbv2-0-red-sd-micro-sd\/","name":"[ Manhattan ] &#129351; 130660 Docking Usb,,,-c 12 Ptos, Hdmix3, Usb-c Pd\/usb-c\/2xusbv3.2\/2xusbv2.0, Red\/sd\/micro Sd","isPartOf":{"@id":"https:\/\/compuviper.mx\/tienda\/#website"},"datePublished":"2026-04-08T05:09:09+00:00","dateModified":"2026-04-08T05:09:09+00:00","description":"Compra 130660 Docking Usb,,,-c 12 Ptos, Hdmix3, Usb-c Pd\/usb-c\/2xusbv3.2\/2xusbv2.0, Red\/sd\/micro Sd + Env\u00edo a domicilio + Pago seguro + Garant\u00eda","breadcrumb":{"@id":"https:\/\/compuviper.mx\/tienda\/producto\/manhattan-130660-docking-usb-c-12-ptos-hdmix3-usb-c-pd-usb-c-2xusbv3-2-2xusbv2-0-red-sd-micro-sd\/#breadcrumb"},"inLanguage":"es-MX","potentialAction":[{"@type":"ReadAction","target":["https:\/\/compuviper.mx\/tienda\/producto\/manhattan-130660-docking-usb-c-12-ptos-hdmix3-usb-c-pd-usb-c-2xusbv3-2-2xusbv2-0-red-sd-micro-sd\/"]}]},{"@type":"BreadcrumbList","@id":"https:\/\/compuviper.mx\/tienda\/producto\/manhattan-130660-docking-usb-c-12-ptos-hdmix3-usb-c-pd-usb-c-2xusbv3-2-2xusbv2-0-red-sd-micro-sd\/#breadcrumb","itemListElement":[{"@type":"ListItem","position":1,"name":"Inicio","item":"https:\/\/compuviper.mx\/tienda\/"},{"@type":"ListItem","position":2,"name":"Productos","item":"https:\/\/compuviper.mx\/tienda\/productos\/"},{"@type":"ListItem","position":3,"name":"Accesorios","item":"https:\/\/compuviper.mx\/tienda\/categoria-producto\/accesorios\/"},{"@type":"ListItem","position":4,"name":"Redes","item":"https:\/\/compuviper.mx\/tienda\/categoria-producto\/accesorios\/redes-accesorios\/"},{"@type":"ListItem","position":5,"name":"Manhattan 130660 Docking Usb,,,-c 12 Ptos, Hdmix3, Usb-c Pd\/usb-c\/2xusbv3.2\/2xusbv2.0, Red\/sd\/micro Sd"}]},{"@type":"WebSite","@id":"https:\/\/compuviper.mx\/tienda\/#website","url":"https:\/\/compuviper.mx\/tienda\/","name":"Compuviper","description":"Proveedor de Computadoras, Laptops, Servidores, Monitores, Puntos de Venta, Teclados,   Impresoras, T\u00f3ner, C\u00e1maras de Seguridad y m\u00e1s en tu tienda en l\u00ednea","publisher":{"@id":"https:\/\/compuviper.mx\/tienda\/#organization"},"potentialAction":[{"@type":"SearchAction","target":{"@type":"EntryPoint","urlTemplate":"https:\/\/compuviper.mx\/tienda\/?s={search_term_string}"},"query-input":"required name=search_term_string"}],"inLanguage":"es-MX"},{"@type":"Organization","@id":"https:\/\/compuviper.mx\/tienda\/#organization","name":"Compuviper","url":"https:\/\/compuviper.mx\/tienda\/","logo":{"@type":"ImageObject","inLanguage":"es-MX","@id":"https:\/\/compuviper.mx\/tienda\/#\/schema\/logo\/image\/","url":"https:\/\/compuviper.mx\/tienda\/wp-content\/uploads\/2021\/08\/Logo-Compuviper-10.png","contentUrl":"https:\/\/compuviper.mx\/tienda\/wp-content\/uploads\/2021\/08\/Logo-Compuviper-10.png","width":1000,"height":500,"caption":"Compuviper"},"image":{"@id":"https:\/\/compuviper.mx\/tienda\/#\/schema\/logo\/image\/"},"sameAs":["https:\/\/www.facebook.com\/compuviper","https:\/\/www.youtube.com\/channel\/UCf73dERp9Y3cfOq7q8BhLjA?view_as=subscriber"]}]},"product_brand":"MANHATTAN","product_price_amount":"1857","product_price_currency":"MXN","og_availability":"out of stock","product_availability":"out of stock","product_retailer_item_id":"130660","product_condition":"new"},"_links":{"self":[{"href":"https:\/\/compuviper.mx\/tienda\/wp-json\/wp\/v2\/product\/167058"}],"collection":[{"href":"https:\/\/compuviper.mx\/tienda\/wp-json\/wp\/v2\/product"}],"about":[{"href":"https:\/\/compuviper.mx\/tienda\/wp-json\/wp\/v2\/types\/product"}],"replies":[{"embeddable":true,"href":"https:\/\/compuviper.mx\/tienda\/wp-json\/wp\/v2\/comments?post=167058"}],"wp:featuredmedia":[{"embeddable":true,"href":"https:\/\/compuviper.mx\/tienda\/wp-json\/wp\/v2\/media\/168723"}],"wp:attachment":[{"href":"https:\/\/compuviper.mx\/tienda\/wp-json\/wp\/v2\/media?parent=167058"}],"wp:term":[{"taxonomy":"product_cat","embeddable":true,"href":"https:\/\/compuviper.mx\/tienda\/wp-json\/wp\/v2\/product_cat?post=167058"},{"taxonomy":"product_tag","embeddable":true,"href":"https:\/\/compuviper.mx\/tienda\/wp-json\/wp\/v2\/product_tag?post=167058"}],"curies":[{"name":"wp","href":"https:\/\/api.w.org\/{rel}","templated":true}]}}