{"id":167057,"date":"2026-04-01T23:09:32","date_gmt":"2026-04-02T05:09:32","guid":{"rendered":"https:\/\/compuviper.mx\/tienda\/producto\/manhattan-207539-kit-extensor-compacto-de-hdmi-sobre-ethernet-60m\/"},"modified":"2026-04-01T23:09:32","modified_gmt":"2026-04-02T05:09:32","slug":"manhattan-207539-extensor-video-hdmi-60m-via-cat-5-6-compacto","status":"publish","type":"product","link":"https:\/\/compuviper.mx\/tienda\/producto\/manhattan-207539-extensor-video-hdmi-60m-via-cat-5-6-compacto\/","title":{"rendered":"Manhattan 207539 Extensor Video,,, Hdmi, 60m Via Cat 5\/6, Compacto"},"content":{"rendered":"<table class=\"descripcion\">\n<tr>\n<td>Est\u00e1ndares y certificaciones<\/td>\n<\/tr>\n<tr>\n<td>Hdcp 1.3<\/td>\n<\/tr>\n<tr>\n<td>Dvi 1.0<\/td>\n<\/tr>\n<tr>\n<td>Ce<\/td>\n<\/tr>\n<tr>\n<td>Fcc<\/td>\n<\/tr>\n<tr>\n<td>Rohs<\/td>\n<\/tr>\n<tr>\n<td>General<\/td>\n<\/tr>\n<tr>\n<td>Cable cat6: 1080p at 60 m (196 ft.)<\/td>\n<\/tr>\n<tr>\n<td>Alimentaci\u00f3n: 5 vcd<\/td>\n<\/tr>\n<tr>\n<td>Bot\u00f3n de reinicio<\/td>\n<\/tr>\n<tr>\n<td>Conexiones:<\/td>\n<\/tr>\n<tr>\n<td>Un macho hdmi (transmisor\/receptor)<\/td>\n<\/tr>\n<tr>\n<td>Un rj45 hembra (transmisor\/receptor)<\/td>\n<\/tr>\n<tr>\n<td>Un conector de alimentaci\u00f3n hembra para 5 vdc. micro-usb (transmisor\/receptor)<\/td>\n<\/tr>\n<tr>\n<td>El\u00e9ctrico:<\/td>\n<\/tr>\n<tr>\n<td>Un conector hembra de 5 vdc de potencia, micro-usb (transmisor\/receptor)<\/td>\n<\/tr>\n<tr>\n<td>Consumo de energ\u00eda: 5 w (m\u00e1ximo)<\/td>\n<\/tr>\n<tr>\n<td>Soporta power over cable (poc): un adaptador de corriente alimenta tanto a la unidad transmisora como a la receptora.<\/td>\n<\/tr>\n<tr>\n<td>Entrada y salida de se\u00f1al<\/td>\n<\/tr>\n<tr>\n<td>Entrada de se\u00f1al de video: 0.5 \u0096 1.0 v p-p<\/td>\n<\/tr>\n<tr>\n<td>Entrada de se\u00f1al ddc: 5 v p-p (ttl)<\/td>\n<\/tr>\n<tr>\n<td>Salida de video: hdcp 1.3, dvi 1.0<\/td>\n<\/tr>\n<tr>\n<td>Resoluciones de video<\/td>\n<\/tr>\n<tr>\n<td>Definici\u00f3n est\u00e1ndar, alta definici\u00f3n, alta definici\u00f3n completa: 480i \/ 576i \/ 480p \/ 576p \/ 720p \/ 1080i \/ 1080p<\/td>\n<\/tr>\n<tr>\n<td>Dise\u00f1o<\/td>\n<\/tr>\n<tr>\n<td>Dimensiones: 62 x 27 x 17 mm (2.44 x 1.06 x 0.67 in.)<\/td>\n<\/tr>\n<tr>\n<td>Peso: 34 g (0.08 lbs.)<\/td>\n<\/tr>\n<tr>\n<td>Cubierta: pl\u00e1stico abs<\/td>\n<\/tr>\n<tr>\n<td>Ambiente de operaci\u00f3n<\/td>\n<\/tr>\n<tr>\n<td>Temperatura de operaci\u00f3n: 0 \u0096 50\u00b0c (32 \u0096 122\u00b0f)<\/td>\n<\/tr>\n<tr>\n<td>Temperatura de almacenaje: -10 \u00b0c a 60\u00b0 c<\/td>\n<\/tr>\n<tr>\n<td>Humedad (sin condensar): 5 \u0096 90%<\/td>\n<\/tr>\n<tr>\n<td>Contenido del paquete<\/td>\n<\/tr>\n<tr>\n<td>Kit extensor compacto de hdmi sobre ethernet 60m<\/td>\n<\/tr>\n<tr>\n<td>Dos cables de alimentaci\u00f3n de 0,8 m (2,6 pies) de micro usb a usb-a<\/td>\n<\/tr>\n<tr>\n<td>Instructivo<\/td>\n<\/tr>\n<\/table>\n","protected":false},"excerpt":{"rendered":"<p>Highlights. Extiende una se\u00f1al hdmi hasta 60 m (196 pies) de una fuente hdmi a una pantalla usando un cable ethernet cat6. Ofrece una resoluci\u00f3n sin comprimir de 1080p@60hz. Dise\u00f1o delgado y compacto para instalaciones en espacios reducidos o pr\u00e1cticamente en cualquier lugar. Admite formato de audio sin compresi\u00f3n lpcm de 8 canales sin p\u00e9rdida y sonido envolvente 7.1\/5.1. Tecnolog\u00eda de alimentaci\u00f3n a trav\u00e9s de cable (poc) que alimenta las unidades transmisora (tx) y receptora (rx) a trav\u00e9s de un adaptador de corriente (conectado al transmisor. Bot\u00f3n de reinicio en la unidad receptora para ajustar la se\u00f1al a la longitud del cable. Cumple por completo con hdcp para proteger el contenido de transmisiones de alta definici\u00f3n y asegurar una recepci\u00f3n de calidad. Soporta v\u00eddeo en 3d. Plug and play &#8211; no requiere instalaci\u00f3n o configuraci\u00f3n. Compatible con sistemas de juego como playstation\u00ae y xbox\u00ae, reproductores de blu-ray, decodificadores, receptores de sat\u00e9lite y m\u00e1s. Contactos en chapa de oro para conexiones libres de corrosi\u00f3n. Para distancias adicionales, use un cable hdmi de alta velocidad de 15 m de manhattan con ethernet tanto en el transmisor como en el receptor. Tres a\u00f1os de garant\u00eda<\/p>\n","protected":false},"featured_media":168722,"comment_status":"open","ping_status":"open","template":"","meta":[],"product_cat":[1485,1581],"product_tag":[1487],"acf":[],"yoast_head":"<!-- This site is optimized with the Yoast SEO plugin v21.7 - https:\/\/yoast.com\/wordpress\/plugins\/seo\/ -->\n<title>[ Manhattan ] &#129351; 207539 Extensor Video,,, Hdmi, 60m Via Cat 5\/6, Compacto<\/title>\n<meta name=\"description\" content=\"Compra 207539 Extensor Video,,, Hdmi, 60m Via Cat 5\/6, Compacto + Env\u00edo a domicilio + Pago seguro + Garant\u00eda\" \/>\n<meta name=\"robots\" content=\"index, follow, max-snippet:-1, max-image-preview:large, max-video-preview:-1\" \/>\n<link rel=\"canonical\" href=\"https:\/\/compuviper.mx\/tienda\/producto\/manhattan-207539-extensor-video-hdmi-60m-via-cat-5-6-compacto\/\" \/>\n<meta property=\"og:locale\" content=\"es_MX\" \/>\n<meta property=\"og:type\" content=\"article\" \/>\n<meta property=\"og:title\" content=\"[ Manhattan ] &#129351; 207539 Extensor Video,,, Hdmi, 60m Via Cat 5\/6, Compacto\" \/>\n<meta property=\"og:description\" content=\"Compra 207539 Extensor Video,,, Hdmi, 60m Via Cat 5\/6, Compacto + Env\u00edo a domicilio + Pago seguro + Garant\u00eda\" \/>\n<meta property=\"og:url\" content=\"https:\/\/compuviper.mx\/tienda\/producto\/manhattan-207539-extensor-video-hdmi-60m-via-cat-5-6-compacto\/\" \/>\n<meta property=\"og:site_name\" content=\"Compuviper\" \/>\n<meta property=\"article:publisher\" content=\"https:\/\/www.facebook.com\/compuviper\" \/>\n<meta property=\"og:image\" content=\"https:\/\/compuviper.mx\/tienda\/wp-content\/uploads\/2023\/03\/Kit-extensor-manhattan-compacto-de-hdmi-sobre-ethernet-60m.jpg\" \/>\n\t<meta property=\"og:image:width\" content=\"200\" \/>\n\t<meta property=\"og:image:height\" content=\"200\" \/>\n\t<meta property=\"og:image:type\" content=\"image\/jpeg\" \/>\n<meta name=\"twitter:card\" content=\"summary_large_image\" \/>\n<meta name=\"twitter:label1\" content=\"Precio\" \/>\n\t<meta name=\"twitter:data1\" content=\"&#36;866 con IVA\" \/>\n\t<meta name=\"twitter:label2\" content=\"Availability\" \/>\n\t<meta name=\"twitter:data2\" content=\"In stock\" \/>\n<script type=\"application\/ld+json\" class=\"yoast-schema-graph\">{\"@context\":\"https:\/\/schema.org\",\"@graph\":[{\"@type\":\"WebPage\",\"@id\":\"https:\/\/compuviper.mx\/tienda\/producto\/manhattan-207539-extensor-video-hdmi-60m-via-cat-5-6-compacto\/\",\"url\":\"https:\/\/compuviper.mx\/tienda\/producto\/manhattan-207539-extensor-video-hdmi-60m-via-cat-5-6-compacto\/\",\"name\":\"[ Manhattan ] &#129351; 207539 Extensor Video,,, Hdmi, 60m Via Cat 5\/6, Compacto\",\"isPartOf\":{\"@id\":\"https:\/\/compuviper.mx\/tienda\/#website\"},\"datePublished\":\"2026-04-02T05:09:32+00:00\",\"dateModified\":\"2026-04-02T05:09:32+00:00\",\"description\":\"Compra 207539 Extensor Video,,, Hdmi, 60m Via Cat 5\/6, Compacto + Env\u00edo a domicilio + Pago seguro + Garant\u00eda\",\"breadcrumb\":{\"@id\":\"https:\/\/compuviper.mx\/tienda\/producto\/manhattan-207539-extensor-video-hdmi-60m-via-cat-5-6-compacto\/#breadcrumb\"},\"inLanguage\":\"es-MX\",\"potentialAction\":[{\"@type\":\"ReadAction\",\"target\":[\"https:\/\/compuviper.mx\/tienda\/producto\/manhattan-207539-extensor-video-hdmi-60m-via-cat-5-6-compacto\/\"]}]},{\"@type\":\"BreadcrumbList\",\"@id\":\"https:\/\/compuviper.mx\/tienda\/producto\/manhattan-207539-extensor-video-hdmi-60m-via-cat-5-6-compacto\/#breadcrumb\",\"itemListElement\":[{\"@type\":\"ListItem\",\"position\":1,\"name\":\"Inicio\",\"item\":\"https:\/\/compuviper.mx\/tienda\/\"},{\"@type\":\"ListItem\",\"position\":2,\"name\":\"Productos\",\"item\":\"https:\/\/compuviper.mx\/tienda\/productos\/\"},{\"@type\":\"ListItem\",\"position\":3,\"name\":\"Accesorios\",\"item\":\"https:\/\/compuviper.mx\/tienda\/categoria-producto\/accesorios\/\"},{\"@type\":\"ListItem\",\"position\":4,\"name\":\"Redes\",\"item\":\"https:\/\/compuviper.mx\/tienda\/categoria-producto\/accesorios\/redes-accesorios\/\"},{\"@type\":\"ListItem\",\"position\":5,\"name\":\"Manhattan 207539 Extensor Video,,, Hdmi, 60m Via Cat 5\/6, Compacto\"}]},{\"@type\":\"WebSite\",\"@id\":\"https:\/\/compuviper.mx\/tienda\/#website\",\"url\":\"https:\/\/compuviper.mx\/tienda\/\",\"name\":\"Compuviper\",\"description\":\"Proveedor de Computadoras, Laptops, Servidores, Monitores, Puntos de Venta, Teclados,   Impresoras, T\u00f3ner, C\u00e1maras de Seguridad y m\u00e1s en tu tienda en l\u00ednea\",\"publisher\":{\"@id\":\"https:\/\/compuviper.mx\/tienda\/#organization\"},\"potentialAction\":[{\"@type\":\"SearchAction\",\"target\":{\"@type\":\"EntryPoint\",\"urlTemplate\":\"https:\/\/compuviper.mx\/tienda\/?s={search_term_string}\"},\"query-input\":\"required name=search_term_string\"}],\"inLanguage\":\"es-MX\"},{\"@type\":\"Organization\",\"@id\":\"https:\/\/compuviper.mx\/tienda\/#organization\",\"name\":\"Compuviper\",\"url\":\"https:\/\/compuviper.mx\/tienda\/\",\"logo\":{\"@type\":\"ImageObject\",\"inLanguage\":\"es-MX\",\"@id\":\"https:\/\/compuviper.mx\/tienda\/#\/schema\/logo\/image\/\",\"url\":\"https:\/\/compuviper.mx\/tienda\/wp-content\/uploads\/2021\/08\/Logo-Compuviper-10.png\",\"contentUrl\":\"https:\/\/compuviper.mx\/tienda\/wp-content\/uploads\/2021\/08\/Logo-Compuviper-10.png\",\"width\":1000,\"height\":500,\"caption\":\"Compuviper\"},\"image\":{\"@id\":\"https:\/\/compuviper.mx\/tienda\/#\/schema\/logo\/image\/\"},\"sameAs\":[\"https:\/\/www.facebook.com\/compuviper\",\"https:\/\/www.youtube.com\/channel\/UCf73dERp9Y3cfOq7q8BhLjA?view_as=subscriber\"]}]}<\/script>\n<meta property=\"product:brand\" content=\"MANHATTAN\" \/>\n<meta property=\"product:price:amount\" content=\"866\" \/>\n<meta property=\"product:price:currency\" content=\"MXN\" \/>\n<meta property=\"og:availability\" content=\"instock\" \/>\n<meta property=\"product:availability\" content=\"instock\" \/>\n<meta property=\"product:retailer_item_id\" content=\"207539\" \/>\n<meta property=\"product:condition\" content=\"new\" \/>\n<!-- \/ Yoast SEO plugin. -->","yoast_head_json":{"title":"[ Manhattan ] &#129351; 207539 Extensor Video,,, Hdmi, 60m Via Cat 5\/6, Compacto","description":"Compra 207539 Extensor Video,,, Hdmi, 60m Via Cat 5\/6, Compacto + Env\u00edo a domicilio + Pago seguro + Garant\u00eda","robots":{"index":"index","follow":"follow","max-snippet":"max-snippet:-1","max-image-preview":"max-image-preview:large","max-video-preview":"max-video-preview:-1"},"canonical":"https:\/\/compuviper.mx\/tienda\/producto\/manhattan-207539-extensor-video-hdmi-60m-via-cat-5-6-compacto\/","og_locale":"es_MX","og_type":"article","og_title":"[ Manhattan ] &#129351; 207539 Extensor Video,,, Hdmi, 60m Via Cat 5\/6, Compacto","og_description":"Compra 207539 Extensor Video,,, Hdmi, 60m Via Cat 5\/6, Compacto + Env\u00edo a domicilio + Pago seguro + Garant\u00eda","og_url":"https:\/\/compuviper.mx\/tienda\/producto\/manhattan-207539-extensor-video-hdmi-60m-via-cat-5-6-compacto\/","og_site_name":"Compuviper","article_publisher":"https:\/\/www.facebook.com\/compuviper","og_image":[{"width":200,"height":200,"url":"https:\/\/compuviper.mx\/tienda\/wp-content\/uploads\/2023\/03\/Kit-extensor-manhattan-compacto-de-hdmi-sobre-ethernet-60m.jpg","type":"image\/jpeg"}],"twitter_card":"summary_large_image","twitter_misc":{"Precio":"&#36;866 con IVA","Availability":"In stock"},"schema":{"@context":"https:\/\/schema.org","@graph":[{"@type":"WebPage","@id":"https:\/\/compuviper.mx\/tienda\/producto\/manhattan-207539-extensor-video-hdmi-60m-via-cat-5-6-compacto\/","url":"https:\/\/compuviper.mx\/tienda\/producto\/manhattan-207539-extensor-video-hdmi-60m-via-cat-5-6-compacto\/","name":"[ Manhattan ] &#129351; 207539 Extensor Video,,, Hdmi, 60m Via Cat 5\/6, Compacto","isPartOf":{"@id":"https:\/\/compuviper.mx\/tienda\/#website"},"datePublished":"2026-04-02T05:09:32+00:00","dateModified":"2026-04-02T05:09:32+00:00","description":"Compra 207539 Extensor Video,,, Hdmi, 60m Via Cat 5\/6, Compacto + Env\u00edo a domicilio + Pago seguro + Garant\u00eda","breadcrumb":{"@id":"https:\/\/compuviper.mx\/tienda\/producto\/manhattan-207539-extensor-video-hdmi-60m-via-cat-5-6-compacto\/#breadcrumb"},"inLanguage":"es-MX","potentialAction":[{"@type":"ReadAction","target":["https:\/\/compuviper.mx\/tienda\/producto\/manhattan-207539-extensor-video-hdmi-60m-via-cat-5-6-compacto\/"]}]},{"@type":"BreadcrumbList","@id":"https:\/\/compuviper.mx\/tienda\/producto\/manhattan-207539-extensor-video-hdmi-60m-via-cat-5-6-compacto\/#breadcrumb","itemListElement":[{"@type":"ListItem","position":1,"name":"Inicio","item":"https:\/\/compuviper.mx\/tienda\/"},{"@type":"ListItem","position":2,"name":"Productos","item":"https:\/\/compuviper.mx\/tienda\/productos\/"},{"@type":"ListItem","position":3,"name":"Accesorios","item":"https:\/\/compuviper.mx\/tienda\/categoria-producto\/accesorios\/"},{"@type":"ListItem","position":4,"name":"Redes","item":"https:\/\/compuviper.mx\/tienda\/categoria-producto\/accesorios\/redes-accesorios\/"},{"@type":"ListItem","position":5,"name":"Manhattan 207539 Extensor Video,,, Hdmi, 60m Via Cat 5\/6, Compacto"}]},{"@type":"WebSite","@id":"https:\/\/compuviper.mx\/tienda\/#website","url":"https:\/\/compuviper.mx\/tienda\/","name":"Compuviper","description":"Proveedor de Computadoras, Laptops, Servidores, Monitores, Puntos de Venta, Teclados,   Impresoras, T\u00f3ner, C\u00e1maras de Seguridad y m\u00e1s en tu tienda en l\u00ednea","publisher":{"@id":"https:\/\/compuviper.mx\/tienda\/#organization"},"potentialAction":[{"@type":"SearchAction","target":{"@type":"EntryPoint","urlTemplate":"https:\/\/compuviper.mx\/tienda\/?s={search_term_string}"},"query-input":"required name=search_term_string"}],"inLanguage":"es-MX"},{"@type":"Organization","@id":"https:\/\/compuviper.mx\/tienda\/#organization","name":"Compuviper","url":"https:\/\/compuviper.mx\/tienda\/","logo":{"@type":"ImageObject","inLanguage":"es-MX","@id":"https:\/\/compuviper.mx\/tienda\/#\/schema\/logo\/image\/","url":"https:\/\/compuviper.mx\/tienda\/wp-content\/uploads\/2021\/08\/Logo-Compuviper-10.png","contentUrl":"https:\/\/compuviper.mx\/tienda\/wp-content\/uploads\/2021\/08\/Logo-Compuviper-10.png","width":1000,"height":500,"caption":"Compuviper"},"image":{"@id":"https:\/\/compuviper.mx\/tienda\/#\/schema\/logo\/image\/"},"sameAs":["https:\/\/www.facebook.com\/compuviper","https:\/\/www.youtube.com\/channel\/UCf73dERp9Y3cfOq7q8BhLjA?view_as=subscriber"]}]},"product_brand":"MANHATTAN","product_price_amount":"866","product_price_currency":"MXN","og_availability":"instock","product_availability":"instock","product_retailer_item_id":"207539","product_condition":"new"},"_links":{"self":[{"href":"https:\/\/compuviper.mx\/tienda\/wp-json\/wp\/v2\/product\/167057"}],"collection":[{"href":"https:\/\/compuviper.mx\/tienda\/wp-json\/wp\/v2\/product"}],"about":[{"href":"https:\/\/compuviper.mx\/tienda\/wp-json\/wp\/v2\/types\/product"}],"replies":[{"embeddable":true,"href":"https:\/\/compuviper.mx\/tienda\/wp-json\/wp\/v2\/comments?post=167057"}],"wp:featuredmedia":[{"embeddable":true,"href":"https:\/\/compuviper.mx\/tienda\/wp-json\/wp\/v2\/media\/168722"}],"wp:attachment":[{"href":"https:\/\/compuviper.mx\/tienda\/wp-json\/wp\/v2\/media?parent=167057"}],"wp:term":[{"taxonomy":"product_cat","embeddable":true,"href":"https:\/\/compuviper.mx\/tienda\/wp-json\/wp\/v2\/product_cat?post=167057"},{"taxonomy":"product_tag","embeddable":true,"href":"https:\/\/compuviper.mx\/tienda\/wp-json\/wp\/v2\/product_tag?post=167057"}],"curies":[{"name":"wp","href":"https:\/\/api.w.org\/{rel}","templated":true}]}}