{"id":167055,"date":"2026-04-17T23:09:08","date_gmt":"2026-04-18T05:09:08","guid":{"rendered":"https:\/\/compuviper.mx\/tienda\/producto\/manhattan-130691-docking-station-usb-c-a-hdmi-y-vga-4-en-1-con-suministro-de-energa\/"},"modified":"2026-04-17T23:09:08","modified_gmt":"2026-04-18T05:09:08","slug":"manhattan-130691-docking-usb-c-4-ptos-hdmi-vga-usb-a-usb-c-pd","status":"publish","type":"product","link":"https:\/\/compuviper.mx\/tienda\/producto\/manhattan-130691-docking-usb-c-4-ptos-hdmi-vga-usb-a-usb-c-pd\/","title":{"rendered":"Manhattan 130691 Docking Usb,,,-c  4 Ptos, Hdmi\/vga, Usb-a\/usb-c Pd"},"content":{"rendered":"<table class=\"descripcion\">\n<tr>\n<td>Est\u00e1ndares y certificaciones:<\/td>\n<\/tr>\n<tr>\n<td>Dp 1.2 alt mode sobre usb-c<\/td>\n<\/tr>\n<tr>\n<td>&#8211; usb 3.2 gen 1<\/td>\n<\/tr>\n<tr>\n<td>Hdmi 1.4<\/td>\n<\/tr>\n<tr>\n<td>Hdcp 1.4<\/td>\n<\/tr>\n<tr>\n<td>Ce<\/td>\n<\/tr>\n<tr>\n<td>Fcc<\/td>\n<\/tr>\n<tr>\n<td>Rohs<\/td>\n<\/tr>\n<tr>\n<td>Reach<\/td>\n<\/tr>\n<tr>\n<td>Ukca<\/td>\n<\/tr>\n<tr>\n<td>General<\/td>\n<\/tr>\n<tr>\n<td>Velocidad de transferencia de datos del puerto usb-a: 5 gbps<\/td>\n<\/tr>\n<tr>\n<td>Funcionamiento alimentado por bus (excepto las funciones de carga)<\/td>\n<\/tr>\n<tr>\n<td>Carga usb-c pd: 87 w m\u00e1x. (20 v a 5 a)<\/td>\n<\/tr>\n<tr>\n<td>Carga usb-a: 5 w m\u00e1x. (5 v a 1 a)<\/td>\n<\/tr>\n<tr>\n<td>Conectores<\/td>\n<\/tr>\n<tr>\n<td>Un usb-c de 24 pines, macho<\/td>\n<\/tr>\n<tr>\n<td>Un usb-c de 24 pines, hembra<\/td>\n<\/tr>\n<tr>\n<td>Un usb-a de 4 pines, hembra<\/td>\n<\/tr>\n<tr>\n<td>Un hdmi de 19 pines, hembra<\/td>\n<\/tr>\n<tr>\n<td>Caracter\u00edsticas f\u00edsicas<\/td>\n<\/tr>\n<tr>\n<td>Dimensiones (l x an x al): 62 x 40 x 15 mm (2.44 x 1.73 x 0.59 pulg.)<\/td>\n<\/tr>\n<tr>\n<td>Peso neto: 42 g (1.48 onzas)<\/td>\n<\/tr>\n<tr>\n<td>Peso bruto: 63 g (2.22 onzas)<\/td>\n<\/tr>\n<tr>\n<td>Longitud del cable: 15 cm (6 pulgadas)<\/td>\n<\/tr>\n<tr>\n<td>Di\u00e1metro del cable: 34 awg<\/td>\n<\/tr>\n<tr>\n<td>Carcasa de aluminio<\/td>\n<\/tr>\n<tr>\n<td>Ambiente de operaci\u00f3n<\/td>\n<\/tr>\n<tr>\n<td>Temperatura de funcionamiento: 0 &#8211; 45\u00b0c (32 &#8211; 113\u00b0f)<\/td>\n<\/tr>\n<tr>\n<td>Temperatura de almacenamiento: -10 &#8211; 70\u00b0c (14 &#8211; 158\u00b0f)<\/td>\n<\/tr>\n<tr>\n<td>Humedad (sin condensaci\u00f3n) 5 &#8211; 90% hr<\/td>\n<\/tr>\n<tr>\n<td>Requisitos del sistema<\/td>\n<\/tr>\n<tr>\n<td>Windows 7\/8.1\/10\/11, linux, chrome os, macos, ipados or android<\/td>\n<\/tr>\n<tr>\n<td>Contenido del paquete:<\/td>\n<\/tr>\n<tr>\n<td>Docking station de usb-c a hdmi y vga, 4 en 1, con suministro de energ\u00eda<\/td>\n<\/tr>\n<tr>\n<td>Instrucciones<\/td>\n<\/tr>\n<\/table>\n","protected":false},"excerpt":{"rendered":"<p>Highlights. Crea una configuraci\u00f3n de doble pantalla, carga tus dispositivos y conecta un perif\u00e9rico. Resoluci\u00f3n uhd de hasta 4k@30hz (3840\u00d72160) en conexi\u00f3n hdmi. Resoluci\u00f3n full hd de hasta 1080p@60hz (1920\u00d71080) en conexi\u00f3n vga. Doble salida de video con resoluciones de hasta 1080p@60hz en ambas pantallas. Admite los modos de visualizaci\u00f3n de espejo y espejo extendido. Un puerto usb 3.2 gen 1 tipo a (anteriormente usb 3.0) con velocidades de transferencia superspeed  and #8203; and #8203;de hasta 5 gbps y carga de hasta 5 w (5 v\/1 a. Puerto usb-a para conectar mouse, teclados o dispositivos de memoria usb (y m\u00e1s) o para cargar y sincronizar un dispositivo electr\u00f3nico port\u00e1til. Admite la funci\u00f3n usb power delivery (pd) de hasta 87 w; requiere un cargador pd externo, disponible en manhattan. Compatible con displayport 1.2 modo alternativo (modo alt dp. Compatible con todas las computadoras de escritorio, laptops y tabletas compatibles con usb-c dp-alt-mode, incluidos apple\u00ae macbook\u00ae, cromebook\u0099, pixel\u0099 y m\u00e1s. Carcasa de aluminio robusta y elegante, ideal tanto para el escritorio como para los viajes. Cable integrado y resistente de 15 cm. Totalmente compatible con hdcp 1.4, compatible con versiones anteriores. Permite que tu smartphone funcione como una pc de escritorio al mismo tiempo que se carga (la configuraci\u00f3n de escritorio requiere dispositivos con android 9 o superior que ofrezcan salida de v\u00eddeo a trav\u00e9s de usb-c. Instalaci\u00f3n plug-and-play; compatible con windows\u00ae, macos\u00ae, linux\u00ae y chrome os\u0099, ipados\u00ae y android?. Tres a\u00f1os de garant\u00eda<\/p>\n","protected":false},"featured_media":168720,"comment_status":"open","ping_status":"open","template":"","meta":[],"product_cat":[1485,1581],"product_tag":[1487],"acf":[],"yoast_head":"<!-- This site is optimized with the Yoast SEO plugin v21.7 - https:\/\/yoast.com\/wordpress\/plugins\/seo\/ -->\n<title>[ Manhattan ] &#129351; 130691 Docking Usb,,,-c 4 Ptos, Hdmi\/vga, Usb-a\/usb-c Pd<\/title>\n<meta name=\"description\" content=\"Compra 130691 Docking Usb,,,-c 4 Ptos, Hdmi\/vga, Usb-a\/usb-c Pd + Env\u00edo a domicilio + Pago seguro + Garant\u00eda\" \/>\n<meta name=\"robots\" content=\"index, follow, max-snippet:-1, max-image-preview:large, max-video-preview:-1\" \/>\n<link rel=\"canonical\" href=\"https:\/\/compuviper.mx\/tienda\/producto\/manhattan-130691-docking-usb-c-4-ptos-hdmi-vga-usb-a-usb-c-pd\/\" \/>\n<meta property=\"og:locale\" content=\"es_MX\" \/>\n<meta property=\"og:type\" content=\"article\" \/>\n<meta property=\"og:title\" content=\"[ Manhattan ] &#129351; 130691 Docking Usb,,,-c 4 Ptos, Hdmi\/vga, Usb-a\/usb-c Pd\" \/>\n<meta property=\"og:description\" content=\"Compra 130691 Docking Usb,,,-c 4 Ptos, Hdmi\/vga, Usb-a\/usb-c Pd + Env\u00edo a domicilio + Pago seguro + Garant\u00eda\" \/>\n<meta property=\"og:url\" content=\"https:\/\/compuviper.mx\/tienda\/producto\/manhattan-130691-docking-usb-c-4-ptos-hdmi-vga-usb-a-usb-c-pd\/\" \/>\n<meta property=\"og:site_name\" content=\"Compuviper\" \/>\n<meta property=\"article:publisher\" content=\"https:\/\/www.facebook.com\/compuviper\" \/>\n<meta property=\"og:image\" content=\"https:\/\/compuviper.mx\/tienda\/wp-content\/uploads\/2023\/03\/Docking-station-manhattan-usb-c-a-hdmi-y-vga-4-en-1-con-suministro-de-energia.jpg\" \/>\n\t<meta property=\"og:image:width\" content=\"200\" \/>\n\t<meta property=\"og:image:height\" content=\"200\" \/>\n\t<meta property=\"og:image:type\" content=\"image\/jpeg\" \/>\n<meta name=\"twitter:card\" content=\"summary_large_image\" \/>\n<meta name=\"twitter:label1\" content=\"Precio\" \/>\n\t<meta name=\"twitter:data1\" content=\"&#36;430 con IVA\" \/>\n\t<meta name=\"twitter:label2\" content=\"Availability\" \/>\n\t<meta name=\"twitter:data2\" content=\"In stock\" \/>\n<script type=\"application\/ld+json\" class=\"yoast-schema-graph\">{\"@context\":\"https:\/\/schema.org\",\"@graph\":[{\"@type\":\"WebPage\",\"@id\":\"https:\/\/compuviper.mx\/tienda\/producto\/manhattan-130691-docking-usb-c-4-ptos-hdmi-vga-usb-a-usb-c-pd\/\",\"url\":\"https:\/\/compuviper.mx\/tienda\/producto\/manhattan-130691-docking-usb-c-4-ptos-hdmi-vga-usb-a-usb-c-pd\/\",\"name\":\"[ Manhattan ] &#129351; 130691 Docking Usb,,,-c 4 Ptos, Hdmi\/vga, Usb-a\/usb-c Pd\",\"isPartOf\":{\"@id\":\"https:\/\/compuviper.mx\/tienda\/#website\"},\"datePublished\":\"2026-04-18T05:09:08+00:00\",\"dateModified\":\"2026-04-18T05:09:08+00:00\",\"description\":\"Compra 130691 Docking Usb,,,-c 4 Ptos, Hdmi\/vga, Usb-a\/usb-c Pd + Env\u00edo a domicilio + Pago seguro + Garant\u00eda\",\"breadcrumb\":{\"@id\":\"https:\/\/compuviper.mx\/tienda\/producto\/manhattan-130691-docking-usb-c-4-ptos-hdmi-vga-usb-a-usb-c-pd\/#breadcrumb\"},\"inLanguage\":\"es-MX\",\"potentialAction\":[{\"@type\":\"ReadAction\",\"target\":[\"https:\/\/compuviper.mx\/tienda\/producto\/manhattan-130691-docking-usb-c-4-ptos-hdmi-vga-usb-a-usb-c-pd\/\"]}]},{\"@type\":\"BreadcrumbList\",\"@id\":\"https:\/\/compuviper.mx\/tienda\/producto\/manhattan-130691-docking-usb-c-4-ptos-hdmi-vga-usb-a-usb-c-pd\/#breadcrumb\",\"itemListElement\":[{\"@type\":\"ListItem\",\"position\":1,\"name\":\"Inicio\",\"item\":\"https:\/\/compuviper.mx\/tienda\/\"},{\"@type\":\"ListItem\",\"position\":2,\"name\":\"Productos\",\"item\":\"https:\/\/compuviper.mx\/tienda\/productos\/\"},{\"@type\":\"ListItem\",\"position\":3,\"name\":\"Accesorios\",\"item\":\"https:\/\/compuviper.mx\/tienda\/categoria-producto\/accesorios\/\"},{\"@type\":\"ListItem\",\"position\":4,\"name\":\"Redes\",\"item\":\"https:\/\/compuviper.mx\/tienda\/categoria-producto\/accesorios\/redes-accesorios\/\"},{\"@type\":\"ListItem\",\"position\":5,\"name\":\"Manhattan 130691 Docking Usb,,,-c 4 Ptos, Hdmi\/vga, Usb-a\/usb-c Pd\"}]},{\"@type\":\"WebSite\",\"@id\":\"https:\/\/compuviper.mx\/tienda\/#website\",\"url\":\"https:\/\/compuviper.mx\/tienda\/\",\"name\":\"Compuviper\",\"description\":\"Proveedor de Computadoras, Laptops, Servidores, Monitores, Puntos de Venta, Teclados,   Impresoras, T\u00f3ner, C\u00e1maras de Seguridad y m\u00e1s en tu tienda en l\u00ednea\",\"publisher\":{\"@id\":\"https:\/\/compuviper.mx\/tienda\/#organization\"},\"potentialAction\":[{\"@type\":\"SearchAction\",\"target\":{\"@type\":\"EntryPoint\",\"urlTemplate\":\"https:\/\/compuviper.mx\/tienda\/?s={search_term_string}\"},\"query-input\":\"required name=search_term_string\"}],\"inLanguage\":\"es-MX\"},{\"@type\":\"Organization\",\"@id\":\"https:\/\/compuviper.mx\/tienda\/#organization\",\"name\":\"Compuviper\",\"url\":\"https:\/\/compuviper.mx\/tienda\/\",\"logo\":{\"@type\":\"ImageObject\",\"inLanguage\":\"es-MX\",\"@id\":\"https:\/\/compuviper.mx\/tienda\/#\/schema\/logo\/image\/\",\"url\":\"https:\/\/compuviper.mx\/tienda\/wp-content\/uploads\/2021\/08\/Logo-Compuviper-10.png\",\"contentUrl\":\"https:\/\/compuviper.mx\/tienda\/wp-content\/uploads\/2021\/08\/Logo-Compuviper-10.png\",\"width\":1000,\"height\":500,\"caption\":\"Compuviper\"},\"image\":{\"@id\":\"https:\/\/compuviper.mx\/tienda\/#\/schema\/logo\/image\/\"},\"sameAs\":[\"https:\/\/www.facebook.com\/compuviper\",\"https:\/\/www.youtube.com\/channel\/UCf73dERp9Y3cfOq7q8BhLjA?view_as=subscriber\"]}]}<\/script>\n<meta property=\"product:brand\" content=\"MANHATTAN\" \/>\n<meta property=\"product:price:amount\" content=\"430\" \/>\n<meta property=\"product:price:currency\" content=\"MXN\" \/>\n<meta property=\"og:availability\" content=\"instock\" \/>\n<meta property=\"product:availability\" content=\"instock\" \/>\n<meta property=\"product:retailer_item_id\" content=\"130691\" \/>\n<meta property=\"product:condition\" content=\"new\" \/>\n<!-- \/ Yoast SEO plugin. -->","yoast_head_json":{"title":"[ Manhattan ] &#129351; 130691 Docking Usb,,,-c 4 Ptos, Hdmi\/vga, Usb-a\/usb-c Pd","description":"Compra 130691 Docking Usb,,,-c 4 Ptos, Hdmi\/vga, Usb-a\/usb-c Pd + Env\u00edo a domicilio + Pago seguro + Garant\u00eda","robots":{"index":"index","follow":"follow","max-snippet":"max-snippet:-1","max-image-preview":"max-image-preview:large","max-video-preview":"max-video-preview:-1"},"canonical":"https:\/\/compuviper.mx\/tienda\/producto\/manhattan-130691-docking-usb-c-4-ptos-hdmi-vga-usb-a-usb-c-pd\/","og_locale":"es_MX","og_type":"article","og_title":"[ Manhattan ] &#129351; 130691 Docking Usb,,,-c 4 Ptos, Hdmi\/vga, Usb-a\/usb-c Pd","og_description":"Compra 130691 Docking Usb,,,-c 4 Ptos, Hdmi\/vga, Usb-a\/usb-c Pd + Env\u00edo a domicilio + Pago seguro + Garant\u00eda","og_url":"https:\/\/compuviper.mx\/tienda\/producto\/manhattan-130691-docking-usb-c-4-ptos-hdmi-vga-usb-a-usb-c-pd\/","og_site_name":"Compuviper","article_publisher":"https:\/\/www.facebook.com\/compuviper","og_image":[{"width":200,"height":200,"url":"https:\/\/compuviper.mx\/tienda\/wp-content\/uploads\/2023\/03\/Docking-station-manhattan-usb-c-a-hdmi-y-vga-4-en-1-con-suministro-de-energia.jpg","type":"image\/jpeg"}],"twitter_card":"summary_large_image","twitter_misc":{"Precio":"&#36;430 con IVA","Availability":"In stock"},"schema":{"@context":"https:\/\/schema.org","@graph":[{"@type":"WebPage","@id":"https:\/\/compuviper.mx\/tienda\/producto\/manhattan-130691-docking-usb-c-4-ptos-hdmi-vga-usb-a-usb-c-pd\/","url":"https:\/\/compuviper.mx\/tienda\/producto\/manhattan-130691-docking-usb-c-4-ptos-hdmi-vga-usb-a-usb-c-pd\/","name":"[ Manhattan ] &#129351; 130691 Docking Usb,,,-c 4 Ptos, Hdmi\/vga, Usb-a\/usb-c Pd","isPartOf":{"@id":"https:\/\/compuviper.mx\/tienda\/#website"},"datePublished":"2026-04-18T05:09:08+00:00","dateModified":"2026-04-18T05:09:08+00:00","description":"Compra 130691 Docking Usb,,,-c 4 Ptos, Hdmi\/vga, Usb-a\/usb-c Pd + Env\u00edo a domicilio + Pago seguro + Garant\u00eda","breadcrumb":{"@id":"https:\/\/compuviper.mx\/tienda\/producto\/manhattan-130691-docking-usb-c-4-ptos-hdmi-vga-usb-a-usb-c-pd\/#breadcrumb"},"inLanguage":"es-MX","potentialAction":[{"@type":"ReadAction","target":["https:\/\/compuviper.mx\/tienda\/producto\/manhattan-130691-docking-usb-c-4-ptos-hdmi-vga-usb-a-usb-c-pd\/"]}]},{"@type":"BreadcrumbList","@id":"https:\/\/compuviper.mx\/tienda\/producto\/manhattan-130691-docking-usb-c-4-ptos-hdmi-vga-usb-a-usb-c-pd\/#breadcrumb","itemListElement":[{"@type":"ListItem","position":1,"name":"Inicio","item":"https:\/\/compuviper.mx\/tienda\/"},{"@type":"ListItem","position":2,"name":"Productos","item":"https:\/\/compuviper.mx\/tienda\/productos\/"},{"@type":"ListItem","position":3,"name":"Accesorios","item":"https:\/\/compuviper.mx\/tienda\/categoria-producto\/accesorios\/"},{"@type":"ListItem","position":4,"name":"Redes","item":"https:\/\/compuviper.mx\/tienda\/categoria-producto\/accesorios\/redes-accesorios\/"},{"@type":"ListItem","position":5,"name":"Manhattan 130691 Docking Usb,,,-c 4 Ptos, Hdmi\/vga, Usb-a\/usb-c Pd"}]},{"@type":"WebSite","@id":"https:\/\/compuviper.mx\/tienda\/#website","url":"https:\/\/compuviper.mx\/tienda\/","name":"Compuviper","description":"Proveedor de Computadoras, Laptops, Servidores, Monitores, Puntos de Venta, Teclados,   Impresoras, T\u00f3ner, C\u00e1maras de Seguridad y m\u00e1s en tu tienda en l\u00ednea","publisher":{"@id":"https:\/\/compuviper.mx\/tienda\/#organization"},"potentialAction":[{"@type":"SearchAction","target":{"@type":"EntryPoint","urlTemplate":"https:\/\/compuviper.mx\/tienda\/?s={search_term_string}"},"query-input":"required name=search_term_string"}],"inLanguage":"es-MX"},{"@type":"Organization","@id":"https:\/\/compuviper.mx\/tienda\/#organization","name":"Compuviper","url":"https:\/\/compuviper.mx\/tienda\/","logo":{"@type":"ImageObject","inLanguage":"es-MX","@id":"https:\/\/compuviper.mx\/tienda\/#\/schema\/logo\/image\/","url":"https:\/\/compuviper.mx\/tienda\/wp-content\/uploads\/2021\/08\/Logo-Compuviper-10.png","contentUrl":"https:\/\/compuviper.mx\/tienda\/wp-content\/uploads\/2021\/08\/Logo-Compuviper-10.png","width":1000,"height":500,"caption":"Compuviper"},"image":{"@id":"https:\/\/compuviper.mx\/tienda\/#\/schema\/logo\/image\/"},"sameAs":["https:\/\/www.facebook.com\/compuviper","https:\/\/www.youtube.com\/channel\/UCf73dERp9Y3cfOq7q8BhLjA?view_as=subscriber"]}]},"product_brand":"MANHATTAN","product_price_amount":"430","product_price_currency":"MXN","og_availability":"instock","product_availability":"instock","product_retailer_item_id":"130691","product_condition":"new"},"_links":{"self":[{"href":"https:\/\/compuviper.mx\/tienda\/wp-json\/wp\/v2\/product\/167055"}],"collection":[{"href":"https:\/\/compuviper.mx\/tienda\/wp-json\/wp\/v2\/product"}],"about":[{"href":"https:\/\/compuviper.mx\/tienda\/wp-json\/wp\/v2\/types\/product"}],"replies":[{"embeddable":true,"href":"https:\/\/compuviper.mx\/tienda\/wp-json\/wp\/v2\/comments?post=167055"}],"wp:featuredmedia":[{"embeddable":true,"href":"https:\/\/compuviper.mx\/tienda\/wp-json\/wp\/v2\/media\/168720"}],"wp:attachment":[{"href":"https:\/\/compuviper.mx\/tienda\/wp-json\/wp\/v2\/media?parent=167055"}],"wp:term":[{"taxonomy":"product_cat","embeddable":true,"href":"https:\/\/compuviper.mx\/tienda\/wp-json\/wp\/v2\/product_cat?post=167055"},{"taxonomy":"product_tag","embeddable":true,"href":"https:\/\/compuviper.mx\/tienda\/wp-json\/wp\/v2\/product_tag?post=167055"}],"curies":[{"name":"wp","href":"https:\/\/api.w.org\/{rel}","templated":true}]}}