{"id":167054,"date":"2026-04-13T23:07:52","date_gmt":"2026-04-14T05:07:52","guid":{"rendered":"https:\/\/compuviper.mx\/tienda\/producto\/manhattan-130707-docking-station-usb-c-a-hdmi-3-en-1-con-suministro-de-energa-usb-3-2-tipo-c-macho-a-hdmi-4k-a-30-hz-usb-a-5-gbps-y-usb-c-pd-100-w-hembra-carga-de-transferencia-aluminio\/"},"modified":"2026-04-13T23:07:52","modified_gmt":"2026-04-14T05:07:52","slug":"manhattan-130707-docking-usb-c-3-ptos-hdmi-usb-a-usb-c-pd","status":"publish","type":"product","link":"https:\/\/compuviper.mx\/tienda\/producto\/manhattan-130707-docking-usb-c-3-ptos-hdmi-usb-a-usb-c-pd\/","title":{"rendered":"Manhattan 130707 Docking Usb,,,-c 3 Ptos, Hdmi\/usb-a\/usb-c Pd"},"content":{"rendered":"<table class=\"descripcion\">\n<tr>\n<td>Est\u00e1ndares y certificaciones:<\/td>\n<\/tr>\n<tr>\n<td>Dp 1.2 alt mode sobre usb-c<\/td>\n<\/tr>\n<tr>\n<td>Usb 3.2 gen 1<\/td>\n<\/tr>\n<tr>\n<td>Hdmi 1.4<\/td>\n<\/tr>\n<tr>\n<td>Hdcp 1.4<\/td>\n<\/tr>\n<tr>\n<td>Ce<\/td>\n<\/tr>\n<tr>\n<td>Fcc<\/td>\n<\/tr>\n<tr>\n<td>Rohs<\/td>\n<\/tr>\n<tr>\n<td>Reach<\/td>\n<\/tr>\n<tr>\n<td>Ukca<\/td>\n<\/tr>\n<tr>\n<td>General<\/td>\n<\/tr>\n<tr>\n<td>Velocidad de transferencia de datos del puerto usb-a: 5 gbps<\/td>\n<\/tr>\n<tr>\n<td>Funcionamiento con alimentaci\u00f3n por bus (excepto las funciones de carga)<\/td>\n<\/tr>\n<tr>\n<td>Puerto de carga usb-c pd: 100 w (20 v a 5 a) m\u00e1x.<\/td>\n<\/tr>\n<tr>\n<td>Carga usb-a: 7.5 w (5.0 v a 1.5 a) m\u00e1x.<\/td>\n<\/tr>\n<tr>\n<td>Conectores<\/td>\n<\/tr>\n<tr>\n<td>Un usb-c de 24 pines, macho<\/td>\n<\/tr>\n<tr>\n<td>Un usb-c de 24 pines, hembra<\/td>\n<\/tr>\n<tr>\n<td>Un usb-a de 4 pines, hembra<\/td>\n<\/tr>\n<tr>\n<td>Un hdmi de 19 pines, hembra<\/td>\n<\/tr>\n<tr>\n<td>Caracter\u00edsticas f\u00edsicas<\/td>\n<\/tr>\n<tr>\n<td>Dimensiones (l x an x al): 71 x 29 x 12 mm (2.8 x 1.14 x 0.47 pulg.)<\/td>\n<\/tr>\n<tr>\n<td>Peso neto: 31 g (1.09 onzas)<\/td>\n<\/tr>\n<tr>\n<td>Peso bruto: 55 g (1,94 oz.)<\/td>\n<\/tr>\n<tr>\n<td>Longitud del cable: 11 cm (4 pulg.)<\/td>\n<\/tr>\n<tr>\n<td>Di\u00e1metro del cable: 34 awg<\/td>\n<\/tr>\n<tr>\n<td>Carcasa de aluminio<\/td>\n<\/tr>\n<tr>\n<td>Ambiente de operaci\u00f3n<\/td>\n<\/tr>\n<tr>\n<td>Temperatura de funcionamiento: 0 &#8211; 45\u00b0c (32 &#8211; 113\u00b0f)<\/td>\n<\/tr>\n<tr>\n<td>Temperatura de almacenamiento: -10 &#8211; 70\u00b0c (14 &#8211; 158\u00b0f)<\/td>\n<\/tr>\n<tr>\n<td>Humedad (sin condensaci\u00f3n) 5 &#8211; 90% hr<\/td>\n<\/tr>\n<tr>\n<td>Requisitos del sistema<\/td>\n<\/tr>\n<tr>\n<td>Windows 7\/8.1\/10\/11, linux, chrome os, macos, ipados or android<\/td>\n<\/tr>\n<tr>\n<td>Contenido del paquete:<\/td>\n<\/tr>\n<tr>\n<td>Docking station usb-c a hdmi, 3 en 1 con suministro de energ\u00eda<\/td>\n<\/tr>\n<tr>\n<td>Instrucciones<\/td>\n<\/tr>\n<\/table>\n","protected":false},"excerpt":{"rendered":"<p>Conecta f\u00e1cilmente un dispositivo usb-c a una pantalla hdmi y un perif\u00e9rico usb-a al tiempo que cargas ambos dispositivos usb. Resoluciones de hasta ultra alta definici\u00f3n (uhd) 4k@30hz (3840 \u00d7 2160. Un puerto usb 3.2 gen 1 tipo a (anteriormente usb 3.0) con velocidades de transferencia superspeed de hasta 5 gbps y carga de hasta 5 w (5 v\/1 a. Puerto usb-a para conectar mouse, teclados o dispositivos de memoria usb (y m\u00e1s) o para cargar y sincronizar un dispositivo electr\u00f3nico port\u00e1til. Admite la funci\u00f3n usb power delivery (pd) de hasta 100 w; requiere un cargador pd externo &#8211; disponible en manhattan. Compatible con displayport 1.2 modo alternativo (modo alt dp. Compatible con todas las computadoras de escritorio, laptops y tabletas compatibles con usb-c dp-alt-mode, incluidos apple\u00ae macbook\u00ae, cromebook, pixel y m\u00e1s. Carcasa de aluminio robusta y elegante, ideal tanto para el escritorio como para los viajes. Cable resistente integrado de 11 cm (4 pulg.. Totalmente compatible con hdcp 1.4, compatible con versiones anteriores. Permite que tu smartphone funcione como una pc de escritorio al mismo tiempo que se carga (la configuraci\u00f3n de escritorio requiere dispositivos con android 9 o superior que ofrezcan salida de v\u00eddeo a trav\u00e9s de usb-c. Instalaci\u00f3n plug-and-play; compatible con windows\u00ae, macos\u00ae, linux\u00ae y chrome os\u00bf, ipados\u00ae y android<\/p>\n","protected":false},"featured_media":168719,"comment_status":"open","ping_status":"open","template":"","meta":[],"product_cat":[1485,1581],"product_tag":[1487],"acf":[],"yoast_head":"<!-- This site is optimized with the Yoast SEO plugin v21.7 - https:\/\/yoast.com\/wordpress\/plugins\/seo\/ -->\n<title>[ Manhattan ] &#129351; 130707 Docking Usb,,,-c 3 Ptos, Hdmi\/usb-a\/usb-c Pd<\/title>\n<meta name=\"description\" content=\"Compra 130707 Docking Usb,,,-c 3 Ptos, Hdmi\/usb-a\/usb-c Pd + Env\u00edo a domicilio + Pago seguro + Garant\u00eda\" \/>\n<meta name=\"robots\" content=\"index, follow, max-snippet:-1, max-image-preview:large, max-video-preview:-1\" \/>\n<link rel=\"canonical\" href=\"https:\/\/compuviper.mx\/tienda\/producto\/manhattan-130707-docking-usb-c-3-ptos-hdmi-usb-a-usb-c-pd\/\" \/>\n<meta property=\"og:locale\" content=\"es_MX\" \/>\n<meta property=\"og:type\" content=\"article\" \/>\n<meta property=\"og:title\" content=\"[ Manhattan ] &#129351; 130707 Docking Usb,,,-c 3 Ptos, Hdmi\/usb-a\/usb-c Pd\" \/>\n<meta property=\"og:description\" content=\"Compra 130707 Docking Usb,,,-c 3 Ptos, Hdmi\/usb-a\/usb-c Pd + Env\u00edo a domicilio + Pago seguro + Garant\u00eda\" \/>\n<meta property=\"og:url\" content=\"https:\/\/compuviper.mx\/tienda\/producto\/manhattan-130707-docking-usb-c-3-ptos-hdmi-usb-a-usb-c-pd\/\" \/>\n<meta property=\"og:site_name\" content=\"Compuviper\" \/>\n<meta property=\"article:publisher\" content=\"https:\/\/www.facebook.com\/compuviper\" \/>\n<meta property=\"og:image\" content=\"https:\/\/compuviper.mx\/tienda\/wp-content\/uploads\/2023\/03\/Docking-station-manhattan-usb-c-a-hdmi-3-en-1-con-suministro-de-energia-usb-3.2-tipo-c-macho-a-hdmi-4k-a-30-hz-usb-a-5-gbps-y-usb-c-pd-100-w-hembra-carga-de-transferencia-aluminio.jpg\" \/>\n\t<meta property=\"og:image:width\" content=\"200\" \/>\n\t<meta property=\"og:image:height\" content=\"200\" \/>\n\t<meta property=\"og:image:type\" content=\"image\/jpeg\" \/>\n<meta name=\"twitter:card\" content=\"summary_large_image\" \/>\n<meta name=\"twitter:label1\" content=\"Precio\" \/>\n\t<meta name=\"twitter:data1\" content=\"&#36;353 con IVA\" \/>\n\t<meta name=\"twitter:label2\" content=\"Availability\" \/>\n\t<meta name=\"twitter:data2\" content=\"Out of stock\" \/>\n<script type=\"application\/ld+json\" class=\"yoast-schema-graph\">{\"@context\":\"https:\/\/schema.org\",\"@graph\":[{\"@type\":\"WebPage\",\"@id\":\"https:\/\/compuviper.mx\/tienda\/producto\/manhattan-130707-docking-usb-c-3-ptos-hdmi-usb-a-usb-c-pd\/\",\"url\":\"https:\/\/compuviper.mx\/tienda\/producto\/manhattan-130707-docking-usb-c-3-ptos-hdmi-usb-a-usb-c-pd\/\",\"name\":\"[ Manhattan ] &#129351; 130707 Docking Usb,,,-c 3 Ptos, Hdmi\/usb-a\/usb-c Pd\",\"isPartOf\":{\"@id\":\"https:\/\/compuviper.mx\/tienda\/#website\"},\"datePublished\":\"2026-04-14T05:07:52+00:00\",\"dateModified\":\"2026-04-14T05:07:52+00:00\",\"description\":\"Compra 130707 Docking Usb,,,-c 3 Ptos, Hdmi\/usb-a\/usb-c Pd + Env\u00edo a domicilio + Pago seguro + Garant\u00eda\",\"breadcrumb\":{\"@id\":\"https:\/\/compuviper.mx\/tienda\/producto\/manhattan-130707-docking-usb-c-3-ptos-hdmi-usb-a-usb-c-pd\/#breadcrumb\"},\"inLanguage\":\"es-MX\",\"potentialAction\":[{\"@type\":\"ReadAction\",\"target\":[\"https:\/\/compuviper.mx\/tienda\/producto\/manhattan-130707-docking-usb-c-3-ptos-hdmi-usb-a-usb-c-pd\/\"]}]},{\"@type\":\"BreadcrumbList\",\"@id\":\"https:\/\/compuviper.mx\/tienda\/producto\/manhattan-130707-docking-usb-c-3-ptos-hdmi-usb-a-usb-c-pd\/#breadcrumb\",\"itemListElement\":[{\"@type\":\"ListItem\",\"position\":1,\"name\":\"Inicio\",\"item\":\"https:\/\/compuviper.mx\/tienda\/\"},{\"@type\":\"ListItem\",\"position\":2,\"name\":\"Productos\",\"item\":\"https:\/\/compuviper.mx\/tienda\/productos\/\"},{\"@type\":\"ListItem\",\"position\":3,\"name\":\"Accesorios\",\"item\":\"https:\/\/compuviper.mx\/tienda\/categoria-producto\/accesorios\/\"},{\"@type\":\"ListItem\",\"position\":4,\"name\":\"Redes\",\"item\":\"https:\/\/compuviper.mx\/tienda\/categoria-producto\/accesorios\/redes-accesorios\/\"},{\"@type\":\"ListItem\",\"position\":5,\"name\":\"Manhattan 130707 Docking Usb,,,-c 3 Ptos, Hdmi\/usb-a\/usb-c Pd\"}]},{\"@type\":\"WebSite\",\"@id\":\"https:\/\/compuviper.mx\/tienda\/#website\",\"url\":\"https:\/\/compuviper.mx\/tienda\/\",\"name\":\"Compuviper\",\"description\":\"Proveedor de Computadoras, Laptops, Servidores, Monitores, Puntos de Venta, Teclados,   Impresoras, T\u00f3ner, C\u00e1maras de Seguridad y m\u00e1s en tu tienda en l\u00ednea\",\"publisher\":{\"@id\":\"https:\/\/compuviper.mx\/tienda\/#organization\"},\"potentialAction\":[{\"@type\":\"SearchAction\",\"target\":{\"@type\":\"EntryPoint\",\"urlTemplate\":\"https:\/\/compuviper.mx\/tienda\/?s={search_term_string}\"},\"query-input\":\"required name=search_term_string\"}],\"inLanguage\":\"es-MX\"},{\"@type\":\"Organization\",\"@id\":\"https:\/\/compuviper.mx\/tienda\/#organization\",\"name\":\"Compuviper\",\"url\":\"https:\/\/compuviper.mx\/tienda\/\",\"logo\":{\"@type\":\"ImageObject\",\"inLanguage\":\"es-MX\",\"@id\":\"https:\/\/compuviper.mx\/tienda\/#\/schema\/logo\/image\/\",\"url\":\"https:\/\/compuviper.mx\/tienda\/wp-content\/uploads\/2021\/08\/Logo-Compuviper-10.png\",\"contentUrl\":\"https:\/\/compuviper.mx\/tienda\/wp-content\/uploads\/2021\/08\/Logo-Compuviper-10.png\",\"width\":1000,\"height\":500,\"caption\":\"Compuviper\"},\"image\":{\"@id\":\"https:\/\/compuviper.mx\/tienda\/#\/schema\/logo\/image\/\"},\"sameAs\":[\"https:\/\/www.facebook.com\/compuviper\",\"https:\/\/www.youtube.com\/channel\/UCf73dERp9Y3cfOq7q8BhLjA?view_as=subscriber\"]}]}<\/script>\n<meta property=\"product:brand\" content=\"MANHATTAN\" \/>\n<meta property=\"product:price:amount\" content=\"353\" \/>\n<meta property=\"product:price:currency\" content=\"MXN\" \/>\n<meta property=\"og:availability\" content=\"out of stock\" \/>\n<meta property=\"product:availability\" content=\"out of stock\" \/>\n<meta property=\"product:retailer_item_id\" content=\"130707\" \/>\n<meta property=\"product:condition\" content=\"new\" \/>\n<!-- \/ Yoast SEO plugin. -->","yoast_head_json":{"title":"[ Manhattan ] &#129351; 130707 Docking Usb,,,-c 3 Ptos, Hdmi\/usb-a\/usb-c Pd","description":"Compra 130707 Docking Usb,,,-c 3 Ptos, Hdmi\/usb-a\/usb-c Pd + Env\u00edo a domicilio + Pago seguro + Garant\u00eda","robots":{"index":"index","follow":"follow","max-snippet":"max-snippet:-1","max-image-preview":"max-image-preview:large","max-video-preview":"max-video-preview:-1"},"canonical":"https:\/\/compuviper.mx\/tienda\/producto\/manhattan-130707-docking-usb-c-3-ptos-hdmi-usb-a-usb-c-pd\/","og_locale":"es_MX","og_type":"article","og_title":"[ Manhattan ] &#129351; 130707 Docking Usb,,,-c 3 Ptos, Hdmi\/usb-a\/usb-c Pd","og_description":"Compra 130707 Docking Usb,,,-c 3 Ptos, Hdmi\/usb-a\/usb-c Pd + Env\u00edo a domicilio + Pago seguro + Garant\u00eda","og_url":"https:\/\/compuviper.mx\/tienda\/producto\/manhattan-130707-docking-usb-c-3-ptos-hdmi-usb-a-usb-c-pd\/","og_site_name":"Compuviper","article_publisher":"https:\/\/www.facebook.com\/compuviper","og_image":[{"width":200,"height":200,"url":"https:\/\/compuviper.mx\/tienda\/wp-content\/uploads\/2023\/03\/Docking-station-manhattan-usb-c-a-hdmi-3-en-1-con-suministro-de-energia-usb-3.2-tipo-c-macho-a-hdmi-4k-a-30-hz-usb-a-5-gbps-y-usb-c-pd-100-w-hembra-carga-de-transferencia-aluminio.jpg","type":"image\/jpeg"}],"twitter_card":"summary_large_image","twitter_misc":{"Precio":"&#36;353 con IVA","Availability":"Out of stock"},"schema":{"@context":"https:\/\/schema.org","@graph":[{"@type":"WebPage","@id":"https:\/\/compuviper.mx\/tienda\/producto\/manhattan-130707-docking-usb-c-3-ptos-hdmi-usb-a-usb-c-pd\/","url":"https:\/\/compuviper.mx\/tienda\/producto\/manhattan-130707-docking-usb-c-3-ptos-hdmi-usb-a-usb-c-pd\/","name":"[ Manhattan ] &#129351; 130707 Docking Usb,,,-c 3 Ptos, Hdmi\/usb-a\/usb-c Pd","isPartOf":{"@id":"https:\/\/compuviper.mx\/tienda\/#website"},"datePublished":"2026-04-14T05:07:52+00:00","dateModified":"2026-04-14T05:07:52+00:00","description":"Compra 130707 Docking Usb,,,-c 3 Ptos, Hdmi\/usb-a\/usb-c Pd + Env\u00edo a domicilio + Pago seguro + Garant\u00eda","breadcrumb":{"@id":"https:\/\/compuviper.mx\/tienda\/producto\/manhattan-130707-docking-usb-c-3-ptos-hdmi-usb-a-usb-c-pd\/#breadcrumb"},"inLanguage":"es-MX","potentialAction":[{"@type":"ReadAction","target":["https:\/\/compuviper.mx\/tienda\/producto\/manhattan-130707-docking-usb-c-3-ptos-hdmi-usb-a-usb-c-pd\/"]}]},{"@type":"BreadcrumbList","@id":"https:\/\/compuviper.mx\/tienda\/producto\/manhattan-130707-docking-usb-c-3-ptos-hdmi-usb-a-usb-c-pd\/#breadcrumb","itemListElement":[{"@type":"ListItem","position":1,"name":"Inicio","item":"https:\/\/compuviper.mx\/tienda\/"},{"@type":"ListItem","position":2,"name":"Productos","item":"https:\/\/compuviper.mx\/tienda\/productos\/"},{"@type":"ListItem","position":3,"name":"Accesorios","item":"https:\/\/compuviper.mx\/tienda\/categoria-producto\/accesorios\/"},{"@type":"ListItem","position":4,"name":"Redes","item":"https:\/\/compuviper.mx\/tienda\/categoria-producto\/accesorios\/redes-accesorios\/"},{"@type":"ListItem","position":5,"name":"Manhattan 130707 Docking Usb,,,-c 3 Ptos, Hdmi\/usb-a\/usb-c Pd"}]},{"@type":"WebSite","@id":"https:\/\/compuviper.mx\/tienda\/#website","url":"https:\/\/compuviper.mx\/tienda\/","name":"Compuviper","description":"Proveedor de Computadoras, Laptops, Servidores, Monitores, Puntos de Venta, Teclados,   Impresoras, T\u00f3ner, C\u00e1maras de Seguridad y m\u00e1s en tu tienda en l\u00ednea","publisher":{"@id":"https:\/\/compuviper.mx\/tienda\/#organization"},"potentialAction":[{"@type":"SearchAction","target":{"@type":"EntryPoint","urlTemplate":"https:\/\/compuviper.mx\/tienda\/?s={search_term_string}"},"query-input":"required name=search_term_string"}],"inLanguage":"es-MX"},{"@type":"Organization","@id":"https:\/\/compuviper.mx\/tienda\/#organization","name":"Compuviper","url":"https:\/\/compuviper.mx\/tienda\/","logo":{"@type":"ImageObject","inLanguage":"es-MX","@id":"https:\/\/compuviper.mx\/tienda\/#\/schema\/logo\/image\/","url":"https:\/\/compuviper.mx\/tienda\/wp-content\/uploads\/2021\/08\/Logo-Compuviper-10.png","contentUrl":"https:\/\/compuviper.mx\/tienda\/wp-content\/uploads\/2021\/08\/Logo-Compuviper-10.png","width":1000,"height":500,"caption":"Compuviper"},"image":{"@id":"https:\/\/compuviper.mx\/tienda\/#\/schema\/logo\/image\/"},"sameAs":["https:\/\/www.facebook.com\/compuviper","https:\/\/www.youtube.com\/channel\/UCf73dERp9Y3cfOq7q8BhLjA?view_as=subscriber"]}]},"product_brand":"MANHATTAN","product_price_amount":"353","product_price_currency":"MXN","og_availability":"out of stock","product_availability":"out of stock","product_retailer_item_id":"130707","product_condition":"new"},"_links":{"self":[{"href":"https:\/\/compuviper.mx\/tienda\/wp-json\/wp\/v2\/product\/167054"}],"collection":[{"href":"https:\/\/compuviper.mx\/tienda\/wp-json\/wp\/v2\/product"}],"about":[{"href":"https:\/\/compuviper.mx\/tienda\/wp-json\/wp\/v2\/types\/product"}],"replies":[{"embeddable":true,"href":"https:\/\/compuviper.mx\/tienda\/wp-json\/wp\/v2\/comments?post=167054"}],"wp:featuredmedia":[{"embeddable":true,"href":"https:\/\/compuviper.mx\/tienda\/wp-json\/wp\/v2\/media\/168719"}],"wp:attachment":[{"href":"https:\/\/compuviper.mx\/tienda\/wp-json\/wp\/v2\/media?parent=167054"}],"wp:term":[{"taxonomy":"product_cat","embeddable":true,"href":"https:\/\/compuviper.mx\/tienda\/wp-json\/wp\/v2\/product_cat?post=167054"},{"taxonomy":"product_tag","embeddable":true,"href":"https:\/\/compuviper.mx\/tienda\/wp-json\/wp\/v2\/product_tag?post=167054"}],"curies":[{"name":"wp","href":"https:\/\/api.w.org\/{rel}","templated":true}]}}