{"id":166797,"date":"2026-04-06T23:08:22","date_gmt":"2026-04-07T05:08:22","guid":{"rendered":"https:\/\/compuviper.mx\/tienda\/producto\/manhattan-462273-soporte-fijo-de-bajo-perfil-para-tv-sostiene-una-televisin-de-37-a-70-de-hasta-45-kg-100-lb-diseo-ultradelgado-negro\/"},"modified":"2026-04-06T23:08:22","modified_gmt":"2026-04-07T05:08:22","slug":"manhattan-462273-soporte-tv-p-pared-45kg-37-a-70-fijo-bajo-perfil-economico","status":"publish","type":"product","link":"https:\/\/compuviper.mx\/tienda\/producto\/manhattan-462273-soporte-tv-p-pared-45kg-37-a-70-fijo-bajo-perfil-economico\/","title":{"rendered":"Manhattan 462273 Soporte Tv,,, P\/pared 45kg, 37 A 70 Fijo, Bajo Perfil, Economico"},"content":{"rendered":"<table class=\"descripcion\">\n<tr>\n<td>General<\/td>\n<\/tr>\n<tr>\n<td>Certificaciones: rohs<\/td>\n<\/tr>\n<tr>\n<td>Dise\u00f1ado para la mayor\u00eda de las pantallas planas y curvas de 37 a 70.<\/td>\n<\/tr>\n<tr>\n<td>Capacidad de peso: 45 kg (100 lbs.)<\/td>\n<\/tr>\n<tr>\n<td>Dimensiones (largo x ancho x alto): 420 x 435 x 27 mm (16,54 x 17,13 x 1,06 pulg.)<\/td>\n<\/tr>\n<tr>\n<td>Peso neto: 1 kg<\/td>\n<\/tr>\n<tr>\n<td>Peso bruto: 1.11 kg (2,45 libras)<\/td>\n<\/tr>\n<tr>\n<td>Material: acero<\/td>\n<\/tr>\n<tr>\n<td>Est\u00e1ndares vesa: 200&#215;200, 300&#215;200, 400&#215;200, 300&#215;300, 400&#215;300, 400&#215;400, 600&#215;400<\/td>\n<\/tr>\n<tr>\n<td>Contenido del paquete<\/td>\n<\/tr>\n<tr>\n<td>Soporte fijo de bajo perfil para tv<\/td>\n<\/tr>\n<tr>\n<td>Nivel de burbuja adherible<\/td>\n<\/tr>\n<tr>\n<td>Piezas para montaje y herramienta<\/td>\n<\/tr>\n<\/table>\n","protected":false},"excerpt":{"rendered":"<p>Admite una televisi\u00f3n de 37 a 70 de hasta 45 kg (100 libras. Sostiene la pantalla a s\u00f3lo 27 mm (1 pulg.) de la pared. Construcci\u00f3n de acero resistente con recubrimiento en polvo. Incluye un nivel de burbuja adherible. Tornillos en el riel para sujetar la pantalla de forma segura y en su lugar para una medida adicional de seguridad. Instalaci\u00f3n de bajo perfil ideal para la casa, oficina y en aplicaciones comerciales. Cumple los est\u00e1ndares vesa : 200&#215;200, 300&#215;200, 400&#215;200, 300&#215;300, 400&#215;300, 400&#215;400, 600&#215;400. 3 a\u00f1os de garant\u00eda<\/p>\n","protected":false},"featured_media":168709,"comment_status":"open","ping_status":"open","template":"","meta":[],"product_cat":[2321,2265],"product_tag":[1487],"acf":[],"yoast_head":"<!-- This site is optimized with the Yoast SEO plugin v21.7 - https:\/\/yoast.com\/wordpress\/plugins\/seo\/ -->\n<title>[ Manhattan ] &#129351; 462273 Soporte Tv,,, P\/pared 45kg, 37 A 70 Fijo, Bajo Perfil, Economico<\/title>\n<meta name=\"description\" content=\"Compra 462273 Soporte Tv,,, P\/pared 45kg, 37 A 70 Fijo, Bajo Perfil, Economico + Env\u00edo a domicilio + Pago seguro + Garant\u00eda\" \/>\n<meta name=\"robots\" content=\"index, follow, max-snippet:-1, max-image-preview:large, max-video-preview:-1\" \/>\n<link rel=\"canonical\" href=\"https:\/\/compuviper.mx\/tienda\/producto\/manhattan-462273-soporte-tv-p-pared-45kg-37-a-70-fijo-bajo-perfil-economico\/\" \/>\n<meta property=\"og:locale\" content=\"es_MX\" \/>\n<meta property=\"og:type\" content=\"article\" \/>\n<meta property=\"og:title\" content=\"[ Manhattan ] &#129351; 462273 Soporte Tv,,, P\/pared 45kg, 37 A 70 Fijo, Bajo Perfil, Economico\" \/>\n<meta property=\"og:description\" content=\"Compra 462273 Soporte Tv,,, P\/pared 45kg, 37 A 70 Fijo, Bajo Perfil, Economico + Env\u00edo a domicilio + Pago seguro + Garant\u00eda\" \/>\n<meta property=\"og:url\" content=\"https:\/\/compuviper.mx\/tienda\/producto\/manhattan-462273-soporte-tv-p-pared-45kg-37-a-70-fijo-bajo-perfil-economico\/\" \/>\n<meta property=\"og:site_name\" content=\"Compuviper\" \/>\n<meta property=\"article:publisher\" content=\"https:\/\/www.facebook.com\/compuviper\" \/>\n<meta property=\"og:image\" content=\"https:\/\/compuviper.mx\/tienda\/wp-content\/uploads\/2023\/03\/Soporte-fijo-de-bajo-perfil-para-tv-manhattan-sostiene-una-television-de-37-a-70-de-hasta-45-kg-100-lb-diseno-ultradelgado-negro.jpg\" \/>\n\t<meta property=\"og:image:width\" content=\"200\" \/>\n\t<meta property=\"og:image:height\" content=\"200\" \/>\n\t<meta property=\"og:image:type\" content=\"image\/jpeg\" \/>\n<meta name=\"twitter:card\" content=\"summary_large_image\" \/>\n<meta name=\"twitter:label1\" content=\"Precio\" \/>\n\t<meta name=\"twitter:data1\" content=\"&#36;244 con IVA\" \/>\n\t<meta name=\"twitter:label2\" content=\"Availability\" \/>\n\t<meta name=\"twitter:data2\" content=\"In stock\" \/>\n<script type=\"application\/ld+json\" class=\"yoast-schema-graph\">{\"@context\":\"https:\/\/schema.org\",\"@graph\":[{\"@type\":\"WebPage\",\"@id\":\"https:\/\/compuviper.mx\/tienda\/producto\/manhattan-462273-soporte-tv-p-pared-45kg-37-a-70-fijo-bajo-perfil-economico\/\",\"url\":\"https:\/\/compuviper.mx\/tienda\/producto\/manhattan-462273-soporte-tv-p-pared-45kg-37-a-70-fijo-bajo-perfil-economico\/\",\"name\":\"[ Manhattan ] &#129351; 462273 Soporte Tv,,, P\/pared 45kg, 37 A 70 Fijo, Bajo Perfil, Economico\",\"isPartOf\":{\"@id\":\"https:\/\/compuviper.mx\/tienda\/#website\"},\"datePublished\":\"2026-04-07T05:08:22+00:00\",\"dateModified\":\"2026-04-07T05:08:22+00:00\",\"description\":\"Compra 462273 Soporte Tv,,, P\/pared 45kg, 37 A 70 Fijo, Bajo Perfil, Economico + Env\u00edo a domicilio + Pago seguro + Garant\u00eda\",\"breadcrumb\":{\"@id\":\"https:\/\/compuviper.mx\/tienda\/producto\/manhattan-462273-soporte-tv-p-pared-45kg-37-a-70-fijo-bajo-perfil-economico\/#breadcrumb\"},\"inLanguage\":\"es-MX\",\"potentialAction\":[{\"@type\":\"ReadAction\",\"target\":[\"https:\/\/compuviper.mx\/tienda\/producto\/manhattan-462273-soporte-tv-p-pared-45kg-37-a-70-fijo-bajo-perfil-economico\/\"]}]},{\"@type\":\"BreadcrumbList\",\"@id\":\"https:\/\/compuviper.mx\/tienda\/producto\/manhattan-462273-soporte-tv-p-pared-45kg-37-a-70-fijo-bajo-perfil-economico\/#breadcrumb\",\"itemListElement\":[{\"@type\":\"ListItem\",\"position\":1,\"name\":\"Inicio\",\"item\":\"https:\/\/compuviper.mx\/tienda\/\"},{\"@type\":\"ListItem\",\"position\":2,\"name\":\"Productos\",\"item\":\"https:\/\/compuviper.mx\/tienda\/productos\/\"},{\"@type\":\"ListItem\",\"position\":3,\"name\":\"Soportes Y Bases P\/tv\/ Proyectores\/dvd\/consolas\/bocinas\/pantallas\/monotores\",\"item\":\"https:\/\/compuviper.mx\/tienda\/categoria-producto\/soportes-y-bases-p-tv-proyectores-dvd-consolas-bocinas-pantallas-monotores\/\"},{\"@type\":\"ListItem\",\"position\":4,\"name\":\"Soporte Y Base Para Tv\/pantallas\/monitores\/kiosko\",\"item\":\"https:\/\/compuviper.mx\/tienda\/categoria-producto\/soportes-y-bases-p-tv-proyectores-dvd-consolas-bocinas-pantallas-monotores\/soporte-y-base-para-tv-pantallas-monitores-kiosko\/\"},{\"@type\":\"ListItem\",\"position\":5,\"name\":\"Manhattan 462273 Soporte Tv,,, P\/pared 45kg, 37 A 70 Fijo, Bajo Perfil, Economico\"}]},{\"@type\":\"WebSite\",\"@id\":\"https:\/\/compuviper.mx\/tienda\/#website\",\"url\":\"https:\/\/compuviper.mx\/tienda\/\",\"name\":\"Compuviper\",\"description\":\"Proveedor de Computadoras, Laptops, Servidores, Monitores, Puntos de Venta, Teclados,   Impresoras, T\u00f3ner, C\u00e1maras de Seguridad y m\u00e1s en tu tienda en l\u00ednea\",\"publisher\":{\"@id\":\"https:\/\/compuviper.mx\/tienda\/#organization\"},\"potentialAction\":[{\"@type\":\"SearchAction\",\"target\":{\"@type\":\"EntryPoint\",\"urlTemplate\":\"https:\/\/compuviper.mx\/tienda\/?s={search_term_string}\"},\"query-input\":\"required name=search_term_string\"}],\"inLanguage\":\"es-MX\"},{\"@type\":\"Organization\",\"@id\":\"https:\/\/compuviper.mx\/tienda\/#organization\",\"name\":\"Compuviper\",\"url\":\"https:\/\/compuviper.mx\/tienda\/\",\"logo\":{\"@type\":\"ImageObject\",\"inLanguage\":\"es-MX\",\"@id\":\"https:\/\/compuviper.mx\/tienda\/#\/schema\/logo\/image\/\",\"url\":\"https:\/\/compuviper.mx\/tienda\/wp-content\/uploads\/2021\/08\/Logo-Compuviper-10.png\",\"contentUrl\":\"https:\/\/compuviper.mx\/tienda\/wp-content\/uploads\/2021\/08\/Logo-Compuviper-10.png\",\"width\":1000,\"height\":500,\"caption\":\"Compuviper\"},\"image\":{\"@id\":\"https:\/\/compuviper.mx\/tienda\/#\/schema\/logo\/image\/\"},\"sameAs\":[\"https:\/\/www.facebook.com\/compuviper\",\"https:\/\/www.youtube.com\/channel\/UCf73dERp9Y3cfOq7q8BhLjA?view_as=subscriber\"]}]}<\/script>\n<meta property=\"product:brand\" content=\"MANHATTAN\" \/>\n<meta property=\"product:price:amount\" content=\"244\" \/>\n<meta property=\"product:price:currency\" content=\"MXN\" \/>\n<meta property=\"og:availability\" content=\"instock\" \/>\n<meta property=\"product:availability\" content=\"instock\" \/>\n<meta property=\"product:retailer_item_id\" content=\"462273\" \/>\n<meta property=\"product:condition\" content=\"new\" \/>\n<!-- \/ Yoast SEO plugin. -->","yoast_head_json":{"title":"[ Manhattan ] &#129351; 462273 Soporte Tv,,, P\/pared 45kg, 37 A 70 Fijo, Bajo Perfil, Economico","description":"Compra 462273 Soporte Tv,,, P\/pared 45kg, 37 A 70 Fijo, Bajo Perfil, Economico + Env\u00edo a domicilio + Pago seguro + Garant\u00eda","robots":{"index":"index","follow":"follow","max-snippet":"max-snippet:-1","max-image-preview":"max-image-preview:large","max-video-preview":"max-video-preview:-1"},"canonical":"https:\/\/compuviper.mx\/tienda\/producto\/manhattan-462273-soporte-tv-p-pared-45kg-37-a-70-fijo-bajo-perfil-economico\/","og_locale":"es_MX","og_type":"article","og_title":"[ Manhattan ] &#129351; 462273 Soporte Tv,,, P\/pared 45kg, 37 A 70 Fijo, Bajo Perfil, Economico","og_description":"Compra 462273 Soporte Tv,,, P\/pared 45kg, 37 A 70 Fijo, Bajo Perfil, Economico + Env\u00edo a domicilio + Pago seguro + Garant\u00eda","og_url":"https:\/\/compuviper.mx\/tienda\/producto\/manhattan-462273-soporte-tv-p-pared-45kg-37-a-70-fijo-bajo-perfil-economico\/","og_site_name":"Compuviper","article_publisher":"https:\/\/www.facebook.com\/compuviper","og_image":[{"width":200,"height":200,"url":"https:\/\/compuviper.mx\/tienda\/wp-content\/uploads\/2023\/03\/Soporte-fijo-de-bajo-perfil-para-tv-manhattan-sostiene-una-television-de-37-a-70-de-hasta-45-kg-100-lb-diseno-ultradelgado-negro.jpg","type":"image\/jpeg"}],"twitter_card":"summary_large_image","twitter_misc":{"Precio":"&#36;244 con IVA","Availability":"In stock"},"schema":{"@context":"https:\/\/schema.org","@graph":[{"@type":"WebPage","@id":"https:\/\/compuviper.mx\/tienda\/producto\/manhattan-462273-soporte-tv-p-pared-45kg-37-a-70-fijo-bajo-perfil-economico\/","url":"https:\/\/compuviper.mx\/tienda\/producto\/manhattan-462273-soporte-tv-p-pared-45kg-37-a-70-fijo-bajo-perfil-economico\/","name":"[ Manhattan ] &#129351; 462273 Soporte Tv,,, P\/pared 45kg, 37 A 70 Fijo, Bajo Perfil, Economico","isPartOf":{"@id":"https:\/\/compuviper.mx\/tienda\/#website"},"datePublished":"2026-04-07T05:08:22+00:00","dateModified":"2026-04-07T05:08:22+00:00","description":"Compra 462273 Soporte Tv,,, P\/pared 45kg, 37 A 70 Fijo, Bajo Perfil, Economico + Env\u00edo a domicilio + Pago seguro + Garant\u00eda","breadcrumb":{"@id":"https:\/\/compuviper.mx\/tienda\/producto\/manhattan-462273-soporte-tv-p-pared-45kg-37-a-70-fijo-bajo-perfil-economico\/#breadcrumb"},"inLanguage":"es-MX","potentialAction":[{"@type":"ReadAction","target":["https:\/\/compuviper.mx\/tienda\/producto\/manhattan-462273-soporte-tv-p-pared-45kg-37-a-70-fijo-bajo-perfil-economico\/"]}]},{"@type":"BreadcrumbList","@id":"https:\/\/compuviper.mx\/tienda\/producto\/manhattan-462273-soporte-tv-p-pared-45kg-37-a-70-fijo-bajo-perfil-economico\/#breadcrumb","itemListElement":[{"@type":"ListItem","position":1,"name":"Inicio","item":"https:\/\/compuviper.mx\/tienda\/"},{"@type":"ListItem","position":2,"name":"Productos","item":"https:\/\/compuviper.mx\/tienda\/productos\/"},{"@type":"ListItem","position":3,"name":"Soportes Y Bases P\/tv\/ Proyectores\/dvd\/consolas\/bocinas\/pantallas\/monotores","item":"https:\/\/compuviper.mx\/tienda\/categoria-producto\/soportes-y-bases-p-tv-proyectores-dvd-consolas-bocinas-pantallas-monotores\/"},{"@type":"ListItem","position":4,"name":"Soporte Y Base Para Tv\/pantallas\/monitores\/kiosko","item":"https:\/\/compuviper.mx\/tienda\/categoria-producto\/soportes-y-bases-p-tv-proyectores-dvd-consolas-bocinas-pantallas-monotores\/soporte-y-base-para-tv-pantallas-monitores-kiosko\/"},{"@type":"ListItem","position":5,"name":"Manhattan 462273 Soporte Tv,,, P\/pared 45kg, 37 A 70 Fijo, Bajo Perfil, Economico"}]},{"@type":"WebSite","@id":"https:\/\/compuviper.mx\/tienda\/#website","url":"https:\/\/compuviper.mx\/tienda\/","name":"Compuviper","description":"Proveedor de Computadoras, Laptops, Servidores, Monitores, Puntos de Venta, Teclados,   Impresoras, T\u00f3ner, C\u00e1maras de Seguridad y m\u00e1s en tu tienda en l\u00ednea","publisher":{"@id":"https:\/\/compuviper.mx\/tienda\/#organization"},"potentialAction":[{"@type":"SearchAction","target":{"@type":"EntryPoint","urlTemplate":"https:\/\/compuviper.mx\/tienda\/?s={search_term_string}"},"query-input":"required name=search_term_string"}],"inLanguage":"es-MX"},{"@type":"Organization","@id":"https:\/\/compuviper.mx\/tienda\/#organization","name":"Compuviper","url":"https:\/\/compuviper.mx\/tienda\/","logo":{"@type":"ImageObject","inLanguage":"es-MX","@id":"https:\/\/compuviper.mx\/tienda\/#\/schema\/logo\/image\/","url":"https:\/\/compuviper.mx\/tienda\/wp-content\/uploads\/2021\/08\/Logo-Compuviper-10.png","contentUrl":"https:\/\/compuviper.mx\/tienda\/wp-content\/uploads\/2021\/08\/Logo-Compuviper-10.png","width":1000,"height":500,"caption":"Compuviper"},"image":{"@id":"https:\/\/compuviper.mx\/tienda\/#\/schema\/logo\/image\/"},"sameAs":["https:\/\/www.facebook.com\/compuviper","https:\/\/www.youtube.com\/channel\/UCf73dERp9Y3cfOq7q8BhLjA?view_as=subscriber"]}]},"product_brand":"MANHATTAN","product_price_amount":"244","product_price_currency":"MXN","og_availability":"instock","product_availability":"instock","product_retailer_item_id":"462273","product_condition":"new"},"_links":{"self":[{"href":"https:\/\/compuviper.mx\/tienda\/wp-json\/wp\/v2\/product\/166797"}],"collection":[{"href":"https:\/\/compuviper.mx\/tienda\/wp-json\/wp\/v2\/product"}],"about":[{"href":"https:\/\/compuviper.mx\/tienda\/wp-json\/wp\/v2\/types\/product"}],"replies":[{"embeddable":true,"href":"https:\/\/compuviper.mx\/tienda\/wp-json\/wp\/v2\/comments?post=166797"}],"wp:featuredmedia":[{"embeddable":true,"href":"https:\/\/compuviper.mx\/tienda\/wp-json\/wp\/v2\/media\/168709"}],"wp:attachment":[{"href":"https:\/\/compuviper.mx\/tienda\/wp-json\/wp\/v2\/media?parent=166797"}],"wp:term":[{"taxonomy":"product_cat","embeddable":true,"href":"https:\/\/compuviper.mx\/tienda\/wp-json\/wp\/v2\/product_cat?post=166797"},{"taxonomy":"product_tag","embeddable":true,"href":"https:\/\/compuviper.mx\/tienda\/wp-json\/wp\/v2\/product_tag?post=166797"}],"curies":[{"name":"wp","href":"https:\/\/api.w.org\/{rel}","templated":true}]}}