{"id":166141,"date":"2026-04-10T23:08:19","date_gmt":"2026-04-11T05:08:19","guid":{"rendered":"https:\/\/compuviper.mx\/tienda\/producto\/startech-com-pex2s1050-tarjeta-serial-pci-express-de-2-puertos-db9-rs232-con-uart-16c1050-adaptador-interno-serial-pci-e-mod\/"},"modified":"2026-04-10T23:08:20","modified_gmt":"2026-04-11T05:08:20","slug":"startech-com-pex2s1050-tarjeta-pci-express-serial-de-2-puertos-db9-rs232-con-uart-16c1050-adaptador-interno-serial-pci-e-mod","status":"publish","type":"product","link":"https:\/\/compuviper.mx\/tienda\/producto\/startech-com-pex2s1050-tarjeta-pci-express-serial-de-2-puertos-db9-rs232-con-uart-16c1050-adaptador-interno-serial-pci-e-mod\/","title":{"rendered":"Startech.com Pex2s1050 Tarjeta Pci Express Serial De 2 Puertos Db9 Rs232 Con Uart 16c1050 &#8211; Adaptador Interno Serial Pci-e &#8211;  Mod."},"content":{"rendered":"<table class=\"descripcion\">\n<tr>\n<td>Tension de entrada: 12v dc<\/td>\n<\/tr>\n<tr>\n<td>Tipo de gabinete: acero<\/td>\n<\/tr>\n<tr>\n<td>Mtbf: 124,620 hours h<\/td>\n<\/tr>\n<tr>\n<td>Color: verde<\/td>\n<\/tr>\n<tr>\n<td>Cantidad de puertos: 2<\/td>\n<\/tr>\n<tr>\n<td>Interfaz: serial<\/td>\n<\/tr>\n<tr>\n<td>Tipo de bus: pci express<\/td>\n<\/tr>\n<tr>\n<td>Tipo de tarjeta: perfil estandar (incluye soporte para perfil bajo)<\/td>\n<\/tr>\n<tr>\n<td>Estilo de puerto: integrado en la tarjeta<\/td>\n<\/tr>\n<tr>\n<td>Protocolo serie: rs-232<\/td>\n<\/tr>\n<tr>\n<td>Tasa maxima de baudios: 460,8 kbps<\/td>\n<\/tr>\n<tr>\n<td>Bits de datos: 5, 6, 7, 8<\/td>\n<\/tr>\n<tr>\n<td>Fifo: 256 bytes<\/td>\n<\/tr>\n<tr>\n<td>Puerto: 1 pci express x1<\/td>\n<\/tr>\n<tr>\n<td>Puertos externos: 2 db-9 (9 pines, d-sub)<\/td>\n<\/tr>\n<tr>\n<td>Compatibilidad os: windows\u00ae 95, 98se, me, xp, vista, 7, 8, 8.1, 10, 11<\/td>\n<\/tr>\n<tr>\n<td>Windows server\u00ae 2008r2, 2012, 2012 r2, 2016, 2019, 2022<\/td>\n<\/tr>\n<tr>\n<td>Certificado whql de microsoft: si<\/td>\n<\/tr>\n<tr>\n<td>Altura del producto: 20 mm<\/td>\n<\/tr>\n<tr>\n<td>Longitud del producto: 103 mm<\/td>\n<\/tr>\n<tr>\n<td>Ancho del producto: 120 mm<\/td>\n<\/tr>\n<tr>\n<td>Peso del producto: 61 g<\/td>\n<\/tr>\n<tr>\n<td>Id del conjunto de chips: systembase &#8211; sb16c1052pci<\/td>\n<\/tr>\n<tr>\n<td>Soporte full duplex: si<\/td>\n<\/tr>\n<\/table>\n","protected":false},"excerpt":{"rendered":"<p>Esta tarjeta serie pci express agrega dos puertos seriales rs232 de alto rendimiento a su servidor o computadora de escritorio, para la conexion de sus dispositivos y equipos basados en tecnologia serial. Practicas actualizaciones del sistema a traves de pcie la tarjeta serie pcie se puede instalar en una ranura pci express disponible, a fin de proporcionar dos canales\/puertos seriales rs232 16c1050 uart. Practica solucion para conectar equipos modernos o de generacion anterior con los modelos mas recientes de sistemas informaticos que no tienen puertos rs232. La tarjeta serial es compatible con la especificacion 1.0a sobre pci express, asi como con ranuras pci express 1x, 2x, 4x, 8x y 16x. Esta tarjeta serie pcie de 2 puertos resulta ideal en el caso de actualizaciones de sistemas de una amplia gama de aplicaciones, como equipos de fabricacion, equipos pos (puntos de venta), dispositivos de seguridad.<\/p>\n","protected":false},"featured_media":168702,"comment_status":"open","ping_status":"open","template":"","meta":[],"product_cat":[1485,1501],"product_tag":[1590],"acf":[],"yoast_head":"<!-- This site is optimized with the Yoast SEO plugin v21.7 - https:\/\/yoast.com\/wordpress\/plugins\/seo\/ -->\n<title>[ Startech.com ] &#129351; Pex2s1050 Tarjeta Pci Express Serial De 2 Puertos Db9 Rs232 Con Uart 16c1050 - Adaptador Interno Serial Pci-e - Mod.<\/title>\n<meta name=\"description\" content=\"Compra Pex2s1050 Tarjeta Pci Express Serial De 2 Puertos Db9 Rs232 Con Uart 16c1050 - Adaptador Interno Serial Pci-e - Mod. + Env\u00edo a domicilio + Pago seguro + Garant\u00eda\" \/>\n<meta name=\"robots\" content=\"index, follow, max-snippet:-1, max-image-preview:large, max-video-preview:-1\" \/>\n<link rel=\"canonical\" href=\"https:\/\/compuviper.mx\/tienda\/producto\/startech-com-pex2s1050-tarjeta-pci-express-serial-de-2-puertos-db9-rs232-con-uart-16c1050-adaptador-interno-serial-pci-e-mod\/\" \/>\n<meta property=\"og:locale\" content=\"es_MX\" \/>\n<meta property=\"og:type\" content=\"article\" \/>\n<meta property=\"og:title\" content=\"[ Startech.com ] &#129351; Pex2s1050 Tarjeta Pci Express Serial De 2 Puertos Db9 Rs232 Con Uart 16c1050 - Adaptador Interno Serial Pci-e - Mod.\" \/>\n<meta property=\"og:description\" content=\"Compra Pex2s1050 Tarjeta Pci Express Serial De 2 Puertos Db9 Rs232 Con Uart 16c1050 - Adaptador Interno Serial Pci-e - Mod. + Env\u00edo a domicilio + Pago seguro + Garant\u00eda\" \/>\n<meta property=\"og:url\" content=\"https:\/\/compuviper.mx\/tienda\/producto\/startech-com-pex2s1050-tarjeta-pci-express-serial-de-2-puertos-db9-rs232-con-uart-16c1050-adaptador-interno-serial-pci-e-mod\/\" \/>\n<meta property=\"og:site_name\" content=\"Compuviper\" \/>\n<meta property=\"article:publisher\" content=\"https:\/\/www.facebook.com\/compuviper\" \/>\n<meta property=\"article:modified_time\" content=\"2026-04-11T05:08:20+00:00\" \/>\n<meta property=\"og:image\" content=\"https:\/\/compuviper.mx\/tienda\/wp-content\/uploads\/2023\/03\/Tarjeta-serial-pci-express-de-2-puertos-db9-rs232-con-uart-16c1050-adaptador-interno-serial-pci-e-startech.com-mod.-pex2s1050.jpg\" \/>\n\t<meta property=\"og:image:width\" content=\"200\" \/>\n\t<meta property=\"og:image:height\" content=\"200\" \/>\n\t<meta property=\"og:image:type\" content=\"image\/jpeg\" \/>\n<meta name=\"twitter:card\" content=\"summary_large_image\" \/>\n<meta name=\"twitter:label1\" content=\"Precio\" \/>\n\t<meta name=\"twitter:data1\" content=\"&#36;1,126 con IVA\" \/>\n\t<meta name=\"twitter:label2\" content=\"Availability\" \/>\n\t<meta name=\"twitter:data2\" content=\"Out of stock\" \/>\n<script type=\"application\/ld+json\" class=\"yoast-schema-graph\">{\"@context\":\"https:\/\/schema.org\",\"@graph\":[{\"@type\":\"WebPage\",\"@id\":\"https:\/\/compuviper.mx\/tienda\/producto\/startech-com-pex2s1050-tarjeta-pci-express-serial-de-2-puertos-db9-rs232-con-uart-16c1050-adaptador-interno-serial-pci-e-mod\/\",\"url\":\"https:\/\/compuviper.mx\/tienda\/producto\/startech-com-pex2s1050-tarjeta-pci-express-serial-de-2-puertos-db9-rs232-con-uart-16c1050-adaptador-interno-serial-pci-e-mod\/\",\"name\":\"[ Startech.com ] &#129351; Pex2s1050 Tarjeta Pci Express Serial De 2 Puertos Db9 Rs232 Con Uart 16c1050 - Adaptador Interno Serial Pci-e - Mod.\",\"isPartOf\":{\"@id\":\"https:\/\/compuviper.mx\/tienda\/#website\"},\"datePublished\":\"2026-04-11T05:08:19+00:00\",\"dateModified\":\"2026-04-11T05:08:20+00:00\",\"description\":\"Compra Pex2s1050 Tarjeta Pci Express Serial De 2 Puertos Db9 Rs232 Con Uart 16c1050 - Adaptador Interno Serial Pci-e - Mod. + Env\u00edo a domicilio + Pago seguro + Garant\u00eda\",\"breadcrumb\":{\"@id\":\"https:\/\/compuviper.mx\/tienda\/producto\/startech-com-pex2s1050-tarjeta-pci-express-serial-de-2-puertos-db9-rs232-con-uart-16c1050-adaptador-interno-serial-pci-e-mod\/#breadcrumb\"},\"inLanguage\":\"es-MX\",\"potentialAction\":[{\"@type\":\"ReadAction\",\"target\":[\"https:\/\/compuviper.mx\/tienda\/producto\/startech-com-pex2s1050-tarjeta-pci-express-serial-de-2-puertos-db9-rs232-con-uart-16c1050-adaptador-interno-serial-pci-e-mod\/\"]}]},{\"@type\":\"BreadcrumbList\",\"@id\":\"https:\/\/compuviper.mx\/tienda\/producto\/startech-com-pex2s1050-tarjeta-pci-express-serial-de-2-puertos-db9-rs232-con-uart-16c1050-adaptador-interno-serial-pci-e-mod\/#breadcrumb\",\"itemListElement\":[{\"@type\":\"ListItem\",\"position\":1,\"name\":\"Inicio\",\"item\":\"https:\/\/compuviper.mx\/tienda\/\"},{\"@type\":\"ListItem\",\"position\":2,\"name\":\"Productos\",\"item\":\"https:\/\/compuviper.mx\/tienda\/productos\/\"},{\"@type\":\"ListItem\",\"position\":3,\"name\":\"Accesorios\",\"item\":\"https:\/\/compuviper.mx\/tienda\/categoria-producto\/accesorios\/\"},{\"@type\":\"ListItem\",\"position\":4,\"name\":\"Tarjetas De Puertos\",\"item\":\"https:\/\/compuviper.mx\/tienda\/categoria-producto\/accesorios\/tarjetas-de-puertos\/\"},{\"@type\":\"ListItem\",\"position\":5,\"name\":\"Startech.com Pex2s1050 Tarjeta Pci Express Serial De 2 Puertos Db9 Rs232 Con Uart 16c1050 &#8211; Adaptador Interno Serial Pci-e &#8211; Mod.\"}]},{\"@type\":\"WebSite\",\"@id\":\"https:\/\/compuviper.mx\/tienda\/#website\",\"url\":\"https:\/\/compuviper.mx\/tienda\/\",\"name\":\"Compuviper\",\"description\":\"Proveedor de Computadoras, Laptops, Servidores, Monitores, Puntos de Venta, Teclados,   Impresoras, T\u00f3ner, C\u00e1maras de Seguridad y m\u00e1s en tu tienda en l\u00ednea\",\"publisher\":{\"@id\":\"https:\/\/compuviper.mx\/tienda\/#organization\"},\"potentialAction\":[{\"@type\":\"SearchAction\",\"target\":{\"@type\":\"EntryPoint\",\"urlTemplate\":\"https:\/\/compuviper.mx\/tienda\/?s={search_term_string}\"},\"query-input\":\"required name=search_term_string\"}],\"inLanguage\":\"es-MX\"},{\"@type\":\"Organization\",\"@id\":\"https:\/\/compuviper.mx\/tienda\/#organization\",\"name\":\"Compuviper\",\"url\":\"https:\/\/compuviper.mx\/tienda\/\",\"logo\":{\"@type\":\"ImageObject\",\"inLanguage\":\"es-MX\",\"@id\":\"https:\/\/compuviper.mx\/tienda\/#\/schema\/logo\/image\/\",\"url\":\"https:\/\/compuviper.mx\/tienda\/wp-content\/uploads\/2021\/08\/Logo-Compuviper-10.png\",\"contentUrl\":\"https:\/\/compuviper.mx\/tienda\/wp-content\/uploads\/2021\/08\/Logo-Compuviper-10.png\",\"width\":1000,\"height\":500,\"caption\":\"Compuviper\"},\"image\":{\"@id\":\"https:\/\/compuviper.mx\/tienda\/#\/schema\/logo\/image\/\"},\"sameAs\":[\"https:\/\/www.facebook.com\/compuviper\",\"https:\/\/www.youtube.com\/channel\/UCf73dERp9Y3cfOq7q8BhLjA?view_as=subscriber\"]}]}<\/script>\n<meta property=\"product:brand\" content=\"STARTECH.COM\" \/>\n<meta property=\"product:price:amount\" content=\"1126\" \/>\n<meta property=\"product:price:currency\" content=\"MXN\" \/>\n<meta property=\"og:availability\" content=\"out of stock\" \/>\n<meta property=\"product:availability\" content=\"out of stock\" \/>\n<meta property=\"product:retailer_item_id\" content=\"PEX2S1050\" \/>\n<meta property=\"product:condition\" content=\"new\" \/>\n<!-- \/ Yoast SEO plugin. -->","yoast_head_json":{"title":"[ Startech.com ] &#129351; Pex2s1050 Tarjeta Pci Express Serial De 2 Puertos Db9 Rs232 Con Uart 16c1050 - Adaptador Interno Serial Pci-e - Mod.","description":"Compra Pex2s1050 Tarjeta Pci Express Serial De 2 Puertos Db9 Rs232 Con Uart 16c1050 - Adaptador Interno Serial Pci-e - Mod. + Env\u00edo a domicilio + Pago seguro + Garant\u00eda","robots":{"index":"index","follow":"follow","max-snippet":"max-snippet:-1","max-image-preview":"max-image-preview:large","max-video-preview":"max-video-preview:-1"},"canonical":"https:\/\/compuviper.mx\/tienda\/producto\/startech-com-pex2s1050-tarjeta-pci-express-serial-de-2-puertos-db9-rs232-con-uart-16c1050-adaptador-interno-serial-pci-e-mod\/","og_locale":"es_MX","og_type":"article","og_title":"[ Startech.com ] &#129351; Pex2s1050 Tarjeta Pci Express Serial De 2 Puertos Db9 Rs232 Con Uart 16c1050 - Adaptador Interno Serial Pci-e - Mod.","og_description":"Compra Pex2s1050 Tarjeta Pci Express Serial De 2 Puertos Db9 Rs232 Con Uart 16c1050 - Adaptador Interno Serial Pci-e - Mod. + Env\u00edo a domicilio + Pago seguro + Garant\u00eda","og_url":"https:\/\/compuviper.mx\/tienda\/producto\/startech-com-pex2s1050-tarjeta-pci-express-serial-de-2-puertos-db9-rs232-con-uart-16c1050-adaptador-interno-serial-pci-e-mod\/","og_site_name":"Compuviper","article_publisher":"https:\/\/www.facebook.com\/compuviper","article_modified_time":"2026-04-11T05:08:20+00:00","og_image":[{"width":200,"height":200,"url":"https:\/\/compuviper.mx\/tienda\/wp-content\/uploads\/2023\/03\/Tarjeta-serial-pci-express-de-2-puertos-db9-rs232-con-uart-16c1050-adaptador-interno-serial-pci-e-startech.com-mod.-pex2s1050.jpg","type":"image\/jpeg"}],"twitter_card":"summary_large_image","twitter_misc":{"Precio":"&#36;1,126 con IVA","Availability":"Out of stock"},"schema":{"@context":"https:\/\/schema.org","@graph":[{"@type":"WebPage","@id":"https:\/\/compuviper.mx\/tienda\/producto\/startech-com-pex2s1050-tarjeta-pci-express-serial-de-2-puertos-db9-rs232-con-uart-16c1050-adaptador-interno-serial-pci-e-mod\/","url":"https:\/\/compuviper.mx\/tienda\/producto\/startech-com-pex2s1050-tarjeta-pci-express-serial-de-2-puertos-db9-rs232-con-uart-16c1050-adaptador-interno-serial-pci-e-mod\/","name":"[ Startech.com ] &#129351; Pex2s1050 Tarjeta Pci Express Serial De 2 Puertos Db9 Rs232 Con Uart 16c1050 - Adaptador Interno Serial Pci-e - Mod.","isPartOf":{"@id":"https:\/\/compuviper.mx\/tienda\/#website"},"datePublished":"2026-04-11T05:08:19+00:00","dateModified":"2026-04-11T05:08:20+00:00","description":"Compra Pex2s1050 Tarjeta Pci Express Serial De 2 Puertos Db9 Rs232 Con Uart 16c1050 - Adaptador Interno Serial Pci-e - Mod. + Env\u00edo a domicilio + Pago seguro + Garant\u00eda","breadcrumb":{"@id":"https:\/\/compuviper.mx\/tienda\/producto\/startech-com-pex2s1050-tarjeta-pci-express-serial-de-2-puertos-db9-rs232-con-uart-16c1050-adaptador-interno-serial-pci-e-mod\/#breadcrumb"},"inLanguage":"es-MX","potentialAction":[{"@type":"ReadAction","target":["https:\/\/compuviper.mx\/tienda\/producto\/startech-com-pex2s1050-tarjeta-pci-express-serial-de-2-puertos-db9-rs232-con-uart-16c1050-adaptador-interno-serial-pci-e-mod\/"]}]},{"@type":"BreadcrumbList","@id":"https:\/\/compuviper.mx\/tienda\/producto\/startech-com-pex2s1050-tarjeta-pci-express-serial-de-2-puertos-db9-rs232-con-uart-16c1050-adaptador-interno-serial-pci-e-mod\/#breadcrumb","itemListElement":[{"@type":"ListItem","position":1,"name":"Inicio","item":"https:\/\/compuviper.mx\/tienda\/"},{"@type":"ListItem","position":2,"name":"Productos","item":"https:\/\/compuviper.mx\/tienda\/productos\/"},{"@type":"ListItem","position":3,"name":"Accesorios","item":"https:\/\/compuviper.mx\/tienda\/categoria-producto\/accesorios\/"},{"@type":"ListItem","position":4,"name":"Tarjetas De Puertos","item":"https:\/\/compuviper.mx\/tienda\/categoria-producto\/accesorios\/tarjetas-de-puertos\/"},{"@type":"ListItem","position":5,"name":"Startech.com Pex2s1050 Tarjeta Pci Express Serial De 2 Puertos Db9 Rs232 Con Uart 16c1050 &#8211; Adaptador Interno Serial Pci-e &#8211; Mod."}]},{"@type":"WebSite","@id":"https:\/\/compuviper.mx\/tienda\/#website","url":"https:\/\/compuviper.mx\/tienda\/","name":"Compuviper","description":"Proveedor de Computadoras, Laptops, Servidores, Monitores, Puntos de Venta, Teclados,   Impresoras, T\u00f3ner, C\u00e1maras de Seguridad y m\u00e1s en tu tienda en l\u00ednea","publisher":{"@id":"https:\/\/compuviper.mx\/tienda\/#organization"},"potentialAction":[{"@type":"SearchAction","target":{"@type":"EntryPoint","urlTemplate":"https:\/\/compuviper.mx\/tienda\/?s={search_term_string}"},"query-input":"required name=search_term_string"}],"inLanguage":"es-MX"},{"@type":"Organization","@id":"https:\/\/compuviper.mx\/tienda\/#organization","name":"Compuviper","url":"https:\/\/compuviper.mx\/tienda\/","logo":{"@type":"ImageObject","inLanguage":"es-MX","@id":"https:\/\/compuviper.mx\/tienda\/#\/schema\/logo\/image\/","url":"https:\/\/compuviper.mx\/tienda\/wp-content\/uploads\/2021\/08\/Logo-Compuviper-10.png","contentUrl":"https:\/\/compuviper.mx\/tienda\/wp-content\/uploads\/2021\/08\/Logo-Compuviper-10.png","width":1000,"height":500,"caption":"Compuviper"},"image":{"@id":"https:\/\/compuviper.mx\/tienda\/#\/schema\/logo\/image\/"},"sameAs":["https:\/\/www.facebook.com\/compuviper","https:\/\/www.youtube.com\/channel\/UCf73dERp9Y3cfOq7q8BhLjA?view_as=subscriber"]}]},"product_brand":"STARTECH.COM","product_price_amount":"1126","product_price_currency":"MXN","og_availability":"out of stock","product_availability":"out of stock","product_retailer_item_id":"PEX2S1050","product_condition":"new"},"_links":{"self":[{"href":"https:\/\/compuviper.mx\/tienda\/wp-json\/wp\/v2\/product\/166141"}],"collection":[{"href":"https:\/\/compuviper.mx\/tienda\/wp-json\/wp\/v2\/product"}],"about":[{"href":"https:\/\/compuviper.mx\/tienda\/wp-json\/wp\/v2\/types\/product"}],"replies":[{"embeddable":true,"href":"https:\/\/compuviper.mx\/tienda\/wp-json\/wp\/v2\/comments?post=166141"}],"wp:featuredmedia":[{"embeddable":true,"href":"https:\/\/compuviper.mx\/tienda\/wp-json\/wp\/v2\/media\/168702"}],"wp:attachment":[{"href":"https:\/\/compuviper.mx\/tienda\/wp-json\/wp\/v2\/media?parent=166141"}],"wp:term":[{"taxonomy":"product_cat","embeddable":true,"href":"https:\/\/compuviper.mx\/tienda\/wp-json\/wp\/v2\/product_cat?post=166141"},{"taxonomy":"product_tag","embeddable":true,"href":"https:\/\/compuviper.mx\/tienda\/wp-json\/wp\/v2\/product_tag?post=166141"}],"curies":[{"name":"wp","href":"https:\/\/api.w.org\/{rel}","templated":true}]}}