{"id":166137,"date":"2026-04-07T23:09:03","date_gmt":"2026-04-08T05:09:03","guid":{"rendered":"https:\/\/compuviper.mx\/tienda\/producto\/manhattan-425520-reposamuecas-soporte-ergonmico-para-el-teclado-445-x-100-mm-17-5-x-4-pulg-suave-espuma-de-memory-foam-base-de-goma-antideslizante-negro\/"},"modified":"2026-04-07T23:09:03","modified_gmt":"2026-04-08T05:09:03","slug":"manhattan-425520-descansa-muecas-para-teclado-44-5-x-10-cm-antiderrapante-memory-foam","status":"publish","type":"product","link":"https:\/\/compuviper.mx\/tienda\/producto\/manhattan-425520-descansa-muecas-para-teclado-44-5-x-10-cm-antiderrapante-memory-foam\/","title":{"rendered":"Manhattan 425520 Descansa Mu?ecas,,, Para Teclado 44.5 X 10 Cm, Antiderrapante, Memory Foam"},"content":{"rendered":"<table class=\"descripcion\">\n<tr>\n<td>Caracter\u00edsticas f\u00edsicas<\/td>\n<\/tr>\n<tr>\n<td>Dimensiones (largo x ancho x alto): 100 x 445 x 15 mm (3.94 x 17.52 x 0.59 pulgadas)<\/td>\n<\/tr>\n<tr>\n<td>Peso neto: 185 g (0.41 libras)<\/td>\n<\/tr>\n<tr>\n<td>Peso bruto: 200 g (0.44 libras)<\/td>\n<\/tr>\n<tr>\n<td>Materiales: espuma de memory foam en tela tejida con revestimiento resistente al agua y reverso de goma<\/td>\n<\/tr>\n<tr>\n<td>Contenido del paquete:<\/td>\n<\/tr>\n<tr>\n<td>Reposamu\u00f1ecas soporte ergon\u00f3mico para el teclado<\/td>\n<\/tr>\n<\/table>\n","protected":false},"excerpt":{"rendered":"<p>Highlights. Soporte para las mu\u00f1ecas que te ayudan a mantener tus manos en una posici\u00f3n relajada para que puedas escribir c\u00f3modamente todo el d\u00eda. Amplio espacio de 445 x 100 mm, ideal para teclados de tama\u00f1o completo. Espuma de memory foam suave pero resistente para una amortiguaci\u00f3n ergon\u00f3mica. Revestimiento resistente al agua para proteger contra derrames de caf\u00e9, bebidas energ\u00e9ticas y m\u00e1s. Base antideslizante de goma para mantener el reverso del soporte firmemente en su lugar. Bordes cosidos para una mayor durabilidad y para evitar deformaciones. Resistente a las manchas y f\u00e1cil de limpiar. 60 d\u00edas de garant\u00eda<\/p>\n","protected":false},"featured_media":168698,"comment_status":"open","ping_status":"open","template":"","meta":[],"product_cat":[1485,2303],"product_tag":[1487],"acf":[],"yoast_head":"<!-- This site is optimized with the Yoast SEO plugin v21.7 - https:\/\/yoast.com\/wordpress\/plugins\/seo\/ -->\n<title>[ Manhattan ] &#129351; 425520 Descansa Mu\u00f1ecas,,, Para Teclado 44.5 X 10 Cm, Antiderrapante, Memory Foam<\/title>\n<meta name=\"description\" content=\"Compra 425520 Descansa Mu\u00f1ecas,,, Para Teclado 44.5 X 10 Cm, Antiderrapante, Memory Foam + Env\u00edo a domicilio + Pago seguro + Garant\u00eda\" \/>\n<meta name=\"robots\" content=\"index, follow, max-snippet:-1, max-image-preview:large, max-video-preview:-1\" \/>\n<link rel=\"canonical\" href=\"https:\/\/compuviper.mx\/tienda\/producto\/manhattan-425520-descansa-muecas-para-teclado-44-5-x-10-cm-antiderrapante-memory-foam\/\" \/>\n<meta property=\"og:locale\" content=\"es_MX\" \/>\n<meta property=\"og:type\" content=\"article\" \/>\n<meta property=\"og:title\" content=\"[ Manhattan ] &#129351; 425520 Descansa Mu\u00f1ecas,,, Para Teclado 44.5 X 10 Cm, Antiderrapante, Memory Foam\" \/>\n<meta property=\"og:description\" content=\"Compra 425520 Descansa Mu\u00f1ecas,,, Para Teclado 44.5 X 10 Cm, Antiderrapante, Memory Foam + Env\u00edo a domicilio + Pago seguro + Garant\u00eda\" \/>\n<meta property=\"og:url\" content=\"https:\/\/compuviper.mx\/tienda\/producto\/manhattan-425520-descansa-muecas-para-teclado-44-5-x-10-cm-antiderrapante-memory-foam\/\" \/>\n<meta property=\"og:site_name\" content=\"Compuviper\" \/>\n<meta property=\"article:publisher\" content=\"https:\/\/www.facebook.com\/compuviper\" \/>\n<meta property=\"og:image\" content=\"https:\/\/compuviper.mx\/tienda\/wp-content\/uploads\/2023\/03\/Reposamunecas-manhattan-soporte-ergonomico-para-el-teclado-445-x-100-mm-17.5-x-4-pulg.-suave-espuma-de-memory-foam-base-de-goma-antideslizante-negro.jpg\" \/>\n\t<meta property=\"og:image:width\" content=\"200\" \/>\n\t<meta property=\"og:image:height\" content=\"200\" \/>\n\t<meta property=\"og:image:type\" content=\"image\/jpeg\" \/>\n<meta name=\"twitter:card\" content=\"summary_large_image\" \/>\n<meta name=\"twitter:label1\" content=\"Precio\" \/>\n\t<meta name=\"twitter:data1\" content=\"&#36;151 con IVA\" \/>\n\t<meta name=\"twitter:label2\" content=\"Availability\" \/>\n\t<meta name=\"twitter:data2\" content=\"In stock\" \/>\n<script type=\"application\/ld+json\" class=\"yoast-schema-graph\">{\"@context\":\"https:\/\/schema.org\",\"@graph\":[{\"@type\":\"WebPage\",\"@id\":\"https:\/\/compuviper.mx\/tienda\/producto\/manhattan-425520-descansa-muecas-para-teclado-44-5-x-10-cm-antiderrapante-memory-foam\/\",\"url\":\"https:\/\/compuviper.mx\/tienda\/producto\/manhattan-425520-descansa-muecas-para-teclado-44-5-x-10-cm-antiderrapante-memory-foam\/\",\"name\":\"[ Manhattan ] &#129351; 425520 Descansa Mu\u00f1ecas,,, Para Teclado 44.5 X 10 Cm, Antiderrapante, Memory Foam\",\"isPartOf\":{\"@id\":\"https:\/\/compuviper.mx\/tienda\/#website\"},\"datePublished\":\"2026-04-08T05:09:03+00:00\",\"dateModified\":\"2026-04-08T05:09:03+00:00\",\"description\":\"Compra 425520 Descansa Mu\u00f1ecas,,, Para Teclado 44.5 X 10 Cm, Antiderrapante, Memory Foam + Env\u00edo a domicilio + Pago seguro + Garant\u00eda\",\"breadcrumb\":{\"@id\":\"https:\/\/compuviper.mx\/tienda\/producto\/manhattan-425520-descansa-muecas-para-teclado-44-5-x-10-cm-antiderrapante-memory-foam\/#breadcrumb\"},\"inLanguage\":\"es-MX\",\"potentialAction\":[{\"@type\":\"ReadAction\",\"target\":[\"https:\/\/compuviper.mx\/tienda\/producto\/manhattan-425520-descansa-muecas-para-teclado-44-5-x-10-cm-antiderrapante-memory-foam\/\"]}]},{\"@type\":\"BreadcrumbList\",\"@id\":\"https:\/\/compuviper.mx\/tienda\/producto\/manhattan-425520-descansa-muecas-para-teclado-44-5-x-10-cm-antiderrapante-memory-foam\/#breadcrumb\",\"itemListElement\":[{\"@type\":\"ListItem\",\"position\":1,\"name\":\"Inicio\",\"item\":\"https:\/\/compuviper.mx\/tienda\/\"},{\"@type\":\"ListItem\",\"position\":2,\"name\":\"Productos\",\"item\":\"https:\/\/compuviper.mx\/tienda\/productos\/\"},{\"@type\":\"ListItem\",\"position\":3,\"name\":\"Accesorios\",\"item\":\"https:\/\/compuviper.mx\/tienda\/categoria-producto\/accesorios\/\"},{\"@type\":\"ListItem\",\"position\":4,\"name\":\"Mouse Pads\",\"item\":\"https:\/\/compuviper.mx\/tienda\/categoria-producto\/accesorios\/mouse-pads\/\"},{\"@type\":\"ListItem\",\"position\":5,\"name\":\"Manhattan 425520 Descansa Mu?ecas,,, Para Teclado 44.5 X 10 Cm, Antiderrapante, Memory Foam\"}]},{\"@type\":\"WebSite\",\"@id\":\"https:\/\/compuviper.mx\/tienda\/#website\",\"url\":\"https:\/\/compuviper.mx\/tienda\/\",\"name\":\"Compuviper\",\"description\":\"Proveedor de Computadoras, Laptops, Servidores, Monitores, Puntos de Venta, Teclados,   Impresoras, T\u00f3ner, C\u00e1maras de Seguridad y m\u00e1s en tu tienda en l\u00ednea\",\"publisher\":{\"@id\":\"https:\/\/compuviper.mx\/tienda\/#organization\"},\"potentialAction\":[{\"@type\":\"SearchAction\",\"target\":{\"@type\":\"EntryPoint\",\"urlTemplate\":\"https:\/\/compuviper.mx\/tienda\/?s={search_term_string}\"},\"query-input\":\"required name=search_term_string\"}],\"inLanguage\":\"es-MX\"},{\"@type\":\"Organization\",\"@id\":\"https:\/\/compuviper.mx\/tienda\/#organization\",\"name\":\"Compuviper\",\"url\":\"https:\/\/compuviper.mx\/tienda\/\",\"logo\":{\"@type\":\"ImageObject\",\"inLanguage\":\"es-MX\",\"@id\":\"https:\/\/compuviper.mx\/tienda\/#\/schema\/logo\/image\/\",\"url\":\"https:\/\/compuviper.mx\/tienda\/wp-content\/uploads\/2021\/08\/Logo-Compuviper-10.png\",\"contentUrl\":\"https:\/\/compuviper.mx\/tienda\/wp-content\/uploads\/2021\/08\/Logo-Compuviper-10.png\",\"width\":1000,\"height\":500,\"caption\":\"Compuviper\"},\"image\":{\"@id\":\"https:\/\/compuviper.mx\/tienda\/#\/schema\/logo\/image\/\"},\"sameAs\":[\"https:\/\/www.facebook.com\/compuviper\",\"https:\/\/www.youtube.com\/channel\/UCf73dERp9Y3cfOq7q8BhLjA?view_as=subscriber\"]}]}<\/script>\n<meta property=\"product:brand\" content=\"MANHATTAN\" \/>\n<meta property=\"product:price:amount\" content=\"151\" \/>\n<meta property=\"product:price:currency\" content=\"MXN\" \/>\n<meta property=\"og:availability\" content=\"instock\" \/>\n<meta property=\"product:availability\" content=\"instock\" \/>\n<meta property=\"product:retailer_item_id\" content=\"425520\" \/>\n<meta property=\"product:condition\" content=\"new\" \/>\n<!-- \/ Yoast SEO plugin. -->","yoast_head_json":{"title":"[ Manhattan ] &#129351; 425520 Descansa Mu\u00f1ecas,,, Para Teclado 44.5 X 10 Cm, Antiderrapante, Memory Foam","description":"Compra 425520 Descansa Mu\u00f1ecas,,, Para Teclado 44.5 X 10 Cm, Antiderrapante, Memory Foam + Env\u00edo a domicilio + Pago seguro + Garant\u00eda","robots":{"index":"index","follow":"follow","max-snippet":"max-snippet:-1","max-image-preview":"max-image-preview:large","max-video-preview":"max-video-preview:-1"},"canonical":"https:\/\/compuviper.mx\/tienda\/producto\/manhattan-425520-descansa-muecas-para-teclado-44-5-x-10-cm-antiderrapante-memory-foam\/","og_locale":"es_MX","og_type":"article","og_title":"[ Manhattan ] &#129351; 425520 Descansa Mu\u00f1ecas,,, Para Teclado 44.5 X 10 Cm, Antiderrapante, Memory Foam","og_description":"Compra 425520 Descansa Mu\u00f1ecas,,, Para Teclado 44.5 X 10 Cm, Antiderrapante, Memory Foam + Env\u00edo a domicilio + Pago seguro + Garant\u00eda","og_url":"https:\/\/compuviper.mx\/tienda\/producto\/manhattan-425520-descansa-muecas-para-teclado-44-5-x-10-cm-antiderrapante-memory-foam\/","og_site_name":"Compuviper","article_publisher":"https:\/\/www.facebook.com\/compuviper","og_image":[{"width":200,"height":200,"url":"https:\/\/compuviper.mx\/tienda\/wp-content\/uploads\/2023\/03\/Reposamunecas-manhattan-soporte-ergonomico-para-el-teclado-445-x-100-mm-17.5-x-4-pulg.-suave-espuma-de-memory-foam-base-de-goma-antideslizante-negro.jpg","type":"image\/jpeg"}],"twitter_card":"summary_large_image","twitter_misc":{"Precio":"&#36;151 con IVA","Availability":"In stock"},"schema":{"@context":"https:\/\/schema.org","@graph":[{"@type":"WebPage","@id":"https:\/\/compuviper.mx\/tienda\/producto\/manhattan-425520-descansa-muecas-para-teclado-44-5-x-10-cm-antiderrapante-memory-foam\/","url":"https:\/\/compuviper.mx\/tienda\/producto\/manhattan-425520-descansa-muecas-para-teclado-44-5-x-10-cm-antiderrapante-memory-foam\/","name":"[ Manhattan ] &#129351; 425520 Descansa Mu\u00f1ecas,,, Para Teclado 44.5 X 10 Cm, Antiderrapante, Memory Foam","isPartOf":{"@id":"https:\/\/compuviper.mx\/tienda\/#website"},"datePublished":"2026-04-08T05:09:03+00:00","dateModified":"2026-04-08T05:09:03+00:00","description":"Compra 425520 Descansa Mu\u00f1ecas,,, Para Teclado 44.5 X 10 Cm, Antiderrapante, Memory Foam + Env\u00edo a domicilio + Pago seguro + Garant\u00eda","breadcrumb":{"@id":"https:\/\/compuviper.mx\/tienda\/producto\/manhattan-425520-descansa-muecas-para-teclado-44-5-x-10-cm-antiderrapante-memory-foam\/#breadcrumb"},"inLanguage":"es-MX","potentialAction":[{"@type":"ReadAction","target":["https:\/\/compuviper.mx\/tienda\/producto\/manhattan-425520-descansa-muecas-para-teclado-44-5-x-10-cm-antiderrapante-memory-foam\/"]}]},{"@type":"BreadcrumbList","@id":"https:\/\/compuviper.mx\/tienda\/producto\/manhattan-425520-descansa-muecas-para-teclado-44-5-x-10-cm-antiderrapante-memory-foam\/#breadcrumb","itemListElement":[{"@type":"ListItem","position":1,"name":"Inicio","item":"https:\/\/compuviper.mx\/tienda\/"},{"@type":"ListItem","position":2,"name":"Productos","item":"https:\/\/compuviper.mx\/tienda\/productos\/"},{"@type":"ListItem","position":3,"name":"Accesorios","item":"https:\/\/compuviper.mx\/tienda\/categoria-producto\/accesorios\/"},{"@type":"ListItem","position":4,"name":"Mouse Pads","item":"https:\/\/compuviper.mx\/tienda\/categoria-producto\/accesorios\/mouse-pads\/"},{"@type":"ListItem","position":5,"name":"Manhattan 425520 Descansa Mu?ecas,,, Para Teclado 44.5 X 10 Cm, Antiderrapante, Memory Foam"}]},{"@type":"WebSite","@id":"https:\/\/compuviper.mx\/tienda\/#website","url":"https:\/\/compuviper.mx\/tienda\/","name":"Compuviper","description":"Proveedor de Computadoras, Laptops, Servidores, Monitores, Puntos de Venta, Teclados,   Impresoras, T\u00f3ner, C\u00e1maras de Seguridad y m\u00e1s en tu tienda en l\u00ednea","publisher":{"@id":"https:\/\/compuviper.mx\/tienda\/#organization"},"potentialAction":[{"@type":"SearchAction","target":{"@type":"EntryPoint","urlTemplate":"https:\/\/compuviper.mx\/tienda\/?s={search_term_string}"},"query-input":"required name=search_term_string"}],"inLanguage":"es-MX"},{"@type":"Organization","@id":"https:\/\/compuviper.mx\/tienda\/#organization","name":"Compuviper","url":"https:\/\/compuviper.mx\/tienda\/","logo":{"@type":"ImageObject","inLanguage":"es-MX","@id":"https:\/\/compuviper.mx\/tienda\/#\/schema\/logo\/image\/","url":"https:\/\/compuviper.mx\/tienda\/wp-content\/uploads\/2021\/08\/Logo-Compuviper-10.png","contentUrl":"https:\/\/compuviper.mx\/tienda\/wp-content\/uploads\/2021\/08\/Logo-Compuviper-10.png","width":1000,"height":500,"caption":"Compuviper"},"image":{"@id":"https:\/\/compuviper.mx\/tienda\/#\/schema\/logo\/image\/"},"sameAs":["https:\/\/www.facebook.com\/compuviper","https:\/\/www.youtube.com\/channel\/UCf73dERp9Y3cfOq7q8BhLjA?view_as=subscriber"]}]},"product_brand":"MANHATTAN","product_price_amount":"151","product_price_currency":"MXN","og_availability":"instock","product_availability":"instock","product_retailer_item_id":"425520","product_condition":"new"},"_links":{"self":[{"href":"https:\/\/compuviper.mx\/tienda\/wp-json\/wp\/v2\/product\/166137"}],"collection":[{"href":"https:\/\/compuviper.mx\/tienda\/wp-json\/wp\/v2\/product"}],"about":[{"href":"https:\/\/compuviper.mx\/tienda\/wp-json\/wp\/v2\/types\/product"}],"replies":[{"embeddable":true,"href":"https:\/\/compuviper.mx\/tienda\/wp-json\/wp\/v2\/comments?post=166137"}],"wp:featuredmedia":[{"embeddable":true,"href":"https:\/\/compuviper.mx\/tienda\/wp-json\/wp\/v2\/media\/168698"}],"wp:attachment":[{"href":"https:\/\/compuviper.mx\/tienda\/wp-json\/wp\/v2\/media?parent=166137"}],"wp:term":[{"taxonomy":"product_cat","embeddable":true,"href":"https:\/\/compuviper.mx\/tienda\/wp-json\/wp\/v2\/product_cat?post=166137"},{"taxonomy":"product_tag","embeddable":true,"href":"https:\/\/compuviper.mx\/tienda\/wp-json\/wp\/v2\/product_tag?post=166137"}],"curies":[{"name":"wp","href":"https:\/\/api.w.org\/{rel}","templated":true}]}}