{"id":165730,"date":"2026-04-06T23:08:14","date_gmt":"2026-04-07T05:08:14","guid":{"rendered":"https:\/\/compuviper.mx\/tienda\/producto\/manhattan-462136-soporte-para-escritorio-combinado-con-brazo-para-monitor-y-soporte-para-laptop-13-a-32-hasta-8-kg-17-libras-y-una-laptop-de-10-a-17-hasta-8-kg-17-libras-ajuste-de-altura\/"},"modified":"2026-04-06T23:08:14","modified_gmt":"2026-04-07T05:08:14","slug":"manhattan-462136-soporte-combinado-de-escritorio-para-laptop-y-monitor-de-13-a-32","status":"publish","type":"product","link":"https:\/\/compuviper.mx\/tienda\/producto\/manhattan-462136-soporte-combinado-de-escritorio-para-laptop-y-monitor-de-13-a-32\/","title":{"rendered":"Manhattan 462136 Soporte Combinado,,, De Escritorio Para Laptop Y Monitor De 13 A 32"},"content":{"rendered":"<table class=\"descripcion\">\n<tr>\n<td>Generalidades<\/td>\n<\/tr>\n<tr>\n<td>Inclinaci\u00f3n: : +\/-45\u00b0<\/td>\n<\/tr>\n<tr>\n<td>Giro: 360\u00b0<\/td>\n<\/tr>\n<tr>\n<td>Dimensiones de la base para la terminal (largo x ancho x alto): 86 x 86 x 179 mm<\/td>\n<\/tr>\n<tr>\n<td>Dimensiones del poste (largo x ancho x alto): 38 x 38 x 176 mm<\/td>\n<\/tr>\n<tr>\n<td>Dimensiones de la base (largo x ancho x alto): 86 x 86 x 23 mm<\/td>\n<\/tr>\n<tr>\n<td>Peso neto: 860 g<\/td>\n<\/tr>\n<tr>\n<td>Peso bruto: 1 kg<\/td>\n<\/tr>\n<tr>\n<td>Materiales: aluminio, acero y pl\u00e1stico<\/td>\n<\/tr>\n<tr>\n<td>Contenido del paquete<\/td>\n<\/tr>\n<tr>\n<td>Soporte para terminal de punto de venta verifone\u00ae vx 520<\/td>\n<\/tr>\n<tr>\n<td>Piezas para montaje y herramienta<\/td>\n<\/tr>\n<\/table>\n","protected":false},"excerpt":{"rendered":"<p>Highlights. Optimizador del espacio de trabajo ergon\u00f3mico 2 en 1 que eleva la pantalla y el port\u00e1til del escritorio soporte compatible con vesa en brazo oscilante de doble enlace para un monitor de 13 a 32 de hasta 8 kg 17 lbs. Bandeja para un port\u00e1til de 10 a 17 de hasta 8 kg 17 lbs. Ofrece un giro de 180\u00b0, una inclinaci\u00f3n de 90\u00b0 \/ -35\u00b0 y un ajuste de altura a lo largo del poste de 800 mm 31 pulgadas para optimizar las vistas admite la rotaci\u00f3n de 360\u00b0 para la orientaci\u00f3n de la pantalla en horizontal o vertical crea una configuraci\u00f3n de doble monitor integrando el port\u00e1til como segunda pantalla permite inclinar la bandeja completamente en horizontal para utilizarla como soporte de un proyector de hasta 8 kg 17 lbs. Cumple con los est\u00e1ndares vesa: 75&#215;75, 100&#215;100 incluye una abrazadera en c para su instalaci\u00f3n sin necesidad de taladrar en el borde de un escritorio, mesa o mostrador de 10 a 88 mm de grosor construcci\u00f3n en acero resistente con pintura electrost\u00e1tica en polvo gesti\u00f3n de cables incorporada para minimizar el desorden ideal para aplicaciones dom\u00e9sticas de oficina, estudio, redes de ti y seguridad<\/p>\n","protected":false},"featured_media":168685,"comment_status":"open","ping_status":"open","template":"","meta":[],"product_cat":[2268,2265],"product_tag":[1487],"acf":[],"yoast_head":"<!-- This site is optimized with the Yoast SEO plugin v21.7 - https:\/\/yoast.com\/wordpress\/plugins\/seo\/ -->\n<title>[ Manhattan ] &#129351; 462136 Soporte Combinado,,, De Escritorio Para Laptop Y Monitor De 13 A 32<\/title>\n<meta name=\"description\" content=\"Compra 462136 Soporte Combinado,,, De Escritorio Para Laptop Y Monitor De 13 A 32 + Env\u00edo a domicilio + Pago seguro + Garant\u00eda\" \/>\n<meta name=\"robots\" content=\"index, follow, max-snippet:-1, max-image-preview:large, max-video-preview:-1\" \/>\n<link rel=\"canonical\" href=\"https:\/\/compuviper.mx\/tienda\/producto\/manhattan-462136-soporte-combinado-de-escritorio-para-laptop-y-monitor-de-13-a-32\/\" \/>\n<meta property=\"og:locale\" content=\"es_MX\" \/>\n<meta property=\"og:type\" content=\"article\" \/>\n<meta property=\"og:title\" content=\"[ Manhattan ] &#129351; 462136 Soporte Combinado,,, De Escritorio Para Laptop Y Monitor De 13 A 32\" \/>\n<meta property=\"og:description\" content=\"Compra 462136 Soporte Combinado,,, De Escritorio Para Laptop Y Monitor De 13 A 32 + Env\u00edo a domicilio + Pago seguro + Garant\u00eda\" \/>\n<meta property=\"og:url\" content=\"https:\/\/compuviper.mx\/tienda\/producto\/manhattan-462136-soporte-combinado-de-escritorio-para-laptop-y-monitor-de-13-a-32\/\" \/>\n<meta property=\"og:site_name\" content=\"Compuviper\" \/>\n<meta property=\"article:publisher\" content=\"https:\/\/www.facebook.com\/compuviper\" \/>\n<meta property=\"og:image\" content=\"https:\/\/compuviper.mx\/tienda\/wp-content\/uploads\/2023\/03\/Soporte-manhattan-para-escritorio-combinado-con-brazo-para-monitor-y-soporte-para-laptop-13-a-32-hasta-8-kg-17-libras-y-una-laptop-de-10-a-17-hasta-8-kg-17-libras-ajuste-de-altura.jpg\" \/>\n\t<meta property=\"og:image:width\" content=\"200\" \/>\n\t<meta property=\"og:image:height\" content=\"200\" \/>\n\t<meta property=\"og:image:type\" content=\"image\/jpeg\" \/>\n<meta name=\"twitter:card\" content=\"summary_large_image\" \/>\n<meta name=\"twitter:label1\" content=\"Precio\" \/>\n\t<meta name=\"twitter:data1\" content=\"&#36;1,207 con IVA\" \/>\n\t<meta name=\"twitter:label2\" content=\"Availability\" \/>\n\t<meta name=\"twitter:data2\" content=\"In stock\" \/>\n<script type=\"application\/ld+json\" class=\"yoast-schema-graph\">{\"@context\":\"https:\/\/schema.org\",\"@graph\":[{\"@type\":\"WebPage\",\"@id\":\"https:\/\/compuviper.mx\/tienda\/producto\/manhattan-462136-soporte-combinado-de-escritorio-para-laptop-y-monitor-de-13-a-32\/\",\"url\":\"https:\/\/compuviper.mx\/tienda\/producto\/manhattan-462136-soporte-combinado-de-escritorio-para-laptop-y-monitor-de-13-a-32\/\",\"name\":\"[ Manhattan ] &#129351; 462136 Soporte Combinado,,, De Escritorio Para Laptop Y Monitor De 13 A 32\",\"isPartOf\":{\"@id\":\"https:\/\/compuviper.mx\/tienda\/#website\"},\"datePublished\":\"2026-04-07T05:08:14+00:00\",\"dateModified\":\"2026-04-07T05:08:14+00:00\",\"description\":\"Compra 462136 Soporte Combinado,,, De Escritorio Para Laptop Y Monitor De 13 A 32 + Env\u00edo a domicilio + Pago seguro + Garant\u00eda\",\"breadcrumb\":{\"@id\":\"https:\/\/compuviper.mx\/tienda\/producto\/manhattan-462136-soporte-combinado-de-escritorio-para-laptop-y-monitor-de-13-a-32\/#breadcrumb\"},\"inLanguage\":\"es-MX\",\"potentialAction\":[{\"@type\":\"ReadAction\",\"target\":[\"https:\/\/compuviper.mx\/tienda\/producto\/manhattan-462136-soporte-combinado-de-escritorio-para-laptop-y-monitor-de-13-a-32\/\"]}]},{\"@type\":\"BreadcrumbList\",\"@id\":\"https:\/\/compuviper.mx\/tienda\/producto\/manhattan-462136-soporte-combinado-de-escritorio-para-laptop-y-monitor-de-13-a-32\/#breadcrumb\",\"itemListElement\":[{\"@type\":\"ListItem\",\"position\":1,\"name\":\"Inicio\",\"item\":\"https:\/\/compuviper.mx\/tienda\/\"},{\"@type\":\"ListItem\",\"position\":2,\"name\":\"Productos\",\"item\":\"https:\/\/compuviper.mx\/tienda\/productos\/\"},{\"@type\":\"ListItem\",\"position\":3,\"name\":\"Soportes Y Bases P\/tv\/ Proyectores\/dvd\/consolas\/bocinas\/pantallas\/monotores\",\"item\":\"https:\/\/compuviper.mx\/tienda\/categoria-producto\/soportes-y-bases-p-tv-proyectores-dvd-consolas-bocinas-pantallas-monotores\/\"},{\"@type\":\"ListItem\",\"position\":4,\"name\":\"Soporte Y Base Para Redes\",\"item\":\"https:\/\/compuviper.mx\/tienda\/categoria-producto\/soportes-y-bases-p-tv-proyectores-dvd-consolas-bocinas-pantallas-monotores\/soporte-y-base-para-redes-soportes-y-bases-p-tv-proyectores-dvd-consolas-bocinas-pantallas-monotores\/\"},{\"@type\":\"ListItem\",\"position\":5,\"name\":\"Manhattan 462136 Soporte Combinado,,, De Escritorio Para Laptop Y Monitor De 13 A 32\"}]},{\"@type\":\"WebSite\",\"@id\":\"https:\/\/compuviper.mx\/tienda\/#website\",\"url\":\"https:\/\/compuviper.mx\/tienda\/\",\"name\":\"Compuviper\",\"description\":\"Proveedor de Computadoras, Laptops, Servidores, Monitores, Puntos de Venta, Teclados,   Impresoras, T\u00f3ner, C\u00e1maras de Seguridad y m\u00e1s en tu tienda en l\u00ednea\",\"publisher\":{\"@id\":\"https:\/\/compuviper.mx\/tienda\/#organization\"},\"potentialAction\":[{\"@type\":\"SearchAction\",\"target\":{\"@type\":\"EntryPoint\",\"urlTemplate\":\"https:\/\/compuviper.mx\/tienda\/?s={search_term_string}\"},\"query-input\":\"required name=search_term_string\"}],\"inLanguage\":\"es-MX\"},{\"@type\":\"Organization\",\"@id\":\"https:\/\/compuviper.mx\/tienda\/#organization\",\"name\":\"Compuviper\",\"url\":\"https:\/\/compuviper.mx\/tienda\/\",\"logo\":{\"@type\":\"ImageObject\",\"inLanguage\":\"es-MX\",\"@id\":\"https:\/\/compuviper.mx\/tienda\/#\/schema\/logo\/image\/\",\"url\":\"https:\/\/compuviper.mx\/tienda\/wp-content\/uploads\/2021\/08\/Logo-Compuviper-10.png\",\"contentUrl\":\"https:\/\/compuviper.mx\/tienda\/wp-content\/uploads\/2021\/08\/Logo-Compuviper-10.png\",\"width\":1000,\"height\":500,\"caption\":\"Compuviper\"},\"image\":{\"@id\":\"https:\/\/compuviper.mx\/tienda\/#\/schema\/logo\/image\/\"},\"sameAs\":[\"https:\/\/www.facebook.com\/compuviper\",\"https:\/\/www.youtube.com\/channel\/UCf73dERp9Y3cfOq7q8BhLjA?view_as=subscriber\"]}]}<\/script>\n<meta property=\"product:brand\" content=\"MANHATTAN\" \/>\n<meta property=\"product:price:amount\" content=\"1207\" \/>\n<meta property=\"product:price:currency\" content=\"MXN\" \/>\n<meta property=\"og:availability\" content=\"instock\" \/>\n<meta property=\"product:availability\" content=\"instock\" \/>\n<meta property=\"product:retailer_item_id\" content=\"462136\" \/>\n<meta property=\"product:condition\" content=\"new\" \/>\n<!-- \/ Yoast SEO plugin. -->","yoast_head_json":{"title":"[ Manhattan ] &#129351; 462136 Soporte Combinado,,, De Escritorio Para Laptop Y Monitor De 13 A 32","description":"Compra 462136 Soporte Combinado,,, De Escritorio Para Laptop Y Monitor De 13 A 32 + Env\u00edo a domicilio + Pago seguro + Garant\u00eda","robots":{"index":"index","follow":"follow","max-snippet":"max-snippet:-1","max-image-preview":"max-image-preview:large","max-video-preview":"max-video-preview:-1"},"canonical":"https:\/\/compuviper.mx\/tienda\/producto\/manhattan-462136-soporte-combinado-de-escritorio-para-laptop-y-monitor-de-13-a-32\/","og_locale":"es_MX","og_type":"article","og_title":"[ Manhattan ] &#129351; 462136 Soporte Combinado,,, De Escritorio Para Laptop Y Monitor De 13 A 32","og_description":"Compra 462136 Soporte Combinado,,, De Escritorio Para Laptop Y Monitor De 13 A 32 + Env\u00edo a domicilio + Pago seguro + Garant\u00eda","og_url":"https:\/\/compuviper.mx\/tienda\/producto\/manhattan-462136-soporte-combinado-de-escritorio-para-laptop-y-monitor-de-13-a-32\/","og_site_name":"Compuviper","article_publisher":"https:\/\/www.facebook.com\/compuviper","og_image":[{"width":200,"height":200,"url":"https:\/\/compuviper.mx\/tienda\/wp-content\/uploads\/2023\/03\/Soporte-manhattan-para-escritorio-combinado-con-brazo-para-monitor-y-soporte-para-laptop-13-a-32-hasta-8-kg-17-libras-y-una-laptop-de-10-a-17-hasta-8-kg-17-libras-ajuste-de-altura.jpg","type":"image\/jpeg"}],"twitter_card":"summary_large_image","twitter_misc":{"Precio":"&#36;1,207 con IVA","Availability":"In stock"},"schema":{"@context":"https:\/\/schema.org","@graph":[{"@type":"WebPage","@id":"https:\/\/compuviper.mx\/tienda\/producto\/manhattan-462136-soporte-combinado-de-escritorio-para-laptop-y-monitor-de-13-a-32\/","url":"https:\/\/compuviper.mx\/tienda\/producto\/manhattan-462136-soporte-combinado-de-escritorio-para-laptop-y-monitor-de-13-a-32\/","name":"[ Manhattan ] &#129351; 462136 Soporte Combinado,,, De Escritorio Para Laptop Y Monitor De 13 A 32","isPartOf":{"@id":"https:\/\/compuviper.mx\/tienda\/#website"},"datePublished":"2026-04-07T05:08:14+00:00","dateModified":"2026-04-07T05:08:14+00:00","description":"Compra 462136 Soporte Combinado,,, De Escritorio Para Laptop Y Monitor De 13 A 32 + Env\u00edo a domicilio + Pago seguro + Garant\u00eda","breadcrumb":{"@id":"https:\/\/compuviper.mx\/tienda\/producto\/manhattan-462136-soporte-combinado-de-escritorio-para-laptop-y-monitor-de-13-a-32\/#breadcrumb"},"inLanguage":"es-MX","potentialAction":[{"@type":"ReadAction","target":["https:\/\/compuviper.mx\/tienda\/producto\/manhattan-462136-soporte-combinado-de-escritorio-para-laptop-y-monitor-de-13-a-32\/"]}]},{"@type":"BreadcrumbList","@id":"https:\/\/compuviper.mx\/tienda\/producto\/manhattan-462136-soporte-combinado-de-escritorio-para-laptop-y-monitor-de-13-a-32\/#breadcrumb","itemListElement":[{"@type":"ListItem","position":1,"name":"Inicio","item":"https:\/\/compuviper.mx\/tienda\/"},{"@type":"ListItem","position":2,"name":"Productos","item":"https:\/\/compuviper.mx\/tienda\/productos\/"},{"@type":"ListItem","position":3,"name":"Soportes Y Bases P\/tv\/ Proyectores\/dvd\/consolas\/bocinas\/pantallas\/monotores","item":"https:\/\/compuviper.mx\/tienda\/categoria-producto\/soportes-y-bases-p-tv-proyectores-dvd-consolas-bocinas-pantallas-monotores\/"},{"@type":"ListItem","position":4,"name":"Soporte Y Base Para Redes","item":"https:\/\/compuviper.mx\/tienda\/categoria-producto\/soportes-y-bases-p-tv-proyectores-dvd-consolas-bocinas-pantallas-monotores\/soporte-y-base-para-redes-soportes-y-bases-p-tv-proyectores-dvd-consolas-bocinas-pantallas-monotores\/"},{"@type":"ListItem","position":5,"name":"Manhattan 462136 Soporte Combinado,,, De Escritorio Para Laptop Y Monitor De 13 A 32"}]},{"@type":"WebSite","@id":"https:\/\/compuviper.mx\/tienda\/#website","url":"https:\/\/compuviper.mx\/tienda\/","name":"Compuviper","description":"Proveedor de Computadoras, Laptops, Servidores, Monitores, Puntos de Venta, Teclados,   Impresoras, T\u00f3ner, C\u00e1maras de Seguridad y m\u00e1s en tu tienda en l\u00ednea","publisher":{"@id":"https:\/\/compuviper.mx\/tienda\/#organization"},"potentialAction":[{"@type":"SearchAction","target":{"@type":"EntryPoint","urlTemplate":"https:\/\/compuviper.mx\/tienda\/?s={search_term_string}"},"query-input":"required name=search_term_string"}],"inLanguage":"es-MX"},{"@type":"Organization","@id":"https:\/\/compuviper.mx\/tienda\/#organization","name":"Compuviper","url":"https:\/\/compuviper.mx\/tienda\/","logo":{"@type":"ImageObject","inLanguage":"es-MX","@id":"https:\/\/compuviper.mx\/tienda\/#\/schema\/logo\/image\/","url":"https:\/\/compuviper.mx\/tienda\/wp-content\/uploads\/2021\/08\/Logo-Compuviper-10.png","contentUrl":"https:\/\/compuviper.mx\/tienda\/wp-content\/uploads\/2021\/08\/Logo-Compuviper-10.png","width":1000,"height":500,"caption":"Compuviper"},"image":{"@id":"https:\/\/compuviper.mx\/tienda\/#\/schema\/logo\/image\/"},"sameAs":["https:\/\/www.facebook.com\/compuviper","https:\/\/www.youtube.com\/channel\/UCf73dERp9Y3cfOq7q8BhLjA?view_as=subscriber"]}]},"product_brand":"MANHATTAN","product_price_amount":"1207","product_price_currency":"MXN","og_availability":"instock","product_availability":"instock","product_retailer_item_id":"462136","product_condition":"new"},"_links":{"self":[{"href":"https:\/\/compuviper.mx\/tienda\/wp-json\/wp\/v2\/product\/165730"}],"collection":[{"href":"https:\/\/compuviper.mx\/tienda\/wp-json\/wp\/v2\/product"}],"about":[{"href":"https:\/\/compuviper.mx\/tienda\/wp-json\/wp\/v2\/types\/product"}],"replies":[{"embeddable":true,"href":"https:\/\/compuviper.mx\/tienda\/wp-json\/wp\/v2\/comments?post=165730"}],"wp:featuredmedia":[{"embeddable":true,"href":"https:\/\/compuviper.mx\/tienda\/wp-json\/wp\/v2\/media\/168685"}],"wp:attachment":[{"href":"https:\/\/compuviper.mx\/tienda\/wp-json\/wp\/v2\/media?parent=165730"}],"wp:term":[{"taxonomy":"product_cat","embeddable":true,"href":"https:\/\/compuviper.mx\/tienda\/wp-json\/wp\/v2\/product_cat?post=165730"},{"taxonomy":"product_tag","embeddable":true,"href":"https:\/\/compuviper.mx\/tienda\/wp-json\/wp\/v2\/product_tag?post=165730"}],"curies":[{"name":"wp","href":"https:\/\/api.w.org\/{rel}","templated":true}]}}