{"id":165676,"date":"2026-04-27T23:08:31","date_gmt":"2026-04-28T05:08:31","guid":{"rendered":"https:\/\/compuviper.mx\/tienda\/producto\/manhattan-462037-soporte-para-monitor-de-escritorio-17-a-27-con-un-peso-de-hasta-7kg-inclinacion-10-giro-de-45-rotacion-de-90-altura-ajustable\/"},"modified":"2026-04-27T23:08:31","modified_gmt":"2026-04-28T05:08:31","slug":"manhattan-462037-soporte-monitor-de-escritorio-17-a-27-con-un-peso-de-hasta-7kg-inclinacion-10-giro-de-45-rotacion-de-90-altura-ajustable","status":"publish","type":"product","link":"https:\/\/compuviper.mx\/tienda\/producto\/manhattan-462037-soporte-monitor-de-escritorio-17-a-27-con-un-peso-de-hasta-7kg-inclinacion-10-giro-de-45-rotacion-de-90-altura-ajustable\/","title":{"rendered":"Manhattan 462037 Soporte Monitor  ,, De Escritorio, 17 A 27 Con Un Peso De Hasta 7kg, Inclinacion \/- 10 , Giro De \/- 45 ,rotacion De \/- 90 , Altura Ajustable"},"content":{"rendered":"<table class=\"descripcion\">\n<tr>\n<td>General<\/td>\n<\/tr>\n<tr>\n<td>Certificaciones: rohs<\/td>\n<\/tr>\n<tr>\n<td>Dise\u00f1ado para la mayor\u00eda de los monitores lcd de 17 &#8220;a 27&#8221;<\/td>\n<\/tr>\n<tr>\n<td>Capacidad de peso: 7 kg (15.4 lbs.)<\/td>\n<\/tr>\n<tr>\n<td>Giratorio: +\/- 45 \u00b0<\/td>\n<\/tr>\n<tr>\n<td>Inclinaci\u00f3n: +\/- 10 \u00b0<\/td>\n<\/tr>\n<tr>\n<td>Rotaci\u00f3n: +\/- 90 \u00b0<\/td>\n<\/tr>\n<tr>\n<td>Altura ajustable: a lo largo del poste de 366 mm (14.4 pulg.)<\/td>\n<\/tr>\n<tr>\n<td>Dimensiones (largo x ancho x alto): 240 x 260 x 366 mm (9,45 x 10,24 x 14,4 pulg.)<\/td>\n<\/tr>\n<tr>\n<td>Peso: 1.31 kg (2.89 libras)<\/td>\n<\/tr>\n<tr>\n<td>Est\u00e1ndares vesa: 75&#215;75, 100&#215;100<\/td>\n<\/tr>\n<tr>\n<td>Contenido del paquete<\/td>\n<\/tr>\n<tr>\n<td>Soporte de escritorio para monitor<\/td>\n<\/tr>\n<tr>\n<td>Piezas para montaje e instrucciones<\/td>\n<\/tr>\n<\/table>\n","protected":false},"excerpt":{"rendered":"<p>Highlights. Soporte independiente para un monitor lcd de 17&#8243; a 27&#8243; de hasta 7 kg (15.4 lbs.. Giro de hasta +\/- 45 \u00b0, inclinaci\u00f3n de +\/- 10 \u00b0 y altura ajustable a lo largo del poste de 366 mm (14.4 pulg.) para mejorar la visualizaci\u00f3n. Rotaci\u00f3n de +\/- 90 \u00b0 para orientaci\u00f3n de pantalla horizontal o vertical. Las posiciones se controlan ergon\u00f3micamente sobre el escritorio para aumentar el espacio de trabajo, reducir la fatiga visual y mejorar la postura. Construcci\u00f3n en acero resistente con pintura electrost\u00e1tica en polvo. Base en forma de v con acolchado para proteger su escritorio de rasgu\u00f1os. Cumple con los est\u00e1ndares vesa: 75&#215;75, 100&#215;100. Gesti\u00f3n de cables incorporada para minimizar el desorden. Ideal para aplicaciones (dom\u00e9sticas) de oficina, estudio, redes de ti y seguridad. 3 a\u00f1os de garant\u00eda<\/p>\n","protected":false},"featured_media":168682,"comment_status":"open","ping_status":"open","template":"","meta":[],"product_cat":[2321,2265],"product_tag":[1487],"acf":[],"yoast_head":"<!-- This site is optimized with the Yoast SEO plugin v21.7 - https:\/\/yoast.com\/wordpress\/plugins\/seo\/ -->\n<title>[ Manhattan ] &#129351; 462037 Soporte Monitor ,, De Escritorio, 17 A 27 Con Un Peso De Hasta 7kg, Inclinacion \/- 10 , Giro De \/- 45 ,rotacion De \/- 90 , Altura Ajustable<\/title>\n<meta name=\"description\" content=\"Compra 462037 Soporte Monitor ,, De Escritorio, 17 A 27 Con Un Peso De Hasta 7kg, Inclinacion \/- 10 , Giro De \/- 45 ,rotacion De \/- 90 , Altura Ajustable + Env\u00edo a domicilio + Pago seguro + Garant\u00eda\" \/>\n<meta name=\"robots\" content=\"index, follow, max-snippet:-1, max-image-preview:large, max-video-preview:-1\" \/>\n<link rel=\"canonical\" href=\"https:\/\/compuviper.mx\/tienda\/producto\/manhattan-462037-soporte-monitor-de-escritorio-17-a-27-con-un-peso-de-hasta-7kg-inclinacion-10-giro-de-45-rotacion-de-90-altura-ajustable\/\" \/>\n<meta property=\"og:locale\" content=\"es_MX\" \/>\n<meta property=\"og:type\" content=\"article\" \/>\n<meta property=\"og:title\" content=\"[ Manhattan ] &#129351; 462037 Soporte Monitor ,, De Escritorio, 17 A 27 Con Un Peso De Hasta 7kg, Inclinacion \/- 10 , Giro De \/- 45 ,rotacion De \/- 90 , Altura Ajustable\" \/>\n<meta property=\"og:description\" content=\"Compra 462037 Soporte Monitor ,, De Escritorio, 17 A 27 Con Un Peso De Hasta 7kg, Inclinacion \/- 10 , Giro De \/- 45 ,rotacion De \/- 90 , Altura Ajustable + Env\u00edo a domicilio + Pago seguro + Garant\u00eda\" \/>\n<meta property=\"og:url\" content=\"https:\/\/compuviper.mx\/tienda\/producto\/manhattan-462037-soporte-monitor-de-escritorio-17-a-27-con-un-peso-de-hasta-7kg-inclinacion-10-giro-de-45-rotacion-de-90-altura-ajustable\/\" \/>\n<meta property=\"og:site_name\" content=\"Compuviper\" \/>\n<meta property=\"article:publisher\" content=\"https:\/\/www.facebook.com\/compuviper\" \/>\n<meta property=\"og:image\" content=\"https:\/\/compuviper.mx\/tienda\/wp-content\/uploads\/2023\/03\/Soporte-manhattan-para-monitor-de-escritorio-17-a-27-con-un-peso-de-hasta-7kg-inclinacion-10-giro-de-45-rotacion-de-90-altura-ajustable.jpg\" \/>\n\t<meta property=\"og:image:width\" content=\"200\" \/>\n\t<meta property=\"og:image:height\" content=\"200\" \/>\n\t<meta property=\"og:image:type\" content=\"image\/jpeg\" \/>\n<meta name=\"twitter:card\" content=\"summary_large_image\" \/>\n<meta name=\"twitter:label1\" content=\"Precio\" \/>\n\t<meta name=\"twitter:data1\" content=\"&#36;393 con IVA\" \/>\n\t<meta name=\"twitter:label2\" content=\"Availability\" \/>\n\t<meta name=\"twitter:data2\" content=\"In stock\" \/>\n<script type=\"application\/ld+json\" class=\"yoast-schema-graph\">{\"@context\":\"https:\/\/schema.org\",\"@graph\":[{\"@type\":\"WebPage\",\"@id\":\"https:\/\/compuviper.mx\/tienda\/producto\/manhattan-462037-soporte-monitor-de-escritorio-17-a-27-con-un-peso-de-hasta-7kg-inclinacion-10-giro-de-45-rotacion-de-90-altura-ajustable\/\",\"url\":\"https:\/\/compuviper.mx\/tienda\/producto\/manhattan-462037-soporte-monitor-de-escritorio-17-a-27-con-un-peso-de-hasta-7kg-inclinacion-10-giro-de-45-rotacion-de-90-altura-ajustable\/\",\"name\":\"[ Manhattan ] &#129351; 462037 Soporte Monitor ,, De Escritorio, 17 A 27 Con Un Peso De Hasta 7kg, Inclinacion \/- 10 , Giro De \/- 45 ,rotacion De \/- 90 , Altura Ajustable\",\"isPartOf\":{\"@id\":\"https:\/\/compuviper.mx\/tienda\/#website\"},\"datePublished\":\"2026-04-28T05:08:31+00:00\",\"dateModified\":\"2026-04-28T05:08:31+00:00\",\"description\":\"Compra 462037 Soporte Monitor ,, De Escritorio, 17 A 27 Con Un Peso De Hasta 7kg, Inclinacion \/- 10 , Giro De \/- 45 ,rotacion De \/- 90 , Altura Ajustable + Env\u00edo a domicilio + Pago seguro + Garant\u00eda\",\"breadcrumb\":{\"@id\":\"https:\/\/compuviper.mx\/tienda\/producto\/manhattan-462037-soporte-monitor-de-escritorio-17-a-27-con-un-peso-de-hasta-7kg-inclinacion-10-giro-de-45-rotacion-de-90-altura-ajustable\/#breadcrumb\"},\"inLanguage\":\"es-MX\",\"potentialAction\":[{\"@type\":\"ReadAction\",\"target\":[\"https:\/\/compuviper.mx\/tienda\/producto\/manhattan-462037-soporte-monitor-de-escritorio-17-a-27-con-un-peso-de-hasta-7kg-inclinacion-10-giro-de-45-rotacion-de-90-altura-ajustable\/\"]}]},{\"@type\":\"BreadcrumbList\",\"@id\":\"https:\/\/compuviper.mx\/tienda\/producto\/manhattan-462037-soporte-monitor-de-escritorio-17-a-27-con-un-peso-de-hasta-7kg-inclinacion-10-giro-de-45-rotacion-de-90-altura-ajustable\/#breadcrumb\",\"itemListElement\":[{\"@type\":\"ListItem\",\"position\":1,\"name\":\"Inicio\",\"item\":\"https:\/\/compuviper.mx\/tienda\/\"},{\"@type\":\"ListItem\",\"position\":2,\"name\":\"Productos\",\"item\":\"https:\/\/compuviper.mx\/tienda\/productos\/\"},{\"@type\":\"ListItem\",\"position\":3,\"name\":\"Soportes Y Bases P\/tv\/ Proyectores\/dvd\/consolas\/bocinas\/pantallas\/monotores\",\"item\":\"https:\/\/compuviper.mx\/tienda\/categoria-producto\/soportes-y-bases-p-tv-proyectores-dvd-consolas-bocinas-pantallas-monotores\/\"},{\"@type\":\"ListItem\",\"position\":4,\"name\":\"Soporte Y Base Para Tv\/pantallas\/monitores\/kiosko\",\"item\":\"https:\/\/compuviper.mx\/tienda\/categoria-producto\/soportes-y-bases-p-tv-proyectores-dvd-consolas-bocinas-pantallas-monotores\/soporte-y-base-para-tv-pantallas-monitores-kiosko\/\"},{\"@type\":\"ListItem\",\"position\":5,\"name\":\"Manhattan 462037 Soporte Monitor ,, De Escritorio, 17 A 27 Con Un Peso De Hasta 7kg, Inclinacion \/- 10 , Giro De \/- 45 ,rotacion De \/- 90 , Altura Ajustable\"}]},{\"@type\":\"WebSite\",\"@id\":\"https:\/\/compuviper.mx\/tienda\/#website\",\"url\":\"https:\/\/compuviper.mx\/tienda\/\",\"name\":\"Compuviper\",\"description\":\"Proveedor de Computadoras, Laptops, Servidores, Monitores, Puntos de Venta, Teclados,   Impresoras, T\u00f3ner, C\u00e1maras de Seguridad y m\u00e1s en tu tienda en l\u00ednea\",\"publisher\":{\"@id\":\"https:\/\/compuviper.mx\/tienda\/#organization\"},\"potentialAction\":[{\"@type\":\"SearchAction\",\"target\":{\"@type\":\"EntryPoint\",\"urlTemplate\":\"https:\/\/compuviper.mx\/tienda\/?s={search_term_string}\"},\"query-input\":\"required name=search_term_string\"}],\"inLanguage\":\"es-MX\"},{\"@type\":\"Organization\",\"@id\":\"https:\/\/compuviper.mx\/tienda\/#organization\",\"name\":\"Compuviper\",\"url\":\"https:\/\/compuviper.mx\/tienda\/\",\"logo\":{\"@type\":\"ImageObject\",\"inLanguage\":\"es-MX\",\"@id\":\"https:\/\/compuviper.mx\/tienda\/#\/schema\/logo\/image\/\",\"url\":\"https:\/\/compuviper.mx\/tienda\/wp-content\/uploads\/2021\/08\/Logo-Compuviper-10.png\",\"contentUrl\":\"https:\/\/compuviper.mx\/tienda\/wp-content\/uploads\/2021\/08\/Logo-Compuviper-10.png\",\"width\":1000,\"height\":500,\"caption\":\"Compuviper\"},\"image\":{\"@id\":\"https:\/\/compuviper.mx\/tienda\/#\/schema\/logo\/image\/\"},\"sameAs\":[\"https:\/\/www.facebook.com\/compuviper\",\"https:\/\/www.youtube.com\/channel\/UCf73dERp9Y3cfOq7q8BhLjA?view_as=subscriber\"]}]}<\/script>\n<meta property=\"product:brand\" content=\"MANHATTAN\" \/>\n<meta property=\"product:price:amount\" content=\"393\" \/>\n<meta property=\"product:price:currency\" content=\"MXN\" \/>\n<meta property=\"og:availability\" content=\"instock\" \/>\n<meta property=\"product:availability\" content=\"instock\" \/>\n<meta property=\"product:retailer_item_id\" content=\"462037\" \/>\n<meta property=\"product:condition\" content=\"new\" \/>\n<!-- \/ Yoast SEO plugin. -->","yoast_head_json":{"title":"[ Manhattan ] &#129351; 462037 Soporte Monitor ,, De Escritorio, 17 A 27 Con Un Peso De Hasta 7kg, Inclinacion \/- 10 , Giro De \/- 45 ,rotacion De \/- 90 , Altura Ajustable","description":"Compra 462037 Soporte Monitor ,, De Escritorio, 17 A 27 Con Un Peso De Hasta 7kg, Inclinacion \/- 10 , Giro De \/- 45 ,rotacion De \/- 90 , Altura Ajustable + Env\u00edo a domicilio + Pago seguro + Garant\u00eda","robots":{"index":"index","follow":"follow","max-snippet":"max-snippet:-1","max-image-preview":"max-image-preview:large","max-video-preview":"max-video-preview:-1"},"canonical":"https:\/\/compuviper.mx\/tienda\/producto\/manhattan-462037-soporte-monitor-de-escritorio-17-a-27-con-un-peso-de-hasta-7kg-inclinacion-10-giro-de-45-rotacion-de-90-altura-ajustable\/","og_locale":"es_MX","og_type":"article","og_title":"[ Manhattan ] &#129351; 462037 Soporte Monitor ,, De Escritorio, 17 A 27 Con Un Peso De Hasta 7kg, Inclinacion \/- 10 , Giro De \/- 45 ,rotacion De \/- 90 , Altura Ajustable","og_description":"Compra 462037 Soporte Monitor ,, De Escritorio, 17 A 27 Con Un Peso De Hasta 7kg, Inclinacion \/- 10 , Giro De \/- 45 ,rotacion De \/- 90 , Altura Ajustable + Env\u00edo a domicilio + Pago seguro + Garant\u00eda","og_url":"https:\/\/compuviper.mx\/tienda\/producto\/manhattan-462037-soporte-monitor-de-escritorio-17-a-27-con-un-peso-de-hasta-7kg-inclinacion-10-giro-de-45-rotacion-de-90-altura-ajustable\/","og_site_name":"Compuviper","article_publisher":"https:\/\/www.facebook.com\/compuviper","og_image":[{"width":200,"height":200,"url":"https:\/\/compuviper.mx\/tienda\/wp-content\/uploads\/2023\/03\/Soporte-manhattan-para-monitor-de-escritorio-17-a-27-con-un-peso-de-hasta-7kg-inclinacion-10-giro-de-45-rotacion-de-90-altura-ajustable.jpg","type":"image\/jpeg"}],"twitter_card":"summary_large_image","twitter_misc":{"Precio":"&#36;393 con IVA","Availability":"In stock"},"schema":{"@context":"https:\/\/schema.org","@graph":[{"@type":"WebPage","@id":"https:\/\/compuviper.mx\/tienda\/producto\/manhattan-462037-soporte-monitor-de-escritorio-17-a-27-con-un-peso-de-hasta-7kg-inclinacion-10-giro-de-45-rotacion-de-90-altura-ajustable\/","url":"https:\/\/compuviper.mx\/tienda\/producto\/manhattan-462037-soporte-monitor-de-escritorio-17-a-27-con-un-peso-de-hasta-7kg-inclinacion-10-giro-de-45-rotacion-de-90-altura-ajustable\/","name":"[ Manhattan ] &#129351; 462037 Soporte Monitor ,, De Escritorio, 17 A 27 Con Un Peso De Hasta 7kg, Inclinacion \/- 10 , Giro De \/- 45 ,rotacion De \/- 90 , Altura Ajustable","isPartOf":{"@id":"https:\/\/compuviper.mx\/tienda\/#website"},"datePublished":"2026-04-28T05:08:31+00:00","dateModified":"2026-04-28T05:08:31+00:00","description":"Compra 462037 Soporte Monitor ,, De Escritorio, 17 A 27 Con Un Peso De Hasta 7kg, Inclinacion \/- 10 , Giro De \/- 45 ,rotacion De \/- 90 , Altura Ajustable + Env\u00edo a domicilio + Pago seguro + Garant\u00eda","breadcrumb":{"@id":"https:\/\/compuviper.mx\/tienda\/producto\/manhattan-462037-soporte-monitor-de-escritorio-17-a-27-con-un-peso-de-hasta-7kg-inclinacion-10-giro-de-45-rotacion-de-90-altura-ajustable\/#breadcrumb"},"inLanguage":"es-MX","potentialAction":[{"@type":"ReadAction","target":["https:\/\/compuviper.mx\/tienda\/producto\/manhattan-462037-soporte-monitor-de-escritorio-17-a-27-con-un-peso-de-hasta-7kg-inclinacion-10-giro-de-45-rotacion-de-90-altura-ajustable\/"]}]},{"@type":"BreadcrumbList","@id":"https:\/\/compuviper.mx\/tienda\/producto\/manhattan-462037-soporte-monitor-de-escritorio-17-a-27-con-un-peso-de-hasta-7kg-inclinacion-10-giro-de-45-rotacion-de-90-altura-ajustable\/#breadcrumb","itemListElement":[{"@type":"ListItem","position":1,"name":"Inicio","item":"https:\/\/compuviper.mx\/tienda\/"},{"@type":"ListItem","position":2,"name":"Productos","item":"https:\/\/compuviper.mx\/tienda\/productos\/"},{"@type":"ListItem","position":3,"name":"Soportes Y Bases P\/tv\/ Proyectores\/dvd\/consolas\/bocinas\/pantallas\/monotores","item":"https:\/\/compuviper.mx\/tienda\/categoria-producto\/soportes-y-bases-p-tv-proyectores-dvd-consolas-bocinas-pantallas-monotores\/"},{"@type":"ListItem","position":4,"name":"Soporte Y Base Para Tv\/pantallas\/monitores\/kiosko","item":"https:\/\/compuviper.mx\/tienda\/categoria-producto\/soportes-y-bases-p-tv-proyectores-dvd-consolas-bocinas-pantallas-monotores\/soporte-y-base-para-tv-pantallas-monitores-kiosko\/"},{"@type":"ListItem","position":5,"name":"Manhattan 462037 Soporte Monitor ,, De Escritorio, 17 A 27 Con Un Peso De Hasta 7kg, Inclinacion \/- 10 , Giro De \/- 45 ,rotacion De \/- 90 , Altura Ajustable"}]},{"@type":"WebSite","@id":"https:\/\/compuviper.mx\/tienda\/#website","url":"https:\/\/compuviper.mx\/tienda\/","name":"Compuviper","description":"Proveedor de Computadoras, Laptops, Servidores, Monitores, Puntos de Venta, Teclados,   Impresoras, T\u00f3ner, C\u00e1maras de Seguridad y m\u00e1s en tu tienda en l\u00ednea","publisher":{"@id":"https:\/\/compuviper.mx\/tienda\/#organization"},"potentialAction":[{"@type":"SearchAction","target":{"@type":"EntryPoint","urlTemplate":"https:\/\/compuviper.mx\/tienda\/?s={search_term_string}"},"query-input":"required name=search_term_string"}],"inLanguage":"es-MX"},{"@type":"Organization","@id":"https:\/\/compuviper.mx\/tienda\/#organization","name":"Compuviper","url":"https:\/\/compuviper.mx\/tienda\/","logo":{"@type":"ImageObject","inLanguage":"es-MX","@id":"https:\/\/compuviper.mx\/tienda\/#\/schema\/logo\/image\/","url":"https:\/\/compuviper.mx\/tienda\/wp-content\/uploads\/2021\/08\/Logo-Compuviper-10.png","contentUrl":"https:\/\/compuviper.mx\/tienda\/wp-content\/uploads\/2021\/08\/Logo-Compuviper-10.png","width":1000,"height":500,"caption":"Compuviper"},"image":{"@id":"https:\/\/compuviper.mx\/tienda\/#\/schema\/logo\/image\/"},"sameAs":["https:\/\/www.facebook.com\/compuviper","https:\/\/www.youtube.com\/channel\/UCf73dERp9Y3cfOq7q8BhLjA?view_as=subscriber"]}]},"product_brand":"MANHATTAN","product_price_amount":"393","product_price_currency":"MXN","og_availability":"instock","product_availability":"instock","product_retailer_item_id":"462037","product_condition":"new"},"_links":{"self":[{"href":"https:\/\/compuviper.mx\/tienda\/wp-json\/wp\/v2\/product\/165676"}],"collection":[{"href":"https:\/\/compuviper.mx\/tienda\/wp-json\/wp\/v2\/product"}],"about":[{"href":"https:\/\/compuviper.mx\/tienda\/wp-json\/wp\/v2\/types\/product"}],"replies":[{"embeddable":true,"href":"https:\/\/compuviper.mx\/tienda\/wp-json\/wp\/v2\/comments?post=165676"}],"wp:featuredmedia":[{"embeddable":true,"href":"https:\/\/compuviper.mx\/tienda\/wp-json\/wp\/v2\/media\/168682"}],"wp:attachment":[{"href":"https:\/\/compuviper.mx\/tienda\/wp-json\/wp\/v2\/media?parent=165676"}],"wp:term":[{"taxonomy":"product_cat","embeddable":true,"href":"https:\/\/compuviper.mx\/tienda\/wp-json\/wp\/v2\/product_cat?post=165676"},{"taxonomy":"product_tag","embeddable":true,"href":"https:\/\/compuviper.mx\/tienda\/wp-json\/wp\/v2\/product_tag?post=165676"}],"curies":[{"name":"wp","href":"https:\/\/api.w.org\/{rel}","templated":true}]}}