{"id":165675,"date":"2026-04-01T23:09:19","date_gmt":"2026-04-02T05:09:19","guid":{"rendered":"https:\/\/compuviper.mx\/tienda\/producto\/manhattan-207805-video-splitter-hdmi-4k-4-puertos-4k60hz-alimentado-por-ca-corriente-alterna-negro\/"},"modified":"2026-04-01T23:09:19","modified_gmt":"2026-04-02T05:09:19","slug":"manhattan-207805-video-splitter-hdmi-4k60hz-1-in4-out","status":"publish","type":"product","link":"https:\/\/compuviper.mx\/tienda\/producto\/manhattan-207805-video-splitter-hdmi-4k60hz-1-in4-out\/","title":{"rendered":"Manhattan 207805 Video Splitter,,, Hdmi 4k60hz, 1 In4 Out"},"content":{"rendered":"<table class=\"descripcion\">\n<tr>\n<td>Est\u00e1ndares y certificaciones<\/td>\n<\/tr>\n<tr>\n<td>Hdcp 2.2\/1.4<\/td>\n<\/tr>\n<tr>\n<td>Cts 1.4b<\/td>\n<\/tr>\n<tr>\n<td>Ce<\/td>\n<\/tr>\n<tr>\n<td>Fcc<\/td>\n<\/tr>\n<tr>\n<td>Rohs2<\/td>\n<\/tr>\n<tr>\n<td>General<\/td>\n<\/tr>\n<tr>\n<td>Distancia fuente-repartidor y repartidor-pantalla: hasta 20 m<\/td>\n<\/tr>\n<tr>\n<td>4k@60hz 4:4:4  total 10 metros<\/td>\n<\/tr>\n<tr>\n<td>M\u00e1x. 5 m del origen al splitter<\/td>\n<\/tr>\n<tr>\n<td>M\u00e1x. 5 m del splitter a la pantalla<\/td>\n<\/tr>\n<tr>\n<td>4k@30hz  total 20 metros<\/td>\n<\/tr>\n<tr>\n<td>M\u00e1x. 10 m del origen al splitter<\/td>\n<\/tr>\n<tr>\n<td>M\u00e1x. 10 m del splitter a la pantalla<\/td>\n<\/tr>\n<tr>\n<td>Adaptador: 5 vcd \/ 2 a; 1.2 m<\/td>\n<\/tr>\n<tr>\n<td>Consumo el\u00e9ctrico: 5 w<\/td>\n<\/tr>\n<tr>\n<td>Conectores<\/td>\n<\/tr>\n<tr>\n<td>Un conector hdmi hembra (entrada)<\/td>\n<\/tr>\n<tr>\n<td>Cuatro conectores hdmi hembra (salida)<\/td>\n<\/tr>\n<tr>\n<td>Conector hembra de 5 vcd (entrada)<\/td>\n<\/tr>\n<tr>\n<td>Entrada\/salida de se\u00f1al<\/td>\n<\/tr>\n<tr>\n<td>Se\u00f1al de entrada de v\u00eddeo: 0.5 &#8211; 1.0 v p-p<\/td>\n<\/tr>\n<tr>\n<td>Entrada de se\u00f1al ddc: 5 v p-p (ttl)<\/td>\n<\/tr>\n<tr>\n<td>Rango de enlace individual m\u00e1ximo: 18 gb\/s y 4096&#215;2160 con una resoluci\u00f3n de 60 hz<\/td>\n<\/tr>\n<tr>\n<td>V\u00eddeo de salida: hdmi 2.0, hdcp 2.2<\/td>\n<\/tr>\n<tr>\n<td>Resoluciones de v\u00eddeo admitidas<\/td>\n<\/tr>\n<tr>\n<td>Dtv\/hdtv: 480i\/480p\/576i\/576p\/720p\/1080i\/1080p\/4k@60hz<\/td>\n<\/tr>\n<tr>\n<td>Caracter\u00edsticas f\u00edsicas<\/td>\n<\/tr>\n<tr>\n<td>Indicadores led: conexi\u00f3n a la corriente y a los puertos<\/td>\n<\/tr>\n<tr>\n<td>Bot\u00f3n on\/off<\/td>\n<\/tr>\n<tr>\n<td>Dimensiones: 154 x 69 x 23 mm<\/td>\n<\/tr>\n<tr>\n<td>Peso: 0.25 kg<\/td>\n<\/tr>\n<tr>\n<td>Chasis: met\u00e1lico<\/td>\n<\/tr>\n<tr>\n<td>Ambiente de operaci\u00f3n<\/td>\n<\/tr>\n<tr>\n<td>Temperatura de operaci\u00f3n: 0 &#8211; 40\u00b0<\/td>\n<\/tr>\n<tr>\n<td>Temperatura de almacenamiento: -20 -60\u00b0c<\/td>\n<\/tr>\n<tr>\n<td>Humedad (sin condensar): 0  96%<\/td>\n<\/tr>\n<tr>\n<td>Contenido del empaque<\/td>\n<\/tr>\n<tr>\n<td>4k repartidor hdmi de 4 puertos<\/td>\n<\/tr>\n<tr>\n<td>Adaptador de potencia<\/td>\n<\/tr>\n<tr>\n<td>Gu\u00eda de instrucciones r\u00e1pidas<\/td>\n<\/tr>\n<\/table>\n","protected":false},"excerpt":{"rendered":"<p>Distribuya una se\u00f1al individual de ultra alta definici\u00f3n (uhd) a m\u00faltiples pantallas. El repartidor manhattan 4k 4-port hdmi con intensificador integrado transmite una se\u00f1al de 4k hdmi de una \u00fanica fuente uhd a hasta cuatro pantallas uhd. La mejor calidad de imagen y f\u00e1cil instalaci\u00f3n. La compatibilidad absoluta con hdmi y hdcp 2.2 garantiza una alta calidad y fiabilidad del repartidor manhattan 4k 4-port hdmi. Transmite una resoluci\u00f3n cinem\u00e1tica de 4k y admite v\u00eddeo 3d, deep color, hdr, as\u00ed como lpcm, dts y dolby truehd audio. Conecte r\u00e1pidamente todos los cables hdmi (no incluidos) y el cable el\u00e9ctrico y esta buen\u00edsima soluci\u00f3n 4k estar\u00e1 lista para usar: sin configuraciones complicadas del software o del hardware. Replica una se\u00f1al de audio\/video digital de ultra alta definici\u00f3n (uhd), para hasta cuatro pantallas hdmi uhd. Resoluci\u00f3n 4k@60hz, video full 3d, deep color (color intenso) y alto rango din\u00e1mico (hdr. Admite amplificadores de video con un ancho de banda de hasta 600 mhz y 6.0 gb\/s por canal (18 gb\/s total) para pantallas de 4k x 2k. Admite deep color de 36 bits (12 bits por canal), el submuestreo de crominancia de 4:4:4 y el formato de color ycbcr 4:2:0. Soporta sonido comprimido dts-hd master y sonido envolvente 7.1, as\u00ed como dolby truehd y sonido lpcm sin compresi\u00f3n de 8 canales. Compatible con hdcp. Los repartidores m\u00faltiples (un total de tres) se pueden organizar en cascada para admitir hasta 10 pantallas de 4k. Compatible con consolas de videojuegos playstation y xbox, reproductores blu-ray, decodificadores de televisi\u00f3n (set-top boxes) y receptores sat\u00e9lite, entre otros. Plug and play. Contactos en chapa de oro para conexiones libres de corrosi\u00f3n<\/p>\n","protected":false},"featured_media":168681,"comment_status":"open","ping_status":"open","template":"","meta":[],"product_cat":[1485,1581],"product_tag":[1487],"acf":[],"yoast_head":"<!-- This site is optimized with the Yoast SEO plugin v21.7 - https:\/\/yoast.com\/wordpress\/plugins\/seo\/ -->\n<title>[ Manhattan ] &#129351; 207805 Video Splitter,,, Hdmi 4k60hz, 1 In4 Out<\/title>\n<meta name=\"description\" content=\"Compra 207805 Video Splitter,,, Hdmi 4k60hz, 1 In4 Out + Env\u00edo a domicilio + Pago seguro + Garant\u00eda\" \/>\n<meta name=\"robots\" content=\"index, follow, max-snippet:-1, max-image-preview:large, max-video-preview:-1\" \/>\n<link rel=\"canonical\" href=\"https:\/\/compuviper.mx\/tienda\/producto\/manhattan-207805-video-splitter-hdmi-4k60hz-1-in4-out\/\" \/>\n<meta property=\"og:locale\" content=\"es_MX\" \/>\n<meta property=\"og:type\" content=\"article\" \/>\n<meta property=\"og:title\" content=\"[ Manhattan ] &#129351; 207805 Video Splitter,,, Hdmi 4k60hz, 1 In4 Out\" \/>\n<meta property=\"og:description\" content=\"Compra 207805 Video Splitter,,, Hdmi 4k60hz, 1 In4 Out + Env\u00edo a domicilio + Pago seguro + Garant\u00eda\" \/>\n<meta property=\"og:url\" content=\"https:\/\/compuviper.mx\/tienda\/producto\/manhattan-207805-video-splitter-hdmi-4k60hz-1-in4-out\/\" \/>\n<meta property=\"og:site_name\" content=\"Compuviper\" \/>\n<meta property=\"article:publisher\" content=\"https:\/\/www.facebook.com\/compuviper\" \/>\n<meta property=\"og:image\" content=\"https:\/\/compuviper.mx\/tienda\/wp-content\/uploads\/2023\/03\/Video-splitter-hdmi-4k-manhattan-4-puertos-4k60hz-alimentado-por-ca-corriente-alterna-negro.jpg\" \/>\n\t<meta property=\"og:image:width\" content=\"200\" \/>\n\t<meta property=\"og:image:height\" content=\"200\" \/>\n\t<meta property=\"og:image:type\" content=\"image\/jpeg\" \/>\n<meta name=\"twitter:card\" content=\"summary_large_image\" \/>\n<meta name=\"twitter:label1\" content=\"Precio\" \/>\n\t<meta name=\"twitter:data1\" content=\"&#36;1,316 con IVA\" \/>\n\t<meta name=\"twitter:label2\" content=\"Availability\" \/>\n\t<meta name=\"twitter:data2\" content=\"In stock\" \/>\n<script type=\"application\/ld+json\" class=\"yoast-schema-graph\">{\"@context\":\"https:\/\/schema.org\",\"@graph\":[{\"@type\":\"WebPage\",\"@id\":\"https:\/\/compuviper.mx\/tienda\/producto\/manhattan-207805-video-splitter-hdmi-4k60hz-1-in4-out\/\",\"url\":\"https:\/\/compuviper.mx\/tienda\/producto\/manhattan-207805-video-splitter-hdmi-4k60hz-1-in4-out\/\",\"name\":\"[ Manhattan ] &#129351; 207805 Video Splitter,,, Hdmi 4k60hz, 1 In4 Out\",\"isPartOf\":{\"@id\":\"https:\/\/compuviper.mx\/tienda\/#website\"},\"datePublished\":\"2026-04-02T05:09:19+00:00\",\"dateModified\":\"2026-04-02T05:09:19+00:00\",\"description\":\"Compra 207805 Video Splitter,,, Hdmi 4k60hz, 1 In4 Out + Env\u00edo a domicilio + Pago seguro + Garant\u00eda\",\"breadcrumb\":{\"@id\":\"https:\/\/compuviper.mx\/tienda\/producto\/manhattan-207805-video-splitter-hdmi-4k60hz-1-in4-out\/#breadcrumb\"},\"inLanguage\":\"es-MX\",\"potentialAction\":[{\"@type\":\"ReadAction\",\"target\":[\"https:\/\/compuviper.mx\/tienda\/producto\/manhattan-207805-video-splitter-hdmi-4k60hz-1-in4-out\/\"]}]},{\"@type\":\"BreadcrumbList\",\"@id\":\"https:\/\/compuviper.mx\/tienda\/producto\/manhattan-207805-video-splitter-hdmi-4k60hz-1-in4-out\/#breadcrumb\",\"itemListElement\":[{\"@type\":\"ListItem\",\"position\":1,\"name\":\"Inicio\",\"item\":\"https:\/\/compuviper.mx\/tienda\/\"},{\"@type\":\"ListItem\",\"position\":2,\"name\":\"Productos\",\"item\":\"https:\/\/compuviper.mx\/tienda\/productos\/\"},{\"@type\":\"ListItem\",\"position\":3,\"name\":\"Accesorios\",\"item\":\"https:\/\/compuviper.mx\/tienda\/categoria-producto\/accesorios\/\"},{\"@type\":\"ListItem\",\"position\":4,\"name\":\"Redes\",\"item\":\"https:\/\/compuviper.mx\/tienda\/categoria-producto\/accesorios\/redes-accesorios\/\"},{\"@type\":\"ListItem\",\"position\":5,\"name\":\"Manhattan 207805 Video Splitter,,, Hdmi 4k60hz, 1 In4 Out\"}]},{\"@type\":\"WebSite\",\"@id\":\"https:\/\/compuviper.mx\/tienda\/#website\",\"url\":\"https:\/\/compuviper.mx\/tienda\/\",\"name\":\"Compuviper\",\"description\":\"Proveedor de Computadoras, Laptops, Servidores, Monitores, Puntos de Venta, Teclados,   Impresoras, T\u00f3ner, C\u00e1maras de Seguridad y m\u00e1s en tu tienda en l\u00ednea\",\"publisher\":{\"@id\":\"https:\/\/compuviper.mx\/tienda\/#organization\"},\"potentialAction\":[{\"@type\":\"SearchAction\",\"target\":{\"@type\":\"EntryPoint\",\"urlTemplate\":\"https:\/\/compuviper.mx\/tienda\/?s={search_term_string}\"},\"query-input\":\"required name=search_term_string\"}],\"inLanguage\":\"es-MX\"},{\"@type\":\"Organization\",\"@id\":\"https:\/\/compuviper.mx\/tienda\/#organization\",\"name\":\"Compuviper\",\"url\":\"https:\/\/compuviper.mx\/tienda\/\",\"logo\":{\"@type\":\"ImageObject\",\"inLanguage\":\"es-MX\",\"@id\":\"https:\/\/compuviper.mx\/tienda\/#\/schema\/logo\/image\/\",\"url\":\"https:\/\/compuviper.mx\/tienda\/wp-content\/uploads\/2021\/08\/Logo-Compuviper-10.png\",\"contentUrl\":\"https:\/\/compuviper.mx\/tienda\/wp-content\/uploads\/2021\/08\/Logo-Compuviper-10.png\",\"width\":1000,\"height\":500,\"caption\":\"Compuviper\"},\"image\":{\"@id\":\"https:\/\/compuviper.mx\/tienda\/#\/schema\/logo\/image\/\"},\"sameAs\":[\"https:\/\/www.facebook.com\/compuviper\",\"https:\/\/www.youtube.com\/channel\/UCf73dERp9Y3cfOq7q8BhLjA?view_as=subscriber\"]}]}<\/script>\n<meta property=\"product:brand\" content=\"MANHATTAN\" \/>\n<meta property=\"product:price:amount\" content=\"1316\" \/>\n<meta property=\"product:price:currency\" content=\"MXN\" \/>\n<meta property=\"og:availability\" content=\"instock\" \/>\n<meta property=\"product:availability\" content=\"instock\" \/>\n<meta property=\"product:retailer_item_id\" content=\"207805\" \/>\n<meta property=\"product:condition\" content=\"new\" \/>\n<!-- \/ Yoast SEO plugin. -->","yoast_head_json":{"title":"[ Manhattan ] &#129351; 207805 Video Splitter,,, Hdmi 4k60hz, 1 In4 Out","description":"Compra 207805 Video Splitter,,, Hdmi 4k60hz, 1 In4 Out + Env\u00edo a domicilio + Pago seguro + Garant\u00eda","robots":{"index":"index","follow":"follow","max-snippet":"max-snippet:-1","max-image-preview":"max-image-preview:large","max-video-preview":"max-video-preview:-1"},"canonical":"https:\/\/compuviper.mx\/tienda\/producto\/manhattan-207805-video-splitter-hdmi-4k60hz-1-in4-out\/","og_locale":"es_MX","og_type":"article","og_title":"[ Manhattan ] &#129351; 207805 Video Splitter,,, Hdmi 4k60hz, 1 In4 Out","og_description":"Compra 207805 Video Splitter,,, Hdmi 4k60hz, 1 In4 Out + Env\u00edo a domicilio + Pago seguro + Garant\u00eda","og_url":"https:\/\/compuviper.mx\/tienda\/producto\/manhattan-207805-video-splitter-hdmi-4k60hz-1-in4-out\/","og_site_name":"Compuviper","article_publisher":"https:\/\/www.facebook.com\/compuviper","og_image":[{"width":200,"height":200,"url":"https:\/\/compuviper.mx\/tienda\/wp-content\/uploads\/2023\/03\/Video-splitter-hdmi-4k-manhattan-4-puertos-4k60hz-alimentado-por-ca-corriente-alterna-negro.jpg","type":"image\/jpeg"}],"twitter_card":"summary_large_image","twitter_misc":{"Precio":"&#36;1,316 con IVA","Availability":"In stock"},"schema":{"@context":"https:\/\/schema.org","@graph":[{"@type":"WebPage","@id":"https:\/\/compuviper.mx\/tienda\/producto\/manhattan-207805-video-splitter-hdmi-4k60hz-1-in4-out\/","url":"https:\/\/compuviper.mx\/tienda\/producto\/manhattan-207805-video-splitter-hdmi-4k60hz-1-in4-out\/","name":"[ Manhattan ] &#129351; 207805 Video Splitter,,, Hdmi 4k60hz, 1 In4 Out","isPartOf":{"@id":"https:\/\/compuviper.mx\/tienda\/#website"},"datePublished":"2026-04-02T05:09:19+00:00","dateModified":"2026-04-02T05:09:19+00:00","description":"Compra 207805 Video Splitter,,, Hdmi 4k60hz, 1 In4 Out + Env\u00edo a domicilio + Pago seguro + Garant\u00eda","breadcrumb":{"@id":"https:\/\/compuviper.mx\/tienda\/producto\/manhattan-207805-video-splitter-hdmi-4k60hz-1-in4-out\/#breadcrumb"},"inLanguage":"es-MX","potentialAction":[{"@type":"ReadAction","target":["https:\/\/compuviper.mx\/tienda\/producto\/manhattan-207805-video-splitter-hdmi-4k60hz-1-in4-out\/"]}]},{"@type":"BreadcrumbList","@id":"https:\/\/compuviper.mx\/tienda\/producto\/manhattan-207805-video-splitter-hdmi-4k60hz-1-in4-out\/#breadcrumb","itemListElement":[{"@type":"ListItem","position":1,"name":"Inicio","item":"https:\/\/compuviper.mx\/tienda\/"},{"@type":"ListItem","position":2,"name":"Productos","item":"https:\/\/compuviper.mx\/tienda\/productos\/"},{"@type":"ListItem","position":3,"name":"Accesorios","item":"https:\/\/compuviper.mx\/tienda\/categoria-producto\/accesorios\/"},{"@type":"ListItem","position":4,"name":"Redes","item":"https:\/\/compuviper.mx\/tienda\/categoria-producto\/accesorios\/redes-accesorios\/"},{"@type":"ListItem","position":5,"name":"Manhattan 207805 Video Splitter,,, Hdmi 4k60hz, 1 In4 Out"}]},{"@type":"WebSite","@id":"https:\/\/compuviper.mx\/tienda\/#website","url":"https:\/\/compuviper.mx\/tienda\/","name":"Compuviper","description":"Proveedor de Computadoras, Laptops, Servidores, Monitores, Puntos de Venta, Teclados,   Impresoras, T\u00f3ner, C\u00e1maras de Seguridad y m\u00e1s en tu tienda en l\u00ednea","publisher":{"@id":"https:\/\/compuviper.mx\/tienda\/#organization"},"potentialAction":[{"@type":"SearchAction","target":{"@type":"EntryPoint","urlTemplate":"https:\/\/compuviper.mx\/tienda\/?s={search_term_string}"},"query-input":"required name=search_term_string"}],"inLanguage":"es-MX"},{"@type":"Organization","@id":"https:\/\/compuviper.mx\/tienda\/#organization","name":"Compuviper","url":"https:\/\/compuviper.mx\/tienda\/","logo":{"@type":"ImageObject","inLanguage":"es-MX","@id":"https:\/\/compuviper.mx\/tienda\/#\/schema\/logo\/image\/","url":"https:\/\/compuviper.mx\/tienda\/wp-content\/uploads\/2021\/08\/Logo-Compuviper-10.png","contentUrl":"https:\/\/compuviper.mx\/tienda\/wp-content\/uploads\/2021\/08\/Logo-Compuviper-10.png","width":1000,"height":500,"caption":"Compuviper"},"image":{"@id":"https:\/\/compuviper.mx\/tienda\/#\/schema\/logo\/image\/"},"sameAs":["https:\/\/www.facebook.com\/compuviper","https:\/\/www.youtube.com\/channel\/UCf73dERp9Y3cfOq7q8BhLjA?view_as=subscriber"]}]},"product_brand":"MANHATTAN","product_price_amount":"1316","product_price_currency":"MXN","og_availability":"instock","product_availability":"instock","product_retailer_item_id":"207805","product_condition":"new"},"_links":{"self":[{"href":"https:\/\/compuviper.mx\/tienda\/wp-json\/wp\/v2\/product\/165675"}],"collection":[{"href":"https:\/\/compuviper.mx\/tienda\/wp-json\/wp\/v2\/product"}],"about":[{"href":"https:\/\/compuviper.mx\/tienda\/wp-json\/wp\/v2\/types\/product"}],"replies":[{"embeddable":true,"href":"https:\/\/compuviper.mx\/tienda\/wp-json\/wp\/v2\/comments?post=165675"}],"wp:featuredmedia":[{"embeddable":true,"href":"https:\/\/compuviper.mx\/tienda\/wp-json\/wp\/v2\/media\/168681"}],"wp:attachment":[{"href":"https:\/\/compuviper.mx\/tienda\/wp-json\/wp\/v2\/media?parent=165675"}],"wp:term":[{"taxonomy":"product_cat","embeddable":true,"href":"https:\/\/compuviper.mx\/tienda\/wp-json\/wp\/v2\/product_cat?post=165675"},{"taxonomy":"product_tag","embeddable":true,"href":"https:\/\/compuviper.mx\/tienda\/wp-json\/wp\/v2\/product_tag?post=165675"}],"curies":[{"name":"wp","href":"https:\/\/api.w.org\/{rel}","templated":true}]}}