{"id":165637,"date":"2026-04-14T23:08:52","date_gmt":"2026-04-15T05:08:52","guid":{"rendered":"https:\/\/compuviper.mx\/tienda\/producto\/manhattan-153713-adaptador-displayport-a-hdmi-hembra-donge-definicion-uhd-4k-15-cm-6-pulgadas\/"},"modified":"2026-04-14T23:08:52","modified_gmt":"2026-04-15T05:08:52","slug":"manhattan-153713-adaptador-displayport-m-a-hdmi-h-4k60hz","status":"publish","type":"product","link":"https:\/\/compuviper.mx\/tienda\/producto\/manhattan-153713-adaptador-displayport-m-a-hdmi-h-4k60hz\/","title":{"rendered":"Manhattan 153713 Adaptador,,, Displayport M A Hdmi H 4k@60hz"},"content":{"rendered":"<table class=\"descripcion\">\n<tr>\n<td>Normas y certificaciones<\/td>\n<\/tr>\n<tr>\n<td>&#8211; displayport 1.2<\/td>\n<\/tr>\n<tr>\n<td>&#8211; hdcp 2.3<\/td>\n<\/tr>\n<tr>\n<td>&#8211; ce<\/td>\n<\/tr>\n<tr>\n<td>&#8211; fcc<\/td>\n<\/tr>\n<tr>\n<td>&#8211; rohs<\/td>\n<\/tr>\n<tr>\n<td>&#8211; reach<\/td>\n<\/tr>\n<tr>\n<td>&#8211; ukca<\/td>\n<\/tr>\n<tr>\n<td>Conexiones<\/td>\n<\/tr>\n<tr>\n<td>&#8211; un displayport de 20 patillas macho con cierre<\/td>\n<\/tr>\n<tr>\n<td>&#8211; un hdmi de 19 patillas, hembra<\/td>\n<\/tr>\n<tr>\n<td>F\u00edsico<\/td>\n<\/tr>\n<tr>\n<td>&#8211; dimensiones (largo x ancho x alto): 238 x 45 x 11 mm (9,37 x 1,77 x 0,43 pulgadas)<\/td>\n<\/tr>\n<tr>\n<td>&#8211; peso neto: 30 g (1,06 oz.)<\/td>\n<\/tr>\n<tr>\n<td>&#8211; peso bruto: 35 g (1,23 oz.)<\/td>\n<\/tr>\n<tr>\n<td>&#8211; longitud del cable: 15 cm (6 pulgadas)<\/td>\n<\/tr>\n<tr>\n<td>&#8211; di\u00e1metro del cable: 28 awg<\/td>\n<\/tr>\n<tr>\n<td>&#8211; carcasa de pl\u00e1stico<\/td>\n<\/tr>\n<tr>\n<td>Entorno de funcionamiento<\/td>\n<\/tr>\n<tr>\n<td>&#8211; temperatura de funcionamiento: 0 &#8211; 40\u00b0c (32 &#8211; 104\u00b0f)<\/td>\n<\/tr>\n<tr>\n<td>&#8211; temperatura de almacenamiento: -10 &#8211; 85\u00b0c (14 &#8211; 185\u00b0f)<\/td>\n<\/tr>\n<tr>\n<td>&#8211; humedad (sin condensaci\u00f3n) 10 &#8211; 90% rh<\/td>\n<\/tr>\n<tr>\n<td>Requisitos del sistema<\/td>\n<\/tr>\n<tr>\n<td>&#8211; windows 7\/8.1\/10\/11 o linux<\/td>\n<\/tr>\n<tr>\n<td>Contenido del paquete<\/td>\n<\/tr>\n<tr>\n<td>&#8211; adaptador displayport activo a hdmi 4k@60hz<\/td>\n<\/tr>\n<tr>\n<td>&#8211; instrucciones<\/td>\n<\/tr>\n<\/table>\n","protected":false},"excerpt":{"rendered":"<p>Highlights. Convierte f\u00e1cilmente una se\u00f1al displayport en una se\u00f1al hdmi. Resoluciones de hasta ultra alta definici\u00f3n (uhd) 4k@60hz (3840\u00d72160. Convertidor activo; admite tarjetas gr\u00e1ficas con salida dp y dp+. Convierte f\u00e1cilmente una se\u00f1al displayport en una se\u00f1al hdmi. Resoluciones de hasta ultra alta definici\u00f3n (uhd) 4k@60hz (3840\u00d72160. Convertidor activo; admite tarjetas gr\u00e1ficas con salida dp y dp+. Ideal para conectar una pantalla o proyector hdmi a una fuente dp como un pc de sobremesa, un port\u00e1til o una estaci\u00f3n de acoplamiento. Permite a\u00f1adir una segunda pantalla hdmi utilizando un puerto dp disponible. Admite los modos de visualizaci\u00f3n extendido o espejo en windows\u00ae. Admite audio digital de hasta 7.1 canales de sonido envolvente. Cable integrado y resistente de 15 cm. Cumple con la especificaci\u00f3n displayport 1.2. Alimentado por bus &#8211; no se requiere alimentaci\u00f3n externa. Conector displayport con pestillo para garantizar una conexi\u00f3n confiable. Dise\u00f1o port\u00e1til, compacto y ligero para que quepa f\u00e1cilmente en la mochila de la laptop. Compatible con hdcp 2.3. Instalaci\u00f3n plug-and-play; compatible con windows\u00ae y linux?. Tres a\u00f1os de garant\u00eda<\/p>\n","protected":false},"featured_media":168680,"comment_status":"open","ping_status":"open","template":"","meta":[],"product_cat":[1485,1506],"product_tag":[1487],"acf":[],"yoast_head":"<!-- This site is optimized with the Yoast SEO plugin v21.7 - https:\/\/yoast.com\/wordpress\/plugins\/seo\/ -->\n<title>[ Manhattan ] &#129351; 153713 Adaptador,,, Displayport M A Hdmi H 4k@60hz<\/title>\n<meta name=\"description\" content=\"Compra 153713 Adaptador,,, Displayport M A Hdmi H 4k@60hz + Env\u00edo a domicilio + Pago seguro + Garant\u00eda\" \/>\n<meta name=\"robots\" content=\"index, follow, max-snippet:-1, max-image-preview:large, max-video-preview:-1\" \/>\n<link rel=\"canonical\" href=\"https:\/\/compuviper.mx\/tienda\/producto\/manhattan-153713-adaptador-displayport-m-a-hdmi-h-4k60hz\/\" \/>\n<meta property=\"og:locale\" content=\"es_MX\" \/>\n<meta property=\"og:type\" content=\"article\" \/>\n<meta property=\"og:title\" content=\"[ Manhattan ] &#129351; 153713 Adaptador,,, Displayport M A Hdmi H 4k@60hz\" \/>\n<meta property=\"og:description\" content=\"Compra 153713 Adaptador,,, Displayport M A Hdmi H 4k@60hz + Env\u00edo a domicilio + Pago seguro + Garant\u00eda\" \/>\n<meta property=\"og:url\" content=\"https:\/\/compuviper.mx\/tienda\/producto\/manhattan-153713-adaptador-displayport-m-a-hdmi-h-4k60hz\/\" \/>\n<meta property=\"og:site_name\" content=\"Compuviper\" \/>\n<meta property=\"article:publisher\" content=\"https:\/\/www.facebook.com\/compuviper\" \/>\n<meta property=\"og:image\" content=\"https:\/\/compuviper.mx\/tienda\/wp-content\/uploads\/2023\/03\/Adaptador-manhattan-displayport-a-hdmi-hembra-donge-definicion-uhd-4k-15-cm-6-pulgadas.jpg\" \/>\n\t<meta property=\"og:image:width\" content=\"200\" \/>\n\t<meta property=\"og:image:height\" content=\"200\" \/>\n\t<meta property=\"og:image:type\" content=\"image\/jpeg\" \/>\n<meta name=\"twitter:card\" content=\"summary_large_image\" \/>\n<meta name=\"twitter:label1\" content=\"Precio\" \/>\n\t<meta name=\"twitter:data1\" content=\"&#36;293 con IVA\" \/>\n\t<meta name=\"twitter:label2\" content=\"Availability\" \/>\n\t<meta name=\"twitter:data2\" content=\"In stock\" \/>\n<script type=\"application\/ld+json\" class=\"yoast-schema-graph\">{\"@context\":\"https:\/\/schema.org\",\"@graph\":[{\"@type\":\"WebPage\",\"@id\":\"https:\/\/compuviper.mx\/tienda\/producto\/manhattan-153713-adaptador-displayport-m-a-hdmi-h-4k60hz\/\",\"url\":\"https:\/\/compuviper.mx\/tienda\/producto\/manhattan-153713-adaptador-displayport-m-a-hdmi-h-4k60hz\/\",\"name\":\"[ Manhattan ] &#129351; 153713 Adaptador,,, Displayport M A Hdmi H 4k@60hz\",\"isPartOf\":{\"@id\":\"https:\/\/compuviper.mx\/tienda\/#website\"},\"datePublished\":\"2026-04-15T05:08:52+00:00\",\"dateModified\":\"2026-04-15T05:08:52+00:00\",\"description\":\"Compra 153713 Adaptador,,, Displayport M A Hdmi H 4k@60hz + Env\u00edo a domicilio + Pago seguro + Garant\u00eda\",\"breadcrumb\":{\"@id\":\"https:\/\/compuviper.mx\/tienda\/producto\/manhattan-153713-adaptador-displayport-m-a-hdmi-h-4k60hz\/#breadcrumb\"},\"inLanguage\":\"es-MX\",\"potentialAction\":[{\"@type\":\"ReadAction\",\"target\":[\"https:\/\/compuviper.mx\/tienda\/producto\/manhattan-153713-adaptador-displayport-m-a-hdmi-h-4k60hz\/\"]}]},{\"@type\":\"BreadcrumbList\",\"@id\":\"https:\/\/compuviper.mx\/tienda\/producto\/manhattan-153713-adaptador-displayport-m-a-hdmi-h-4k60hz\/#breadcrumb\",\"itemListElement\":[{\"@type\":\"ListItem\",\"position\":1,\"name\":\"Inicio\",\"item\":\"https:\/\/compuviper.mx\/tienda\/\"},{\"@type\":\"ListItem\",\"position\":2,\"name\":\"Productos\",\"item\":\"https:\/\/compuviper.mx\/tienda\/productos\/\"},{\"@type\":\"ListItem\",\"position\":3,\"name\":\"Accesorios\",\"item\":\"https:\/\/compuviper.mx\/tienda\/categoria-producto\/accesorios\/\"},{\"@type\":\"ListItem\",\"position\":4,\"name\":\"Conectividad\",\"item\":\"https:\/\/compuviper.mx\/tienda\/categoria-producto\/accesorios\/conectividad\/\"},{\"@type\":\"ListItem\",\"position\":5,\"name\":\"Manhattan 153713 Adaptador,,, Displayport M A Hdmi H 4k@60hz\"}]},{\"@type\":\"WebSite\",\"@id\":\"https:\/\/compuviper.mx\/tienda\/#website\",\"url\":\"https:\/\/compuviper.mx\/tienda\/\",\"name\":\"Compuviper\",\"description\":\"Proveedor de Computadoras, Laptops, Servidores, Monitores, Puntos de Venta, Teclados,   Impresoras, T\u00f3ner, C\u00e1maras de Seguridad y m\u00e1s en tu tienda en l\u00ednea\",\"publisher\":{\"@id\":\"https:\/\/compuviper.mx\/tienda\/#organization\"},\"potentialAction\":[{\"@type\":\"SearchAction\",\"target\":{\"@type\":\"EntryPoint\",\"urlTemplate\":\"https:\/\/compuviper.mx\/tienda\/?s={search_term_string}\"},\"query-input\":\"required name=search_term_string\"}],\"inLanguage\":\"es-MX\"},{\"@type\":\"Organization\",\"@id\":\"https:\/\/compuviper.mx\/tienda\/#organization\",\"name\":\"Compuviper\",\"url\":\"https:\/\/compuviper.mx\/tienda\/\",\"logo\":{\"@type\":\"ImageObject\",\"inLanguage\":\"es-MX\",\"@id\":\"https:\/\/compuviper.mx\/tienda\/#\/schema\/logo\/image\/\",\"url\":\"https:\/\/compuviper.mx\/tienda\/wp-content\/uploads\/2021\/08\/Logo-Compuviper-10.png\",\"contentUrl\":\"https:\/\/compuviper.mx\/tienda\/wp-content\/uploads\/2021\/08\/Logo-Compuviper-10.png\",\"width\":1000,\"height\":500,\"caption\":\"Compuviper\"},\"image\":{\"@id\":\"https:\/\/compuviper.mx\/tienda\/#\/schema\/logo\/image\/\"},\"sameAs\":[\"https:\/\/www.facebook.com\/compuviper\",\"https:\/\/www.youtube.com\/channel\/UCf73dERp9Y3cfOq7q8BhLjA?view_as=subscriber\"]}]}<\/script>\n<meta property=\"product:brand\" content=\"MANHATTAN\" \/>\n<meta property=\"product:price:amount\" content=\"293\" \/>\n<meta property=\"product:price:currency\" content=\"MXN\" \/>\n<meta property=\"og:availability\" content=\"instock\" \/>\n<meta property=\"product:availability\" content=\"instock\" \/>\n<meta property=\"product:retailer_item_id\" content=\"153713\" \/>\n<meta property=\"product:condition\" content=\"new\" \/>\n<!-- \/ Yoast SEO plugin. -->","yoast_head_json":{"title":"[ Manhattan ] &#129351; 153713 Adaptador,,, Displayport M A Hdmi H 4k@60hz","description":"Compra 153713 Adaptador,,, Displayport M A Hdmi H 4k@60hz + Env\u00edo a domicilio + Pago seguro + Garant\u00eda","robots":{"index":"index","follow":"follow","max-snippet":"max-snippet:-1","max-image-preview":"max-image-preview:large","max-video-preview":"max-video-preview:-1"},"canonical":"https:\/\/compuviper.mx\/tienda\/producto\/manhattan-153713-adaptador-displayport-m-a-hdmi-h-4k60hz\/","og_locale":"es_MX","og_type":"article","og_title":"[ Manhattan ] &#129351; 153713 Adaptador,,, Displayport M A Hdmi H 4k@60hz","og_description":"Compra 153713 Adaptador,,, Displayport M A Hdmi H 4k@60hz + Env\u00edo a domicilio + Pago seguro + Garant\u00eda","og_url":"https:\/\/compuviper.mx\/tienda\/producto\/manhattan-153713-adaptador-displayport-m-a-hdmi-h-4k60hz\/","og_site_name":"Compuviper","article_publisher":"https:\/\/www.facebook.com\/compuviper","og_image":[{"width":200,"height":200,"url":"https:\/\/compuviper.mx\/tienda\/wp-content\/uploads\/2023\/03\/Adaptador-manhattan-displayport-a-hdmi-hembra-donge-definicion-uhd-4k-15-cm-6-pulgadas.jpg","type":"image\/jpeg"}],"twitter_card":"summary_large_image","twitter_misc":{"Precio":"&#36;293 con IVA","Availability":"In stock"},"schema":{"@context":"https:\/\/schema.org","@graph":[{"@type":"WebPage","@id":"https:\/\/compuviper.mx\/tienda\/producto\/manhattan-153713-adaptador-displayport-m-a-hdmi-h-4k60hz\/","url":"https:\/\/compuviper.mx\/tienda\/producto\/manhattan-153713-adaptador-displayport-m-a-hdmi-h-4k60hz\/","name":"[ Manhattan ] &#129351; 153713 Adaptador,,, Displayport M A Hdmi H 4k@60hz","isPartOf":{"@id":"https:\/\/compuviper.mx\/tienda\/#website"},"datePublished":"2026-04-15T05:08:52+00:00","dateModified":"2026-04-15T05:08:52+00:00","description":"Compra 153713 Adaptador,,, Displayport M A Hdmi H 4k@60hz + Env\u00edo a domicilio + Pago seguro + Garant\u00eda","breadcrumb":{"@id":"https:\/\/compuviper.mx\/tienda\/producto\/manhattan-153713-adaptador-displayport-m-a-hdmi-h-4k60hz\/#breadcrumb"},"inLanguage":"es-MX","potentialAction":[{"@type":"ReadAction","target":["https:\/\/compuviper.mx\/tienda\/producto\/manhattan-153713-adaptador-displayport-m-a-hdmi-h-4k60hz\/"]}]},{"@type":"BreadcrumbList","@id":"https:\/\/compuviper.mx\/tienda\/producto\/manhattan-153713-adaptador-displayport-m-a-hdmi-h-4k60hz\/#breadcrumb","itemListElement":[{"@type":"ListItem","position":1,"name":"Inicio","item":"https:\/\/compuviper.mx\/tienda\/"},{"@type":"ListItem","position":2,"name":"Productos","item":"https:\/\/compuviper.mx\/tienda\/productos\/"},{"@type":"ListItem","position":3,"name":"Accesorios","item":"https:\/\/compuviper.mx\/tienda\/categoria-producto\/accesorios\/"},{"@type":"ListItem","position":4,"name":"Conectividad","item":"https:\/\/compuviper.mx\/tienda\/categoria-producto\/accesorios\/conectividad\/"},{"@type":"ListItem","position":5,"name":"Manhattan 153713 Adaptador,,, Displayport M A Hdmi H 4k@60hz"}]},{"@type":"WebSite","@id":"https:\/\/compuviper.mx\/tienda\/#website","url":"https:\/\/compuviper.mx\/tienda\/","name":"Compuviper","description":"Proveedor de Computadoras, Laptops, Servidores, Monitores, Puntos de Venta, Teclados,   Impresoras, T\u00f3ner, C\u00e1maras de Seguridad y m\u00e1s en tu tienda en l\u00ednea","publisher":{"@id":"https:\/\/compuviper.mx\/tienda\/#organization"},"potentialAction":[{"@type":"SearchAction","target":{"@type":"EntryPoint","urlTemplate":"https:\/\/compuviper.mx\/tienda\/?s={search_term_string}"},"query-input":"required name=search_term_string"}],"inLanguage":"es-MX"},{"@type":"Organization","@id":"https:\/\/compuviper.mx\/tienda\/#organization","name":"Compuviper","url":"https:\/\/compuviper.mx\/tienda\/","logo":{"@type":"ImageObject","inLanguage":"es-MX","@id":"https:\/\/compuviper.mx\/tienda\/#\/schema\/logo\/image\/","url":"https:\/\/compuviper.mx\/tienda\/wp-content\/uploads\/2021\/08\/Logo-Compuviper-10.png","contentUrl":"https:\/\/compuviper.mx\/tienda\/wp-content\/uploads\/2021\/08\/Logo-Compuviper-10.png","width":1000,"height":500,"caption":"Compuviper"},"image":{"@id":"https:\/\/compuviper.mx\/tienda\/#\/schema\/logo\/image\/"},"sameAs":["https:\/\/www.facebook.com\/compuviper","https:\/\/www.youtube.com\/channel\/UCf73dERp9Y3cfOq7q8BhLjA?view_as=subscriber"]}]},"product_brand":"MANHATTAN","product_price_amount":"293","product_price_currency":"MXN","og_availability":"instock","product_availability":"instock","product_retailer_item_id":"153713","product_condition":"new"},"_links":{"self":[{"href":"https:\/\/compuviper.mx\/tienda\/wp-json\/wp\/v2\/product\/165637"}],"collection":[{"href":"https:\/\/compuviper.mx\/tienda\/wp-json\/wp\/v2\/product"}],"about":[{"href":"https:\/\/compuviper.mx\/tienda\/wp-json\/wp\/v2\/types\/product"}],"replies":[{"embeddable":true,"href":"https:\/\/compuviper.mx\/tienda\/wp-json\/wp\/v2\/comments?post=165637"}],"wp:featuredmedia":[{"embeddable":true,"href":"https:\/\/compuviper.mx\/tienda\/wp-json\/wp\/v2\/media\/168680"}],"wp:attachment":[{"href":"https:\/\/compuviper.mx\/tienda\/wp-json\/wp\/v2\/media?parent=165637"}],"wp:term":[{"taxonomy":"product_cat","embeddable":true,"href":"https:\/\/compuviper.mx\/tienda\/wp-json\/wp\/v2\/product_cat?post=165637"},{"taxonomy":"product_tag","embeddable":true,"href":"https:\/\/compuviper.mx\/tienda\/wp-json\/wp\/v2\/product_tag?post=165637"}],"curies":[{"name":"wp","href":"https:\/\/api.w.org\/{rel}","templated":true}]}}