{"id":162166,"date":"2026-04-01T23:09:12","date_gmt":"2026-04-02T05:09:12","guid":{"rendered":"https:\/\/compuviper.mx\/tienda\/producto\/hikvision-ds-3e1518p-si-switch-gigabit-poe-administrable-16-puertos-10-100-1000-mbps-poe-2-puertos-sfp-configuracin-remota-desde-hik-parnerpro-poe-hasta-250-metros-225-w\/"},"modified":"2026-04-01T23:09:12","modified_gmt":"2026-04-02T05:09:12","slug":"hikvision-ds-3e1518p-si-switch-gigabit-poe-administrable-16-puertos-10-100-1000-mbps-poe-2-puertos-sfp-configuracion-remota-desde-hik-parnerpro-poe-hasta-250-metros-225-w","status":"publish","type":"product","link":"https:\/\/compuviper.mx\/tienda\/producto\/hikvision-ds-3e1518p-si-switch-gigabit-poe-administrable-16-puertos-10-100-1000-mbps-poe-2-puertos-sfp-configuracion-remota-desde-hik-parnerpro-poe-hasta-250-metros-225-w\/","title":{"rendered":"Hikvision Ds-3e1518p-si Switch Gigabit Poe+   Administrable \/ 16 Puertos 10\/100\/1000 Mbps Poe+ \/ 2 Puertos Sfp \/ Configuracion Remota Desde Hik-parnerpro \/ Poe Hasta 250 Metros \/ 225 W"},"content":{"rendered":"<table class=\"descripcion\">\n<tr>\n<td>16 puertos poe 802.3af\/at rj45 de 10\/100\/1000 mbps.<\/td>\n<\/tr>\n<tr>\n<td>        2 puertos sfp para fibra \u00f3ptica de 1gb.<\/td>\n<\/tr>\n<tr>\n<td>        gesti\u00f3n de topolog\u00eda de red.<\/td>\n<\/tr>\n<tr>\n<td>        env\u00edo de alarmas de red.<\/td>\n<\/tr>\n<tr>\n<td>        monitoreo del estado de salud de red.<\/td>\n<\/tr>\n<tr>\n<td>        poe extendido de hasta 250 m para encender c\u00e1maras.<\/td>\n<\/tr>\n<tr>\n<td>        poe watchdog para detectar inactividad y reiniciar autom\u00e1ticamente las c\u00e1maras que no responden.<\/td>\n<\/tr>\n<tr>\n<td>        compatible con plataforma de administraci\u00f3n hik-proconnect, hikcentral e ivms4200.<\/td>\n<\/tr>\n<tr>\n<td>        presupuesto de energ\u00eda poe 225 w.<\/td>\n<\/tr>\n<tr>\n<td>        capacidad de conmutaci\u00f3n 36\u00a0gbps.<\/td>\n<\/tr>\n<tr>\n<td>        tasa de reenv\u00edo de paquetes 26,784 mpps.<\/td>\n<\/tr>\n<tr>\n<td>        soporta qos\u00a0para proporcionar un ancho de banda m\u00e1s estable y menor latencia para tr\u00e1fico de red.<\/td>\n<\/tr>\n<tr>\n<td>        soporta protocolo stp y rstp\u00a0para prevenir loops en una red (por error f\u00edsico de conexi\u00f3n).<\/td>\n<\/tr>\n<tr>\n<td>        soporta vlans\u00a0para dividir la red de manera virtual\u00a0para mejorar la seguridad\/ comunicaci\u00f3n\u00a0de la red.<\/td>\n<\/tr>\n<tr>\n<td>        soporta protocolo lldp\u00a0para autodescubrimiento en la red.<\/td>\n<\/tr>\n<tr>\n<td>        soporta link aggregation\u00a0para sumar las capacidades de 2 puertos como uno solo.<\/td>\n<\/tr>\n<tr>\n<td>        soporta port isolation\u00a0para separar virtualmente cada uno de los puertos para prevenir fuga de datos.<\/td>\n<\/tr>\n<tr>\n<td>        soporta limitaci\u00f3n de velocidad\u00a0para los puertos de entrada y salida.<\/td>\n<\/tr>\n<tr>\n<td>        soporta port mirroring\u00a0para reenv\u00edar datos de un puerto a otro para supervici\u00f3n de red.<\/td>\n<\/tr>\n<tr>\n<td>        m\u00e1ximo consumo de energ\u00eda 250 w.<\/td>\n<\/tr>\n<tr>\n<td>        dimensiones (an x al x pr) 440 \u00d7 44 \u00d7 220.8 mm.<\/td>\n<\/tr>\n<tr>\n<td>        temperatura de funcionamiento: -10\u009655  and #8451;.<\/td>\n<\/tr>\n<tr>\n<td>        temperatura de almacenamiento: -40\u009685  and #8451;.<\/td>\n<\/tr>\n<tr>\n<td>        fuente de alimentaci\u00f3n 110 vac (cable incluido).<\/td>\n<\/tr>\n<tr>\n<td>        peso 3.31 kg.<\/td>\n<\/tr>\n<tr>\n<td>        2 a\u00f1os de garant\u00eda.<\/td>\n<\/tr>\n<tr>\n<td>        si desea conocer el estado de salud de este dispositivo desde hik-proconnect es necesario adquirir la licencia hkpro-hm-d-1a.<\/td>\n<\/tr>\n<tr>\n<td>        montable en rack<\/td>\n<\/tr>\n<\/table>\n","protected":false},"excerpt":{"rendered":"<p>La nueva serie de switches de hikvision tienen un valor agregado el cual consiste en la integraci\u00f3n entre switches y los dispositivos ip de hikvision con la plataforma de administraci\u00f3n hik-proconnect, ademas de ser compatibles tambien con la plataforma hikcentral e ivms4200, todo esto para tener una mejor experiencia a la hora de gestionar la red. Pero \u00bfc\u00f3mo? podemos identifcar esta nueva serie de switches hikvision,\u00a0\u00bfqu\u00e9 es hik-proconnect? y \u00bfc\u00f3mo funciona?, te lo mostramos a continuaci\u00f3n con unos videos f\u00e1cil y r\u00e1pido.<\/p>\n","protected":false},"featured_media":164414,"comment_status":"open","ping_status":"open","template":"","meta":[],"product_cat":[1485,1581],"product_tag":[1595],"acf":[],"yoast_head":"<!-- This site is optimized with the Yoast SEO plugin v21.7 - https:\/\/yoast.com\/wordpress\/plugins\/seo\/ -->\n<title>[ Hikvision ] &#129351; Ds-3e1518p-si Switch Gigabit Poe+ Administrable \/ 16 Puertos 10\/100\/1000 Mbps Poe+ \/ 2 Puertos Sfp \/ Configuracion Remota Desde Hik-parnerpro \/ Poe Hasta 250 Metros \/ 225 W<\/title>\n<meta name=\"description\" content=\"Compra Ds-3e1518p-si Switch Gigabit Poe+ Administrable \/ 16 Puertos 10\/100\/1000 Mbps Poe+ \/ 2 Puertos Sfp \/ Configuracion Remota Desde Hik-parnerpro \/ Poe Hasta 250 Metros \/ 225 W + Env\u00edo a domicilio + Pago seguro + Garant\u00eda\" \/>\n<meta name=\"robots\" content=\"index, follow, max-snippet:-1, max-image-preview:large, max-video-preview:-1\" \/>\n<link rel=\"canonical\" href=\"https:\/\/compuviper.mx\/tienda\/producto\/hikvision-ds-3e1518p-si-switch-gigabit-poe-administrable-16-puertos-10-100-1000-mbps-poe-2-puertos-sfp-configuracion-remota-desde-hik-parnerpro-poe-hasta-250-metros-225-w\/\" \/>\n<meta property=\"og:locale\" content=\"es_MX\" \/>\n<meta property=\"og:type\" content=\"article\" \/>\n<meta property=\"og:title\" content=\"[ Hikvision ] &#129351; Ds-3e1518p-si Switch Gigabit Poe+ Administrable \/ 16 Puertos 10\/100\/1000 Mbps Poe+ \/ 2 Puertos Sfp \/ Configuracion Remota Desde Hik-parnerpro \/ Poe Hasta 250 Metros \/ 225 W\" \/>\n<meta property=\"og:description\" content=\"Compra Ds-3e1518p-si Switch Gigabit Poe+ Administrable \/ 16 Puertos 10\/100\/1000 Mbps Poe+ \/ 2 Puertos Sfp \/ Configuracion Remota Desde Hik-parnerpro \/ Poe Hasta 250 Metros \/ 225 W + Env\u00edo a domicilio + Pago seguro + Garant\u00eda\" \/>\n<meta property=\"og:url\" content=\"https:\/\/compuviper.mx\/tienda\/producto\/hikvision-ds-3e1518p-si-switch-gigabit-poe-administrable-16-puertos-10-100-1000-mbps-poe-2-puertos-sfp-configuracion-remota-desde-hik-parnerpro-poe-hasta-250-metros-225-w\/\" \/>\n<meta property=\"og:site_name\" content=\"Compuviper\" \/>\n<meta property=\"article:publisher\" content=\"https:\/\/www.facebook.com\/compuviper\" \/>\n<meta property=\"og:image\" content=\"https:\/\/compuviper.mx\/tienda\/wp-content\/uploads\/2023\/02\/Switch-gigabit-poe-hikvision-ds-3e1518p-si-administrable-16-puertos-101001000-mbps-poe-2-puertos-sfp-configuracion-remota-desde-hik-parnerpro-poe-hasta-250-metros-225-w.jpg\" \/>\n\t<meta property=\"og:image:width\" content=\"200\" \/>\n\t<meta property=\"og:image:height\" content=\"200\" \/>\n\t<meta property=\"og:image:type\" content=\"image\/jpeg\" \/>\n<meta name=\"twitter:card\" content=\"summary_large_image\" \/>\n<meta name=\"twitter:label1\" content=\"Precio\" \/>\n\t<meta name=\"twitter:data1\" content=\"&#36;6,022 con IVA\" \/>\n\t<meta name=\"twitter:label2\" content=\"Availability\" \/>\n\t<meta name=\"twitter:data2\" content=\"On backorder\" \/>\n<script type=\"application\/ld+json\" class=\"yoast-schema-graph\">{\"@context\":\"https:\/\/schema.org\",\"@graph\":[{\"@type\":\"WebPage\",\"@id\":\"https:\/\/compuviper.mx\/tienda\/producto\/hikvision-ds-3e1518p-si-switch-gigabit-poe-administrable-16-puertos-10-100-1000-mbps-poe-2-puertos-sfp-configuracion-remota-desde-hik-parnerpro-poe-hasta-250-metros-225-w\/\",\"url\":\"https:\/\/compuviper.mx\/tienda\/producto\/hikvision-ds-3e1518p-si-switch-gigabit-poe-administrable-16-puertos-10-100-1000-mbps-poe-2-puertos-sfp-configuracion-remota-desde-hik-parnerpro-poe-hasta-250-metros-225-w\/\",\"name\":\"[ Hikvision ] &#129351; Ds-3e1518p-si Switch Gigabit Poe+ Administrable \/ 16 Puertos 10\/100\/1000 Mbps Poe+ \/ 2 Puertos Sfp \/ Configuracion Remota Desde Hik-parnerpro \/ Poe Hasta 250 Metros \/ 225 W\",\"isPartOf\":{\"@id\":\"https:\/\/compuviper.mx\/tienda\/#website\"},\"datePublished\":\"2026-04-02T05:09:12+00:00\",\"dateModified\":\"2026-04-02T05:09:12+00:00\",\"description\":\"Compra Ds-3e1518p-si Switch Gigabit Poe+ Administrable \/ 16 Puertos 10\/100\/1000 Mbps Poe+ \/ 2 Puertos Sfp \/ Configuracion Remota Desde Hik-parnerpro \/ Poe Hasta 250 Metros \/ 225 W + Env\u00edo a domicilio + Pago seguro + Garant\u00eda\",\"breadcrumb\":{\"@id\":\"https:\/\/compuviper.mx\/tienda\/producto\/hikvision-ds-3e1518p-si-switch-gigabit-poe-administrable-16-puertos-10-100-1000-mbps-poe-2-puertos-sfp-configuracion-remota-desde-hik-parnerpro-poe-hasta-250-metros-225-w\/#breadcrumb\"},\"inLanguage\":\"es-MX\",\"potentialAction\":[{\"@type\":\"ReadAction\",\"target\":[\"https:\/\/compuviper.mx\/tienda\/producto\/hikvision-ds-3e1518p-si-switch-gigabit-poe-administrable-16-puertos-10-100-1000-mbps-poe-2-puertos-sfp-configuracion-remota-desde-hik-parnerpro-poe-hasta-250-metros-225-w\/\"]}]},{\"@type\":\"BreadcrumbList\",\"@id\":\"https:\/\/compuviper.mx\/tienda\/producto\/hikvision-ds-3e1518p-si-switch-gigabit-poe-administrable-16-puertos-10-100-1000-mbps-poe-2-puertos-sfp-configuracion-remota-desde-hik-parnerpro-poe-hasta-250-metros-225-w\/#breadcrumb\",\"itemListElement\":[{\"@type\":\"ListItem\",\"position\":1,\"name\":\"Inicio\",\"item\":\"https:\/\/compuviper.mx\/tienda\/\"},{\"@type\":\"ListItem\",\"position\":2,\"name\":\"Productos\",\"item\":\"https:\/\/compuviper.mx\/tienda\/productos\/\"},{\"@type\":\"ListItem\",\"position\":3,\"name\":\"Accesorios\",\"item\":\"https:\/\/compuviper.mx\/tienda\/categoria-producto\/accesorios\/\"},{\"@type\":\"ListItem\",\"position\":4,\"name\":\"Redes\",\"item\":\"https:\/\/compuviper.mx\/tienda\/categoria-producto\/accesorios\/redes-accesorios\/\"},{\"@type\":\"ListItem\",\"position\":5,\"name\":\"Hikvision Ds-3e1518p-si Switch Gigabit Poe+ Administrable \/ 16 Puertos 10\/100\/1000 Mbps Poe+ \/ 2 Puertos Sfp \/ Configuracion Remota Desde Hik-parnerpro \/ Poe Hasta 250 Metros \/ 225 W\"}]},{\"@type\":\"WebSite\",\"@id\":\"https:\/\/compuviper.mx\/tienda\/#website\",\"url\":\"https:\/\/compuviper.mx\/tienda\/\",\"name\":\"Compuviper\",\"description\":\"Proveedor de Computadoras, Laptops, Servidores, Monitores, Puntos de Venta, Teclados,   Impresoras, T\u00f3ner, C\u00e1maras de Seguridad y m\u00e1s en tu tienda en l\u00ednea\",\"publisher\":{\"@id\":\"https:\/\/compuviper.mx\/tienda\/#organization\"},\"potentialAction\":[{\"@type\":\"SearchAction\",\"target\":{\"@type\":\"EntryPoint\",\"urlTemplate\":\"https:\/\/compuviper.mx\/tienda\/?s={search_term_string}\"},\"query-input\":\"required name=search_term_string\"}],\"inLanguage\":\"es-MX\"},{\"@type\":\"Organization\",\"@id\":\"https:\/\/compuviper.mx\/tienda\/#organization\",\"name\":\"Compuviper\",\"url\":\"https:\/\/compuviper.mx\/tienda\/\",\"logo\":{\"@type\":\"ImageObject\",\"inLanguage\":\"es-MX\",\"@id\":\"https:\/\/compuviper.mx\/tienda\/#\/schema\/logo\/image\/\",\"url\":\"https:\/\/compuviper.mx\/tienda\/wp-content\/uploads\/2021\/08\/Logo-Compuviper-10.png\",\"contentUrl\":\"https:\/\/compuviper.mx\/tienda\/wp-content\/uploads\/2021\/08\/Logo-Compuviper-10.png\",\"width\":1000,\"height\":500,\"caption\":\"Compuviper\"},\"image\":{\"@id\":\"https:\/\/compuviper.mx\/tienda\/#\/schema\/logo\/image\/\"},\"sameAs\":[\"https:\/\/www.facebook.com\/compuviper\",\"https:\/\/www.youtube.com\/channel\/UCf73dERp9Y3cfOq7q8BhLjA?view_as=subscriber\"]}]}<\/script>\n<meta property=\"product:brand\" content=\"HIKVISION\" \/>\n<meta property=\"product:price:amount\" content=\"6022\" \/>\n<meta property=\"product:price:currency\" content=\"MXN\" \/>\n<meta property=\"og:availability\" content=\"backorder\" \/>\n<meta property=\"product:availability\" content=\"available for order\" \/>\n<meta property=\"product:retailer_item_id\" content=\"DS-3E1518P-SI\" \/>\n<meta property=\"product:condition\" content=\"new\" \/>\n<!-- \/ Yoast SEO plugin. -->","yoast_head_json":{"title":"[ Hikvision ] &#129351; Ds-3e1518p-si Switch Gigabit Poe+ Administrable \/ 16 Puertos 10\/100\/1000 Mbps Poe+ \/ 2 Puertos Sfp \/ Configuracion Remota Desde Hik-parnerpro \/ Poe Hasta 250 Metros \/ 225 W","description":"Compra Ds-3e1518p-si Switch Gigabit Poe+ Administrable \/ 16 Puertos 10\/100\/1000 Mbps Poe+ \/ 2 Puertos Sfp \/ Configuracion Remota Desde Hik-parnerpro \/ Poe Hasta 250 Metros \/ 225 W + Env\u00edo a domicilio + Pago seguro + Garant\u00eda","robots":{"index":"index","follow":"follow","max-snippet":"max-snippet:-1","max-image-preview":"max-image-preview:large","max-video-preview":"max-video-preview:-1"},"canonical":"https:\/\/compuviper.mx\/tienda\/producto\/hikvision-ds-3e1518p-si-switch-gigabit-poe-administrable-16-puertos-10-100-1000-mbps-poe-2-puertos-sfp-configuracion-remota-desde-hik-parnerpro-poe-hasta-250-metros-225-w\/","og_locale":"es_MX","og_type":"article","og_title":"[ Hikvision ] &#129351; Ds-3e1518p-si Switch Gigabit Poe+ Administrable \/ 16 Puertos 10\/100\/1000 Mbps Poe+ \/ 2 Puertos Sfp \/ Configuracion Remota Desde Hik-parnerpro \/ Poe Hasta 250 Metros \/ 225 W","og_description":"Compra Ds-3e1518p-si Switch Gigabit Poe+ Administrable \/ 16 Puertos 10\/100\/1000 Mbps Poe+ \/ 2 Puertos Sfp \/ Configuracion Remota Desde Hik-parnerpro \/ Poe Hasta 250 Metros \/ 225 W + Env\u00edo a domicilio + Pago seguro + Garant\u00eda","og_url":"https:\/\/compuviper.mx\/tienda\/producto\/hikvision-ds-3e1518p-si-switch-gigabit-poe-administrable-16-puertos-10-100-1000-mbps-poe-2-puertos-sfp-configuracion-remota-desde-hik-parnerpro-poe-hasta-250-metros-225-w\/","og_site_name":"Compuviper","article_publisher":"https:\/\/www.facebook.com\/compuviper","og_image":[{"width":200,"height":200,"url":"https:\/\/compuviper.mx\/tienda\/wp-content\/uploads\/2023\/02\/Switch-gigabit-poe-hikvision-ds-3e1518p-si-administrable-16-puertos-101001000-mbps-poe-2-puertos-sfp-configuracion-remota-desde-hik-parnerpro-poe-hasta-250-metros-225-w.jpg","type":"image\/jpeg"}],"twitter_card":"summary_large_image","twitter_misc":{"Precio":"&#36;6,022 con IVA","Availability":"On backorder"},"schema":{"@context":"https:\/\/schema.org","@graph":[{"@type":"WebPage","@id":"https:\/\/compuviper.mx\/tienda\/producto\/hikvision-ds-3e1518p-si-switch-gigabit-poe-administrable-16-puertos-10-100-1000-mbps-poe-2-puertos-sfp-configuracion-remota-desde-hik-parnerpro-poe-hasta-250-metros-225-w\/","url":"https:\/\/compuviper.mx\/tienda\/producto\/hikvision-ds-3e1518p-si-switch-gigabit-poe-administrable-16-puertos-10-100-1000-mbps-poe-2-puertos-sfp-configuracion-remota-desde-hik-parnerpro-poe-hasta-250-metros-225-w\/","name":"[ Hikvision ] &#129351; Ds-3e1518p-si Switch Gigabit Poe+ Administrable \/ 16 Puertos 10\/100\/1000 Mbps Poe+ \/ 2 Puertos Sfp \/ Configuracion Remota Desde Hik-parnerpro \/ Poe Hasta 250 Metros \/ 225 W","isPartOf":{"@id":"https:\/\/compuviper.mx\/tienda\/#website"},"datePublished":"2026-04-02T05:09:12+00:00","dateModified":"2026-04-02T05:09:12+00:00","description":"Compra Ds-3e1518p-si Switch Gigabit Poe+ Administrable \/ 16 Puertos 10\/100\/1000 Mbps Poe+ \/ 2 Puertos Sfp \/ Configuracion Remota Desde Hik-parnerpro \/ Poe Hasta 250 Metros \/ 225 W + Env\u00edo a domicilio + Pago seguro + Garant\u00eda","breadcrumb":{"@id":"https:\/\/compuviper.mx\/tienda\/producto\/hikvision-ds-3e1518p-si-switch-gigabit-poe-administrable-16-puertos-10-100-1000-mbps-poe-2-puertos-sfp-configuracion-remota-desde-hik-parnerpro-poe-hasta-250-metros-225-w\/#breadcrumb"},"inLanguage":"es-MX","potentialAction":[{"@type":"ReadAction","target":["https:\/\/compuviper.mx\/tienda\/producto\/hikvision-ds-3e1518p-si-switch-gigabit-poe-administrable-16-puertos-10-100-1000-mbps-poe-2-puertos-sfp-configuracion-remota-desde-hik-parnerpro-poe-hasta-250-metros-225-w\/"]}]},{"@type":"BreadcrumbList","@id":"https:\/\/compuviper.mx\/tienda\/producto\/hikvision-ds-3e1518p-si-switch-gigabit-poe-administrable-16-puertos-10-100-1000-mbps-poe-2-puertos-sfp-configuracion-remota-desde-hik-parnerpro-poe-hasta-250-metros-225-w\/#breadcrumb","itemListElement":[{"@type":"ListItem","position":1,"name":"Inicio","item":"https:\/\/compuviper.mx\/tienda\/"},{"@type":"ListItem","position":2,"name":"Productos","item":"https:\/\/compuviper.mx\/tienda\/productos\/"},{"@type":"ListItem","position":3,"name":"Accesorios","item":"https:\/\/compuviper.mx\/tienda\/categoria-producto\/accesorios\/"},{"@type":"ListItem","position":4,"name":"Redes","item":"https:\/\/compuviper.mx\/tienda\/categoria-producto\/accesorios\/redes-accesorios\/"},{"@type":"ListItem","position":5,"name":"Hikvision Ds-3e1518p-si Switch Gigabit Poe+ Administrable \/ 16 Puertos 10\/100\/1000 Mbps Poe+ \/ 2 Puertos Sfp \/ Configuracion Remota Desde Hik-parnerpro \/ Poe Hasta 250 Metros \/ 225 W"}]},{"@type":"WebSite","@id":"https:\/\/compuviper.mx\/tienda\/#website","url":"https:\/\/compuviper.mx\/tienda\/","name":"Compuviper","description":"Proveedor de Computadoras, Laptops, Servidores, Monitores, Puntos de Venta, Teclados,   Impresoras, T\u00f3ner, C\u00e1maras de Seguridad y m\u00e1s en tu tienda en l\u00ednea","publisher":{"@id":"https:\/\/compuviper.mx\/tienda\/#organization"},"potentialAction":[{"@type":"SearchAction","target":{"@type":"EntryPoint","urlTemplate":"https:\/\/compuviper.mx\/tienda\/?s={search_term_string}"},"query-input":"required name=search_term_string"}],"inLanguage":"es-MX"},{"@type":"Organization","@id":"https:\/\/compuviper.mx\/tienda\/#organization","name":"Compuviper","url":"https:\/\/compuviper.mx\/tienda\/","logo":{"@type":"ImageObject","inLanguage":"es-MX","@id":"https:\/\/compuviper.mx\/tienda\/#\/schema\/logo\/image\/","url":"https:\/\/compuviper.mx\/tienda\/wp-content\/uploads\/2021\/08\/Logo-Compuviper-10.png","contentUrl":"https:\/\/compuviper.mx\/tienda\/wp-content\/uploads\/2021\/08\/Logo-Compuviper-10.png","width":1000,"height":500,"caption":"Compuviper"},"image":{"@id":"https:\/\/compuviper.mx\/tienda\/#\/schema\/logo\/image\/"},"sameAs":["https:\/\/www.facebook.com\/compuviper","https:\/\/www.youtube.com\/channel\/UCf73dERp9Y3cfOq7q8BhLjA?view_as=subscriber"]}]},"product_brand":"HIKVISION","product_price_amount":"6022","product_price_currency":"MXN","og_availability":"backorder","product_availability":"available for order","product_retailer_item_id":"DS-3E1518P-SI","product_condition":"new"},"_links":{"self":[{"href":"https:\/\/compuviper.mx\/tienda\/wp-json\/wp\/v2\/product\/162166"}],"collection":[{"href":"https:\/\/compuviper.mx\/tienda\/wp-json\/wp\/v2\/product"}],"about":[{"href":"https:\/\/compuviper.mx\/tienda\/wp-json\/wp\/v2\/types\/product"}],"replies":[{"embeddable":true,"href":"https:\/\/compuviper.mx\/tienda\/wp-json\/wp\/v2\/comments?post=162166"}],"wp:featuredmedia":[{"embeddable":true,"href":"https:\/\/compuviper.mx\/tienda\/wp-json\/wp\/v2\/media\/164414"}],"wp:attachment":[{"href":"https:\/\/compuviper.mx\/tienda\/wp-json\/wp\/v2\/media?parent=162166"}],"wp:term":[{"taxonomy":"product_cat","embeddable":true,"href":"https:\/\/compuviper.mx\/tienda\/wp-json\/wp\/v2\/product_cat?post=162166"},{"taxonomy":"product_tag","embeddable":true,"href":"https:\/\/compuviper.mx\/tienda\/wp-json\/wp\/v2\/product_tag?post=162166"}],"curies":[{"name":"wp","href":"https:\/\/api.w.org\/{rel}","templated":true}]}}