{"id":162165,"date":"2026-04-01T23:09:12","date_gmt":"2026-04-02T05:09:12","guid":{"rendered":"https:\/\/compuviper.mx\/tienda\/producto\/dahua-dh-pfm800b-4k-par-de-transceptores-pasivos-4k-resolucin-de-hasta-8-megapxeles-distancia-de-hasta-200-metros-en-4k-soporta-720p-1080p-4mp-5mp-4k-y-formatos-hdcvi-tvi-ahd-cvbs\/"},"modified":"2026-04-02T00:00:46","modified_gmt":"2026-04-02T06:00:46","slug":"dahua-dh-pfm800b-4k-par-de-transceptores-pasivos-4k-resolucin-de-hasta-8-megapxeles-distancia-de-hasta-200-metros-en-4k-soporta-720p-1080p-4mp-5mp-4k-y-formatos-hdcvi-tvi-ahd-cvbs","status":"publish","type":"product","link":"https:\/\/compuviper.mx\/tienda\/producto\/dahua-dh-pfm800b-4k-par-de-transceptores-pasivos-4k-resolucin-de-hasta-8-megapxeles-distancia-de-hasta-200-metros-en-4k-soporta-720p-1080p-4mp-5mp-4k-y-formatos-hdcvi-tvi-ahd-cvbs\/","title":{"rendered":"Dahua Dh-pfm800b-4k Par De Transceptores  Pasivos 4k\/ Resolucin De Hasta 8 Megapxeles\/ Distancia De Hasta 200 Metros En 4k\/ Soporta 720p\/1080p\/4mp\/5mp\/4k\/ Y Formatos Hdcvi\/tvi\/ahd\/cvbs"},"content":{"rendered":"<table class=\"descripcion\">\n<tr>\n<td>Se\u00f1al de transmisi\u00f3n 1-canal<\/td>\n<\/tr>\n<tr>\n<td>Bnc macho impedancia 75 ohmios<\/td>\n<\/tr>\n<tr>\n<td>Impedancia del cable utp 100 ohmios<\/td>\n<\/tr>\n<tr>\n<td>Peso 34g (0,07 lb) (1 par)<\/td>\n<\/tr>\n<tr>\n<td>Dimensi\u00f3n (lxanxalt) tx: 173,8 mm x 19,5 mm x 21 mm (6,84\u0094 x 0,77\u0094 x 0,83\u0094) rx: 49,1 mm \u00d7 19,5 mm \u00d7 21 mm (1,93\u0094 x 0,77\u0094 x 0,83\u0094)<\/td>\n<\/tr>\n<tr>\n<td>Resoluci\u00f3n 720p\/1080p\/4mp\/5mp\/4k<\/td>\n<\/tr>\n<tr>\n<td>Color negro<\/td>\n<\/tr>\n<\/table>\n","protected":false},"excerpt":{"rendered":"<p>Balun de video pasivo para 1 canal, transmisi\u00f3n en tiempo real por cable utp cat5e\/6, pasivo, sin necesidad de alimentaci\u00f3n, excelentes capacidades anti-trueno, anti-est\u00e1ticas y anti-interferencias, formatos compatibles: hdcvi\/tvi\/ahd\/cvbs; con conector bnc hembra y conexiones de terminales de cable tipo presi\u00f3n.<\/p>\n","protected":false},"featured_media":164413,"comment_status":"open","ping_status":"open","template":"","meta":[],"product_cat":[1485,1515],"product_tag":[1555],"acf":[],"yoast_head":"<!-- This site is optimized with the Yoast SEO plugin v21.7 - https:\/\/yoast.com\/wordpress\/plugins\/seo\/ -->\n<title>[ Dahua ] &#129351; Dh-pfm800b-4k Par De Transceptores Pasivos 4k\/ Resolucin De Hasta 8 Megapxeles\/ Distancia De Hasta 200 Metros En 4k\/ Soporta 720p\/1080p\/4mp\/5mp\/4k\/ Y Formatos Hdcvi\/tvi\/ahd\/cvbs<\/title>\n<meta name=\"description\" content=\"Compra Dh-pfm800b-4k Par De Transceptores Pasivos 4k\/ Resolucin De Hasta 8 Megapxeles\/ Distancia De Hasta 200 Metros En 4k\/ Soporta 720p\/1080p\/4mp\/5mp\/4k\/ Y Formatos Hdcvi\/tvi\/ahd\/cvbs + Env\u00edo a domicilio + Pago seguro + Garant\u00eda\" \/>\n<meta name=\"robots\" content=\"index, follow, max-snippet:-1, max-image-preview:large, max-video-preview:-1\" \/>\n<link rel=\"canonical\" href=\"https:\/\/compuviper.mx\/tienda\/producto\/dahua-dh-pfm800b-4k-par-de-transceptores-pasivos-4k-resolucin-de-hasta-8-megapxeles-distancia-de-hasta-200-metros-en-4k-soporta-720p-1080p-4mp-5mp-4k-y-formatos-hdcvi-tvi-ahd-cvbs\/\" \/>\n<meta property=\"og:locale\" content=\"es_MX\" \/>\n<meta property=\"og:type\" content=\"article\" \/>\n<meta property=\"og:title\" content=\"[ Dahua ] &#129351; Dh-pfm800b-4k Par De Transceptores Pasivos 4k\/ Resolucin De Hasta 8 Megapxeles\/ Distancia De Hasta 200 Metros En 4k\/ Soporta 720p\/1080p\/4mp\/5mp\/4k\/ Y Formatos Hdcvi\/tvi\/ahd\/cvbs\" \/>\n<meta property=\"og:description\" content=\"Compra Dh-pfm800b-4k Par De Transceptores Pasivos 4k\/ Resolucin De Hasta 8 Megapxeles\/ Distancia De Hasta 200 Metros En 4k\/ Soporta 720p\/1080p\/4mp\/5mp\/4k\/ Y Formatos Hdcvi\/tvi\/ahd\/cvbs + Env\u00edo a domicilio + Pago seguro + Garant\u00eda\" \/>\n<meta property=\"og:url\" content=\"https:\/\/compuviper.mx\/tienda\/producto\/dahua-dh-pfm800b-4k-par-de-transceptores-pasivos-4k-resolucin-de-hasta-8-megapxeles-distancia-de-hasta-200-metros-en-4k-soporta-720p-1080p-4mp-5mp-4k-y-formatos-hdcvi-tvi-ahd-cvbs\/\" \/>\n<meta property=\"og:site_name\" content=\"Compuviper\" \/>\n<meta property=\"article:publisher\" content=\"https:\/\/www.facebook.com\/compuviper\" \/>\n<meta property=\"article:modified_time\" content=\"2026-04-02T06:00:46+00:00\" \/>\n<meta property=\"og:image\" content=\"https:\/\/compuviper.mx\/tienda\/wp-content\/uploads\/2023\/02\/Par-de-transceptores-dahua-pasivos-4k-resolucion-de-hasta-8-megapixeles-distancia-de-hasta-200-metros-en-4k-soporta-720p1080p4mp5mp4k-y-formatos-hdcvitviahdcvbs.jpg\" \/>\n\t<meta property=\"og:image:width\" content=\"200\" \/>\n\t<meta property=\"og:image:height\" content=\"200\" \/>\n\t<meta property=\"og:image:type\" content=\"image\/jpeg\" \/>\n<meta name=\"twitter:card\" content=\"summary_large_image\" \/>\n<meta name=\"twitter:label1\" content=\"Precio\" \/>\n\t<meta name=\"twitter:data1\" content=\"&#36;56 con IVA\" \/>\n\t<meta name=\"twitter:label2\" content=\"Availability\" \/>\n\t<meta name=\"twitter:data2\" content=\"In stock\" \/>\n<script type=\"application\/ld+json\" class=\"yoast-schema-graph\">{\"@context\":\"https:\/\/schema.org\",\"@graph\":[{\"@type\":\"WebPage\",\"@id\":\"https:\/\/compuviper.mx\/tienda\/producto\/dahua-dh-pfm800b-4k-par-de-transceptores-pasivos-4k-resolucin-de-hasta-8-megapxeles-distancia-de-hasta-200-metros-en-4k-soporta-720p-1080p-4mp-5mp-4k-y-formatos-hdcvi-tvi-ahd-cvbs\/\",\"url\":\"https:\/\/compuviper.mx\/tienda\/producto\/dahua-dh-pfm800b-4k-par-de-transceptores-pasivos-4k-resolucin-de-hasta-8-megapxeles-distancia-de-hasta-200-metros-en-4k-soporta-720p-1080p-4mp-5mp-4k-y-formatos-hdcvi-tvi-ahd-cvbs\/\",\"name\":\"[ Dahua ] &#129351; Dh-pfm800b-4k Par De Transceptores Pasivos 4k\/ Resolucin De Hasta 8 Megapxeles\/ Distancia De Hasta 200 Metros En 4k\/ Soporta 720p\/1080p\/4mp\/5mp\/4k\/ Y Formatos Hdcvi\/tvi\/ahd\/cvbs\",\"isPartOf\":{\"@id\":\"https:\/\/compuviper.mx\/tienda\/#website\"},\"datePublished\":\"2026-04-02T05:09:12+00:00\",\"dateModified\":\"2026-04-02T06:00:46+00:00\",\"description\":\"Compra Dh-pfm800b-4k Par De Transceptores Pasivos 4k\/ Resolucin De Hasta 8 Megapxeles\/ Distancia De Hasta 200 Metros En 4k\/ Soporta 720p\/1080p\/4mp\/5mp\/4k\/ Y Formatos Hdcvi\/tvi\/ahd\/cvbs + Env\u00edo a domicilio + Pago seguro + Garant\u00eda\",\"breadcrumb\":{\"@id\":\"https:\/\/compuviper.mx\/tienda\/producto\/dahua-dh-pfm800b-4k-par-de-transceptores-pasivos-4k-resolucin-de-hasta-8-megapxeles-distancia-de-hasta-200-metros-en-4k-soporta-720p-1080p-4mp-5mp-4k-y-formatos-hdcvi-tvi-ahd-cvbs\/#breadcrumb\"},\"inLanguage\":\"es-MX\",\"potentialAction\":[{\"@type\":\"ReadAction\",\"target\":[\"https:\/\/compuviper.mx\/tienda\/producto\/dahua-dh-pfm800b-4k-par-de-transceptores-pasivos-4k-resolucin-de-hasta-8-megapxeles-distancia-de-hasta-200-metros-en-4k-soporta-720p-1080p-4mp-5mp-4k-y-formatos-hdcvi-tvi-ahd-cvbs\/\"]}]},{\"@type\":\"BreadcrumbList\",\"@id\":\"https:\/\/compuviper.mx\/tienda\/producto\/dahua-dh-pfm800b-4k-par-de-transceptores-pasivos-4k-resolucin-de-hasta-8-megapxeles-distancia-de-hasta-200-metros-en-4k-soporta-720p-1080p-4mp-5mp-4k-y-formatos-hdcvi-tvi-ahd-cvbs\/#breadcrumb\",\"itemListElement\":[{\"@type\":\"ListItem\",\"position\":1,\"name\":\"Inicio\",\"item\":\"https:\/\/compuviper.mx\/tienda\/\"},{\"@type\":\"ListItem\",\"position\":2,\"name\":\"Productos\",\"item\":\"https:\/\/compuviper.mx\/tienda\/productos\/\"},{\"@type\":\"ListItem\",\"position\":3,\"name\":\"Accesorios\",\"item\":\"https:\/\/compuviper.mx\/tienda\/categoria-producto\/accesorios\/\"},{\"@type\":\"ListItem\",\"position\":4,\"name\":\"Seguridad\",\"item\":\"https:\/\/compuviper.mx\/tienda\/categoria-producto\/accesorios\/seguridad\/\"},{\"@type\":\"ListItem\",\"position\":5,\"name\":\"Dahua Dh-pfm800b-4k Par De Transceptores Pasivos 4k\/ Resolucin De Hasta 8 Megapxeles\/ Distancia De Hasta 200 Metros En 4k\/ Soporta 720p\/1080p\/4mp\/5mp\/4k\/ Y Formatos Hdcvi\/tvi\/ahd\/cvbs\"}]},{\"@type\":\"WebSite\",\"@id\":\"https:\/\/compuviper.mx\/tienda\/#website\",\"url\":\"https:\/\/compuviper.mx\/tienda\/\",\"name\":\"Compuviper\",\"description\":\"Proveedor de Computadoras, Laptops, Servidores, Monitores, Puntos de Venta, Teclados,   Impresoras, T\u00f3ner, C\u00e1maras de Seguridad y m\u00e1s en tu tienda en l\u00ednea\",\"publisher\":{\"@id\":\"https:\/\/compuviper.mx\/tienda\/#organization\"},\"potentialAction\":[{\"@type\":\"SearchAction\",\"target\":{\"@type\":\"EntryPoint\",\"urlTemplate\":\"https:\/\/compuviper.mx\/tienda\/?s={search_term_string}\"},\"query-input\":\"required name=search_term_string\"}],\"inLanguage\":\"es-MX\"},{\"@type\":\"Organization\",\"@id\":\"https:\/\/compuviper.mx\/tienda\/#organization\",\"name\":\"Compuviper\",\"url\":\"https:\/\/compuviper.mx\/tienda\/\",\"logo\":{\"@type\":\"ImageObject\",\"inLanguage\":\"es-MX\",\"@id\":\"https:\/\/compuviper.mx\/tienda\/#\/schema\/logo\/image\/\",\"url\":\"https:\/\/compuviper.mx\/tienda\/wp-content\/uploads\/2021\/08\/Logo-Compuviper-10.png\",\"contentUrl\":\"https:\/\/compuviper.mx\/tienda\/wp-content\/uploads\/2021\/08\/Logo-Compuviper-10.png\",\"width\":1000,\"height\":500,\"caption\":\"Compuviper\"},\"image\":{\"@id\":\"https:\/\/compuviper.mx\/tienda\/#\/schema\/logo\/image\/\"},\"sameAs\":[\"https:\/\/www.facebook.com\/compuviper\",\"https:\/\/www.youtube.com\/channel\/UCf73dERp9Y3cfOq7q8BhLjA?view_as=subscriber\"]}]}<\/script>\n<meta property=\"product:brand\" content=\"DAHUA\" \/>\n<meta property=\"product:price:amount\" content=\"56\" \/>\n<meta property=\"product:price:currency\" content=\"MXN\" \/>\n<meta property=\"og:availability\" content=\"instock\" \/>\n<meta property=\"product:availability\" content=\"instock\" \/>\n<meta property=\"product:retailer_item_id\" content=\"DH-PFM800B-4K\" \/>\n<meta property=\"product:condition\" content=\"new\" \/>\n<!-- \/ Yoast SEO plugin. -->","yoast_head_json":{"title":"[ Dahua ] &#129351; Dh-pfm800b-4k Par De Transceptores Pasivos 4k\/ Resolucin De Hasta 8 Megapxeles\/ Distancia De Hasta 200 Metros En 4k\/ Soporta 720p\/1080p\/4mp\/5mp\/4k\/ Y Formatos Hdcvi\/tvi\/ahd\/cvbs","description":"Compra Dh-pfm800b-4k Par De Transceptores Pasivos 4k\/ Resolucin De Hasta 8 Megapxeles\/ Distancia De Hasta 200 Metros En 4k\/ Soporta 720p\/1080p\/4mp\/5mp\/4k\/ Y Formatos Hdcvi\/tvi\/ahd\/cvbs + Env\u00edo a domicilio + Pago seguro + Garant\u00eda","robots":{"index":"index","follow":"follow","max-snippet":"max-snippet:-1","max-image-preview":"max-image-preview:large","max-video-preview":"max-video-preview:-1"},"canonical":"https:\/\/compuviper.mx\/tienda\/producto\/dahua-dh-pfm800b-4k-par-de-transceptores-pasivos-4k-resolucin-de-hasta-8-megapxeles-distancia-de-hasta-200-metros-en-4k-soporta-720p-1080p-4mp-5mp-4k-y-formatos-hdcvi-tvi-ahd-cvbs\/","og_locale":"es_MX","og_type":"article","og_title":"[ Dahua ] &#129351; Dh-pfm800b-4k Par De Transceptores Pasivos 4k\/ Resolucin De Hasta 8 Megapxeles\/ Distancia De Hasta 200 Metros En 4k\/ Soporta 720p\/1080p\/4mp\/5mp\/4k\/ Y Formatos Hdcvi\/tvi\/ahd\/cvbs","og_description":"Compra Dh-pfm800b-4k Par De Transceptores Pasivos 4k\/ Resolucin De Hasta 8 Megapxeles\/ Distancia De Hasta 200 Metros En 4k\/ Soporta 720p\/1080p\/4mp\/5mp\/4k\/ Y Formatos Hdcvi\/tvi\/ahd\/cvbs + Env\u00edo a domicilio + Pago seguro + Garant\u00eda","og_url":"https:\/\/compuviper.mx\/tienda\/producto\/dahua-dh-pfm800b-4k-par-de-transceptores-pasivos-4k-resolucin-de-hasta-8-megapxeles-distancia-de-hasta-200-metros-en-4k-soporta-720p-1080p-4mp-5mp-4k-y-formatos-hdcvi-tvi-ahd-cvbs\/","og_site_name":"Compuviper","article_publisher":"https:\/\/www.facebook.com\/compuviper","article_modified_time":"2026-04-02T06:00:46+00:00","og_image":[{"width":200,"height":200,"url":"https:\/\/compuviper.mx\/tienda\/wp-content\/uploads\/2023\/02\/Par-de-transceptores-dahua-pasivos-4k-resolucion-de-hasta-8-megapixeles-distancia-de-hasta-200-metros-en-4k-soporta-720p1080p4mp5mp4k-y-formatos-hdcvitviahdcvbs.jpg","type":"image\/jpeg"}],"twitter_card":"summary_large_image","twitter_misc":{"Precio":"&#36;56 con IVA","Availability":"In stock"},"schema":{"@context":"https:\/\/schema.org","@graph":[{"@type":"WebPage","@id":"https:\/\/compuviper.mx\/tienda\/producto\/dahua-dh-pfm800b-4k-par-de-transceptores-pasivos-4k-resolucin-de-hasta-8-megapxeles-distancia-de-hasta-200-metros-en-4k-soporta-720p-1080p-4mp-5mp-4k-y-formatos-hdcvi-tvi-ahd-cvbs\/","url":"https:\/\/compuviper.mx\/tienda\/producto\/dahua-dh-pfm800b-4k-par-de-transceptores-pasivos-4k-resolucin-de-hasta-8-megapxeles-distancia-de-hasta-200-metros-en-4k-soporta-720p-1080p-4mp-5mp-4k-y-formatos-hdcvi-tvi-ahd-cvbs\/","name":"[ Dahua ] &#129351; Dh-pfm800b-4k Par De Transceptores Pasivos 4k\/ Resolucin De Hasta 8 Megapxeles\/ Distancia De Hasta 200 Metros En 4k\/ Soporta 720p\/1080p\/4mp\/5mp\/4k\/ Y Formatos Hdcvi\/tvi\/ahd\/cvbs","isPartOf":{"@id":"https:\/\/compuviper.mx\/tienda\/#website"},"datePublished":"2026-04-02T05:09:12+00:00","dateModified":"2026-04-02T06:00:46+00:00","description":"Compra Dh-pfm800b-4k Par De Transceptores Pasivos 4k\/ Resolucin De Hasta 8 Megapxeles\/ Distancia De Hasta 200 Metros En 4k\/ Soporta 720p\/1080p\/4mp\/5mp\/4k\/ Y Formatos Hdcvi\/tvi\/ahd\/cvbs + Env\u00edo a domicilio + Pago seguro + Garant\u00eda","breadcrumb":{"@id":"https:\/\/compuviper.mx\/tienda\/producto\/dahua-dh-pfm800b-4k-par-de-transceptores-pasivos-4k-resolucin-de-hasta-8-megapxeles-distancia-de-hasta-200-metros-en-4k-soporta-720p-1080p-4mp-5mp-4k-y-formatos-hdcvi-tvi-ahd-cvbs\/#breadcrumb"},"inLanguage":"es-MX","potentialAction":[{"@type":"ReadAction","target":["https:\/\/compuviper.mx\/tienda\/producto\/dahua-dh-pfm800b-4k-par-de-transceptores-pasivos-4k-resolucin-de-hasta-8-megapxeles-distancia-de-hasta-200-metros-en-4k-soporta-720p-1080p-4mp-5mp-4k-y-formatos-hdcvi-tvi-ahd-cvbs\/"]}]},{"@type":"BreadcrumbList","@id":"https:\/\/compuviper.mx\/tienda\/producto\/dahua-dh-pfm800b-4k-par-de-transceptores-pasivos-4k-resolucin-de-hasta-8-megapxeles-distancia-de-hasta-200-metros-en-4k-soporta-720p-1080p-4mp-5mp-4k-y-formatos-hdcvi-tvi-ahd-cvbs\/#breadcrumb","itemListElement":[{"@type":"ListItem","position":1,"name":"Inicio","item":"https:\/\/compuviper.mx\/tienda\/"},{"@type":"ListItem","position":2,"name":"Productos","item":"https:\/\/compuviper.mx\/tienda\/productos\/"},{"@type":"ListItem","position":3,"name":"Accesorios","item":"https:\/\/compuviper.mx\/tienda\/categoria-producto\/accesorios\/"},{"@type":"ListItem","position":4,"name":"Seguridad","item":"https:\/\/compuviper.mx\/tienda\/categoria-producto\/accesorios\/seguridad\/"},{"@type":"ListItem","position":5,"name":"Dahua Dh-pfm800b-4k Par De Transceptores Pasivos 4k\/ Resolucin De Hasta 8 Megapxeles\/ Distancia De Hasta 200 Metros En 4k\/ Soporta 720p\/1080p\/4mp\/5mp\/4k\/ Y Formatos Hdcvi\/tvi\/ahd\/cvbs"}]},{"@type":"WebSite","@id":"https:\/\/compuviper.mx\/tienda\/#website","url":"https:\/\/compuviper.mx\/tienda\/","name":"Compuviper","description":"Proveedor de Computadoras, Laptops, Servidores, Monitores, Puntos de Venta, Teclados,   Impresoras, T\u00f3ner, C\u00e1maras de Seguridad y m\u00e1s en tu tienda en l\u00ednea","publisher":{"@id":"https:\/\/compuviper.mx\/tienda\/#organization"},"potentialAction":[{"@type":"SearchAction","target":{"@type":"EntryPoint","urlTemplate":"https:\/\/compuviper.mx\/tienda\/?s={search_term_string}"},"query-input":"required name=search_term_string"}],"inLanguage":"es-MX"},{"@type":"Organization","@id":"https:\/\/compuviper.mx\/tienda\/#organization","name":"Compuviper","url":"https:\/\/compuviper.mx\/tienda\/","logo":{"@type":"ImageObject","inLanguage":"es-MX","@id":"https:\/\/compuviper.mx\/tienda\/#\/schema\/logo\/image\/","url":"https:\/\/compuviper.mx\/tienda\/wp-content\/uploads\/2021\/08\/Logo-Compuviper-10.png","contentUrl":"https:\/\/compuviper.mx\/tienda\/wp-content\/uploads\/2021\/08\/Logo-Compuviper-10.png","width":1000,"height":500,"caption":"Compuviper"},"image":{"@id":"https:\/\/compuviper.mx\/tienda\/#\/schema\/logo\/image\/"},"sameAs":["https:\/\/www.facebook.com\/compuviper","https:\/\/www.youtube.com\/channel\/UCf73dERp9Y3cfOq7q8BhLjA?view_as=subscriber"]}]},"product_brand":"DAHUA","product_price_amount":"56","product_price_currency":"MXN","og_availability":"instock","product_availability":"instock","product_retailer_item_id":"DH-PFM800B-4K","product_condition":"new"},"_links":{"self":[{"href":"https:\/\/compuviper.mx\/tienda\/wp-json\/wp\/v2\/product\/162165"}],"collection":[{"href":"https:\/\/compuviper.mx\/tienda\/wp-json\/wp\/v2\/product"}],"about":[{"href":"https:\/\/compuviper.mx\/tienda\/wp-json\/wp\/v2\/types\/product"}],"replies":[{"embeddable":true,"href":"https:\/\/compuviper.mx\/tienda\/wp-json\/wp\/v2\/comments?post=162165"}],"wp:featuredmedia":[{"embeddable":true,"href":"https:\/\/compuviper.mx\/tienda\/wp-json\/wp\/v2\/media\/164413"}],"wp:attachment":[{"href":"https:\/\/compuviper.mx\/tienda\/wp-json\/wp\/v2\/media?parent=162165"}],"wp:term":[{"taxonomy":"product_cat","embeddable":true,"href":"https:\/\/compuviper.mx\/tienda\/wp-json\/wp\/v2\/product_cat?post=162165"},{"taxonomy":"product_tag","embeddable":true,"href":"https:\/\/compuviper.mx\/tienda\/wp-json\/wp\/v2\/product_tag?post=162165"}],"curies":[{"name":"wp","href":"https:\/\/api.w.org\/{rel}","templated":true}]}}