{"id":162015,"date":"2026-04-10T23:08:06","date_gmt":"2026-04-11T05:08:06","guid":{"rendered":"https:\/\/compuviper.mx\/tienda\/producto\/startech-com-pexusb3s7-tarjeta-pci-express-de-7-puertos-usb-3-0-con-perfil-bajo-o-completo-mod\/"},"modified":"2026-04-10T23:08:06","modified_gmt":"2026-04-11T05:08:06","slug":"startech-com-pexusb3s7-tarjeta-pci-express-de-7-puertos-usb-3-0-con-perfil-bajo-o-completo-mod","status":"publish","type":"product","link":"https:\/\/compuviper.mx\/tienda\/producto\/startech-com-pexusb3s7-tarjeta-pci-express-de-7-puertos-usb-3-0-con-perfil-bajo-o-completo-mod\/","title":{"rendered":"Startech.com Pexusb3s7 Tarjeta Pci Express De 7 Puertos Usb 3.0 Con Perfil Bajo O Completo &#8211;  Mod."},"content":{"rendered":"<table class=\"descripcion\">\n<tr>\n<td>Estandares industriales: especificacion 1.0 para usb 3.0<\/td>\n<\/tr>\n<tr>\n<td>Especificacion 2.0 base para pci express<\/td>\n<\/tr>\n<tr>\n<td>Especificacion 1.0 para intel xhci<\/td>\n<\/tr>\n<tr>\n<td>Ancho del producto: 15 mm<\/td>\n<\/tr>\n<tr>\n<td>Altura del producto: 120 mm<\/td>\n<\/tr>\n<tr>\n<td>Peso del producto: 72 g<\/td>\n<\/tr>\n<tr>\n<td>Tasa de transferencia de datos maxima: 5 gbps<\/td>\n<\/tr>\n<tr>\n<td>Longitud maxima del cable: 3000 mm<\/td>\n<\/tr>\n<tr>\n<td>Tipo y velocidad: usb 3.0 &#8211; 5 gbit\/s<\/td>\n<\/tr>\n<tr>\n<td>Compatibilidad con uasp: si<\/td>\n<\/tr>\n<tr>\n<td>Requerimientos del sistema y cables: ordenador o servidor equipado con pci express y una ranura pci express x1 o superior (x4, x8, x16) disponible<\/td>\n<\/tr>\n<tr>\n<td>Requerimientos del sistema y cables: conector sata de alimentacion (recomendado, pero opcional)<\/td>\n<\/tr>\n<tr>\n<td>Interfaz: usb 3.2 gen 1(5gbps)<\/td>\n<\/tr>\n<tr>\n<td>Tipo de bus: pci express<\/td>\n<\/tr>\n<tr>\n<td>Tipo de tarjeta: perfil estandar (incluye soporte para perfil bajo)<\/td>\n<\/tr>\n<tr>\n<td>Id del conjunto de chips: renesas\/nec &#8211; \u00b5pd720201<\/td>\n<\/tr>\n<tr>\n<td>\u00b5pd720210<\/td>\n<\/tr>\n<tr>\n<td>Mtbf: 1.920.042 horas h<\/td>\n<\/tr>\n<tr>\n<td>Longitud del producto: 105 mm<\/td>\n<\/tr>\n<tr>\n<td>Color: verde<\/td>\n<\/tr>\n<tr>\n<td>Tipo de gabinete: acero<\/td>\n<\/tr>\n<\/table>\n","protected":false},"excerpt":{"rendered":"<p>Gestione su carga de trabajo de manera mas eficiente. Esta tarjeta usb 3.0 amplia la capacidad de conectividad de su computadora, ya que ofrece siete puertos usb 3.0 adicionales. Tiene un diseno innovador en formato de puertos apilados, a fin de de adaptarse facilmente tanto a computadoras de escritorio estandar, como de perfil bajo. Mayor numero de puertos. Mayor escalabilidad. Al ofrecer mas puertos, se pueden agregar mas dispositivos usb cuando los necesite. Esta resistente tarjeta usb 3.0 ofrece siete puertos usb 3.0: seis externos y uno interno, a fin de conectar de forma simultanea dispositivos como tablets, smartphones, discos duros externos, unidades cd\/dvd, impresoras, etc. Y al tener varios puertos extra, es posible dejar los dispositivos conectados, a fin de que esten listos para su uso cuando se necesiten. Tambien resulta economica: al permitir conectar tantos dispositivos, se evita tener que adquirir concentradores o tarjetas adicionales.<\/p>\n","protected":false},"featured_media":164410,"comment_status":"open","ping_status":"open","template":"","meta":[],"product_cat":[1485,1501],"product_tag":[1590],"acf":[],"yoast_head":"<!-- This site is optimized with the Yoast SEO plugin v21.7 - https:\/\/yoast.com\/wordpress\/plugins\/seo\/ -->\n<title>[ Startech.com ] &#129351; Pexusb3s7 Tarjeta Pci Express De 7 Puertos Usb 3.0 Con Perfil Bajo O Completo - Mod.<\/title>\n<meta name=\"description\" content=\"Compra Pexusb3s7 Tarjeta Pci Express De 7 Puertos Usb 3.0 Con Perfil Bajo O Completo - Mod. + Env\u00edo a domicilio + Pago seguro + Garant\u00eda\" \/>\n<meta name=\"robots\" content=\"index, follow, max-snippet:-1, max-image-preview:large, max-video-preview:-1\" \/>\n<link rel=\"canonical\" href=\"https:\/\/compuviper.mx\/tienda\/producto\/startech-com-pexusb3s7-tarjeta-pci-express-de-7-puertos-usb-3-0-con-perfil-bajo-o-completo-mod\/\" \/>\n<meta property=\"og:locale\" content=\"es_MX\" \/>\n<meta property=\"og:type\" content=\"article\" \/>\n<meta property=\"og:title\" content=\"[ Startech.com ] &#129351; Pexusb3s7 Tarjeta Pci Express De 7 Puertos Usb 3.0 Con Perfil Bajo O Completo - Mod.\" \/>\n<meta property=\"og:description\" content=\"Compra Pexusb3s7 Tarjeta Pci Express De 7 Puertos Usb 3.0 Con Perfil Bajo O Completo - Mod. + Env\u00edo a domicilio + Pago seguro + Garant\u00eda\" \/>\n<meta property=\"og:url\" content=\"https:\/\/compuviper.mx\/tienda\/producto\/startech-com-pexusb3s7-tarjeta-pci-express-de-7-puertos-usb-3-0-con-perfil-bajo-o-completo-mod\/\" \/>\n<meta property=\"og:site_name\" content=\"Compuviper\" \/>\n<meta property=\"article:publisher\" content=\"https:\/\/www.facebook.com\/compuviper\" \/>\n<meta property=\"og:image\" content=\"https:\/\/compuviper.mx\/tienda\/wp-content\/uploads\/2023\/02\/Tarjeta-pci-express-de-7-puertos-usb-3.0-con-perfil-bajo-o-completo-startech.com-mod.-pexusb3s7.jpg\" \/>\n\t<meta property=\"og:image:width\" content=\"200\" \/>\n\t<meta property=\"og:image:height\" content=\"200\" \/>\n\t<meta property=\"og:image:type\" content=\"image\/jpeg\" \/>\n<meta name=\"twitter:card\" content=\"summary_large_image\" \/>\n<meta name=\"twitter:label1\" content=\"Precio\" \/>\n\t<meta name=\"twitter:data1\" content=\"&#36;1,510 con IVA\" \/>\n\t<meta name=\"twitter:label2\" content=\"Availability\" \/>\n\t<meta name=\"twitter:data2\" content=\"Out of stock\" \/>\n<script type=\"application\/ld+json\" class=\"yoast-schema-graph\">{\"@context\":\"https:\/\/schema.org\",\"@graph\":[{\"@type\":\"WebPage\",\"@id\":\"https:\/\/compuviper.mx\/tienda\/producto\/startech-com-pexusb3s7-tarjeta-pci-express-de-7-puertos-usb-3-0-con-perfil-bajo-o-completo-mod\/\",\"url\":\"https:\/\/compuviper.mx\/tienda\/producto\/startech-com-pexusb3s7-tarjeta-pci-express-de-7-puertos-usb-3-0-con-perfil-bajo-o-completo-mod\/\",\"name\":\"[ Startech.com ] &#129351; Pexusb3s7 Tarjeta Pci Express De 7 Puertos Usb 3.0 Con Perfil Bajo O Completo - Mod.\",\"isPartOf\":{\"@id\":\"https:\/\/compuviper.mx\/tienda\/#website\"},\"datePublished\":\"2026-04-11T05:08:06+00:00\",\"dateModified\":\"2026-04-11T05:08:06+00:00\",\"description\":\"Compra Pexusb3s7 Tarjeta Pci Express De 7 Puertos Usb 3.0 Con Perfil Bajo O Completo - Mod. + Env\u00edo a domicilio + Pago seguro + Garant\u00eda\",\"breadcrumb\":{\"@id\":\"https:\/\/compuviper.mx\/tienda\/producto\/startech-com-pexusb3s7-tarjeta-pci-express-de-7-puertos-usb-3-0-con-perfil-bajo-o-completo-mod\/#breadcrumb\"},\"inLanguage\":\"es-MX\",\"potentialAction\":[{\"@type\":\"ReadAction\",\"target\":[\"https:\/\/compuviper.mx\/tienda\/producto\/startech-com-pexusb3s7-tarjeta-pci-express-de-7-puertos-usb-3-0-con-perfil-bajo-o-completo-mod\/\"]}]},{\"@type\":\"BreadcrumbList\",\"@id\":\"https:\/\/compuviper.mx\/tienda\/producto\/startech-com-pexusb3s7-tarjeta-pci-express-de-7-puertos-usb-3-0-con-perfil-bajo-o-completo-mod\/#breadcrumb\",\"itemListElement\":[{\"@type\":\"ListItem\",\"position\":1,\"name\":\"Inicio\",\"item\":\"https:\/\/compuviper.mx\/tienda\/\"},{\"@type\":\"ListItem\",\"position\":2,\"name\":\"Productos\",\"item\":\"https:\/\/compuviper.mx\/tienda\/productos\/\"},{\"@type\":\"ListItem\",\"position\":3,\"name\":\"Accesorios\",\"item\":\"https:\/\/compuviper.mx\/tienda\/categoria-producto\/accesorios\/\"},{\"@type\":\"ListItem\",\"position\":4,\"name\":\"Tarjetas De Puertos\",\"item\":\"https:\/\/compuviper.mx\/tienda\/categoria-producto\/accesorios\/tarjetas-de-puertos\/\"},{\"@type\":\"ListItem\",\"position\":5,\"name\":\"Startech.com Pexusb3s7 Tarjeta Pci Express De 7 Puertos Usb 3.0 Con Perfil Bajo O Completo &#8211; Mod.\"}]},{\"@type\":\"WebSite\",\"@id\":\"https:\/\/compuviper.mx\/tienda\/#website\",\"url\":\"https:\/\/compuviper.mx\/tienda\/\",\"name\":\"Compuviper\",\"description\":\"Proveedor de Computadoras, Laptops, Servidores, Monitores, Puntos de Venta, Teclados,   Impresoras, T\u00f3ner, C\u00e1maras de Seguridad y m\u00e1s en tu tienda en l\u00ednea\",\"publisher\":{\"@id\":\"https:\/\/compuviper.mx\/tienda\/#organization\"},\"potentialAction\":[{\"@type\":\"SearchAction\",\"target\":{\"@type\":\"EntryPoint\",\"urlTemplate\":\"https:\/\/compuviper.mx\/tienda\/?s={search_term_string}\"},\"query-input\":\"required name=search_term_string\"}],\"inLanguage\":\"es-MX\"},{\"@type\":\"Organization\",\"@id\":\"https:\/\/compuviper.mx\/tienda\/#organization\",\"name\":\"Compuviper\",\"url\":\"https:\/\/compuviper.mx\/tienda\/\",\"logo\":{\"@type\":\"ImageObject\",\"inLanguage\":\"es-MX\",\"@id\":\"https:\/\/compuviper.mx\/tienda\/#\/schema\/logo\/image\/\",\"url\":\"https:\/\/compuviper.mx\/tienda\/wp-content\/uploads\/2021\/08\/Logo-Compuviper-10.png\",\"contentUrl\":\"https:\/\/compuviper.mx\/tienda\/wp-content\/uploads\/2021\/08\/Logo-Compuviper-10.png\",\"width\":1000,\"height\":500,\"caption\":\"Compuviper\"},\"image\":{\"@id\":\"https:\/\/compuviper.mx\/tienda\/#\/schema\/logo\/image\/\"},\"sameAs\":[\"https:\/\/www.facebook.com\/compuviper\",\"https:\/\/www.youtube.com\/channel\/UCf73dERp9Y3cfOq7q8BhLjA?view_as=subscriber\"]}]}<\/script>\n<meta property=\"product:brand\" content=\"STARTECH.COM\" \/>\n<meta property=\"product:price:amount\" content=\"1510\" \/>\n<meta property=\"product:price:currency\" content=\"MXN\" \/>\n<meta property=\"og:availability\" content=\"out of stock\" \/>\n<meta property=\"product:availability\" content=\"out of stock\" \/>\n<meta property=\"product:retailer_item_id\" content=\"PEXUSB3S7\" \/>\n<meta property=\"product:condition\" content=\"new\" \/>\n<!-- \/ Yoast SEO plugin. -->","yoast_head_json":{"title":"[ Startech.com ] &#129351; Pexusb3s7 Tarjeta Pci Express De 7 Puertos Usb 3.0 Con Perfil Bajo O Completo - Mod.","description":"Compra Pexusb3s7 Tarjeta Pci Express De 7 Puertos Usb 3.0 Con Perfil Bajo O Completo - Mod. + Env\u00edo a domicilio + Pago seguro + Garant\u00eda","robots":{"index":"index","follow":"follow","max-snippet":"max-snippet:-1","max-image-preview":"max-image-preview:large","max-video-preview":"max-video-preview:-1"},"canonical":"https:\/\/compuviper.mx\/tienda\/producto\/startech-com-pexusb3s7-tarjeta-pci-express-de-7-puertos-usb-3-0-con-perfil-bajo-o-completo-mod\/","og_locale":"es_MX","og_type":"article","og_title":"[ Startech.com ] &#129351; Pexusb3s7 Tarjeta Pci Express De 7 Puertos Usb 3.0 Con Perfil Bajo O Completo - Mod.","og_description":"Compra Pexusb3s7 Tarjeta Pci Express De 7 Puertos Usb 3.0 Con Perfil Bajo O Completo - Mod. + Env\u00edo a domicilio + Pago seguro + Garant\u00eda","og_url":"https:\/\/compuviper.mx\/tienda\/producto\/startech-com-pexusb3s7-tarjeta-pci-express-de-7-puertos-usb-3-0-con-perfil-bajo-o-completo-mod\/","og_site_name":"Compuviper","article_publisher":"https:\/\/www.facebook.com\/compuviper","og_image":[{"width":200,"height":200,"url":"https:\/\/compuviper.mx\/tienda\/wp-content\/uploads\/2023\/02\/Tarjeta-pci-express-de-7-puertos-usb-3.0-con-perfil-bajo-o-completo-startech.com-mod.-pexusb3s7.jpg","type":"image\/jpeg"}],"twitter_card":"summary_large_image","twitter_misc":{"Precio":"&#36;1,510 con IVA","Availability":"Out of stock"},"schema":{"@context":"https:\/\/schema.org","@graph":[{"@type":"WebPage","@id":"https:\/\/compuviper.mx\/tienda\/producto\/startech-com-pexusb3s7-tarjeta-pci-express-de-7-puertos-usb-3-0-con-perfil-bajo-o-completo-mod\/","url":"https:\/\/compuviper.mx\/tienda\/producto\/startech-com-pexusb3s7-tarjeta-pci-express-de-7-puertos-usb-3-0-con-perfil-bajo-o-completo-mod\/","name":"[ Startech.com ] &#129351; Pexusb3s7 Tarjeta Pci Express De 7 Puertos Usb 3.0 Con Perfil Bajo O Completo - Mod.","isPartOf":{"@id":"https:\/\/compuviper.mx\/tienda\/#website"},"datePublished":"2026-04-11T05:08:06+00:00","dateModified":"2026-04-11T05:08:06+00:00","description":"Compra Pexusb3s7 Tarjeta Pci Express De 7 Puertos Usb 3.0 Con Perfil Bajo O Completo - Mod. + Env\u00edo a domicilio + Pago seguro + Garant\u00eda","breadcrumb":{"@id":"https:\/\/compuviper.mx\/tienda\/producto\/startech-com-pexusb3s7-tarjeta-pci-express-de-7-puertos-usb-3-0-con-perfil-bajo-o-completo-mod\/#breadcrumb"},"inLanguage":"es-MX","potentialAction":[{"@type":"ReadAction","target":["https:\/\/compuviper.mx\/tienda\/producto\/startech-com-pexusb3s7-tarjeta-pci-express-de-7-puertos-usb-3-0-con-perfil-bajo-o-completo-mod\/"]}]},{"@type":"BreadcrumbList","@id":"https:\/\/compuviper.mx\/tienda\/producto\/startech-com-pexusb3s7-tarjeta-pci-express-de-7-puertos-usb-3-0-con-perfil-bajo-o-completo-mod\/#breadcrumb","itemListElement":[{"@type":"ListItem","position":1,"name":"Inicio","item":"https:\/\/compuviper.mx\/tienda\/"},{"@type":"ListItem","position":2,"name":"Productos","item":"https:\/\/compuviper.mx\/tienda\/productos\/"},{"@type":"ListItem","position":3,"name":"Accesorios","item":"https:\/\/compuviper.mx\/tienda\/categoria-producto\/accesorios\/"},{"@type":"ListItem","position":4,"name":"Tarjetas De Puertos","item":"https:\/\/compuviper.mx\/tienda\/categoria-producto\/accesorios\/tarjetas-de-puertos\/"},{"@type":"ListItem","position":5,"name":"Startech.com Pexusb3s7 Tarjeta Pci Express De 7 Puertos Usb 3.0 Con Perfil Bajo O Completo &#8211; Mod."}]},{"@type":"WebSite","@id":"https:\/\/compuviper.mx\/tienda\/#website","url":"https:\/\/compuviper.mx\/tienda\/","name":"Compuviper","description":"Proveedor de Computadoras, Laptops, Servidores, Monitores, Puntos de Venta, Teclados,   Impresoras, T\u00f3ner, C\u00e1maras de Seguridad y m\u00e1s en tu tienda en l\u00ednea","publisher":{"@id":"https:\/\/compuviper.mx\/tienda\/#organization"},"potentialAction":[{"@type":"SearchAction","target":{"@type":"EntryPoint","urlTemplate":"https:\/\/compuviper.mx\/tienda\/?s={search_term_string}"},"query-input":"required name=search_term_string"}],"inLanguage":"es-MX"},{"@type":"Organization","@id":"https:\/\/compuviper.mx\/tienda\/#organization","name":"Compuviper","url":"https:\/\/compuviper.mx\/tienda\/","logo":{"@type":"ImageObject","inLanguage":"es-MX","@id":"https:\/\/compuviper.mx\/tienda\/#\/schema\/logo\/image\/","url":"https:\/\/compuviper.mx\/tienda\/wp-content\/uploads\/2021\/08\/Logo-Compuviper-10.png","contentUrl":"https:\/\/compuviper.mx\/tienda\/wp-content\/uploads\/2021\/08\/Logo-Compuviper-10.png","width":1000,"height":500,"caption":"Compuviper"},"image":{"@id":"https:\/\/compuviper.mx\/tienda\/#\/schema\/logo\/image\/"},"sameAs":["https:\/\/www.facebook.com\/compuviper","https:\/\/www.youtube.com\/channel\/UCf73dERp9Y3cfOq7q8BhLjA?view_as=subscriber"]}]},"product_brand":"STARTECH.COM","product_price_amount":"1510","product_price_currency":"MXN","og_availability":"out of stock","product_availability":"out of stock","product_retailer_item_id":"PEXUSB3S7","product_condition":"new"},"_links":{"self":[{"href":"https:\/\/compuviper.mx\/tienda\/wp-json\/wp\/v2\/product\/162015"}],"collection":[{"href":"https:\/\/compuviper.mx\/tienda\/wp-json\/wp\/v2\/product"}],"about":[{"href":"https:\/\/compuviper.mx\/tienda\/wp-json\/wp\/v2\/types\/product"}],"replies":[{"embeddable":true,"href":"https:\/\/compuviper.mx\/tienda\/wp-json\/wp\/v2\/comments?post=162015"}],"wp:featuredmedia":[{"embeddable":true,"href":"https:\/\/compuviper.mx\/tienda\/wp-json\/wp\/v2\/media\/164410"}],"wp:attachment":[{"href":"https:\/\/compuviper.mx\/tienda\/wp-json\/wp\/v2\/media?parent=162015"}],"wp:term":[{"taxonomy":"product_cat","embeddable":true,"href":"https:\/\/compuviper.mx\/tienda\/wp-json\/wp\/v2\/product_cat?post=162015"},{"taxonomy":"product_tag","embeddable":true,"href":"https:\/\/compuviper.mx\/tienda\/wp-json\/wp\/v2\/product_tag?post=162015"}],"curies":[{"name":"wp","href":"https:\/\/api.w.org\/{rel}","templated":true}]}}