{"id":161474,"date":"2026-04-07T23:08:48","date_gmt":"2026-04-08T05:08:48","guid":{"rendered":"https:\/\/compuviper.mx\/tienda\/producto\/targus-asp61la-cable-de-seguridad-t-lock-resettable-combo-cable-lock-color-negro\/"},"modified":"2026-04-07T23:08:48","modified_gmt":"2026-04-08T05:08:48","slug":"targus-asp61la-candado-de-seguridad-t-lock-resettable-combo-cable-lock-color-negro","status":"publish","type":"product","link":"https:\/\/compuviper.mx\/tienda\/producto\/targus-asp61la-candado-de-seguridad-t-lock-resettable-combo-cable-lock-color-negro\/","title":{"rendered":"Targus Asp61la Candado De Seguridad   T-lock Resettable Combo Cable Lock Color Negro"},"content":{"rendered":"<table class=\"descripcion\">\n<tr>\n<td>Cable de seguridad  targus asp61la t-lock resettable combo cable lock color negro o proteja su computadora portatil y sus valiosos datos con este producto de seguridad asequible: el candado combinado con cable reiniciable targus defcon\u00ae t-lock.\u00a0el candado es de 6,5 pies de cable de acero galvanizado, recubierto de vinilo y resistente a cortes que se enrolla alrededor de cualquier objeto seguro y se conecta facilmente a la ranura de candado de su computadora portatil.\u00a0nuestro candado de cable combinado reiniciable t-lock defcon\u00ae cuenta con un candado de combinacion configurable por el usuario con hasta 10,000 configuraciones posibles.<\/td>\n<\/tr>\n<\/table>\n","protected":false},"excerpt":{"rendered":"<p>Cable de seguridad  targus asp61la t-lock resettable combo cable lock color negro  se conecta a la ranura de bloqueo de la computadora portatil,compatible con las ranuras de bloqueo kensington\u00ae t-bar\u0099,el codigo de 4 digitos reiniciable proporciona hasta 10.000 codigos,evite el robo de dispositivos portatiles mediante el uso de un candado de cable de acero duradero que se enrolla y asegura facilmente en cualquier ranura para candados de portatiles.<\/p>\n","protected":false},"featured_media":164370,"comment_status":"open","ping_status":"open","template":"","meta":[],"product_cat":[1485,1515],"product_tag":[2159],"acf":[],"yoast_head":"<!-- This site is optimized with the Yoast SEO plugin v21.7 - https:\/\/yoast.com\/wordpress\/plugins\/seo\/ -->\n<title>[ Targus ] &#129351; Asp61la Candado De Seguridad T-lock Resettable Combo Cable Lock Color Negro<\/title>\n<meta name=\"description\" content=\"Compra Asp61la Candado De Seguridad T-lock Resettable Combo Cable Lock Color Negro + Env\u00edo a domicilio + Pago seguro + Garant\u00eda\" \/>\n<meta name=\"robots\" content=\"index, follow, max-snippet:-1, max-image-preview:large, max-video-preview:-1\" \/>\n<link rel=\"canonical\" href=\"https:\/\/compuviper.mx\/tienda\/producto\/targus-asp61la-candado-de-seguridad-t-lock-resettable-combo-cable-lock-color-negro\/\" \/>\n<meta property=\"og:locale\" content=\"es_MX\" \/>\n<meta property=\"og:type\" content=\"article\" \/>\n<meta property=\"og:title\" content=\"[ Targus ] &#129351; Asp61la Candado De Seguridad T-lock Resettable Combo Cable Lock Color Negro\" \/>\n<meta property=\"og:description\" content=\"Compra Asp61la Candado De Seguridad T-lock Resettable Combo Cable Lock Color Negro + Env\u00edo a domicilio + Pago seguro + Garant\u00eda\" \/>\n<meta property=\"og:url\" content=\"https:\/\/compuviper.mx\/tienda\/producto\/targus-asp61la-candado-de-seguridad-t-lock-resettable-combo-cable-lock-color-negro\/\" \/>\n<meta property=\"og:site_name\" content=\"Compuviper\" \/>\n<meta property=\"article:publisher\" content=\"https:\/\/www.facebook.com\/compuviper\" \/>\n<meta property=\"og:image\" content=\"https:\/\/compuviper.mx\/tienda\/wp-content\/uploads\/2023\/02\/Cable-de-seguridad-targus-asp61la-t-lock-resettable-combo-cable-lock-color-negro.jpg\" \/>\n\t<meta property=\"og:image:width\" content=\"200\" \/>\n\t<meta property=\"og:image:height\" content=\"200\" \/>\n\t<meta property=\"og:image:type\" content=\"image\/jpeg\" \/>\n<meta name=\"twitter:card\" content=\"summary_large_image\" \/>\n<meta name=\"twitter:label1\" content=\"Precio\" \/>\n\t<meta name=\"twitter:data1\" content=\"&#36;220 con IVA\" \/>\n\t<meta name=\"twitter:label2\" content=\"Availability\" \/>\n\t<meta name=\"twitter:data2\" content=\"In stock\" \/>\n<script type=\"application\/ld+json\" class=\"yoast-schema-graph\">{\"@context\":\"https:\/\/schema.org\",\"@graph\":[{\"@type\":\"WebPage\",\"@id\":\"https:\/\/compuviper.mx\/tienda\/producto\/targus-asp61la-candado-de-seguridad-t-lock-resettable-combo-cable-lock-color-negro\/\",\"url\":\"https:\/\/compuviper.mx\/tienda\/producto\/targus-asp61la-candado-de-seguridad-t-lock-resettable-combo-cable-lock-color-negro\/\",\"name\":\"[ Targus ] &#129351; Asp61la Candado De Seguridad T-lock Resettable Combo Cable Lock Color Negro\",\"isPartOf\":{\"@id\":\"https:\/\/compuviper.mx\/tienda\/#website\"},\"datePublished\":\"2026-04-08T05:08:48+00:00\",\"dateModified\":\"2026-04-08T05:08:48+00:00\",\"description\":\"Compra Asp61la Candado De Seguridad T-lock Resettable Combo Cable Lock Color Negro + Env\u00edo a domicilio + Pago seguro + Garant\u00eda\",\"breadcrumb\":{\"@id\":\"https:\/\/compuviper.mx\/tienda\/producto\/targus-asp61la-candado-de-seguridad-t-lock-resettable-combo-cable-lock-color-negro\/#breadcrumb\"},\"inLanguage\":\"es-MX\",\"potentialAction\":[{\"@type\":\"ReadAction\",\"target\":[\"https:\/\/compuviper.mx\/tienda\/producto\/targus-asp61la-candado-de-seguridad-t-lock-resettable-combo-cable-lock-color-negro\/\"]}]},{\"@type\":\"BreadcrumbList\",\"@id\":\"https:\/\/compuviper.mx\/tienda\/producto\/targus-asp61la-candado-de-seguridad-t-lock-resettable-combo-cable-lock-color-negro\/#breadcrumb\",\"itemListElement\":[{\"@type\":\"ListItem\",\"position\":1,\"name\":\"Inicio\",\"item\":\"https:\/\/compuviper.mx\/tienda\/\"},{\"@type\":\"ListItem\",\"position\":2,\"name\":\"Productos\",\"item\":\"https:\/\/compuviper.mx\/tienda\/productos\/\"},{\"@type\":\"ListItem\",\"position\":3,\"name\":\"Accesorios\",\"item\":\"https:\/\/compuviper.mx\/tienda\/categoria-producto\/accesorios\/\"},{\"@type\":\"ListItem\",\"position\":4,\"name\":\"Seguridad\",\"item\":\"https:\/\/compuviper.mx\/tienda\/categoria-producto\/accesorios\/seguridad\/\"},{\"@type\":\"ListItem\",\"position\":5,\"name\":\"Targus Asp61la Candado De Seguridad T-lock Resettable Combo Cable Lock Color Negro\"}]},{\"@type\":\"WebSite\",\"@id\":\"https:\/\/compuviper.mx\/tienda\/#website\",\"url\":\"https:\/\/compuviper.mx\/tienda\/\",\"name\":\"Compuviper\",\"description\":\"Proveedor de Computadoras, Laptops, Servidores, Monitores, Puntos de Venta, Teclados,   Impresoras, T\u00f3ner, C\u00e1maras de Seguridad y m\u00e1s en tu tienda en l\u00ednea\",\"publisher\":{\"@id\":\"https:\/\/compuviper.mx\/tienda\/#organization\"},\"potentialAction\":[{\"@type\":\"SearchAction\",\"target\":{\"@type\":\"EntryPoint\",\"urlTemplate\":\"https:\/\/compuviper.mx\/tienda\/?s={search_term_string}\"},\"query-input\":\"required name=search_term_string\"}],\"inLanguage\":\"es-MX\"},{\"@type\":\"Organization\",\"@id\":\"https:\/\/compuviper.mx\/tienda\/#organization\",\"name\":\"Compuviper\",\"url\":\"https:\/\/compuviper.mx\/tienda\/\",\"logo\":{\"@type\":\"ImageObject\",\"inLanguage\":\"es-MX\",\"@id\":\"https:\/\/compuviper.mx\/tienda\/#\/schema\/logo\/image\/\",\"url\":\"https:\/\/compuviper.mx\/tienda\/wp-content\/uploads\/2021\/08\/Logo-Compuviper-10.png\",\"contentUrl\":\"https:\/\/compuviper.mx\/tienda\/wp-content\/uploads\/2021\/08\/Logo-Compuviper-10.png\",\"width\":1000,\"height\":500,\"caption\":\"Compuviper\"},\"image\":{\"@id\":\"https:\/\/compuviper.mx\/tienda\/#\/schema\/logo\/image\/\"},\"sameAs\":[\"https:\/\/www.facebook.com\/compuviper\",\"https:\/\/www.youtube.com\/channel\/UCf73dERp9Y3cfOq7q8BhLjA?view_as=subscriber\"]}]}<\/script>\n<meta property=\"product:brand\" content=\"Targus\" \/>\n<meta property=\"product:price:amount\" content=\"220\" \/>\n<meta property=\"product:price:currency\" content=\"MXN\" \/>\n<meta property=\"og:availability\" content=\"instock\" \/>\n<meta property=\"product:availability\" content=\"instock\" \/>\n<meta property=\"product:retailer_item_id\" content=\"ASP61LA\" \/>\n<meta property=\"product:condition\" content=\"new\" \/>\n<!-- \/ Yoast SEO plugin. -->","yoast_head_json":{"title":"[ Targus ] &#129351; Asp61la Candado De Seguridad T-lock Resettable Combo Cable Lock Color Negro","description":"Compra Asp61la Candado De Seguridad T-lock Resettable Combo Cable Lock Color Negro + Env\u00edo a domicilio + Pago seguro + Garant\u00eda","robots":{"index":"index","follow":"follow","max-snippet":"max-snippet:-1","max-image-preview":"max-image-preview:large","max-video-preview":"max-video-preview:-1"},"canonical":"https:\/\/compuviper.mx\/tienda\/producto\/targus-asp61la-candado-de-seguridad-t-lock-resettable-combo-cable-lock-color-negro\/","og_locale":"es_MX","og_type":"article","og_title":"[ Targus ] &#129351; Asp61la Candado De Seguridad T-lock Resettable Combo Cable Lock Color Negro","og_description":"Compra Asp61la Candado De Seguridad T-lock Resettable Combo Cable Lock Color Negro + Env\u00edo a domicilio + Pago seguro + Garant\u00eda","og_url":"https:\/\/compuviper.mx\/tienda\/producto\/targus-asp61la-candado-de-seguridad-t-lock-resettable-combo-cable-lock-color-negro\/","og_site_name":"Compuviper","article_publisher":"https:\/\/www.facebook.com\/compuviper","og_image":[{"width":200,"height":200,"url":"https:\/\/compuviper.mx\/tienda\/wp-content\/uploads\/2023\/02\/Cable-de-seguridad-targus-asp61la-t-lock-resettable-combo-cable-lock-color-negro.jpg","type":"image\/jpeg"}],"twitter_card":"summary_large_image","twitter_misc":{"Precio":"&#36;220 con IVA","Availability":"In stock"},"schema":{"@context":"https:\/\/schema.org","@graph":[{"@type":"WebPage","@id":"https:\/\/compuviper.mx\/tienda\/producto\/targus-asp61la-candado-de-seguridad-t-lock-resettable-combo-cable-lock-color-negro\/","url":"https:\/\/compuviper.mx\/tienda\/producto\/targus-asp61la-candado-de-seguridad-t-lock-resettable-combo-cable-lock-color-negro\/","name":"[ Targus ] &#129351; Asp61la Candado De Seguridad T-lock Resettable Combo Cable Lock Color Negro","isPartOf":{"@id":"https:\/\/compuviper.mx\/tienda\/#website"},"datePublished":"2026-04-08T05:08:48+00:00","dateModified":"2026-04-08T05:08:48+00:00","description":"Compra Asp61la Candado De Seguridad T-lock Resettable Combo Cable Lock Color Negro + Env\u00edo a domicilio + Pago seguro + Garant\u00eda","breadcrumb":{"@id":"https:\/\/compuviper.mx\/tienda\/producto\/targus-asp61la-candado-de-seguridad-t-lock-resettable-combo-cable-lock-color-negro\/#breadcrumb"},"inLanguage":"es-MX","potentialAction":[{"@type":"ReadAction","target":["https:\/\/compuviper.mx\/tienda\/producto\/targus-asp61la-candado-de-seguridad-t-lock-resettable-combo-cable-lock-color-negro\/"]}]},{"@type":"BreadcrumbList","@id":"https:\/\/compuviper.mx\/tienda\/producto\/targus-asp61la-candado-de-seguridad-t-lock-resettable-combo-cable-lock-color-negro\/#breadcrumb","itemListElement":[{"@type":"ListItem","position":1,"name":"Inicio","item":"https:\/\/compuviper.mx\/tienda\/"},{"@type":"ListItem","position":2,"name":"Productos","item":"https:\/\/compuviper.mx\/tienda\/productos\/"},{"@type":"ListItem","position":3,"name":"Accesorios","item":"https:\/\/compuviper.mx\/tienda\/categoria-producto\/accesorios\/"},{"@type":"ListItem","position":4,"name":"Seguridad","item":"https:\/\/compuviper.mx\/tienda\/categoria-producto\/accesorios\/seguridad\/"},{"@type":"ListItem","position":5,"name":"Targus Asp61la Candado De Seguridad T-lock Resettable Combo Cable Lock Color Negro"}]},{"@type":"WebSite","@id":"https:\/\/compuviper.mx\/tienda\/#website","url":"https:\/\/compuviper.mx\/tienda\/","name":"Compuviper","description":"Proveedor de Computadoras, Laptops, Servidores, Monitores, Puntos de Venta, Teclados,   Impresoras, T\u00f3ner, C\u00e1maras de Seguridad y m\u00e1s en tu tienda en l\u00ednea","publisher":{"@id":"https:\/\/compuviper.mx\/tienda\/#organization"},"potentialAction":[{"@type":"SearchAction","target":{"@type":"EntryPoint","urlTemplate":"https:\/\/compuviper.mx\/tienda\/?s={search_term_string}"},"query-input":"required name=search_term_string"}],"inLanguage":"es-MX"},{"@type":"Organization","@id":"https:\/\/compuviper.mx\/tienda\/#organization","name":"Compuviper","url":"https:\/\/compuviper.mx\/tienda\/","logo":{"@type":"ImageObject","inLanguage":"es-MX","@id":"https:\/\/compuviper.mx\/tienda\/#\/schema\/logo\/image\/","url":"https:\/\/compuviper.mx\/tienda\/wp-content\/uploads\/2021\/08\/Logo-Compuviper-10.png","contentUrl":"https:\/\/compuviper.mx\/tienda\/wp-content\/uploads\/2021\/08\/Logo-Compuviper-10.png","width":1000,"height":500,"caption":"Compuviper"},"image":{"@id":"https:\/\/compuviper.mx\/tienda\/#\/schema\/logo\/image\/"},"sameAs":["https:\/\/www.facebook.com\/compuviper","https:\/\/www.youtube.com\/channel\/UCf73dERp9Y3cfOq7q8BhLjA?view_as=subscriber"]}]},"product_brand":"Targus","product_price_amount":"220","product_price_currency":"MXN","og_availability":"instock","product_availability":"instock","product_retailer_item_id":"ASP61LA","product_condition":"new"},"_links":{"self":[{"href":"https:\/\/compuviper.mx\/tienda\/wp-json\/wp\/v2\/product\/161474"}],"collection":[{"href":"https:\/\/compuviper.mx\/tienda\/wp-json\/wp\/v2\/product"}],"about":[{"href":"https:\/\/compuviper.mx\/tienda\/wp-json\/wp\/v2\/types\/product"}],"replies":[{"embeddable":true,"href":"https:\/\/compuviper.mx\/tienda\/wp-json\/wp\/v2\/comments?post=161474"}],"wp:featuredmedia":[{"embeddable":true,"href":"https:\/\/compuviper.mx\/tienda\/wp-json\/wp\/v2\/media\/164370"}],"wp:attachment":[{"href":"https:\/\/compuviper.mx\/tienda\/wp-json\/wp\/v2\/media?parent=161474"}],"wp:term":[{"taxonomy":"product_cat","embeddable":true,"href":"https:\/\/compuviper.mx\/tienda\/wp-json\/wp\/v2\/product_cat?post=161474"},{"taxonomy":"product_tag","embeddable":true,"href":"https:\/\/compuviper.mx\/tienda\/wp-json\/wp\/v2\/product_tag?post=161474"}],"curies":[{"name":"wp","href":"https:\/\/api.w.org\/{rel}","templated":true}]}}