{"id":161387,"date":"2026-04-06T23:08:01","date_gmt":"2026-04-07T05:08:01","guid":{"rendered":"https:\/\/compuviper.mx\/tienda\/producto\/startech-com-hd202a-divisor-de-audio-y-video-hdmi-4k-60hz-hdr-extractor-de-audio-rca-mod\/"},"modified":"2026-04-06T23:08:02","modified_gmt":"2026-04-07T05:08:02","slug":"startech-com-hd202a-divisor-de-audio-y-video-hdmi-4k-60hz-hdr-extractor-de-audio-rca-mod","status":"publish","type":"product","link":"https:\/\/compuviper.mx\/tienda\/producto\/startech-com-hd202a-divisor-de-audio-y-video-hdmi-4k-60hz-hdr-extractor-de-audio-rca-mod\/","title":{"rendered":"Startech.com Hd202a Divisor De Audio Y Video Hdmi 4k 60hz &#8211; Hdr &#8211; Extractor De Audio &#8211; Rca &#8211;  Mod."},"content":{"rendered":"<table class=\"descripcion\">\n<tr>\n<td>Nota: hd202a no es compatible con el uso de monitores dvi.<\/td>\n<\/tr>\n<tr>\n<td>Entrada a\/v: hdmi<\/td>\n<\/tr>\n<tr>\n<td>Salida a\/v: entrada de audio de 3,5mm<\/td>\n<\/tr>\n<tr>\n<td>Salida a\/v: hdmi<\/td>\n<\/tr>\n<tr>\n<td>Soporte de audio: si<\/td>\n<\/tr>\n<tr>\n<td>Resolucion digital maxima: 4096 x 2160 (4k) @ 60hz<\/td>\n<\/tr>\n<tr>\n<td>Resoluciones admitidas: 4096 x 2160 (4k) 60hz<\/td>\n<\/tr>\n<tr>\n<td>3840&#215;2160 (4k) 60hz<\/td>\n<\/tr>\n<tr>\n<td>2560&#215;1600 60hz<\/td>\n<\/tr>\n<tr>\n<td>1920&#215;1200 60hz<\/td>\n<\/tr>\n<tr>\n<td>1920&#215;1080 (1080p) 60hz<\/td>\n<\/tr>\n<tr>\n<td>1280&#215;720 (720p) 60hz<\/td>\n<\/tr>\n<tr>\n<td>**tambi\u00e9n se pueden admitir resoluciones y frecuencias de actualizaci\u00f3n m\u00e1s bajas<\/td>\n<\/tr>\n<tr>\n<td>Especificaciones de audio:<\/td>\n<\/tr>\n<tr>\n<td>Pantalla plana soportada: si<\/td>\n<\/tr>\n<tr>\n<td>Conector a: 1 hdmi (19 pines)<\/td>\n<\/tr>\n<tr>\n<td>Conector b: 1 hdmi (19 pines)<\/td>\n<\/tr>\n<tr>\n<td>Conector b: 1 rca<\/td>\n<\/tr>\n<tr>\n<td>Conector b: 1 toslink (spdif, fibra optica)<\/td>\n<\/tr>\n<tr>\n<td>Adaptador de corriente incluido: adaptador de alimentacion de ca incluido<\/td>\n<\/tr>\n<tr>\n<td>Tension de entrada: 100 &#8211; 240 ac<\/td>\n<\/tr>\n<tr>\n<td>Corriente de entrada: 0.4 a a<\/td>\n<\/tr>\n<tr>\n<td>Tension de salida: 5 dc v<\/td>\n<\/tr>\n<tr>\n<td>Alimentacion de salida: 1000 ma a<\/td>\n<\/tr>\n<tr>\n<td>Tipo de enchufe: m<\/td>\n<\/tr>\n<tr>\n<td>Color: negro<\/td>\n<\/tr>\n<tr>\n<td>Tipo de gabinete: aluminio<\/td>\n<\/tr>\n<tr>\n<td>Longitud del producto: 90.000 mm<\/td>\n<\/tr>\n<tr>\n<td>Ancho del producto: 80.000 mm<\/td>\n<\/tr>\n<tr>\n<td>Altura del producto: 22.000 mm<\/td>\n<\/tr>\n<tr>\n<td>Peso del producto: 208.000 g<\/td>\n<\/tr>\n<\/table>\n","protected":false},"excerpt":{"rendered":"<p>Este extractor de audio 4k hdmi le permite separar el audio de sus transmisiones de video hdmi, a fin de crear una salida de audio distinta que se puede conectar directamente a un dispositivo de audio digital o analogo. Compatible con las especificaciones hdmi 2.0, el divisor mantiene resoluciones 4k 60hz para ofrecer una experiencia impecable de video. Rendimiento de video 4k el divisor de sonido hdmi es compatible con resoluciones de hasta 4k a 60hz (3840 x 2160) y un alto rango de ancho de banda de hasta 18gbps. Compatible con pass-through de video hdr (high dynamic range, alto rango dinamico), le permite disfrutar de imagenes vividas con contraste, brillo y colores increibles, asi como mayor luminosidad que las imagenes digitales convencionales. Maxima compatibilidad integre de forma facil sus dispositivos hdmi 2.0, como su nuevo reproductor blu-ray 4k, con su equipo de audio existente o bocinas de una computadora de escritorio.<\/p>\n","protected":false},"featured_media":164363,"comment_status":"open","ping_status":"open","template":"","meta":[],"product_cat":[1485,1506],"product_tag":[1590],"acf":[],"yoast_head":"<!-- This site is optimized with the Yoast SEO plugin v21.7 - https:\/\/yoast.com\/wordpress\/plugins\/seo\/ -->\n<title>[ Startech.com ] &#129351; Hd202a Divisor De Audio Y Video Hdmi 4k 60hz - Hdr - Extractor De Audio - Rca - Mod.<\/title>\n<meta name=\"description\" content=\"Compra Hd202a Divisor De Audio Y Video Hdmi 4k 60hz - Hdr - Extractor De Audio - Rca - Mod. + Env\u00edo a domicilio + Pago seguro + Garant\u00eda\" \/>\n<meta name=\"robots\" content=\"index, follow, max-snippet:-1, max-image-preview:large, max-video-preview:-1\" \/>\n<link rel=\"canonical\" href=\"https:\/\/compuviper.mx\/tienda\/producto\/startech-com-hd202a-divisor-de-audio-y-video-hdmi-4k-60hz-hdr-extractor-de-audio-rca-mod\/\" \/>\n<meta property=\"og:locale\" content=\"es_MX\" \/>\n<meta property=\"og:type\" content=\"article\" \/>\n<meta property=\"og:title\" content=\"[ Startech.com ] &#129351; Hd202a Divisor De Audio Y Video Hdmi 4k 60hz - Hdr - Extractor De Audio - Rca - Mod.\" \/>\n<meta property=\"og:description\" content=\"Compra Hd202a Divisor De Audio Y Video Hdmi 4k 60hz - Hdr - Extractor De Audio - Rca - Mod. + Env\u00edo a domicilio + Pago seguro + Garant\u00eda\" \/>\n<meta property=\"og:url\" content=\"https:\/\/compuviper.mx\/tienda\/producto\/startech-com-hd202a-divisor-de-audio-y-video-hdmi-4k-60hz-hdr-extractor-de-audio-rca-mod\/\" \/>\n<meta property=\"og:site_name\" content=\"Compuviper\" \/>\n<meta property=\"article:publisher\" content=\"https:\/\/www.facebook.com\/compuviper\" \/>\n<meta property=\"article:modified_time\" content=\"2026-04-07T05:08:02+00:00\" \/>\n<meta property=\"og:image\" content=\"https:\/\/compuviper.mx\/tienda\/wp-content\/uploads\/2023\/02\/Divisor-de-audio-y-video-hdmi-4k-60hz-hdr-extractor-de-audio-rca-startech.com-mod.-hd202a.jpg\" \/>\n\t<meta property=\"og:image:width\" content=\"200\" \/>\n\t<meta property=\"og:image:height\" content=\"200\" \/>\n\t<meta property=\"og:image:type\" content=\"image\/jpeg\" \/>\n<meta name=\"twitter:card\" content=\"summary_large_image\" \/>\n<meta name=\"twitter:label1\" content=\"Precio\" \/>\n\t<meta name=\"twitter:data1\" content=\"&#36;1,523 con IVA\" \/>\n\t<meta name=\"twitter:label2\" content=\"Availability\" \/>\n\t<meta name=\"twitter:data2\" content=\"Out of stock\" \/>\n<script type=\"application\/ld+json\" class=\"yoast-schema-graph\">{\"@context\":\"https:\/\/schema.org\",\"@graph\":[{\"@type\":\"WebPage\",\"@id\":\"https:\/\/compuviper.mx\/tienda\/producto\/startech-com-hd202a-divisor-de-audio-y-video-hdmi-4k-60hz-hdr-extractor-de-audio-rca-mod\/\",\"url\":\"https:\/\/compuviper.mx\/tienda\/producto\/startech-com-hd202a-divisor-de-audio-y-video-hdmi-4k-60hz-hdr-extractor-de-audio-rca-mod\/\",\"name\":\"[ Startech.com ] &#129351; Hd202a Divisor De Audio Y Video Hdmi 4k 60hz - Hdr - Extractor De Audio - Rca - Mod.\",\"isPartOf\":{\"@id\":\"https:\/\/compuviper.mx\/tienda\/#website\"},\"datePublished\":\"2026-04-07T05:08:01+00:00\",\"dateModified\":\"2026-04-07T05:08:02+00:00\",\"description\":\"Compra Hd202a Divisor De Audio Y Video Hdmi 4k 60hz - Hdr - Extractor De Audio - Rca - Mod. + Env\u00edo a domicilio + Pago seguro + Garant\u00eda\",\"breadcrumb\":{\"@id\":\"https:\/\/compuviper.mx\/tienda\/producto\/startech-com-hd202a-divisor-de-audio-y-video-hdmi-4k-60hz-hdr-extractor-de-audio-rca-mod\/#breadcrumb\"},\"inLanguage\":\"es-MX\",\"potentialAction\":[{\"@type\":\"ReadAction\",\"target\":[\"https:\/\/compuviper.mx\/tienda\/producto\/startech-com-hd202a-divisor-de-audio-y-video-hdmi-4k-60hz-hdr-extractor-de-audio-rca-mod\/\"]}]},{\"@type\":\"BreadcrumbList\",\"@id\":\"https:\/\/compuviper.mx\/tienda\/producto\/startech-com-hd202a-divisor-de-audio-y-video-hdmi-4k-60hz-hdr-extractor-de-audio-rca-mod\/#breadcrumb\",\"itemListElement\":[{\"@type\":\"ListItem\",\"position\":1,\"name\":\"Inicio\",\"item\":\"https:\/\/compuviper.mx\/tienda\/\"},{\"@type\":\"ListItem\",\"position\":2,\"name\":\"Productos\",\"item\":\"https:\/\/compuviper.mx\/tienda\/productos\/\"},{\"@type\":\"ListItem\",\"position\":3,\"name\":\"Accesorios\",\"item\":\"https:\/\/compuviper.mx\/tienda\/categoria-producto\/accesorios\/\"},{\"@type\":\"ListItem\",\"position\":4,\"name\":\"Conectividad\",\"item\":\"https:\/\/compuviper.mx\/tienda\/categoria-producto\/accesorios\/conectividad\/\"},{\"@type\":\"ListItem\",\"position\":5,\"name\":\"Startech.com Hd202a Divisor De Audio Y Video Hdmi 4k 60hz &#8211; Hdr &#8211; Extractor De Audio &#8211; Rca &#8211; Mod.\"}]},{\"@type\":\"WebSite\",\"@id\":\"https:\/\/compuviper.mx\/tienda\/#website\",\"url\":\"https:\/\/compuviper.mx\/tienda\/\",\"name\":\"Compuviper\",\"description\":\"Proveedor de Computadoras, Laptops, Servidores, Monitores, Puntos de Venta, Teclados,   Impresoras, T\u00f3ner, C\u00e1maras de Seguridad y m\u00e1s en tu tienda en l\u00ednea\",\"publisher\":{\"@id\":\"https:\/\/compuviper.mx\/tienda\/#organization\"},\"potentialAction\":[{\"@type\":\"SearchAction\",\"target\":{\"@type\":\"EntryPoint\",\"urlTemplate\":\"https:\/\/compuviper.mx\/tienda\/?s={search_term_string}\"},\"query-input\":\"required name=search_term_string\"}],\"inLanguage\":\"es-MX\"},{\"@type\":\"Organization\",\"@id\":\"https:\/\/compuviper.mx\/tienda\/#organization\",\"name\":\"Compuviper\",\"url\":\"https:\/\/compuviper.mx\/tienda\/\",\"logo\":{\"@type\":\"ImageObject\",\"inLanguage\":\"es-MX\",\"@id\":\"https:\/\/compuviper.mx\/tienda\/#\/schema\/logo\/image\/\",\"url\":\"https:\/\/compuviper.mx\/tienda\/wp-content\/uploads\/2021\/08\/Logo-Compuviper-10.png\",\"contentUrl\":\"https:\/\/compuviper.mx\/tienda\/wp-content\/uploads\/2021\/08\/Logo-Compuviper-10.png\",\"width\":1000,\"height\":500,\"caption\":\"Compuviper\"},\"image\":{\"@id\":\"https:\/\/compuviper.mx\/tienda\/#\/schema\/logo\/image\/\"},\"sameAs\":[\"https:\/\/www.facebook.com\/compuviper\",\"https:\/\/www.youtube.com\/channel\/UCf73dERp9Y3cfOq7q8BhLjA?view_as=subscriber\"]}]}<\/script>\n<meta property=\"product:brand\" content=\"STARTECH.COM\" \/>\n<meta property=\"product:price:amount\" content=\"1523\" \/>\n<meta property=\"product:price:currency\" content=\"MXN\" \/>\n<meta property=\"og:availability\" content=\"out of stock\" \/>\n<meta property=\"product:availability\" content=\"out of stock\" \/>\n<meta property=\"product:retailer_item_id\" content=\"HD202A\" \/>\n<meta property=\"product:condition\" content=\"new\" \/>\n<!-- \/ Yoast SEO plugin. -->","yoast_head_json":{"title":"[ Startech.com ] &#129351; Hd202a Divisor De Audio Y Video Hdmi 4k 60hz - Hdr - Extractor De Audio - Rca - Mod.","description":"Compra Hd202a Divisor De Audio Y Video Hdmi 4k 60hz - Hdr - Extractor De Audio - Rca - Mod. + Env\u00edo a domicilio + Pago seguro + Garant\u00eda","robots":{"index":"index","follow":"follow","max-snippet":"max-snippet:-1","max-image-preview":"max-image-preview:large","max-video-preview":"max-video-preview:-1"},"canonical":"https:\/\/compuviper.mx\/tienda\/producto\/startech-com-hd202a-divisor-de-audio-y-video-hdmi-4k-60hz-hdr-extractor-de-audio-rca-mod\/","og_locale":"es_MX","og_type":"article","og_title":"[ Startech.com ] &#129351; Hd202a Divisor De Audio Y Video Hdmi 4k 60hz - Hdr - Extractor De Audio - Rca - Mod.","og_description":"Compra Hd202a Divisor De Audio Y Video Hdmi 4k 60hz - Hdr - Extractor De Audio - Rca - Mod. + Env\u00edo a domicilio + Pago seguro + Garant\u00eda","og_url":"https:\/\/compuviper.mx\/tienda\/producto\/startech-com-hd202a-divisor-de-audio-y-video-hdmi-4k-60hz-hdr-extractor-de-audio-rca-mod\/","og_site_name":"Compuviper","article_publisher":"https:\/\/www.facebook.com\/compuviper","article_modified_time":"2026-04-07T05:08:02+00:00","og_image":[{"width":200,"height":200,"url":"https:\/\/compuviper.mx\/tienda\/wp-content\/uploads\/2023\/02\/Divisor-de-audio-y-video-hdmi-4k-60hz-hdr-extractor-de-audio-rca-startech.com-mod.-hd202a.jpg","type":"image\/jpeg"}],"twitter_card":"summary_large_image","twitter_misc":{"Precio":"&#36;1,523 con IVA","Availability":"Out of stock"},"schema":{"@context":"https:\/\/schema.org","@graph":[{"@type":"WebPage","@id":"https:\/\/compuviper.mx\/tienda\/producto\/startech-com-hd202a-divisor-de-audio-y-video-hdmi-4k-60hz-hdr-extractor-de-audio-rca-mod\/","url":"https:\/\/compuviper.mx\/tienda\/producto\/startech-com-hd202a-divisor-de-audio-y-video-hdmi-4k-60hz-hdr-extractor-de-audio-rca-mod\/","name":"[ Startech.com ] &#129351; Hd202a Divisor De Audio Y Video Hdmi 4k 60hz - Hdr - Extractor De Audio - Rca - Mod.","isPartOf":{"@id":"https:\/\/compuviper.mx\/tienda\/#website"},"datePublished":"2026-04-07T05:08:01+00:00","dateModified":"2026-04-07T05:08:02+00:00","description":"Compra Hd202a Divisor De Audio Y Video Hdmi 4k 60hz - Hdr - Extractor De Audio - Rca - Mod. + Env\u00edo a domicilio + Pago seguro + Garant\u00eda","breadcrumb":{"@id":"https:\/\/compuviper.mx\/tienda\/producto\/startech-com-hd202a-divisor-de-audio-y-video-hdmi-4k-60hz-hdr-extractor-de-audio-rca-mod\/#breadcrumb"},"inLanguage":"es-MX","potentialAction":[{"@type":"ReadAction","target":["https:\/\/compuviper.mx\/tienda\/producto\/startech-com-hd202a-divisor-de-audio-y-video-hdmi-4k-60hz-hdr-extractor-de-audio-rca-mod\/"]}]},{"@type":"BreadcrumbList","@id":"https:\/\/compuviper.mx\/tienda\/producto\/startech-com-hd202a-divisor-de-audio-y-video-hdmi-4k-60hz-hdr-extractor-de-audio-rca-mod\/#breadcrumb","itemListElement":[{"@type":"ListItem","position":1,"name":"Inicio","item":"https:\/\/compuviper.mx\/tienda\/"},{"@type":"ListItem","position":2,"name":"Productos","item":"https:\/\/compuviper.mx\/tienda\/productos\/"},{"@type":"ListItem","position":3,"name":"Accesorios","item":"https:\/\/compuviper.mx\/tienda\/categoria-producto\/accesorios\/"},{"@type":"ListItem","position":4,"name":"Conectividad","item":"https:\/\/compuviper.mx\/tienda\/categoria-producto\/accesorios\/conectividad\/"},{"@type":"ListItem","position":5,"name":"Startech.com Hd202a Divisor De Audio Y Video Hdmi 4k 60hz &#8211; Hdr &#8211; Extractor De Audio &#8211; Rca &#8211; Mod."}]},{"@type":"WebSite","@id":"https:\/\/compuviper.mx\/tienda\/#website","url":"https:\/\/compuviper.mx\/tienda\/","name":"Compuviper","description":"Proveedor de Computadoras, Laptops, Servidores, Monitores, Puntos de Venta, Teclados,   Impresoras, T\u00f3ner, C\u00e1maras de Seguridad y m\u00e1s en tu tienda en l\u00ednea","publisher":{"@id":"https:\/\/compuviper.mx\/tienda\/#organization"},"potentialAction":[{"@type":"SearchAction","target":{"@type":"EntryPoint","urlTemplate":"https:\/\/compuviper.mx\/tienda\/?s={search_term_string}"},"query-input":"required name=search_term_string"}],"inLanguage":"es-MX"},{"@type":"Organization","@id":"https:\/\/compuviper.mx\/tienda\/#organization","name":"Compuviper","url":"https:\/\/compuviper.mx\/tienda\/","logo":{"@type":"ImageObject","inLanguage":"es-MX","@id":"https:\/\/compuviper.mx\/tienda\/#\/schema\/logo\/image\/","url":"https:\/\/compuviper.mx\/tienda\/wp-content\/uploads\/2021\/08\/Logo-Compuviper-10.png","contentUrl":"https:\/\/compuviper.mx\/tienda\/wp-content\/uploads\/2021\/08\/Logo-Compuviper-10.png","width":1000,"height":500,"caption":"Compuviper"},"image":{"@id":"https:\/\/compuviper.mx\/tienda\/#\/schema\/logo\/image\/"},"sameAs":["https:\/\/www.facebook.com\/compuviper","https:\/\/www.youtube.com\/channel\/UCf73dERp9Y3cfOq7q8BhLjA?view_as=subscriber"]}]},"product_brand":"STARTECH.COM","product_price_amount":"1523","product_price_currency":"MXN","og_availability":"out of stock","product_availability":"out of stock","product_retailer_item_id":"HD202A","product_condition":"new"},"_links":{"self":[{"href":"https:\/\/compuviper.mx\/tienda\/wp-json\/wp\/v2\/product\/161387"}],"collection":[{"href":"https:\/\/compuviper.mx\/tienda\/wp-json\/wp\/v2\/product"}],"about":[{"href":"https:\/\/compuviper.mx\/tienda\/wp-json\/wp\/v2\/types\/product"}],"replies":[{"embeddable":true,"href":"https:\/\/compuviper.mx\/tienda\/wp-json\/wp\/v2\/comments?post=161387"}],"wp:featuredmedia":[{"embeddable":true,"href":"https:\/\/compuviper.mx\/tienda\/wp-json\/wp\/v2\/media\/164363"}],"wp:attachment":[{"href":"https:\/\/compuviper.mx\/tienda\/wp-json\/wp\/v2\/media?parent=161387"}],"wp:term":[{"taxonomy":"product_cat","embeddable":true,"href":"https:\/\/compuviper.mx\/tienda\/wp-json\/wp\/v2\/product_cat?post=161387"},{"taxonomy":"product_tag","embeddable":true,"href":"https:\/\/compuviper.mx\/tienda\/wp-json\/wp\/v2\/product_tag?post=161387"}],"curies":[{"name":"wp","href":"https:\/\/api.w.org\/{rel}","templated":true}]}}