{"id":161145,"date":"2026-04-01T23:09:07","date_gmt":"2026-04-02T05:09:07","guid":{"rendered":"https:\/\/compuviper.mx\/tienda\/producto\/cyberpower-bca20n250a-gabinete-de-bateras-240vdc-trifsico-con-capacidad-de-hasta-40-bateras-20ah-12vdc-1-ao-de-garanta\/"},"modified":"2026-04-01T23:09:07","modified_gmt":"2026-04-02T05:09:07","slug":"cyberpower-bca20n250a-gabinete-de-bateras-240vdc-trifsico-con-capacidad-de-hasta-40-bateras-20ah-12vdc-1-ao-de-garanta","status":"publish","type":"product","link":"https:\/\/compuviper.mx\/tienda\/producto\/cyberpower-bca20n250a-gabinete-de-bateras-240vdc-trifsico-con-capacidad-de-hasta-40-bateras-20ah-12vdc-1-ao-de-garanta\/","title":{"rendered":"Cyberpower Bca20n250a Gabinete De Bater?as  () 240vdc Trif?sico Con Capacidad De Hasta 40 Bater?as 20ah 12vdc. 1 A?o De Garant?a."},"content":{"rendered":"<table class=\"descripcion\">\n<tr>\n<td>General<\/td>\n<\/tr>\n<tr>\n<td>Voltaje nominal de salida  vd.  240<\/td>\n<\/tr>\n<tr>\n<td>Batera<\/td>\n<\/tr>\n<tr>\n<td>Tipo de batera: plomo \u00e1cido sellada<\/td>\n<\/tr>\n<tr>\n<td>Cantidad de bateras  pzs  40<\/td>\n<\/tr>\n<tr>\n<td>Voltaje de batera individual  v  12<\/td>\n<\/tr>\n<tr>\n<td>Capacidad de batera individual  ah  20<\/td>\n<\/tr>\n<tr>\n<td>Cargador incorporado: no<\/td>\n<\/tr>\n<tr>\n<td>Tiempo de recarga tpico  horas : depende de los ups conectados<\/td>\n<\/tr>\n<tr>\n<td>Listo para expansin: s<\/td>\n<\/tr>\n<tr>\n<td>Ups compatibles: hstp3t k series smx ka series<\/td>\n<\/tr>\n<tr>\n<td>Fsico<\/td>\n<\/tr>\n<tr>\n<td>Factor de forma: torre<\/td>\n<\/tr>\n<tr>\n<td>Construccin de carcasa: metal<\/td>\n<\/tr>\n<tr>\n<td>Color: negro<\/td>\n<\/tr>\n<tr>\n<td>Tamao fsico<\/td>\n<\/tr>\n<tr>\n<td>Dimensiones anxalxp mm 471 x 610 x 951<\/td>\n<\/tr>\n<tr>\n<td>Peso kg 32<\/td>\n<\/tr>\n<tr>\n<td>Dimensiones para el envo<\/td>\n<\/tr>\n<tr>\n<td>Dimensiones anxalxp mm 520 x 190 x 1000<\/td>\n<\/tr>\n<tr>\n<td>Peso kg 32.5<\/td>\n<\/tr>\n<tr>\n<td>Medioambiental<\/td>\n<\/tr>\n<tr>\n<td>Temperatura de funcionamiento \u00bac 0 ~ 40<\/td>\n<\/tr>\n<tr>\n<td>Humedad relativa de funcionamiento sin condensacin    0 ~ 95<\/td>\n<\/tr>\n<tr>\n<td>Elevacin de funcionamiento  pies\/metros<\/td>\n<\/tr>\n<tr>\n<td> and 8804;carga 1000 disminuida 1 por 100m de 1000m y 2000m<\/td>\n<\/tr>\n<\/table>\n","protected":false},"excerpt":{"rendered":"<p>Cyberpower bca20n250a es un gabinete de batera externa ebc que se puede usar junto con sistemas ups compatibles para proporcionar tiempo de respaldo prolongado durante una interrupcin de la energa. El gabinete de la batera viene con un bloque de terminales cableado para permitir agregar mltiples ebc. El gabinete de la batera externa tiene un disyuntor incorporado con clasificacin cc para brindar proteccin contra sobrecargas. La batera de plomo-\u00e1cido sellada que se usa en el ebc es estable y segura, lo que garantiza el rendimiento confiable del sistema de energa. Diseado con una carcasa de metal de grado industrial, el producto es adecuado para centros de datos y aplicaciones crticas<\/p>\n","protected":false},"featured_media":164342,"comment_status":"open","ping_status":"open","template":"","meta":[],"product_cat":[1485,1488],"product_tag":[1692],"acf":[],"yoast_head":"<!-- This site is optimized with the Yoast SEO plugin v21.7 - https:\/\/yoast.com\/wordpress\/plugins\/seo\/ -->\n<title>[ Cyberpower ] &#129351; Bca20n250a Gabinete De Bater\u00edas () 240vdc Trif\u00e1sico Con Capacidad De Hasta 40 Bater\u00edas 20ah 12vdc. 1 A\u00f1o De Garant\u00eda.<\/title>\n<meta name=\"description\" content=\"Compra Bca20n250a Gabinete De Bater\u00edas () 240vdc Trif\u00e1sico Con Capacidad De Hasta 40 Bater\u00edas 20ah 12vdc. 1 A\u00f1o De Garant\u00eda. + Env\u00edo a domicilio + Pago seguro + Garant\u00eda\" \/>\n<meta name=\"robots\" content=\"index, follow, max-snippet:-1, max-image-preview:large, max-video-preview:-1\" \/>\n<link rel=\"canonical\" href=\"https:\/\/compuviper.mx\/tienda\/producto\/cyberpower-bca20n250a-gabinete-de-bateras-240vdc-trifsico-con-capacidad-de-hasta-40-bateras-20ah-12vdc-1-ao-de-garanta\/\" \/>\n<meta property=\"og:locale\" content=\"es_MX\" \/>\n<meta property=\"og:type\" content=\"article\" \/>\n<meta property=\"og:title\" content=\"[ Cyberpower ] &#129351; Bca20n250a Gabinete De Bater\u00edas () 240vdc Trif\u00e1sico Con Capacidad De Hasta 40 Bater\u00edas 20ah 12vdc. 1 A\u00f1o De Garant\u00eda.\" \/>\n<meta property=\"og:description\" content=\"Compra Bca20n250a Gabinete De Bater\u00edas () 240vdc Trif\u00e1sico Con Capacidad De Hasta 40 Bater\u00edas 20ah 12vdc. 1 A\u00f1o De Garant\u00eda. + Env\u00edo a domicilio + Pago seguro + Garant\u00eda\" \/>\n<meta property=\"og:url\" content=\"https:\/\/compuviper.mx\/tienda\/producto\/cyberpower-bca20n250a-gabinete-de-bateras-240vdc-trifsico-con-capacidad-de-hasta-40-bateras-20ah-12vdc-1-ao-de-garanta\/\" \/>\n<meta property=\"og:site_name\" content=\"Compuviper\" \/>\n<meta property=\"article:publisher\" content=\"https:\/\/www.facebook.com\/compuviper\" \/>\n<meta property=\"og:image\" content=\"https:\/\/compuviper.mx\/tienda\/wp-content\/uploads\/2023\/02\/Gabinete-de-baterias-cyberpower-bca20n250a-240vdc-trifasico-con-capacidad-de-hasta-40-baterias-20ah-12vdc.-1-ano-de-garantia.jpg\" \/>\n\t<meta property=\"og:image:width\" content=\"200\" \/>\n\t<meta property=\"og:image:height\" content=\"200\" \/>\n\t<meta property=\"og:image:type\" content=\"image\/jpeg\" \/>\n<meta name=\"twitter:card\" content=\"summary_large_image\" \/>\n<meta name=\"twitter:label1\" content=\"Precio\" \/>\n\t<meta name=\"twitter:data1\" content=\"&#36;19,921 con IVA\" \/>\n\t<meta name=\"twitter:label2\" content=\"Availability\" \/>\n\t<meta name=\"twitter:data2\" content=\"On backorder\" \/>\n<script type=\"application\/ld+json\" class=\"yoast-schema-graph\">{\"@context\":\"https:\/\/schema.org\",\"@graph\":[{\"@type\":\"WebPage\",\"@id\":\"https:\/\/compuviper.mx\/tienda\/producto\/cyberpower-bca20n250a-gabinete-de-bateras-240vdc-trifsico-con-capacidad-de-hasta-40-bateras-20ah-12vdc-1-ao-de-garanta\/\",\"url\":\"https:\/\/compuviper.mx\/tienda\/producto\/cyberpower-bca20n250a-gabinete-de-bateras-240vdc-trifsico-con-capacidad-de-hasta-40-bateras-20ah-12vdc-1-ao-de-garanta\/\",\"name\":\"[ Cyberpower ] &#129351; Bca20n250a Gabinete De Bater\u00edas () 240vdc Trif\u00e1sico Con Capacidad De Hasta 40 Bater\u00edas 20ah 12vdc. 1 A\u00f1o De Garant\u00eda.\",\"isPartOf\":{\"@id\":\"https:\/\/compuviper.mx\/tienda\/#website\"},\"datePublished\":\"2026-04-02T05:09:07+00:00\",\"dateModified\":\"2026-04-02T05:09:07+00:00\",\"description\":\"Compra Bca20n250a Gabinete De Bater\u00edas () 240vdc Trif\u00e1sico Con Capacidad De Hasta 40 Bater\u00edas 20ah 12vdc. 1 A\u00f1o De Garant\u00eda. + Env\u00edo a domicilio + Pago seguro + Garant\u00eda\",\"breadcrumb\":{\"@id\":\"https:\/\/compuviper.mx\/tienda\/producto\/cyberpower-bca20n250a-gabinete-de-bateras-240vdc-trifsico-con-capacidad-de-hasta-40-bateras-20ah-12vdc-1-ao-de-garanta\/#breadcrumb\"},\"inLanguage\":\"es-MX\",\"potentialAction\":[{\"@type\":\"ReadAction\",\"target\":[\"https:\/\/compuviper.mx\/tienda\/producto\/cyberpower-bca20n250a-gabinete-de-bateras-240vdc-trifsico-con-capacidad-de-hasta-40-bateras-20ah-12vdc-1-ao-de-garanta\/\"]}]},{\"@type\":\"BreadcrumbList\",\"@id\":\"https:\/\/compuviper.mx\/tienda\/producto\/cyberpower-bca20n250a-gabinete-de-bateras-240vdc-trifsico-con-capacidad-de-hasta-40-bateras-20ah-12vdc-1-ao-de-garanta\/#breadcrumb\",\"itemListElement\":[{\"@type\":\"ListItem\",\"position\":1,\"name\":\"Inicio\",\"item\":\"https:\/\/compuviper.mx\/tienda\/\"},{\"@type\":\"ListItem\",\"position\":2,\"name\":\"Productos\",\"item\":\"https:\/\/compuviper.mx\/tienda\/productos\/\"},{\"@type\":\"ListItem\",\"position\":3,\"name\":\"Accesorios\",\"item\":\"https:\/\/compuviper.mx\/tienda\/categoria-producto\/accesorios\/\"},{\"@type\":\"ListItem\",\"position\":4,\"name\":\"Rack\",\"item\":\"https:\/\/compuviper.mx\/tienda\/categoria-producto\/accesorios\/rack\/\"},{\"@type\":\"ListItem\",\"position\":5,\"name\":\"Cyberpower Bca20n250a Gabinete De Bater?as () 240vdc Trif?sico Con Capacidad De Hasta 40 Bater?as 20ah 12vdc. 1 A?o De Garant?a.\"}]},{\"@type\":\"WebSite\",\"@id\":\"https:\/\/compuviper.mx\/tienda\/#website\",\"url\":\"https:\/\/compuviper.mx\/tienda\/\",\"name\":\"Compuviper\",\"description\":\"Proveedor de Computadoras, Laptops, Servidores, Monitores, Puntos de Venta, Teclados,   Impresoras, T\u00f3ner, C\u00e1maras de Seguridad y m\u00e1s en tu tienda en l\u00ednea\",\"publisher\":{\"@id\":\"https:\/\/compuviper.mx\/tienda\/#organization\"},\"potentialAction\":[{\"@type\":\"SearchAction\",\"target\":{\"@type\":\"EntryPoint\",\"urlTemplate\":\"https:\/\/compuviper.mx\/tienda\/?s={search_term_string}\"},\"query-input\":\"required name=search_term_string\"}],\"inLanguage\":\"es-MX\"},{\"@type\":\"Organization\",\"@id\":\"https:\/\/compuviper.mx\/tienda\/#organization\",\"name\":\"Compuviper\",\"url\":\"https:\/\/compuviper.mx\/tienda\/\",\"logo\":{\"@type\":\"ImageObject\",\"inLanguage\":\"es-MX\",\"@id\":\"https:\/\/compuviper.mx\/tienda\/#\/schema\/logo\/image\/\",\"url\":\"https:\/\/compuviper.mx\/tienda\/wp-content\/uploads\/2021\/08\/Logo-Compuviper-10.png\",\"contentUrl\":\"https:\/\/compuviper.mx\/tienda\/wp-content\/uploads\/2021\/08\/Logo-Compuviper-10.png\",\"width\":1000,\"height\":500,\"caption\":\"Compuviper\"},\"image\":{\"@id\":\"https:\/\/compuviper.mx\/tienda\/#\/schema\/logo\/image\/\"},\"sameAs\":[\"https:\/\/www.facebook.com\/compuviper\",\"https:\/\/www.youtube.com\/channel\/UCf73dERp9Y3cfOq7q8BhLjA?view_as=subscriber\"]}]}<\/script>\n<meta property=\"product:brand\" content=\"CYBERPOWER\" \/>\n<meta property=\"product:price:amount\" content=\"19921\" \/>\n<meta property=\"product:price:currency\" content=\"MXN\" \/>\n<meta property=\"og:availability\" content=\"backorder\" \/>\n<meta property=\"product:availability\" content=\"available for order\" \/>\n<meta property=\"product:retailer_item_id\" content=\"BCA20N250A\" \/>\n<meta property=\"product:condition\" content=\"new\" \/>\n<!-- \/ Yoast SEO plugin. -->","yoast_head_json":{"title":"[ Cyberpower ] &#129351; Bca20n250a Gabinete De Bater\u00edas () 240vdc Trif\u00e1sico Con Capacidad De Hasta 40 Bater\u00edas 20ah 12vdc. 1 A\u00f1o De Garant\u00eda.","description":"Compra Bca20n250a Gabinete De Bater\u00edas () 240vdc Trif\u00e1sico Con Capacidad De Hasta 40 Bater\u00edas 20ah 12vdc. 1 A\u00f1o De Garant\u00eda. + Env\u00edo a domicilio + Pago seguro + Garant\u00eda","robots":{"index":"index","follow":"follow","max-snippet":"max-snippet:-1","max-image-preview":"max-image-preview:large","max-video-preview":"max-video-preview:-1"},"canonical":"https:\/\/compuviper.mx\/tienda\/producto\/cyberpower-bca20n250a-gabinete-de-bateras-240vdc-trifsico-con-capacidad-de-hasta-40-bateras-20ah-12vdc-1-ao-de-garanta\/","og_locale":"es_MX","og_type":"article","og_title":"[ Cyberpower ] &#129351; Bca20n250a Gabinete De Bater\u00edas () 240vdc Trif\u00e1sico Con Capacidad De Hasta 40 Bater\u00edas 20ah 12vdc. 1 A\u00f1o De Garant\u00eda.","og_description":"Compra Bca20n250a Gabinete De Bater\u00edas () 240vdc Trif\u00e1sico Con Capacidad De Hasta 40 Bater\u00edas 20ah 12vdc. 1 A\u00f1o De Garant\u00eda. + Env\u00edo a domicilio + Pago seguro + Garant\u00eda","og_url":"https:\/\/compuviper.mx\/tienda\/producto\/cyberpower-bca20n250a-gabinete-de-bateras-240vdc-trifsico-con-capacidad-de-hasta-40-bateras-20ah-12vdc-1-ao-de-garanta\/","og_site_name":"Compuviper","article_publisher":"https:\/\/www.facebook.com\/compuviper","og_image":[{"width":200,"height":200,"url":"https:\/\/compuviper.mx\/tienda\/wp-content\/uploads\/2023\/02\/Gabinete-de-baterias-cyberpower-bca20n250a-240vdc-trifasico-con-capacidad-de-hasta-40-baterias-20ah-12vdc.-1-ano-de-garantia.jpg","type":"image\/jpeg"}],"twitter_card":"summary_large_image","twitter_misc":{"Precio":"&#36;19,921 con IVA","Availability":"On backorder"},"schema":{"@context":"https:\/\/schema.org","@graph":[{"@type":"WebPage","@id":"https:\/\/compuviper.mx\/tienda\/producto\/cyberpower-bca20n250a-gabinete-de-bateras-240vdc-trifsico-con-capacidad-de-hasta-40-bateras-20ah-12vdc-1-ao-de-garanta\/","url":"https:\/\/compuviper.mx\/tienda\/producto\/cyberpower-bca20n250a-gabinete-de-bateras-240vdc-trifsico-con-capacidad-de-hasta-40-bateras-20ah-12vdc-1-ao-de-garanta\/","name":"[ Cyberpower ] &#129351; Bca20n250a Gabinete De Bater\u00edas () 240vdc Trif\u00e1sico Con Capacidad De Hasta 40 Bater\u00edas 20ah 12vdc. 1 A\u00f1o De Garant\u00eda.","isPartOf":{"@id":"https:\/\/compuviper.mx\/tienda\/#website"},"datePublished":"2026-04-02T05:09:07+00:00","dateModified":"2026-04-02T05:09:07+00:00","description":"Compra Bca20n250a Gabinete De Bater\u00edas () 240vdc Trif\u00e1sico Con Capacidad De Hasta 40 Bater\u00edas 20ah 12vdc. 1 A\u00f1o De Garant\u00eda. + Env\u00edo a domicilio + Pago seguro + Garant\u00eda","breadcrumb":{"@id":"https:\/\/compuviper.mx\/tienda\/producto\/cyberpower-bca20n250a-gabinete-de-bateras-240vdc-trifsico-con-capacidad-de-hasta-40-bateras-20ah-12vdc-1-ao-de-garanta\/#breadcrumb"},"inLanguage":"es-MX","potentialAction":[{"@type":"ReadAction","target":["https:\/\/compuviper.mx\/tienda\/producto\/cyberpower-bca20n250a-gabinete-de-bateras-240vdc-trifsico-con-capacidad-de-hasta-40-bateras-20ah-12vdc-1-ao-de-garanta\/"]}]},{"@type":"BreadcrumbList","@id":"https:\/\/compuviper.mx\/tienda\/producto\/cyberpower-bca20n250a-gabinete-de-bateras-240vdc-trifsico-con-capacidad-de-hasta-40-bateras-20ah-12vdc-1-ao-de-garanta\/#breadcrumb","itemListElement":[{"@type":"ListItem","position":1,"name":"Inicio","item":"https:\/\/compuviper.mx\/tienda\/"},{"@type":"ListItem","position":2,"name":"Productos","item":"https:\/\/compuviper.mx\/tienda\/productos\/"},{"@type":"ListItem","position":3,"name":"Accesorios","item":"https:\/\/compuviper.mx\/tienda\/categoria-producto\/accesorios\/"},{"@type":"ListItem","position":4,"name":"Rack","item":"https:\/\/compuviper.mx\/tienda\/categoria-producto\/accesorios\/rack\/"},{"@type":"ListItem","position":5,"name":"Cyberpower Bca20n250a Gabinete De Bater?as () 240vdc Trif?sico Con Capacidad De Hasta 40 Bater?as 20ah 12vdc. 1 A?o De Garant?a."}]},{"@type":"WebSite","@id":"https:\/\/compuviper.mx\/tienda\/#website","url":"https:\/\/compuviper.mx\/tienda\/","name":"Compuviper","description":"Proveedor de Computadoras, Laptops, Servidores, Monitores, Puntos de Venta, Teclados,   Impresoras, T\u00f3ner, C\u00e1maras de Seguridad y m\u00e1s en tu tienda en l\u00ednea","publisher":{"@id":"https:\/\/compuviper.mx\/tienda\/#organization"},"potentialAction":[{"@type":"SearchAction","target":{"@type":"EntryPoint","urlTemplate":"https:\/\/compuviper.mx\/tienda\/?s={search_term_string}"},"query-input":"required name=search_term_string"}],"inLanguage":"es-MX"},{"@type":"Organization","@id":"https:\/\/compuviper.mx\/tienda\/#organization","name":"Compuviper","url":"https:\/\/compuviper.mx\/tienda\/","logo":{"@type":"ImageObject","inLanguage":"es-MX","@id":"https:\/\/compuviper.mx\/tienda\/#\/schema\/logo\/image\/","url":"https:\/\/compuviper.mx\/tienda\/wp-content\/uploads\/2021\/08\/Logo-Compuviper-10.png","contentUrl":"https:\/\/compuviper.mx\/tienda\/wp-content\/uploads\/2021\/08\/Logo-Compuviper-10.png","width":1000,"height":500,"caption":"Compuviper"},"image":{"@id":"https:\/\/compuviper.mx\/tienda\/#\/schema\/logo\/image\/"},"sameAs":["https:\/\/www.facebook.com\/compuviper","https:\/\/www.youtube.com\/channel\/UCf73dERp9Y3cfOq7q8BhLjA?view_as=subscriber"]}]},"product_brand":"CYBERPOWER","product_price_amount":"19921","product_price_currency":"MXN","og_availability":"backorder","product_availability":"available for order","product_retailer_item_id":"BCA20N250A","product_condition":"new"},"_links":{"self":[{"href":"https:\/\/compuviper.mx\/tienda\/wp-json\/wp\/v2\/product\/161145"}],"collection":[{"href":"https:\/\/compuviper.mx\/tienda\/wp-json\/wp\/v2\/product"}],"about":[{"href":"https:\/\/compuviper.mx\/tienda\/wp-json\/wp\/v2\/types\/product"}],"replies":[{"embeddable":true,"href":"https:\/\/compuviper.mx\/tienda\/wp-json\/wp\/v2\/comments?post=161145"}],"wp:featuredmedia":[{"embeddable":true,"href":"https:\/\/compuviper.mx\/tienda\/wp-json\/wp\/v2\/media\/164342"}],"wp:attachment":[{"href":"https:\/\/compuviper.mx\/tienda\/wp-json\/wp\/v2\/media?parent=161145"}],"wp:term":[{"taxonomy":"product_cat","embeddable":true,"href":"https:\/\/compuviper.mx\/tienda\/wp-json\/wp\/v2\/product_cat?post=161145"},{"taxonomy":"product_tag","embeddable":true,"href":"https:\/\/compuviper.mx\/tienda\/wp-json\/wp\/v2\/product_tag?post=161145"}],"curies":[{"name":"wp","href":"https:\/\/api.w.org\/{rel}","templated":true}]}}