{"id":160023,"date":"2026-04-07T23:08:46","date_gmt":"2026-04-08T05:08:46","guid":{"rendered":"https:\/\/compuviper.mx\/tienda\/producto\/manhattan-439985-maletin-14-1-cambridge-clamshell\/"},"modified":"2026-04-07T23:08:46","modified_gmt":"2026-04-08T05:08:46","slug":"manhattan-439985-maletin-portafolio-14-1-cambridge","status":"publish","type":"product","link":"https:\/\/compuviper.mx\/tienda\/producto\/manhattan-439985-maletin-portafolio-14-1-cambridge\/","title":{"rendered":"Manhattan 439985 Maletin Portafolio,,, 14.1 Cambridge"},"content":{"rendered":"<table class=\"descripcion\">\n<tr>\n<td>Especificaciones:<\/td>\n<\/tr>\n<tr>\n<td>Exterior<\/td>\n<\/tr>\n<tr>\n<td>\u0095 poli\u00e9ster<\/td>\n<\/tr>\n<tr>\n<td>\u0095 tejido 600d<\/td>\n<\/tr>\n<tr>\n<td>\u0095 dos cierres, apertura total de la parte principal<\/td>\n<\/tr>\n<tr>\n<td>\u0095 bolsillo de almacenamiento delantero, solapa con dos cierres de velcro<\/td>\n<\/tr>\n<tr>\n<td>\u0095 bolsillo trasero de almacenamiento, un cierre de gancho y lazo<\/td>\n<\/tr>\n<tr>\n<td>\u0095 asa<\/td>\n<\/tr>\n<tr>\n<td>\u0095 la correa del hombro<\/td>\n<\/tr>\n<tr>\n<td>Interior<\/td>\n<\/tr>\n<tr>\n<td>\u0095 100% poli\u00e9ster con espuma de polietileno (epe)<\/td>\n<\/tr>\n<tr>\n<td>\u0095 compartimento para laptops de hasta 14.1<\/td>\n<\/tr>\n<tr>\n<td>\u0095 tres bolsillos de malla<\/td>\n<\/tr>\n<tr>\n<td>\u0095 tres portabol\u00edgrafos<\/td>\n<\/tr>\n<tr>\n<td>\u0095 un bolsillo para tarjetas de visita<\/td>\n<\/tr>\n<tr>\n<td>F\u00edsico<\/td>\n<\/tr>\n<tr>\n<td>\u0095 dimensiones exteriores: 352 x 294 x 62 mm (13.86 x 11.57 x 2.44 in.)<\/td>\n<\/tr>\n<tr>\n<td>\u0095 dimensiones interiores: 347 x 289 x 57 mm (13.66 x 11.37 x 2.24 in.)*<\/td>\n<\/tr>\n<tr>\n<td>\u0095 peso neto: 266 g (0.59 lbs.)<\/td>\n<\/tr>\n<tr>\n<td>\u0095 peso bruto: 294 g (0.65 lbs.)<\/td>\n<\/tr>\n<tr>\n<td>* siempre mida el exterior de la computadora para determinar la<\/td>\n<\/tr>\n<tr>\n<td>Compatibilidad. las dimensiones de los maletines son aproximadas y pueden<\/td>\n<\/tr>\n<tr>\n<td>Variar significativamente<\/td>\n<\/tr>\n<\/table>\n","protected":false},"excerpt":{"rendered":"<p>Malet\u00edn para laptop &#8211; apertura tipo clamshell &#8211; dise\u00f1o. Elegante y conveniente para su laptop. Muchos maletines para laptops son de carga superior, lo que significa que. Forman una especie de cubo dentro del compartimento principal. Si tiene un. Bolsillo interior con varios accesorios, se ve obligado a empaquetarlos. Verticalmente unos encima de otros. La apertura completa en forma de almeja. Del malet\u00edn manhattan cambridge de 14.1 hace que el acceso al. Compartimento interior sea mucho m\u00e1s c\u00f3modo. Esta construcci\u00f3n te permite. Encontrar el art\u00edculo correcto m\u00e1s f\u00e1cilmente, y es una gran ayuda cuando. Manejas tu laptop en las inspecciones de seguridad del aeropuerto. El. Malet\u00edn cambridge tambi\u00e9n cuenta con muchas opciones de almacenamiento. Que le alegrar\u00e1n en su viaje. \u00bfno sabe nunca d\u00f3nde poner con seguridad sus. Tarjetas de visita o las de sus clientes? un peque\u00f1o bolsillo separado las. Mantiene seguras y sin doblarse. Los grandes bolsillos delanteros, traseros e. Interiores ofrecen mucho espacio para cables, archivos, auriculares y mucho. M\u00e1s. El propio compartimento para la laptop est\u00e1 ampliamente acolchado para. Proteger su valioso dispositivo de golpes y ara\u00f1azos. Gracias a su dise\u00f1o. Compacto, este malet\u00edn para laptop puede guardarse f\u00e1cilmente en los bolsillos. De los asientos o en los compartimentos superiores. Un asa robusta y una. Correa de hombro extra\u00edble y antideslizante garantizan un transporte seguro y. C\u00f3modo.Dise\u00f1o inteligente y esencial para adaptarse a la mayor\u00eda de los. Equipos de hasta 14.1. Abertura completa con dos cremalleras para un c\u00f3modo acceso al. Compartimento principal. Material exterior duradero que protege contra el clima, los derrames y. El desgaste. Mango reforzado y correa de hombro antideslizante para un transporte. F\u00e1cil y seguro. Grandes bolsillos delanteros, traseros e interiores para accesorios. Gran bolsillo frontal con solapa y cierre de velcro. Gran bolsillo trasero con cierre de velcro para un r\u00e1pido acceso en. Movimiento. Un gran bolsillo interior para archivos, accesorios y m\u00e1s. Tres bolsillos interiores compactos de malla para art\u00edculos m\u00e1s. Peque\u00f1os. Tres portabol\u00edgrafos interiores. Un compartimento interior para tarjetas de visita para mantener sus. Tarjetas listas y sin arrugas. Ideal para la mayor\u00eda de las laptops compactas, ultrabooks \u0099. Microsoft\u00ae surface 2 en 1 desmontables y m\u00e1s. Gran compa\u00f1ero para viajes en avi\u00f3n, ya que ofrece el tama\u00f1o perfecto. Para guardar en los bolsillos de los asientos o en los compartimentos. Superiores<\/p>\n","protected":false},"featured_media":164324,"comment_status":"open","ping_status":"open","template":"","meta":[],"product_cat":[1483,1482],"product_tag":[1487],"acf":[],"yoast_head":"<!-- This site is optimized with the Yoast SEO plugin v21.7 - https:\/\/yoast.com\/wordpress\/plugins\/seo\/ -->\n<title>[ Manhattan ] &#129351; 439985 Maletin Portafolio,,, 14.1 Cambridge<\/title>\n<meta name=\"description\" content=\"Compra 439985 Maletin Portafolio,,, 14.1 Cambridge + Env\u00edo a domicilio + Pago seguro + Garant\u00eda\" \/>\n<meta name=\"robots\" content=\"index, follow, max-snippet:-1, max-image-preview:large, max-video-preview:-1\" \/>\n<link rel=\"canonical\" href=\"https:\/\/compuviper.mx\/tienda\/producto\/manhattan-439985-maletin-portafolio-14-1-cambridge\/\" \/>\n<meta property=\"og:locale\" content=\"es_MX\" \/>\n<meta property=\"og:type\" content=\"article\" \/>\n<meta property=\"og:title\" content=\"[ Manhattan ] &#129351; 439985 Maletin Portafolio,,, 14.1 Cambridge\" \/>\n<meta property=\"og:description\" content=\"Compra 439985 Maletin Portafolio,,, 14.1 Cambridge + Env\u00edo a domicilio + Pago seguro + Garant\u00eda\" \/>\n<meta property=\"og:url\" content=\"https:\/\/compuviper.mx\/tienda\/producto\/manhattan-439985-maletin-portafolio-14-1-cambridge\/\" \/>\n<meta property=\"og:site_name\" content=\"Compuviper\" \/>\n<meta property=\"article:publisher\" content=\"https:\/\/www.facebook.com\/compuviper\" \/>\n<meta property=\"og:image\" content=\"https:\/\/compuviper.mx\/tienda\/wp-content\/uploads\/2023\/02\/Maletin-manhattan-14.1-cambridge-clamshell.jpg\" \/>\n\t<meta property=\"og:image:width\" content=\"200\" \/>\n\t<meta property=\"og:image:height\" content=\"200\" \/>\n\t<meta property=\"og:image:type\" content=\"image\/jpeg\" \/>\n<meta name=\"twitter:card\" content=\"summary_large_image\" \/>\n<meta name=\"twitter:label1\" content=\"Precio\" \/>\n\t<meta name=\"twitter:data1\" content=\"&#36;218 con IVA\" \/>\n\t<meta name=\"twitter:label2\" content=\"Availability\" \/>\n\t<meta name=\"twitter:data2\" content=\"In stock\" \/>\n<script type=\"application\/ld+json\" class=\"yoast-schema-graph\">{\"@context\":\"https:\/\/schema.org\",\"@graph\":[{\"@type\":\"WebPage\",\"@id\":\"https:\/\/compuviper.mx\/tienda\/producto\/manhattan-439985-maletin-portafolio-14-1-cambridge\/\",\"url\":\"https:\/\/compuviper.mx\/tienda\/producto\/manhattan-439985-maletin-portafolio-14-1-cambridge\/\",\"name\":\"[ Manhattan ] &#129351; 439985 Maletin Portafolio,,, 14.1 Cambridge\",\"isPartOf\":{\"@id\":\"https:\/\/compuviper.mx\/tienda\/#website\"},\"datePublished\":\"2026-04-08T05:08:46+00:00\",\"dateModified\":\"2026-04-08T05:08:46+00:00\",\"description\":\"Compra 439985 Maletin Portafolio,,, 14.1 Cambridge + Env\u00edo a domicilio + Pago seguro + Garant\u00eda\",\"breadcrumb\":{\"@id\":\"https:\/\/compuviper.mx\/tienda\/producto\/manhattan-439985-maletin-portafolio-14-1-cambridge\/#breadcrumb\"},\"inLanguage\":\"es-MX\",\"potentialAction\":[{\"@type\":\"ReadAction\",\"target\":[\"https:\/\/compuviper.mx\/tienda\/producto\/manhattan-439985-maletin-portafolio-14-1-cambridge\/\"]}]},{\"@type\":\"BreadcrumbList\",\"@id\":\"https:\/\/compuviper.mx\/tienda\/producto\/manhattan-439985-maletin-portafolio-14-1-cambridge\/#breadcrumb\",\"itemListElement\":[{\"@type\":\"ListItem\",\"position\":1,\"name\":\"Inicio\",\"item\":\"https:\/\/compuviper.mx\/tienda\/\"},{\"@type\":\"ListItem\",\"position\":2,\"name\":\"Productos\",\"item\":\"https:\/\/compuviper.mx\/tienda\/productos\/\"},{\"@type\":\"ListItem\",\"position\":3,\"name\":\"Maletines\",\"item\":\"https:\/\/compuviper.mx\/tienda\/categoria-producto\/maletines\/\"},{\"@type\":\"ListItem\",\"position\":4,\"name\":\"Maletin Clasico\",\"item\":\"https:\/\/compuviper.mx\/tienda\/categoria-producto\/maletines\/maletin-clasico\/\"},{\"@type\":\"ListItem\",\"position\":5,\"name\":\"Manhattan 439985 Maletin Portafolio,,, 14.1 Cambridge\"}]},{\"@type\":\"WebSite\",\"@id\":\"https:\/\/compuviper.mx\/tienda\/#website\",\"url\":\"https:\/\/compuviper.mx\/tienda\/\",\"name\":\"Compuviper\",\"description\":\"Proveedor de Computadoras, Laptops, Servidores, Monitores, Puntos de Venta, Teclados,   Impresoras, T\u00f3ner, C\u00e1maras de Seguridad y m\u00e1s en tu tienda en l\u00ednea\",\"publisher\":{\"@id\":\"https:\/\/compuviper.mx\/tienda\/#organization\"},\"potentialAction\":[{\"@type\":\"SearchAction\",\"target\":{\"@type\":\"EntryPoint\",\"urlTemplate\":\"https:\/\/compuviper.mx\/tienda\/?s={search_term_string}\"},\"query-input\":\"required name=search_term_string\"}],\"inLanguage\":\"es-MX\"},{\"@type\":\"Organization\",\"@id\":\"https:\/\/compuviper.mx\/tienda\/#organization\",\"name\":\"Compuviper\",\"url\":\"https:\/\/compuviper.mx\/tienda\/\",\"logo\":{\"@type\":\"ImageObject\",\"inLanguage\":\"es-MX\",\"@id\":\"https:\/\/compuviper.mx\/tienda\/#\/schema\/logo\/image\/\",\"url\":\"https:\/\/compuviper.mx\/tienda\/wp-content\/uploads\/2021\/08\/Logo-Compuviper-10.png\",\"contentUrl\":\"https:\/\/compuviper.mx\/tienda\/wp-content\/uploads\/2021\/08\/Logo-Compuviper-10.png\",\"width\":1000,\"height\":500,\"caption\":\"Compuviper\"},\"image\":{\"@id\":\"https:\/\/compuviper.mx\/tienda\/#\/schema\/logo\/image\/\"},\"sameAs\":[\"https:\/\/www.facebook.com\/compuviper\",\"https:\/\/www.youtube.com\/channel\/UCf73dERp9Y3cfOq7q8BhLjA?view_as=subscriber\"]}]}<\/script>\n<meta property=\"product:brand\" content=\"MANHATTAN\" \/>\n<meta property=\"product:price:amount\" content=\"218\" \/>\n<meta property=\"product:price:currency\" content=\"MXN\" \/>\n<meta property=\"og:availability\" content=\"instock\" \/>\n<meta property=\"product:availability\" content=\"instock\" \/>\n<meta property=\"product:retailer_item_id\" content=\"439985\" \/>\n<meta property=\"product:condition\" content=\"new\" \/>\n<!-- \/ Yoast SEO plugin. -->","yoast_head_json":{"title":"[ Manhattan ] &#129351; 439985 Maletin Portafolio,,, 14.1 Cambridge","description":"Compra 439985 Maletin Portafolio,,, 14.1 Cambridge + Env\u00edo a domicilio + Pago seguro + Garant\u00eda","robots":{"index":"index","follow":"follow","max-snippet":"max-snippet:-1","max-image-preview":"max-image-preview:large","max-video-preview":"max-video-preview:-1"},"canonical":"https:\/\/compuviper.mx\/tienda\/producto\/manhattan-439985-maletin-portafolio-14-1-cambridge\/","og_locale":"es_MX","og_type":"article","og_title":"[ Manhattan ] &#129351; 439985 Maletin Portafolio,,, 14.1 Cambridge","og_description":"Compra 439985 Maletin Portafolio,,, 14.1 Cambridge + Env\u00edo a domicilio + Pago seguro + Garant\u00eda","og_url":"https:\/\/compuviper.mx\/tienda\/producto\/manhattan-439985-maletin-portafolio-14-1-cambridge\/","og_site_name":"Compuviper","article_publisher":"https:\/\/www.facebook.com\/compuviper","og_image":[{"width":200,"height":200,"url":"https:\/\/compuviper.mx\/tienda\/wp-content\/uploads\/2023\/02\/Maletin-manhattan-14.1-cambridge-clamshell.jpg","type":"image\/jpeg"}],"twitter_card":"summary_large_image","twitter_misc":{"Precio":"&#36;218 con IVA","Availability":"In stock"},"schema":{"@context":"https:\/\/schema.org","@graph":[{"@type":"WebPage","@id":"https:\/\/compuviper.mx\/tienda\/producto\/manhattan-439985-maletin-portafolio-14-1-cambridge\/","url":"https:\/\/compuviper.mx\/tienda\/producto\/manhattan-439985-maletin-portafolio-14-1-cambridge\/","name":"[ Manhattan ] &#129351; 439985 Maletin Portafolio,,, 14.1 Cambridge","isPartOf":{"@id":"https:\/\/compuviper.mx\/tienda\/#website"},"datePublished":"2026-04-08T05:08:46+00:00","dateModified":"2026-04-08T05:08:46+00:00","description":"Compra 439985 Maletin Portafolio,,, 14.1 Cambridge + Env\u00edo a domicilio + Pago seguro + Garant\u00eda","breadcrumb":{"@id":"https:\/\/compuviper.mx\/tienda\/producto\/manhattan-439985-maletin-portafolio-14-1-cambridge\/#breadcrumb"},"inLanguage":"es-MX","potentialAction":[{"@type":"ReadAction","target":["https:\/\/compuviper.mx\/tienda\/producto\/manhattan-439985-maletin-portafolio-14-1-cambridge\/"]}]},{"@type":"BreadcrumbList","@id":"https:\/\/compuviper.mx\/tienda\/producto\/manhattan-439985-maletin-portafolio-14-1-cambridge\/#breadcrumb","itemListElement":[{"@type":"ListItem","position":1,"name":"Inicio","item":"https:\/\/compuviper.mx\/tienda\/"},{"@type":"ListItem","position":2,"name":"Productos","item":"https:\/\/compuviper.mx\/tienda\/productos\/"},{"@type":"ListItem","position":3,"name":"Maletines","item":"https:\/\/compuviper.mx\/tienda\/categoria-producto\/maletines\/"},{"@type":"ListItem","position":4,"name":"Maletin Clasico","item":"https:\/\/compuviper.mx\/tienda\/categoria-producto\/maletines\/maletin-clasico\/"},{"@type":"ListItem","position":5,"name":"Manhattan 439985 Maletin Portafolio,,, 14.1 Cambridge"}]},{"@type":"WebSite","@id":"https:\/\/compuviper.mx\/tienda\/#website","url":"https:\/\/compuviper.mx\/tienda\/","name":"Compuviper","description":"Proveedor de Computadoras, Laptops, Servidores, Monitores, Puntos de Venta, Teclados,   Impresoras, T\u00f3ner, C\u00e1maras de Seguridad y m\u00e1s en tu tienda en l\u00ednea","publisher":{"@id":"https:\/\/compuviper.mx\/tienda\/#organization"},"potentialAction":[{"@type":"SearchAction","target":{"@type":"EntryPoint","urlTemplate":"https:\/\/compuviper.mx\/tienda\/?s={search_term_string}"},"query-input":"required name=search_term_string"}],"inLanguage":"es-MX"},{"@type":"Organization","@id":"https:\/\/compuviper.mx\/tienda\/#organization","name":"Compuviper","url":"https:\/\/compuviper.mx\/tienda\/","logo":{"@type":"ImageObject","inLanguage":"es-MX","@id":"https:\/\/compuviper.mx\/tienda\/#\/schema\/logo\/image\/","url":"https:\/\/compuviper.mx\/tienda\/wp-content\/uploads\/2021\/08\/Logo-Compuviper-10.png","contentUrl":"https:\/\/compuviper.mx\/tienda\/wp-content\/uploads\/2021\/08\/Logo-Compuviper-10.png","width":1000,"height":500,"caption":"Compuviper"},"image":{"@id":"https:\/\/compuviper.mx\/tienda\/#\/schema\/logo\/image\/"},"sameAs":["https:\/\/www.facebook.com\/compuviper","https:\/\/www.youtube.com\/channel\/UCf73dERp9Y3cfOq7q8BhLjA?view_as=subscriber"]}]},"product_brand":"MANHATTAN","product_price_amount":"218","product_price_currency":"MXN","og_availability":"instock","product_availability":"instock","product_retailer_item_id":"439985","product_condition":"new"},"_links":{"self":[{"href":"https:\/\/compuviper.mx\/tienda\/wp-json\/wp\/v2\/product\/160023"}],"collection":[{"href":"https:\/\/compuviper.mx\/tienda\/wp-json\/wp\/v2\/product"}],"about":[{"href":"https:\/\/compuviper.mx\/tienda\/wp-json\/wp\/v2\/types\/product"}],"replies":[{"embeddable":true,"href":"https:\/\/compuviper.mx\/tienda\/wp-json\/wp\/v2\/comments?post=160023"}],"wp:featuredmedia":[{"embeddable":true,"href":"https:\/\/compuviper.mx\/tienda\/wp-json\/wp\/v2\/media\/164324"}],"wp:attachment":[{"href":"https:\/\/compuviper.mx\/tienda\/wp-json\/wp\/v2\/media?parent=160023"}],"wp:term":[{"taxonomy":"product_cat","embeddable":true,"href":"https:\/\/compuviper.mx\/tienda\/wp-json\/wp\/v2\/product_cat?post=160023"},{"taxonomy":"product_tag","embeddable":true,"href":"https:\/\/compuviper.mx\/tienda\/wp-json\/wp\/v2\/product_tag?post=160023"}],"curies":[{"name":"wp","href":"https:\/\/api.w.org\/{rel}","templated":true}]}}