{"id":159692,"date":"2026-04-06T23:07:57","date_gmt":"2026-04-07T05:07:57","guid":{"rendered":"https:\/\/compuviper.mx\/tienda\/producto\/hikvision-ds-kh6320-wte1-monitor-ip-wifi-touch-screen-7-para-videoportero-ip-vdeo-en-vivo-poe-estndar-apertura-remota-llamada-entre-monitores-audio-de-dos-vas-policarbonato\/"},"modified":"2026-04-06T23:07:58","modified_gmt":"2026-04-07T05:07:58","slug":"hikvision-ds-kh6320-wte1-monitor-ip-wifi-touch-screen-7-para-videoportero-ip-video-en-vivo-poe-estandar-apertura-remota-llamada-entre-monitores-audio-de-dos-vias-policarbonato","status":"publish","type":"product","link":"https:\/\/compuviper.mx\/tienda\/producto\/hikvision-ds-kh6320-wte1-monitor-ip-wifi-touch-screen-7-para-videoportero-ip-video-en-vivo-poe-estandar-apertura-remota-llamada-entre-monitores-audio-de-dos-vias-policarbonato\/","title":{"rendered":"Hikvision Ds-kh6320-wte1 Monitor Ip Wifi Touch Screen 7 Para Videoportero Ip   Video En Vivo \/ Poe Estandar \/ Apertura Remota \/ Llamada Entre Monitores \/ Audio De Dos Vias \/ Policarbonato"},"content":{"rendered":"<table class=\"descripcion\">\n<tr>\n<td>Pantalla touch a color de 7.<\/td>\n<\/tr>\n<tr>\n<td>    resoluci\u00f3n: 1024 x 600<\/td>\n<\/tr>\n<tr>\n<td>    apertura desde monitor.<\/td>\n<\/tr>\n<tr>\n<td>    vista en vivo de frente de calle.<\/td>\n<\/tr>\n<tr>\n<td>    micr\u00f3fono y altavoz interconstruido.<\/td>\n<\/tr>\n<tr>\n<td>    entrada de alarma: 8 entradas.<\/td>\n<\/tr>\n<tr>\n<td>    salidas de alarma: 2 salidas.<\/td>\n<\/tr>\n<tr>\n<td>    micro sd max. 32g. para almacenar capturas de imagen.<\/td>\n<\/tr>\n<tr>\n<td>    red wifi, ethernet 10\/100 mbps. tcp\/ip, sip, rtsp.<\/td>\n<\/tr>\n<tr>\n<td>    garant\u00eda: 2 a\u00f1os.<\/td>\n<\/tr>\n<tr>\n<td>*en caso de falla de conexi\u00f3n con plataforma p2p puede ser a raz\u00f3n externa al equipo, como restricciones de red propias o del isp.<\/td>\n<\/tr>\n<tr>\n<td>    voltaje de operaci\u00f3n: 12vcc, 1 a (fuente no incluida) poe standar  ieee802.3af.<\/td>\n<\/tr>\n<tr>\n<td>    consumo el\u00e9ctrico: 6w<\/td>\n<\/tr>\n<tr>\n<td>    material: plastico.<\/td>\n<\/tr>\n<tr>\n<td>    temperatura de operaci\u00f3n: -10\u00ba ~ 55\u00ba c (14\u00ba ~ 131\u00ba f)<\/td>\n<\/tr>\n<tr>\n<td>    dimensiones 200 mm \u00d7 140 mm \u00d7 15.1 mm (7.9 \u00d7 5.5 \u00d7 0.6)<\/td>\n<\/tr>\n<\/table>\n","protected":false},"excerpt":{"rendered":"<p>Compatible con hik-connect p2p para notificaci\u00f3n \/apertura remota (requiere frente de calle. Permite la visualizaci\u00f3n de c\u00e1maras ip (2 mp) y c\u00e1mara del frente de calle (audio, video y apertura de puerta). Soporta hasta 5 monitores como extension (demo.     El n\u00famero de frentes de calle soportados depender\u00e1 del modelo del mismo.     Soporta 16 canales de video en total (entre frentes de calle y c\u00e1maras).     Soporta aperturar 2 puertas (si el frente de calle enlazado lo soporta). Compatible con frentes de calle ip hikvision.<\/p>\n","protected":false},"featured_media":164318,"comment_status":"open","ping_status":"open","template":"","meta":[],"product_cat":[1485,1525],"product_tag":[1595],"acf":[],"yoast_head":"<!-- This site is optimized with the Yoast SEO plugin v21.7 - https:\/\/yoast.com\/wordpress\/plugins\/seo\/ -->\n<title>[ Hikvision ] &#129351; Ds-kh6320-wte1 Monitor Ip Wifi Touch Screen 7 Para Videoportero Ip Video En Vivo \/ Poe Estandar \/ Apertura Remota \/ Llamada Entre Monitores \/ Audio De Dos Vias \/ Policarbonato<\/title>\n<meta name=\"description\" content=\"Compra Ds-kh6320-wte1 Monitor Ip Wifi Touch Screen 7 Para Videoportero Ip Video En Vivo \/ Poe Estandar \/ Apertura Remota \/ Llamada Entre Monitores \/ Audio De Dos Vias \/ Policarbonato + Env\u00edo a domicilio + Pago seguro + Garant\u00eda\" \/>\n<meta name=\"robots\" content=\"index, follow, max-snippet:-1, max-image-preview:large, max-video-preview:-1\" \/>\n<link rel=\"canonical\" href=\"https:\/\/compuviper.mx\/tienda\/producto\/hikvision-ds-kh6320-wte1-monitor-ip-wifi-touch-screen-7-para-videoportero-ip-video-en-vivo-poe-estandar-apertura-remota-llamada-entre-monitores-audio-de-dos-vias-policarbonato\/\" \/>\n<meta property=\"og:locale\" content=\"es_MX\" \/>\n<meta property=\"og:type\" content=\"article\" \/>\n<meta property=\"og:title\" content=\"[ Hikvision ] &#129351; Ds-kh6320-wte1 Monitor Ip Wifi Touch Screen 7 Para Videoportero Ip Video En Vivo \/ Poe Estandar \/ Apertura Remota \/ Llamada Entre Monitores \/ Audio De Dos Vias \/ Policarbonato\" \/>\n<meta property=\"og:description\" content=\"Compra Ds-kh6320-wte1 Monitor Ip Wifi Touch Screen 7 Para Videoportero Ip Video En Vivo \/ Poe Estandar \/ Apertura Remota \/ Llamada Entre Monitores \/ Audio De Dos Vias \/ Policarbonato + Env\u00edo a domicilio + Pago seguro + Garant\u00eda\" \/>\n<meta property=\"og:url\" content=\"https:\/\/compuviper.mx\/tienda\/producto\/hikvision-ds-kh6320-wte1-monitor-ip-wifi-touch-screen-7-para-videoportero-ip-video-en-vivo-poe-estandar-apertura-remota-llamada-entre-monitores-audio-de-dos-vias-policarbonato\/\" \/>\n<meta property=\"og:site_name\" content=\"Compuviper\" \/>\n<meta property=\"article:publisher\" content=\"https:\/\/www.facebook.com\/compuviper\" \/>\n<meta property=\"article:modified_time\" content=\"2026-04-07T05:07:58+00:00\" \/>\n<meta property=\"og:image\" content=\"https:\/\/compuviper.mx\/tienda\/wp-content\/uploads\/2023\/02\/Monitor-ip-wifi-touch-screen-7-para-videoportero-ip-hikvision-ds-kh6320-wte1-video-en-vivo-poe-estandar-apertura-remota-llamada-entre-monitores-audio-de-dos-vias-policarbonato.jpg\" \/>\n\t<meta property=\"og:image:width\" content=\"200\" \/>\n\t<meta property=\"og:image:height\" content=\"200\" \/>\n\t<meta property=\"og:image:type\" content=\"image\/jpeg\" \/>\n<meta name=\"twitter:card\" content=\"summary_large_image\" \/>\n<meta name=\"twitter:label1\" content=\"Precio\" \/>\n\t<meta name=\"twitter:data1\" content=\"&#36;1,697 con IVA\" \/>\n\t<meta name=\"twitter:label2\" content=\"Availability\" \/>\n\t<meta name=\"twitter:data2\" content=\"Out of stock\" \/>\n<script type=\"application\/ld+json\" class=\"yoast-schema-graph\">{\"@context\":\"https:\/\/schema.org\",\"@graph\":[{\"@type\":\"WebPage\",\"@id\":\"https:\/\/compuviper.mx\/tienda\/producto\/hikvision-ds-kh6320-wte1-monitor-ip-wifi-touch-screen-7-para-videoportero-ip-video-en-vivo-poe-estandar-apertura-remota-llamada-entre-monitores-audio-de-dos-vias-policarbonato\/\",\"url\":\"https:\/\/compuviper.mx\/tienda\/producto\/hikvision-ds-kh6320-wte1-monitor-ip-wifi-touch-screen-7-para-videoportero-ip-video-en-vivo-poe-estandar-apertura-remota-llamada-entre-monitores-audio-de-dos-vias-policarbonato\/\",\"name\":\"[ Hikvision ] &#129351; Ds-kh6320-wte1 Monitor Ip Wifi Touch Screen 7 Para Videoportero Ip Video En Vivo \/ Poe Estandar \/ Apertura Remota \/ Llamada Entre Monitores \/ Audio De Dos Vias \/ Policarbonato\",\"isPartOf\":{\"@id\":\"https:\/\/compuviper.mx\/tienda\/#website\"},\"datePublished\":\"2026-04-07T05:07:57+00:00\",\"dateModified\":\"2026-04-07T05:07:58+00:00\",\"description\":\"Compra Ds-kh6320-wte1 Monitor Ip Wifi Touch Screen 7 Para Videoportero Ip Video En Vivo \/ Poe Estandar \/ Apertura Remota \/ Llamada Entre Monitores \/ Audio De Dos Vias \/ Policarbonato + Env\u00edo a domicilio + Pago seguro + Garant\u00eda\",\"breadcrumb\":{\"@id\":\"https:\/\/compuviper.mx\/tienda\/producto\/hikvision-ds-kh6320-wte1-monitor-ip-wifi-touch-screen-7-para-videoportero-ip-video-en-vivo-poe-estandar-apertura-remota-llamada-entre-monitores-audio-de-dos-vias-policarbonato\/#breadcrumb\"},\"inLanguage\":\"es-MX\",\"potentialAction\":[{\"@type\":\"ReadAction\",\"target\":[\"https:\/\/compuviper.mx\/tienda\/producto\/hikvision-ds-kh6320-wte1-monitor-ip-wifi-touch-screen-7-para-videoportero-ip-video-en-vivo-poe-estandar-apertura-remota-llamada-entre-monitores-audio-de-dos-vias-policarbonato\/\"]}]},{\"@type\":\"BreadcrumbList\",\"@id\":\"https:\/\/compuviper.mx\/tienda\/producto\/hikvision-ds-kh6320-wte1-monitor-ip-wifi-touch-screen-7-para-videoportero-ip-video-en-vivo-poe-estandar-apertura-remota-llamada-entre-monitores-audio-de-dos-vias-policarbonato\/#breadcrumb\",\"itemListElement\":[{\"@type\":\"ListItem\",\"position\":1,\"name\":\"Inicio\",\"item\":\"https:\/\/compuviper.mx\/tienda\/\"},{\"@type\":\"ListItem\",\"position\":2,\"name\":\"Productos\",\"item\":\"https:\/\/compuviper.mx\/tienda\/productos\/\"},{\"@type\":\"ListItem\",\"position\":3,\"name\":\"Accesorios\",\"item\":\"https:\/\/compuviper.mx\/tienda\/categoria-producto\/accesorios\/\"},{\"@type\":\"ListItem\",\"position\":4,\"name\":\"Camaras\",\"item\":\"https:\/\/compuviper.mx\/tienda\/categoria-producto\/accesorios\/camaras\/\"},{\"@type\":\"ListItem\",\"position\":5,\"name\":\"Hikvision Ds-kh6320-wte1 Monitor Ip Wifi Touch Screen 7 Para Videoportero Ip Video En Vivo \/ Poe Estandar \/ Apertura Remota \/ Llamada Entre Monitores \/ Audio De Dos Vias \/ Policarbonato\"}]},{\"@type\":\"WebSite\",\"@id\":\"https:\/\/compuviper.mx\/tienda\/#website\",\"url\":\"https:\/\/compuviper.mx\/tienda\/\",\"name\":\"Compuviper\",\"description\":\"Proveedor de Computadoras, Laptops, Servidores, Monitores, Puntos de Venta, Teclados,   Impresoras, T\u00f3ner, C\u00e1maras de Seguridad y m\u00e1s en tu tienda en l\u00ednea\",\"publisher\":{\"@id\":\"https:\/\/compuviper.mx\/tienda\/#organization\"},\"potentialAction\":[{\"@type\":\"SearchAction\",\"target\":{\"@type\":\"EntryPoint\",\"urlTemplate\":\"https:\/\/compuviper.mx\/tienda\/?s={search_term_string}\"},\"query-input\":\"required name=search_term_string\"}],\"inLanguage\":\"es-MX\"},{\"@type\":\"Organization\",\"@id\":\"https:\/\/compuviper.mx\/tienda\/#organization\",\"name\":\"Compuviper\",\"url\":\"https:\/\/compuviper.mx\/tienda\/\",\"logo\":{\"@type\":\"ImageObject\",\"inLanguage\":\"es-MX\",\"@id\":\"https:\/\/compuviper.mx\/tienda\/#\/schema\/logo\/image\/\",\"url\":\"https:\/\/compuviper.mx\/tienda\/wp-content\/uploads\/2021\/08\/Logo-Compuviper-10.png\",\"contentUrl\":\"https:\/\/compuviper.mx\/tienda\/wp-content\/uploads\/2021\/08\/Logo-Compuviper-10.png\",\"width\":1000,\"height\":500,\"caption\":\"Compuviper\"},\"image\":{\"@id\":\"https:\/\/compuviper.mx\/tienda\/#\/schema\/logo\/image\/\"},\"sameAs\":[\"https:\/\/www.facebook.com\/compuviper\",\"https:\/\/www.youtube.com\/channel\/UCf73dERp9Y3cfOq7q8BhLjA?view_as=subscriber\"]}]}<\/script>\n<meta property=\"product:brand\" content=\"HIKVISION\" \/>\n<meta property=\"product:price:amount\" content=\"1697\" \/>\n<meta property=\"product:price:currency\" content=\"MXN\" \/>\n<meta property=\"og:availability\" content=\"out of stock\" \/>\n<meta property=\"product:availability\" content=\"out of stock\" \/>\n<meta property=\"product:retailer_item_id\" content=\"DS-KH6320-WTE1\" \/>\n<meta property=\"product:condition\" content=\"new\" \/>\n<!-- \/ Yoast SEO plugin. -->","yoast_head_json":{"title":"[ Hikvision ] &#129351; Ds-kh6320-wte1 Monitor Ip Wifi Touch Screen 7 Para Videoportero Ip Video En Vivo \/ Poe Estandar \/ Apertura Remota \/ Llamada Entre Monitores \/ Audio De Dos Vias \/ Policarbonato","description":"Compra Ds-kh6320-wte1 Monitor Ip Wifi Touch Screen 7 Para Videoportero Ip Video En Vivo \/ Poe Estandar \/ Apertura Remota \/ Llamada Entre Monitores \/ Audio De Dos Vias \/ Policarbonato + Env\u00edo a domicilio + Pago seguro + Garant\u00eda","robots":{"index":"index","follow":"follow","max-snippet":"max-snippet:-1","max-image-preview":"max-image-preview:large","max-video-preview":"max-video-preview:-1"},"canonical":"https:\/\/compuviper.mx\/tienda\/producto\/hikvision-ds-kh6320-wte1-monitor-ip-wifi-touch-screen-7-para-videoportero-ip-video-en-vivo-poe-estandar-apertura-remota-llamada-entre-monitores-audio-de-dos-vias-policarbonato\/","og_locale":"es_MX","og_type":"article","og_title":"[ Hikvision ] &#129351; Ds-kh6320-wte1 Monitor Ip Wifi Touch Screen 7 Para Videoportero Ip Video En Vivo \/ Poe Estandar \/ Apertura Remota \/ Llamada Entre Monitores \/ Audio De Dos Vias \/ Policarbonato","og_description":"Compra Ds-kh6320-wte1 Monitor Ip Wifi Touch Screen 7 Para Videoportero Ip Video En Vivo \/ Poe Estandar \/ Apertura Remota \/ Llamada Entre Monitores \/ Audio De Dos Vias \/ Policarbonato + Env\u00edo a domicilio + Pago seguro + Garant\u00eda","og_url":"https:\/\/compuviper.mx\/tienda\/producto\/hikvision-ds-kh6320-wte1-monitor-ip-wifi-touch-screen-7-para-videoportero-ip-video-en-vivo-poe-estandar-apertura-remota-llamada-entre-monitores-audio-de-dos-vias-policarbonato\/","og_site_name":"Compuviper","article_publisher":"https:\/\/www.facebook.com\/compuviper","article_modified_time":"2026-04-07T05:07:58+00:00","og_image":[{"width":200,"height":200,"url":"https:\/\/compuviper.mx\/tienda\/wp-content\/uploads\/2023\/02\/Monitor-ip-wifi-touch-screen-7-para-videoportero-ip-hikvision-ds-kh6320-wte1-video-en-vivo-poe-estandar-apertura-remota-llamada-entre-monitores-audio-de-dos-vias-policarbonato.jpg","type":"image\/jpeg"}],"twitter_card":"summary_large_image","twitter_misc":{"Precio":"&#36;1,697 con IVA","Availability":"Out of stock"},"schema":{"@context":"https:\/\/schema.org","@graph":[{"@type":"WebPage","@id":"https:\/\/compuviper.mx\/tienda\/producto\/hikvision-ds-kh6320-wte1-monitor-ip-wifi-touch-screen-7-para-videoportero-ip-video-en-vivo-poe-estandar-apertura-remota-llamada-entre-monitores-audio-de-dos-vias-policarbonato\/","url":"https:\/\/compuviper.mx\/tienda\/producto\/hikvision-ds-kh6320-wte1-monitor-ip-wifi-touch-screen-7-para-videoportero-ip-video-en-vivo-poe-estandar-apertura-remota-llamada-entre-monitores-audio-de-dos-vias-policarbonato\/","name":"[ Hikvision ] &#129351; Ds-kh6320-wte1 Monitor Ip Wifi Touch Screen 7 Para Videoportero Ip Video En Vivo \/ Poe Estandar \/ Apertura Remota \/ Llamada Entre Monitores \/ Audio De Dos Vias \/ Policarbonato","isPartOf":{"@id":"https:\/\/compuviper.mx\/tienda\/#website"},"datePublished":"2026-04-07T05:07:57+00:00","dateModified":"2026-04-07T05:07:58+00:00","description":"Compra Ds-kh6320-wte1 Monitor Ip Wifi Touch Screen 7 Para Videoportero Ip Video En Vivo \/ Poe Estandar \/ Apertura Remota \/ Llamada Entre Monitores \/ Audio De Dos Vias \/ Policarbonato + Env\u00edo a domicilio + Pago seguro + Garant\u00eda","breadcrumb":{"@id":"https:\/\/compuviper.mx\/tienda\/producto\/hikvision-ds-kh6320-wte1-monitor-ip-wifi-touch-screen-7-para-videoportero-ip-video-en-vivo-poe-estandar-apertura-remota-llamada-entre-monitores-audio-de-dos-vias-policarbonato\/#breadcrumb"},"inLanguage":"es-MX","potentialAction":[{"@type":"ReadAction","target":["https:\/\/compuviper.mx\/tienda\/producto\/hikvision-ds-kh6320-wte1-monitor-ip-wifi-touch-screen-7-para-videoportero-ip-video-en-vivo-poe-estandar-apertura-remota-llamada-entre-monitores-audio-de-dos-vias-policarbonato\/"]}]},{"@type":"BreadcrumbList","@id":"https:\/\/compuviper.mx\/tienda\/producto\/hikvision-ds-kh6320-wte1-monitor-ip-wifi-touch-screen-7-para-videoportero-ip-video-en-vivo-poe-estandar-apertura-remota-llamada-entre-monitores-audio-de-dos-vias-policarbonato\/#breadcrumb","itemListElement":[{"@type":"ListItem","position":1,"name":"Inicio","item":"https:\/\/compuviper.mx\/tienda\/"},{"@type":"ListItem","position":2,"name":"Productos","item":"https:\/\/compuviper.mx\/tienda\/productos\/"},{"@type":"ListItem","position":3,"name":"Accesorios","item":"https:\/\/compuviper.mx\/tienda\/categoria-producto\/accesorios\/"},{"@type":"ListItem","position":4,"name":"Camaras","item":"https:\/\/compuviper.mx\/tienda\/categoria-producto\/accesorios\/camaras\/"},{"@type":"ListItem","position":5,"name":"Hikvision Ds-kh6320-wte1 Monitor Ip Wifi Touch Screen 7 Para Videoportero Ip Video En Vivo \/ Poe Estandar \/ Apertura Remota \/ Llamada Entre Monitores \/ Audio De Dos Vias \/ Policarbonato"}]},{"@type":"WebSite","@id":"https:\/\/compuviper.mx\/tienda\/#website","url":"https:\/\/compuviper.mx\/tienda\/","name":"Compuviper","description":"Proveedor de Computadoras, Laptops, Servidores, Monitores, Puntos de Venta, Teclados,   Impresoras, T\u00f3ner, C\u00e1maras de Seguridad y m\u00e1s en tu tienda en l\u00ednea","publisher":{"@id":"https:\/\/compuviper.mx\/tienda\/#organization"},"potentialAction":[{"@type":"SearchAction","target":{"@type":"EntryPoint","urlTemplate":"https:\/\/compuviper.mx\/tienda\/?s={search_term_string}"},"query-input":"required name=search_term_string"}],"inLanguage":"es-MX"},{"@type":"Organization","@id":"https:\/\/compuviper.mx\/tienda\/#organization","name":"Compuviper","url":"https:\/\/compuviper.mx\/tienda\/","logo":{"@type":"ImageObject","inLanguage":"es-MX","@id":"https:\/\/compuviper.mx\/tienda\/#\/schema\/logo\/image\/","url":"https:\/\/compuviper.mx\/tienda\/wp-content\/uploads\/2021\/08\/Logo-Compuviper-10.png","contentUrl":"https:\/\/compuviper.mx\/tienda\/wp-content\/uploads\/2021\/08\/Logo-Compuviper-10.png","width":1000,"height":500,"caption":"Compuviper"},"image":{"@id":"https:\/\/compuviper.mx\/tienda\/#\/schema\/logo\/image\/"},"sameAs":["https:\/\/www.facebook.com\/compuviper","https:\/\/www.youtube.com\/channel\/UCf73dERp9Y3cfOq7q8BhLjA?view_as=subscriber"]}]},"product_brand":"HIKVISION","product_price_amount":"1697","product_price_currency":"MXN","og_availability":"out of stock","product_availability":"out of stock","product_retailer_item_id":"DS-KH6320-WTE1","product_condition":"new"},"_links":{"self":[{"href":"https:\/\/compuviper.mx\/tienda\/wp-json\/wp\/v2\/product\/159692"}],"collection":[{"href":"https:\/\/compuviper.mx\/tienda\/wp-json\/wp\/v2\/product"}],"about":[{"href":"https:\/\/compuviper.mx\/tienda\/wp-json\/wp\/v2\/types\/product"}],"replies":[{"embeddable":true,"href":"https:\/\/compuviper.mx\/tienda\/wp-json\/wp\/v2\/comments?post=159692"}],"wp:featuredmedia":[{"embeddable":true,"href":"https:\/\/compuviper.mx\/tienda\/wp-json\/wp\/v2\/media\/164318"}],"wp:attachment":[{"href":"https:\/\/compuviper.mx\/tienda\/wp-json\/wp\/v2\/media?parent=159692"}],"wp:term":[{"taxonomy":"product_cat","embeddable":true,"href":"https:\/\/compuviper.mx\/tienda\/wp-json\/wp\/v2\/product_cat?post=159692"},{"taxonomy":"product_tag","embeddable":true,"href":"https:\/\/compuviper.mx\/tienda\/wp-json\/wp\/v2\/product_tag?post=159692"}],"curies":[{"name":"wp","href":"https:\/\/api.w.org\/{rel}","templated":true}]}}