{"id":159500,"date":"2026-04-21T23:07:55","date_gmt":"2026-04-22T05:07:55","guid":{"rendered":"https:\/\/compuviper.mx\/tienda\/producto\/brobotix-6001189-docking-4-en-1-usb-c-macho-x1-a-usb-a-v3-0-x4-con-switch-negro\/"},"modified":"2026-04-21T23:07:55","modified_gmt":"2026-04-22T05:07:55","slug":"brobotix-6001189-docking-station-4-en-1-usb-c-macho-x1-a-usb-a-v3-0-x4-con-switch-negro","status":"publish","type":"product","link":"https:\/\/compuviper.mx\/tienda\/producto\/brobotix-6001189-docking-station-4-en-1-usb-c-macho-x1-a-usb-a-v3-0-x4-con-switch-negro\/","title":{"rendered":"Brobotix 6001189 Docking Station  4 En 1, Usb-c Macho X1 A Usb-a V3.0 X4, Con Switch, Negro"},"content":{"rendered":"<table class=\"descripcion\">\n<tr>\n<td>Docking 4 en 1: usb v3.0 tipo c a 4 puertos usb v3.0, con switch<\/td>\n<\/tr>\n<tr>\n<td>Especificaciones<\/td>\n<\/tr>\n<tr>\n<td>3 puertos usb en una misma cara frontal del hub y 1 puerto usb en la cara inferior del hub.<\/td>\n<\/tr>\n<tr>\n<td>Plug and play.<\/td>\n<\/tr>\n<tr>\n<td>Soporta usb v3.0 \/ 2.0 \/ 1.1<\/td>\n<\/tr>\n<tr>\n<td>Velocidad de transmision: 5 gbps (usb v3.0)<\/td>\n<\/tr>\n<tr>\n<td>Poder 5 vcc.<\/td>\n<\/tr>\n<tr>\n<td>Compatible con windows 10 \/ 8.1 \/ 7 (sp1) \/ vista (sp2) \/ xp (sp3), mac os x 10.6 \/ os x 10.7 &#8211; 10.8<\/td>\n<\/tr>\n<\/table>\n","protected":false},"excerpt":{"rendered":"<p>Docking 4 en 1: usb v3.0 tipo c a 4 puertos usb v3.0, con switch. Docking hub usb v3.0. Alta velocidad. 4 puertos usb tipo a. Presentacion metalico. Conecta cualquier tipo de dispositivos usb tipo a. Equipado con switch de encendido\/apagado. Luz indicadora led. Tamano compacto perfecto para computadoras de escritorio y portatiles. Transfiere y comparte datos de manera inmediata. Especificaciones. 3 puertos usb en una misma cara frontal del hub y 1 puerto usb en la cara inferior del hub. Plug and play. Soporta usb v3.0 \/ 2.0 \/ 1.1. Velocidad de transmision: 5 gbps (usb v3.0. Poder 5 vcc. Compatible con windows 10 \/ 8.1 \/ 7 (sp1) \/ vista (sp2) \/ xp (sp3), mac os x 10.6 \/ os x 10.7 &#8211; 10.8<\/p>\n","protected":false},"featured_media":164305,"comment_status":"open","ping_status":"open","template":"","meta":[],"product_cat":[1485,1506],"product_tag":[2142],"acf":[],"yoast_head":"<!-- This site is optimized with the Yoast SEO plugin v21.7 - https:\/\/yoast.com\/wordpress\/plugins\/seo\/ -->\n<title>[ Brobotix ] &#129351; 6001189 Docking Station 4 En 1, Usb-c Macho X1 A Usb-a V3.0 X4, Con Switch, Negro<\/title>\n<meta name=\"description\" content=\"Compra 6001189 Docking Station 4 En 1, Usb-c Macho X1 A Usb-a V3.0 X4, Con Switch, Negro + Env\u00edo a domicilio + Pago seguro + Garant\u00eda\" \/>\n<meta name=\"robots\" content=\"index, follow, max-snippet:-1, max-image-preview:large, max-video-preview:-1\" \/>\n<link rel=\"canonical\" href=\"https:\/\/compuviper.mx\/tienda\/producto\/brobotix-6001189-docking-station-4-en-1-usb-c-macho-x1-a-usb-a-v3-0-x4-con-switch-negro\/\" \/>\n<meta property=\"og:locale\" content=\"es_MX\" \/>\n<meta property=\"og:type\" content=\"article\" \/>\n<meta property=\"og:title\" content=\"[ Brobotix ] &#129351; 6001189 Docking Station 4 En 1, Usb-c Macho X1 A Usb-a V3.0 X4, Con Switch, Negro\" \/>\n<meta property=\"og:description\" content=\"Compra 6001189 Docking Station 4 En 1, Usb-c Macho X1 A Usb-a V3.0 X4, Con Switch, Negro + Env\u00edo a domicilio + Pago seguro + Garant\u00eda\" \/>\n<meta property=\"og:url\" content=\"https:\/\/compuviper.mx\/tienda\/producto\/brobotix-6001189-docking-station-4-en-1-usb-c-macho-x1-a-usb-a-v3-0-x4-con-switch-negro\/\" \/>\n<meta property=\"og:site_name\" content=\"Compuviper\" \/>\n<meta property=\"article:publisher\" content=\"https:\/\/www.facebook.com\/compuviper\" \/>\n<meta property=\"og:image\" content=\"https:\/\/compuviper.mx\/tienda\/wp-content\/uploads\/2023\/02\/Docking-brobotix-4-en-1-usb-c-macho-x1-a-usb-a-v3.0-x4-con-switch-negro.jpg\" \/>\n\t<meta property=\"og:image:width\" content=\"200\" \/>\n\t<meta property=\"og:image:height\" content=\"200\" \/>\n\t<meta property=\"og:image:type\" content=\"image\/jpeg\" \/>\n<meta name=\"twitter:card\" content=\"summary_large_image\" \/>\n<meta name=\"twitter:label1\" content=\"Precio\" \/>\n\t<meta name=\"twitter:data1\" content=\"&#36;265 con IVA\" \/>\n\t<meta name=\"twitter:label2\" content=\"Availability\" \/>\n\t<meta name=\"twitter:data2\" content=\"Out of stock\" \/>\n<script type=\"application\/ld+json\" class=\"yoast-schema-graph\">{\"@context\":\"https:\/\/schema.org\",\"@graph\":[{\"@type\":\"WebPage\",\"@id\":\"https:\/\/compuviper.mx\/tienda\/producto\/brobotix-6001189-docking-station-4-en-1-usb-c-macho-x1-a-usb-a-v3-0-x4-con-switch-negro\/\",\"url\":\"https:\/\/compuviper.mx\/tienda\/producto\/brobotix-6001189-docking-station-4-en-1-usb-c-macho-x1-a-usb-a-v3-0-x4-con-switch-negro\/\",\"name\":\"[ Brobotix ] &#129351; 6001189 Docking Station 4 En 1, Usb-c Macho X1 A Usb-a V3.0 X4, Con Switch, Negro\",\"isPartOf\":{\"@id\":\"https:\/\/compuviper.mx\/tienda\/#website\"},\"datePublished\":\"2026-04-22T05:07:55+00:00\",\"dateModified\":\"2026-04-22T05:07:55+00:00\",\"description\":\"Compra 6001189 Docking Station 4 En 1, Usb-c Macho X1 A Usb-a V3.0 X4, Con Switch, Negro + Env\u00edo a domicilio + Pago seguro + Garant\u00eda\",\"breadcrumb\":{\"@id\":\"https:\/\/compuviper.mx\/tienda\/producto\/brobotix-6001189-docking-station-4-en-1-usb-c-macho-x1-a-usb-a-v3-0-x4-con-switch-negro\/#breadcrumb\"},\"inLanguage\":\"es-MX\",\"potentialAction\":[{\"@type\":\"ReadAction\",\"target\":[\"https:\/\/compuviper.mx\/tienda\/producto\/brobotix-6001189-docking-station-4-en-1-usb-c-macho-x1-a-usb-a-v3-0-x4-con-switch-negro\/\"]}]},{\"@type\":\"BreadcrumbList\",\"@id\":\"https:\/\/compuviper.mx\/tienda\/producto\/brobotix-6001189-docking-station-4-en-1-usb-c-macho-x1-a-usb-a-v3-0-x4-con-switch-negro\/#breadcrumb\",\"itemListElement\":[{\"@type\":\"ListItem\",\"position\":1,\"name\":\"Inicio\",\"item\":\"https:\/\/compuviper.mx\/tienda\/\"},{\"@type\":\"ListItem\",\"position\":2,\"name\":\"Productos\",\"item\":\"https:\/\/compuviper.mx\/tienda\/productos\/\"},{\"@type\":\"ListItem\",\"position\":3,\"name\":\"Accesorios\",\"item\":\"https:\/\/compuviper.mx\/tienda\/categoria-producto\/accesorios\/\"},{\"@type\":\"ListItem\",\"position\":4,\"name\":\"Conectividad\",\"item\":\"https:\/\/compuviper.mx\/tienda\/categoria-producto\/accesorios\/conectividad\/\"},{\"@type\":\"ListItem\",\"position\":5,\"name\":\"Brobotix 6001189 Docking Station 4 En 1, Usb-c Macho X1 A Usb-a V3.0 X4, Con Switch, Negro\"}]},{\"@type\":\"WebSite\",\"@id\":\"https:\/\/compuviper.mx\/tienda\/#website\",\"url\":\"https:\/\/compuviper.mx\/tienda\/\",\"name\":\"Compuviper\",\"description\":\"Proveedor de Computadoras, Laptops, Servidores, Monitores, Puntos de Venta, Teclados,   Impresoras, T\u00f3ner, C\u00e1maras de Seguridad y m\u00e1s en tu tienda en l\u00ednea\",\"publisher\":{\"@id\":\"https:\/\/compuviper.mx\/tienda\/#organization\"},\"potentialAction\":[{\"@type\":\"SearchAction\",\"target\":{\"@type\":\"EntryPoint\",\"urlTemplate\":\"https:\/\/compuviper.mx\/tienda\/?s={search_term_string}\"},\"query-input\":\"required name=search_term_string\"}],\"inLanguage\":\"es-MX\"},{\"@type\":\"Organization\",\"@id\":\"https:\/\/compuviper.mx\/tienda\/#organization\",\"name\":\"Compuviper\",\"url\":\"https:\/\/compuviper.mx\/tienda\/\",\"logo\":{\"@type\":\"ImageObject\",\"inLanguage\":\"es-MX\",\"@id\":\"https:\/\/compuviper.mx\/tienda\/#\/schema\/logo\/image\/\",\"url\":\"https:\/\/compuviper.mx\/tienda\/wp-content\/uploads\/2021\/08\/Logo-Compuviper-10.png\",\"contentUrl\":\"https:\/\/compuviper.mx\/tienda\/wp-content\/uploads\/2021\/08\/Logo-Compuviper-10.png\",\"width\":1000,\"height\":500,\"caption\":\"Compuviper\"},\"image\":{\"@id\":\"https:\/\/compuviper.mx\/tienda\/#\/schema\/logo\/image\/\"},\"sameAs\":[\"https:\/\/www.facebook.com\/compuviper\",\"https:\/\/www.youtube.com\/channel\/UCf73dERp9Y3cfOq7q8BhLjA?view_as=subscriber\"]}]}<\/script>\n<meta property=\"product:brand\" content=\"Brobotix\" \/>\n<meta property=\"product:price:amount\" content=\"265\" \/>\n<meta property=\"product:price:currency\" content=\"MXN\" \/>\n<meta property=\"og:availability\" content=\"out of stock\" \/>\n<meta property=\"product:availability\" content=\"out of stock\" \/>\n<meta property=\"product:retailer_item_id\" content=\"6001189\" \/>\n<meta property=\"product:condition\" content=\"new\" \/>\n<!-- \/ Yoast SEO plugin. -->","yoast_head_json":{"title":"[ Brobotix ] &#129351; 6001189 Docking Station 4 En 1, Usb-c Macho X1 A Usb-a V3.0 X4, Con Switch, Negro","description":"Compra 6001189 Docking Station 4 En 1, Usb-c Macho X1 A Usb-a V3.0 X4, Con Switch, Negro + Env\u00edo a domicilio + Pago seguro + Garant\u00eda","robots":{"index":"index","follow":"follow","max-snippet":"max-snippet:-1","max-image-preview":"max-image-preview:large","max-video-preview":"max-video-preview:-1"},"canonical":"https:\/\/compuviper.mx\/tienda\/producto\/brobotix-6001189-docking-station-4-en-1-usb-c-macho-x1-a-usb-a-v3-0-x4-con-switch-negro\/","og_locale":"es_MX","og_type":"article","og_title":"[ Brobotix ] &#129351; 6001189 Docking Station 4 En 1, Usb-c Macho X1 A Usb-a V3.0 X4, Con Switch, Negro","og_description":"Compra 6001189 Docking Station 4 En 1, Usb-c Macho X1 A Usb-a V3.0 X4, Con Switch, Negro + Env\u00edo a domicilio + Pago seguro + Garant\u00eda","og_url":"https:\/\/compuviper.mx\/tienda\/producto\/brobotix-6001189-docking-station-4-en-1-usb-c-macho-x1-a-usb-a-v3-0-x4-con-switch-negro\/","og_site_name":"Compuviper","article_publisher":"https:\/\/www.facebook.com\/compuviper","og_image":[{"width":200,"height":200,"url":"https:\/\/compuviper.mx\/tienda\/wp-content\/uploads\/2023\/02\/Docking-brobotix-4-en-1-usb-c-macho-x1-a-usb-a-v3.0-x4-con-switch-negro.jpg","type":"image\/jpeg"}],"twitter_card":"summary_large_image","twitter_misc":{"Precio":"&#36;265 con IVA","Availability":"Out of stock"},"schema":{"@context":"https:\/\/schema.org","@graph":[{"@type":"WebPage","@id":"https:\/\/compuviper.mx\/tienda\/producto\/brobotix-6001189-docking-station-4-en-1-usb-c-macho-x1-a-usb-a-v3-0-x4-con-switch-negro\/","url":"https:\/\/compuviper.mx\/tienda\/producto\/brobotix-6001189-docking-station-4-en-1-usb-c-macho-x1-a-usb-a-v3-0-x4-con-switch-negro\/","name":"[ Brobotix ] &#129351; 6001189 Docking Station 4 En 1, Usb-c Macho X1 A Usb-a V3.0 X4, Con Switch, Negro","isPartOf":{"@id":"https:\/\/compuviper.mx\/tienda\/#website"},"datePublished":"2026-04-22T05:07:55+00:00","dateModified":"2026-04-22T05:07:55+00:00","description":"Compra 6001189 Docking Station 4 En 1, Usb-c Macho X1 A Usb-a V3.0 X4, Con Switch, Negro + Env\u00edo a domicilio + Pago seguro + Garant\u00eda","breadcrumb":{"@id":"https:\/\/compuviper.mx\/tienda\/producto\/brobotix-6001189-docking-station-4-en-1-usb-c-macho-x1-a-usb-a-v3-0-x4-con-switch-negro\/#breadcrumb"},"inLanguage":"es-MX","potentialAction":[{"@type":"ReadAction","target":["https:\/\/compuviper.mx\/tienda\/producto\/brobotix-6001189-docking-station-4-en-1-usb-c-macho-x1-a-usb-a-v3-0-x4-con-switch-negro\/"]}]},{"@type":"BreadcrumbList","@id":"https:\/\/compuviper.mx\/tienda\/producto\/brobotix-6001189-docking-station-4-en-1-usb-c-macho-x1-a-usb-a-v3-0-x4-con-switch-negro\/#breadcrumb","itemListElement":[{"@type":"ListItem","position":1,"name":"Inicio","item":"https:\/\/compuviper.mx\/tienda\/"},{"@type":"ListItem","position":2,"name":"Productos","item":"https:\/\/compuviper.mx\/tienda\/productos\/"},{"@type":"ListItem","position":3,"name":"Accesorios","item":"https:\/\/compuviper.mx\/tienda\/categoria-producto\/accesorios\/"},{"@type":"ListItem","position":4,"name":"Conectividad","item":"https:\/\/compuviper.mx\/tienda\/categoria-producto\/accesorios\/conectividad\/"},{"@type":"ListItem","position":5,"name":"Brobotix 6001189 Docking Station 4 En 1, Usb-c Macho X1 A Usb-a V3.0 X4, Con Switch, Negro"}]},{"@type":"WebSite","@id":"https:\/\/compuviper.mx\/tienda\/#website","url":"https:\/\/compuviper.mx\/tienda\/","name":"Compuviper","description":"Proveedor de Computadoras, Laptops, Servidores, Monitores, Puntos de Venta, Teclados,   Impresoras, T\u00f3ner, C\u00e1maras de Seguridad y m\u00e1s en tu tienda en l\u00ednea","publisher":{"@id":"https:\/\/compuviper.mx\/tienda\/#organization"},"potentialAction":[{"@type":"SearchAction","target":{"@type":"EntryPoint","urlTemplate":"https:\/\/compuviper.mx\/tienda\/?s={search_term_string}"},"query-input":"required name=search_term_string"}],"inLanguage":"es-MX"},{"@type":"Organization","@id":"https:\/\/compuviper.mx\/tienda\/#organization","name":"Compuviper","url":"https:\/\/compuviper.mx\/tienda\/","logo":{"@type":"ImageObject","inLanguage":"es-MX","@id":"https:\/\/compuviper.mx\/tienda\/#\/schema\/logo\/image\/","url":"https:\/\/compuviper.mx\/tienda\/wp-content\/uploads\/2021\/08\/Logo-Compuviper-10.png","contentUrl":"https:\/\/compuviper.mx\/tienda\/wp-content\/uploads\/2021\/08\/Logo-Compuviper-10.png","width":1000,"height":500,"caption":"Compuviper"},"image":{"@id":"https:\/\/compuviper.mx\/tienda\/#\/schema\/logo\/image\/"},"sameAs":["https:\/\/www.facebook.com\/compuviper","https:\/\/www.youtube.com\/channel\/UCf73dERp9Y3cfOq7q8BhLjA?view_as=subscriber"]}]},"product_brand":"Brobotix","product_price_amount":"265","product_price_currency":"MXN","og_availability":"out of stock","product_availability":"out of stock","product_retailer_item_id":"6001189","product_condition":"new"},"_links":{"self":[{"href":"https:\/\/compuviper.mx\/tienda\/wp-json\/wp\/v2\/product\/159500"}],"collection":[{"href":"https:\/\/compuviper.mx\/tienda\/wp-json\/wp\/v2\/product"}],"about":[{"href":"https:\/\/compuviper.mx\/tienda\/wp-json\/wp\/v2\/types\/product"}],"replies":[{"embeddable":true,"href":"https:\/\/compuviper.mx\/tienda\/wp-json\/wp\/v2\/comments?post=159500"}],"wp:featuredmedia":[{"embeddable":true,"href":"https:\/\/compuviper.mx\/tienda\/wp-json\/wp\/v2\/media\/164305"}],"wp:attachment":[{"href":"https:\/\/compuviper.mx\/tienda\/wp-json\/wp\/v2\/media?parent=159500"}],"wp:term":[{"taxonomy":"product_cat","embeddable":true,"href":"https:\/\/compuviper.mx\/tienda\/wp-json\/wp\/v2\/product_cat?post=159500"},{"taxonomy":"product_tag","embeddable":true,"href":"https:\/\/compuviper.mx\/tienda\/wp-json\/wp\/v2\/product_tag?post=159500"}],"curies":[{"name":"wp","href":"https:\/\/api.w.org\/{rel}","templated":true}]}}