{"id":159374,"date":"2026-04-01T23:09:01","date_gmt":"2026-04-02T05:09:01","guid":{"rendered":"https:\/\/compuviper.mx\/tienda\/producto\/peerless-av-aec0810-columna-de-extensin-ajustable-peerless-av-de-2-43-a-3-04-mts-y-capacidad-de-carga-de-hasta-227-kg\/"},"modified":"2026-04-01T23:09:01","modified_gmt":"2026-04-02T05:09:01","slug":"peerless-av-aec0810-columna-de-extensin-ajustable-peerless-av-de-2-43-a-3-04-mts-y-capacidad-de-carga-de-hasta-227-kg","status":"publish","type":"product","link":"https:\/\/compuviper.mx\/tienda\/producto\/peerless-av-aec0810-columna-de-extensin-ajustable-peerless-av-de-2-43-a-3-04-mts-y-capacidad-de-carga-de-hasta-227-kg\/","title":{"rendered":"Peerless-av Aec0810 Columna De Extensi?n Ajustable Peerless- Av  De 2.43 A 3.04 Mts Y Capacidad De Carga De Hasta 227 Kg."},"content":{"rendered":"<table class=\"descripcion\">\n<tr>\n<td>Especificaciones del producto<\/td>\n<\/tr>\n<tr>\n<td>Capacidad de peso500 libras (227 kg)<\/td>\n<\/tr>\n<tr>\n<td>Color negro<\/td>\n<\/tr>\n<tr>\n<td>Distancia desde el techo 96 &#8211; 120 (2440 &#8211; 3050 mm)<\/td>\n<\/tr>\n<tr>\n<td>Caracter\u00edsticas de seguridad<\/td>\n<\/tr>\n<tr>\n<td>Hardware no relacionado con la seguridad<\/td>\n<\/tr>\n<tr>\n<td>Especificaciones del paquete<\/td>\n<\/tr>\n<tr>\n<td>Peso de env\u00edo 4.14 kg<\/td>\n<\/tr>\n<tr>\n<td>Dimensiones del empaque 76 x 76 x 2464 mm<\/td>\n<\/tr>\n<tr>\n<td>C\u00f3digo upc 735029267065<\/td>\n<\/tr>\n<\/table>\n","protected":false},"excerpt":{"rendered":"<p>Dise\u00f1ada para integrarse y funcionar en casi cualquier entorno, nuestra l\u00ednea de columnas ajustables aec var\u00eda en longitudes desde 6-9 hasta 1-12. Ya sea para una oficina o montada desde un techo alto de catedral, la columna ajustable soporta hasta a 5 lb, lo que la hace ideal para aplicaciones de exhibici\u00f3n, comercio minorista o se\u00f1alizaci\u00f3n digital. El dise\u00f1o de la ranura de ajuste facilita los ajustes de altura incrementales para encontrar la posici\u00f3n perfecta y luego bloquearla de forma segura en su lugar. La forma cil\u00edndrica de la columna aec ofrece convenientemente un amplio espacio interno para el cable gesti\u00f3n de m\u00faltiples cables, dando finalmente un aspecto limpio a cualquier instalaci\u00f3n.<\/p>\n","protected":false},"featured_media":164299,"comment_status":"open","ping_status":"open","template":"","meta":[],"product_cat":[2267,2265],"product_tag":[1904],"acf":[],"yoast_head":"<!-- This site is optimized with the Yoast SEO plugin v21.7 - https:\/\/yoast.com\/wordpress\/plugins\/seo\/ -->\n<title>[ Peerless-av ] &#129351; Aec0810 Columna De Extensi\u00f3n Ajustable Peerless- Av De 2.43 A 3.04 Mts Y Capacidad De Carga De Hasta 227 Kg.<\/title>\n<meta name=\"description\" content=\"Compra Aec0810 Columna De Extensi\u00f3n Ajustable Peerless- Av De 2.43 A 3.04 Mts Y Capacidad De Carga De Hasta 227 Kg. + Env\u00edo a domicilio + Pago seguro + Garant\u00eda\" \/>\n<meta name=\"robots\" content=\"index, follow, max-snippet:-1, max-image-preview:large, max-video-preview:-1\" \/>\n<link rel=\"canonical\" href=\"https:\/\/compuviper.mx\/tienda\/producto\/peerless-av-aec0810-columna-de-extensin-ajustable-peerless-av-de-2-43-a-3-04-mts-y-capacidad-de-carga-de-hasta-227-kg\/\" \/>\n<meta property=\"og:locale\" content=\"es_MX\" \/>\n<meta property=\"og:type\" content=\"article\" \/>\n<meta property=\"og:title\" content=\"[ Peerless-av ] &#129351; Aec0810 Columna De Extensi\u00f3n Ajustable Peerless- Av De 2.43 A 3.04 Mts Y Capacidad De Carga De Hasta 227 Kg.\" \/>\n<meta property=\"og:description\" content=\"Compra Aec0810 Columna De Extensi\u00f3n Ajustable Peerless- Av De 2.43 A 3.04 Mts Y Capacidad De Carga De Hasta 227 Kg. + Env\u00edo a domicilio + Pago seguro + Garant\u00eda\" \/>\n<meta property=\"og:url\" content=\"https:\/\/compuviper.mx\/tienda\/producto\/peerless-av-aec0810-columna-de-extensin-ajustable-peerless-av-de-2-43-a-3-04-mts-y-capacidad-de-carga-de-hasta-227-kg\/\" \/>\n<meta property=\"og:site_name\" content=\"Compuviper\" \/>\n<meta property=\"article:publisher\" content=\"https:\/\/www.facebook.com\/compuviper\" \/>\n<meta property=\"og:image\" content=\"https:\/\/compuviper.mx\/tienda\/wp-content\/uploads\/2023\/02\/Columna-de-extension-ajustable-peerless-av-aec0810-de-2.43-a-3.04-mts-y-capacidad-de-carga-de-hasta-227-kg.jpg\" \/>\n\t<meta property=\"og:image:width\" content=\"200\" \/>\n\t<meta property=\"og:image:height\" content=\"200\" \/>\n\t<meta property=\"og:image:type\" content=\"image\/jpeg\" \/>\n<meta name=\"twitter:card\" content=\"summary_large_image\" \/>\n<meta name=\"twitter:label1\" content=\"Precio\" \/>\n\t<meta name=\"twitter:data1\" content=\"&#36;5,853 con IVA\" \/>\n\t<meta name=\"twitter:label2\" content=\"Availability\" \/>\n\t<meta name=\"twitter:data2\" content=\"On backorder\" \/>\n<script type=\"application\/ld+json\" class=\"yoast-schema-graph\">{\"@context\":\"https:\/\/schema.org\",\"@graph\":[{\"@type\":\"WebPage\",\"@id\":\"https:\/\/compuviper.mx\/tienda\/producto\/peerless-av-aec0810-columna-de-extensin-ajustable-peerless-av-de-2-43-a-3-04-mts-y-capacidad-de-carga-de-hasta-227-kg\/\",\"url\":\"https:\/\/compuviper.mx\/tienda\/producto\/peerless-av-aec0810-columna-de-extensin-ajustable-peerless-av-de-2-43-a-3-04-mts-y-capacidad-de-carga-de-hasta-227-kg\/\",\"name\":\"[ Peerless-av ] &#129351; Aec0810 Columna De Extensi\u00f3n Ajustable Peerless- Av De 2.43 A 3.04 Mts Y Capacidad De Carga De Hasta 227 Kg.\",\"isPartOf\":{\"@id\":\"https:\/\/compuviper.mx\/tienda\/#website\"},\"datePublished\":\"2026-04-02T05:09:01+00:00\",\"dateModified\":\"2026-04-02T05:09:01+00:00\",\"description\":\"Compra Aec0810 Columna De Extensi\u00f3n Ajustable Peerless- Av De 2.43 A 3.04 Mts Y Capacidad De Carga De Hasta 227 Kg. + Env\u00edo a domicilio + Pago seguro + Garant\u00eda\",\"breadcrumb\":{\"@id\":\"https:\/\/compuviper.mx\/tienda\/producto\/peerless-av-aec0810-columna-de-extensin-ajustable-peerless-av-de-2-43-a-3-04-mts-y-capacidad-de-carga-de-hasta-227-kg\/#breadcrumb\"},\"inLanguage\":\"es-MX\",\"potentialAction\":[{\"@type\":\"ReadAction\",\"target\":[\"https:\/\/compuviper.mx\/tienda\/producto\/peerless-av-aec0810-columna-de-extensin-ajustable-peerless-av-de-2-43-a-3-04-mts-y-capacidad-de-carga-de-hasta-227-kg\/\"]}]},{\"@type\":\"BreadcrumbList\",\"@id\":\"https:\/\/compuviper.mx\/tienda\/producto\/peerless-av-aec0810-columna-de-extensin-ajustable-peerless-av-de-2-43-a-3-04-mts-y-capacidad-de-carga-de-hasta-227-kg\/#breadcrumb\",\"itemListElement\":[{\"@type\":\"ListItem\",\"position\":1,\"name\":\"Inicio\",\"item\":\"https:\/\/compuviper.mx\/tienda\/\"},{\"@type\":\"ListItem\",\"position\":2,\"name\":\"Productos\",\"item\":\"https:\/\/compuviper.mx\/tienda\/productos\/\"},{\"@type\":\"ListItem\",\"position\":3,\"name\":\"Soportes Y Bases P\/tv\/ Proyectores\/dvd\/consolas\/bocinas\/pantallas\/monotores\",\"item\":\"https:\/\/compuviper.mx\/tienda\/categoria-producto\/soportes-y-bases-p-tv-proyectores-dvd-consolas-bocinas-pantallas-monotores\/\"},{\"@type\":\"ListItem\",\"position\":4,\"name\":\"Soporte Y Base Para Proyector\",\"item\":\"https:\/\/compuviper.mx\/tienda\/categoria-producto\/soportes-y-bases-p-tv-proyectores-dvd-consolas-bocinas-pantallas-monotores\/soporte-y-base-para-proyector-soportes-y-bases-p-tv-proyectores-dvd-consolas-bocinas-pantallas-monotores\/\"},{\"@type\":\"ListItem\",\"position\":5,\"name\":\"Peerless-av Aec0810 Columna De Extensi?n Ajustable Peerless- Av De 2.43 A 3.04 Mts Y Capacidad De Carga De Hasta 227 Kg.\"}]},{\"@type\":\"WebSite\",\"@id\":\"https:\/\/compuviper.mx\/tienda\/#website\",\"url\":\"https:\/\/compuviper.mx\/tienda\/\",\"name\":\"Compuviper\",\"description\":\"Proveedor de Computadoras, Laptops, Servidores, Monitores, Puntos de Venta, Teclados,   Impresoras, T\u00f3ner, C\u00e1maras de Seguridad y m\u00e1s en tu tienda en l\u00ednea\",\"publisher\":{\"@id\":\"https:\/\/compuviper.mx\/tienda\/#organization\"},\"potentialAction\":[{\"@type\":\"SearchAction\",\"target\":{\"@type\":\"EntryPoint\",\"urlTemplate\":\"https:\/\/compuviper.mx\/tienda\/?s={search_term_string}\"},\"query-input\":\"required name=search_term_string\"}],\"inLanguage\":\"es-MX\"},{\"@type\":\"Organization\",\"@id\":\"https:\/\/compuviper.mx\/tienda\/#organization\",\"name\":\"Compuviper\",\"url\":\"https:\/\/compuviper.mx\/tienda\/\",\"logo\":{\"@type\":\"ImageObject\",\"inLanguage\":\"es-MX\",\"@id\":\"https:\/\/compuviper.mx\/tienda\/#\/schema\/logo\/image\/\",\"url\":\"https:\/\/compuviper.mx\/tienda\/wp-content\/uploads\/2021\/08\/Logo-Compuviper-10.png\",\"contentUrl\":\"https:\/\/compuviper.mx\/tienda\/wp-content\/uploads\/2021\/08\/Logo-Compuviper-10.png\",\"width\":1000,\"height\":500,\"caption\":\"Compuviper\"},\"image\":{\"@id\":\"https:\/\/compuviper.mx\/tienda\/#\/schema\/logo\/image\/\"},\"sameAs\":[\"https:\/\/www.facebook.com\/compuviper\",\"https:\/\/www.youtube.com\/channel\/UCf73dERp9Y3cfOq7q8BhLjA?view_as=subscriber\"]}]}<\/script>\n<meta property=\"product:brand\" content=\"PEERLESS-AV\" \/>\n<meta property=\"product:price:amount\" content=\"5853\" \/>\n<meta property=\"product:price:currency\" content=\"MXN\" \/>\n<meta property=\"og:availability\" content=\"backorder\" \/>\n<meta property=\"product:availability\" content=\"available for order\" \/>\n<meta property=\"product:retailer_item_id\" content=\"AEC0810\" \/>\n<meta property=\"product:condition\" content=\"new\" \/>\n<!-- \/ Yoast SEO plugin. -->","yoast_head_json":{"title":"[ Peerless-av ] &#129351; Aec0810 Columna De Extensi\u00f3n Ajustable Peerless- Av De 2.43 A 3.04 Mts Y Capacidad De Carga De Hasta 227 Kg.","description":"Compra Aec0810 Columna De Extensi\u00f3n Ajustable Peerless- Av De 2.43 A 3.04 Mts Y Capacidad De Carga De Hasta 227 Kg. + Env\u00edo a domicilio + Pago seguro + Garant\u00eda","robots":{"index":"index","follow":"follow","max-snippet":"max-snippet:-1","max-image-preview":"max-image-preview:large","max-video-preview":"max-video-preview:-1"},"canonical":"https:\/\/compuviper.mx\/tienda\/producto\/peerless-av-aec0810-columna-de-extensin-ajustable-peerless-av-de-2-43-a-3-04-mts-y-capacidad-de-carga-de-hasta-227-kg\/","og_locale":"es_MX","og_type":"article","og_title":"[ Peerless-av ] &#129351; Aec0810 Columna De Extensi\u00f3n Ajustable Peerless- Av De 2.43 A 3.04 Mts Y Capacidad De Carga De Hasta 227 Kg.","og_description":"Compra Aec0810 Columna De Extensi\u00f3n Ajustable Peerless- Av De 2.43 A 3.04 Mts Y Capacidad De Carga De Hasta 227 Kg. + Env\u00edo a domicilio + Pago seguro + Garant\u00eda","og_url":"https:\/\/compuviper.mx\/tienda\/producto\/peerless-av-aec0810-columna-de-extensin-ajustable-peerless-av-de-2-43-a-3-04-mts-y-capacidad-de-carga-de-hasta-227-kg\/","og_site_name":"Compuviper","article_publisher":"https:\/\/www.facebook.com\/compuviper","og_image":[{"width":200,"height":200,"url":"https:\/\/compuviper.mx\/tienda\/wp-content\/uploads\/2023\/02\/Columna-de-extension-ajustable-peerless-av-aec0810-de-2.43-a-3.04-mts-y-capacidad-de-carga-de-hasta-227-kg.jpg","type":"image\/jpeg"}],"twitter_card":"summary_large_image","twitter_misc":{"Precio":"&#36;5,853 con IVA","Availability":"On backorder"},"schema":{"@context":"https:\/\/schema.org","@graph":[{"@type":"WebPage","@id":"https:\/\/compuviper.mx\/tienda\/producto\/peerless-av-aec0810-columna-de-extensin-ajustable-peerless-av-de-2-43-a-3-04-mts-y-capacidad-de-carga-de-hasta-227-kg\/","url":"https:\/\/compuviper.mx\/tienda\/producto\/peerless-av-aec0810-columna-de-extensin-ajustable-peerless-av-de-2-43-a-3-04-mts-y-capacidad-de-carga-de-hasta-227-kg\/","name":"[ Peerless-av ] &#129351; Aec0810 Columna De Extensi\u00f3n Ajustable Peerless- Av De 2.43 A 3.04 Mts Y Capacidad De Carga De Hasta 227 Kg.","isPartOf":{"@id":"https:\/\/compuviper.mx\/tienda\/#website"},"datePublished":"2026-04-02T05:09:01+00:00","dateModified":"2026-04-02T05:09:01+00:00","description":"Compra Aec0810 Columna De Extensi\u00f3n Ajustable Peerless- Av De 2.43 A 3.04 Mts Y Capacidad De Carga De Hasta 227 Kg. + Env\u00edo a domicilio + Pago seguro + Garant\u00eda","breadcrumb":{"@id":"https:\/\/compuviper.mx\/tienda\/producto\/peerless-av-aec0810-columna-de-extensin-ajustable-peerless-av-de-2-43-a-3-04-mts-y-capacidad-de-carga-de-hasta-227-kg\/#breadcrumb"},"inLanguage":"es-MX","potentialAction":[{"@type":"ReadAction","target":["https:\/\/compuviper.mx\/tienda\/producto\/peerless-av-aec0810-columna-de-extensin-ajustable-peerless-av-de-2-43-a-3-04-mts-y-capacidad-de-carga-de-hasta-227-kg\/"]}]},{"@type":"BreadcrumbList","@id":"https:\/\/compuviper.mx\/tienda\/producto\/peerless-av-aec0810-columna-de-extensin-ajustable-peerless-av-de-2-43-a-3-04-mts-y-capacidad-de-carga-de-hasta-227-kg\/#breadcrumb","itemListElement":[{"@type":"ListItem","position":1,"name":"Inicio","item":"https:\/\/compuviper.mx\/tienda\/"},{"@type":"ListItem","position":2,"name":"Productos","item":"https:\/\/compuviper.mx\/tienda\/productos\/"},{"@type":"ListItem","position":3,"name":"Soportes Y Bases P\/tv\/ Proyectores\/dvd\/consolas\/bocinas\/pantallas\/monotores","item":"https:\/\/compuviper.mx\/tienda\/categoria-producto\/soportes-y-bases-p-tv-proyectores-dvd-consolas-bocinas-pantallas-monotores\/"},{"@type":"ListItem","position":4,"name":"Soporte Y Base Para Proyector","item":"https:\/\/compuviper.mx\/tienda\/categoria-producto\/soportes-y-bases-p-tv-proyectores-dvd-consolas-bocinas-pantallas-monotores\/soporte-y-base-para-proyector-soportes-y-bases-p-tv-proyectores-dvd-consolas-bocinas-pantallas-monotores\/"},{"@type":"ListItem","position":5,"name":"Peerless-av Aec0810 Columna De Extensi?n Ajustable Peerless- Av De 2.43 A 3.04 Mts Y Capacidad De Carga De Hasta 227 Kg."}]},{"@type":"WebSite","@id":"https:\/\/compuviper.mx\/tienda\/#website","url":"https:\/\/compuviper.mx\/tienda\/","name":"Compuviper","description":"Proveedor de Computadoras, Laptops, Servidores, Monitores, Puntos de Venta, Teclados,   Impresoras, T\u00f3ner, C\u00e1maras de Seguridad y m\u00e1s en tu tienda en l\u00ednea","publisher":{"@id":"https:\/\/compuviper.mx\/tienda\/#organization"},"potentialAction":[{"@type":"SearchAction","target":{"@type":"EntryPoint","urlTemplate":"https:\/\/compuviper.mx\/tienda\/?s={search_term_string}"},"query-input":"required name=search_term_string"}],"inLanguage":"es-MX"},{"@type":"Organization","@id":"https:\/\/compuviper.mx\/tienda\/#organization","name":"Compuviper","url":"https:\/\/compuviper.mx\/tienda\/","logo":{"@type":"ImageObject","inLanguage":"es-MX","@id":"https:\/\/compuviper.mx\/tienda\/#\/schema\/logo\/image\/","url":"https:\/\/compuviper.mx\/tienda\/wp-content\/uploads\/2021\/08\/Logo-Compuviper-10.png","contentUrl":"https:\/\/compuviper.mx\/tienda\/wp-content\/uploads\/2021\/08\/Logo-Compuviper-10.png","width":1000,"height":500,"caption":"Compuviper"},"image":{"@id":"https:\/\/compuviper.mx\/tienda\/#\/schema\/logo\/image\/"},"sameAs":["https:\/\/www.facebook.com\/compuviper","https:\/\/www.youtube.com\/channel\/UCf73dERp9Y3cfOq7q8BhLjA?view_as=subscriber"]}]},"product_brand":"PEERLESS-AV","product_price_amount":"5853","product_price_currency":"MXN","og_availability":"backorder","product_availability":"available for order","product_retailer_item_id":"AEC0810","product_condition":"new"},"_links":{"self":[{"href":"https:\/\/compuviper.mx\/tienda\/wp-json\/wp\/v2\/product\/159374"}],"collection":[{"href":"https:\/\/compuviper.mx\/tienda\/wp-json\/wp\/v2\/product"}],"about":[{"href":"https:\/\/compuviper.mx\/tienda\/wp-json\/wp\/v2\/types\/product"}],"replies":[{"embeddable":true,"href":"https:\/\/compuviper.mx\/tienda\/wp-json\/wp\/v2\/comments?post=159374"}],"wp:featuredmedia":[{"embeddable":true,"href":"https:\/\/compuviper.mx\/tienda\/wp-json\/wp\/v2\/media\/164299"}],"wp:attachment":[{"href":"https:\/\/compuviper.mx\/tienda\/wp-json\/wp\/v2\/media?parent=159374"}],"wp:term":[{"taxonomy":"product_cat","embeddable":true,"href":"https:\/\/compuviper.mx\/tienda\/wp-json\/wp\/v2\/product_cat?post=159374"},{"taxonomy":"product_tag","embeddable":true,"href":"https:\/\/compuviper.mx\/tienda\/wp-json\/wp\/v2\/product_tag?post=159374"}],"curies":[{"name":"wp","href":"https:\/\/api.w.org\/{rel}","templated":true}]}}