{"id":159229,"date":"2026-04-17T23:08:38","date_gmt":"2026-04-18T05:08:38","guid":{"rendered":"https:\/\/compuviper.mx\/tienda\/producto\/startech-com-stndmtv100-soporte-movil-para-tv-carro-universal-de-alta-resistencia-para-tv-de-60-100-stand-con-ruedas-y-altura-ajustable-mod\/"},"modified":"2026-04-17T23:08:38","modified_gmt":"2026-04-18T05:08:38","slug":"startech-com-stndmtv100-soporte-movil-para-tv-carro-universal-de-alta-resistencia-para-tv-de-60-100-stand-con-ruedas-y-altura-ajustable-mod","status":"publish","type":"product","link":"https:\/\/compuviper.mx\/tienda\/producto\/startech-com-stndmtv100-soporte-movil-para-tv-carro-universal-de-alta-resistencia-para-tv-de-60-100-stand-con-ruedas-y-altura-ajustable-mod\/","title":{"rendered":"Startech.com Stndmtv100 Soporte Movil Para Tv &#8211; Carro Universal De Alta Resistencia Para Tv De 60-100 &#8211; Stand Con Ruedas Y Altura Ajustable &#8211;  Mod."},"content":{"rendered":"<table class=\"descripcion\">\n<tr>\n<td>Patron(es) vesa de agujeros de montaje: 900&#215;600 mm &#8211; 400&#215;200 mm &#8211; 400&#215;300 mm &#8211; 400&#215;400 mm-  600&#215;200 mm &#8211; 600&#215;300 mm &#8211; 600&#215;400 mm &#8211;  800&#215;400 mm &#8211; 800&#215;600 mm &#8211; 1000&#215;600 mm<\/td>\n<\/tr>\n<tr>\n<td>Numero de pantallas admitidas: 1<\/td>\n<\/tr>\n<tr>\n<td>Opciones de montaje: carrito movil<\/td>\n<\/tr>\n<tr>\n<td>Patron(es) vesa de agujeros de montaje: 200&#215;200 mm &#8211; 200&#215;300 mm &#8211; 200&#215;400 mm &#8211; 300&#215;200 mm &#8211; 300&#215;300 mm<\/td>\n<\/tr>\n<tr>\n<td>Fits curved display: si<\/td>\n<\/tr>\n<tr>\n<td>Video wall: no<\/td>\n<\/tr>\n<tr>\n<td>Ajuste de la altura: si<\/td>\n<\/tr>\n<tr>\n<td>Minimum height: 1200 mm<\/td>\n<\/tr>\n<tr>\n<td>Altura maxima: 1685 mm<\/td>\n<\/tr>\n<tr>\n<td>Inclinacion: + 5\u00b0 \/ &#8211; 10\u00b0<\/td>\n<\/tr>\n<tr>\n<td>Anti-theft: no<\/td>\n<\/tr>\n<tr>\n<td>Color: negro y plata<\/td>\n<\/tr>\n<tr>\n<td>Tipo de gabinete: acero<\/td>\n<\/tr>\n<tr>\n<td>Tamano minimo de la pantalla: 60  and  100<\/td>\n<\/tr>\n<\/table>\n","protected":false},"excerpt":{"rendered":"<p>Este soporte movil para tv le permite crear un centro movil multimedia, lo cual facilita el desplazamiento de su equipo audiovisual entre salones de clase, oficinas o entornos educativos. Para mayor estabilidad y seguridad, el carro movil ha sido disenado con una base grande de 1.22m x 71cm, la cual le permite colocar pantallas grandes de 60 a 100, y 100kg de peso. Se adapta totalmente a su configuracion este stand movil para tv se adapta a las diferentes configuraciones que pueda encontrar en un espacio de oficina. Puede ajustar la altura de su pantalla entre 1.2m a 1.68m, desde el centro del tv hasta el suelo. Los indicadores incluidos le permiten efectuar ajustes precisos para lograr la altura ideal de visualizacion. Ademas, los indicadores de ajuste de la altura facilitan la instalacion y le permiten registrar la altura preferible para entornos especificos. Puede inclinar el angulo de visualizacion entre +5 y -10\u00b0 a fin de adaptarse mejor al entorno y reducir los reflejos.<\/p>\n","protected":false},"featured_media":164280,"comment_status":"open","ping_status":"open","template":"","meta":[],"product_cat":[2321,2265],"product_tag":[1590],"acf":[],"yoast_head":"<!-- This site is optimized with the Yoast SEO plugin v21.7 - https:\/\/yoast.com\/wordpress\/plugins\/seo\/ -->\n<title>[ Startech.com ] &#129351; Stndmtv100 Soporte Movil Para Tv - Carro Universal De Alta Resistencia Para Tv De 60-100 - Stand Con Ruedas Y Altura Ajustable - Mod.<\/title>\n<meta name=\"description\" content=\"Compra Stndmtv100 Soporte Movil Para Tv - Carro Universal De Alta Resistencia Para Tv De 60-100 - Stand Con Ruedas Y Altura Ajustable - Mod. + Env\u00edo a domicilio + Pago seguro + Garant\u00eda\" \/>\n<meta name=\"robots\" content=\"index, follow, max-snippet:-1, max-image-preview:large, max-video-preview:-1\" \/>\n<link rel=\"canonical\" href=\"https:\/\/compuviper.mx\/tienda\/producto\/startech-com-stndmtv100-soporte-movil-para-tv-carro-universal-de-alta-resistencia-para-tv-de-60-100-stand-con-ruedas-y-altura-ajustable-mod\/\" \/>\n<meta property=\"og:locale\" content=\"es_MX\" \/>\n<meta property=\"og:type\" content=\"article\" \/>\n<meta property=\"og:title\" content=\"[ Startech.com ] &#129351; Stndmtv100 Soporte Movil Para Tv - Carro Universal De Alta Resistencia Para Tv De 60-100 - Stand Con Ruedas Y Altura Ajustable - Mod.\" \/>\n<meta property=\"og:description\" content=\"Compra Stndmtv100 Soporte Movil Para Tv - Carro Universal De Alta Resistencia Para Tv De 60-100 - Stand Con Ruedas Y Altura Ajustable - Mod. + Env\u00edo a domicilio + Pago seguro + Garant\u00eda\" \/>\n<meta property=\"og:url\" content=\"https:\/\/compuviper.mx\/tienda\/producto\/startech-com-stndmtv100-soporte-movil-para-tv-carro-universal-de-alta-resistencia-para-tv-de-60-100-stand-con-ruedas-y-altura-ajustable-mod\/\" \/>\n<meta property=\"og:site_name\" content=\"Compuviper\" \/>\n<meta property=\"article:publisher\" content=\"https:\/\/www.facebook.com\/compuviper\" \/>\n<meta property=\"og:image\" content=\"https:\/\/compuviper.mx\/tienda\/wp-content\/uploads\/2023\/02\/Soporte-movil-para-tv-carro-universal-de-alta-resistencia-para-tv-de-60-100-stand-con-ruedas-y-altura-ajustable-startech.com-mod.-stndmtv100.jpg\" \/>\n\t<meta property=\"og:image:width\" content=\"200\" \/>\n\t<meta property=\"og:image:height\" content=\"200\" \/>\n\t<meta property=\"og:image:type\" content=\"image\/jpeg\" \/>\n<meta name=\"twitter:card\" content=\"summary_large_image\" \/>\n<meta name=\"twitter:label1\" content=\"Precio\" \/>\n\t<meta name=\"twitter:data1\" content=\"&#36;12,925 con IVA\" \/>\n\t<meta name=\"twitter:label2\" content=\"Availability\" \/>\n\t<meta name=\"twitter:data2\" content=\"In stock\" \/>\n<script type=\"application\/ld+json\" class=\"yoast-schema-graph\">{\"@context\":\"https:\/\/schema.org\",\"@graph\":[{\"@type\":\"WebPage\",\"@id\":\"https:\/\/compuviper.mx\/tienda\/producto\/startech-com-stndmtv100-soporte-movil-para-tv-carro-universal-de-alta-resistencia-para-tv-de-60-100-stand-con-ruedas-y-altura-ajustable-mod\/\",\"url\":\"https:\/\/compuviper.mx\/tienda\/producto\/startech-com-stndmtv100-soporte-movil-para-tv-carro-universal-de-alta-resistencia-para-tv-de-60-100-stand-con-ruedas-y-altura-ajustable-mod\/\",\"name\":\"[ Startech.com ] &#129351; Stndmtv100 Soporte Movil Para Tv - Carro Universal De Alta Resistencia Para Tv De 60-100 - Stand Con Ruedas Y Altura Ajustable - Mod.\",\"isPartOf\":{\"@id\":\"https:\/\/compuviper.mx\/tienda\/#website\"},\"datePublished\":\"2026-04-18T05:08:38+00:00\",\"dateModified\":\"2026-04-18T05:08:38+00:00\",\"description\":\"Compra Stndmtv100 Soporte Movil Para Tv - Carro Universal De Alta Resistencia Para Tv De 60-100 - Stand Con Ruedas Y Altura Ajustable - Mod. + Env\u00edo a domicilio + Pago seguro + Garant\u00eda\",\"breadcrumb\":{\"@id\":\"https:\/\/compuviper.mx\/tienda\/producto\/startech-com-stndmtv100-soporte-movil-para-tv-carro-universal-de-alta-resistencia-para-tv-de-60-100-stand-con-ruedas-y-altura-ajustable-mod\/#breadcrumb\"},\"inLanguage\":\"es-MX\",\"potentialAction\":[{\"@type\":\"ReadAction\",\"target\":[\"https:\/\/compuviper.mx\/tienda\/producto\/startech-com-stndmtv100-soporte-movil-para-tv-carro-universal-de-alta-resistencia-para-tv-de-60-100-stand-con-ruedas-y-altura-ajustable-mod\/\"]}]},{\"@type\":\"BreadcrumbList\",\"@id\":\"https:\/\/compuviper.mx\/tienda\/producto\/startech-com-stndmtv100-soporte-movil-para-tv-carro-universal-de-alta-resistencia-para-tv-de-60-100-stand-con-ruedas-y-altura-ajustable-mod\/#breadcrumb\",\"itemListElement\":[{\"@type\":\"ListItem\",\"position\":1,\"name\":\"Inicio\",\"item\":\"https:\/\/compuviper.mx\/tienda\/\"},{\"@type\":\"ListItem\",\"position\":2,\"name\":\"Productos\",\"item\":\"https:\/\/compuviper.mx\/tienda\/productos\/\"},{\"@type\":\"ListItem\",\"position\":3,\"name\":\"Soportes Y Bases P\/tv\/ Proyectores\/dvd\/consolas\/bocinas\/pantallas\/monotores\",\"item\":\"https:\/\/compuviper.mx\/tienda\/categoria-producto\/soportes-y-bases-p-tv-proyectores-dvd-consolas-bocinas-pantallas-monotores\/\"},{\"@type\":\"ListItem\",\"position\":4,\"name\":\"Soporte Y Base Para Tv\/pantallas\/monitores\/kiosko\",\"item\":\"https:\/\/compuviper.mx\/tienda\/categoria-producto\/soportes-y-bases-p-tv-proyectores-dvd-consolas-bocinas-pantallas-monotores\/soporte-y-base-para-tv-pantallas-monitores-kiosko\/\"},{\"@type\":\"ListItem\",\"position\":5,\"name\":\"Startech.com Stndmtv100 Soporte Movil Para Tv &#8211; Carro Universal De Alta Resistencia Para Tv De 60-100 &#8211; Stand Con Ruedas Y Altura Ajustable &#8211; Mod.\"}]},{\"@type\":\"WebSite\",\"@id\":\"https:\/\/compuviper.mx\/tienda\/#website\",\"url\":\"https:\/\/compuviper.mx\/tienda\/\",\"name\":\"Compuviper\",\"description\":\"Proveedor de Computadoras, Laptops, Servidores, Monitores, Puntos de Venta, Teclados,   Impresoras, T\u00f3ner, C\u00e1maras de Seguridad y m\u00e1s en tu tienda en l\u00ednea\",\"publisher\":{\"@id\":\"https:\/\/compuviper.mx\/tienda\/#organization\"},\"potentialAction\":[{\"@type\":\"SearchAction\",\"target\":{\"@type\":\"EntryPoint\",\"urlTemplate\":\"https:\/\/compuviper.mx\/tienda\/?s={search_term_string}\"},\"query-input\":\"required name=search_term_string\"}],\"inLanguage\":\"es-MX\"},{\"@type\":\"Organization\",\"@id\":\"https:\/\/compuviper.mx\/tienda\/#organization\",\"name\":\"Compuviper\",\"url\":\"https:\/\/compuviper.mx\/tienda\/\",\"logo\":{\"@type\":\"ImageObject\",\"inLanguage\":\"es-MX\",\"@id\":\"https:\/\/compuviper.mx\/tienda\/#\/schema\/logo\/image\/\",\"url\":\"https:\/\/compuviper.mx\/tienda\/wp-content\/uploads\/2021\/08\/Logo-Compuviper-10.png\",\"contentUrl\":\"https:\/\/compuviper.mx\/tienda\/wp-content\/uploads\/2021\/08\/Logo-Compuviper-10.png\",\"width\":1000,\"height\":500,\"caption\":\"Compuviper\"},\"image\":{\"@id\":\"https:\/\/compuviper.mx\/tienda\/#\/schema\/logo\/image\/\"},\"sameAs\":[\"https:\/\/www.facebook.com\/compuviper\",\"https:\/\/www.youtube.com\/channel\/UCf73dERp9Y3cfOq7q8BhLjA?view_as=subscriber\"]}]}<\/script>\n<meta property=\"product:brand\" content=\"STARTECH.COM\" \/>\n<meta property=\"product:price:amount\" content=\"12925\" \/>\n<meta property=\"product:price:currency\" content=\"MXN\" \/>\n<meta property=\"og:availability\" content=\"instock\" \/>\n<meta property=\"product:availability\" content=\"instock\" \/>\n<meta property=\"product:retailer_item_id\" content=\"STNDMTV100\" \/>\n<meta property=\"product:condition\" content=\"new\" \/>\n<!-- \/ Yoast SEO plugin. -->","yoast_head_json":{"title":"[ Startech.com ] &#129351; Stndmtv100 Soporte Movil Para Tv - Carro Universal De Alta Resistencia Para Tv De 60-100 - Stand Con Ruedas Y Altura Ajustable - Mod.","description":"Compra Stndmtv100 Soporte Movil Para Tv - Carro Universal De Alta Resistencia Para Tv De 60-100 - Stand Con Ruedas Y Altura Ajustable - Mod. + Env\u00edo a domicilio + Pago seguro + Garant\u00eda","robots":{"index":"index","follow":"follow","max-snippet":"max-snippet:-1","max-image-preview":"max-image-preview:large","max-video-preview":"max-video-preview:-1"},"canonical":"https:\/\/compuviper.mx\/tienda\/producto\/startech-com-stndmtv100-soporte-movil-para-tv-carro-universal-de-alta-resistencia-para-tv-de-60-100-stand-con-ruedas-y-altura-ajustable-mod\/","og_locale":"es_MX","og_type":"article","og_title":"[ Startech.com ] &#129351; Stndmtv100 Soporte Movil Para Tv - Carro Universal De Alta Resistencia Para Tv De 60-100 - Stand Con Ruedas Y Altura Ajustable - Mod.","og_description":"Compra Stndmtv100 Soporte Movil Para Tv - Carro Universal De Alta Resistencia Para Tv De 60-100 - Stand Con Ruedas Y Altura Ajustable - Mod. + Env\u00edo a domicilio + Pago seguro + Garant\u00eda","og_url":"https:\/\/compuviper.mx\/tienda\/producto\/startech-com-stndmtv100-soporte-movil-para-tv-carro-universal-de-alta-resistencia-para-tv-de-60-100-stand-con-ruedas-y-altura-ajustable-mod\/","og_site_name":"Compuviper","article_publisher":"https:\/\/www.facebook.com\/compuviper","og_image":[{"width":200,"height":200,"url":"https:\/\/compuviper.mx\/tienda\/wp-content\/uploads\/2023\/02\/Soporte-movil-para-tv-carro-universal-de-alta-resistencia-para-tv-de-60-100-stand-con-ruedas-y-altura-ajustable-startech.com-mod.-stndmtv100.jpg","type":"image\/jpeg"}],"twitter_card":"summary_large_image","twitter_misc":{"Precio":"&#36;12,925 con IVA","Availability":"In stock"},"schema":{"@context":"https:\/\/schema.org","@graph":[{"@type":"WebPage","@id":"https:\/\/compuviper.mx\/tienda\/producto\/startech-com-stndmtv100-soporte-movil-para-tv-carro-universal-de-alta-resistencia-para-tv-de-60-100-stand-con-ruedas-y-altura-ajustable-mod\/","url":"https:\/\/compuviper.mx\/tienda\/producto\/startech-com-stndmtv100-soporte-movil-para-tv-carro-universal-de-alta-resistencia-para-tv-de-60-100-stand-con-ruedas-y-altura-ajustable-mod\/","name":"[ Startech.com ] &#129351; Stndmtv100 Soporte Movil Para Tv - Carro Universal De Alta Resistencia Para Tv De 60-100 - Stand Con Ruedas Y Altura Ajustable - Mod.","isPartOf":{"@id":"https:\/\/compuviper.mx\/tienda\/#website"},"datePublished":"2026-04-18T05:08:38+00:00","dateModified":"2026-04-18T05:08:38+00:00","description":"Compra Stndmtv100 Soporte Movil Para Tv - Carro Universal De Alta Resistencia Para Tv De 60-100 - Stand Con Ruedas Y Altura Ajustable - Mod. + Env\u00edo a domicilio + Pago seguro + Garant\u00eda","breadcrumb":{"@id":"https:\/\/compuviper.mx\/tienda\/producto\/startech-com-stndmtv100-soporte-movil-para-tv-carro-universal-de-alta-resistencia-para-tv-de-60-100-stand-con-ruedas-y-altura-ajustable-mod\/#breadcrumb"},"inLanguage":"es-MX","potentialAction":[{"@type":"ReadAction","target":["https:\/\/compuviper.mx\/tienda\/producto\/startech-com-stndmtv100-soporte-movil-para-tv-carro-universal-de-alta-resistencia-para-tv-de-60-100-stand-con-ruedas-y-altura-ajustable-mod\/"]}]},{"@type":"BreadcrumbList","@id":"https:\/\/compuviper.mx\/tienda\/producto\/startech-com-stndmtv100-soporte-movil-para-tv-carro-universal-de-alta-resistencia-para-tv-de-60-100-stand-con-ruedas-y-altura-ajustable-mod\/#breadcrumb","itemListElement":[{"@type":"ListItem","position":1,"name":"Inicio","item":"https:\/\/compuviper.mx\/tienda\/"},{"@type":"ListItem","position":2,"name":"Productos","item":"https:\/\/compuviper.mx\/tienda\/productos\/"},{"@type":"ListItem","position":3,"name":"Soportes Y Bases P\/tv\/ Proyectores\/dvd\/consolas\/bocinas\/pantallas\/monotores","item":"https:\/\/compuviper.mx\/tienda\/categoria-producto\/soportes-y-bases-p-tv-proyectores-dvd-consolas-bocinas-pantallas-monotores\/"},{"@type":"ListItem","position":4,"name":"Soporte Y Base Para Tv\/pantallas\/monitores\/kiosko","item":"https:\/\/compuviper.mx\/tienda\/categoria-producto\/soportes-y-bases-p-tv-proyectores-dvd-consolas-bocinas-pantallas-monotores\/soporte-y-base-para-tv-pantallas-monitores-kiosko\/"},{"@type":"ListItem","position":5,"name":"Startech.com Stndmtv100 Soporte Movil Para Tv &#8211; Carro Universal De Alta Resistencia Para Tv De 60-100 &#8211; Stand Con Ruedas Y Altura Ajustable &#8211; Mod."}]},{"@type":"WebSite","@id":"https:\/\/compuviper.mx\/tienda\/#website","url":"https:\/\/compuviper.mx\/tienda\/","name":"Compuviper","description":"Proveedor de Computadoras, Laptops, Servidores, Monitores, Puntos de Venta, Teclados,   Impresoras, T\u00f3ner, C\u00e1maras de Seguridad y m\u00e1s en tu tienda en l\u00ednea","publisher":{"@id":"https:\/\/compuviper.mx\/tienda\/#organization"},"potentialAction":[{"@type":"SearchAction","target":{"@type":"EntryPoint","urlTemplate":"https:\/\/compuviper.mx\/tienda\/?s={search_term_string}"},"query-input":"required name=search_term_string"}],"inLanguage":"es-MX"},{"@type":"Organization","@id":"https:\/\/compuviper.mx\/tienda\/#organization","name":"Compuviper","url":"https:\/\/compuviper.mx\/tienda\/","logo":{"@type":"ImageObject","inLanguage":"es-MX","@id":"https:\/\/compuviper.mx\/tienda\/#\/schema\/logo\/image\/","url":"https:\/\/compuviper.mx\/tienda\/wp-content\/uploads\/2021\/08\/Logo-Compuviper-10.png","contentUrl":"https:\/\/compuviper.mx\/tienda\/wp-content\/uploads\/2021\/08\/Logo-Compuviper-10.png","width":1000,"height":500,"caption":"Compuviper"},"image":{"@id":"https:\/\/compuviper.mx\/tienda\/#\/schema\/logo\/image\/"},"sameAs":["https:\/\/www.facebook.com\/compuviper","https:\/\/www.youtube.com\/channel\/UCf73dERp9Y3cfOq7q8BhLjA?view_as=subscriber"]}]},"product_brand":"STARTECH.COM","product_price_amount":"12925","product_price_currency":"MXN","og_availability":"instock","product_availability":"instock","product_retailer_item_id":"STNDMTV100","product_condition":"new"},"_links":{"self":[{"href":"https:\/\/compuviper.mx\/tienda\/wp-json\/wp\/v2\/product\/159229"}],"collection":[{"href":"https:\/\/compuviper.mx\/tienda\/wp-json\/wp\/v2\/product"}],"about":[{"href":"https:\/\/compuviper.mx\/tienda\/wp-json\/wp\/v2\/types\/product"}],"replies":[{"embeddable":true,"href":"https:\/\/compuviper.mx\/tienda\/wp-json\/wp\/v2\/comments?post=159229"}],"wp:featuredmedia":[{"embeddable":true,"href":"https:\/\/compuviper.mx\/tienda\/wp-json\/wp\/v2\/media\/164280"}],"wp:attachment":[{"href":"https:\/\/compuviper.mx\/tienda\/wp-json\/wp\/v2\/media?parent=159229"}],"wp:term":[{"taxonomy":"product_cat","embeddable":true,"href":"https:\/\/compuviper.mx\/tienda\/wp-json\/wp\/v2\/product_cat?post=159229"},{"taxonomy":"product_tag","embeddable":true,"href":"https:\/\/compuviper.mx\/tienda\/wp-json\/wp\/v2\/product_tag?post=159229"}],"curies":[{"name":"wp","href":"https:\/\/api.w.org\/{rel}","templated":true}]}}