{"id":159168,"date":"2026-04-10T23:07:51","date_gmt":"2026-04-11T05:07:51","guid":{"rendered":"https:\/\/compuviper.mx\/tienda\/producto\/brobotix-457896a-funda-de-neopreno-para-laptop15-4-pulgadas-azul\/"},"modified":"2026-04-10T23:07:52","modified_gmt":"2026-04-11T05:07:52","slug":"brobotix-457896a-funda-de-neopreno-para-laptop15-4-pulgadas-azul","status":"publish","type":"product","link":"https:\/\/compuviper.mx\/tienda\/producto\/brobotix-457896a-funda-de-neopreno-para-laptop15-4-pulgadas-azul\/","title":{"rendered":"Brobotix 457896a Funda  De Neopreno Para Laptop15.4 Pulgadas, Azul"},"content":{"rendered":"<table class=\"descripcion\">\n<tr>\n<td>Funda de neopreno para laptop 15.4 pulgadas, azul<\/td>\n<\/tr>\n<tr>\n<td>Funda de neopreno para laptop de 15.4 pulgadas con asa.<\/td>\n<\/tr>\n<tr>\n<td>Con cierre<\/td>\n<\/tr>\n<tr>\n<td>Modelo elegante<\/td>\n<\/tr>\n<tr>\n<td>Forro interior suave contra golpes y rayones<\/td>\n<\/tr>\n<tr>\n<td>Color azul con vivos grises<\/td>\n<\/tr>\n<tr>\n<td>Especificaciones<\/td>\n<\/tr>\n<tr>\n<td>Interior bondeado.<\/td>\n<\/tr>\n<tr>\n<td>Hecho de neopreno y protector contra golpes.<\/td>\n<\/tr>\n<\/table>\n","protected":false},"excerpt":{"rendered":"<p>\u00a1protege tu dispositivo portatil con este ideal accesorio para llevarla a todas partes. Diseno sencillo, compacto y ligero que asegura contra golpes y rasgunos gracias a su interior acojinado, con cierre de fantasia inoxidable. Funda de neopreno para laptop de 15.4 pulgadas con asa. Con cierre. Modelo elegante. Forro interior suave contra golpes y rayones. Color azul con vivos grises. Especificaciones. Interior bondeado. Hecho de neopreno y protector contra golpes.<\/p>\n","protected":false},"featured_media":164219,"comment_status":"open","ping_status":"open","template":"","meta":[],"product_cat":[1869,1870],"product_tag":[2142],"acf":[],"yoast_head":"<!-- This site is optimized with the Yoast SEO plugin v21.7 - https:\/\/yoast.com\/wordpress\/plugins\/seo\/ -->\n<title>[ Brobotix ] &#129351; 457896a Funda De Neopreno Para Laptop15.4 Pulgadas, Azul<\/title>\n<meta name=\"description\" content=\"Compra 457896a Funda De Neopreno Para Laptop15.4 Pulgadas, Azul + Env\u00edo a domicilio + Pago seguro + Garant\u00eda\" \/>\n<meta name=\"robots\" content=\"index, follow, max-snippet:-1, max-image-preview:large, max-video-preview:-1\" \/>\n<link rel=\"canonical\" href=\"https:\/\/compuviper.mx\/tienda\/producto\/brobotix-457896a-funda-de-neopreno-para-laptop15-4-pulgadas-azul\/\" \/>\n<meta property=\"og:locale\" content=\"es_MX\" \/>\n<meta property=\"og:type\" content=\"article\" \/>\n<meta property=\"og:title\" content=\"[ Brobotix ] &#129351; 457896a Funda De Neopreno Para Laptop15.4 Pulgadas, Azul\" \/>\n<meta property=\"og:description\" content=\"Compra 457896a Funda De Neopreno Para Laptop15.4 Pulgadas, Azul + Env\u00edo a domicilio + Pago seguro + Garant\u00eda\" \/>\n<meta property=\"og:url\" content=\"https:\/\/compuviper.mx\/tienda\/producto\/brobotix-457896a-funda-de-neopreno-para-laptop15-4-pulgadas-azul\/\" \/>\n<meta property=\"og:site_name\" content=\"Compuviper\" \/>\n<meta property=\"article:publisher\" content=\"https:\/\/www.facebook.com\/compuviper\" \/>\n<meta property=\"article:modified_time\" content=\"2026-04-11T05:07:52+00:00\" \/>\n<meta property=\"og:image\" content=\"https:\/\/compuviper.mx\/tienda\/wp-content\/uploads\/2023\/02\/Funda-brobotix-de-neopreno-para-laptop15.4-pulgadas-azul.jpg\" \/>\n\t<meta property=\"og:image:width\" content=\"200\" \/>\n\t<meta property=\"og:image:height\" content=\"200\" \/>\n\t<meta property=\"og:image:type\" content=\"image\/jpeg\" \/>\n<meta name=\"twitter:card\" content=\"summary_large_image\" \/>\n<meta name=\"twitter:label1\" content=\"Precio\" \/>\n\t<meta name=\"twitter:data1\" content=\"&#36;201 con IVA\" \/>\n\t<meta name=\"twitter:label2\" content=\"Availability\" \/>\n\t<meta name=\"twitter:data2\" content=\"Out of stock\" \/>\n<script type=\"application\/ld+json\" class=\"yoast-schema-graph\">{\"@context\":\"https:\/\/schema.org\",\"@graph\":[{\"@type\":\"WebPage\",\"@id\":\"https:\/\/compuviper.mx\/tienda\/producto\/brobotix-457896a-funda-de-neopreno-para-laptop15-4-pulgadas-azul\/\",\"url\":\"https:\/\/compuviper.mx\/tienda\/producto\/brobotix-457896a-funda-de-neopreno-para-laptop15-4-pulgadas-azul\/\",\"name\":\"[ Brobotix ] &#129351; 457896a Funda De Neopreno Para Laptop15.4 Pulgadas, Azul\",\"isPartOf\":{\"@id\":\"https:\/\/compuviper.mx\/tienda\/#website\"},\"datePublished\":\"2026-04-11T05:07:51+00:00\",\"dateModified\":\"2026-04-11T05:07:52+00:00\",\"description\":\"Compra 457896a Funda De Neopreno Para Laptop15.4 Pulgadas, Azul + Env\u00edo a domicilio + Pago seguro + Garant\u00eda\",\"breadcrumb\":{\"@id\":\"https:\/\/compuviper.mx\/tienda\/producto\/brobotix-457896a-funda-de-neopreno-para-laptop15-4-pulgadas-azul\/#breadcrumb\"},\"inLanguage\":\"es-MX\",\"potentialAction\":[{\"@type\":\"ReadAction\",\"target\":[\"https:\/\/compuviper.mx\/tienda\/producto\/brobotix-457896a-funda-de-neopreno-para-laptop15-4-pulgadas-azul\/\"]}]},{\"@type\":\"BreadcrumbList\",\"@id\":\"https:\/\/compuviper.mx\/tienda\/producto\/brobotix-457896a-funda-de-neopreno-para-laptop15-4-pulgadas-azul\/#breadcrumb\",\"itemListElement\":[{\"@type\":\"ListItem\",\"position\":1,\"name\":\"Inicio\",\"item\":\"https:\/\/compuviper.mx\/tienda\/\"},{\"@type\":\"ListItem\",\"position\":2,\"name\":\"Productos\",\"item\":\"https:\/\/compuviper.mx\/tienda\/productos\/\"},{\"@type\":\"ListItem\",\"position\":3,\"name\":\"Fundas\",\"item\":\"https:\/\/compuviper.mx\/tienda\/categoria-producto\/fundas\/\"},{\"@type\":\"ListItem\",\"position\":4,\"name\":\"Notebook\",\"item\":\"https:\/\/compuviper.mx\/tienda\/categoria-producto\/fundas\/notebook-fundas\/\"},{\"@type\":\"ListItem\",\"position\":5,\"name\":\"Brobotix 457896a Funda De Neopreno Para Laptop15.4 Pulgadas, Azul\"}]},{\"@type\":\"WebSite\",\"@id\":\"https:\/\/compuviper.mx\/tienda\/#website\",\"url\":\"https:\/\/compuviper.mx\/tienda\/\",\"name\":\"Compuviper\",\"description\":\"Proveedor de Computadoras, Laptops, Servidores, Monitores, Puntos de Venta, Teclados,   Impresoras, T\u00f3ner, C\u00e1maras de Seguridad y m\u00e1s en tu tienda en l\u00ednea\",\"publisher\":{\"@id\":\"https:\/\/compuviper.mx\/tienda\/#organization\"},\"potentialAction\":[{\"@type\":\"SearchAction\",\"target\":{\"@type\":\"EntryPoint\",\"urlTemplate\":\"https:\/\/compuviper.mx\/tienda\/?s={search_term_string}\"},\"query-input\":\"required name=search_term_string\"}],\"inLanguage\":\"es-MX\"},{\"@type\":\"Organization\",\"@id\":\"https:\/\/compuviper.mx\/tienda\/#organization\",\"name\":\"Compuviper\",\"url\":\"https:\/\/compuviper.mx\/tienda\/\",\"logo\":{\"@type\":\"ImageObject\",\"inLanguage\":\"es-MX\",\"@id\":\"https:\/\/compuviper.mx\/tienda\/#\/schema\/logo\/image\/\",\"url\":\"https:\/\/compuviper.mx\/tienda\/wp-content\/uploads\/2021\/08\/Logo-Compuviper-10.png\",\"contentUrl\":\"https:\/\/compuviper.mx\/tienda\/wp-content\/uploads\/2021\/08\/Logo-Compuviper-10.png\",\"width\":1000,\"height\":500,\"caption\":\"Compuviper\"},\"image\":{\"@id\":\"https:\/\/compuviper.mx\/tienda\/#\/schema\/logo\/image\/\"},\"sameAs\":[\"https:\/\/www.facebook.com\/compuviper\",\"https:\/\/www.youtube.com\/channel\/UCf73dERp9Y3cfOq7q8BhLjA?view_as=subscriber\"]}]}<\/script>\n<meta property=\"product:brand\" content=\"Brobotix\" \/>\n<meta property=\"product:price:amount\" content=\"201\" \/>\n<meta property=\"product:price:currency\" content=\"MXN\" \/>\n<meta property=\"og:availability\" content=\"out of stock\" \/>\n<meta property=\"product:availability\" content=\"out of stock\" \/>\n<meta property=\"product:retailer_item_id\" content=\"457896A\" \/>\n<meta property=\"product:condition\" content=\"new\" \/>\n<!-- \/ Yoast SEO plugin. -->","yoast_head_json":{"title":"[ Brobotix ] &#129351; 457896a Funda De Neopreno Para Laptop15.4 Pulgadas, Azul","description":"Compra 457896a Funda De Neopreno Para Laptop15.4 Pulgadas, Azul + Env\u00edo a domicilio + Pago seguro + Garant\u00eda","robots":{"index":"index","follow":"follow","max-snippet":"max-snippet:-1","max-image-preview":"max-image-preview:large","max-video-preview":"max-video-preview:-1"},"canonical":"https:\/\/compuviper.mx\/tienda\/producto\/brobotix-457896a-funda-de-neopreno-para-laptop15-4-pulgadas-azul\/","og_locale":"es_MX","og_type":"article","og_title":"[ Brobotix ] &#129351; 457896a Funda De Neopreno Para Laptop15.4 Pulgadas, Azul","og_description":"Compra 457896a Funda De Neopreno Para Laptop15.4 Pulgadas, Azul + Env\u00edo a domicilio + Pago seguro + Garant\u00eda","og_url":"https:\/\/compuviper.mx\/tienda\/producto\/brobotix-457896a-funda-de-neopreno-para-laptop15-4-pulgadas-azul\/","og_site_name":"Compuviper","article_publisher":"https:\/\/www.facebook.com\/compuviper","article_modified_time":"2026-04-11T05:07:52+00:00","og_image":[{"width":200,"height":200,"url":"https:\/\/compuviper.mx\/tienda\/wp-content\/uploads\/2023\/02\/Funda-brobotix-de-neopreno-para-laptop15.4-pulgadas-azul.jpg","type":"image\/jpeg"}],"twitter_card":"summary_large_image","twitter_misc":{"Precio":"&#36;201 con IVA","Availability":"Out of stock"},"schema":{"@context":"https:\/\/schema.org","@graph":[{"@type":"WebPage","@id":"https:\/\/compuviper.mx\/tienda\/producto\/brobotix-457896a-funda-de-neopreno-para-laptop15-4-pulgadas-azul\/","url":"https:\/\/compuviper.mx\/tienda\/producto\/brobotix-457896a-funda-de-neopreno-para-laptop15-4-pulgadas-azul\/","name":"[ Brobotix ] &#129351; 457896a Funda De Neopreno Para Laptop15.4 Pulgadas, Azul","isPartOf":{"@id":"https:\/\/compuviper.mx\/tienda\/#website"},"datePublished":"2026-04-11T05:07:51+00:00","dateModified":"2026-04-11T05:07:52+00:00","description":"Compra 457896a Funda De Neopreno Para Laptop15.4 Pulgadas, Azul + Env\u00edo a domicilio + Pago seguro + Garant\u00eda","breadcrumb":{"@id":"https:\/\/compuviper.mx\/tienda\/producto\/brobotix-457896a-funda-de-neopreno-para-laptop15-4-pulgadas-azul\/#breadcrumb"},"inLanguage":"es-MX","potentialAction":[{"@type":"ReadAction","target":["https:\/\/compuviper.mx\/tienda\/producto\/brobotix-457896a-funda-de-neopreno-para-laptop15-4-pulgadas-azul\/"]}]},{"@type":"BreadcrumbList","@id":"https:\/\/compuviper.mx\/tienda\/producto\/brobotix-457896a-funda-de-neopreno-para-laptop15-4-pulgadas-azul\/#breadcrumb","itemListElement":[{"@type":"ListItem","position":1,"name":"Inicio","item":"https:\/\/compuviper.mx\/tienda\/"},{"@type":"ListItem","position":2,"name":"Productos","item":"https:\/\/compuviper.mx\/tienda\/productos\/"},{"@type":"ListItem","position":3,"name":"Fundas","item":"https:\/\/compuviper.mx\/tienda\/categoria-producto\/fundas\/"},{"@type":"ListItem","position":4,"name":"Notebook","item":"https:\/\/compuviper.mx\/tienda\/categoria-producto\/fundas\/notebook-fundas\/"},{"@type":"ListItem","position":5,"name":"Brobotix 457896a Funda De Neopreno Para Laptop15.4 Pulgadas, Azul"}]},{"@type":"WebSite","@id":"https:\/\/compuviper.mx\/tienda\/#website","url":"https:\/\/compuviper.mx\/tienda\/","name":"Compuviper","description":"Proveedor de Computadoras, Laptops, Servidores, Monitores, Puntos de Venta, Teclados,   Impresoras, T\u00f3ner, C\u00e1maras de Seguridad y m\u00e1s en tu tienda en l\u00ednea","publisher":{"@id":"https:\/\/compuviper.mx\/tienda\/#organization"},"potentialAction":[{"@type":"SearchAction","target":{"@type":"EntryPoint","urlTemplate":"https:\/\/compuviper.mx\/tienda\/?s={search_term_string}"},"query-input":"required name=search_term_string"}],"inLanguage":"es-MX"},{"@type":"Organization","@id":"https:\/\/compuviper.mx\/tienda\/#organization","name":"Compuviper","url":"https:\/\/compuviper.mx\/tienda\/","logo":{"@type":"ImageObject","inLanguage":"es-MX","@id":"https:\/\/compuviper.mx\/tienda\/#\/schema\/logo\/image\/","url":"https:\/\/compuviper.mx\/tienda\/wp-content\/uploads\/2021\/08\/Logo-Compuviper-10.png","contentUrl":"https:\/\/compuviper.mx\/tienda\/wp-content\/uploads\/2021\/08\/Logo-Compuviper-10.png","width":1000,"height":500,"caption":"Compuviper"},"image":{"@id":"https:\/\/compuviper.mx\/tienda\/#\/schema\/logo\/image\/"},"sameAs":["https:\/\/www.facebook.com\/compuviper","https:\/\/www.youtube.com\/channel\/UCf73dERp9Y3cfOq7q8BhLjA?view_as=subscriber"]}]},"product_brand":"Brobotix","product_price_amount":"201","product_price_currency":"MXN","og_availability":"out of stock","product_availability":"out of stock","product_retailer_item_id":"457896A","product_condition":"new"},"_links":{"self":[{"href":"https:\/\/compuviper.mx\/tienda\/wp-json\/wp\/v2\/product\/159168"}],"collection":[{"href":"https:\/\/compuviper.mx\/tienda\/wp-json\/wp\/v2\/product"}],"about":[{"href":"https:\/\/compuviper.mx\/tienda\/wp-json\/wp\/v2\/types\/product"}],"replies":[{"embeddable":true,"href":"https:\/\/compuviper.mx\/tienda\/wp-json\/wp\/v2\/comments?post=159168"}],"wp:featuredmedia":[{"embeddable":true,"href":"https:\/\/compuviper.mx\/tienda\/wp-json\/wp\/v2\/media\/164219"}],"wp:attachment":[{"href":"https:\/\/compuviper.mx\/tienda\/wp-json\/wp\/v2\/media?parent=159168"}],"wp:term":[{"taxonomy":"product_cat","embeddable":true,"href":"https:\/\/compuviper.mx\/tienda\/wp-json\/wp\/v2\/product_cat?post=159168"},{"taxonomy":"product_tag","embeddable":true,"href":"https:\/\/compuviper.mx\/tienda\/wp-json\/wp\/v2\/product_tag?post=159168"}],"curies":[{"name":"wp","href":"https:\/\/api.w.org\/{rel}","templated":true}]}}