{"id":159087,"date":"2026-04-07T23:08:33","date_gmt":"2026-04-08T05:08:33","guid":{"rendered":"https:\/\/compuviper.mx\/tienda\/producto\/brobotix-6000298-candado-de-seguridad-nano-de-combinacion-1-80-mts-para-portatiles\/"},"modified":"2026-04-07T23:08:34","modified_gmt":"2026-04-08T05:08:34","slug":"brobotix-6000298-candado-de-seguridad-nano-de-combinacion-1-80-mts-para-portatiles","status":"publish","type":"product","link":"https:\/\/compuviper.mx\/tienda\/producto\/brobotix-6000298-candado-de-seguridad-nano-de-combinacion-1-80-mts-para-portatiles\/","title":{"rendered":"Brobotix 6000298 Candado  De Seguridad, Nano De Combinacion, 1.80 Mts Para Portatiles"},"content":{"rendered":"<table class=\"descripcion\">\n<tr>\n<td>El candado de seguridad para laptop nano de combinacion, protege las computadoras portatiles contra robo.<\/td>\n<\/tr>\n<tr>\n<td>Se ajusta a ranuras de seguridad nano y se sujeta a escritorios u otros objetos fijos.<\/td>\n<\/tr>\n<tr>\n<td>Cerradura de alineacion de zinc con mecabusni de conbinacion<\/td>\n<\/tr>\n<tr>\n<td>Cable rigido con recubrimiento de pvc color humo<\/td>\n<\/tr>\n<tr>\n<td>Diametro de cable 4.4mm<\/td>\n<\/tr>\n<tr>\n<td>Union de cantado y cable con giro de 360 grados<\/td>\n<\/tr>\n<tr>\n<td>Incluye correa ajustable de velcro.<\/td>\n<\/tr>\n<tr>\n<td>Compatible con sistema de seguridad nano 2.05 x 6 mm<\/td>\n<\/tr>\n<\/table>\n","protected":false},"excerpt":{"rendered":"<p>Candado de seguridad para laptop nano de combinacion. Cerradura de alineacion de zinc con mecanismo de conbinacion. Cable rigido con recubrimiento de pvc color humo. Diametro de cable 4.4mm. Union de cantado y cable con giro de 360 grados. Incluye correa ajustable de velcro. Compatible con sistema de seguridad nano 2.05 x 6 mm<\/p>\n","protected":false},"featured_media":164075,"comment_status":"open","ping_status":"open","template":"","meta":[],"product_cat":[1485,1515],"product_tag":[2142],"acf":[],"yoast_head":"<!-- This site is optimized with the Yoast SEO plugin v21.7 - https:\/\/yoast.com\/wordpress\/plugins\/seo\/ -->\n<title>[ Brobotix ] &#129351; 6000298 Candado De Seguridad, Nano De Combinacion, 1.80 Mts Para Portatiles<\/title>\n<meta name=\"description\" content=\"Compra 6000298 Candado De Seguridad, Nano De Combinacion, 1.80 Mts Para Portatiles + Env\u00edo a domicilio + Pago seguro + Garant\u00eda\" \/>\n<meta name=\"robots\" content=\"index, follow, max-snippet:-1, max-image-preview:large, max-video-preview:-1\" \/>\n<link rel=\"canonical\" href=\"https:\/\/compuviper.mx\/tienda\/producto\/brobotix-6000298-candado-de-seguridad-nano-de-combinacion-1-80-mts-para-portatiles\/\" \/>\n<meta property=\"og:locale\" content=\"es_MX\" \/>\n<meta property=\"og:type\" content=\"article\" \/>\n<meta property=\"og:title\" content=\"[ Brobotix ] &#129351; 6000298 Candado De Seguridad, Nano De Combinacion, 1.80 Mts Para Portatiles\" \/>\n<meta property=\"og:description\" content=\"Compra 6000298 Candado De Seguridad, Nano De Combinacion, 1.80 Mts Para Portatiles + Env\u00edo a domicilio + Pago seguro + Garant\u00eda\" \/>\n<meta property=\"og:url\" content=\"https:\/\/compuviper.mx\/tienda\/producto\/brobotix-6000298-candado-de-seguridad-nano-de-combinacion-1-80-mts-para-portatiles\/\" \/>\n<meta property=\"og:site_name\" content=\"Compuviper\" \/>\n<meta property=\"article:publisher\" content=\"https:\/\/www.facebook.com\/compuviper\" \/>\n<meta property=\"article:modified_time\" content=\"2026-04-08T05:08:34+00:00\" \/>\n<meta property=\"og:image\" content=\"https:\/\/compuviper.mx\/tienda\/wp-content\/uploads\/2023\/02\/Candado-brobotix-de-seguridad-nano-de-combinacion-1.80-mts-para-portatiles.jpg\" \/>\n\t<meta property=\"og:image:width\" content=\"200\" \/>\n\t<meta property=\"og:image:height\" content=\"200\" \/>\n\t<meta property=\"og:image:type\" content=\"image\/jpeg\" \/>\n<meta name=\"twitter:card\" content=\"summary_large_image\" \/>\n<meta name=\"twitter:label1\" content=\"Precio\" \/>\n\t<meta name=\"twitter:data1\" content=\"&#36;354 con IVA\" \/>\n\t<meta name=\"twitter:label2\" content=\"Availability\" \/>\n\t<meta name=\"twitter:data2\" content=\"Out of stock\" \/>\n<script type=\"application\/ld+json\" class=\"yoast-schema-graph\">{\"@context\":\"https:\/\/schema.org\",\"@graph\":[{\"@type\":\"WebPage\",\"@id\":\"https:\/\/compuviper.mx\/tienda\/producto\/brobotix-6000298-candado-de-seguridad-nano-de-combinacion-1-80-mts-para-portatiles\/\",\"url\":\"https:\/\/compuviper.mx\/tienda\/producto\/brobotix-6000298-candado-de-seguridad-nano-de-combinacion-1-80-mts-para-portatiles\/\",\"name\":\"[ Brobotix ] &#129351; 6000298 Candado De Seguridad, Nano De Combinacion, 1.80 Mts Para Portatiles\",\"isPartOf\":{\"@id\":\"https:\/\/compuviper.mx\/tienda\/#website\"},\"datePublished\":\"2026-04-08T05:08:33+00:00\",\"dateModified\":\"2026-04-08T05:08:34+00:00\",\"description\":\"Compra 6000298 Candado De Seguridad, Nano De Combinacion, 1.80 Mts Para Portatiles + Env\u00edo a domicilio + Pago seguro + Garant\u00eda\",\"breadcrumb\":{\"@id\":\"https:\/\/compuviper.mx\/tienda\/producto\/brobotix-6000298-candado-de-seguridad-nano-de-combinacion-1-80-mts-para-portatiles\/#breadcrumb\"},\"inLanguage\":\"es-MX\",\"potentialAction\":[{\"@type\":\"ReadAction\",\"target\":[\"https:\/\/compuviper.mx\/tienda\/producto\/brobotix-6000298-candado-de-seguridad-nano-de-combinacion-1-80-mts-para-portatiles\/\"]}]},{\"@type\":\"BreadcrumbList\",\"@id\":\"https:\/\/compuviper.mx\/tienda\/producto\/brobotix-6000298-candado-de-seguridad-nano-de-combinacion-1-80-mts-para-portatiles\/#breadcrumb\",\"itemListElement\":[{\"@type\":\"ListItem\",\"position\":1,\"name\":\"Inicio\",\"item\":\"https:\/\/compuviper.mx\/tienda\/\"},{\"@type\":\"ListItem\",\"position\":2,\"name\":\"Productos\",\"item\":\"https:\/\/compuviper.mx\/tienda\/productos\/\"},{\"@type\":\"ListItem\",\"position\":3,\"name\":\"Accesorios\",\"item\":\"https:\/\/compuviper.mx\/tienda\/categoria-producto\/accesorios\/\"},{\"@type\":\"ListItem\",\"position\":4,\"name\":\"Seguridad\",\"item\":\"https:\/\/compuviper.mx\/tienda\/categoria-producto\/accesorios\/seguridad\/\"},{\"@type\":\"ListItem\",\"position\":5,\"name\":\"Brobotix 6000298 Candado De Seguridad, Nano De Combinacion, 1.80 Mts Para Portatiles\"}]},{\"@type\":\"WebSite\",\"@id\":\"https:\/\/compuviper.mx\/tienda\/#website\",\"url\":\"https:\/\/compuviper.mx\/tienda\/\",\"name\":\"Compuviper\",\"description\":\"Proveedor de Computadoras, Laptops, Servidores, Monitores, Puntos de Venta, Teclados,   Impresoras, T\u00f3ner, C\u00e1maras de Seguridad y m\u00e1s en tu tienda en l\u00ednea\",\"publisher\":{\"@id\":\"https:\/\/compuviper.mx\/tienda\/#organization\"},\"potentialAction\":[{\"@type\":\"SearchAction\",\"target\":{\"@type\":\"EntryPoint\",\"urlTemplate\":\"https:\/\/compuviper.mx\/tienda\/?s={search_term_string}\"},\"query-input\":\"required name=search_term_string\"}],\"inLanguage\":\"es-MX\"},{\"@type\":\"Organization\",\"@id\":\"https:\/\/compuviper.mx\/tienda\/#organization\",\"name\":\"Compuviper\",\"url\":\"https:\/\/compuviper.mx\/tienda\/\",\"logo\":{\"@type\":\"ImageObject\",\"inLanguage\":\"es-MX\",\"@id\":\"https:\/\/compuviper.mx\/tienda\/#\/schema\/logo\/image\/\",\"url\":\"https:\/\/compuviper.mx\/tienda\/wp-content\/uploads\/2021\/08\/Logo-Compuviper-10.png\",\"contentUrl\":\"https:\/\/compuviper.mx\/tienda\/wp-content\/uploads\/2021\/08\/Logo-Compuviper-10.png\",\"width\":1000,\"height\":500,\"caption\":\"Compuviper\"},\"image\":{\"@id\":\"https:\/\/compuviper.mx\/tienda\/#\/schema\/logo\/image\/\"},\"sameAs\":[\"https:\/\/www.facebook.com\/compuviper\",\"https:\/\/www.youtube.com\/channel\/UCf73dERp9Y3cfOq7q8BhLjA?view_as=subscriber\"]}]}<\/script>\n<meta property=\"product:brand\" content=\"Brobotix\" \/>\n<meta property=\"product:price:amount\" content=\"354\" \/>\n<meta property=\"product:price:currency\" content=\"MXN\" \/>\n<meta property=\"og:availability\" content=\"out of stock\" \/>\n<meta property=\"product:availability\" content=\"out of stock\" \/>\n<meta property=\"product:retailer_item_id\" content=\"6000298\" \/>\n<meta property=\"product:condition\" content=\"new\" \/>\n<!-- \/ Yoast SEO plugin. -->","yoast_head_json":{"title":"[ Brobotix ] &#129351; 6000298 Candado De Seguridad, Nano De Combinacion, 1.80 Mts Para Portatiles","description":"Compra 6000298 Candado De Seguridad, Nano De Combinacion, 1.80 Mts Para Portatiles + Env\u00edo a domicilio + Pago seguro + Garant\u00eda","robots":{"index":"index","follow":"follow","max-snippet":"max-snippet:-1","max-image-preview":"max-image-preview:large","max-video-preview":"max-video-preview:-1"},"canonical":"https:\/\/compuviper.mx\/tienda\/producto\/brobotix-6000298-candado-de-seguridad-nano-de-combinacion-1-80-mts-para-portatiles\/","og_locale":"es_MX","og_type":"article","og_title":"[ Brobotix ] &#129351; 6000298 Candado De Seguridad, Nano De Combinacion, 1.80 Mts Para Portatiles","og_description":"Compra 6000298 Candado De Seguridad, Nano De Combinacion, 1.80 Mts Para Portatiles + Env\u00edo a domicilio + Pago seguro + Garant\u00eda","og_url":"https:\/\/compuviper.mx\/tienda\/producto\/brobotix-6000298-candado-de-seguridad-nano-de-combinacion-1-80-mts-para-portatiles\/","og_site_name":"Compuviper","article_publisher":"https:\/\/www.facebook.com\/compuviper","article_modified_time":"2026-04-08T05:08:34+00:00","og_image":[{"width":200,"height":200,"url":"https:\/\/compuviper.mx\/tienda\/wp-content\/uploads\/2023\/02\/Candado-brobotix-de-seguridad-nano-de-combinacion-1.80-mts-para-portatiles.jpg","type":"image\/jpeg"}],"twitter_card":"summary_large_image","twitter_misc":{"Precio":"&#36;354 con IVA","Availability":"Out of stock"},"schema":{"@context":"https:\/\/schema.org","@graph":[{"@type":"WebPage","@id":"https:\/\/compuviper.mx\/tienda\/producto\/brobotix-6000298-candado-de-seguridad-nano-de-combinacion-1-80-mts-para-portatiles\/","url":"https:\/\/compuviper.mx\/tienda\/producto\/brobotix-6000298-candado-de-seguridad-nano-de-combinacion-1-80-mts-para-portatiles\/","name":"[ Brobotix ] &#129351; 6000298 Candado De Seguridad, Nano De Combinacion, 1.80 Mts Para Portatiles","isPartOf":{"@id":"https:\/\/compuviper.mx\/tienda\/#website"},"datePublished":"2026-04-08T05:08:33+00:00","dateModified":"2026-04-08T05:08:34+00:00","description":"Compra 6000298 Candado De Seguridad, Nano De Combinacion, 1.80 Mts Para Portatiles + Env\u00edo a domicilio + Pago seguro + Garant\u00eda","breadcrumb":{"@id":"https:\/\/compuviper.mx\/tienda\/producto\/brobotix-6000298-candado-de-seguridad-nano-de-combinacion-1-80-mts-para-portatiles\/#breadcrumb"},"inLanguage":"es-MX","potentialAction":[{"@type":"ReadAction","target":["https:\/\/compuviper.mx\/tienda\/producto\/brobotix-6000298-candado-de-seguridad-nano-de-combinacion-1-80-mts-para-portatiles\/"]}]},{"@type":"BreadcrumbList","@id":"https:\/\/compuviper.mx\/tienda\/producto\/brobotix-6000298-candado-de-seguridad-nano-de-combinacion-1-80-mts-para-portatiles\/#breadcrumb","itemListElement":[{"@type":"ListItem","position":1,"name":"Inicio","item":"https:\/\/compuviper.mx\/tienda\/"},{"@type":"ListItem","position":2,"name":"Productos","item":"https:\/\/compuviper.mx\/tienda\/productos\/"},{"@type":"ListItem","position":3,"name":"Accesorios","item":"https:\/\/compuviper.mx\/tienda\/categoria-producto\/accesorios\/"},{"@type":"ListItem","position":4,"name":"Seguridad","item":"https:\/\/compuviper.mx\/tienda\/categoria-producto\/accesorios\/seguridad\/"},{"@type":"ListItem","position":5,"name":"Brobotix 6000298 Candado De Seguridad, Nano De Combinacion, 1.80 Mts Para Portatiles"}]},{"@type":"WebSite","@id":"https:\/\/compuviper.mx\/tienda\/#website","url":"https:\/\/compuviper.mx\/tienda\/","name":"Compuviper","description":"Proveedor de Computadoras, Laptops, Servidores, Monitores, Puntos de Venta, Teclados,   Impresoras, T\u00f3ner, C\u00e1maras de Seguridad y m\u00e1s en tu tienda en l\u00ednea","publisher":{"@id":"https:\/\/compuviper.mx\/tienda\/#organization"},"potentialAction":[{"@type":"SearchAction","target":{"@type":"EntryPoint","urlTemplate":"https:\/\/compuviper.mx\/tienda\/?s={search_term_string}"},"query-input":"required name=search_term_string"}],"inLanguage":"es-MX"},{"@type":"Organization","@id":"https:\/\/compuviper.mx\/tienda\/#organization","name":"Compuviper","url":"https:\/\/compuviper.mx\/tienda\/","logo":{"@type":"ImageObject","inLanguage":"es-MX","@id":"https:\/\/compuviper.mx\/tienda\/#\/schema\/logo\/image\/","url":"https:\/\/compuviper.mx\/tienda\/wp-content\/uploads\/2021\/08\/Logo-Compuviper-10.png","contentUrl":"https:\/\/compuviper.mx\/tienda\/wp-content\/uploads\/2021\/08\/Logo-Compuviper-10.png","width":1000,"height":500,"caption":"Compuviper"},"image":{"@id":"https:\/\/compuviper.mx\/tienda\/#\/schema\/logo\/image\/"},"sameAs":["https:\/\/www.facebook.com\/compuviper","https:\/\/www.youtube.com\/channel\/UCf73dERp9Y3cfOq7q8BhLjA?view_as=subscriber"]}]},"product_brand":"Brobotix","product_price_amount":"354","product_price_currency":"MXN","og_availability":"out of stock","product_availability":"out of stock","product_retailer_item_id":"6000298","product_condition":"new"},"_links":{"self":[{"href":"https:\/\/compuviper.mx\/tienda\/wp-json\/wp\/v2\/product\/159087"}],"collection":[{"href":"https:\/\/compuviper.mx\/tienda\/wp-json\/wp\/v2\/product"}],"about":[{"href":"https:\/\/compuviper.mx\/tienda\/wp-json\/wp\/v2\/types\/product"}],"replies":[{"embeddable":true,"href":"https:\/\/compuviper.mx\/tienda\/wp-json\/wp\/v2\/comments?post=159087"}],"wp:featuredmedia":[{"embeddable":true,"href":"https:\/\/compuviper.mx\/tienda\/wp-json\/wp\/v2\/media\/164075"}],"wp:attachment":[{"href":"https:\/\/compuviper.mx\/tienda\/wp-json\/wp\/v2\/media?parent=159087"}],"wp:term":[{"taxonomy":"product_cat","embeddable":true,"href":"https:\/\/compuviper.mx\/tienda\/wp-json\/wp\/v2\/product_cat?post=159087"},{"taxonomy":"product_tag","embeddable":true,"href":"https:\/\/compuviper.mx\/tienda\/wp-json\/wp\/v2\/product_tag?post=159087"}],"curies":[{"name":"wp","href":"https:\/\/api.w.org\/{rel}","templated":true}]}}