{"id":158192,"date":"2026-04-01T23:08:51","date_gmt":"2026-04-02T05:08:51","guid":{"rendered":"https:\/\/compuviper.mx\/tienda\/producto\/peerless-av-sa771pu-soporte-articulado-peerless-para-monitores-de-46-a-90-capacidad-de-carga-de-hasta-68-kg\/"},"modified":"2026-04-01T23:08:51","modified_gmt":"2026-04-02T05:08:51","slug":"peerless-av-sa771pu-soporte-articulado-peerless-para-monitores-de-46-a-90-capacidad-de-carga-de-hasta-68-kg","status":"publish","type":"product","link":"https:\/\/compuviper.mx\/tienda\/producto\/peerless-av-sa771pu-soporte-articulado-peerless-para-monitores-de-46-a-90-capacidad-de-carga-de-hasta-68-kg\/","title":{"rendered":"Peerless-av Sa771pu Soporte Articulado Peerless  Para Monitores De 46? A 90? Capacidad De Carga De Hasta 68 Kg"},"content":{"rendered":"<table class=\"descripcion\">\n<tr>\n<td>El soporte universal admite patrones de montaje vesa de 200 x 100 a 800 x 400 mmse retrae para sostener la pantalla a solo 3,10 (79 mm) de la pared\u00b190\u00b0 de pivote permite un posicionamiento perfecto de la pantallaf\u00e1cil nivelaci\u00f3n \u00b15\u00b0 despu\u00e9s de la instalaci\u00f3n de la pantallar\u00e1pida y f\u00e1cil instalaci\u00f3n hook-and-hang\u0099 por una sola personalas opciones de montaje horizontal o vertical aumentan la versatilidad de la pantallabrazos duales para una instalaci\u00f3n m\u00e1s robustalas elegantes cubiertas para placas de pared crean una apariencia acabada y son f\u00e1ciles de instalar y quitarel dise\u00f1o de placa de pared abierta aumenta las opciones de administraci\u00f3n de cables y electricidadcubierta removible para placa de pared incluidaincluye todo el hardware de fijaci\u00f3n de pantalla y pared necesario.el dise\u00f1o est\u00e1 listado por ul y probado para cuatro veces la capacidad de carga indicada<\/td>\n<\/tr>\n<\/table>\n","protected":false},"excerpt":{"rendered":"<p>La serie de brazos de pared articulados smartmount \u00ae ofrece las caracter\u00edsticas de instalaci\u00f3n y las opciones de montaje m\u00e1s vers\u00e1tiles. El dise\u00f1o innovador de la placa adaptadora en forma de i ayuda a evitar el bloqueo de las conexiones en la parte posterior de la pantalla. La capacidad de ajuste vertical permite la nivelaci\u00f3n posterior a la instalaci\u00f3n, lo que hace que sea m\u00e1s f\u00e1cil que nunca encontrar la posici\u00f3n de visualizaci\u00f3n perfecta. Con sa771pu, extienda la pantalla hasta 26,6 (676 mm) o retr\u00e1igala completamente a solo 3,1 (79 mm) de la pared para obtener la posici\u00f3n de visualizaci\u00f3n perfecta. La pantalla ahora puede ser instalada simplemente por una sola persona con el sistema hook-and-hang\u0099. La tecnolog\u00eda de inclinaci\u00f3n one-touch\u0099 ofrece un movimiento de inclinaci\u00f3n vertical de +15\u00b0\/-5\u00b0 para lograr el \u00e1ngulo de visi\u00f3n ideal. La gesti\u00f3n de cables integrada protege, contiene y oculta los cables para una instalaci\u00f3n limpia.<\/p>\n","protected":false},"featured_media":164050,"comment_status":"open","ping_status":"open","template":"","meta":[],"product_cat":[2321,2265],"product_tag":[1904],"acf":[],"yoast_head":"<!-- This site is optimized with the Yoast SEO plugin v21.7 - https:\/\/yoast.com\/wordpress\/plugins\/seo\/ -->\n<title>[ Peerless-av ] &#129351; Sa771pu Soporte Articulado Peerless Para Monitores De 46\u0094 A 90\u0094 Capacidad De Carga De Hasta 68 Kg<\/title>\n<meta name=\"description\" content=\"Compra Sa771pu Soporte Articulado Peerless Para Monitores De 46\u0094 A 90\u0094 Capacidad De Carga De Hasta 68 Kg + Env\u00edo a domicilio + Pago seguro + Garant\u00eda\" \/>\n<meta name=\"robots\" content=\"index, follow, max-snippet:-1, max-image-preview:large, max-video-preview:-1\" \/>\n<link rel=\"canonical\" href=\"https:\/\/compuviper.mx\/tienda\/producto\/peerless-av-sa771pu-soporte-articulado-peerless-para-monitores-de-46-a-90-capacidad-de-carga-de-hasta-68-kg\/\" \/>\n<meta property=\"og:locale\" content=\"es_MX\" \/>\n<meta property=\"og:type\" content=\"article\" \/>\n<meta property=\"og:title\" content=\"[ Peerless-av ] &#129351; Sa771pu Soporte Articulado Peerless Para Monitores De 46\u0094 A 90\u0094 Capacidad De Carga De Hasta 68 Kg\" \/>\n<meta property=\"og:description\" content=\"Compra Sa771pu Soporte Articulado Peerless Para Monitores De 46\u0094 A 90\u0094 Capacidad De Carga De Hasta 68 Kg + Env\u00edo a domicilio + Pago seguro + Garant\u00eda\" \/>\n<meta property=\"og:url\" content=\"https:\/\/compuviper.mx\/tienda\/producto\/peerless-av-sa771pu-soporte-articulado-peerless-para-monitores-de-46-a-90-capacidad-de-carga-de-hasta-68-kg\/\" \/>\n<meta property=\"og:site_name\" content=\"Compuviper\" \/>\n<meta property=\"article:publisher\" content=\"https:\/\/www.facebook.com\/compuviper\" \/>\n<meta property=\"og:image\" content=\"https:\/\/compuviper.mx\/tienda\/wp-content\/uploads\/2023\/02\/Soporte-articulado-peerless-sa771pu-para-monitores-de-46\u0094-a-90\u0094-capacidad-de-carga-de-hasta-68-kg.jpg\" \/>\n\t<meta property=\"og:image:width\" content=\"200\" \/>\n\t<meta property=\"og:image:height\" content=\"200\" \/>\n\t<meta property=\"og:image:type\" content=\"image\/jpeg\" \/>\n<meta name=\"twitter:card\" content=\"summary_large_image\" \/>\n<meta name=\"twitter:label1\" content=\"Precio\" \/>\n\t<meta name=\"twitter:data1\" content=\"&#36;13,328 con IVA\" \/>\n\t<meta name=\"twitter:label2\" content=\"Availability\" \/>\n\t<meta name=\"twitter:data2\" content=\"On backorder\" \/>\n<script type=\"application\/ld+json\" class=\"yoast-schema-graph\">{\"@context\":\"https:\/\/schema.org\",\"@graph\":[{\"@type\":\"WebPage\",\"@id\":\"https:\/\/compuviper.mx\/tienda\/producto\/peerless-av-sa771pu-soporte-articulado-peerless-para-monitores-de-46-a-90-capacidad-de-carga-de-hasta-68-kg\/\",\"url\":\"https:\/\/compuviper.mx\/tienda\/producto\/peerless-av-sa771pu-soporte-articulado-peerless-para-monitores-de-46-a-90-capacidad-de-carga-de-hasta-68-kg\/\",\"name\":\"[ Peerless-av ] &#129351; Sa771pu Soporte Articulado Peerless Para Monitores De 46\u0094 A 90\u0094 Capacidad De Carga De Hasta 68 Kg\",\"isPartOf\":{\"@id\":\"https:\/\/compuviper.mx\/tienda\/#website\"},\"datePublished\":\"2026-04-02T05:08:51+00:00\",\"dateModified\":\"2026-04-02T05:08:51+00:00\",\"description\":\"Compra Sa771pu Soporte Articulado Peerless Para Monitores De 46\u0094 A 90\u0094 Capacidad De Carga De Hasta 68 Kg + Env\u00edo a domicilio + Pago seguro + Garant\u00eda\",\"breadcrumb\":{\"@id\":\"https:\/\/compuviper.mx\/tienda\/producto\/peerless-av-sa771pu-soporte-articulado-peerless-para-monitores-de-46-a-90-capacidad-de-carga-de-hasta-68-kg\/#breadcrumb\"},\"inLanguage\":\"es-MX\",\"potentialAction\":[{\"@type\":\"ReadAction\",\"target\":[\"https:\/\/compuviper.mx\/tienda\/producto\/peerless-av-sa771pu-soporte-articulado-peerless-para-monitores-de-46-a-90-capacidad-de-carga-de-hasta-68-kg\/\"]}]},{\"@type\":\"BreadcrumbList\",\"@id\":\"https:\/\/compuviper.mx\/tienda\/producto\/peerless-av-sa771pu-soporte-articulado-peerless-para-monitores-de-46-a-90-capacidad-de-carga-de-hasta-68-kg\/#breadcrumb\",\"itemListElement\":[{\"@type\":\"ListItem\",\"position\":1,\"name\":\"Inicio\",\"item\":\"https:\/\/compuviper.mx\/tienda\/\"},{\"@type\":\"ListItem\",\"position\":2,\"name\":\"Productos\",\"item\":\"https:\/\/compuviper.mx\/tienda\/productos\/\"},{\"@type\":\"ListItem\",\"position\":3,\"name\":\"Soportes Y Bases P\/tv\/ Proyectores\/dvd\/consolas\/bocinas\/pantallas\/monotores\",\"item\":\"https:\/\/compuviper.mx\/tienda\/categoria-producto\/soportes-y-bases-p-tv-proyectores-dvd-consolas-bocinas-pantallas-monotores\/\"},{\"@type\":\"ListItem\",\"position\":4,\"name\":\"Soporte Y Base Para Tv\/pantallas\/monitores\/kiosko\",\"item\":\"https:\/\/compuviper.mx\/tienda\/categoria-producto\/soportes-y-bases-p-tv-proyectores-dvd-consolas-bocinas-pantallas-monotores\/soporte-y-base-para-tv-pantallas-monitores-kiosko\/\"},{\"@type\":\"ListItem\",\"position\":5,\"name\":\"Peerless-av Sa771pu Soporte Articulado Peerless Para Monitores De 46? A 90? Capacidad De Carga De Hasta 68 Kg\"}]},{\"@type\":\"WebSite\",\"@id\":\"https:\/\/compuviper.mx\/tienda\/#website\",\"url\":\"https:\/\/compuviper.mx\/tienda\/\",\"name\":\"Compuviper\",\"description\":\"Proveedor de Computadoras, Laptops, Servidores, Monitores, Puntos de Venta, Teclados,   Impresoras, T\u00f3ner, C\u00e1maras de Seguridad y m\u00e1s en tu tienda en l\u00ednea\",\"publisher\":{\"@id\":\"https:\/\/compuviper.mx\/tienda\/#organization\"},\"potentialAction\":[{\"@type\":\"SearchAction\",\"target\":{\"@type\":\"EntryPoint\",\"urlTemplate\":\"https:\/\/compuviper.mx\/tienda\/?s={search_term_string}\"},\"query-input\":\"required name=search_term_string\"}],\"inLanguage\":\"es-MX\"},{\"@type\":\"Organization\",\"@id\":\"https:\/\/compuviper.mx\/tienda\/#organization\",\"name\":\"Compuviper\",\"url\":\"https:\/\/compuviper.mx\/tienda\/\",\"logo\":{\"@type\":\"ImageObject\",\"inLanguage\":\"es-MX\",\"@id\":\"https:\/\/compuviper.mx\/tienda\/#\/schema\/logo\/image\/\",\"url\":\"https:\/\/compuviper.mx\/tienda\/wp-content\/uploads\/2021\/08\/Logo-Compuviper-10.png\",\"contentUrl\":\"https:\/\/compuviper.mx\/tienda\/wp-content\/uploads\/2021\/08\/Logo-Compuviper-10.png\",\"width\":1000,\"height\":500,\"caption\":\"Compuviper\"},\"image\":{\"@id\":\"https:\/\/compuviper.mx\/tienda\/#\/schema\/logo\/image\/\"},\"sameAs\":[\"https:\/\/www.facebook.com\/compuviper\",\"https:\/\/www.youtube.com\/channel\/UCf73dERp9Y3cfOq7q8BhLjA?view_as=subscriber\"]}]}<\/script>\n<meta property=\"product:brand\" content=\"PEERLESS-AV\" \/>\n<meta property=\"product:price:amount\" content=\"13328\" \/>\n<meta property=\"product:price:currency\" content=\"MXN\" \/>\n<meta property=\"og:availability\" content=\"backorder\" \/>\n<meta property=\"product:availability\" content=\"available for order\" \/>\n<meta property=\"product:retailer_item_id\" content=\"SA771PU\" \/>\n<meta property=\"product:condition\" content=\"new\" \/>\n<!-- \/ Yoast SEO plugin. -->","yoast_head_json":{"title":"[ Peerless-av ] &#129351; Sa771pu Soporte Articulado Peerless Para Monitores De 46\u0094 A 90\u0094 Capacidad De Carga De Hasta 68 Kg","description":"Compra Sa771pu Soporte Articulado Peerless Para Monitores De 46\u0094 A 90\u0094 Capacidad De Carga De Hasta 68 Kg + Env\u00edo a domicilio + Pago seguro + Garant\u00eda","robots":{"index":"index","follow":"follow","max-snippet":"max-snippet:-1","max-image-preview":"max-image-preview:large","max-video-preview":"max-video-preview:-1"},"canonical":"https:\/\/compuviper.mx\/tienda\/producto\/peerless-av-sa771pu-soporte-articulado-peerless-para-monitores-de-46-a-90-capacidad-de-carga-de-hasta-68-kg\/","og_locale":"es_MX","og_type":"article","og_title":"[ Peerless-av ] &#129351; Sa771pu Soporte Articulado Peerless Para Monitores De 46\u0094 A 90\u0094 Capacidad De Carga De Hasta 68 Kg","og_description":"Compra Sa771pu Soporte Articulado Peerless Para Monitores De 46\u0094 A 90\u0094 Capacidad De Carga De Hasta 68 Kg + Env\u00edo a domicilio + Pago seguro + Garant\u00eda","og_url":"https:\/\/compuviper.mx\/tienda\/producto\/peerless-av-sa771pu-soporte-articulado-peerless-para-monitores-de-46-a-90-capacidad-de-carga-de-hasta-68-kg\/","og_site_name":"Compuviper","article_publisher":"https:\/\/www.facebook.com\/compuviper","og_image":[{"width":200,"height":200,"url":"https:\/\/compuviper.mx\/tienda\/wp-content\/uploads\/2023\/02\/Soporte-articulado-peerless-sa771pu-para-monitores-de-46\u0094-a-90\u0094-capacidad-de-carga-de-hasta-68-kg.jpg","type":"image\/jpeg"}],"twitter_card":"summary_large_image","twitter_misc":{"Precio":"&#36;13,328 con IVA","Availability":"On backorder"},"schema":{"@context":"https:\/\/schema.org","@graph":[{"@type":"WebPage","@id":"https:\/\/compuviper.mx\/tienda\/producto\/peerless-av-sa771pu-soporte-articulado-peerless-para-monitores-de-46-a-90-capacidad-de-carga-de-hasta-68-kg\/","url":"https:\/\/compuviper.mx\/tienda\/producto\/peerless-av-sa771pu-soporte-articulado-peerless-para-monitores-de-46-a-90-capacidad-de-carga-de-hasta-68-kg\/","name":"[ Peerless-av ] &#129351; Sa771pu Soporte Articulado Peerless Para Monitores De 46\u0094 A 90\u0094 Capacidad De Carga De Hasta 68 Kg","isPartOf":{"@id":"https:\/\/compuviper.mx\/tienda\/#website"},"datePublished":"2026-04-02T05:08:51+00:00","dateModified":"2026-04-02T05:08:51+00:00","description":"Compra Sa771pu Soporte Articulado Peerless Para Monitores De 46\u0094 A 90\u0094 Capacidad De Carga De Hasta 68 Kg + Env\u00edo a domicilio + Pago seguro + Garant\u00eda","breadcrumb":{"@id":"https:\/\/compuviper.mx\/tienda\/producto\/peerless-av-sa771pu-soporte-articulado-peerless-para-monitores-de-46-a-90-capacidad-de-carga-de-hasta-68-kg\/#breadcrumb"},"inLanguage":"es-MX","potentialAction":[{"@type":"ReadAction","target":["https:\/\/compuviper.mx\/tienda\/producto\/peerless-av-sa771pu-soporte-articulado-peerless-para-monitores-de-46-a-90-capacidad-de-carga-de-hasta-68-kg\/"]}]},{"@type":"BreadcrumbList","@id":"https:\/\/compuviper.mx\/tienda\/producto\/peerless-av-sa771pu-soporte-articulado-peerless-para-monitores-de-46-a-90-capacidad-de-carga-de-hasta-68-kg\/#breadcrumb","itemListElement":[{"@type":"ListItem","position":1,"name":"Inicio","item":"https:\/\/compuviper.mx\/tienda\/"},{"@type":"ListItem","position":2,"name":"Productos","item":"https:\/\/compuviper.mx\/tienda\/productos\/"},{"@type":"ListItem","position":3,"name":"Soportes Y Bases P\/tv\/ Proyectores\/dvd\/consolas\/bocinas\/pantallas\/monotores","item":"https:\/\/compuviper.mx\/tienda\/categoria-producto\/soportes-y-bases-p-tv-proyectores-dvd-consolas-bocinas-pantallas-monotores\/"},{"@type":"ListItem","position":4,"name":"Soporte Y Base Para Tv\/pantallas\/monitores\/kiosko","item":"https:\/\/compuviper.mx\/tienda\/categoria-producto\/soportes-y-bases-p-tv-proyectores-dvd-consolas-bocinas-pantallas-monotores\/soporte-y-base-para-tv-pantallas-monitores-kiosko\/"},{"@type":"ListItem","position":5,"name":"Peerless-av Sa771pu Soporte Articulado Peerless Para Monitores De 46? A 90? Capacidad De Carga De Hasta 68 Kg"}]},{"@type":"WebSite","@id":"https:\/\/compuviper.mx\/tienda\/#website","url":"https:\/\/compuviper.mx\/tienda\/","name":"Compuviper","description":"Proveedor de Computadoras, Laptops, Servidores, Monitores, Puntos de Venta, Teclados,   Impresoras, T\u00f3ner, C\u00e1maras de Seguridad y m\u00e1s en tu tienda en l\u00ednea","publisher":{"@id":"https:\/\/compuviper.mx\/tienda\/#organization"},"potentialAction":[{"@type":"SearchAction","target":{"@type":"EntryPoint","urlTemplate":"https:\/\/compuviper.mx\/tienda\/?s={search_term_string}"},"query-input":"required name=search_term_string"}],"inLanguage":"es-MX"},{"@type":"Organization","@id":"https:\/\/compuviper.mx\/tienda\/#organization","name":"Compuviper","url":"https:\/\/compuviper.mx\/tienda\/","logo":{"@type":"ImageObject","inLanguage":"es-MX","@id":"https:\/\/compuviper.mx\/tienda\/#\/schema\/logo\/image\/","url":"https:\/\/compuviper.mx\/tienda\/wp-content\/uploads\/2021\/08\/Logo-Compuviper-10.png","contentUrl":"https:\/\/compuviper.mx\/tienda\/wp-content\/uploads\/2021\/08\/Logo-Compuviper-10.png","width":1000,"height":500,"caption":"Compuviper"},"image":{"@id":"https:\/\/compuviper.mx\/tienda\/#\/schema\/logo\/image\/"},"sameAs":["https:\/\/www.facebook.com\/compuviper","https:\/\/www.youtube.com\/channel\/UCf73dERp9Y3cfOq7q8BhLjA?view_as=subscriber"]}]},"product_brand":"PEERLESS-AV","product_price_amount":"13328","product_price_currency":"MXN","og_availability":"backorder","product_availability":"available for order","product_retailer_item_id":"SA771PU","product_condition":"new"},"_links":{"self":[{"href":"https:\/\/compuviper.mx\/tienda\/wp-json\/wp\/v2\/product\/158192"}],"collection":[{"href":"https:\/\/compuviper.mx\/tienda\/wp-json\/wp\/v2\/product"}],"about":[{"href":"https:\/\/compuviper.mx\/tienda\/wp-json\/wp\/v2\/types\/product"}],"replies":[{"embeddable":true,"href":"https:\/\/compuviper.mx\/tienda\/wp-json\/wp\/v2\/comments?post=158192"}],"wp:featuredmedia":[{"embeddable":true,"href":"https:\/\/compuviper.mx\/tienda\/wp-json\/wp\/v2\/media\/164050"}],"wp:attachment":[{"href":"https:\/\/compuviper.mx\/tienda\/wp-json\/wp\/v2\/media?parent=158192"}],"wp:term":[{"taxonomy":"product_cat","embeddable":true,"href":"https:\/\/compuviper.mx\/tienda\/wp-json\/wp\/v2\/product_cat?post=158192"},{"taxonomy":"product_tag","embeddable":true,"href":"https:\/\/compuviper.mx\/tienda\/wp-json\/wp\/v2\/product_tag?post=158192"}],"curies":[{"name":"wp","href":"https:\/\/api.w.org\/{rel}","templated":true}]}}