{"id":157928,"date":"2026-04-01T23:08:46","date_gmt":"2026-04-02T05:08:46","guid":{"rendered":"https:\/\/compuviper.mx\/tienda\/producto\/tp-link-tl-poe160s-inyector-poe-2-puertos-gigabit-estandares-ieee802-3af-at\/"},"modified":"2026-04-01T23:08:47","modified_gmt":"2026-04-02T05:08:47","slug":"tp-link-poe160stl-poe160s-inyector-poe-tp-link-poe160s-2-puertos-gigabit-estandares-ieee802-3af-at","status":"publish","type":"product","link":"https:\/\/compuviper.mx\/tienda\/producto\/tp-link-poe160stl-poe160s-inyector-poe-tp-link-poe160s-2-puertos-gigabit-estandares-ieee802-3af-at\/","title":{"rendered":"Tp Link Poe160s,tl-poe160s Inyector Poe Tp-link Poe160s 2 Puertos Gigabit Estandares Ieee802.3af\/at"},"content":{"rendered":"<table class=\"descripcion\">\n<tr>\n<td>Tl-poe160s<\/td>\n<\/tr>\n<tr>\n<td>Inyector poe<\/td>\n<\/tr>\n<tr>\n<td>\u00952 puertos gigabit garantizan una transmisin m\u00e1s r\u00e1pida<\/td>\n<\/tr>\n<tr>\n<td>\u0095cumple con los est\u00e1ndares ieee802.3af\/at, suministra hasta 30 w<\/td>\n<\/tr>\n<tr>\n<td>\u0095reduce los costos de infraestructura al transmitir datos y energa simult\u00e1neamente a travs de un cable ethernet<\/td>\n<\/tr>\n<tr>\n<td>\u0095determina y suministra autom\u00e1ticamente la potencia exacta para satisfacer las necesidades del dispositivo<\/td>\n<\/tr>\n<tr>\n<td>\u0095el diseo de escritorio y montaje en pared se adapta a la mayora de los escenarios de instalacin<\/td>\n<\/tr>\n<tr>\n<td>\u0095instalacin plug  and  play, no requiere configuracin<\/td>\n<\/tr>\n<tr>\n<td>\u0095fuente de alimentacin integrada<\/td>\n<\/tr>\n<\/table>\n","protected":false},"excerpt":{"rendered":"<p>Red. Est\u00e1ndares y protocolosieee802.3i, ieee802.3u, ieee802.3ab, ieee802.3af, ieee802.3at. General. Certificacinfcc, ce, rohs. Ambientetemperatura de funcionamiento: 0 \u00b0 c a 40 \u00b0 c 32 \u00b0 f a 104 \u00b0 f. Temperatura de almacenamiento: -40 \u00b0 c a 70 \u00b0 c -40 \u00b0 f a 158 \u00b0 f. Humedad de funcionamiento: 10 a 90 de humedad relativa sin condensacin. Humedad de almacenamiento: 5 a 90 de hr sin condensacin. Contenidos del paquete. Contenidos del paquetepoe injector tl-poe160s. Installation guide. Power cord. Rj45 cable. Wall mounting kits. Caractersticas de hardware. Medios de red10base-t: cable utp categora 3, 4, 5 m\u00e1ximo 100 m. Eia \/ tia-568 100 and 937; stp m\u00e1ximo 100 m. 100base-tx: cable utp categora 5, 5e m\u00e1ximo 100 m. Eia \/ tia-568 100 and 937; stp m\u00e1ximo 100 m. 1000base-t: cable utp categora 5, 5e, 6 m\u00e1ximo 100 m. Puertos1 puerto de entrada de datos rj45 de 10\/100\/1000 mbps. 1 puerto rj45 de alimentacin  salida de datos a 10\/100\/1000 mb. Consumo de potenciaentrada: 100-240 v, 50\/60 hz. Salida: autodetermina los requisitos de energa necesarios m\u00e1x.30 w. Funciones b\u00e1sicasel algoritmo de deteccin autom\u00e1tica permite proporcionar energa con 802.3af \/ at pd. Determina autom\u00e1ticamente los requisitos de energa necesarios. Compatible con montaje en pared y escritorio. Conecta y reproduce. Indicador de ledencendido: suministrando energa normalmente. Apagado: sin fuente de alimentacin. Dimensiones4.92.31.4 in 12559.436.8 mm<\/p>\n","protected":false},"featured_media":164040,"comment_status":"open","ping_status":"open","template":"","meta":[],"product_cat":[1485,1581],"product_tag":[1562],"acf":[],"yoast_head":"<!-- This site is optimized with the Yoast SEO plugin v21.7 - https:\/\/yoast.com\/wordpress\/plugins\/seo\/ -->\n<title>[ Tp Link ] &#129351; Poe160s,tl-poe160s Inyector Poe Tp-link Poe160s 2 Puertos Gigabit Estandares Ieee802.3af\/at<\/title>\n<meta name=\"description\" content=\"Compra Poe160s,tl-poe160s Inyector Poe Tp-link Poe160s 2 Puertos Gigabit Estandares Ieee802.3af\/at + Env\u00edo a domicilio + Pago seguro + Garant\u00eda\" \/>\n<meta name=\"robots\" content=\"index, follow, max-snippet:-1, max-image-preview:large, max-video-preview:-1\" \/>\n<link rel=\"canonical\" href=\"https:\/\/compuviper.mx\/tienda\/producto\/tp-link-poe160stl-poe160s-inyector-poe-tp-link-poe160s-2-puertos-gigabit-estandares-ieee802-3af-at\/\" \/>\n<meta property=\"og:locale\" content=\"es_MX\" \/>\n<meta property=\"og:type\" content=\"article\" \/>\n<meta property=\"og:title\" content=\"[ Tp Link ] &#129351; Poe160s,tl-poe160s Inyector Poe Tp-link Poe160s 2 Puertos Gigabit Estandares Ieee802.3af\/at\" \/>\n<meta property=\"og:description\" content=\"Compra Poe160s,tl-poe160s Inyector Poe Tp-link Poe160s 2 Puertos Gigabit Estandares Ieee802.3af\/at + Env\u00edo a domicilio + Pago seguro + Garant\u00eda\" \/>\n<meta property=\"og:url\" content=\"https:\/\/compuviper.mx\/tienda\/producto\/tp-link-poe160stl-poe160s-inyector-poe-tp-link-poe160s-2-puertos-gigabit-estandares-ieee802-3af-at\/\" \/>\n<meta property=\"og:site_name\" content=\"Compuviper\" \/>\n<meta property=\"article:publisher\" content=\"https:\/\/www.facebook.com\/compuviper\" \/>\n<meta property=\"article:modified_time\" content=\"2026-04-02T05:08:47+00:00\" \/>\n<meta property=\"og:image\" content=\"https:\/\/compuviper.mx\/tienda\/wp-content\/uploads\/2023\/02\/Inyector-poe-2-puertos-gigabit-estandares-ieee802.3afat.jpg\" \/>\n\t<meta property=\"og:image:width\" content=\"200\" \/>\n\t<meta property=\"og:image:height\" content=\"200\" \/>\n\t<meta property=\"og:image:type\" content=\"image\/jpeg\" \/>\n<meta name=\"twitter:card\" content=\"summary_large_image\" \/>\n<meta name=\"twitter:label1\" content=\"Precio\" \/>\n\t<meta name=\"twitter:data1\" content=\"&#36;349 con IVA\" \/>\n\t<meta name=\"twitter:label2\" content=\"Availability\" \/>\n\t<meta name=\"twitter:data2\" content=\"Out of stock\" \/>\n<script type=\"application\/ld+json\" class=\"yoast-schema-graph\">{\"@context\":\"https:\/\/schema.org\",\"@graph\":[{\"@type\":\"WebPage\",\"@id\":\"https:\/\/compuviper.mx\/tienda\/producto\/tp-link-poe160stl-poe160s-inyector-poe-tp-link-poe160s-2-puertos-gigabit-estandares-ieee802-3af-at\/\",\"url\":\"https:\/\/compuviper.mx\/tienda\/producto\/tp-link-poe160stl-poe160s-inyector-poe-tp-link-poe160s-2-puertos-gigabit-estandares-ieee802-3af-at\/\",\"name\":\"[ Tp Link ] &#129351; Poe160s,tl-poe160s Inyector Poe Tp-link Poe160s 2 Puertos Gigabit Estandares Ieee802.3af\/at\",\"isPartOf\":{\"@id\":\"https:\/\/compuviper.mx\/tienda\/#website\"},\"datePublished\":\"2026-04-02T05:08:46+00:00\",\"dateModified\":\"2026-04-02T05:08:47+00:00\",\"description\":\"Compra Poe160s,tl-poe160s Inyector Poe Tp-link Poe160s 2 Puertos Gigabit Estandares Ieee802.3af\/at + Env\u00edo a domicilio + Pago seguro + Garant\u00eda\",\"breadcrumb\":{\"@id\":\"https:\/\/compuviper.mx\/tienda\/producto\/tp-link-poe160stl-poe160s-inyector-poe-tp-link-poe160s-2-puertos-gigabit-estandares-ieee802-3af-at\/#breadcrumb\"},\"inLanguage\":\"es-MX\",\"potentialAction\":[{\"@type\":\"ReadAction\",\"target\":[\"https:\/\/compuviper.mx\/tienda\/producto\/tp-link-poe160stl-poe160s-inyector-poe-tp-link-poe160s-2-puertos-gigabit-estandares-ieee802-3af-at\/\"]}]},{\"@type\":\"BreadcrumbList\",\"@id\":\"https:\/\/compuviper.mx\/tienda\/producto\/tp-link-poe160stl-poe160s-inyector-poe-tp-link-poe160s-2-puertos-gigabit-estandares-ieee802-3af-at\/#breadcrumb\",\"itemListElement\":[{\"@type\":\"ListItem\",\"position\":1,\"name\":\"Inicio\",\"item\":\"https:\/\/compuviper.mx\/tienda\/\"},{\"@type\":\"ListItem\",\"position\":2,\"name\":\"Productos\",\"item\":\"https:\/\/compuviper.mx\/tienda\/productos\/\"},{\"@type\":\"ListItem\",\"position\":3,\"name\":\"Accesorios\",\"item\":\"https:\/\/compuviper.mx\/tienda\/categoria-producto\/accesorios\/\"},{\"@type\":\"ListItem\",\"position\":4,\"name\":\"Redes\",\"item\":\"https:\/\/compuviper.mx\/tienda\/categoria-producto\/accesorios\/redes-accesorios\/\"},{\"@type\":\"ListItem\",\"position\":5,\"name\":\"Tp Link Poe160s,tl-poe160s Inyector Poe Tp-link Poe160s 2 Puertos Gigabit Estandares Ieee802.3af\/at\"}]},{\"@type\":\"WebSite\",\"@id\":\"https:\/\/compuviper.mx\/tienda\/#website\",\"url\":\"https:\/\/compuviper.mx\/tienda\/\",\"name\":\"Compuviper\",\"description\":\"Proveedor de Computadoras, Laptops, Servidores, Monitores, Puntos de Venta, Teclados,   Impresoras, T\u00f3ner, C\u00e1maras de Seguridad y m\u00e1s en tu tienda en l\u00ednea\",\"publisher\":{\"@id\":\"https:\/\/compuviper.mx\/tienda\/#organization\"},\"potentialAction\":[{\"@type\":\"SearchAction\",\"target\":{\"@type\":\"EntryPoint\",\"urlTemplate\":\"https:\/\/compuviper.mx\/tienda\/?s={search_term_string}\"},\"query-input\":\"required name=search_term_string\"}],\"inLanguage\":\"es-MX\"},{\"@type\":\"Organization\",\"@id\":\"https:\/\/compuviper.mx\/tienda\/#organization\",\"name\":\"Compuviper\",\"url\":\"https:\/\/compuviper.mx\/tienda\/\",\"logo\":{\"@type\":\"ImageObject\",\"inLanguage\":\"es-MX\",\"@id\":\"https:\/\/compuviper.mx\/tienda\/#\/schema\/logo\/image\/\",\"url\":\"https:\/\/compuviper.mx\/tienda\/wp-content\/uploads\/2021\/08\/Logo-Compuviper-10.png\",\"contentUrl\":\"https:\/\/compuviper.mx\/tienda\/wp-content\/uploads\/2021\/08\/Logo-Compuviper-10.png\",\"width\":1000,\"height\":500,\"caption\":\"Compuviper\"},\"image\":{\"@id\":\"https:\/\/compuviper.mx\/tienda\/#\/schema\/logo\/image\/\"},\"sameAs\":[\"https:\/\/www.facebook.com\/compuviper\",\"https:\/\/www.youtube.com\/channel\/UCf73dERp9Y3cfOq7q8BhLjA?view_as=subscriber\"]}]}<\/script>\n<meta property=\"product:brand\" content=\"TP LINK\" \/>\n<meta property=\"product:price:amount\" content=\"349\" \/>\n<meta property=\"product:price:currency\" content=\"MXN\" \/>\n<meta property=\"og:availability\" content=\"out of stock\" \/>\n<meta property=\"product:availability\" content=\"out of stock\" \/>\n<meta property=\"product:retailer_item_id\" content=\"PoE160S,TL-POE160S\" \/>\n<meta property=\"product:condition\" content=\"new\" \/>\n<!-- \/ Yoast SEO plugin. -->","yoast_head_json":{"title":"[ Tp Link ] &#129351; Poe160s,tl-poe160s Inyector Poe Tp-link Poe160s 2 Puertos Gigabit Estandares Ieee802.3af\/at","description":"Compra Poe160s,tl-poe160s Inyector Poe Tp-link Poe160s 2 Puertos Gigabit Estandares Ieee802.3af\/at + Env\u00edo a domicilio + Pago seguro + Garant\u00eda","robots":{"index":"index","follow":"follow","max-snippet":"max-snippet:-1","max-image-preview":"max-image-preview:large","max-video-preview":"max-video-preview:-1"},"canonical":"https:\/\/compuviper.mx\/tienda\/producto\/tp-link-poe160stl-poe160s-inyector-poe-tp-link-poe160s-2-puertos-gigabit-estandares-ieee802-3af-at\/","og_locale":"es_MX","og_type":"article","og_title":"[ Tp Link ] &#129351; Poe160s,tl-poe160s Inyector Poe Tp-link Poe160s 2 Puertos Gigabit Estandares Ieee802.3af\/at","og_description":"Compra Poe160s,tl-poe160s Inyector Poe Tp-link Poe160s 2 Puertos Gigabit Estandares Ieee802.3af\/at + Env\u00edo a domicilio + Pago seguro + Garant\u00eda","og_url":"https:\/\/compuviper.mx\/tienda\/producto\/tp-link-poe160stl-poe160s-inyector-poe-tp-link-poe160s-2-puertos-gigabit-estandares-ieee802-3af-at\/","og_site_name":"Compuviper","article_publisher":"https:\/\/www.facebook.com\/compuviper","article_modified_time":"2026-04-02T05:08:47+00:00","og_image":[{"width":200,"height":200,"url":"https:\/\/compuviper.mx\/tienda\/wp-content\/uploads\/2023\/02\/Inyector-poe-2-puertos-gigabit-estandares-ieee802.3afat.jpg","type":"image\/jpeg"}],"twitter_card":"summary_large_image","twitter_misc":{"Precio":"&#36;349 con IVA","Availability":"Out of stock"},"schema":{"@context":"https:\/\/schema.org","@graph":[{"@type":"WebPage","@id":"https:\/\/compuviper.mx\/tienda\/producto\/tp-link-poe160stl-poe160s-inyector-poe-tp-link-poe160s-2-puertos-gigabit-estandares-ieee802-3af-at\/","url":"https:\/\/compuviper.mx\/tienda\/producto\/tp-link-poe160stl-poe160s-inyector-poe-tp-link-poe160s-2-puertos-gigabit-estandares-ieee802-3af-at\/","name":"[ Tp Link ] &#129351; Poe160s,tl-poe160s Inyector Poe Tp-link Poe160s 2 Puertos Gigabit Estandares Ieee802.3af\/at","isPartOf":{"@id":"https:\/\/compuviper.mx\/tienda\/#website"},"datePublished":"2026-04-02T05:08:46+00:00","dateModified":"2026-04-02T05:08:47+00:00","description":"Compra Poe160s,tl-poe160s Inyector Poe Tp-link Poe160s 2 Puertos Gigabit Estandares Ieee802.3af\/at + Env\u00edo a domicilio + Pago seguro + Garant\u00eda","breadcrumb":{"@id":"https:\/\/compuviper.mx\/tienda\/producto\/tp-link-poe160stl-poe160s-inyector-poe-tp-link-poe160s-2-puertos-gigabit-estandares-ieee802-3af-at\/#breadcrumb"},"inLanguage":"es-MX","potentialAction":[{"@type":"ReadAction","target":["https:\/\/compuviper.mx\/tienda\/producto\/tp-link-poe160stl-poe160s-inyector-poe-tp-link-poe160s-2-puertos-gigabit-estandares-ieee802-3af-at\/"]}]},{"@type":"BreadcrumbList","@id":"https:\/\/compuviper.mx\/tienda\/producto\/tp-link-poe160stl-poe160s-inyector-poe-tp-link-poe160s-2-puertos-gigabit-estandares-ieee802-3af-at\/#breadcrumb","itemListElement":[{"@type":"ListItem","position":1,"name":"Inicio","item":"https:\/\/compuviper.mx\/tienda\/"},{"@type":"ListItem","position":2,"name":"Productos","item":"https:\/\/compuviper.mx\/tienda\/productos\/"},{"@type":"ListItem","position":3,"name":"Accesorios","item":"https:\/\/compuviper.mx\/tienda\/categoria-producto\/accesorios\/"},{"@type":"ListItem","position":4,"name":"Redes","item":"https:\/\/compuviper.mx\/tienda\/categoria-producto\/accesorios\/redes-accesorios\/"},{"@type":"ListItem","position":5,"name":"Tp Link Poe160s,tl-poe160s Inyector Poe Tp-link Poe160s 2 Puertos Gigabit Estandares Ieee802.3af\/at"}]},{"@type":"WebSite","@id":"https:\/\/compuviper.mx\/tienda\/#website","url":"https:\/\/compuviper.mx\/tienda\/","name":"Compuviper","description":"Proveedor de Computadoras, Laptops, Servidores, Monitores, Puntos de Venta, Teclados,   Impresoras, T\u00f3ner, C\u00e1maras de Seguridad y m\u00e1s en tu tienda en l\u00ednea","publisher":{"@id":"https:\/\/compuviper.mx\/tienda\/#organization"},"potentialAction":[{"@type":"SearchAction","target":{"@type":"EntryPoint","urlTemplate":"https:\/\/compuviper.mx\/tienda\/?s={search_term_string}"},"query-input":"required name=search_term_string"}],"inLanguage":"es-MX"},{"@type":"Organization","@id":"https:\/\/compuviper.mx\/tienda\/#organization","name":"Compuviper","url":"https:\/\/compuviper.mx\/tienda\/","logo":{"@type":"ImageObject","inLanguage":"es-MX","@id":"https:\/\/compuviper.mx\/tienda\/#\/schema\/logo\/image\/","url":"https:\/\/compuviper.mx\/tienda\/wp-content\/uploads\/2021\/08\/Logo-Compuviper-10.png","contentUrl":"https:\/\/compuviper.mx\/tienda\/wp-content\/uploads\/2021\/08\/Logo-Compuviper-10.png","width":1000,"height":500,"caption":"Compuviper"},"image":{"@id":"https:\/\/compuviper.mx\/tienda\/#\/schema\/logo\/image\/"},"sameAs":["https:\/\/www.facebook.com\/compuviper","https:\/\/www.youtube.com\/channel\/UCf73dERp9Y3cfOq7q8BhLjA?view_as=subscriber"]}]},"product_brand":"TP LINK","product_price_amount":"349","product_price_currency":"MXN","og_availability":"out of stock","product_availability":"out of stock","product_retailer_item_id":"PoE160S,TL-POE160S","product_condition":"new"},"_links":{"self":[{"href":"https:\/\/compuviper.mx\/tienda\/wp-json\/wp\/v2\/product\/157928"}],"collection":[{"href":"https:\/\/compuviper.mx\/tienda\/wp-json\/wp\/v2\/product"}],"about":[{"href":"https:\/\/compuviper.mx\/tienda\/wp-json\/wp\/v2\/types\/product"}],"replies":[{"embeddable":true,"href":"https:\/\/compuviper.mx\/tienda\/wp-json\/wp\/v2\/comments?post=157928"}],"wp:featuredmedia":[{"embeddable":true,"href":"https:\/\/compuviper.mx\/tienda\/wp-json\/wp\/v2\/media\/164040"}],"wp:attachment":[{"href":"https:\/\/compuviper.mx\/tienda\/wp-json\/wp\/v2\/media?parent=157928"}],"wp:term":[{"taxonomy":"product_cat","embeddable":true,"href":"https:\/\/compuviper.mx\/tienda\/wp-json\/wp\/v2\/product_cat?post=157928"},{"taxonomy":"product_tag","embeddable":true,"href":"https:\/\/compuviper.mx\/tienda\/wp-json\/wp\/v2\/product_tag?post=157928"}],"curies":[{"name":"wp","href":"https:\/\/api.w.org\/{rel}","templated":true}]}}