{"id":157178,"date":"2026-04-01T23:08:45","date_gmt":"2026-04-02T05:08:45","guid":{"rendered":"https:\/\/compuviper.mx\/tienda\/producto\/startech-com-st4300mini-hub-concentrador-portatil-usb-3-0-superspeed-de-4-puertos-de-5gbps-con-carga-rapida-hub-usb-3-1-gen-1-tipo-a-negro-mod\/"},"modified":"2026-04-01T23:08:45","modified_gmt":"2026-04-02T05:08:45","slug":"startech-com-st4300mini-hub-usb-3-0-de-4-puertos-concentrador-portatil-usb-3-0-superspeed-de-4-puertos-de-5gbps-con-carga-rapida-hub-usb-3-1-gen-1-tipo-a-negro-mod","status":"publish","type":"product","link":"https:\/\/compuviper.mx\/tienda\/producto\/startech-com-st4300mini-hub-usb-3-0-de-4-puertos-concentrador-portatil-usb-3-0-superspeed-de-4-puertos-de-5gbps-con-carga-rapida-hub-usb-3-1-gen-1-tipo-a-negro-mod\/","title":{"rendered":"Startech.com St4300mini Hub Usb 3.0 De 4 Puertos &#8211; Concentrador Portatil Usb 3.0 Superspeed De 4 Puertos De 5gbps Con Carga Rapida &#8211; Hub Usb 3.1 Gen 1 Tipo A &#8211; Negro &#8211;  Mod."},"content":{"rendered":"<table class=\"descripcion\">\n<tr>\n<td>Ancho del producto: 35.000 mm<\/td>\n<\/tr>\n<tr>\n<td>Peso del producto: 56.000 g<\/td>\n<\/tr>\n<tr>\n<td>Longitud del producto: 292.000 mm<\/td>\n<\/tr>\n<tr>\n<td>Puerto(s) de dispositivos usb-c: no<\/td>\n<\/tr>\n<tr>\n<td>Mtbf: 40.103 horas h<\/td>\n<\/tr>\n<tr>\n<td>Altura del producto: 15.000 mm<\/td>\n<\/tr>\n<tr>\n<td>Adaptador de corriente incluido: adaptador de alimentacion de ca incluido<\/td>\n<\/tr>\n<tr>\n<td>Tipo(s) de: 4 usb type-a (9 pines) usb 3.0 (5 gbps)<\/td>\n<\/tr>\n<tr>\n<td>Puerto(s) de carga rapida: si<\/td>\n<\/tr>\n<tr>\n<td>Tension de entrada: 100 &#8211; 240 ac<\/td>\n<\/tr>\n<tr>\n<td>Cantidad de puertos: 4<\/td>\n<\/tr>\n<tr>\n<td>Requerimientos del sistema y cables: puerto usb disponible<\/td>\n<\/tr>\n<tr>\n<td>Interfaz: usb 3.2 gen 1(5gbps)<\/td>\n<\/tr>\n<tr>\n<td>Factor de forma: compacto<\/td>\n<\/tr>\n<tr>\n<td>Tipo de bus: usb 3.2 gen 1(5gbps)<\/td>\n<\/tr>\n<tr>\n<td>Corriente de entrada: 0.6a a<\/td>\n<\/tr>\n<tr>\n<td>Id del conjunto de chips: via\/vli &#8211; vl813<\/td>\n<\/tr>\n<tr>\n<td>Tension de salida: 5 dc v<\/td>\n<\/tr>\n<tr>\n<td>Tasa de transferencia de datos maxima: 5 gbps<\/td>\n<\/tr>\n<tr>\n<td>Tipo de enchufe: m<\/td>\n<\/tr>\n<tr>\n<td>Tipo de gabinete: plastico<\/td>\n<\/tr>\n<tr>\n<td>Longitud del cable: 150 mm<\/td>\n<\/tr>\n<tr>\n<td>Conexion anfitrion usb-c: no<\/td>\n<\/tr>\n<tr>\n<td>Alimentacion de salida: 3.0a a<\/td>\n<\/tr>\n<tr>\n<td>Tipo y velocidad: usb 3.0 &#8211; 5 gbit\/s<\/td>\n<\/tr>\n<tr>\n<td>Polaridad central: positivo<\/td>\n<\/tr>\n<tr>\n<td>Color: negro<\/td>\n<\/tr>\n<\/table>\n","protected":false},"excerpt":{"rendered":"<p>Este hub de 4 puertos usb 3.0 convierte un unico puerto usb de su laptop en cuatro puertos usb-a y cuenta con un diseno compacto y alimentado por usb que lo hace perfecto para viajar. Para dispositivos que demandan energia adicional, el hub tambien viene con un adaptador de corriente externo.\u00a0con su diseno compacto y ligero, este concentrador usb de 4 puertos esta hecho para la movilidad. Puede meterlo facilmente en la mochila de su laptop cuando viaje, lo que facilita la ampliacion de sus opciones de conexion practicamente en cualquier lugar que necesite. Es perfecto para conectar dispositivos usb comunes, como un mouse, un teclado o una unidad flash, justo cuando los necesita. Puede instalar el versatil concentrador usb 3.0 practicamente en cualquier lugar, ya que ocupa un espacio minimo en el escritorio, y se adapta perfectamente a los entornos de hot-desk o byod.<\/p>\n","protected":false},"featured_media":164030,"comment_status":"open","ping_status":"open","template":"","meta":[],"product_cat":[1485,1497],"product_tag":[1590],"acf":[],"yoast_head":"<!-- This site is optimized with the Yoast SEO plugin v21.7 - https:\/\/yoast.com\/wordpress\/plugins\/seo\/ -->\n<title>[ Startech.com ] &#129351; St4300mini Hub Usb 3.0 De 4 Puertos - Concentrador Portatil Usb 3.0 Superspeed De 4 Puertos De 5gbps Con Carga Rapida - Hub Usb 3.1 Gen 1 Tipo A - Negro - Mod.<\/title>\n<meta name=\"description\" content=\"Compra St4300mini Hub Usb 3.0 De 4 Puertos - Concentrador Portatil Usb 3.0 Superspeed De 4 Puertos De 5gbps Con Carga Rapida - Hub Usb 3.1 Gen 1 Tipo A - Negro - Mod. + Env\u00edo a domicilio + Pago seguro + Garant\u00eda\" \/>\n<meta name=\"robots\" content=\"index, follow, max-snippet:-1, max-image-preview:large, max-video-preview:-1\" \/>\n<link rel=\"canonical\" href=\"https:\/\/compuviper.mx\/tienda\/producto\/startech-com-st4300mini-hub-usb-3-0-de-4-puertos-concentrador-portatil-usb-3-0-superspeed-de-4-puertos-de-5gbps-con-carga-rapida-hub-usb-3-1-gen-1-tipo-a-negro-mod\/\" \/>\n<meta property=\"og:locale\" content=\"es_MX\" \/>\n<meta property=\"og:type\" content=\"article\" \/>\n<meta property=\"og:title\" content=\"[ Startech.com ] &#129351; St4300mini Hub Usb 3.0 De 4 Puertos - Concentrador Portatil Usb 3.0 Superspeed De 4 Puertos De 5gbps Con Carga Rapida - Hub Usb 3.1 Gen 1 Tipo A - Negro - Mod.\" \/>\n<meta property=\"og:description\" content=\"Compra St4300mini Hub Usb 3.0 De 4 Puertos - Concentrador Portatil Usb 3.0 Superspeed De 4 Puertos De 5gbps Con Carga Rapida - Hub Usb 3.1 Gen 1 Tipo A - Negro - Mod. + Env\u00edo a domicilio + Pago seguro + Garant\u00eda\" \/>\n<meta property=\"og:url\" content=\"https:\/\/compuviper.mx\/tienda\/producto\/startech-com-st4300mini-hub-usb-3-0-de-4-puertos-concentrador-portatil-usb-3-0-superspeed-de-4-puertos-de-5gbps-con-carga-rapida-hub-usb-3-1-gen-1-tipo-a-negro-mod\/\" \/>\n<meta property=\"og:site_name\" content=\"Compuviper\" \/>\n<meta property=\"article:publisher\" content=\"https:\/\/www.facebook.com\/compuviper\" \/>\n<meta property=\"og:image\" content=\"https:\/\/compuviper.mx\/tienda\/wp-content\/uploads\/2023\/02\/Hub-concentrador-portatil-usb-3.0-superspeed-de-4-puertos-de-5gbps-con-carga-rapida-hub-usb-3.1-gen-1-tipo-a-negro-startech.com-mod.-st4300mini.jpg\" \/>\n\t<meta property=\"og:image:width\" content=\"200\" \/>\n\t<meta property=\"og:image:height\" content=\"200\" \/>\n\t<meta property=\"og:image:type\" content=\"image\/jpeg\" \/>\n<meta name=\"twitter:card\" content=\"summary_large_image\" \/>\n<meta name=\"twitter:label1\" content=\"Precio\" \/>\n\t<meta name=\"twitter:data1\" content=\"&#36;809 con IVA\" \/>\n\t<meta name=\"twitter:label2\" content=\"Availability\" \/>\n\t<meta name=\"twitter:data2\" content=\"Out of stock\" \/>\n<script type=\"application\/ld+json\" class=\"yoast-schema-graph\">{\"@context\":\"https:\/\/schema.org\",\"@graph\":[{\"@type\":\"WebPage\",\"@id\":\"https:\/\/compuviper.mx\/tienda\/producto\/startech-com-st4300mini-hub-usb-3-0-de-4-puertos-concentrador-portatil-usb-3-0-superspeed-de-4-puertos-de-5gbps-con-carga-rapida-hub-usb-3-1-gen-1-tipo-a-negro-mod\/\",\"url\":\"https:\/\/compuviper.mx\/tienda\/producto\/startech-com-st4300mini-hub-usb-3-0-de-4-puertos-concentrador-portatil-usb-3-0-superspeed-de-4-puertos-de-5gbps-con-carga-rapida-hub-usb-3-1-gen-1-tipo-a-negro-mod\/\",\"name\":\"[ Startech.com ] &#129351; St4300mini Hub Usb 3.0 De 4 Puertos - Concentrador Portatil Usb 3.0 Superspeed De 4 Puertos De 5gbps Con Carga Rapida - Hub Usb 3.1 Gen 1 Tipo A - Negro - Mod.\",\"isPartOf\":{\"@id\":\"https:\/\/compuviper.mx\/tienda\/#website\"},\"datePublished\":\"2026-04-02T05:08:45+00:00\",\"dateModified\":\"2026-04-02T05:08:45+00:00\",\"description\":\"Compra St4300mini Hub Usb 3.0 De 4 Puertos - Concentrador Portatil Usb 3.0 Superspeed De 4 Puertos De 5gbps Con Carga Rapida - Hub Usb 3.1 Gen 1 Tipo A - Negro - Mod. + Env\u00edo a domicilio + Pago seguro + Garant\u00eda\",\"breadcrumb\":{\"@id\":\"https:\/\/compuviper.mx\/tienda\/producto\/startech-com-st4300mini-hub-usb-3-0-de-4-puertos-concentrador-portatil-usb-3-0-superspeed-de-4-puertos-de-5gbps-con-carga-rapida-hub-usb-3-1-gen-1-tipo-a-negro-mod\/#breadcrumb\"},\"inLanguage\":\"es-MX\",\"potentialAction\":[{\"@type\":\"ReadAction\",\"target\":[\"https:\/\/compuviper.mx\/tienda\/producto\/startech-com-st4300mini-hub-usb-3-0-de-4-puertos-concentrador-portatil-usb-3-0-superspeed-de-4-puertos-de-5gbps-con-carga-rapida-hub-usb-3-1-gen-1-tipo-a-negro-mod\/\"]}]},{\"@type\":\"BreadcrumbList\",\"@id\":\"https:\/\/compuviper.mx\/tienda\/producto\/startech-com-st4300mini-hub-usb-3-0-de-4-puertos-concentrador-portatil-usb-3-0-superspeed-de-4-puertos-de-5gbps-con-carga-rapida-hub-usb-3-1-gen-1-tipo-a-negro-mod\/#breadcrumb\",\"itemListElement\":[{\"@type\":\"ListItem\",\"position\":1,\"name\":\"Inicio\",\"item\":\"https:\/\/compuviper.mx\/tienda\/\"},{\"@type\":\"ListItem\",\"position\":2,\"name\":\"Productos\",\"item\":\"https:\/\/compuviper.mx\/tienda\/productos\/\"},{\"@type\":\"ListItem\",\"position\":3,\"name\":\"Accesorios\",\"item\":\"https:\/\/compuviper.mx\/tienda\/categoria-producto\/accesorios\/\"},{\"@type\":\"ListItem\",\"position\":4,\"name\":\"Hub Usb\",\"item\":\"https:\/\/compuviper.mx\/tienda\/categoria-producto\/accesorios\/hub-usb\/\"},{\"@type\":\"ListItem\",\"position\":5,\"name\":\"Startech.com St4300mini Hub Usb 3.0 De 4 Puertos &#8211; Concentrador Portatil Usb 3.0 Superspeed De 4 Puertos De 5gbps Con Carga Rapida &#8211; Hub Usb 3.1 Gen 1 Tipo A &#8211; Negro &#8211; Mod.\"}]},{\"@type\":\"WebSite\",\"@id\":\"https:\/\/compuviper.mx\/tienda\/#website\",\"url\":\"https:\/\/compuviper.mx\/tienda\/\",\"name\":\"Compuviper\",\"description\":\"Proveedor de Computadoras, Laptops, Servidores, Monitores, Puntos de Venta, Teclados,   Impresoras, T\u00f3ner, C\u00e1maras de Seguridad y m\u00e1s en tu tienda en l\u00ednea\",\"publisher\":{\"@id\":\"https:\/\/compuviper.mx\/tienda\/#organization\"},\"potentialAction\":[{\"@type\":\"SearchAction\",\"target\":{\"@type\":\"EntryPoint\",\"urlTemplate\":\"https:\/\/compuviper.mx\/tienda\/?s={search_term_string}\"},\"query-input\":\"required name=search_term_string\"}],\"inLanguage\":\"es-MX\"},{\"@type\":\"Organization\",\"@id\":\"https:\/\/compuviper.mx\/tienda\/#organization\",\"name\":\"Compuviper\",\"url\":\"https:\/\/compuviper.mx\/tienda\/\",\"logo\":{\"@type\":\"ImageObject\",\"inLanguage\":\"es-MX\",\"@id\":\"https:\/\/compuviper.mx\/tienda\/#\/schema\/logo\/image\/\",\"url\":\"https:\/\/compuviper.mx\/tienda\/wp-content\/uploads\/2021\/08\/Logo-Compuviper-10.png\",\"contentUrl\":\"https:\/\/compuviper.mx\/tienda\/wp-content\/uploads\/2021\/08\/Logo-Compuviper-10.png\",\"width\":1000,\"height\":500,\"caption\":\"Compuviper\"},\"image\":{\"@id\":\"https:\/\/compuviper.mx\/tienda\/#\/schema\/logo\/image\/\"},\"sameAs\":[\"https:\/\/www.facebook.com\/compuviper\",\"https:\/\/www.youtube.com\/channel\/UCf73dERp9Y3cfOq7q8BhLjA?view_as=subscriber\"]}]}<\/script>\n<meta property=\"product:brand\" content=\"STARTECH.COM\" \/>\n<meta property=\"product:price:amount\" content=\"809\" \/>\n<meta property=\"product:price:currency\" content=\"MXN\" \/>\n<meta property=\"og:availability\" content=\"out of stock\" \/>\n<meta property=\"product:availability\" content=\"out of stock\" \/>\n<meta property=\"product:retailer_item_id\" content=\"ST4300MINI\" \/>\n<meta property=\"product:condition\" content=\"new\" \/>\n<!-- \/ Yoast SEO plugin. -->","yoast_head_json":{"title":"[ Startech.com ] &#129351; St4300mini Hub Usb 3.0 De 4 Puertos - Concentrador Portatil Usb 3.0 Superspeed De 4 Puertos De 5gbps Con Carga Rapida - Hub Usb 3.1 Gen 1 Tipo A - Negro - Mod.","description":"Compra St4300mini Hub Usb 3.0 De 4 Puertos - Concentrador Portatil Usb 3.0 Superspeed De 4 Puertos De 5gbps Con Carga Rapida - Hub Usb 3.1 Gen 1 Tipo A - Negro - Mod. + Env\u00edo a domicilio + Pago seguro + Garant\u00eda","robots":{"index":"index","follow":"follow","max-snippet":"max-snippet:-1","max-image-preview":"max-image-preview:large","max-video-preview":"max-video-preview:-1"},"canonical":"https:\/\/compuviper.mx\/tienda\/producto\/startech-com-st4300mini-hub-usb-3-0-de-4-puertos-concentrador-portatil-usb-3-0-superspeed-de-4-puertos-de-5gbps-con-carga-rapida-hub-usb-3-1-gen-1-tipo-a-negro-mod\/","og_locale":"es_MX","og_type":"article","og_title":"[ Startech.com ] &#129351; St4300mini Hub Usb 3.0 De 4 Puertos - Concentrador Portatil Usb 3.0 Superspeed De 4 Puertos De 5gbps Con Carga Rapida - Hub Usb 3.1 Gen 1 Tipo A - Negro - Mod.","og_description":"Compra St4300mini Hub Usb 3.0 De 4 Puertos - Concentrador Portatil Usb 3.0 Superspeed De 4 Puertos De 5gbps Con Carga Rapida - Hub Usb 3.1 Gen 1 Tipo A - Negro - Mod. + Env\u00edo a domicilio + Pago seguro + Garant\u00eda","og_url":"https:\/\/compuviper.mx\/tienda\/producto\/startech-com-st4300mini-hub-usb-3-0-de-4-puertos-concentrador-portatil-usb-3-0-superspeed-de-4-puertos-de-5gbps-con-carga-rapida-hub-usb-3-1-gen-1-tipo-a-negro-mod\/","og_site_name":"Compuviper","article_publisher":"https:\/\/www.facebook.com\/compuviper","og_image":[{"width":200,"height":200,"url":"https:\/\/compuviper.mx\/tienda\/wp-content\/uploads\/2023\/02\/Hub-concentrador-portatil-usb-3.0-superspeed-de-4-puertos-de-5gbps-con-carga-rapida-hub-usb-3.1-gen-1-tipo-a-negro-startech.com-mod.-st4300mini.jpg","type":"image\/jpeg"}],"twitter_card":"summary_large_image","twitter_misc":{"Precio":"&#36;809 con IVA","Availability":"Out of stock"},"schema":{"@context":"https:\/\/schema.org","@graph":[{"@type":"WebPage","@id":"https:\/\/compuviper.mx\/tienda\/producto\/startech-com-st4300mini-hub-usb-3-0-de-4-puertos-concentrador-portatil-usb-3-0-superspeed-de-4-puertos-de-5gbps-con-carga-rapida-hub-usb-3-1-gen-1-tipo-a-negro-mod\/","url":"https:\/\/compuviper.mx\/tienda\/producto\/startech-com-st4300mini-hub-usb-3-0-de-4-puertos-concentrador-portatil-usb-3-0-superspeed-de-4-puertos-de-5gbps-con-carga-rapida-hub-usb-3-1-gen-1-tipo-a-negro-mod\/","name":"[ Startech.com ] &#129351; St4300mini Hub Usb 3.0 De 4 Puertos - Concentrador Portatil Usb 3.0 Superspeed De 4 Puertos De 5gbps Con Carga Rapida - Hub Usb 3.1 Gen 1 Tipo A - Negro - Mod.","isPartOf":{"@id":"https:\/\/compuviper.mx\/tienda\/#website"},"datePublished":"2026-04-02T05:08:45+00:00","dateModified":"2026-04-02T05:08:45+00:00","description":"Compra St4300mini Hub Usb 3.0 De 4 Puertos - Concentrador Portatil Usb 3.0 Superspeed De 4 Puertos De 5gbps Con Carga Rapida - Hub Usb 3.1 Gen 1 Tipo A - Negro - Mod. + Env\u00edo a domicilio + Pago seguro + Garant\u00eda","breadcrumb":{"@id":"https:\/\/compuviper.mx\/tienda\/producto\/startech-com-st4300mini-hub-usb-3-0-de-4-puertos-concentrador-portatil-usb-3-0-superspeed-de-4-puertos-de-5gbps-con-carga-rapida-hub-usb-3-1-gen-1-tipo-a-negro-mod\/#breadcrumb"},"inLanguage":"es-MX","potentialAction":[{"@type":"ReadAction","target":["https:\/\/compuviper.mx\/tienda\/producto\/startech-com-st4300mini-hub-usb-3-0-de-4-puertos-concentrador-portatil-usb-3-0-superspeed-de-4-puertos-de-5gbps-con-carga-rapida-hub-usb-3-1-gen-1-tipo-a-negro-mod\/"]}]},{"@type":"BreadcrumbList","@id":"https:\/\/compuviper.mx\/tienda\/producto\/startech-com-st4300mini-hub-usb-3-0-de-4-puertos-concentrador-portatil-usb-3-0-superspeed-de-4-puertos-de-5gbps-con-carga-rapida-hub-usb-3-1-gen-1-tipo-a-negro-mod\/#breadcrumb","itemListElement":[{"@type":"ListItem","position":1,"name":"Inicio","item":"https:\/\/compuviper.mx\/tienda\/"},{"@type":"ListItem","position":2,"name":"Productos","item":"https:\/\/compuviper.mx\/tienda\/productos\/"},{"@type":"ListItem","position":3,"name":"Accesorios","item":"https:\/\/compuviper.mx\/tienda\/categoria-producto\/accesorios\/"},{"@type":"ListItem","position":4,"name":"Hub Usb","item":"https:\/\/compuviper.mx\/tienda\/categoria-producto\/accesorios\/hub-usb\/"},{"@type":"ListItem","position":5,"name":"Startech.com St4300mini Hub Usb 3.0 De 4 Puertos &#8211; Concentrador Portatil Usb 3.0 Superspeed De 4 Puertos De 5gbps Con Carga Rapida &#8211; Hub Usb 3.1 Gen 1 Tipo A &#8211; Negro &#8211; Mod."}]},{"@type":"WebSite","@id":"https:\/\/compuviper.mx\/tienda\/#website","url":"https:\/\/compuviper.mx\/tienda\/","name":"Compuviper","description":"Proveedor de Computadoras, Laptops, Servidores, Monitores, Puntos de Venta, Teclados,   Impresoras, T\u00f3ner, C\u00e1maras de Seguridad y m\u00e1s en tu tienda en l\u00ednea","publisher":{"@id":"https:\/\/compuviper.mx\/tienda\/#organization"},"potentialAction":[{"@type":"SearchAction","target":{"@type":"EntryPoint","urlTemplate":"https:\/\/compuviper.mx\/tienda\/?s={search_term_string}"},"query-input":"required name=search_term_string"}],"inLanguage":"es-MX"},{"@type":"Organization","@id":"https:\/\/compuviper.mx\/tienda\/#organization","name":"Compuviper","url":"https:\/\/compuviper.mx\/tienda\/","logo":{"@type":"ImageObject","inLanguage":"es-MX","@id":"https:\/\/compuviper.mx\/tienda\/#\/schema\/logo\/image\/","url":"https:\/\/compuviper.mx\/tienda\/wp-content\/uploads\/2021\/08\/Logo-Compuviper-10.png","contentUrl":"https:\/\/compuviper.mx\/tienda\/wp-content\/uploads\/2021\/08\/Logo-Compuviper-10.png","width":1000,"height":500,"caption":"Compuviper"},"image":{"@id":"https:\/\/compuviper.mx\/tienda\/#\/schema\/logo\/image\/"},"sameAs":["https:\/\/www.facebook.com\/compuviper","https:\/\/www.youtube.com\/channel\/UCf73dERp9Y3cfOq7q8BhLjA?view_as=subscriber"]}]},"product_brand":"STARTECH.COM","product_price_amount":"809","product_price_currency":"MXN","og_availability":"out of stock","product_availability":"out of stock","product_retailer_item_id":"ST4300MINI","product_condition":"new"},"_links":{"self":[{"href":"https:\/\/compuviper.mx\/tienda\/wp-json\/wp\/v2\/product\/157178"}],"collection":[{"href":"https:\/\/compuviper.mx\/tienda\/wp-json\/wp\/v2\/product"}],"about":[{"href":"https:\/\/compuviper.mx\/tienda\/wp-json\/wp\/v2\/types\/product"}],"replies":[{"embeddable":true,"href":"https:\/\/compuviper.mx\/tienda\/wp-json\/wp\/v2\/comments?post=157178"}],"wp:featuredmedia":[{"embeddable":true,"href":"https:\/\/compuviper.mx\/tienda\/wp-json\/wp\/v2\/media\/164030"}],"wp:attachment":[{"href":"https:\/\/compuviper.mx\/tienda\/wp-json\/wp\/v2\/media?parent=157178"}],"wp:term":[{"taxonomy":"product_cat","embeddable":true,"href":"https:\/\/compuviper.mx\/tienda\/wp-json\/wp\/v2\/product_cat?post=157178"},{"taxonomy":"product_tag","embeddable":true,"href":"https:\/\/compuviper.mx\/tienda\/wp-json\/wp\/v2\/product_tag?post=157178"}],"curies":[{"name":"wp","href":"https:\/\/api.w.org\/{rel}","templated":true}]}}