{"id":157175,"date":"2026-04-01T23:08:44","date_gmt":"2026-04-02T05:08:44","guid":{"rendered":"https:\/\/compuviper.mx\/tienda\/producto\/startech-com-usb2vgae2-adaptador-de-video-externo-usb-a-vga-tarjeta-de-video-externa-cable-1440x900-mod\/"},"modified":"2026-04-01T23:08:44","modified_gmt":"2026-04-02T05:08:44","slug":"startech-com-usb2vgae2-adaptador-de-video-externo-usb-a-vga-tarjeta-de-video-externa-cable-1440x900-mod","status":"publish","type":"product","link":"https:\/\/compuviper.mx\/tienda\/producto\/startech-com-usb2vgae2-adaptador-de-video-externo-usb-a-vga-tarjeta-de-video-externa-cable-1440x900-mod\/","title":{"rendered":"Startech.com Usb2vgae2 Adaptador De Video Externo Usb A Vga -tarjeta De Video Externa Cable &#8211; 1440&#215;900 &#8211;  Mod."},"content":{"rendered":"<table class=\"descripcion\">\n<tr>\n<td>Entrada a\/v: usb 2.0<\/td>\n<\/tr>\n<tr>\n<td>Conector b: 1 vga (15 pines, d-sub de alta densidad)<\/td>\n<\/tr>\n<tr>\n<td>Salida a\/v: vga<\/td>\n<\/tr>\n<tr>\n<td>Compatibilidad os: windows\u00ae 11, 10 (32\/64)<\/td>\n<\/tr>\n<tr>\n<td>Windows 8 \/ 8.1 (32\/64)<\/td>\n<\/tr>\n<tr>\n<td>Windows 7(32\/64)<\/td>\n<\/tr>\n<tr>\n<td>Windows vista (32\/64)<\/td>\n<\/tr>\n<tr>\n<td>Windows xp (32\/64)<\/td>\n<\/tr>\n<tr>\n<td>Conector a: 1 usb type-a (4 pines) usb 2.0<\/td>\n<\/tr>\n<tr>\n<td>Nota: conecte un maximo de cinco adaptadores de video usb a un mismo ordenador. la compatibilidad con varios adaptadores varia segun los recursos de su sistema<\/td>\n<\/tr>\n<tr>\n<td>Longitud del cable: 457.2 mm<\/td>\n<\/tr>\n<tr>\n<td>Usb 3.0 pass through: no<\/td>\n<\/tr>\n<tr>\n<td>Memoria: 16mb<\/td>\n<\/tr>\n<tr>\n<td>Id del conjunto de chips: trigger &#8211; trigger 1+<\/td>\n<\/tr>\n<tr>\n<td>Resoluciones  admitidas: standard:<\/td>\n<\/tr>\n<tr>\n<td>1600&#215;1200, 1400&#215;1050, 1280&#215;1024, 1280&#215;960, 1152&#215;864, 1024&#215;768, 800&#215;600<\/td>\n<\/tr>\n<tr>\n<td>Widescreen:<\/td>\n<\/tr>\n<tr>\n<td>1680&#215;1050, 1440&#215;900, 1280&#215;800, 1280&#215;768, 1152&#215;864, 800&#215;600<\/td>\n<\/tr>\n<tr>\n<td>Color: gris<\/td>\n<\/tr>\n<tr>\n<td>Altura del producto: 50.000 mm<\/td>\n<\/tr>\n<tr>\n<td>Longitud del producto: 75.000 mm<\/td>\n<\/tr>\n<tr>\n<td>Ancho del producto: 42.000 mm<\/td>\n<\/tr>\n<tr>\n<td>Peso del producto: 80.000 g<\/td>\n<\/tr>\n<tr>\n<td>Requerimientos del sistema y cables: procesador de sistema: 1,2ghz   memoria del sistema: 512mb<\/td>\n<\/tr>\n<\/table>\n","protected":false},"excerpt":{"rendered":"<p>El adaptador de video externo usb a vga, usb2vgae2 es la solucion ideal para agregar multiples monitores vga para aplicaciones de oficina y navegacion por internet. El adaptador de video usb ofrece un factor de forma pequeno y permite usar un puerto usb 2.0 con un puerto vga. Una opcion eficaz y economica de monitores multiples o pantalla doble que se puede utilizar como tarjeta grafica externa tanto en aplicaciones de laptops\u00a0como de computadoras. El adaptador de video usb se puede utilizar con hasta cuatro adaptadores de video usb usb2vgae2 adicionales (cinco en total), obteniendo asi multiples conexiones vga para extender o clonar la imagen del escritorio actual &#8211; todo esto sin necesidad de abrir la computadora para anadir tarjetas de video extras<\/p>\n","protected":false},"featured_media":164028,"comment_status":"open","ping_status":"open","template":"","meta":[],"product_cat":[1485,1492],"product_tag":[1590],"acf":[],"yoast_head":"<!-- This site is optimized with the Yoast SEO plugin v21.7 - https:\/\/yoast.com\/wordpress\/plugins\/seo\/ -->\n<title>[ Startech.com ] &#129351; Usb2vgae2 Adaptador De Video Externo Usb A Vga -tarjeta De Video Externa Cable - 1440x900 - Mod.<\/title>\n<meta name=\"description\" content=\"Compra Usb2vgae2 Adaptador De Video Externo Usb A Vga -tarjeta De Video Externa Cable - 1440x900 - Mod. + Env\u00edo a domicilio + Pago seguro + Garant\u00eda\" \/>\n<meta name=\"robots\" content=\"index, follow, max-snippet:-1, max-image-preview:large, max-video-preview:-1\" \/>\n<link rel=\"canonical\" href=\"https:\/\/compuviper.mx\/tienda\/producto\/startech-com-usb2vgae2-adaptador-de-video-externo-usb-a-vga-tarjeta-de-video-externa-cable-1440x900-mod\/\" \/>\n<meta property=\"og:locale\" content=\"es_MX\" \/>\n<meta property=\"og:type\" content=\"article\" \/>\n<meta property=\"og:title\" content=\"[ Startech.com ] &#129351; Usb2vgae2 Adaptador De Video Externo Usb A Vga -tarjeta De Video Externa Cable - 1440x900 - Mod.\" \/>\n<meta property=\"og:description\" content=\"Compra Usb2vgae2 Adaptador De Video Externo Usb A Vga -tarjeta De Video Externa Cable - 1440x900 - Mod. + Env\u00edo a domicilio + Pago seguro + Garant\u00eda\" \/>\n<meta property=\"og:url\" content=\"https:\/\/compuviper.mx\/tienda\/producto\/startech-com-usb2vgae2-adaptador-de-video-externo-usb-a-vga-tarjeta-de-video-externa-cable-1440x900-mod\/\" \/>\n<meta property=\"og:site_name\" content=\"Compuviper\" \/>\n<meta property=\"article:publisher\" content=\"https:\/\/www.facebook.com\/compuviper\" \/>\n<meta property=\"og:image\" content=\"https:\/\/compuviper.mx\/tienda\/wp-content\/uploads\/2023\/02\/Adaptador-de-video-externo-usb-a-vga-tarjeta-de-video-externa-cable-1440x900-startech.com-mod.-usb2vgae2.jpg\" \/>\n\t<meta property=\"og:image:width\" content=\"200\" \/>\n\t<meta property=\"og:image:height\" content=\"200\" \/>\n\t<meta property=\"og:image:type\" content=\"image\/jpeg\" \/>\n<meta name=\"twitter:card\" content=\"summary_large_image\" \/>\n<meta name=\"twitter:label1\" content=\"Precio\" \/>\n\t<meta name=\"twitter:data1\" content=\"&#36;432 con IVA\" \/>\n\t<meta name=\"twitter:label2\" content=\"Availability\" \/>\n\t<meta name=\"twitter:data2\" content=\"Out of stock\" \/>\n<script type=\"application\/ld+json\" class=\"yoast-schema-graph\">{\"@context\":\"https:\/\/schema.org\",\"@graph\":[{\"@type\":\"WebPage\",\"@id\":\"https:\/\/compuviper.mx\/tienda\/producto\/startech-com-usb2vgae2-adaptador-de-video-externo-usb-a-vga-tarjeta-de-video-externa-cable-1440x900-mod\/\",\"url\":\"https:\/\/compuviper.mx\/tienda\/producto\/startech-com-usb2vgae2-adaptador-de-video-externo-usb-a-vga-tarjeta-de-video-externa-cable-1440x900-mod\/\",\"name\":\"[ Startech.com ] &#129351; Usb2vgae2 Adaptador De Video Externo Usb A Vga -tarjeta De Video Externa Cable - 1440x900 - Mod.\",\"isPartOf\":{\"@id\":\"https:\/\/compuviper.mx\/tienda\/#website\"},\"datePublished\":\"2026-04-02T05:08:44+00:00\",\"dateModified\":\"2026-04-02T05:08:44+00:00\",\"description\":\"Compra Usb2vgae2 Adaptador De Video Externo Usb A Vga -tarjeta De Video Externa Cable - 1440x900 - Mod. + Env\u00edo a domicilio + Pago seguro + Garant\u00eda\",\"breadcrumb\":{\"@id\":\"https:\/\/compuviper.mx\/tienda\/producto\/startech-com-usb2vgae2-adaptador-de-video-externo-usb-a-vga-tarjeta-de-video-externa-cable-1440x900-mod\/#breadcrumb\"},\"inLanguage\":\"es-MX\",\"potentialAction\":[{\"@type\":\"ReadAction\",\"target\":[\"https:\/\/compuviper.mx\/tienda\/producto\/startech-com-usb2vgae2-adaptador-de-video-externo-usb-a-vga-tarjeta-de-video-externa-cable-1440x900-mod\/\"]}]},{\"@type\":\"BreadcrumbList\",\"@id\":\"https:\/\/compuviper.mx\/tienda\/producto\/startech-com-usb2vgae2-adaptador-de-video-externo-usb-a-vga-tarjeta-de-video-externa-cable-1440x900-mod\/#breadcrumb\",\"itemListElement\":[{\"@type\":\"ListItem\",\"position\":1,\"name\":\"Inicio\",\"item\":\"https:\/\/compuviper.mx\/tienda\/\"},{\"@type\":\"ListItem\",\"position\":2,\"name\":\"Productos\",\"item\":\"https:\/\/compuviper.mx\/tienda\/productos\/\"},{\"@type\":\"ListItem\",\"position\":3,\"name\":\"Accesorios\",\"item\":\"https:\/\/compuviper.mx\/tienda\/categoria-producto\/accesorios\/\"},{\"@type\":\"ListItem\",\"position\":4,\"name\":\"Adaptadores\",\"item\":\"https:\/\/compuviper.mx\/tienda\/categoria-producto\/accesorios\/adaptadores\/\"},{\"@type\":\"ListItem\",\"position\":5,\"name\":\"Startech.com Usb2vgae2 Adaptador De Video Externo Usb A Vga -tarjeta De Video Externa Cable &#8211; 1440&#215;900 &#8211; Mod.\"}]},{\"@type\":\"WebSite\",\"@id\":\"https:\/\/compuviper.mx\/tienda\/#website\",\"url\":\"https:\/\/compuviper.mx\/tienda\/\",\"name\":\"Compuviper\",\"description\":\"Proveedor de Computadoras, Laptops, Servidores, Monitores, Puntos de Venta, Teclados,   Impresoras, T\u00f3ner, C\u00e1maras de Seguridad y m\u00e1s en tu tienda en l\u00ednea\",\"publisher\":{\"@id\":\"https:\/\/compuviper.mx\/tienda\/#organization\"},\"potentialAction\":[{\"@type\":\"SearchAction\",\"target\":{\"@type\":\"EntryPoint\",\"urlTemplate\":\"https:\/\/compuviper.mx\/tienda\/?s={search_term_string}\"},\"query-input\":\"required name=search_term_string\"}],\"inLanguage\":\"es-MX\"},{\"@type\":\"Organization\",\"@id\":\"https:\/\/compuviper.mx\/tienda\/#organization\",\"name\":\"Compuviper\",\"url\":\"https:\/\/compuviper.mx\/tienda\/\",\"logo\":{\"@type\":\"ImageObject\",\"inLanguage\":\"es-MX\",\"@id\":\"https:\/\/compuviper.mx\/tienda\/#\/schema\/logo\/image\/\",\"url\":\"https:\/\/compuviper.mx\/tienda\/wp-content\/uploads\/2021\/08\/Logo-Compuviper-10.png\",\"contentUrl\":\"https:\/\/compuviper.mx\/tienda\/wp-content\/uploads\/2021\/08\/Logo-Compuviper-10.png\",\"width\":1000,\"height\":500,\"caption\":\"Compuviper\"},\"image\":{\"@id\":\"https:\/\/compuviper.mx\/tienda\/#\/schema\/logo\/image\/\"},\"sameAs\":[\"https:\/\/www.facebook.com\/compuviper\",\"https:\/\/www.youtube.com\/channel\/UCf73dERp9Y3cfOq7q8BhLjA?view_as=subscriber\"]}]}<\/script>\n<meta property=\"product:brand\" content=\"STARTECH.COM\" \/>\n<meta property=\"product:price:amount\" content=\"432\" \/>\n<meta property=\"product:price:currency\" content=\"MXN\" \/>\n<meta property=\"og:availability\" content=\"out of stock\" \/>\n<meta property=\"product:availability\" content=\"out of stock\" \/>\n<meta property=\"product:retailer_item_id\" content=\"USB2VGAE2\" \/>\n<meta property=\"product:condition\" content=\"new\" \/>\n<!-- \/ Yoast SEO plugin. -->","yoast_head_json":{"title":"[ Startech.com ] &#129351; Usb2vgae2 Adaptador De Video Externo Usb A Vga -tarjeta De Video Externa Cable - 1440x900 - Mod.","description":"Compra Usb2vgae2 Adaptador De Video Externo Usb A Vga -tarjeta De Video Externa Cable - 1440x900 - Mod. + Env\u00edo a domicilio + Pago seguro + Garant\u00eda","robots":{"index":"index","follow":"follow","max-snippet":"max-snippet:-1","max-image-preview":"max-image-preview:large","max-video-preview":"max-video-preview:-1"},"canonical":"https:\/\/compuviper.mx\/tienda\/producto\/startech-com-usb2vgae2-adaptador-de-video-externo-usb-a-vga-tarjeta-de-video-externa-cable-1440x900-mod\/","og_locale":"es_MX","og_type":"article","og_title":"[ Startech.com ] &#129351; Usb2vgae2 Adaptador De Video Externo Usb A Vga -tarjeta De Video Externa Cable - 1440x900 - Mod.","og_description":"Compra Usb2vgae2 Adaptador De Video Externo Usb A Vga -tarjeta De Video Externa Cable - 1440x900 - Mod. + Env\u00edo a domicilio + Pago seguro + Garant\u00eda","og_url":"https:\/\/compuviper.mx\/tienda\/producto\/startech-com-usb2vgae2-adaptador-de-video-externo-usb-a-vga-tarjeta-de-video-externa-cable-1440x900-mod\/","og_site_name":"Compuviper","article_publisher":"https:\/\/www.facebook.com\/compuviper","og_image":[{"width":200,"height":200,"url":"https:\/\/compuviper.mx\/tienda\/wp-content\/uploads\/2023\/02\/Adaptador-de-video-externo-usb-a-vga-tarjeta-de-video-externa-cable-1440x900-startech.com-mod.-usb2vgae2.jpg","type":"image\/jpeg"}],"twitter_card":"summary_large_image","twitter_misc":{"Precio":"&#36;432 con IVA","Availability":"Out of stock"},"schema":{"@context":"https:\/\/schema.org","@graph":[{"@type":"WebPage","@id":"https:\/\/compuviper.mx\/tienda\/producto\/startech-com-usb2vgae2-adaptador-de-video-externo-usb-a-vga-tarjeta-de-video-externa-cable-1440x900-mod\/","url":"https:\/\/compuviper.mx\/tienda\/producto\/startech-com-usb2vgae2-adaptador-de-video-externo-usb-a-vga-tarjeta-de-video-externa-cable-1440x900-mod\/","name":"[ Startech.com ] &#129351; Usb2vgae2 Adaptador De Video Externo Usb A Vga -tarjeta De Video Externa Cable - 1440x900 - Mod.","isPartOf":{"@id":"https:\/\/compuviper.mx\/tienda\/#website"},"datePublished":"2026-04-02T05:08:44+00:00","dateModified":"2026-04-02T05:08:44+00:00","description":"Compra Usb2vgae2 Adaptador De Video Externo Usb A Vga -tarjeta De Video Externa Cable - 1440x900 - Mod. + Env\u00edo a domicilio + Pago seguro + Garant\u00eda","breadcrumb":{"@id":"https:\/\/compuviper.mx\/tienda\/producto\/startech-com-usb2vgae2-adaptador-de-video-externo-usb-a-vga-tarjeta-de-video-externa-cable-1440x900-mod\/#breadcrumb"},"inLanguage":"es-MX","potentialAction":[{"@type":"ReadAction","target":["https:\/\/compuviper.mx\/tienda\/producto\/startech-com-usb2vgae2-adaptador-de-video-externo-usb-a-vga-tarjeta-de-video-externa-cable-1440x900-mod\/"]}]},{"@type":"BreadcrumbList","@id":"https:\/\/compuviper.mx\/tienda\/producto\/startech-com-usb2vgae2-adaptador-de-video-externo-usb-a-vga-tarjeta-de-video-externa-cable-1440x900-mod\/#breadcrumb","itemListElement":[{"@type":"ListItem","position":1,"name":"Inicio","item":"https:\/\/compuviper.mx\/tienda\/"},{"@type":"ListItem","position":2,"name":"Productos","item":"https:\/\/compuviper.mx\/tienda\/productos\/"},{"@type":"ListItem","position":3,"name":"Accesorios","item":"https:\/\/compuviper.mx\/tienda\/categoria-producto\/accesorios\/"},{"@type":"ListItem","position":4,"name":"Adaptadores","item":"https:\/\/compuviper.mx\/tienda\/categoria-producto\/accesorios\/adaptadores\/"},{"@type":"ListItem","position":5,"name":"Startech.com Usb2vgae2 Adaptador De Video Externo Usb A Vga -tarjeta De Video Externa Cable &#8211; 1440&#215;900 &#8211; Mod."}]},{"@type":"WebSite","@id":"https:\/\/compuviper.mx\/tienda\/#website","url":"https:\/\/compuviper.mx\/tienda\/","name":"Compuviper","description":"Proveedor de Computadoras, Laptops, Servidores, Monitores, Puntos de Venta, Teclados,   Impresoras, T\u00f3ner, C\u00e1maras de Seguridad y m\u00e1s en tu tienda en l\u00ednea","publisher":{"@id":"https:\/\/compuviper.mx\/tienda\/#organization"},"potentialAction":[{"@type":"SearchAction","target":{"@type":"EntryPoint","urlTemplate":"https:\/\/compuviper.mx\/tienda\/?s={search_term_string}"},"query-input":"required name=search_term_string"}],"inLanguage":"es-MX"},{"@type":"Organization","@id":"https:\/\/compuviper.mx\/tienda\/#organization","name":"Compuviper","url":"https:\/\/compuviper.mx\/tienda\/","logo":{"@type":"ImageObject","inLanguage":"es-MX","@id":"https:\/\/compuviper.mx\/tienda\/#\/schema\/logo\/image\/","url":"https:\/\/compuviper.mx\/tienda\/wp-content\/uploads\/2021\/08\/Logo-Compuviper-10.png","contentUrl":"https:\/\/compuviper.mx\/tienda\/wp-content\/uploads\/2021\/08\/Logo-Compuviper-10.png","width":1000,"height":500,"caption":"Compuviper"},"image":{"@id":"https:\/\/compuviper.mx\/tienda\/#\/schema\/logo\/image\/"},"sameAs":["https:\/\/www.facebook.com\/compuviper","https:\/\/www.youtube.com\/channel\/UCf73dERp9Y3cfOq7q8BhLjA?view_as=subscriber"]}]},"product_brand":"STARTECH.COM","product_price_amount":"432","product_price_currency":"MXN","og_availability":"out of stock","product_availability":"out of stock","product_retailer_item_id":"USB2VGAE2","product_condition":"new"},"_links":{"self":[{"href":"https:\/\/compuviper.mx\/tienda\/wp-json\/wp\/v2\/product\/157175"}],"collection":[{"href":"https:\/\/compuviper.mx\/tienda\/wp-json\/wp\/v2\/product"}],"about":[{"href":"https:\/\/compuviper.mx\/tienda\/wp-json\/wp\/v2\/types\/product"}],"replies":[{"embeddable":true,"href":"https:\/\/compuviper.mx\/tienda\/wp-json\/wp\/v2\/comments?post=157175"}],"wp:featuredmedia":[{"embeddable":true,"href":"https:\/\/compuviper.mx\/tienda\/wp-json\/wp\/v2\/media\/164028"}],"wp:attachment":[{"href":"https:\/\/compuviper.mx\/tienda\/wp-json\/wp\/v2\/media?parent=157175"}],"wp:term":[{"taxonomy":"product_cat","embeddable":true,"href":"https:\/\/compuviper.mx\/tienda\/wp-json\/wp\/v2\/product_cat?post=157175"},{"taxonomy":"product_tag","embeddable":true,"href":"https:\/\/compuviper.mx\/tienda\/wp-json\/wp\/v2\/product_tag?post=157175"}],"curies":[{"name":"wp","href":"https:\/\/api.w.org\/{rel}","templated":true}]}}